{"id":63395,"date":"2020-06-16T09:37:43","date_gmt":"2020-06-16T07:37:43","guid":{"rendered":"https:\/\/www.babidibulibros.com\/nuestra-feliz-historia\/"},"modified":"2025-01-17T10:05:32","modified_gmt":"2025-01-17T09:05:32","slug":"la-nostra-felic-historia","status":"publish","type":"page","link":"https:\/\/www.babidibulibros.com\/ca\/la-nostra-felic-historia\/","title":{"rendered":"La nostra feli\u00e7 hist\u00f2ria"},"content":{"rendered":"\n<h2 class=\"wp-block-heading\">Sabem com s\u00f3n de dif\u00edcils els inicis<\/h2>\n\n\n\n<p>Desde el principio nos llegaban autores sin experiencia con su primer libro y nos dimos cuenta de que en el mercado editorial&nbsp;<strong>no hi havia cap segell<\/strong> que s&#8217;adapt\u00e9s a les necessitats espec\u00edfiques que t\u00e9 un autor novell, como ara <strong>un tracte personalitzat<\/strong>&nbsp;i molt&nbsp;<strong>proper<\/strong>; ja que quan un comen\u00e7a en este&nbsp;<em>m\u00f3n&nbsp;<\/em>no sap per on comen\u00e7ar, qu\u00e8 li conv\u00e9 m\u00e9s\u2026 i&nbsp;<strong>una decisi\u00f3 mal presa, <\/strong>o presa a la lleugera<strong>, marca la difer\u00e8ncia entre que el teu llibre tingui \u00e8xit o no<\/strong>.<\/p>\n\n\n\n<figure class=\"wp-block-image size-full\"><img loading=\"lazy\" decoding=\"async\" width=\"1950\" height=\"1343\" src=\"https:\/\/www.babidibulibros.com\/wp-content\/uploads\/2024\/10\/2.-httpswww.babidibulibros.comnuestra-feliz-historia__1.png\" alt=\"\" class=\"wp-image-78762\" srcset=\"https:\/\/www.babidibulibros.com\/wp-content\/uploads\/2024\/10\/2.-httpswww.babidibulibros.comnuestra-feliz-historia__1.png 1950w, https:\/\/www.babidibulibros.com\/wp-content\/uploads\/2024\/10\/2.-httpswww.babidibulibros.comnuestra-feliz-historia__1-436x300.png 436w, https:\/\/www.babidibulibros.com\/wp-content\/uploads\/2024\/10\/2.-httpswww.babidibulibros.comnuestra-feliz-historia__1-1110x764.png 1110w, https:\/\/www.babidibulibros.com\/wp-content\/uploads\/2024\/10\/2.-httpswww.babidibulibros.comnuestra-feliz-historia__1-768x529.png 768w, https:\/\/www.babidibulibros.com\/wp-content\/uploads\/2024\/10\/2.-httpswww.babidibulibros.comnuestra-feliz-historia__1-1536x1058.png 1536w\" sizes=\"auto, (max-width: 1950px) 100vw, 1950px\" \/><\/figure>\n\n\n\n<p>L&#8217;any 2001, un grup de docents amb fortes inquietuds per millorar la societat en qu\u00e8 vivim i fomentar valors en els nostres fills a trav\u00e9s de la literatura infantil i juvenil, es van unir i van crear&nbsp;<em>\u201cMater Ediciones\u201d,<\/em>&nbsp;amb la finalitat d&#8217;ajudar els autors amb aquestes mateixes inquietuds a publicar els seus llibres.<\/p>\n\n\n\n<p>Aquells primers anys van servir per aprendre molt\u00edssim sobre el m\u00f3n editorial. Est\u00e0vem molt motivats i cr\u00e8iem en el que f\u00e8iem. Vam aconseguir grans \u00e8xits:<\/p>\n\n\n\n<ul class=\"wp-block-list\">\n<li>Vam obtenir el reconeixement del Ministeri de Cultura i la Conselleria d&#8217;Educaci\u00f3 de la Junta d&#8217;Andalusia i que escollissin les nostres obres per dotar les biblioteques p\u00fabliques de totes les ciutats i municipis d&#8217;Andalusia.<\/li>\n\n\n\n<li>La nostra obra va ser reconeguda no nom\u00e9s a Espanya sin\u00f3 tamb\u00e9 a Sud-am\u00e8rica.<\/li>\n<\/ul>\n\n\n\n<p>Per\u00f2 l&#8217;any 2013 va arribar la crisi i vam estar a punt de tancar l&#8217;editorial. Ens trencava l&#8217;\u00e0nima acabar amb un projecte tan \u00fatil i necessari per a la societat i per al mercat, com \u00e9s donar cabuda i ajudar els autors novells a publicar el seu primer llibre&#8230; per\u00f2 el model era insostenible.<\/p>\n\n\n\n<blockquote class=\"wp-block-quote is-style-large is-layout-flow wp-block-quote-is-layout-flow\">\n<p>Ens arribaven cada dia desenes de manuscrits de principiants que eren realment bons, per\u00f2 no podiem publicar-los per motius econ\u00f2mics.<\/p>\n<\/blockquote>\n\n\n\n<figure class=\"wp-block-image size-full\"><img loading=\"lazy\" decoding=\"async\" width=\"1780\" height=\"1343\" src=\"https:\/\/www.babidibulibros.com\/wp-content\/uploads\/2024\/10\/3.-Nuestra-feliz-historia__2-1.png\" alt=\"\" class=\"wp-image-78775\" srcset=\"https:\/\/www.babidibulibros.com\/wp-content\/uploads\/2024\/10\/3.-Nuestra-feliz-historia__2-1.png 1780w, https:\/\/www.babidibulibros.com\/wp-content\/uploads\/2024\/10\/3.-Nuestra-feliz-historia__2-1-398x300.png 398w, https:\/\/www.babidibulibros.com\/wp-content\/uploads\/2024\/10\/3.-Nuestra-feliz-historia__2-1-1110x837.png 1110w, https:\/\/www.babidibulibros.com\/wp-content\/uploads\/2024\/10\/3.-Nuestra-feliz-historia__2-1-768x579.png 768w, https:\/\/www.babidibulibros.com\/wp-content\/uploads\/2024\/10\/3.-Nuestra-feliz-historia__2-1-1536x1159.png 1536w\" sizes=\"auto, (max-width: 1780px) 100vw, 1780px\" \/><\/figure>\n\n\n\n<p>Llavors, quasi de forma miraculosa, va apar\u00e8ixer per la porta&nbsp;<strong>un escriptor<\/strong>&nbsp;que ens va proposar una soluci\u00f3. Ell volia publicar amb nosaltres incondicionalment, ja que havia conegut les experi\u00e8ncies d&#8217;altres autors que havien publicat amb nosaltres i no contemplava cap altra possibilitat. Era just el que necessitava:&nbsp;<strong>una editorial experta<\/strong>&nbsp;que treball\u00e9s al seu costat per tal de treure el millor de la seva obra, i garantir-li un producte final de gran qualitat.<\/p>\n\n\n\n<div id=\"fwimage-block_92fff92d63b37fe859bb270f2032f45e\" class=\"block-fwimage\">\n    <div class=\"container\">\n        <div class=\"row\">\n            <div class=\"block-fwimage-img-p parallax\">\n\t\t\t\t            <\/div>\n            <div class=\"block-fwimage-img\">\n\t\t\t\t\t\t\t\t    <img decoding=\"async\" src=\"https:\/\/www.babidibulibros.com\/wp-content\/uploads\/2023\/02\/BabuBBB.png\" \/>\n\t\t\t\t            <\/div>\n            <div class=\"col-lg-6\"><\/div>\n            <div class=\"col-lg-6\">\n\t\t\t\t<p><!-- wp:paragraph --><\/p>\n<p>Com que no era un autor conegut y sabia com resultava de dif\u00edcil\u00a0 que una editorial confi\u00e9s en la seva obra i invirt\u00eds en ella sense tenir garantia de beneficis, <strong>ens va proposar comprar ell mateix alguns dels seus llibres i vendre&#8217;ls en el seu entorn m\u00e9s proper,<\/strong> amb la condici\u00f3 que nosaltres li organitz\u00e9ssim els esdeveniments necessaris per fer-ho i l&#8217;assessor\u00e9ssim en tot el proc\u00e9s.<\/p>\n<p>D&#8217;aquesta manera, ens vam poder fer c\u00e0rrec del seu interessant projecte, ja que era viable econ\u00f2micament i ell va recuperar la seva inversi\u00f3 r\u00e0pidament. L&#8217;experi\u00e8ncia va resultar ser un \u00e8xit.<\/p>\n<p><!-- \/wp:paragraph --> <!-- wp:paragraph --><\/p>\n<p>Aix\u00ed va ser com vam crear, per casualitat, un <strong>model sostenible<\/strong> en el qual els <strong>autors novells<\/strong> podien comptar amb una editorial que els garant\u00eds un producte final de gran qualitat i nosaltres, como editorial, pod\u00edem continuar oferint aquest servei tan \u00fatil, per\u00f2 sense que perill\u00e9s la nostra estructura.<\/p>\n<p><!-- \/wp:paragraph --><\/p>\n<p><!-- \/wp:paragraph --><\/p>\n                \t\t\t\t    <a class=\"link\" href=\"https:\/\/www.babidibulibros.com\/ca\/publica-amb-nosaltres\/\">Publica amb nosaltres<\/a>\n                            <\/div>\n        <\/div>\n    <\/div>\n<\/div>\n\n\n<h2 class=\"wp-block-heading\">Els autors que ja ens coneixen valoren el que fem i com ho fem<\/h2>\n\n\n\n<p>Des d&#8217;aleshores,&nbsp;<strong>hem publicat m\u00e9s de 400 llibres d&#8217;autors novells<\/strong>, i no nom\u00e9s aix\u00f2, sin\u00f3 que molts dels nostres autors han continuat publicant amb nosaltres la resta dels seus llibres.<\/p>\n\n\n\n<p>A difer\u00e8ncia d&#8217;una editorial gran i despersonalitzada, a &nbsp;<strong>BABIDI-B\u00da<\/strong>, en l&#8217;actualitat,&nbsp;som un equip format per&nbsp;<strong>15 persones<\/strong>,&nbsp;amb el suport d&#8217;una xarxa de col\u00b7laboradors de tots els \u00e0mbits, i cadascun de nosaltres dona molta import\u00e0ncia al <strong>tracte personalizat i proper<\/strong>. Volem que et sentis at\u00e8s en tot moment perqu\u00e8 tinguis una experi\u00e8ncia agradable i enriquidora.<\/p>\n\n\n\n<div id=\"video-block_0ec5aed2741a9443957638b789c0da51\" class=\"block-video video\">\n\t<div class=\"media-object\">\n\t\t<div class=\"media-object-item media-object-copy\">\n\t\t\t<div class=\"media-object-copy-body\">\n\t\t\t\t<h2>Qu\u00e8 \u00e9s el que m\u00e9s valoren de nosaltres els autors que ens confien les seves obres?<\/h2>\n\t\t\t\t<p><p>Et convido que ho miris i treguis les teves pr\u00f2pies conclusions a partir dels V\u00eddeos Testimonis, per\u00f2, si encara continues llegint, el que m\u00e9s agraeixen \u00e9s la proximitat.<\/p>\n<p>&nbsp;<\/p>\n<\/p>\n\t\t\t\t<a class=\"link\" href=\"https:\/\/www.babidibulibros.com\/ca\/video-opiniones-de-los-autores\/\">Tots els videos testimonis<\/a>\n\t\t\t<\/div>\n\t\t<\/div>\n\t\t<figure class=\"media-object-item media-object-media js-trigger-video-modal-video-block_0ec5aed2741a9443957638b789c0da51\">\n\t\t\t\t\t\t\t<img decoding=\"async\" class=\"media-object-media-img\" src=\"https:\/\/www.babidibulibros.com\/wp-content\/uploads\/2023\/02\/Todoslosvideotestimonios-1.jpg\" \/>\n\t\t\t\t\t\t\t\n\t\t<\/figure>\n\t<\/div>\n<\/div>  \n\t\n\n<style>\n\t.show-video-modal-video-block_0ec5aed2741a9443957638b789c0da51 #modal_video-block_0ec5aed2741a9443957638b789c0da51 {\n\t\topacity: 1.0;\n\t\t-webkit-transform: translate(0%,0%);\n\t\t\t-ms-transform: translate(0%,0%);\n\t\t\t\ttransform: translate(0%,0%);\n\t}\n\t.show-video-modal-video-block_0ec5aed2741a9443957638b789c0da51 #modal_video-block_0ec5aed2741a9443957638b789c0da51 .overlay {\n\t\topacity: 1.0;\n\t}\n\t.show-video-modal-video-block_0ec5aed2741a9443957638b789c0da51 #modal_video-block_0ec5aed2741a9443957638b789c0da51 .video-modal-content {\n\t\t-webkit-transform: translate(0%,0%);\n\t\t\t-ms-transform: translate(0%,0%);\n\t\t\t\ttransform: translate(0%,0%);\n\t}\n<\/style>\n\t\n\n\n<div class=\"wp-block-buttons is-layout-flex wp-block-buttons-is-layout-flex\">\n<div class=\"wp-block-button\"><a class=\"wp-block-button__link wp-element-button\" href=\"https:\/\/www.youtube.com\/watch?v=X71Y7P2nhUE\" target=\"_blank\" rel=\"noreferrer noopener nofollow\">V\u00eddeo: Opini\u00f3n sobre la editorial infantil BABIDI-B\u00da de Pilar Romero<\/a><\/div>\n<\/div>\n\n\n\n<p><\/p>\n\n\n\n<p>Els nostres autors tamb\u00e9 valoren molt el fet que treballem&nbsp;<em>al seu costat<\/em>&nbsp;durant tot el proc\u00e9s,&nbsp;<strong>respectant profundament el seu criteri<\/strong> (per descomptat, donant-los sempre consells en benefici del llibre, basant-nos en els nostres coneixements i experi\u00e8ncia). Sabem que moltes editorials modifiquen els manuscrits sense tenir en compte l&#8217;opini\u00f3 de l&#8217;autor i sense consultar-lo. Per a nosaltres, aix\u00f2 \u00e9s impensable. Qualsevol millora \u00e9s consensuada amb l&#8217;autor de l&#8217;obra, qui la coneix millor, realitzant tantes versions de l&#8217;estructura i la portada com sigui necessari fins a aconseguir el resultat esperat per ambdues parts.<\/p>\n\n\n\n<p>Per aquest motiu, els nostres autors estan molt satisfets amb la&nbsp;<strong>qualitat final del producte<\/strong> tant en l&#8217;edici\u00f3 en si com en les il\u00b7lustracions (que tamb\u00e9 proporcionem si l&#8217;autor no les inclou). Pots veure aqu\u00ed els nostres <a href=\"https:\/\/www.babidibulibros.com\/ca\/els-nostres-illustradors\/\" target=\"_blank\" rel=\"noreferrer noopener\"><strong>ilustradors col\u00b7laboradors<\/strong><\/a>.<\/p>\n\n\n\n<p>I finalment, volem explicar-te que els nostres autors aprecien molt tot el&nbsp;<strong>valor afegit<\/strong>&nbsp;que els oferim quan decideixen confiar en nosaltres, com ara poder participar en la&nbsp;<strong>plataforma StoryRocket<\/strong>&nbsp;i altres sorpreses que reservem als nostres clients. No volem limitar-nos a la tasca editorial, sin\u00f3 que volem aportar molt m\u00e9s valor.<\/p>\n\n\n\n<p>Per tant, tot el proc\u00e9s i l&#8217;experi\u00e8ncia en si fan que, en la majoria dels casos, els autors que publiquen amb nosaltres una vegada, continu\u00efn publicant els seus seg\u00fcents llibres amb nosaltres. Per\u00f2, de nou, si encara no ho has fet, t&#8217;animem a comprovar-ho tu mateix:&nbsp;<strong><a href=\"https:\/\/www.babidibulibros.com\/ca\/video-opiniones-de-los-autores\/\" target=\"_blank\" rel=\"noreferrer noopener\">Videos Testimonis<\/a>.<\/strong><\/p>\n\n\n\n<hr class=\"wp-block-separator has-css-opacity\"\/>\n\n\n\n<section id=\"faq-block_0df68fad9cdbd6b30e1dd2f838517098\" class=\"section section-faqs faq\">\n\t<div class=\"container\">\n\t\t\t\t\t<div class=\"accordion\" id=\"accordionFAQ\">\n\t\t\t\t\t\t\t         <div class=\"card\">\n\t\t\t            <div class=\"card-header\" id=\"heading-1\">\n\t\t\t               <button class=\"collapsed\" type=\"button\" data-toggle=\"collapse\" data-target=\"#collapse-1\" aria-expanded=\"false\" aria-controls=\"collapse-1\">\n\t\t\t               <span>\u00bfQui som?<\/span>\n\t\t\t               <\/button>\n\t\t\t            <\/div>\n\t\t\t            <div id=\"collapse-1\" class=\"collapse\" aria-labelledby=\"heading-1\" data-parent=\"#accordionFAQ\" style=\"\">\n\t\t\t               <div class=\"card-body\">\n\t\t\t                  L&#8217;Editorial BABIDI-B\u00da \u00e9s una editorial especialitzada en llibres infantils i juvenils. Les nostres publicacions responen per partida doble als reptes culturals del m\u00f3n actual. Aporten valors i inter\u00e8s social en l&#8217;educaci\u00f3 i el desenvolupament de la inf\u00e0ncia i l&#8217;adolesc\u00e8ncia. Acosten l&#8217;edici\u00f3 i la publicaci\u00f3 professional als autors emergents.\t\t\t               <\/div>\n\t\t\t            <\/div>\n\t\t\t         <\/div>\n\t\t\t\t\t\t\t         <div class=\"card\">\n\t\t\t            <div class=\"card-header\" id=\"heading-2\">\n\t\t\t               <button class=\"collapsed\" type=\"button\" data-toggle=\"collapse\" data-target=\"#collapse-2\" aria-expanded=\"false\" aria-controls=\"collapse-2\">\n\t\t\t               <span>Per qu\u00e8 elegir BABIDI-B\u00da per a publicar?<\/span>\n\t\t\t               <\/button>\n\t\t\t            <\/div>\n\t\t\t            <div id=\"collapse-2\" class=\"collapse\" aria-labelledby=\"heading-2\" data-parent=\"#accordionFAQ\" style=\"\">\n\t\t\t               <div class=\"card-body\">\n\t\t\t                  Perqu\u00e8 t\u2019acompanyarem durant tot el proc\u00e9s d\u2019edici\u00f3, des de la recepci\u00f3 de l\u2019obra fins a la seva distribuci\u00f3 i promoci\u00f3. El nostre equip de professionals estar\u00e0 amb tu en tot moment, acompanyant-te durant tots els passos a seguir i tots els tr\u00e0mits a realitzar.\t\t\t               <\/div>\n\t\t\t            <\/div>\n\t\t\t         <\/div>\n\t\t\t\t\t\t\t         <div class=\"card\">\n\t\t\t            <div class=\"card-header\" id=\"heading-3\">\n\t\t\t               <button class=\"collapsed\" type=\"button\" data-toggle=\"collapse\" data-target=\"#collapse-3\" aria-expanded=\"false\" aria-controls=\"collapse-3\">\n\t\t\t               <span>Qu\u00e8 \u00e9s el m\u00e9s important per a BABIDI-B\u00da?<\/span>\n\t\t\t               <\/button>\n\t\t\t            <\/div>\n\t\t\t            <div id=\"collapse-3\" class=\"collapse\" aria-labelledby=\"heading-3\" data-parent=\"#accordionFAQ\" style=\"\">\n\t\t\t               <div class=\"card-body\">\n\t\t\t                  La satisfacci\u00f3 de l&#8217;autor amb la seva obra. Cuidem cada projecte com si fos nostre. El nostre equip d&#8217;11 experts t&#8217;assessorar\u00e0 i t&#8217;acompanyar\u00e0 en tot el proc\u00e9s, sempre tenint en compte la teva opini\u00f3.\t\t\t               <\/div>\n\t\t\t            <\/div>\n\t\t\t         <\/div>\n\t\t\t\t\t\t\t         <div class=\"card\">\n\t\t\t            <div class=\"card-header\" id=\"heading-4\">\n\t\t\t               <button class=\"collapsed\" type=\"button\" data-toggle=\"collapse\" data-target=\"#collapse-4\" aria-expanded=\"false\" aria-controls=\"collapse-4\">\n\t\t\t               <span>\u00bfC\u00f3mo funcionamos a la hora de trabajar?<\/span>\n\t\t\t               <\/button>\n\t\t\t            <\/div>\n\t\t\t            <div id=\"collapse-4\" class=\"collapse\" aria-labelledby=\"heading-4\" data-parent=\"#accordionFAQ\" style=\"\">\n\t\t\t               <div class=\"card-body\">\n\t\t\t                  Com funcionem a l&#8217;hora de treballar? Treballem al costat dels autors en tot el proc\u00e9s, tenint un profund respecte pel seu criteri. Des de la recepci\u00f3 del manuscrit fins a la seva posterior posada en venda.\t\t\t               <\/div>\n\t\t\t            <\/div>\n\t\t\t         <\/div>\n\t\t\t\t\t\t\t         <div class=\"card\">\n\t\t\t            <div class=\"card-header\" id=\"heading-5\">\n\t\t\t               <button class=\"collapsed\" type=\"button\" data-toggle=\"collapse\" data-target=\"#collapse-5\" aria-expanded=\"false\" aria-controls=\"collapse-5\">\n\t\t\t               <span>T\u00e9 \u00e8xit aquest model de treball?<\/span>\n\t\t\t               <\/button>\n\t\t\t            <\/div>\n\t\t\t            <div id=\"collapse-5\" class=\"collapse\" aria-labelledby=\"heading-5\" data-parent=\"#accordionFAQ\" style=\"\">\n\t\t\t               <div class=\"card-body\">\n\t\t\t                  S\u00ed. Seguint aquest model de treball, hem publicat uns 1500 llibres d&#8217;autors novells i no nom\u00e9s aix\u00f2, sin\u00f3 que molts dels nostres autors han continuat publicant amb nosaltres la resta dels seus llibres. Dia rere dia continuem rebent els manuscrits de nous autors novel\u00b7les, que decideixen publicar amb BABIDI-B\u00da.\t\t\t               <\/div>\n\t\t\t            <\/div>\n\t\t\t         <\/div>\n\t\t\t\t\t\t\t         <div class=\"card\">\n\t\t\t            <div class=\"card-header\" id=\"heading-6\">\n\t\t\t               <button class=\"collapsed\" type=\"button\" data-toggle=\"collapse\" data-target=\"#collapse-6\" aria-expanded=\"false\" aria-controls=\"collapse-6\">\n\t\t\t               <span><\/span>\n\t\t\t               <\/button>\n\t\t\t            <\/div>\n\t\t\t            <div id=\"collapse-6\" class=\"collapse\" aria-labelledby=\"heading-6\" data-parent=\"#accordionFAQ\" style=\"\">\n\t\t\t               <div class=\"card-body\">\n\t\t\t                  \t\t\t               <\/div>\n\t\t\t            <\/div>\n\t\t\t         <\/div>\n\t\t\t\t\t\t\t<\/div>\n\t\t\t\t<div class=\"text-center support-text\">\n\t\t\t<p>Tens m\u00e9s preguntes? <a href=\"https:\/\/www.babidibulibros.com\/contacto\/\">Contacta amb nosaltres<\/a><\/p> \n\t\t<\/div>\n\t<\/div>\n\t<script type=\"application\/ld+json\">\n\t\t{\n\t    \t\"@context\": \"https:\/\/schema.org\",\n\t\t\t\"@type\": \"FAQPage\",\n\t\t\t\"mainEntity\": [\n\t\t\t\t\t\t\t\t\t{\n\t\t\t\t        \"@type\": \"Question\",\n\t\t\t\t        \"name\": \"\u00bfQui som?\",\n\t\t\t\t        \"acceptedAnswer\": {\n\t\t\t\t        \t\"@type\": \"Answer\",\n\t\t\t\t\t\t\t\"text\": \"L'Editorial BABIDI-B\u00da \u00e9s una editorial especialitzada en llibres infantils i juvenils. Les nostres publicacions responen per partida doble als reptes culturals del m\u00f3n actual. Aporten valors i inter\u00e8s social en l'educaci\u00f3 i el desenvolupament de la inf\u00e0ncia i l'adolesc\u00e8ncia. Acosten l'edici\u00f3 i la publicaci\u00f3 professional als autors emergents.\"\n\t\t\t\t\t\t}\n\t\t\t\t    }\n\t\t\t\t    \t\t\t\t    \n\t\t\t\t\t\t\t\t\t\t,{\n\t\t\t\t\t        \"@type\": \"Question\",\n\t\t\t\t\t        \"name\": \"Per qu\u00e8 elegir BABIDI-B\u00da per a publicar?\",\n\t\t\t\t\t        \"acceptedAnswer\": {\n\t\t\t\t\t        \t\"@type\": \"Answer\",\n\t\t\t\t\t\t\t\t\"text\": \"Perqu\u00e8 t\u2019acompanyarem durant tot el proc\u00e9s d\u2019edici\u00f3, des de la recepci\u00f3 de l\u2019obra fins a la seva distribuci\u00f3 i promoci\u00f3. El nostre equip de professionals estar\u00e0 amb tu en tot moment, acompanyant-te durant tots els passos a seguir i tots els tr\u00e0mits a realitzar.\"\n\t\t\t\t\t\t\t}\n\t\t\t\t\t    }\n\t\t\t\t    \t\t\t\t    \n\t\t\t\t\t\t\t\t\t\t,{\n\t\t\t\t\t        \"@type\": \"Question\",\n\t\t\t\t\t        \"name\": \"Qu\u00e8 \u00e9s el m\u00e9s important per a BABIDI-B\u00da?\",\n\t\t\t\t\t        \"acceptedAnswer\": {\n\t\t\t\t\t        \t\"@type\": \"Answer\",\n\t\t\t\t\t\t\t\t\"text\": \"La satisfacci\u00f3 de l'autor amb la seva obra. Cuidem cada projecte com si fos nostre. El nostre equip d'11 experts t'assessorar\u00e0 i t'acompanyar\u00e0 en tot el proc\u00e9s, sempre tenint en compte la teva opini\u00f3.\"\n\t\t\t\t\t\t\t}\n\t\t\t\t\t    }\n\t\t\t\t    \t\t\t\t    \n\t\t\t\t\t\t\t\t\t\t,{\n\t\t\t\t\t        \"@type\": \"Question\",\n\t\t\t\t\t        \"name\": \"\u00bfC\u00f3mo funcionamos a la hora de trabajar?\",\n\t\t\t\t\t        \"acceptedAnswer\": {\n\t\t\t\t\t        \t\"@type\": \"Answer\",\n\t\t\t\t\t\t\t\t\"text\": \"Com funcionem a l'hora de treballar? Treballem al costat dels autors en tot el proc\u00e9s, tenint un profund respecte pel seu criteri. Des de la recepci\u00f3 del manuscrit fins a la seva posterior posada en venda.\"\n\t\t\t\t\t\t\t}\n\t\t\t\t\t    }\n\t\t\t\t    \t\t\t\t    \n\t\t\t\t\t\t\t\t\t\t,{\n\t\t\t\t\t        \"@type\": \"Question\",\n\t\t\t\t\t        \"name\": \"T\u00e9 \u00e8xit aquest model de treball?\",\n\t\t\t\t\t        \"acceptedAnswer\": {\n\t\t\t\t\t        \t\"@type\": \"Answer\",\n\t\t\t\t\t\t\t\t\"text\": \"S\u00ed. Seguint aquest model de treball, hem publicat uns 1500 llibres d'autors novells i no nom\u00e9s aix\u00f2, sin\u00f3 que molts dels nostres autors han continuat publicant amb nosaltres la resta dels seus llibres. Dia rere dia continuem rebent els manuscrits de nous autors novel\u00b7les, que decideixen publicar amb BABIDI-B\u00da.\"\n\t\t\t\t\t\t\t}\n\t\t\t\t\t    }\n\t\t\t\t    \t\t\t\t    \n\t\t\t\t\t\t\t\t\t\t,{\n\t\t\t\t\t        \"@type\": \"Question\",\n\t\t\t\t\t        \"name\": \"\",\n\t\t\t\t\t        \"acceptedAnswer\": {\n\t\t\t\t\t        \t\"@type\": \"Answer\",\n\t\t\t\t\t\t\t\t\"text\": \"\"\n\t\t\t\t\t\t\t}\n\t\t\t\t\t    }\n\t\t\t\t    \t\t\t\t    \n\t\t\t\t\t\t\t]\n\t    }\n    <\/script>    \n<\/section>\n\n\n\n\n\n\n\n\n\n\n\n<div id=\"contact-block_ed59c22b7eff19bccc4f2829b884cbac\" class=\"block-contact\">\n\t<div class=\"block-contact-txt\">\n\t\t<h2>Contacta amb nosaltres<\/h2>\n\t\t<p>Truca&#8217;ns o demana&#8217;ns que et truquem per demanar assessorament<\/p>\n\t<\/div>\n\t<div class=\"block-contact-items\">\n\t\t<div class=\"contact-item\">\n\t\t\t<a href=\"https:\/\/api.whatsapp.com\/send?phone=34653754771&#038;\" alt=\"Whatsapp Babidibu\" rel=\"nofollow noopener\" target=\"_blank\">\n\t\t\t\t<div class=\"contact-item-icon\">\n\t\t\t\t\t<i class=\"ri-whatsapp-line\"><\/i> \n\t\t\t\t<\/div>\n\t\t\t\t<div class=\"contact-item-txt\">\n\t\t\t\t\tWhatsApp\n\t\t\t\t<\/div>\n\t\t\t<\/a>\n\t\t<\/div>\n\t\t<div class=\"contact-item\">\n\t\t\t<a href=\"tel:+34653754771\" alt=\"Trucar per tel\u00e8fon a Babidib\u00fa\">\n\t\t\t\t<div class=\"contact-item-icon\">\n\t\t\t\t\t<i class=\"ri-smartphone-line\"><\/i>\n\t\t\t\t<\/div>\n\t\t\t\t<div class=\"contact-item-txt\">\n\t\t\t\tTel\u00e8fon\t\t\t\t<\/div>\n\t\t\t<\/a>\n\t\t<\/div>\n\t\t<div class=\"contact-item\">\n\t\t\t<a href=\"https:\/\/www.babidibulibros.com\/publica-con-nosotros\/\">\n\t\t\t\t<div class=\"contact-item-icon\">\n\t\t\t\t\t<i class=\"ri-file-list-3-line\"><\/i>\n\t\t\t\t<\/div>\n\t\t\t\t<div class=\"contact-item-txt\">\n\t\t\t\t\tManuscrit\t\t\t\t<\/div>\n\t\t\t<\/a>\n\t\t<\/div>\n\t<\/div>\n<\/div>","protected":false},"excerpt":{"rendered":"<p>Sabem com s\u00f3n de dif\u00edcils els inicis Desde el principio nos llegaban autores sin experiencia con su primer libro y [&hellip;]<\/p>\n","protected":false},"author":2,"featured_media":0,"parent":0,"menu_order":127,"comment_status":"closed","ping_status":"closed","template":"","meta":{"_acf_changed":false,"content-type":"","footnotes":""},"class_list":["post-63395","page","type-page","status-publish","hentry"],"acf":[],"_links":{"self":[{"href":"https:\/\/www.babidibulibros.com\/ca\/wp-json\/wp\/v2\/pages\/63395","targetHints":{"allow":["GET"]}}],"collection":[{"href":"https:\/\/www.babidibulibros.com\/ca\/wp-json\/wp\/v2\/pages"}],"about":[{"href":"https:\/\/www.babidibulibros.com\/ca\/wp-json\/wp\/v2\/types\/page"}],"author":[{"embeddable":true,"href":"https:\/\/www.babidibulibros.com\/ca\/wp-json\/wp\/v2\/users\/2"}],"replies":[{"embeddable":true,"href":"https:\/\/www.babidibulibros.com\/ca\/wp-json\/wp\/v2\/comments?post=63395"}],"version-history":[{"count":2,"href":"https:\/\/www.babidibulibros.com\/ca\/wp-json\/wp\/v2\/pages\/63395\/revisions"}],"predecessor-version":[{"id":80677,"href":"https:\/\/www.babidibulibros.com\/ca\/wp-json\/wp\/v2\/pages\/63395\/revisions\/80677"}],"wp:attachment":[{"href":"https:\/\/www.babidibulibros.com\/ca\/wp-json\/wp\/v2\/media?parent=63395"}],"curies":[{"name":"wp","href":"https:\/\/api.w.org\/{rel}","templated":true}]}}