{"id":63847,"date":"2020-07-25T20:22:08","date_gmt":"2020-07-25T18:22:08","guid":{"rendered":"https:\/\/www.babidibulibros.com\/por-que-somos-la-mejor-editorial-infantil-y-juvenil\/"},"modified":"2025-01-17T11:23:48","modified_gmt":"2025-01-17T10:23:48","slug":"els-nostres-valors","status":"publish","type":"page","link":"https:\/\/www.babidibulibros.com\/ca\/els-nostres-valors\/","title":{"rendered":"Per qu\u00e8 som la millor editorial infantil i juvenil"},"content":{"rendered":"\n<div class=\"wp-block-group\"><div class=\"wp-block-group__inner-container is-layout-flow wp-block-group-is-layout-flow\">\n<h2 class=\"wp-block-heading has-text-align-center is-style-heading-group\">El nostre doble repte<\/h2>\n\n\n\n<h3 class=\"wp-block-heading has-text-align-center is-style-heading-group has-large-font-size\">\u201cEditar llibres, publicar somnis\u201d<\/h3>\n\n\n\n<p class=\"has-text-align-center\">El nostre objectiu principal \u00e9s donar un servei als autors que necessiten expressar-se mitjan\u00e7ant la publicaci\u00f3 dels seus continguts&#8230; o somnis. Al mateix temps, assumim un comprom\u00eds educatiu i cultural amb els nostres fills, als qui aportem llibres amb els quals gaudir de la lectura i amb els quals, alhora, poden aprendre valors impl\u00edcits en ells, valors humans, per ajudar-los a ser millors persones.<\/p>\n\n\n\n<h2 class=\"wp-block-heading has-text-align-center is-style-heading-group\">La nostra cultura empresarial<\/h2>\n\n\n\n<p class=\"has-text-align-center\">Com definim la cultura empresarial? Amb la paraula \u201c<strong>servei<\/strong>\u201d.<br>Com ens distingim de les desenes d&#8217;editorials&nbsp;infantils que&nbsp;hi ha a Espanya? Realment amb un <strong>servei i  una qualitat millor que les altres<\/strong>. Aqu\u00ed entren les <strong>persones<\/strong>: si tenim unes oficines semblants, si tenim un programari semblant, si treballem amb les&nbsp;mateixes impremtes, si utilizem els mateixos papers i si vivim en un m\u00f3n globalitzat homogeni, la gesti\u00f3 de las persones, el &#8220;nostre equip&#8221;, \u00e9s qui&nbsp;marca la difer\u00e8ncia.<\/p>\n\n\n\n<h2 class=\"wp-block-heading has-text-align-center\">Cap a on anem<\/h2>\n\n\n\n<p class=\"has-text-align-center\">Som un equip <strong>din\u00e0mic, proactiu i compact<\/strong>e. Tots i totes anem en la mateixa direcci\u00f3 i endavant, sense frens! Sabent que <strong>el millor est\u00e0 per venir<\/strong>. Donem, cada dia, el millor de cadasc\u00fa perqu\u00e8 el nostre <strong>projecte empresarial<\/strong> conjunt continu\u00ef creixent. Ens sentim <strong>lliures i compromomeses<\/strong> amb la meta a la qual ens dirigim. En aquests \u00faltims anys, el nostre creixement empresarial i personal de cada membre de l&#8217;equip ha estat la nostra constant vital. No ens conformem, estem plens de  <strong>projectes <\/strong>i <strong>il\u00b7lusions <\/strong>que volem compartir amb tots els nostres autors.<\/p>\n\n\n\n<figure class=\"wp-block-image size-full\"><img loading=\"lazy\" decoding=\"async\" width=\"1780\" height=\"955\" src=\"https:\/\/www.babidibulibros.com\/wp-content\/uploads\/2024\/10\/6.-la-mejor-editorial-infantil-y-juvenil_small.jpg\" alt=\"\" class=\"wp-image-78804\" srcset=\"https:\/\/www.babidibulibros.com\/wp-content\/uploads\/2024\/10\/6.-la-mejor-editorial-infantil-y-juvenil_small.jpg 1780w, https:\/\/www.babidibulibros.com\/wp-content\/uploads\/2024\/10\/6.-la-mejor-editorial-infantil-y-juvenil_small-559x300.jpg 559w, https:\/\/www.babidibulibros.com\/wp-content\/uploads\/2024\/10\/6.-la-mejor-editorial-infantil-y-juvenil_small-1110x596.jpg 1110w, https:\/\/www.babidibulibros.com\/wp-content\/uploads\/2024\/10\/6.-la-mejor-editorial-infantil-y-juvenil_small-768x412.jpg 768w, https:\/\/www.babidibulibros.com\/wp-content\/uploads\/2024\/10\/6.-la-mejor-editorial-infantil-y-juvenil_small-1536x824.jpg 1536w\" sizes=\"auto, (max-width: 1780px) 100vw, 1780px\" \/><\/figure>\n\n\n\n<p class=\"has-text-align-center has-black-color has-text-color\"><\/p>\n\n\n\n<div id=\"reviews-block_9c81158d64a92dcfa0309cc437cbabcb\" class=\"block-reviews reviews\">\n\t\t\t<div class=\"slick-carousel-reviews\">\n\t\t\t\t\t        <div class=\"review-item\">\n\t\t\t    \t<img decoding=\"async\" class=\"reviews-author-image\" src=\"https:\/\/www.babidibulibros.com\/wp-content\/uploads\/2021\/02\/eresmama_edit-1.png\" \/>\n\t                <blockquote>\n\t\t\t\t\t\t<p>Eresmam\u00e1, ens situa en el 2n lloc entre les 8 editorials imprescindibles.<\/p>\n\t\t\t\t\t\t<cite><span class=\"reviews-author-name\">Eresmam\u00e1<\/span><br>Revista especialitzada per a mares<\/cite>\n\t\t          \t<\/blockquote>\n\t\t\t\t<\/div>\n\t\t\t\t\t        <div class=\"review-item\">\n\t\t\t    \t<img decoding=\"async\" class=\"reviews-author-image\" src=\"https:\/\/www.babidibulibros.com\/wp-content\/uploads\/2021\/02\/Julianmarquina_edit-1.png\" \/>\n\t                <blockquote>\n\t\t\t\t\t\t<p>El prestigi\u00f3s bloc de literatura infantil de Juli\u00e1n Marquina ens recomana com una de les 24 editorials especialitzades en literatura infantil a tenir (molt) en compte.<\/p>\n\t\t\t\t\t\t<cite><span class=\"reviews-author-name\">Juli\u00e1n Marquina<\/span><br>Blog especialitzat en literatura<\/cite>\n\t\t          \t<\/blockquote>\n\t\t\t\t<\/div>\n\t\t\t\t\t        <div class=\"review-item\">\n\t\t\t    \t<img decoding=\"async\" class=\"reviews-author-image\" src=\"https:\/\/www.babidibulibros.com\/wp-content\/uploads\/2021\/02\/Saposyprincesas_edit-1.png\" \/>\n\t                <blockquote>\n\t\t\t\t\t\t<p>El diari El Mundo a trav\u00e9s del seu suplement infantil, Sapos y Princesas, ens assenyala com a &#8220;editorial independent que revoluciona la literatura infantil&#8221;.<\/p>\n\t\t\t\t\t\t<cite><span class=\"reviews-author-name\">Sapos y princesas<\/span><br>Suplement infantil del diari El Mundo<\/cite>\n\t\t          \t<\/blockquote>\n\t\t\t\t<\/div>\n\t\t\t\t\t        <div class=\"review-item\">\n\t\t\t    \t<img decoding=\"async\" class=\"reviews-author-image\" src=\"https:\/\/www.babidibulibros.com\/wp-content\/uploads\/2021\/02\/bibliotecasdelacomunidademadrid_edit.png\" \/>\n\t                <blockquote>\n\t\t\t\t\t\t<p>Els nostres llibres s\u00f3n seleccionats cada any per la Mostra del llibre infantil i juvenil de la Comunitat de Madrid, propiciant la seva visibilitat en totes les biblioteques i centres escolars de la comunitat.<\/p>\n\t\t\t\t\t\t<cite><span class=\"reviews-author-name\">Bibliotecas de la Comunidad de Madrid<\/span><br><\/cite>\n\t\t          \t<\/blockquote>\n\t\t\t\t<\/div>\n\t\t\t\t\t        <div class=\"review-item\">\n\t\t\t    \t<img decoding=\"async\" class=\"reviews-author-image\" src=\"https:\/\/www.babidibulibros.com\/wp-content\/uploads\/2021\/02\/Bibliotecaspubicasmunicipalesdemadrid_edit-1.png\" \/>\n\t                <blockquote>\n\t\t\t\t\t\t<p>Som una editorial recomanada per la Direcci\u00f3 General de Patrimoni Cultural i les nostres obres es troben a la Biblioteca Nacional d&#8217;Espanya.<\/p>\n\t\t\t\t\t\t<cite><span class=\"reviews-author-name\">Direcci\u00f3n General de Patrimonio Cultural <\/span><br><\/cite>\n\t\t          \t<\/blockquote>\n\t\t\t\t<\/div>\n\t\t\t\t\t        <div class=\"review-item\">\n\t\t\t    \t<img decoding=\"async\" class=\"reviews-author-image\" src=\"https:\/\/www.babidibulibros.com\/wp-content\/uploads\/2021\/04\/Editoriales-infantiles.png\" \/>\n\t                <blockquote>\n\t\t\t\t\t\t<p>El bloc Editorials Infantils ens nomena com una de les millors editorials del sector.<\/p>\n\t\t\t\t\t\t<cite><span class=\"reviews-author-name\">Editoriales Infantiles<\/span><br>Blog especialitzat en editorials infantils<\/cite>\n\t\t          \t<\/blockquote>\n\t\t\t\t<\/div>\n\t\t\t\t\t<\/div>\n\t<\/div>\n\n\n\n\n\n\n<\/div><\/div>\n\n\n\n<h2 class=\"wp-block-heading is-style-heading-group\">Els nostres valors<\/h2>\n\n\n\n<p class=\"has-text-align-center\"><\/p>\n\n\n\n<div class=\"wp-block-columns is-layout-flex wp-container-core-columns-is-layout-9d6595d7 wp-block-columns-is-layout-flex\">\n<div class=\"wp-block-column is-layout-flow wp-block-column-is-layout-flow\">\n<h3 class=\"wp-block-heading\">Anys d&#8217;experi\u00e8ncia<\/h3>\n\n\n\n<p>Comptem amb la&nbsp;professionalitat i experi\u00e8ncia&nbsp;que ens donen els m\u00e9s de 10 anys de traject\u00f2ria en el mercat editorial i el fet d&#8217;haver publicat m\u00e9s de&nbsp;400 llibres&nbsp;amb autors d&#8217;arreu del m\u00f3n.<\/p>\n\n\n\n<h3 class=\"wp-block-heading\">Tasca educativa<\/h3>\n\n\n\n<p>Els nostres llibres han estat seleccionats com a material curricular homologat en diversos centres del territori espanyol. A m\u00e9s, estem centrats en la inclusi\u00f3 d&#8217;altres idiomes en el nostre cat\u00e0leg perqu\u00e8 els lectors tinguin acc\u00e9s a altres lleng\u00fces. <\/p>\n\n\n\n<h3 class=\"wp-block-heading\">Prestigi reconegut<\/h3>\n\n\n\n<p>L&#8217;editorial compta amb el reconeixement del Ministeri de Cultura i la Conselleria d&#8217;Educaci\u00f3 de la Junta d&#8217;Andalusia. A m\u00e9s, les nostres obres proveeixen les biblioteques p\u00fabliques de tota Espanya.  <\/p>\n<\/div>\n\n\n\n<div class=\"wp-block-column is-layout-flow wp-block-column-is-layout-flow\">\n<h3 class=\"wp-block-heading\">Edicions de qualitat<\/h3>\n\n\n\n<p>Cada detall \u00e9s important per a nosaltres. Ens encarreguem que la teva obra no sigui nom\u00e9s un llibre m\u00e9s al mercat. Marcarem la difer\u00e8ncia! A m\u00e9s, som especialistes en llibres de tapa dura. <\/p>\n\n\n\n<h3 class=\"wp-block-heading\">La millor xarxa de distribuci\u00f3<\/h3>\n\n\n\n<p>Gr\u00e0cies al <a href=\"https:\/\/www.babidibulibros.com\/ca\/tu-libro-en-librerias-y-plataformas-digitales\/\" data-type=\"page\" data-id=\"908\" target=\"_blank\" rel=\"noreferrer noopener\">nostre distribu\u00efdor<\/a> el teu llibre estar\u00e0 a les llibreries m\u00e9s importants del pa\u00eds: Amazon, Fnac, El Corte Ingl\u00e9s, La Casa del Libro&#8230; A m\u00e9s, tamb\u00e9 tindrem l&#8217;oportunitat de participar en licitacions a Am\u00e8rica Llatina i als Estats Units.  <\/p>\n\n\n\n<h3 class=\"wp-block-heading\">Tracte directe i proper<\/h3>\n\n\n\n<p>Estem al teu costat i t&#8217;orientem en tot el proc\u00e9s, ja que sabem que els primers passos mai s\u00f3n f\u00e0cils. Pots parlar amb alg\u00fa de nosaltres en tot moment per comentar tot el que necessitis. <\/p>\n<\/div>\n<\/div>\n\n\n\n<div class=\"wp-block-group\"><div class=\"wp-block-group__inner-container is-layout-flow wp-block-group-is-layout-flow\">\n<div class=\"wp-block-group\"><div class=\"wp-block-group__inner-container is-layout-flow wp-block-group-is-layout-flow\">\n<div id=\"reviews-block_bb75d877eddb7e9dcc0546769cbd5e0d\" class=\"block-reviews reviews\">\n\t\t\t<div class=\"slick-carousel-reviews\">\n\t\t\t\t\t        <div class=\"review-item\">\n\t\t\t    \t<img decoding=\"async\" class=\"reviews-author-image\" src=\"https:\/\/www.babidibulibros.com\/wp-content\/uploads\/2021\/01\/Logo_Fnac_Resenas-1.png\" \/>\n\t                <blockquote>\n\t\t\t\t\t\t<p>Al costat de l&#8217;editorial BABIDI-B\u00da sempre es treballa de meravella. S\u00f3n molt professionals en el tracte i cuiden fins a l&#8217;\u00faltim detall. Hem organitzat presentacions de llibres conjuntament i sempre han funcionat molt b\u00e9, destacant especialment l&#8217;atenci\u00f3 dedicada perqu\u00e8 totes les q\u00fcestions quedin ben tancades amb antelaci\u00f3. Tot un gust.<\/p>\n\t\t\t\t\t\t<cite><span class=\"reviews-author-name\">Vicent Ferrer<\/span><br>Responsable de comunicaci\u00f3 Fnac Val\u00e8ncia i Castell\u00f3<\/cite>\n\t\t          \t<\/blockquote>\n\t\t\t\t<\/div>\n\t\t\t\t\t        <div class=\"review-item\">\n\t\t\t    \t<img decoding=\"async\" class=\"reviews-author-image\" src=\"https:\/\/www.babidibulibros.com\/wp-content\/uploads\/2021\/01\/Logo_Diogenes_Resenas.png\" \/>\n\t                <blockquote>\n\t\t\t\t\t\t<p>Segons el que hem observat, l&#8217;editorial est\u00e0 molt compromesa amb els seus autors i facilita la seva pres\u00e8ncia a les llibreries mitjan\u00e7ant presentacions, tallers o contacontes que ajuden a donar m\u00e9s visibilitat als seus llibres. La seva distribuci\u00f3, \u00e0gil i segura, permet la pres\u00e8ncia dels seus t\u00edtols a totes les llibreries, oferint m\u00e9s oportunitats de venda.<\/p>\n\t\t\t\t\t\t<cite><span class=\"reviews-author-name\">Chiara<\/span><br>Librera en Librer\u00eda Di\u00f3genes<\/cite>\n\t\t          \t<\/blockquote>\n\t\t\t\t<\/div>\n\t\t\t\t\t        <div class=\"review-item\">\n\t\t\t    \t<img decoding=\"async\" class=\"reviews-author-image\" src=\"https:\/\/www.babidibulibros.com\/wp-content\/uploads\/2021\/01\/Logo_Central_Resenas-4.png\" \/>\n\t                <blockquote>\n\t\t\t\t\t\t<p>Les opinions dels autors s\u00f3n un\u00e0nimes: estan encantats amb el resultat final dels seus llibres. I aix\u00f2 no \u00e9s f\u00e0cil quan moltes vegades s\u00f3n autors novells que tenen un ampli desconeixement de com funciona el m\u00f3n de l&#8217;edici\u00f3 i de la publicaci\u00f3. Pel que fa a la difusi\u00f3, la disponibilitat de tot el fons en distribu\u00efdors nacionals (&#8230;) \u00e9s un element important\u00edssim (&#8230;).<\/p>\n\t\t\t\t\t\t<cite><span class=\"reviews-author-name\">David Ramos<\/span><br>Coordinador d&#8217;activitats culturals de la Librer\u00eda Central de Zaragoza<\/cite>\n\t\t          \t<\/blockquote>\n\t\t\t\t<\/div>\n\t\t\t\t\t        <div class=\"review-item\">\n\t\t\t    \t<img decoding=\"async\" class=\"reviews-author-image\" src=\"https:\/\/www.babidibulibros.com\/wp-content\/uploads\/2021\/01\/Logo_Luces-de-malaga_Resenas-1.png\" \/>\n\t                <blockquote>\n\t\t\t\t\t\t<p>Per als llibreters de Llibreria Luces \u00e9s un plaer treballar amb l&#8217;editorial BABIDI-B\u00da, no nom\u00e9s per la qualitat del seu fons, sin\u00f3 tamb\u00e9 per l&#8217;esfor\u00e7 i la il\u00b7lusi\u00f3 que posen en la difusi\u00f3 de les obres, sempre disposats a organitzar actes i tallers en col\u00b7laboraci\u00f3 amb les llibreries com a espai cultural.<\/p>\n\t\t\t\t\t\t<cite><span class=\"reviews-author-name\">Laura Mar\u00edn<\/span><br>Responsable de la Secci\u00f3 Infantil de Llibreria Luces de M\u00e1laga<\/cite>\n\t\t          \t<\/blockquote>\n\t\t\t\t<\/div>\n\t\t\t\t\t        <div class=\"review-item\">\n\t\t\t    \t<img decoding=\"async\" class=\"reviews-author-image\" src=\"https:\/\/www.babidibulibros.com\/wp-content\/uploads\/2021\/01\/Logo_Laurel_Resenas-1.png\" \/>\n\t                <blockquote>\n\t\t\t\t\t\t<p>(&#8230;) ens poseu en contacte amb ells, us preocupeu que no faltin llibres a les distribu\u00efdores, dissenyeu els cartells amb el nostre logotip i el de BABIDI-B\u00da per a les fires, les presentacions, els contacontes, feu promocions a la vostra web i xarxes socials&#8230;\r\n\r\nPer a nosaltres, sou una editorial incre\u00efblement propera i compromesa amb els autors i amb les llibreries de proximitat (&#8230;)<\/p>\n\t\t\t\t\t\t<cite><span class=\"reviews-author-name\">Loli Torrico<\/span><br>Llibretera de Librer\u00eda Laurel<\/cite>\n\t\t          \t<\/blockquote>\n\t\t\t\t<\/div>\n\t\t\t\t\t<\/div>\n\t<\/div>\n\n\n\n\n\n\n\n\n\n<div class=\"wp-block-buttons is-layout-flex wp-block-buttons-is-layout-flex\">\n<div class=\"wp-block-button\"><a class=\"wp-block-button__link wp-element-button\" href=\"https:\/\/www.youtube.com\/watch?v=MoHHOjGvdYw\" target=\"_blank\" rel=\"noreferrer noopener nofollow\">V\u00eddeo: \u00bfPor qu\u00e9 BABIDI-B\u00da es la mejor editorial infantil?<\/a><\/div>\n<\/div>\n<\/div><\/div>\n<\/div><\/div>\n\n\n\n<h2 class=\"wp-block-heading is-style-heading-group\">Aix\u00ed ho fem<\/h2>\n\n\n\n<p>El nostre proc\u00e9s de treball explicat per passos<\/p>\n\n\n\n<div class=\"wp-block-columns is-layout-flex wp-container-core-columns-is-layout-9d6595d7 wp-block-columns-is-layout-flex\">\n<div class=\"wp-block-column is-layout-flow wp-block-column-is-layout-flow\">\n<ul class=\"wp-block-list\">\n<li>Rebem uns <strong>20 manuscrits al dia per ser valorats.<\/strong><\/li>\n\n\n\n<li>Els <strong>llegim tots i seleccionem<\/strong> els m\u00e9s interessants.<\/li>\n\n\n\n<li>Els afortunats <strong>s&#8217;il\u00b7lustren, si es necesita.<\/strong> <\/li>\n\n\n\n<li>Tenim una xarxa d&#8217;ilustradors de primer nivell.<\/li>\n\n\n\n<li>Els texts <strong>se someten a una correcci\u00f3.<\/strong><\/li>\n\n\n\n<li>Es maqueten i es dissenyen les portades.<\/li>\n\n\n\n<li>En tot moment es dona<strong> comunicaci\u00f3 i consens amb l&#8217;autor.<\/strong><\/li>\n\n\n\n<li><strong>Es valida l&#8217;art final d&#8217;impressi\u00f3<\/strong> abans que l&#8217;obra passi a impremta.  <\/li>\n<\/ul>\n<\/div>\n\n\n\n<div class=\"wp-block-column is-layout-flow wp-block-column-is-layout-flow\">\n<ul class=\"wp-block-list\">\n<li><strong>Es decideix una data de llan\u00e7ament<\/strong> i s&#8217;informa al distribu\u00efdor. El llibre s&#8217;integra a la web de UDL Libros i aix\u00ed arriba a totes les plataformes online: Amazon, Casa del libro, Fnac, El Corte Ingl\u00e9s, \u2026<\/li>\n\n\n\n<li><strong>Acordem dates de presentacions<\/strong> amb els autors i libreries.<\/li>\n\n\n\n<li><strong>Iniciem la promoci\u00f3<\/strong>.<\/li>\n\n\n\n<li>Els nostres llibres transmeten <strong>valors impl\u00edcits.<\/strong> Tenim col\u00b7leccions tan imprescindibles com LA MIRADA DE DANIEL, que proveeix eines per treballar la intel\u00b7lig\u00e8ncia emocional, o la col\u00b7lecci\u00f3 MEV\u00c9S, que tracta la diversitat i inclusi\u00f3 en forma de contes.<\/li>\n<\/ul>\n<\/div>\n<\/div>\n\n\n\n<div id=\"video-block_6f7877a6cd5656e1f355f0b91dac8287\" class=\"block-video video\">\n\t<div class=\"media-object\">\n\t\t<div class=\"media-object-item media-object-copy\">\n\t\t\t<div class=\"media-object-copy-body\">\n\t\t\t\t<h2>BABIDI-B\u00da, \u00a1perqu\u00e8 els somnis es fan realitat!<\/h2>\n\t\t\t\t<p><p>No \u00e9s una tasca senzilla complir els somnis de tots els nostres autors. Per aix\u00f2 treballem incansablement per obtenir el millor resultat possible,\u00a0la col\u00b7locaci\u00f3 m\u00e9s gran\u00a0i el m\u00e9s important&#8230; la satisfacci\u00f3 dels petits lectors que s&#8217;acosten als nostres llibres arreu del m\u00f3n gr\u00e0cies a tu i a la teva incre\u00efble hist\u00f2ria.<\/p>\n<p>Deixa de pensar i vine amb nosaltres a complir el teu somni.<\/p>\n<\/p>\n\t\t\t\t<a class=\"link\" href=\"https:\/\/www.babidibulibros.com\/ca\/publica-amb-nosaltres\/\">Jo tamb\u00e9 vull publicar el meu llibre<\/a>\n\t\t\t<\/div>\n\t\t<\/div>\n\t\t<figure class=\"media-object-item media-object-media js-trigger-video-modal-video-block_6f7877a6cd5656e1f355f0b91dac8287\">\n\t\t\t\t\t\t\t<img decoding=\"async\" class=\"media-object-media-img\" src=\"https:\/\/www.babidibulibros.com\/wp-content\/uploads\/2023\/03\/230307_porque-los-suenos-se-cumplen.jpg\" \/>\n\t\t\t\t\t\t\t\n\t\t<\/figure>\n\t<\/div>\n<\/div>  \n\t\n\n<style>\n\t.show-video-modal-video-block_6f7877a6cd5656e1f355f0b91dac8287 #modal_video-block_6f7877a6cd5656e1f355f0b91dac8287 {\n\t\topacity: 1.0;\n\t\t-webkit-transform: translate(0%,0%);\n\t\t\t-ms-transform: translate(0%,0%);\n\t\t\t\ttransform: translate(0%,0%);\n\t}\n\t.show-video-modal-video-block_6f7877a6cd5656e1f355f0b91dac8287 #modal_video-block_6f7877a6cd5656e1f355f0b91dac8287 .overlay {\n\t\topacity: 1.0;\n\t}\n\t.show-video-modal-video-block_6f7877a6cd5656e1f355f0b91dac8287 #modal_video-block_6f7877a6cd5656e1f355f0b91dac8287 .video-modal-content {\n\t\t-webkit-transform: translate(0%,0%);\n\t\t\t-ms-transform: translate(0%,0%);\n\t\t\t\ttransform: translate(0%,0%);\n\t}\n<\/style>\n\t\n\n\n<div id=\"contact-block_5c4862035a07eb6951b9e8b4955dd377\" class=\"block-contact\">\n\t<div class=\"block-contact-txt\">\n\t\t<h2>Contacta amb nosaltres<\/h2>\n\t\t<p>Truca&#8217;ns o demana&#8217;ns que et truquem per demanar assessorament<\/p>\n\t<\/div>\n\t<div class=\"block-contact-items\">\n\t\t<div class=\"contact-item\">\n\t\t\t<a href=\"https:\/\/api.whatsapp.com\/send?phone=34653754771&#038;\" alt=\"Whatsapp Babidibu\" rel=\"nofollow noopener\" target=\"_blank\">\n\t\t\t\t<div class=\"contact-item-icon\">\n\t\t\t\t\t<i class=\"ri-whatsapp-line\"><\/i> \n\t\t\t\t<\/div>\n\t\t\t\t<div class=\"contact-item-txt\">\n\t\t\t\t\tWhatsApp\n\t\t\t\t<\/div>\n\t\t\t<\/a>\n\t\t<\/div>\n\t\t<div class=\"contact-item\">\n\t\t\t<a href=\"tel:+34653754771\" alt=\"Trucar per tel\u00e8fon a Babidib\u00fa\">\n\t\t\t\t<div class=\"contact-item-icon\">\n\t\t\t\t\t<i class=\"ri-smartphone-line\"><\/i>\n\t\t\t\t<\/div>\n\t\t\t\t<div class=\"contact-item-txt\">\n\t\t\t\tTel\u00e8fon\t\t\t\t<\/div>\n\t\t\t<\/a>\n\t\t<\/div>\n\t\t<div class=\"contact-item\">\n\t\t\t<a href=\"https:\/\/www.babidibulibros.com\/publica-con-nosotros\/\">\n\t\t\t\t<div class=\"contact-item-icon\">\n\t\t\t\t\t<i class=\"ri-file-list-3-line\"><\/i>\n\t\t\t\t<\/div>\n\t\t\t\t<div class=\"contact-item-txt\">\n\t\t\t\t\tManuscrit\t\t\t\t<\/div>\n\t\t\t<\/a>\n\t\t<\/div>\n\t<\/div>\n<\/div>\n\n\n<p><\/p>\n","protected":false},"excerpt":{"rendered":"<p>El nostre doble repte \u201cEditar llibres, publicar somnis\u201d El nostre objectiu principal \u00e9s donar un servei als autors que necessiten [&hellip;]<\/p>\n","protected":false},"author":3,"featured_media":0,"parent":0,"menu_order":102,"comment_status":"closed","ping_status":"closed","template":"","meta":{"_acf_changed":false,"content-type":"","footnotes":""},"class_list":["post-63847","page","type-page","status-publish","hentry"],"acf":[],"_links":{"self":[{"href":"https:\/\/www.babidibulibros.com\/ca\/wp-json\/wp\/v2\/pages\/63847","targetHints":{"allow":["GET"]}}],"collection":[{"href":"https:\/\/www.babidibulibros.com\/ca\/wp-json\/wp\/v2\/pages"}],"about":[{"href":"https:\/\/www.babidibulibros.com\/ca\/wp-json\/wp\/v2\/types\/page"}],"author":[{"embeddable":true,"href":"https:\/\/www.babidibulibros.com\/ca\/wp-json\/wp\/v2\/users\/3"}],"replies":[{"embeddable":true,"href":"https:\/\/www.babidibulibros.com\/ca\/wp-json\/wp\/v2\/comments?post=63847"}],"version-history":[{"count":2,"href":"https:\/\/www.babidibulibros.com\/ca\/wp-json\/wp\/v2\/pages\/63847\/revisions"}],"predecessor-version":[{"id":80708,"href":"https:\/\/www.babidibulibros.com\/ca\/wp-json\/wp\/v2\/pages\/63847\/revisions\/80708"}],"wp:attachment":[{"href":"https:\/\/www.babidibulibros.com\/ca\/wp-json\/wp\/v2\/media?parent=63847"}],"curies":[{"name":"wp","href":"https:\/\/api.w.org\/{rel}","templated":true}]}}