{"id":63849,"date":"2020-07-25T20:20:28","date_gmt":"2020-07-25T18:20:28","guid":{"rendered":"https:\/\/www.babidibulibros.com\/cuentos-infantiles-y-albumes-en-tapa-dura\/"},"modified":"2023-07-27T13:29:19","modified_gmt":"2023-07-27T11:29:19","slug":"contes-infantils-i-albums-en-tapa-dura","status":"publish","type":"page","link":"https:\/\/www.babidibulibros.com\/ca\/contes-infantils-i-albums-en-tapa-dura\/","title":{"rendered":"Contes infantils i \u00e0lbums en tapa dura"},"content":{"rendered":"\n<div class=\"wp-block-columns are-vertically-aligned-center is-layout-flex wp-container-core-columns-is-layout-9d6595d7 wp-block-columns-is-layout-flex\">\n<div class=\"wp-block-column is-vertically-aligned-center is-layout-flow wp-block-column-is-layout-flow\">\n<h2 class=\"has-text-align-left is-style-default wp-block-heading\">Els contes en tapa dura, una aposta guanyadora<\/h2>\n\n\n\n<p>Els nostres<strong>\u00a0contes il\u00b7lustrats<\/strong> reben cura durant tot el proc\u00e9s creatiu des de la seva concepci\u00f3. Invertim una gran quantitat d\u2019esfor\u00e7os en el proc\u00e9s d&#8217;il\u00b7lustraci\u00f3 i despr\u00e9s en la maquetaci\u00f3 del text sobre les il\u00b7lustracions a tot color.<\/p>\n\n\n\n<p><strong>Si vols que el teu \u00e0lbum il\u00b7lustrat tingui l&#8217;oportunitat d&#8217;estar en un aparador d&#8217;una llibreria de primer nivell <\/strong>(o fins i tot independent), no hi ha cap altra f\u00f3rmula. El llibre ha d&#8217;estar ben escrit, transmetre un missatge clar amb valors impl\u00edcits, tenir un disseny atractiu i, malgrat aix\u00f2, l&#8217;\u00faltim requisit, avui dia \u00e9s l&#8217;enquadernaci\u00f3 en&nbsp;<a href=\"https:\/\/es.wikipedia.org\/wiki\/Encuadernaci%C3%B3n_carton%C3%A9\" target=\"_blank\" rel=\"noreferrer noopener nofollow\"><strong>tapa dura<\/strong><\/a>.<\/p>\n<\/div>\n\n\n\n<div class=\"wp-block-column is-vertically-aligned-center wp-block-column-box is-layout-flow wp-block-column-is-layout-flow\">\n<h3 class=\"wp-block-heading\">Els avantatges d&#8217;una enquadernaci\u00f3 de qualitat en tapa dura<\/h3>\n\n\n\n<ul class=\"wp-block-list\">\n<li>La tapa dura \u00e9s una <strong>aposta guanyadora<\/strong><\/li>\n\n\n\n<li><strong>Ens distingeix<\/strong> de la resta<\/li>\n\n\n\n<li>A BABIDI-B\u00da som <strong>experts en tapa dura<\/strong><\/li>\n\n\n\n<li>Les editorials d&#8217;autoedici\u00f3 no l&#8217;ofereixen<\/li>\n\n\n\n<li>\u00c9s <strong>el format m\u00e9s escollit<\/strong> per a regalar<\/li>\n<\/ul>\n<\/div>\n<\/div>\n\n\n\n<div class=\"wp-block-group alignfull has-background\" style=\"background-color:#f2f1f5\"><div class=\"wp-block-group__inner-container is-layout-flow wp-block-group-is-layout-flow\">\n<h2 class=\"has-text-align-center wp-block-heading\">La tapa dura \u00e9s una forma de distingir-nos<\/h2>\n\n\n\n<p class=\"has-text-align-center\">Des de la nostra experi\u00e8ncia com a editors especialitzats en literatura infantil, apostem de manera contundent per l&#8217;edici\u00f3 i publicaci\u00f3 dels nostres<strong>&nbsp;\u00e0lbums infantils il\u00b7lustrats en TAPA DURA<\/strong>, tenint ja una \u00e0mplia traject\u00f2ria en la publicaci\u00f3 d&#8217;aquest tipus de llibres. Per aix\u00f2, aconsellem a tots els autors de llibres infantils que vulguin publicar una obra que considerin de qualitat digna per aconseguir el millor estatus de qualitat art\u00edstica, que conf\u00efin plenament en aquesta alternativa d&#8217;enquadernaci\u00f3 com a \u00fanica.<\/p>\n<\/div><\/div>\n\n\n\n<div class=\"wp-block-cover alignfull is-light wp-block-no-cover-image-bottom\"><span aria-hidden=\"true\" class=\"wp-block-cover__background has-background-dim-0 has-background-dim\"><\/span><img loading=\"lazy\" decoding=\"async\" width=\"1920\" height=\"461\" class=\"wp-block-cover__image-background wp-image-65193\" alt=\"\" src=\"https:\/\/www.babidibulibros.com\/wp-content\/uploads\/2023\/07\/230710_Tapa-dura_banner_Version-catalan.jpg\" data-object-fit=\"cover\" srcset=\"https:\/\/www.babidibulibros.com\/wp-content\/uploads\/2023\/07\/230710_Tapa-dura_banner_Version-catalan.jpg 1920w, https:\/\/www.babidibulibros.com\/wp-content\/uploads\/2023\/07\/230710_Tapa-dura_banner_Version-catalan-730x175.jpg 730w, https:\/\/www.babidibulibros.com\/wp-content\/uploads\/2023\/07\/230710_Tapa-dura_banner_Version-catalan-1110x267.jpg 1110w, https:\/\/www.babidibulibros.com\/wp-content\/uploads\/2023\/07\/230710_Tapa-dura_banner_Version-catalan-768x184.jpg 768w, https:\/\/www.babidibulibros.com\/wp-content\/uploads\/2023\/07\/230710_Tapa-dura_banner_Version-catalan-1536x369.jpg 1536w\" sizes=\"auto, (max-width: 1920px) 100vw, 1920px\" \/><div class=\"wp-block-cover__inner-container is-layout-flow wp-block-cover-is-layout-flow\">\n<p class=\"has-text-align-center has-large-font-size\"><\/p>\n<\/div><\/div>\n\n\n\n<div class=\"wp-block-columns is-layout-flex wp-container-core-columns-is-layout-9d6595d7 wp-block-columns-is-layout-flex\">\n<div class=\"wp-block-column is-layout-flow wp-block-column-is-layout-flow\">\n<h2 class=\"wp-block-heading\">Les editorials d&#8217;autoedici\u00f3 i les petites editorials no l&#8217;ofereixen<\/h2>\n\n\n\n<p><strong>La tapa dura \u00e9s molt m\u00e9s cara de produir <\/strong> que la tapa blanda, i les editorials d&#8217;autoedici\u00f3 o similars imprimeixen tirades molt curtes, de manera que aquesta enquadernaci\u00f3 els resulta inaccessible en la producci\u00f3 dels seus llibres amb costs raonables.&nbsp;La producci\u00f3 de llibres sota demanda, avui dia, \u00e9s impossible en tapa dura. <\/p>\n\n\n\n<p>A<strong>&nbsp;BABIDI-B\u00da<\/strong> no tenim aquest problema. Fa tant de temps que apostem fermament per aquesta enquadernaci\u00f3, que no tenim cap dubte que \u00e9s la millor opci\u00f3 possible per als \u00e0lbums il\u00b7lustrats.<\/p>\n\n\n\n<p>Despr\u00e9s d&#8217;anys d&#8217;experi\u00e8ncia, d&#8217;I+D, d&#8217;equivocar-nos, de comprendre, de tornar a comen\u00e7ar, de buscar la millor impremta a la nostra mida, de parlar-ne molt del proc\u00e9s, de les formes, dels terminis, dels costs&#8230;Finalment, ens inclinem totalment per l&#8217;<strong>enquadernaci\u00f3 en tapa dura<\/strong> per aquest tipus de contes infantils. I volem transmetre la nostra experi\u00e8ncia a tots els <strong>autors<\/strong>. <\/p>\n\n\n\n<p>Les nostres tirades de cada t\u00edtol i volum de producci\u00f3 mensual s\u00f3n tan elevades que aconseguim preus de costos unitaris tan competitius com els que aconsegueixen els grans grups editorials. Aix\u00ed, som capa\u00e7os de publicar aquests llibres amb la qualitat m\u00e9s gran i, el que \u00e9s primordial, amb un <strong>\u00a0PVP final molt assequible per al lector.<\/strong>\u00a0I \u00e9s que, si produ\u00efm un llibre meravell\u00f3s que despr\u00e9s \u00e9s invendible per estar fora de preu de mercat, llavors, no haur\u00e0 tingut sentit tot el treball previ.<\/p>\n<\/div>\n<\/div>\n\n\n\n<p><\/p>\n\n\n\n<h2 class=\"has-text-align-center wp-block-heading\">Encara no saps qu\u00e8 \u00e9s millor per al teu llibre?<\/h2>\n\n\n\n<div id=\"big-books-block_1563b05df64ab5a621a3f3947aeba279\" class=\"block-big-books\" data-bg-text=\"\">\n\t<div class=\"row\">\n\t\t<div class=\"big-books three-cols\">\t\t\n\t\t\t\t\t\t\t\t<div class=\"big-books-item\">\n\t\t\t\t\t\t<a class=\"big-books-item-link\" target=\"_self\" href=\"https:\/\/tienda.babidibulibros.com\/libro\/panda-i-zebra_118448\/\"><\/a>\n\t\t\t\t\t\t<img loading=\"lazy\" decoding=\"async\" width=\"800\" height=\"1200\" src=\"https:\/\/www.babidibulibros.com\/wp-content\/uploads\/2021\/02\/edition-107374.jpg\" class=\"attachment-post-thumbnail size-post-thumbnail wp-post-image\" alt=\"\" srcset=\"https:\/\/www.babidibulibros.com\/wp-content\/uploads\/2021\/02\/edition-107374.jpg 800w, https:\/\/www.babidibulibros.com\/wp-content\/uploads\/2021\/02\/edition-107374-200x300.jpg 200w, https:\/\/www.babidibulibros.com\/wp-content\/uploads\/2021\/02\/edition-107374-683x1024.jpg 683w, https:\/\/www.babidibulibros.com\/wp-content\/uploads\/2021\/02\/edition-107374-768x1152.jpg 768w\" sizes=\"auto, (max-width: 800px) 100vw, 800px\" \/>\t\t\t\t    <\/div>\n\t\t\t\t\t\t\t\t\t<div class=\"big-books-item\">\n\t\t\t\t\t\t<a class=\"big-books-item-link\" target=\"_self\" href=\"https:\/\/tienda.babidibulibros.com\/libro\/brilla-lina-brilla-catalan_115792\/\"><\/a>\n\t\t\t\t\t\t<img loading=\"lazy\" decoding=\"async\" width=\"800\" height=\"1200\" src=\"https:\/\/www.babidibulibros.com\/wp-content\/uploads\/2021\/01\/edition-104743.jpg\" class=\"attachment-post-thumbnail size-post-thumbnail wp-post-image\" alt=\"\" srcset=\"https:\/\/www.babidibulibros.com\/wp-content\/uploads\/2021\/01\/edition-104743.jpg 800w, https:\/\/www.babidibulibros.com\/wp-content\/uploads\/2021\/01\/edition-104743-200x300.jpg 200w, https:\/\/www.babidibulibros.com\/wp-content\/uploads\/2021\/01\/edition-104743-683x1024.jpg 683w, https:\/\/www.babidibulibros.com\/wp-content\/uploads\/2021\/01\/edition-104743-768x1152.jpg 768w\" sizes=\"auto, (max-width: 800px) 100vw, 800px\" \/>\t\t\t\t    <\/div>\n\t\t\t\t\t\t\t\t\t<div class=\"big-books-item\">\n\t\t\t\t\t\t<a class=\"big-books-item-link\" target=\"_self\" href=\"https:\/\/tienda.babidibulibros.com\/libro\/la-meva-habitacio-es-un-desgavell_143487\/\"><\/a>\n\t\t\t\t\t\t<img loading=\"lazy\" decoding=\"async\" width=\"1755\" height=\"2560\" src=\"https:\/\/www.babidibulibros.com\/wp-content\/uploads\/2023\/01\/edition-135523-scaled.jpg\" class=\"attachment-post-thumbnail size-post-thumbnail wp-post-image\" alt=\"\" srcset=\"https:\/\/www.babidibulibros.com\/wp-content\/uploads\/2023\/01\/edition-135523-scaled.jpg 1755w, https:\/\/www.babidibulibros.com\/wp-content\/uploads\/2023\/01\/edition-135523-206x300.jpg 206w, https:\/\/www.babidibulibros.com\/wp-content\/uploads\/2023\/01\/edition-135523-702x1024.jpg 702w, https:\/\/www.babidibulibros.com\/wp-content\/uploads\/2023\/01\/edition-135523-768x1120.jpg 768w, https:\/\/www.babidibulibros.com\/wp-content\/uploads\/2023\/01\/edition-135523-1053x1536.jpg 1053w, https:\/\/www.babidibulibros.com\/wp-content\/uploads\/2023\/01\/edition-135523-1404x2048.jpg 1404w\" sizes=\"auto, (max-width: 1755px) 100vw, 1755px\" \/>\t\t\t\t    <\/div>\n\t\t\t\t\t\t\t\t\t<div class=\"big-books-item\">\n\t\t\t\t\t\t<a class=\"big-books-item-link\" target=\"_self\" href=\"https:\/\/tienda.babidibulibros.com\/libro\/l-home-de-color-blau-brillant_136055\/\"><\/a>\n\t\t\t\t\t\t<img loading=\"lazy\" decoding=\"async\" width=\"1880\" height=\"1920\" src=\"https:\/\/www.babidibulibros.com\/wp-content\/uploads\/2021\/12\/edition-127327.jpg\" class=\"attachment-post-thumbnail size-post-thumbnail wp-post-image\" alt=\"\" srcset=\"https:\/\/www.babidibulibros.com\/wp-content\/uploads\/2021\/12\/edition-127327.jpg 1880w, https:\/\/www.babidibulibros.com\/wp-content\/uploads\/2021\/12\/edition-127327-294x300.jpg 294w, https:\/\/www.babidibulibros.com\/wp-content\/uploads\/2021\/12\/edition-127327-1002x1024.jpg 1002w, https:\/\/www.babidibulibros.com\/wp-content\/uploads\/2021\/12\/edition-127327-768x784.jpg 768w, https:\/\/www.babidibulibros.com\/wp-content\/uploads\/2021\/12\/edition-127327-1504x1536.jpg 1504w\" sizes=\"auto, (max-width: 1880px) 100vw, 1880px\" \/>\t\t\t\t    <\/div>\n\t\t\t\t\t\t\t\t\t<div class=\"big-books-item\">\n\t\t\t\t\t\t<a class=\"big-books-item-link\" target=\"_self\" href=\"https:\/\/tienda.babidibulibros.com\/libro\/l-amelia-no-es-banya_147419\/\"><\/a>\n\t\t\t\t\t\t<img loading=\"lazy\" decoding=\"async\" width=\"300\" height=\"311\" src=\"https:\/\/www.babidibulibros.com\/wp-content\/uploads\/2023\/04\/edition-139709.jpg\" class=\"attachment-post-thumbnail size-post-thumbnail wp-post-image\" alt=\"\" srcset=\"https:\/\/www.babidibulibros.com\/wp-content\/uploads\/2023\/04\/edition-139709.jpg 300w, https:\/\/www.babidibulibros.com\/wp-content\/uploads\/2023\/04\/edition-139709-289x300.jpg 289w\" sizes=\"auto, (max-width: 300px) 100vw, 300px\" \/>\t\t\t\t    <\/div>\n\t\t\t\t\t\t\t\t\t<div class=\"big-books-item\">\n\t\t\t\t\t\t<a class=\"big-books-item-link\" target=\"_self\" href=\"https:\/\/tienda.babidibulibros.com\/libro\/no-encaixo_145462\/\"><\/a>\n\t\t\t\t\t\t<img loading=\"lazy\" decoding=\"async\" width=\"652\" height=\"652\" src=\"https:\/\/www.babidibulibros.com\/wp-content\/uploads\/2023\/01\/edition-137574.jpg\" class=\"attachment-post-thumbnail size-post-thumbnail wp-post-image\" alt=\"\" srcset=\"https:\/\/www.babidibulibros.com\/wp-content\/uploads\/2023\/01\/edition-137574.jpg 652w, https:\/\/www.babidibulibros.com\/wp-content\/uploads\/2023\/01\/edition-137574-300x300.jpg 300w\" sizes=\"auto, (max-width: 652px) 100vw, 652px\" \/>\t\t\t\t    <\/div>\n\t\t\t\t\t\t\t\t\t<div class=\"big-books-item\">\n\t\t\t\t\t\t<a class=\"big-books-item-link\" target=\"_self\" href=\"https:\/\/tienda.babidibulibros.com\/libro\/l%20osset-lila_102864\/\"><\/a>\n\t\t\t\t\t\t<img loading=\"lazy\" decoding=\"async\" width=\"800\" height=\"568\" src=\"https:\/\/www.babidibulibros.com\/wp-content\/uploads\/2021\/01\/edition-95182.jpg\" class=\"attachment-post-thumbnail size-post-thumbnail wp-post-image\" alt=\"\" srcset=\"https:\/\/www.babidibulibros.com\/wp-content\/uploads\/2021\/01\/edition-95182.jpg 800w, https:\/\/www.babidibulibros.com\/wp-content\/uploads\/2021\/01\/edition-95182-423x300.jpg 423w, https:\/\/www.babidibulibros.com\/wp-content\/uploads\/2021\/01\/edition-95182-768x545.jpg 768w\" sizes=\"auto, (max-width: 800px) 100vw, 800px\" \/>\t\t\t\t    <\/div>\n\t\t\t\t\t\t\t\t\t<div class=\"big-books-item\">\n\t\t\t\t\t\t<a class=\"big-books-item-link\" target=\"_self\" href=\"https:\/\/tienda.babidibulibros.com\/libro\/una-dolca-abracada_108458\/\"><\/a>\n\t\t\t\t\t\t<img loading=\"lazy\" decoding=\"async\" width=\"800\" height=\"591\" src=\"https:\/\/www.babidibulibros.com\/wp-content\/uploads\/2021\/01\/edition-100764.jpg\" class=\"attachment-post-thumbnail size-post-thumbnail wp-post-image\" alt=\"\" srcset=\"https:\/\/www.babidibulibros.com\/wp-content\/uploads\/2021\/01\/edition-100764.jpg 800w, https:\/\/www.babidibulibros.com\/wp-content\/uploads\/2021\/01\/edition-100764-406x300.jpg 406w, https:\/\/www.babidibulibros.com\/wp-content\/uploads\/2021\/01\/edition-100764-768x567.jpg 768w\" sizes=\"auto, (max-width: 800px) 100vw, 800px\" \/>\t\t\t\t    <\/div>\n\t\t\t\t\t\t\t\t\t<div class=\"big-books-item\">\n\t\t\t\t\t\t<a class=\"big-books-item-link\" target=\"_self\" href=\"https:\/\/tienda.babidibulibros.com\/libro\/com-es-la-teva-familia_119517\/\"><\/a>\n\t\t\t\t\t\t<img loading=\"lazy\" decoding=\"async\" width=\"800\" height=\"568\" src=\"https:\/\/www.babidibulibros.com\/wp-content\/uploads\/2021\/04\/edition-108785.jpg\" class=\"attachment-post-thumbnail size-post-thumbnail wp-post-image\" alt=\"\" srcset=\"https:\/\/www.babidibulibros.com\/wp-content\/uploads\/2021\/04\/edition-108785.jpg 800w, https:\/\/www.babidibulibros.com\/wp-content\/uploads\/2021\/04\/edition-108785-423x300.jpg 423w, https:\/\/www.babidibulibros.com\/wp-content\/uploads\/2021\/04\/edition-108785-768x545.jpg 768w\" sizes=\"auto, (max-width: 800px) 100vw, 800px\" \/>\t\t\t\t    <\/div>\n\t\t\t\t\t\t\t\t\t<\/div>\n\t<\/div>\n\t<div class=\"big-books-actions\">\n\t\t<a class=\"btn btn-primary\" href=\"https:\/\/www.babidibulibros.com\/ca\/publica-amb-nosaltres\/\">\n\t\t\tConverteix el teu somni en un llibre de tapa dura\t\t<\/a>\n\t<\/div>\n<\/div>\n\n\n\n<section id=\"faq-block_51e7ec829cc6ab121fa9e83e164cc15c\" class=\"section section-faqs faq\">\n\t<div class=\"container\">\n\t\t\t\t\t<div class=\"accordion\" id=\"accordionFAQ\">\n\t\t\t\t\t\t\t         <div class=\"card\">\n\t\t\t            <div class=\"card-header\" id=\"heading-1\">\n\t\t\t               <button class=\"collapsed\" type=\"button\" data-toggle=\"collapse\" data-target=\"#collapse-1\" aria-expanded=\"false\" aria-controls=\"collapse-1\">\n\t\t\t               <span>Qu\u00e8 \u00e9s exactament la tapa dura?<\/span>\n\t\t\t               <\/button>\n\t\t\t            <\/div>\n\t\t\t            <div id=\"collapse-1\" class=\"collapse\" aria-labelledby=\"heading-1\" data-parent=\"#accordionFAQ\" style=\"\">\n\t\t\t               <div class=\"card-body\">\n\t\t\t                  Es tracta d&#8217;un tipus d&#8217;enquadernaci\u00f3 en qu\u00e8 el llibre \u00e9s revestit per una coberta semir\u00edgida de cart\u00f3 que pot adherir-se a les p\u00e0gines mitjan\u00e7ant encolat o mitjan\u00e7ant cosit. \r\n\r\nEn el nostre cas, optem per cosir les p\u00e0gines, ja que el resultat \u00e9s de major qualitat i evitem errors que segurament coneixes per llibres a casa: p\u00e0gines que es separen amb el pas dels anys, aspecte brut i enganx\u00f3s en els lloms&#8230; Tamb\u00e9 pots con\u00e8ixer aquest tipus d&#8217;enquadernaci\u00f3 com a carton\u00e9.\t\t\t               <\/div>\n\t\t\t            <\/div>\n\t\t\t         <\/div>\n\t\t\t\t\t\t\t         <div class=\"card\">\n\t\t\t            <div class=\"card-header\" id=\"heading-2\">\n\t\t\t               <button class=\"collapsed\" type=\"button\" data-toggle=\"collapse\" data-target=\"#collapse-2\" aria-expanded=\"false\" aria-controls=\"collapse-2\">\n\t\t\t               <span>Per qu\u00e8 apostar amb nosaltres per la tapa dura?<\/span>\n\t\t\t               <\/button>\n\t\t\t            <\/div>\n\t\t\t            <div id=\"collapse-2\" class=\"collapse\" aria-labelledby=\"heading-2\" data-parent=\"#accordionFAQ\" style=\"\">\n\t\t\t               <div class=\"card-body\">\n\t\t\t                  En aquest mercat tan ple de tota mena de llibres que es publiquen cada dia, \u00e9s molt important distingir-se, llan\u00e7ant un producte diferenciador i m\u00e9s exclusiu. Els nostres contes infantils en tapa dura ho s\u00f3n! \r\n\r\nAquest tipus de llibres s\u00f3n, de deb\u00f2, la nostra especialitat, amb els quals realment gaudim com a nens! Un conte il\u00b7lustrat per a nens no \u00e9s nom\u00e9s un llibre breu adornat amb il\u00b7lustracions. \r\n\r\nPer a nosaltres, un conte il\u00b7lustrat \u00e9s una eina preciosa per treballar amb els nostres lectors diferents aspectes de la nostra realitat tan complexa. \r\n\r\n\r\n\t\t\t               <\/div>\n\t\t\t            <\/div>\n\t\t\t         <\/div>\n\t\t\t\t\t\t\t         <div class=\"card\">\n\t\t\t            <div class=\"card-header\" id=\"heading-3\">\n\t\t\t               <button class=\"collapsed\" type=\"button\" data-toggle=\"collapse\" data-target=\"#collapse-3\" aria-expanded=\"false\" aria-controls=\"collapse-3\">\n\t\t\t               <span>Per qu\u00e8 \u00e9s tan important l&#8217;elecci\u00f3 de la tapa en un llibre infantil?<\/span>\n\t\t\t               <\/button>\n\t\t\t            <\/div>\n\t\t\t            <div id=\"collapse-3\" class=\"collapse\" aria-labelledby=\"heading-3\" data-parent=\"#accordionFAQ\" style=\"\">\n\t\t\t               <div class=\"card-body\">\n\t\t\t                  Perqu\u00e8 ser\u00e0 un element que distingeixi el llibre de la compet\u00e8ncia. Un llibre de tapa dura tindr\u00e0 un aspecte m\u00e9s professional que un \u00e0lbum il\u00b7lustrat de tapa tova i donar\u00e0 una major qualitat al llibre infantil, per tant \u00e9s una opci\u00f3 m\u00e9s recomanable.\t\t\t               <\/div>\n\t\t\t            <\/div>\n\t\t\t         <\/div>\n\t\t\t\t\t\t\t         <div class=\"card\">\n\t\t\t            <div class=\"card-header\" id=\"heading-4\">\n\t\t\t               <button class=\"collapsed\" type=\"button\" data-toggle=\"collapse\" data-target=\"#collapse-4\" aria-expanded=\"false\" aria-controls=\"collapse-4\">\n\t\t\t               <span>\u00c9s inc\u00f2moda la tapa dura pels petits lectors?<\/span>\n\t\t\t               <\/button>\n\t\t\t            <\/div>\n\t\t\t            <div id=\"collapse-4\" class=\"collapse\" aria-labelledby=\"heading-4\" data-parent=\"#accordionFAQ\" style=\"\">\n\t\t\t               <div class=\"card-body\">\n\t\t\t                  Despr\u00e9s d&#8217;anys d&#8217;experi\u00e8ncia, hem aconseguit saber qu\u00e8 \u00e9s el que realment funciona en els nostres petits lectors. \r\n\r\nContem amb extensions i formats determinats perqu\u00e8 els llibres no es facin pesats, no els molestin&#8230; i alhora siguin resistents perqu\u00e8 les obres dels nostres autors viatgin en la mem\u00f2ria de m\u00faltiples generacions.\r\n\r\n\t\t\t               <\/div>\n\t\t\t            <\/div>\n\t\t\t         <\/div>\n\t\t\t\t\t\t\t<\/div>\n\t\t\t\t<div class=\"text-center support-text\">\n\t\t\t<p>Tens m\u00e9s preguntes? <a href=\"https:\/\/www.babidibulibros.com\/contacto\/\">Contacta amb nosaltres<\/a><\/p> \n\t\t<\/div>\n\t<\/div>\n\t<script type=\"application\/ld+json\">\n\t\t{\n\t    \t\"@context\": \"https:\/\/schema.org\",\n\t\t\t\"@type\": \"FAQPage\",\n\t\t\t\"mainEntity\": [\n\t\t\t\t\t\t\t\t\t{\n\t\t\t\t        \"@type\": \"Question\",\n\t\t\t\t        \"name\": \"Qu\u00e8 \u00e9s exactament la tapa dura?\",\n\t\t\t\t        \"acceptedAnswer\": {\n\t\t\t\t        \t\"@type\": \"Answer\",\n\t\t\t\t\t\t\t\"text\": \"Es tracta d'un tipus d'enquadernaci\u00f3 en qu\u00e8 el llibre \u00e9s revestit per una coberta semir\u00edgida de cart\u00f3 que pot adherir-se a les p\u00e0gines mitjan\u00e7ant encolat o mitjan\u00e7ant cosit. \r\n\r\nEn el nostre cas, optem per cosir les p\u00e0gines, ja que el resultat \u00e9s de major qualitat i evitem errors que segurament coneixes per llibres a casa: p\u00e0gines que es separen amb el pas dels anys, aspecte brut i enganx\u00f3s en els lloms... Tamb\u00e9 pots con\u00e8ixer aquest tipus d'enquadernaci\u00f3 com a carton\u00e9.\"\n\t\t\t\t\t\t}\n\t\t\t\t    }\n\t\t\t\t    \t\t\t\t    \n\t\t\t\t\t\t\t\t\t\t,{\n\t\t\t\t\t        \"@type\": \"Question\",\n\t\t\t\t\t        \"name\": \"Per qu\u00e8 apostar amb nosaltres per la tapa dura?\",\n\t\t\t\t\t        \"acceptedAnswer\": {\n\t\t\t\t\t        \t\"@type\": \"Answer\",\n\t\t\t\t\t\t\t\t\"text\": \"En aquest mercat tan ple de tota mena de llibres que es publiquen cada dia, \u00e9s molt important distingir-se, llan\u00e7ant un producte diferenciador i m\u00e9s exclusiu. Els nostres contes infantils en tapa dura ho s\u00f3n! \r\n\r\nAquest tipus de llibres s\u00f3n, de deb\u00f2, la nostra especialitat, amb els quals realment gaudim com a nens! Un conte il\u00b7lustrat per a nens no \u00e9s nom\u00e9s un llibre breu adornat amb il\u00b7lustracions. \r\n\r\nPer a nosaltres, un conte il\u00b7lustrat \u00e9s una eina preciosa per treballar amb els nostres lectors diferents aspectes de la nostra realitat tan complexa. \r\n\r\n\r\n\"\n\t\t\t\t\t\t\t}\n\t\t\t\t\t    }\n\t\t\t\t    \t\t\t\t    \n\t\t\t\t\t\t\t\t\t\t,{\n\t\t\t\t\t        \"@type\": \"Question\",\n\t\t\t\t\t        \"name\": \"Per qu\u00e8 \u00e9s tan important l'elecci\u00f3 de la tapa en un llibre infantil?\",\n\t\t\t\t\t        \"acceptedAnswer\": {\n\t\t\t\t\t        \t\"@type\": \"Answer\",\n\t\t\t\t\t\t\t\t\"text\": \"Perqu\u00e8 ser\u00e0 un element que distingeixi el llibre de la compet\u00e8ncia. Un llibre de tapa dura tindr\u00e0 un aspecte m\u00e9s professional que un \u00e0lbum il\u00b7lustrat de tapa tova i donar\u00e0 una major qualitat al llibre infantil, per tant \u00e9s una opci\u00f3 m\u00e9s recomanable.\"\n\t\t\t\t\t\t\t}\n\t\t\t\t\t    }\n\t\t\t\t    \t\t\t\t    \n\t\t\t\t\t\t\t\t\t\t,{\n\t\t\t\t\t        \"@type\": \"Question\",\n\t\t\t\t\t        \"name\": \"\u00c9s inc\u00f2moda la tapa dura pels petits lectors?\",\n\t\t\t\t\t        \"acceptedAnswer\": {\n\t\t\t\t\t        \t\"@type\": \"Answer\",\n\t\t\t\t\t\t\t\t\"text\": \"Despr\u00e9s d'anys d'experi\u00e8ncia, hem aconseguit saber qu\u00e8 \u00e9s el que realment funciona en els nostres petits lectors. \r\n\r\nContem amb extensions i formats determinats perqu\u00e8 els llibres no es facin pesats, no els molestin... i alhora siguin resistents perqu\u00e8 les obres dels nostres autors viatgin en la mem\u00f2ria de m\u00faltiples generacions.\r\n\r\n\"\n\t\t\t\t\t\t\t}\n\t\t\t\t\t    }\n\t\t\t\t    \t\t\t\t    \n\t\t\t\t\t\t\t]\n\t    }\n    <\/script>    \n<\/section>\n\n\n\n\n\n\n\n\n\n\n\n<div id=\"contact-block_f384f4f192056cd418c836efc678ae43\" class=\"block-contact\">\n\t<div class=\"block-contact-txt\">\n\t\t<h2>Contacta amb nosaltres<\/h2>\n\t\t<p>Truca&#8217;ns o demana&#8217;ns que et truquem per demanar assessorament<\/p>\n\t<\/div>\n\t<div class=\"block-contact-items\">\n\t\t<div class=\"contact-item\">\n\t\t\t<a href=\"https:\/\/api.whatsapp.com\/send?phone=34653754771&#038;\" alt=\"Whatsapp Babidibu\" rel=\"nofollow noopener\" target=\"_blank\">\n\t\t\t\t<div class=\"contact-item-icon\">\n\t\t\t\t\t<i class=\"ri-whatsapp-line\"><\/i> \n\t\t\t\t<\/div>\n\t\t\t\t<div class=\"contact-item-txt\">\n\t\t\t\t\tWhatsApp\n\t\t\t\t<\/div>\n\t\t\t<\/a>\n\t\t<\/div>\n\t\t<div class=\"contact-item\">\n\t\t\t<a href=\"tel:+34653754771\" alt=\"Trucar per tel\u00e8fon a Babidib\u00fa\">\n\t\t\t\t<div class=\"contact-item-icon\">\n\t\t\t\t\t<i class=\"ri-smartphone-line\"><\/i>\n\t\t\t\t<\/div>\n\t\t\t\t<div class=\"contact-item-txt\">\n\t\t\t\tTel\u00e8fon\t\t\t\t<\/div>\n\t\t\t<\/a>\n\t\t<\/div>\n\t\t<div class=\"contact-item\">\n\t\t\t<a href=\"https:\/\/www.babidibulibros.com\/publica-con-nosotros\/\">\n\t\t\t\t<div class=\"contact-item-icon\">\n\t\t\t\t\t<i class=\"ri-file-list-3-line\"><\/i>\n\t\t\t\t<\/div>\n\t\t\t\t<div class=\"contact-item-txt\">\n\t\t\t\t\tManuscrit\t\t\t\t<\/div>\n\t\t\t<\/a>\n\t\t<\/div>\n\t<\/div>\n<\/div>","protected":false},"excerpt":{"rendered":"<p>Els contes en tapa dura, una aposta guanyadora Els nostres\u00a0contes il\u00b7lustrats reben cura durant tot el proc\u00e9s creatiu des de [&hellip;]<\/p>\n","protected":false},"author":3,"featured_media":0,"parent":0,"menu_order":107,"comment_status":"closed","ping_status":"closed","template":"","meta":{"_acf_changed":false,"content-type":"","footnotes":""},"class_list":["post-63849","page","type-page","status-publish","hentry"],"acf":[],"_links":{"self":[{"href":"https:\/\/www.babidibulibros.com\/ca\/wp-json\/wp\/v2\/pages\/63849","targetHints":{"allow":["GET"]}}],"collection":[{"href":"https:\/\/www.babidibulibros.com\/ca\/wp-json\/wp\/v2\/pages"}],"about":[{"href":"https:\/\/www.babidibulibros.com\/ca\/wp-json\/wp\/v2\/types\/page"}],"author":[{"embeddable":true,"href":"https:\/\/www.babidibulibros.com\/ca\/wp-json\/wp\/v2\/users\/3"}],"replies":[{"embeddable":true,"href":"https:\/\/www.babidibulibros.com\/ca\/wp-json\/wp\/v2\/comments?post=63849"}],"version-history":[{"count":2,"href":"https:\/\/www.babidibulibros.com\/ca\/wp-json\/wp\/v2\/pages\/63849\/revisions"}],"predecessor-version":[{"id":65668,"href":"https:\/\/www.babidibulibros.com\/ca\/wp-json\/wp\/v2\/pages\/63849\/revisions\/65668"}],"wp:attachment":[{"href":"https:\/\/www.babidibulibros.com\/ca\/wp-json\/wp\/v2\/media?parent=63849"}],"curies":[{"name":"wp","href":"https:\/\/api.w.org\/{rel}","templated":true}]}}