{"id":63851,"date":"2020-07-25T20:14:41","date_gmt":"2020-07-25T18:14:41","guid":{"rendered":"https:\/\/www.babidibulibros.com\/como-publicar-un-libro-juvenil\/"},"modified":"2024-06-21T09:43:05","modified_gmt":"2024-06-21T07:43:05","slug":"com-publicar-un-llibre-juvenil","status":"publish","type":"page","link":"https:\/\/www.babidibulibros.com\/ca\/com-publicar-un-llibre-juvenil\/","title":{"rendered":"Com publicar un llibre juvenil"},"content":{"rendered":"\n<h2 class=\"wp-block-heading has-text-align-left is-style-default\">Un comprom\u00eds literari ineludible amb una generaci\u00f3 que no espera<\/h2>\n\n\n\n<div class=\"wp-block-media-text alignfull is-stacked-on-mobile\"><figure class=\"wp-block-media-text__media\"><img loading=\"lazy\" decoding=\"async\" width=\"1110\" height=\"741\" src=\"https:\/\/www.babidibulibros.com\/wp-content\/uploads\/2022\/10\/Libro-ginkl-e1665147173321-1110x741.png\" alt=\"\" class=\"wp-image-26619 size-full\"\/><\/figure><div class=\"wp-block-media-text__content\">\n<p class=\"has-text-align-left\">Qu\u00e8 es pot dir de la <strong>literatura juvenil<\/strong> que no s&#8217;hagi dit ja?<\/p>\n\n\n\n<p>El que si sabem, per la nostra experi\u00e8ncia, \u00e9s que aquesta requereix comprom\u00eds i claredat en el missatge, aix\u00ed com esfor\u00e7 per recon\u00e8ixer la singularitat dels nostres lectors adolescents en l&#8217;actualitat. Requereix un control del llenguatge que s&#8217;equilibri entre les tend\u00e8ncies i jargons i el did\u00e0ctic i educatiu, ensenyant la difer\u00e8ncia entre el vulgar per\u00f2 a la moda, i l&#8217;acad\u00e8mic.<\/p>\n\n\n\n<p>Nosaltres volem posar el nostre gra de sorra perqu\u00e8 els nostres autors de literatura juvenil tinguin, en el nostre segell, un lloc on arribar i on tamb\u00e9 quedar-se.<\/p>\n\n\n\n<p>Gr\u00e0cies a obres que s\u2019han convertit en joies del nostre cat\u00e0leg, ens hem imposat en el m\u00f3n literari amb gran autoritat, avalats per autors de gran traject\u00f2ria i que han confiat en nosaltres per publicar la seva \u00f2pera prima en el que fa refer\u00e8ncia a literatura infantil.<\/p>\n<\/div><\/div>\n\n\n\n<h2 class=\"wp-block-heading\">Quina \u00e9s la millor editorial per publicar un llibre juvenil?<\/h2>\n\n\n\n<p>Sense cap mena de dubte, la millor <strong>editorial juvenil<\/strong> per publicar un llibre juvenil \u00e9s BABIDI-B\u00da. Cada dia, continuem valorant manuscrits de tem\u00e0tica juvenil amb els quals enriquir la nostra col\u00b7lecci\u00f3 &nbsp;<strong><a href=\"https:\/\/www.babidibulibros.com\/coleccion\/ginko-biloba\/\">Ginkgo biloba<\/a>,<\/strong>&nbsp;la qual va ser ideada per acollir aquest tipus d&#8217;obres.<\/p>\n\n\n\n<div id=\"video-block_b3e8b71f579fb91e9ea215dbd3c4339e\" class=\"block-video video\">\n\t<div class=\"media-object\">\n\t\t<div class=\"media-object-item media-object-copy\">\n\t\t\t<div class=\"media-object-copy-body\">\n\t\t\t\t<h2>Coneix l&#8217;experi\u00e8ncia de BABIDI-B\u00da de primera m\u00e0<\/h2>\n\t\t\t\t<p><p>Un dels nostres autors de refer\u00e8ncia, Jos\u00e9 Franc\u00e9s, ens parla de seva experi\u00e8ncia a BABIDI-B\u00da <strong>, <\/strong>despr\u00e9s de<strong> publicar el seu llibre juvenil <a href=\"https:\/\/www.babidibulibros.com\/libro\/el-laberinto-de-las-nueve-llaves_71584\/\">El laberinto de las nueve llaves.<\/a><\/strong><\/p>\n<\/p>\n\t\t\t\t<a class=\"link\" href=\"https:\/\/www.babidibulibros.com\/ca\/video-opiniones-de-los-autores\/\">Tots els v\u00eddeos testimonis <\/a>\n\t\t\t<\/div>\n\t\t<\/div>\n\t\t<figure class=\"media-object-item media-object-media js-trigger-video-modal-video-block_b3e8b71f579fb91e9ea215dbd3c4339e\">\n\t\t\t\t\t\t\t<img decoding=\"async\" class=\"media-object-media-img\" src=\"https:\/\/www.babidibulibros.com\/wp-content\/uploads\/2023\/03\/230307_ExperienciaBBB_video.jpg\" \/>\n\t\t\t\t\t\t\t\n\t\t<\/figure>\n\t<\/div>\n<\/div>  \n\t\n\n<style>\n\t.show-video-modal-video-block_b3e8b71f579fb91e9ea215dbd3c4339e #modal_video-block_b3e8b71f579fb91e9ea215dbd3c4339e {\n\t\topacity: 1.0;\n\t\t-webkit-transform: translate(0%,0%);\n\t\t\t-ms-transform: translate(0%,0%);\n\t\t\t\ttransform: translate(0%,0%);\n\t}\n\t.show-video-modal-video-block_b3e8b71f579fb91e9ea215dbd3c4339e #modal_video-block_b3e8b71f579fb91e9ea215dbd3c4339e .overlay {\n\t\topacity: 1.0;\n\t}\n\t.show-video-modal-video-block_b3e8b71f579fb91e9ea215dbd3c4339e #modal_video-block_b3e8b71f579fb91e9ea215dbd3c4339e .video-modal-content {\n\t\t-webkit-transform: translate(0%,0%);\n\t\t\t-ms-transform: translate(0%,0%);\n\t\t\t\ttransform: translate(0%,0%);\n\t}\n<\/style>\n\t\n\n\n<div class=\"wp-block-buttons is-layout-flex wp-block-buttons-is-layout-flex\">\n<div class=\"wp-block-button\"><a class=\"wp-block-button__link wp-element-button\" href=\"https:\/\/www.youtube.com\/watch?v=eiIfCRlcOPs\" target=\"_blank\" rel=\"noreferrer noopener nofollow\">V\u00eddeo: \u00bfC\u00d3MO PUBLICAR UN CUENTO? El autor Jos\u00e9 A. Franc\u00e9s recomienda la editorial INFANTIL BABIDI-B\u00da<\/a><\/div>\n<\/div>\n\n\n\n<div id=\"big-books-block_0dbd40002a91882be106fdbbe26d7c47\" class=\"block-big-books\" data-bg-text=\"\">\n\t<div class=\"row\">\n\t\t<div class=\"big-books four-cols\">\t\t\n\t\t\t\t\t\t\t\t<div class=\"big-books-item\">\n\t\t\t\t\t\t<a class=\"big-books-item-link\" target=\"_self\" href=\"https:\/\/tienda.babidibulibros.com\/libro\/a-donde-van-las-estrellas-cuando-mueren_115764\/\"><\/a>\n\t\t\t\t\t\t<img loading=\"lazy\" decoding=\"async\" width=\"800\" height=\"1200\" src=\"https:\/\/www.babidibulibros.com\/wp-content\/uploads\/2021\/01\/edition-104714.jpg\" class=\"attachment-post-thumbnail size-post-thumbnail wp-post-image\" alt=\"\" srcset=\"https:\/\/www.babidibulibros.com\/wp-content\/uploads\/2021\/01\/edition-104714.jpg 800w, https:\/\/www.babidibulibros.com\/wp-content\/uploads\/2021\/01\/edition-104714-200x300.jpg 200w, https:\/\/www.babidibulibros.com\/wp-content\/uploads\/2021\/01\/edition-104714-683x1024.jpg 683w, https:\/\/www.babidibulibros.com\/wp-content\/uploads\/2021\/01\/edition-104714-768x1152.jpg 768w\" sizes=\"auto, (max-width: 800px) 100vw, 800px\" \/>\t\t\t\t    <\/div>\n\t\t\t\t\t\t\t\t\t<div class=\"big-books-item\">\n\t\t\t\t\t\t<a class=\"big-books-item-link\" target=\"_self\" href=\"https:\/\/tienda.babidibulibros.com\/libro\/tuk-y-sus-hadas_117168\/\"><\/a>\n\t\t\t\t\t\t<img loading=\"lazy\" decoding=\"async\" width=\"800\" height=\"1200\" src=\"https:\/\/www.babidibulibros.com\/wp-content\/uploads\/2021\/01\/edition-106172.jpg\" class=\"attachment-post-thumbnail size-post-thumbnail wp-post-image\" alt=\"\" srcset=\"https:\/\/www.babidibulibros.com\/wp-content\/uploads\/2021\/01\/edition-106172.jpg 800w, https:\/\/www.babidibulibros.com\/wp-content\/uploads\/2021\/01\/edition-106172-200x300.jpg 200w, https:\/\/www.babidibulibros.com\/wp-content\/uploads\/2021\/01\/edition-106172-683x1024.jpg 683w, https:\/\/www.babidibulibros.com\/wp-content\/uploads\/2021\/01\/edition-106172-768x1152.jpg 768w\" sizes=\"auto, (max-width: 800px) 100vw, 800px\" \/>\t\t\t\t    <\/div>\n\t\t\t\t\t\t\t\t\t<div class=\"big-books-item\">\n\t\t\t\t\t\t<a class=\"big-books-item-link\" target=\"_self\" href=\"https:\/\/tienda.babidibulibros.com\/libro\/quien-suena-conmigo_107059\/\"><\/a>\n\t\t\t\t\t\t<img loading=\"lazy\" decoding=\"async\" width=\"800\" height=\"1200\" src=\"https:\/\/www.babidibulibros.com\/wp-content\/uploads\/2021\/01\/edition-99466.jpg\" class=\"attachment-post-thumbnail size-post-thumbnail wp-post-image\" alt=\"\" srcset=\"https:\/\/www.babidibulibros.com\/wp-content\/uploads\/2021\/01\/edition-99466.jpg 800w, https:\/\/www.babidibulibros.com\/wp-content\/uploads\/2021\/01\/edition-99466-200x300.jpg 200w, https:\/\/www.babidibulibros.com\/wp-content\/uploads\/2021\/01\/edition-99466-683x1024.jpg 683w, https:\/\/www.babidibulibros.com\/wp-content\/uploads\/2021\/01\/edition-99466-768x1152.jpg 768w\" sizes=\"auto, (max-width: 800px) 100vw, 800px\" \/>\t\t\t\t    <\/div>\n\t\t\t\t\t\t\t\t\t<div class=\"big-books-item\">\n\t\t\t\t\t\t<a class=\"big-books-item-link\" target=\"_self\" href=\"https:\/\/tienda.babidibulibros.com\/libro\/los-crimenes-del-valle-de-la-miel_105447\/\"><\/a>\n\t\t\t\t\t\t<img loading=\"lazy\" decoding=\"async\" width=\"800\" height=\"1200\" src=\"https:\/\/www.babidibulibros.com\/wp-content\/uploads\/2021\/01\/edition-97722.jpg\" class=\"attachment-post-thumbnail size-post-thumbnail wp-post-image\" alt=\"\" srcset=\"https:\/\/www.babidibulibros.com\/wp-content\/uploads\/2021\/01\/edition-97722.jpg 800w, https:\/\/www.babidibulibros.com\/wp-content\/uploads\/2021\/01\/edition-97722-200x300.jpg 200w, https:\/\/www.babidibulibros.com\/wp-content\/uploads\/2021\/01\/edition-97722-683x1024.jpg 683w, https:\/\/www.babidibulibros.com\/wp-content\/uploads\/2021\/01\/edition-97722-768x1152.jpg 768w\" sizes=\"auto, (max-width: 800px) 100vw, 800px\" \/>\t\t\t\t    <\/div>\n\t\t\t\t\t\t\t\t\t<div class=\"big-books-item\">\n\t\t\t\t\t\t<a class=\"big-books-item-link\" target=\"_self\" href=\"https:\/\/tienda.babidibulibros.com\/libro\/valentina-busca-el-norte_104871\/\"><\/a>\n\t\t\t\t\t\t<img loading=\"lazy\" decoding=\"async\" width=\"800\" height=\"1200\" src=\"https:\/\/www.babidibulibros.com\/wp-content\/uploads\/2021\/01\/edition-97354.jpg\" class=\"attachment-post-thumbnail size-post-thumbnail wp-post-image\" alt=\"\" srcset=\"https:\/\/www.babidibulibros.com\/wp-content\/uploads\/2021\/01\/edition-97354.jpg 800w, https:\/\/www.babidibulibros.com\/wp-content\/uploads\/2021\/01\/edition-97354-200x300.jpg 200w, https:\/\/www.babidibulibros.com\/wp-content\/uploads\/2021\/01\/edition-97354-683x1024.jpg 683w, https:\/\/www.babidibulibros.com\/wp-content\/uploads\/2021\/01\/edition-97354-768x1152.jpg 768w\" sizes=\"auto, (max-width: 800px) 100vw, 800px\" \/>\t\t\t\t    <\/div>\n\t\t\t\t\t\t\t\t\t<div class=\"big-books-item\">\n\t\t\t\t\t\t<a class=\"big-books-item-link\" target=\"_self\" href=\"https:\/\/tienda.babidibulibros.com\/libro\/keswick-y-el-arbol-de-la-vida_109040\/\"><\/a>\n\t\t\t\t\t\t<img loading=\"lazy\" decoding=\"async\" width=\"800\" height=\"1169\" src=\"https:\/\/www.babidibulibros.com\/wp-content\/uploads\/2021\/01\/edition-101177.jpg\" class=\"attachment-post-thumbnail size-post-thumbnail wp-post-image\" alt=\"\" srcset=\"https:\/\/www.babidibulibros.com\/wp-content\/uploads\/2021\/01\/edition-101177.jpg 800w, https:\/\/www.babidibulibros.com\/wp-content\/uploads\/2021\/01\/edition-101177-205x300.jpg 205w, https:\/\/www.babidibulibros.com\/wp-content\/uploads\/2021\/01\/edition-101177-701x1024.jpg 701w, https:\/\/www.babidibulibros.com\/wp-content\/uploads\/2021\/01\/edition-101177-768x1122.jpg 768w\" sizes=\"auto, (max-width: 800px) 100vw, 800px\" \/>\t\t\t\t    <\/div>\n\t\t\t\t\t\t\t\t\t<div class=\"big-books-item\">\n\t\t\t\t\t\t<a class=\"big-books-item-link\" target=\"_self\" href=\"https:\/\/tienda.babidibulibros.com\/libro\/los-buscadores-de-formas_104870\/\"><\/a>\n\t\t\t\t\t\t<img loading=\"lazy\" decoding=\"async\" width=\"800\" height=\"1200\" src=\"https:\/\/www.babidibulibros.com\/wp-content\/uploads\/2021\/01\/edition-97355.jpg\" class=\"attachment-post-thumbnail size-post-thumbnail wp-post-image\" alt=\"\" srcset=\"https:\/\/www.babidibulibros.com\/wp-content\/uploads\/2021\/01\/edition-97355.jpg 800w, https:\/\/www.babidibulibros.com\/wp-content\/uploads\/2021\/01\/edition-97355-200x300.jpg 200w, https:\/\/www.babidibulibros.com\/wp-content\/uploads\/2021\/01\/edition-97355-683x1024.jpg 683w, https:\/\/www.babidibulibros.com\/wp-content\/uploads\/2021\/01\/edition-97355-768x1152.jpg 768w\" sizes=\"auto, (max-width: 800px) 100vw, 800px\" \/>\t\t\t\t    <\/div>\n\t\t\t\t\t\t\t\t\t<\/div>\n\t<\/div>\n\t<div class=\"big-books-actions\">\n\t\t<a class=\"btn btn-primary\" href=\"https:\/\/tienda.babidibulibros.com\/coleccion\/ginko-biloba\/\">\n\t\t\tConsulta m\u00e9s llibres juvenils\t\t<\/a>\n\t<\/div>\n<\/div>\n\n\n\n<hr class=\"wp-block-separator has-css-opacity\"\/>\n\n\n\n<h2 class=\"wp-block-heading has-text-align-center\">\u00bfEncara tens dubtes?<\/h2>\n\n\n\n<p>Posa&#8217;t en contacte amb nosaltres o llegeix les nostres preguntes m\u00e9s freq\u00fcents sobre la publicaci\u00f3 de llibres juvenils.<\/p>\n\n\n\n<section id=\"faq-block_504ec41d97ab366d5c8fc31d4d5bc206\" class=\"section section-faqs faq\">\n\t<div class=\"container\">\n\t\t\t\t\t<div class=\"accordion\" id=\"accordionFAQ\">\n\t\t\t\t\t\t\t         <div class=\"card\">\n\t\t\t            <div class=\"card-header\" id=\"heading-1\">\n\t\t\t               <button class=\"collapsed\" type=\"button\" data-toggle=\"collapse\" data-target=\"#collapse-1\" aria-expanded=\"false\" aria-controls=\"collapse-1\">\n\t\t\t               <span>Qu\u00e8 entenem per un llibre juvenil?<\/span>\n\t\t\t               <\/button>\n\t\t\t            <\/div>\n\t\t\t            <div id=\"collapse-1\" class=\"collapse\" aria-labelledby=\"heading-1\" data-parent=\"#accordionFAQ\" style=\"\">\n\t\t\t               <div class=\"card-body\">\n\t\t\t                  Una obra de gran extensi\u00f3, dirigida especialment als lectors juvenils, tot i que no exclusivament.\t\t\t               <\/div>\n\t\t\t            <\/div>\n\t\t\t         <\/div>\n\t\t\t\t\t\t\t         <div class=\"card\">\n\t\t\t            <div class=\"card-header\" id=\"heading-2\">\n\t\t\t               <button class=\"collapsed\" type=\"button\" data-toggle=\"collapse\" data-target=\"#collapse-2\" aria-expanded=\"false\" aria-controls=\"collapse-2\">\n\t\t\t               <span>Quins s\u00f3n els passos a seguir per publicar un llibre juvenil?<\/span>\n\t\t\t               <\/button>\n\t\t\t            <\/div>\n\t\t\t            <div id=\"collapse-2\" class=\"collapse\" aria-labelledby=\"heading-2\" data-parent=\"#accordionFAQ\" style=\"\">\n\t\t\t               <div class=\"card-body\">\n\t\t\t                  Si et dirigeixes a una editorial com BABIDI-B\u00da, hi ha diferents passos perqu\u00e8 el teu manuscrit acabi sent publicat. Des de la recepci\u00f3 i valoraci\u00f3 de l&#8217;obra, correcci\u00f3, maquetaci\u00f3 i disseny, il\u00b7lustraci\u00f3 (si fos necess\u00e0ria), impremta i, finalment, la seva publicaci\u00f3.\t\t\t               <\/div>\n\t\t\t            <\/div>\n\t\t\t         <\/div>\n\t\t\t\t\t\t\t         <div class=\"card\">\n\t\t\t            <div class=\"card-header\" id=\"heading-3\">\n\t\t\t               <button class=\"collapsed\" type=\"button\" data-toggle=\"collapse\" data-target=\"#collapse-3\" aria-expanded=\"false\" aria-controls=\"collapse-3\">\n\t\t\t               <span>Quant costa publicar un llibre juvenil?<\/span>\n\t\t\t               <\/button>\n\t\t\t            <\/div>\n\t\t\t            <div id=\"collapse-3\" class=\"collapse\" aria-labelledby=\"heading-3\" data-parent=\"#accordionFAQ\" style=\"\">\n\t\t\t               <div class=\"card-body\">\n\t\t\t                  \u00c9s una f\u00f3rmula matem\u00e0tica que est\u00e0 directament relacionada amb el preu d&#8217;impressi\u00f3. Alhora, aquest cost dep\u00e8n directament del format, qualitat del paper, nombre de p\u00e0gines en blanc i negre i nombre de p\u00e0gines a color. L\u2019objectiu de l&#8217;editorial \u00e9s que els preus dels seus llibres siguin els m\u00e9s competitius possibles per tal d\u2019afavorir una venda m\u00e9s f\u00e0cil entre els lectors, de manera que sempre optem per preus molt ajustats respecte al cost. Si un autor desitg\u00e9s augmentar el preu del seu llibre respecte a la nostra proposta, estudiar\u00edem el cas i arribar\u00edem a un consens \u00f2ptim per a totes les parts.\t\t\t               <\/div>\n\t\t\t            <\/div>\n\t\t\t         <\/div>\n\t\t\t\t\t\t\t         <div class=\"card\">\n\t\t\t            <div class=\"card-header\" id=\"heading-4\">\n\t\t\t               <button class=\"collapsed\" type=\"button\" data-toggle=\"collapse\" data-target=\"#collapse-4\" aria-expanded=\"false\" aria-controls=\"collapse-4\">\n\t\t\t               <span>Com \u00e9s el proc\u00e9s de publicaci\u00f3 d&#8217;un llibre juvenil?<\/span>\n\t\t\t               <\/button>\n\t\t\t            <\/div>\n\t\t\t            <div id=\"collapse-4\" class=\"collapse\" aria-labelledby=\"heading-4\" data-parent=\"#accordionFAQ\" style=\"\">\n\t\t\t               <div class=\"card-body\">\n\t\t\t                  El manuscrit passa pels processos de: valoraci\u00f3, correcci\u00f3, maquetaci\u00f3, impressi\u00f3, distribuci\u00f3, promoci\u00f3 i comercialitzaci\u00f3.\t\t\t               <\/div>\n\t\t\t            <\/div>\n\t\t\t         <\/div>\n\t\t\t\t\t\t\t         <div class=\"card\">\n\t\t\t            <div class=\"card-header\" id=\"heading-5\">\n\t\t\t               <button class=\"collapsed\" type=\"button\" data-toggle=\"collapse\" data-target=\"#collapse-5\" aria-expanded=\"false\" aria-controls=\"collapse-5\">\n\t\t\t               <span>Com treballen les editorials juvenils a l&#8217;hora de publicar un llibre juvenil?<\/span>\n\t\t\t               <\/button>\n\t\t\t            <\/div>\n\t\t\t            <div id=\"collapse-5\" class=\"collapse\" aria-labelledby=\"heading-5\" data-parent=\"#accordionFAQ\" style=\"\">\n\t\t\t               <div class=\"card-body\">\n\t\t\t                  Hi ha tres tipus de formes per treballar des d&#8217;una editorial: autoedici\u00f3, edici\u00f3 tradicional i coedici\u00f3.\t\t\t               <\/div>\n\t\t\t            <\/div>\n\t\t\t         <\/div>\n\t\t\t\t\t\t\t         <div class=\"card\">\n\t\t\t            <div class=\"card-header\" id=\"heading-6\">\n\t\t\t               <button class=\"collapsed\" type=\"button\" data-toggle=\"collapse\" data-target=\"#collapse-6\" aria-expanded=\"false\" aria-controls=\"collapse-6\">\n\t\t\t               <span>Com a autor novell, quina opci\u00f3 puc triar?<\/span>\n\t\t\t               <\/button>\n\t\t\t            <\/div>\n\t\t\t            <div id=\"collapse-6\" class=\"collapse\" aria-labelledby=\"heading-6\" data-parent=\"#accordionFAQ\" style=\"\">\n\t\t\t               <div class=\"card-body\">\n\t\t\t                  \u00c9s recomanable evitar l&#8217;autoedici\u00f3 i buscar l&#8217;assessorament d&#8217;una editorial que t&#8217;acompanyi en el cam\u00ed per evitar problemes a l\u2019hora de publicar l&#8217;obra.\t\t\t               <\/div>\n\t\t\t            <\/div>\n\t\t\t         <\/div>\n\t\t\t\t\t\t\t         <div class=\"card\">\n\t\t\t            <div class=\"card-header\" id=\"heading-7\">\n\t\t\t               <button class=\"collapsed\" type=\"button\" data-toggle=\"collapse\" data-target=\"#collapse-7\" aria-expanded=\"false\" aria-controls=\"collapse-7\">\n\t\t\t               <span>Com publicar un llibre juvenil?<\/span>\n\t\t\t               <\/button>\n\t\t\t            <\/div>\n\t\t\t            <div id=\"collapse-7\" class=\"collapse\" aria-labelledby=\"heading-7\" data-parent=\"#accordionFAQ\" style=\"\">\n\t\t\t               <div class=\"card-body\">\n\t\t\t                  A BABIDI-B\u00da estarem encantats d&#8217;ajudar-te amb tot el proc\u00e9s a seguir per a publicar un llibre juvenil. Accedeix a la nostra web i posa&#8217;t en contacte amb nosaltres.\t\t\t               <\/div>\n\t\t\t            <\/div>\n\t\t\t         <\/div>\n\t\t\t\t\t\t\t<\/div>\n\t\t\t\t<div class=\"text-center support-text\">\n\t\t\t<p>Tens m\u00e9s preguntes? <a href=\"https:\/\/www.babidibulibros.com\/contacto\/\">Contacta amb nosaltres<\/a><\/p> \n\t\t<\/div>\n\t<\/div>\n\t<script type=\"application\/ld+json\">\n\t\t{\n\t    \t\"@context\": \"https:\/\/schema.org\",\n\t\t\t\"@type\": \"FAQPage\",\n\t\t\t\"mainEntity\": [\n\t\t\t\t\t\t\t\t\t{\n\t\t\t\t        \"@type\": \"Question\",\n\t\t\t\t        \"name\": \"Qu\u00e8 entenem per un llibre juvenil?\",\n\t\t\t\t        \"acceptedAnswer\": {\n\t\t\t\t        \t\"@type\": \"Answer\",\n\t\t\t\t\t\t\t\"text\": \"Una obra de gran extensi\u00f3, dirigida especialment als lectors juvenils, tot i que no exclusivament.\"\n\t\t\t\t\t\t}\n\t\t\t\t    }\n\t\t\t\t    \t\t\t\t    \n\t\t\t\t\t\t\t\t\t\t,{\n\t\t\t\t\t        \"@type\": \"Question\",\n\t\t\t\t\t        \"name\": \"Quins s\u00f3n els passos a seguir per publicar un llibre juvenil?\",\n\t\t\t\t\t        \"acceptedAnswer\": {\n\t\t\t\t\t        \t\"@type\": \"Answer\",\n\t\t\t\t\t\t\t\t\"text\": \"Si et dirigeixes a una editorial com BABIDI-B\u00da, hi ha diferents passos perqu\u00e8 el teu manuscrit acabi sent publicat. Des de la recepci\u00f3 i valoraci\u00f3 de l'obra, correcci\u00f3, maquetaci\u00f3 i disseny, il\u00b7lustraci\u00f3 (si fos necess\u00e0ria), impremta i, finalment, la seva publicaci\u00f3.\"\n\t\t\t\t\t\t\t}\n\t\t\t\t\t    }\n\t\t\t\t    \t\t\t\t    \n\t\t\t\t\t\t\t\t\t\t,{\n\t\t\t\t\t        \"@type\": \"Question\",\n\t\t\t\t\t        \"name\": \"Quant costa publicar un llibre juvenil?\",\n\t\t\t\t\t        \"acceptedAnswer\": {\n\t\t\t\t\t        \t\"@type\": \"Answer\",\n\t\t\t\t\t\t\t\t\"text\": \"\u00c9s una f\u00f3rmula matem\u00e0tica que est\u00e0 directament relacionada amb el preu d'impressi\u00f3. Alhora, aquest cost dep\u00e8n directament del format, qualitat del paper, nombre de p\u00e0gines en blanc i negre i nombre de p\u00e0gines a color. L\u2019objectiu de l'editorial \u00e9s que els preus dels seus llibres siguin els m\u00e9s competitius possibles per tal d\u2019afavorir una venda m\u00e9s f\u00e0cil entre els lectors, de manera que sempre optem per preus molt ajustats respecte al cost. Si un autor desitg\u00e9s augmentar el preu del seu llibre respecte a la nostra proposta, estudiar\u00edem el cas i arribar\u00edem a un consens \u00f2ptim per a totes les parts.\"\n\t\t\t\t\t\t\t}\n\t\t\t\t\t    }\n\t\t\t\t    \t\t\t\t    \n\t\t\t\t\t\t\t\t\t\t,{\n\t\t\t\t\t        \"@type\": \"Question\",\n\t\t\t\t\t        \"name\": \"Com \u00e9s el proc\u00e9s de publicaci\u00f3 d'un llibre juvenil?\",\n\t\t\t\t\t        \"acceptedAnswer\": {\n\t\t\t\t\t        \t\"@type\": \"Answer\",\n\t\t\t\t\t\t\t\t\"text\": \"El manuscrit passa pels processos de: valoraci\u00f3, correcci\u00f3, maquetaci\u00f3, impressi\u00f3, distribuci\u00f3, promoci\u00f3 i comercialitzaci\u00f3.\"\n\t\t\t\t\t\t\t}\n\t\t\t\t\t    }\n\t\t\t\t    \t\t\t\t    \n\t\t\t\t\t\t\t\t\t\t,{\n\t\t\t\t\t        \"@type\": \"Question\",\n\t\t\t\t\t        \"name\": \"Com treballen les editorials juvenils a l'hora de publicar un llibre juvenil?\",\n\t\t\t\t\t        \"acceptedAnswer\": {\n\t\t\t\t\t        \t\"@type\": \"Answer\",\n\t\t\t\t\t\t\t\t\"text\": \"Hi ha tres tipus de formes per treballar des d'una editorial: autoedici\u00f3, edici\u00f3 tradicional i coedici\u00f3.\"\n\t\t\t\t\t\t\t}\n\t\t\t\t\t    }\n\t\t\t\t    \t\t\t\t    \n\t\t\t\t\t\t\t\t\t\t,{\n\t\t\t\t\t        \"@type\": \"Question\",\n\t\t\t\t\t        \"name\": \"Com a autor novell, quina opci\u00f3 puc triar?\",\n\t\t\t\t\t        \"acceptedAnswer\": {\n\t\t\t\t\t        \t\"@type\": \"Answer\",\n\t\t\t\t\t\t\t\t\"text\": \"\u00c9s recomanable evitar l'autoedici\u00f3 i buscar l'assessorament d'una editorial que t'acompanyi en el cam\u00ed per evitar problemes a l\u2019hora de publicar l'obra.\"\n\t\t\t\t\t\t\t}\n\t\t\t\t\t    }\n\t\t\t\t    \t\t\t\t    \n\t\t\t\t\t\t\t\t\t\t,{\n\t\t\t\t\t        \"@type\": \"Question\",\n\t\t\t\t\t        \"name\": \"Com publicar un llibre juvenil?\",\n\t\t\t\t\t        \"acceptedAnswer\": {\n\t\t\t\t\t        \t\"@type\": \"Answer\",\n\t\t\t\t\t\t\t\t\"text\": \"A BABIDI-B\u00da estarem encantats d'ajudar-te amb tot el proc\u00e9s a seguir per a publicar un llibre juvenil. Accedeix a la nostra web i posa't en contacte amb nosaltres.\"\n\t\t\t\t\t\t\t}\n\t\t\t\t\t    }\n\t\t\t\t    \t\t\t\t    \n\t\t\t\t\t\t\t]\n\t    }\n    <\/script>    \n<\/section>\n\n\n\n\n\n\n\n\n\n\n\n<div id=\"contact-block_aff29b97476fa96919ba213e0a9ad913\" class=\"block-contact\">\n\t<div class=\"block-contact-txt\">\n\t\t<h2>Contacta amb nosaltres<\/h2>\n\t\t<p>Truca&#8217;ns o demana&#8217;ns que et truquem per demanar assessorament<\/p>\n\t<\/div>\n\t<div class=\"block-contact-items\">\n\t\t<div class=\"contact-item\">\n\t\t\t<a href=\"https:\/\/api.whatsapp.com\/send?phone=34653754771&#038;\" alt=\"Whatsapp Babidibu\" rel=\"nofollow noopener\" target=\"_blank\">\n\t\t\t\t<div class=\"contact-item-icon\">\n\t\t\t\t\t<i class=\"ri-whatsapp-line\"><\/i> \n\t\t\t\t<\/div>\n\t\t\t\t<div class=\"contact-item-txt\">\n\t\t\t\t\tWhatsApp\n\t\t\t\t<\/div>\n\t\t\t<\/a>\n\t\t<\/div>\n\t\t<div class=\"contact-item\">\n\t\t\t<a href=\"tel:+34653754771\" alt=\"Trucar per tel\u00e8fon a Babidib\u00fa\">\n\t\t\t\t<div class=\"contact-item-icon\">\n\t\t\t\t\t<i class=\"ri-smartphone-line\"><\/i>\n\t\t\t\t<\/div>\n\t\t\t\t<div class=\"contact-item-txt\">\n\t\t\t\tTel\u00e8fon\t\t\t\t<\/div>\n\t\t\t<\/a>\n\t\t<\/div>\n\t\t<div class=\"contact-item\">\n\t\t\t<a href=\"https:\/\/www.babidibulibros.com\/publica-con-nosotros\/\">\n\t\t\t\t<div class=\"contact-item-icon\">\n\t\t\t\t\t<i class=\"ri-file-list-3-line\"><\/i>\n\t\t\t\t<\/div>\n\t\t\t\t<div class=\"contact-item-txt\">\n\t\t\t\t\tManuscrit\t\t\t\t<\/div>\n\t\t\t<\/a>\n\t\t<\/div>\n\t<\/div>\n<\/div>","protected":false},"excerpt":{"rendered":"<p>Un comprom\u00eds literari ineludible amb una generaci\u00f3 que no espera Qu\u00e8 es pot dir de la literatura juvenil que no [&hellip;]<\/p>\n","protected":false},"author":3,"featured_media":0,"parent":0,"menu_order":115,"comment_status":"closed","ping_status":"closed","template":"","meta":{"_acf_changed":false,"content-type":"","footnotes":""},"class_list":["post-63851","page","type-page","status-publish","hentry"],"acf":[],"_links":{"self":[{"href":"https:\/\/www.babidibulibros.com\/ca\/wp-json\/wp\/v2\/pages\/63851","targetHints":{"allow":["GET"]}}],"collection":[{"href":"https:\/\/www.babidibulibros.com\/ca\/wp-json\/wp\/v2\/pages"}],"about":[{"href":"https:\/\/www.babidibulibros.com\/ca\/wp-json\/wp\/v2\/types\/page"}],"author":[{"embeddable":true,"href":"https:\/\/www.babidibulibros.com\/ca\/wp-json\/wp\/v2\/users\/3"}],"replies":[{"embeddable":true,"href":"https:\/\/www.babidibulibros.com\/ca\/wp-json\/wp\/v2\/comments?post=63851"}],"version-history":[{"count":2,"href":"https:\/\/www.babidibulibros.com\/ca\/wp-json\/wp\/v2\/pages\/63851\/revisions"}],"predecessor-version":[{"id":75448,"href":"https:\/\/www.babidibulibros.com\/ca\/wp-json\/wp\/v2\/pages\/63851\/revisions\/75448"}],"wp:attachment":[{"href":"https:\/\/www.babidibulibros.com\/ca\/wp-json\/wp\/v2\/media?parent=63851"}],"curies":[{"name":"wp","href":"https:\/\/api.w.org\/{rel}","templated":true}]}}