{"id":63853,"date":"2020-06-16T09:37:09","date_gmt":"2020-06-16T07:37:09","guid":{"rendered":"https:\/\/www.babidibulibros.com\/el-equipo\/"},"modified":"2025-01-21T12:17:33","modified_gmt":"2025-01-21T11:17:33","slug":"el-equipo","status":"publish","type":"page","link":"https:\/\/www.babidibulibros.com\/ca\/el-equipo\/","title":{"rendered":"Un equip amb \u00e0nima de dona"},"content":{"rendered":"\n<p class=\"has-very-dark-gray-color has-text-color\"><\/p>\n\n\n\n<h2 class=\"wp-block-heading has-text-align-left is-style-default\">El nostre dia a dia a l&#8217;oficina <\/h2>\n\n\n\n<p>El primer i m\u00e9s important de tot, som <strong>un equip feli\u00e7!<\/strong>, per\u00f2 tamb\u00e9 som una&nbsp;<strong>editorial infantil i juvenil<\/strong>, concebuda per acompanyar la&nbsp;<strong>Generaci\u00f3 Touch<\/strong>, coneguda com a&nbsp;<strong>Els Nens T<\/strong>,aquells petits nascuts a partir de l&#8217;any 2010 que ens trepitgen els talons a gran velocitat i que porten la davantera de la generaci\u00f3 que presenta un dels majors desafiaments educatius de la hist\u00f2ria.<\/p>\n\n\n\n<p>El nostre objectiu principal \u00e9s&nbsp;<strong>fomentar la lectura<\/strong>&nbsp;amb obres en les quals prevalen els&nbsp;<strong>valors humans<\/strong>,sense deixar de ser divertides i amenes, plenes d&#8217;aventura i misteri. A m\u00e9s de fomentar la lectura, un dels nostres objectius \u00e9s cultivar la creativitat en nens i joves com a mitj\u00e0 d&#8217;expressi\u00f3, ajudant-los a desenvolupar la seva imaginaci\u00f3 i potenciant el desenvolupament de la seva&nbsp;<strong>Intel\u00b7lig\u00e8ncia Emocional<\/strong>.<\/p>\n\n\n\n<div id=\"video-block_a65bec47ca5874b808f487c41d9f969c\" class=\"block-video video\">\n\t<div class=\"media-object\">\n\t\t<div class=\"media-object-item media-object-copy\">\n\t\t\t<div class=\"media-object-copy-body\">\n\t\t\t\t<h2>Com complim el teu somni?<\/h2>\n\t\t\t\t<p><p>Escriure contes infantils i juvenils implica aprendre a <strong>pensar i a sentir com un nen<\/strong>. Per\u00f2 tamb\u00e9 implica la feina d&#8217;<strong>inculcar-los valors positius<\/strong> per a la nostra societat. Des de BABIDI-B\u00da sabem la import\u00e0ncia d&#8217;aix\u00f2 i intentem que tots els nostres llibres fomentin la <strong>igualtat i el respecte<\/strong> a trav\u00e9s de la lectura. \u00bfCom ho fem?<\/p>\n<p><strong>Mira el v\u00eddeo complet! <\/strong><\/p>\n<\/p>\n\t\t\t\t<a class=\"link\" href=\"https:\/\/www.babidibulibros.com\/ca\/publica-con-nosotros\/\">Env\u00edan&#8217;ns el teu manuscrit<\/a>\n\t\t\t<\/div>\n\t\t<\/div>\n\t\t<figure class=\"media-object-item media-object-media js-trigger-video-modal-video-block_a65bec47ca5874b808f487c41d9f969c\">\n\t\t\t\t\t\t\t<img decoding=\"async\" class=\"media-object-media-img\" src=\"https:\/\/www.babidibulibros.com\/wp-content\/uploads\/2024\/10\/Babidibu-084_edit2b_Compress.png\" \/>\n\t\t\t\t\t\t\t\n\t\t<\/figure>\n\t<\/div>\n<\/div>  \n\t\n\n<style>\n\t.show-video-modal-video-block_a65bec47ca5874b808f487c41d9f969c #modal_video-block_a65bec47ca5874b808f487c41d9f969c {\n\t\topacity: 1.0;\n\t\t-webkit-transform: translate(0%,0%);\n\t\t\t-ms-transform: translate(0%,0%);\n\t\t\t\ttransform: translate(0%,0%);\n\t}\n\t.show-video-modal-video-block_a65bec47ca5874b808f487c41d9f969c #modal_video-block_a65bec47ca5874b808f487c41d9f969c .overlay {\n\t\topacity: 1.0;\n\t}\n\t.show-video-modal-video-block_a65bec47ca5874b808f487c41d9f969c #modal_video-block_a65bec47ca5874b808f487c41d9f969c .video-modal-content {\n\t\t-webkit-transform: translate(0%,0%);\n\t\t\t-ms-transform: translate(0%,0%);\n\t\t\t\ttransform: translate(0%,0%);\n\t}\n<\/style>\n\t\n\n\n<div id=\"contact-block_b8bbbb18f9cfb04c28fa3e9a36dd2a79\" class=\"block-contact\">\n\t<div class=\"block-contact-txt\">\n\t\t<h2>Contacta amb nosaltres<\/h2>\n\t\t<p>Truca&#8217;ns o demana&#8217;ns que et truquem per demanar assessorament<\/p>\n\t<\/div>\n\t<div class=\"block-contact-items\">\n\t\t<div class=\"contact-item\">\n\t\t\t<a href=\"https:\/\/api.whatsapp.com\/send?phone=34653754771&#038;\" alt=\"Whatsapp Babidibu\" rel=\"nofollow noopener\" target=\"_blank\">\n\t\t\t\t<div class=\"contact-item-icon\">\n\t\t\t\t\t<i class=\"ri-whatsapp-line\"><\/i> \n\t\t\t\t<\/div>\n\t\t\t\t<div class=\"contact-item-txt\">\n\t\t\t\t\tWhatsApp\n\t\t\t\t<\/div>\n\t\t\t<\/a>\n\t\t<\/div>\n\t\t<div class=\"contact-item\">\n\t\t\t<a href=\"tel:+34653754771\" alt=\"Trucar per tel\u00e8fon a Babidib\u00fa\">\n\t\t\t\t<div class=\"contact-item-icon\">\n\t\t\t\t\t<i class=\"ri-smartphone-line\"><\/i>\n\t\t\t\t<\/div>\n\t\t\t\t<div class=\"contact-item-txt\">\n\t\t\t\tTel\u00e8fon\t\t\t\t<\/div>\n\t\t\t<\/a>\n\t\t<\/div>\n\t\t<div class=\"contact-item\">\n\t\t\t<a href=\"https:\/\/www.babidibulibros.com\/publica-con-nosotros\/\">\n\t\t\t\t<div class=\"contact-item-icon\">\n\t\t\t\t\t<i class=\"ri-file-list-3-line\"><\/i>\n\t\t\t\t<\/div>\n\t\t\t\t<div class=\"contact-item-txt\">\n\t\t\t\t\tManuscrit\t\t\t\t<\/div>\n\t\t\t<\/a>\n\t\t<\/div>\n\t<\/div>\n<\/div>\n\n\n<h2 class=\"wp-block-heading has-text-align-center is-style-heading-group\">Qui \u00e9s qui?<\/h2>\n\n\n\n<p class=\"has-text-align-center\">Coneix el nostre equip i com podem ajudar-te <\/p>\n\n\n\n<p><\/p>\n","protected":false},"excerpt":{"rendered":"<p>El nostre dia a dia a l&#8217;oficina El primer i m\u00e9s important de tot, som un equip feli\u00e7!, per\u00f2 tamb\u00e9 [&hellip;]<\/p>\n","protected":false},"author":2119,"featured_media":0,"parent":0,"menu_order":136,"comment_status":"closed","ping_status":"closed","template":"page-team.php","meta":{"_acf_changed":false,"content-type":"","footnotes":""},"class_list":["post-63853","page","type-page","status-publish","hentry"],"acf":[],"_links":{"self":[{"href":"https:\/\/www.babidibulibros.com\/ca\/wp-json\/wp\/v2\/pages\/63853","targetHints":{"allow":["GET"]}}],"collection":[{"href":"https:\/\/www.babidibulibros.com\/ca\/wp-json\/wp\/v2\/pages"}],"about":[{"href":"https:\/\/www.babidibulibros.com\/ca\/wp-json\/wp\/v2\/types\/page"}],"author":[{"embeddable":true,"href":"https:\/\/www.babidibulibros.com\/ca\/wp-json\/wp\/v2\/users\/2119"}],"replies":[{"embeddable":true,"href":"https:\/\/www.babidibulibros.com\/ca\/wp-json\/wp\/v2\/comments?post=63853"}],"version-history":[{"count":3,"href":"https:\/\/www.babidibulibros.com\/ca\/wp-json\/wp\/v2\/pages\/63853\/revisions"}],"predecessor-version":[{"id":80738,"href":"https:\/\/www.babidibulibros.com\/ca\/wp-json\/wp\/v2\/pages\/63853\/revisions\/80738"}],"wp:attachment":[{"href":"https:\/\/www.babidibulibros.com\/ca\/wp-json\/wp\/v2\/media?parent=63853"}],"curies":[{"name":"wp","href":"https:\/\/api.w.org\/{rel}","templated":true}]}}