{"id":64624,"date":"2022-01-10T17:07:18","date_gmt":"2022-01-10T16:07:18","guid":{"rendered":"https:\/\/www.babidibulibros.com\/publicar-un-libro\/"},"modified":"2023-07-31T12:16:48","modified_gmt":"2023-07-31T10:16:48","slug":"publicar-un-libro","status":"publish","type":"page","link":"https:\/\/www.babidibulibros.com\/ca\/publicar-un-libro\/","title":{"rendered":"Publica el teu llibre amb BABIDI-B\u00da"},"content":{"rendered":"\n<div class=\"wp-block-columns page-landing-header is-layout-flex wp-container-core-columns-is-layout-9d6595d7 wp-block-columns-is-layout-flex\">\n<div class=\"wp-block-column is-layout-flow wp-block-column-is-layout-flow\"><div class=\"wp-block-image\">\n<figure class=\"alignleft size-full\"><img decoding=\"async\" src=\"https:\/\/www.babidibulibros.com\/wp-content\/uploads\/2023\/02\/MicrosoftTeams-image-19.png\" alt=\"\" class=\"wp-image-54308\"\/><\/figure>\n<\/div>\n\n\n<h1 class=\"wp-block-heading\">Publica el teu llibre infantil<\/h1>\n\n\n\n<figure class=\"wp-block-image size-full is-resized\"><img loading=\"lazy\" decoding=\"async\" src=\"https:\/\/www.babidibulibros.com\/wp-content\/uploads\/2023\/02\/MicrosoftTeams-image-14.png\" alt=\"\" class=\"wp-image-54265\" width=\"384\" height=\"11\"\/><\/figure>\n\n\n\n<p><strong>\u00bfVols publicar un conte?&nbsp;<\/strong><\/p>\n\n\n\n<p>A BABIDI-B\u00da, editorial infantil, t&#8217;ajudem a complir el teu somni.<\/p>\n<\/div>\n\n\n\n<div class=\"wp-block-column is-layout-flow wp-block-column-is-layout-flow\">\n<div class=\"wp-block-contact-form-7-contact-form-selector\">\n<div class=\"wpcf7 no-js\" id=\"wpcf7-f65466-o1\" lang=\"ca\" dir=\"ltr\" data-wpcf7-id=\"65466\">\n<div class=\"screen-reader-response\"><p role=\"status\" aria-live=\"polite\" aria-atomic=\"true\"><\/p> <ul><\/ul><\/div>\n<form action=\"\/ca\/wp-json\/wp\/v2\/pages\/64624#wpcf7-f65466-o1\" method=\"post\" class=\"wpcf7-form init\" aria-label=\"Formulari de contacte\" enctype=\"multipart\/form-data\" novalidate=\"novalidate\" data-status=\"init\">\n<fieldset class=\"hidden-fields-container\"><input type=\"hidden\" name=\"_wpcf7\" value=\"65466\" \/><input type=\"hidden\" name=\"_wpcf7_version\" value=\"6.1.5\" \/><input type=\"hidden\" name=\"_wpcf7_locale\" value=\"ca\" \/><input type=\"hidden\" name=\"_wpcf7_unit_tag\" value=\"wpcf7-f65466-o1\" \/><input type=\"hidden\" name=\"_wpcf7_container_post\" value=\"0\" \/><input type=\"hidden\" name=\"_wpcf7_posted_data_hash\" value=\"\" \/>\n<\/fieldset>\n<div class=\"landing-form\">\n\t<p class=\"landing-form-title\" id=\"landing-cta-form\">Envia'ns el teu manuscrit!\n\t<\/p>\n\t<div class=\"row\">\n\t\t<div class=\"col-md-6\">\n\t\t\t<div class=\"form-group\">\n\t\t\t\t<p><label>Nom*<\/label><br \/>\n<span class=\"wpcf7-form-control-wrap\" data-name=\"firstname\"><input size=\"40\" maxlength=\"400\" class=\"wpcf7-form-control wpcf7-text wpcf7-validates-as-required\" aria-required=\"true\" aria-invalid=\"false\" value=\"\" type=\"text\" name=\"firstname\" \/><\/span>\n\t\t\t\t<\/p>\n\t\t\t<\/div>\n\t\t<\/div>\n\t\t<div class=\"col-md-6\">\n\t\t\t<div class=\"form-group\">\n\t\t\t\t<p><label>Cognoms*<\/label><br \/>\n<span class=\"wpcf7-form-control-wrap\" data-name=\"lastname\"><input size=\"40\" maxlength=\"400\" class=\"wpcf7-form-control wpcf7-text wpcf7-validates-as-required\" aria-required=\"true\" aria-invalid=\"false\" value=\"\" type=\"text\" name=\"lastname\" \/><\/span>\n\t\t\t\t<\/p>\n\t\t\t<\/div>\n\t\t<\/div>\n\t<\/div>\n\t<div class=\"row\">\n\t\t<div class=\"col-md-6\">\n\t\t\t<div class=\"form-group\">\n\t\t\t\t<p><label>Email*<\/label><br \/>\n<span id=\"wpcf7-69f8c1d74aa2a-wrapper\" class=\"wpcf7-form-control-wrap honeypot-58-wrap\" style=\"display:none !important; visibility:hidden !important;\"><input type=\"hidden\" name=\"honeypot-58-time-start\" value=\"1777910231\"><input type=\"hidden\" name=\"honeypot-58-time-check\" value=\"4\"><label for=\"wpcf7-69f8c1d74aa2a-field\" class=\"hp-message\">Deixeu aquest camp buit.<\/label><input id=\"wpcf7-69f8c1d74aa2a-field\"  class=\"wpcf7-form-control wpcf7-text\" type=\"text\" name=\"honeypot-58\" value=\"\" size=\"40\" tabindex=\"-1\" autocomplete=\"new-password\" \/><\/span><br \/>\n<span class=\"wpcf7-form-control-wrap\" data-name=\"email\"><input size=\"40\" maxlength=\"400\" class=\"wpcf7-form-control wpcf7-email wpcf7-validates-as-required wpcf7-text wpcf7-validates-as-email\" aria-required=\"true\" aria-invalid=\"false\" value=\"\" type=\"email\" name=\"email\" \/><\/span>\n\t\t\t\t<\/p>\n\t\t\t<\/div>\n\t\t<\/div>\n\t\t<div class=\"col-md-6\">\n\t\t\t<div class=\"form-group\">\n\t\t\t\t<p><label>Tel\u00e8fon*<\/label><br \/>\n<span class=\"wpcf7-form-control-wrap\" data-name=\"phone\"><input size=\"40\" maxlength=\"400\" class=\"wpcf7-form-control wpcf7-tel wpcf7-validates-as-required wpcf7-text wpcf7-validates-as-tel\" aria-required=\"true\" aria-invalid=\"false\" value=\"\" type=\"tel\" name=\"phone\" \/><\/span>\n\t\t\t\t<\/p>\n\t\t\t<\/div>\n\t\t<\/div>\n\t<\/div>\n\t<div class=\"form-group\">\n\t\t<p><label>Explica'ns alguna cosa sobre el teu manuscrit*<\/label><br \/>\n<span class=\"wpcf7-form-control-wrap\" data-name=\"nos_describes_brevemente_sobre_que_trata_tu_libro_\"><textarea cols=\"40\" rows=\"10\" maxlength=\"2000\" class=\"wpcf7-form-control wpcf7-textarea wpcf7-validates-as-required\" aria-required=\"true\" aria-invalid=\"false\" name=\"nos_describes_brevemente_sobre_que_trata_tu_libro_\"><\/textarea><\/span>\n\t\t<\/p>\n\t<\/div>\n\t<div class=\"landing-form-text\">\n\t\t<p>BABIDI-B\u00da llibres SLU desitja confirmar el teu coneixement i acceptaci\u00f3 expressa de l'estricta confidencialitat del manuscrit de l'autor.\n\t\t<\/p>\n\t\t<p>BABIDI-B\u00da llibres SLU no podr\u00e0 publicar, distribuir o comentar el manuscrit amb terceres persones no autoritzades per a la seva valoraci\u00f3 per ser publicat sota el nostre segell editorial.\n\t\t<\/p>\n\t\t<p>En enviar el manuscrit, rebr\u00e0s una carta de confidencialitat amb les dades proporcionades en aquest formulari. Si desitges rebre la carta pr\u00e8viament a enviar el manuscrit, si us plau, indiqui-ho al camp \"Explica'ns alguna cosa sobre el teu manuscrit\" i te l'enviarem a l'email proporcionat.\n\t\t<\/p>\n\t<\/div>\n\t<div class=\"form-group\">\n\t\t<p><label>Adjuntar manuscrit<\/label><br \/>\n<span class=\"wpcf7-form-control-wrap\" data-name=\"adjunta_tu_manuscrito\"><input size=\"40\" class=\"wpcf7-form-control wpcf7-file\" accept=\".pdf,.doc,.docx\" aria-invalid=\"false\" type=\"file\" name=\"adjunta_tu_manuscrito\" \/><\/span>\n\t\t<\/p>\n\t\t<p class=\"landing-form-format\">Pes m\u00e0xim: 5MB - Formats admesos: pdf, doc, docx\n\t\t<\/p>\n\t<\/div>\n<hr \/>\n\t<p><span class=\"wpcf7-form-control-wrap\" data-name=\"he_leido_y_acepto_la_politica\"><span class=\"wpcf7-form-control wpcf7-acceptance\"><span class=\"wpcf7-list-item\"><label><input type=\"checkbox\" name=\"he_leido_y_acepto_la_politica\" value=\"1\" aria-invalid=\"false\" \/><span class=\"wpcf7-list-item-label\">He llegit i accepto la <a href=\"\/politica-de-privacidad\" target=\"_blank\">Pol\u00edtica de Privadesa <\/a><\/span><\/label><\/span><\/span><\/span><br \/>\n\t<div class=\"wpcf7-turnstile cf-turnstile\" data-sitekey=\"0x4AAAAAACsNmkcPOarK-CMH\" data-response-field-name=\"_wpcf7_turnstile_response\"><\/div><br \/>\n<span id=\"wpcf7-69f8c1d74abff-wrapper\" class=\"wpcf7-form-control-wrap honeypot-322-wrap\" style=\"display:none !important; visibility:hidden !important;\"><input type=\"hidden\" name=\"honeypot-322-time-start\" value=\"1777910231\"><input type=\"hidden\" name=\"honeypot-322-time-check\" value=\"4\"><label for=\"wpcf7-69f8c1d74abff-field\" class=\"hp-message\">Deixeu aquest camp buit.<\/label><input id=\"wpcf7-69f8c1d74abff-field\"  class=\"wpcf7-form-control wpcf7-text\" type=\"text\" name=\"honeypot-322\" value=\"\" size=\"40\" tabindex=\"-1\" autocomplete=\"new-password\" \/><\/span><br \/>\n<span class=\"btn-submit\"><input class=\"wpcf7-form-control wpcf7-submit has-spinner\" type=\"submit\" value=\"Enviar\" \/><\/span>\n\t<\/p>\n<\/div><p style=\"display: none !important;\" class=\"akismet-fields-container\" data-prefix=\"_wpcf7_ak_\"><label>&#916;<textarea name=\"_wpcf7_ak_hp_textarea\" cols=\"45\" rows=\"8\" maxlength=\"100\"><\/textarea><\/label><input type=\"hidden\" id=\"ak_js_1\" name=\"_wpcf7_ak_js\" value=\"150\"\/><script type=\"text\/javascript\">\n\/* <![CDATA[ *\/\ndocument.getElementById( \"ak_js_1\" ).setAttribute( \"value\", ( new Date() ).getTime() );\n\/* ]]> *\/\n<\/script>\n<\/p><div class=\"wpcf7-response-output\" aria-hidden=\"true\"><\/div>\n<\/form>\n<\/div>\n<\/div>\n<\/div>\n<\/div>\n\n\n\n<h2 class=\"has-text-align-center wp-block-heading\">Publicar el teu conte infantil \u00e9s f\u00e0cil amb l&#8217;ajuda dels nostres experts<\/h2>\n\n\n\n<div class=\"wp-block-columns page-landing-grid-steps is-layout-flex wp-container-core-columns-is-layout-9d6595d7 wp-block-columns-is-layout-flex\">\n<div class=\"wp-block-column bg-gray is-layout-flow wp-block-column-is-layout-flow\">\n<p class=\"number\">1<\/p>\n\n\n\n<h2 class=\"wp-block-heading\">Rep consells<strong>&nbsp;<\/strong><\/h2>\n\n\n\n<p>Per part d&#8217;experts en edici\u00f3 de llibres infantils.&nbsp;<\/p>\n<\/div>\n\n\n\n<div class=\"wp-block-column is-layout-flow wp-block-column-is-layout-flow\">\n<figure class=\"wp-block-image size-large\"><img loading=\"lazy\" decoding=\"async\" width=\"470\" height=\"330\" src=\"https:\/\/www.babidibulibros.com\/wp-content\/uploads\/2022\/01\/bg-l-01-1.jpg\" alt=\"\" class=\"wp-image-14324\" srcset=\"https:\/\/www.babidibulibros.com\/wp-content\/uploads\/2022\/01\/bg-l-01-1.jpg 470w, https:\/\/www.babidibulibros.com\/wp-content\/uploads\/2022\/01\/bg-l-01-1-427x300.jpg 427w\" sizes=\"auto, (max-width: 470px) 100vw, 470px\" \/><\/figure>\n<\/div>\n<\/div>\n\n\n\n<div class=\"wp-block-columns page-landing-grid-steps is-layout-flex wp-container-core-columns-is-layout-9d6595d7 wp-block-columns-is-layout-flex\">\n<div class=\"wp-block-column grid-steps-iceberg is-layout-flow wp-block-column-is-layout-flow\">\n<figure class=\"wp-block-image size-large\"><img loading=\"lazy\" decoding=\"async\" width=\"334\" height=\"802\" src=\"https:\/\/www.babidibulibros.com\/wp-content\/uploads\/2022\/01\/iceberg-sm.png\" alt=\"\" class=\"wp-image-14397\" srcset=\"https:\/\/www.babidibulibros.com\/wp-content\/uploads\/2022\/01\/iceberg-sm.png 334w, https:\/\/www.babidibulibros.com\/wp-content\/uploads\/2022\/01\/iceberg-sm-125x300.png 125w\" sizes=\"auto, (max-width: 334px) 100vw, 334px\" \/><\/figure>\n<\/div>\n\n\n\n<div class=\"wp-block-column bg-turquoise is-layout-flow wp-block-column-is-layout-flow\">\n<p class=\"number\">2<\/p>\n\n\n\n<h2 class=\"has-white-color has-text-color wp-block-heading\"><strong>Cuenta con nuestra experiencia<\/strong><\/h2>\n\n\n\n<p class=\"has-white-color has-text-color\">Trabaja de la mano de una editorial de prestigio con m\u00e1s de 1000 libros publicados.&nbsp;<\/p>\n<\/div>\n<\/div>\n\n\n\n<div class=\"wp-block-columns page-landing-grid-steps is-layout-flex wp-container-core-columns-is-layout-9d6595d7 wp-block-columns-is-layout-flex\">\n<div class=\"wp-block-column is-layout-flow wp-block-column-is-layout-flow\"><\/div>\n\n\n\n<div class=\"wp-block-column bg-mustard is-layout-flow wp-block-column-is-layout-flow\">\n<p class=\"number\">3<\/p>\n\n\n\n<h2 class=\"wp-block-heading\"><strong>T&#8217;acompanyem<\/strong><\/h2>\n\n\n\n<p>Deixa&#8217;t acompanyar per un equip proper amb el qual no et sentir\u00e0s sol\/a en cap moment.<\/p>\n<\/div>\n<\/div>\n\n\n\n<div class=\"wp-block-columns page-landing-grid-steps is-layout-flex wp-container-core-columns-is-layout-9d6595d7 wp-block-columns-is-layout-flex\">\n<div class=\"wp-block-column bg-dark is-layout-flow wp-block-column-is-layout-flow\">\n<p class=\"number\">4<\/p>\n\n\n\n<h2 class=\"has-white-color has-text-color wp-block-heading\"><strong>Profesionalidad y experiencia<\/strong><\/h2>\n\n\n\n<p class=\"has-white-color has-text-color\">Consigue un acabado profesional de tu obra.&nbsp;<\/p>\n<\/div>\n\n\n\n<div class=\"wp-block-column is-layout-flow wp-block-column-is-layout-flow\">\n<figure class=\"wp-block-image size-large\"><img loading=\"lazy\" decoding=\"async\" width=\"470\" height=\"330\" src=\"https:\/\/www.babidibulibros.com\/wp-content\/uploads\/2022\/01\/wave.png\" alt=\"\" class=\"wp-image-14394\" srcset=\"https:\/\/www.babidibulibros.com\/wp-content\/uploads\/2022\/01\/wave.png 470w, https:\/\/www.babidibulibros.com\/wp-content\/uploads\/2022\/01\/wave-427x300.png 427w\" sizes=\"auto, (max-width: 470px) 100vw, 470px\" \/><\/figure>\n<\/div>\n<\/div>\n\n\n\n<div class=\"wp-block-group alignfull has-background\" style=\"background-color:#91b8bd\"><div class=\"wp-block-group__inner-container is-layout-flow wp-block-group-is-layout-flow\">\n<h2 class=\"is-style-heading-group has-white-color has-text-color wp-block-heading\">\u00bfPer qu\u00e8 BABIDI-B\u00da entre totes les editorials infantils?<\/h2>\n\n\n\n<p class=\"has-white-color has-text-color\">Editar un llibre comporta molt de temps i treball, no nom\u00e9s es tracta de corregir i maquetar un relat. <strong>Passen moltes coses abans que un llibre arribi a una llibreria!<\/strong>&nbsp;<\/p>\n\n\n\n<div class=\"wp-block-columns is-layout-flex wp-container-core-columns-is-layout-9d6595d7 wp-block-columns-is-layout-flex\">\n<div class=\"wp-block-column is-layout-flow wp-block-column-is-layout-flow\">\n<p class=\"has-white-color has-text-color\"><strong>1.Si ets un escriptor novell<\/strong>, t&#8217;acompanyem en el proc\u00e9s de presa de decisions m\u00e9s complexes, sobretot en els inicis del proc\u00e9s. No prenguis passos en fals!<\/p>\n\n\n\n<p class=\"has-white-color has-text-color\"><strong>2.<\/strong>&nbsp;Ens comprometem amb tu i respectem el teu criteri<strong>.  Tu ets l&#8217;autor!<\/strong>&nbsp;<\/p>\n\n\n\n<p class=\"has-white-color has-text-color\"><strong>3.<\/strong>&nbsp;Si ho necessites, t&#8217;ajudem a escollir un il\u00b7lustrador que s&#8217;adapti a la teva idea. Comptem amb&nbsp;<strong>m\u00e9s de 700 il\u00b7lustradors<\/strong>!&nbsp;<\/p>\n\n\n\n<p class=\"has-white-color has-text-color\"><strong>4.&nbsp;<\/strong>Aportem valor afegit: t&#8217;assessorem i formem en mat\u00e8ries legals, associacions, consells de promoci\u00f3 i difusi\u00f3<strong>. Farem de tu un professional del sector editorial!<\/strong><\/p>\n\n\n\n<p class=\"has-white-color has-text-color\"><strong>5.<\/strong>&nbsp;Donem molta import\u00e0ncia a la conscienciaci\u00f3 i a l&#8217;aprenentatge. Si la teva hist\u00f2ria&nbsp;<strong>transmet valors<\/strong>, volem publicar-la!<\/p>\n<\/div>\n\n\n\n<div class=\"wp-block-column is-layout-flow wp-block-column-is-layout-flow\">\n<p class=\"has-white-color has-text-color\"><strong>6.<\/strong>&nbsp;Mantenim amb tu un tracte proper i personal. No ets un m\u00e9s,&nbsp;<strong>som un equip<\/strong>!<\/p>\n\n\n\n<p class=\"has-white-color has-text-color\"><strong>7.<\/strong>&nbsp;Centrem els nostres esfor\u00e7os en la&nbsp;<strong>qualitat final<\/strong>&nbsp;del producte. A difer\u00e8ncia de moltes editorials juvenils petites, som especialistes en llibres de tapa dura. Obtenim acabats de primer nivell!<\/p>\n\n\n\n<p class=\"has-white-color has-text-color\"><strong>8.<\/strong>&nbsp;El nostre treball no acaba amb la publicaci\u00f3 del llibre. Ens encarreguem de la&nbsp;<strong>distribuci\u00f3 a les llibreries<\/strong>&nbsp;m\u00e9s importants i altres distribu\u00efdores &nbsp;a escala mundial.<\/p>\n\n\n\n<p class=\"has-white-color has-text-color\"><strong>9.&nbsp;<\/strong>Ho preparem tot per al llan\u00e7ament de la teva obra<strong>. Organitzem els teus esdeveniments de presentaci\u00f3!<\/strong><\/p>\n\n\n\n<p class=\"has-white-color has-text-color\"><strong>10.&nbsp;<\/strong>Fem&nbsp;<strong>difusi\u00f3 online i offline<\/strong>&nbsp;del teu llibre. Quin \u00e9s el teu horitz\u00f3? El nostre equip de professionals compta amb m\u00e9s de 10 anys de traject\u00f2ria.<\/p>\n<\/div>\n<\/div>\n\n\n\n<div class=\"wp-block-buttons is-horizontal is-content-justification-center is-layout-flex wp-container-core-buttons-is-layout-499968f5 wp-block-buttons-is-layout-flex\">\n<div class=\"wp-block-button\"><a class=\"wp-block-button__link wp-element-button\" href=\"#landing-cta-form\">M\u00e9s informaci\u00f3<\/a><\/div>\n<\/div>\n<\/div><\/div>\n\n\n\n<div class=\"wp-block-columns is-layout-flex wp-container-core-columns-is-layout-9d6595d7 wp-block-columns-is-layout-flex\">\n<div class=\"wp-block-column is-layout-flow wp-block-column-is-layout-flow\" style=\"flex-basis:100%\">\n<h2 class=\"is-style-heading-group wp-block-heading\"><mark style=\"background-color:rgba(0, 0, 0, 0);color:#202121\" class=\"has-inline-color\">M\u00e9s de 1000 autors<\/mark> ja han publicat amb BABIDI-B\u00da<\/h2>\n\n\n\n<p class=\"has-text-align-center\">Aquestes son algunes de les seves opinions reals sobre la nostra editorial infantil<\/p>\n<\/div>\n<\/div>\n\n\n\n<div class=\"wp-block-columns landing-video-row1 is-layout-flex wp-container-core-columns-is-layout-9d6595d7 wp-block-columns-is-layout-flex\">\n<div class=\"wp-block-column is-layout-flow wp-block-column-is-layout-flow\">\n<figure class=\"wp-block-embed is-type-video is-provider-youtube wp-block-embed-youtube wp-embed-aspect-16-9 wp-has-aspect-ratio\"><div class=\"wp-block-embed__wrapper\">\n<iframe loading=\"lazy\" title=\"Opini\u00f3n sobre la editorial infantil BABIDI-B\u00da de Deborah Segura\" width=\"500\" height=\"281\" src=\"https:\/\/www.youtube.com\/embed\/-r7Qaufe3lw?feature=oembed\" frameborder=\"0\" allow=\"accelerometer; autoplay; clipboard-write; encrypted-media; gyroscope; picture-in-picture; web-share\" referrerpolicy=\"strict-origin-when-cross-origin\" allowfullscreen><\/iframe>\n<\/div><figcaption class=\"wp-element-caption\">Opini\u00f3 de D\u00e9bora Segura<\/figcaption><\/figure>\n<\/div>\n\n\n\n<div class=\"wp-block-column is-layout-flow wp-block-column-is-layout-flow\">\n<figure class=\"wp-block-embed is-type-video is-provider-youtube wp-block-embed-youtube wp-embed-aspect-16-9 wp-has-aspect-ratio\"><div class=\"wp-block-embed__wrapper\">\n<iframe loading=\"lazy\" title=\"Opini\u00f3n sobre la editorial infantil BABIDI-B\u00da de Isabel Blanco\" width=\"500\" height=\"281\" src=\"https:\/\/www.youtube.com\/embed\/QYvk8Ms88ZU?feature=oembed\" frameborder=\"0\" allow=\"accelerometer; autoplay; clipboard-write; encrypted-media; gyroscope; picture-in-picture; web-share\" referrerpolicy=\"strict-origin-when-cross-origin\" allowfullscreen><\/iframe>\n<\/div><figcaption class=\"wp-element-caption\">Opini\u00f3 d&#8217;Isabel Blanco<\/figcaption><\/figure>\n<\/div>\n\n\n\n<div class=\"wp-block-column is-layout-flow wp-block-column-is-layout-flow\">\n<figure class=\"wp-block-embed is-type-video is-provider-youtube wp-block-embed-youtube wp-embed-aspect-16-9 wp-has-aspect-ratio\"><div class=\"wp-block-embed__wrapper\">\n<iframe loading=\"lazy\" title=\"Opini\u00f3n sobre la editorial infantil BABIDI-B\u00da de Silvia Garc\u00eda\" width=\"500\" height=\"281\" src=\"https:\/\/www.youtube.com\/embed\/TBp9uT_9wzo?feature=oembed\" frameborder=\"0\" allow=\"accelerometer; autoplay; clipboard-write; encrypted-media; gyroscope; picture-in-picture; web-share\" referrerpolicy=\"strict-origin-when-cross-origin\" allowfullscreen><\/iframe>\n<\/div><figcaption class=\"wp-element-caption\">Opini\u00f3 de Silvia Garc\u00eda<\/figcaption><\/figure>\n<\/div>\n<\/div>\n\n\n\n<div class=\"wp-block-columns landing-video-row2 is-layout-flex wp-container-core-columns-is-layout-9d6595d7 wp-block-columns-is-layout-flex\">\n<div class=\"wp-block-column is-layout-flow wp-block-column-is-layout-flow\">\n<figure class=\"wp-block-embed is-type-video is-provider-youtube wp-block-embed-youtube wp-embed-aspect-16-9 wp-has-aspect-ratio\"><div class=\"wp-block-embed__wrapper\">\n<iframe loading=\"lazy\" title=\"Opini\u00f3n sobre la editorial infantil BABIDI-B\u00da, Las rabietas de Lois\" width=\"500\" height=\"281\" src=\"https:\/\/www.youtube.com\/embed\/y1f4DZCNtoo?feature=oembed\" frameborder=\"0\" allow=\"accelerometer; autoplay; clipboard-write; encrypted-media; gyroscope; picture-in-picture; web-share\" referrerpolicy=\"strict-origin-when-cross-origin\" allowfullscreen><\/iframe>\n<\/div><figcaption class=\"wp-element-caption\">Opini\u00f3 d&#8217;Alejandra Campo y Noem\u00ed \u00c1lvarez<\/figcaption><\/figure>\n<\/div>\n\n\n\n<div class=\"wp-block-column is-layout-flow wp-block-column-is-layout-flow\">\n<figure class=\"wp-block-embed is-type-video is-provider-youtube wp-block-embed-youtube wp-embed-aspect-16-9 wp-has-aspect-ratio\"><div class=\"wp-block-embed__wrapper\">\n<iframe loading=\"lazy\" title=\"Opini\u00f3n sobre la editorial infantil BABIDI-B\u00da de Nitram Sumami\" width=\"500\" height=\"281\" src=\"https:\/\/www.youtube.com\/embed\/gp6gfOkyDw0?feature=oembed\" frameborder=\"0\" allow=\"accelerometer; autoplay; clipboard-write; encrypted-media; gyroscope; picture-in-picture; web-share\" referrerpolicy=\"strict-origin-when-cross-origin\" allowfullscreen><\/iframe>\n<\/div><figcaption class=\"wp-element-caption\">Opini\u00f3 de Nitran Sumami<\/figcaption><\/figure>\n<\/div>\n\n\n\n<div class=\"wp-block-column is-layout-flow wp-block-column-is-layout-flow\">\n<figure class=\"wp-block-embed is-type-video is-provider-youtube wp-block-embed-youtube wp-embed-aspect-16-9 wp-has-aspect-ratio\"><div class=\"wp-block-embed__wrapper\">\n<iframe loading=\"lazy\" title=\"Opini\u00f3n sobre la editorial infantil BABIDI-B\u00da de Andr\u00e9s P\u00e9rez Garc\u00eda e Isabel  Ib\u00e1\u00f1ez Sim\u00f3n\" width=\"500\" height=\"281\" src=\"https:\/\/www.youtube.com\/embed\/Sm3Vv9GrvpE?feature=oembed\" frameborder=\"0\" allow=\"accelerometer; autoplay; clipboard-write; encrypted-media; gyroscope; picture-in-picture; web-share\" referrerpolicy=\"strict-origin-when-cross-origin\" allowfullscreen><\/iframe>\n<\/div><figcaption class=\"wp-element-caption\">Opini\u00f3n d&#8217;Andr\u00e9s P\u00e9rez<\/figcaption><\/figure>\n<\/div>\n<\/div>\n\n\n\n<div class=\"wp-block-group alignfull has-background\" style=\"background-color:#91b8bd\"><div class=\"wp-block-group__inner-container is-layout-flow wp-block-group-is-layout-flow\">\n<p class=\"has-text-align-center has-white-color has-text-color\" style=\"font-size:26px\"><strong>El teu talent + nostra experi\u00e8ncia =<\/strong><\/p>\n\n\n\n<p class=\"has-text-align-center has-white-color has-text-color\" style=\"font-size:48px\"><strong>Tot el que necessites per publicar&nbsp;<br>el teu llibre amb \u00e8xit<\/strong><\/p>\n\n\n\n<div class=\"wp-block-buttons is-horizontal is-content-justification-center is-layout-flex wp-container-core-buttons-is-layout-499968f5 wp-block-buttons-is-layout-flex\">\n<div class=\"wp-block-button\"><a class=\"wp-block-button__link wp-element-button\" href=\"#landing-cta-form\">M\u00e9s informaci\u00f3<\/a><\/div>\n<\/div>\n<\/div><\/div>\n","protected":false},"excerpt":{"rendered":"<p>Publica el teu llibre infantil \u00bfVols publicar un conte?&nbsp; A BABIDI-B\u00da, editorial infantil, t&#8217;ajudem a complir el teu somni. Publicar [&hellip;]<\/p>\n","protected":false},"author":2119,"featured_media":0,"parent":0,"menu_order":41,"comment_status":"closed","ping_status":"closed","template":"page-landing.php","meta":{"_acf_changed":false,"content-type":"","footnotes":""},"class_list":["post-64624","page","type-page","status-publish","hentry"],"acf":[],"_links":{"self":[{"href":"https:\/\/www.babidibulibros.com\/ca\/wp-json\/wp\/v2\/pages\/64624","targetHints":{"allow":["GET"]}}],"collection":[{"href":"https:\/\/www.babidibulibros.com\/ca\/wp-json\/wp\/v2\/pages"}],"about":[{"href":"https:\/\/www.babidibulibros.com\/ca\/wp-json\/wp\/v2\/types\/page"}],"author":[{"embeddable":true,"href":"https:\/\/www.babidibulibros.com\/ca\/wp-json\/wp\/v2\/users\/2119"}],"replies":[{"embeddable":true,"href":"https:\/\/www.babidibulibros.com\/ca\/wp-json\/wp\/v2\/comments?post=64624"}],"version-history":[{"count":3,"href":"https:\/\/www.babidibulibros.com\/ca\/wp-json\/wp\/v2\/pages\/64624\/revisions"}],"predecessor-version":[{"id":65701,"href":"https:\/\/www.babidibulibros.com\/ca\/wp-json\/wp\/v2\/pages\/64624\/revisions\/65701"}],"wp:attachment":[{"href":"https:\/\/www.babidibulibros.com\/ca\/wp-json\/wp\/v2\/media?parent=64624"}],"curies":[{"name":"wp","href":"https:\/\/api.w.org\/{rel}","templated":true}]}}