{"id":65139,"date":"2020-12-15T12:02:20","date_gmt":"2020-12-15T11:02:20","guid":{"rendered":"https:\/\/www.babidibulibros.com\/cuenta-cuentos\/"},"modified":"2024-06-20T10:56:35","modified_gmt":"2024-06-20T08:56:35","slug":"cuenta-cuentos","status":"publish","type":"page","link":"https:\/\/www.babidibulibros.com\/ca\/cuenta-cuentos\/","title":{"rendered":"#TeCuentoMiCuento"},"content":{"rendered":"\n<p>El mar\u00e7 de 2020 vam veure com les nostres vides van canviar dr\u00e0sticament. Ens vam veure obligats a romandre a casa, i totes les presentacions que ten\u00edem preparades amb tanta il\u00b7lusi\u00f3 juntament amb els nostres autors i il\u00b7lustradors van ser cancel\u00b7lades i ajornades sense que ho pogu\u00e9ssim evitar.  <\/p>\n\n\n\n<p>Despr\u00e9s de tot l&#8217;esfor\u00e7, no sab\u00edem qu\u00e8 fer amb<strong> les nostres ganes de mostrar-vos els llibres!<\/strong> Aix\u00ed que despr\u00e9s de pensar-ho molt, vam trobar la idea. Cada tarda programar\u00edem contes de les nostres obres perqu\u00e8 <strong>la literatura viatg\u00e9s a cada llar<\/strong>, i els petits lectors estiguessin acompanyats pels nostres personatges. Despr\u00e9s de diverses setmanes, vam descobrir que <strong>eren un \u00e8xit!<\/strong> <\/p>\n\n\n\n<p>Aviat vam poder sortir i tornar a gaudir de les nostres llibreries i biblioteques, per\u00f2 ens va agradar tant organitzar els nostres conta contes per internet amb els autors, que vam decidir que <strong>cada dimarts i dijous a les 19:00 h a Facebook<\/strong>, podr\u00edeu trobar una hist\u00f2ria amb la qual passar la tarda, fent que la vostra llista de futures lectures fos cada vegada m\u00e9s i m\u00e9s llarga. <\/p>\n\n\n\n<p>Per\u00f2&#8230; te n&#8217;has perdut algun? No et preocupis! Aqu\u00ed podr\u00e0s reviure&#8217;ls tots. <\/p>\n\n\n\n<p><\/p>\n\n\n\n<div class=\"wp-block-columns is-layout-flex wp-container-core-columns-is-layout-9d6595d7 wp-block-columns-is-layout-flex\">\n<div class=\"wp-block-column is-layout-flow wp-block-column-is-layout-flow\">\n<h3 class=\"wp-block-heading\">Buscando tu estrella<\/h3>\n\n\n\n<div class=\"wp-block-buttons is-layout-flex wp-block-buttons-is-layout-flex\">\n<div class=\"wp-block-button\"><a class=\"wp-block-button__link wp-element-button\" href=\"https:\/\/www.youtube.com\/watch?v=4Oj8MOoREdg\" target=\"_blank\" rel=\"noreferrer noopener nofollow\">V\u00eddeo: Publica y cuenta tu cuento con BABIDI-B\u00da \u2013 Laura Romero Mart\u00ednez, con Buscando tu estrella<\/a><\/div>\n<\/div>\n\n\n\n<h3 class=\"wp-block-heading\">El viaje de Constanza<\/h3>\n\n\n\n<div class=\"wp-block-buttons is-layout-flex wp-block-buttons-is-layout-flex\">\n<div class=\"wp-block-button\"><a class=\"wp-block-button__link wp-element-button\" href=\"https:\/\/www.youtube.com\/watch?v=Cl93ThFbV7o\" target=\"_blank\" rel=\"noreferrer noopener nofollow\">V\u00eddeo: Publica y cuenta tu cuento con BABIDI-B\u00da \u2013 Sandra S\u00e1nchez Sillero, con El viaje de Constanza<\/a><\/div>\n<\/div>\n<\/div>\n\n\n\n<div class=\"wp-block-column is-layout-flow wp-block-column-is-layout-flow\">\n<h3 class=\"wp-block-heading\">Dragombolo, saca el bolo<\/h3>\n\n\n\n<div class=\"wp-block-buttons is-layout-flex wp-block-buttons-is-layout-flex\">\n<div class=\"wp-block-button\"><a class=\"wp-block-button__link wp-element-button\" href=\"https:\/\/www.youtube.com\/watch?v=-oDEddTYqGo\" target=\"_blank\" rel=\"noreferrer noopener nofollow\">V\u00eddeo: Publica y cuenta tu cuento con BABIDI-B\u00da \u2013 Leticia Garc\u00e9s Larrea, con Dragombolo, saca el bolo<\/a><\/div>\n<\/div>\n\n\n\n<h3 class=\"wp-block-heading\">Piel de colores<\/h3>\n\n\n\n<div class=\"wp-block-buttons is-layout-flex wp-block-buttons-is-layout-flex\">\n<div class=\"wp-block-button\"><a class=\"wp-block-button__link wp-element-button\" href=\"https:\/\/www.youtube.com\/watch?v=0hoWKxVkfQM\" target=\"_blank\" rel=\"noreferrer noopener nofollow\">V\u00eddeo: Publica y cuenta tu cuento con BABIDI-B\u00da \u2013 Isabel Blanco, con Piel de colores<\/a><\/div>\n<\/div>\n<\/div>\n<\/div>\n\n\n\n<div class=\"wp-block-buttons is-horizontal is-content-justification-center is-layout-flex wp-container-core-buttons-is-layout-499968f5 wp-block-buttons-is-layout-flex\">\n<div class=\"wp-block-button\"><a class=\"wp-block-button__link wp-element-button\" href=\"https:\/\/www.babidibulibros.com\/ca\/videos\/cuentacuentoscat\/\">Veure tots els contacontes<\/a><\/div>\n<\/div>\n\n\n\n<div id=\"contact-block_86896757fc2b2a79ee9e37022181859c\" class=\"block-contact\">\n\t<div class=\"block-contact-txt\">\n\t\t<h2>Contacta amb nosaltres<\/h2>\n\t\t<p>Truca&#8217;ns o demana&#8217;ns que et truquem per demanar assessorament<\/p>\n\t<\/div>\n\t<div class=\"block-contact-items\">\n\t\t<div class=\"contact-item\">\n\t\t\t<a href=\"https:\/\/api.whatsapp.com\/send?phone=34653754771&#038;\" alt=\"Whatsapp Babidibu\" rel=\"nofollow noopener\" target=\"_blank\">\n\t\t\t\t<div class=\"contact-item-icon\">\n\t\t\t\t\t<i class=\"ri-whatsapp-line\"><\/i> \n\t\t\t\t<\/div>\n\t\t\t\t<div class=\"contact-item-txt\">\n\t\t\t\t\tWhatsApp\n\t\t\t\t<\/div>\n\t\t\t<\/a>\n\t\t<\/div>\n\t\t<div class=\"contact-item\">\n\t\t\t<a href=\"tel:+34653754771\" alt=\"Trucar per tel\u00e8fon a Babidib\u00fa\">\n\t\t\t\t<div class=\"contact-item-icon\">\n\t\t\t\t\t<i class=\"ri-smartphone-line\"><\/i>\n\t\t\t\t<\/div>\n\t\t\t\t<div class=\"contact-item-txt\">\n\t\t\t\tTel\u00e8fon\t\t\t\t<\/div>\n\t\t\t<\/a>\n\t\t<\/div>\n\t\t<div class=\"contact-item\">\n\t\t\t<a href=\"https:\/\/www.babidibulibros.com\/publica-con-nosotros\/\">\n\t\t\t\t<div class=\"contact-item-icon\">\n\t\t\t\t\t<i class=\"ri-file-list-3-line\"><\/i>\n\t\t\t\t<\/div>\n\t\t\t\t<div class=\"contact-item-txt\">\n\t\t\t\t\tManuscrit\t\t\t\t<\/div>\n\t\t\t<\/a>\n\t\t<\/div>\n\t<\/div>\n<\/div>","protected":false},"excerpt":{"rendered":"<p>El mar\u00e7 de 2020 vam veure com les nostres vides van canviar dr\u00e0sticament. Ens vam veure obligats a romandre a [&hellip;]<\/p>\n","protected":false},"author":4,"featured_media":0,"parent":0,"menu_order":59,"comment_status":"closed","ping_status":"closed","template":"","meta":{"_acf_changed":false,"content-type":"","footnotes":""},"class_list":["post-65139","page","type-page","status-publish","hentry"],"acf":[],"_links":{"self":[{"href":"https:\/\/www.babidibulibros.com\/ca\/wp-json\/wp\/v2\/pages\/65139","targetHints":{"allow":["GET"]}}],"collection":[{"href":"https:\/\/www.babidibulibros.com\/ca\/wp-json\/wp\/v2\/pages"}],"about":[{"href":"https:\/\/www.babidibulibros.com\/ca\/wp-json\/wp\/v2\/types\/page"}],"author":[{"embeddable":true,"href":"https:\/\/www.babidibulibros.com\/ca\/wp-json\/wp\/v2\/users\/4"}],"replies":[{"embeddable":true,"href":"https:\/\/www.babidibulibros.com\/ca\/wp-json\/wp\/v2\/comments?post=65139"}],"version-history":[{"count":2,"href":"https:\/\/www.babidibulibros.com\/ca\/wp-json\/wp\/v2\/pages\/65139\/revisions"}],"predecessor-version":[{"id":75191,"href":"https:\/\/www.babidibulibros.com\/ca\/wp-json\/wp\/v2\/pages\/65139\/revisions\/75191"}],"wp:attachment":[{"href":"https:\/\/www.babidibulibros.com\/ca\/wp-json\/wp\/v2\/media?parent=65139"}],"curies":[{"name":"wp","href":"https:\/\/api.w.org\/{rel}","templated":true}]}}