{"id":65315,"date":"2020-10-16T11:44:56","date_gmt":"2020-10-16T09:44:56","guid":{"rendered":"https:\/\/www.babidibulibros.com\/nuestros-ilustradores-en-accion\/"},"modified":"2024-06-20T10:59:08","modified_gmt":"2024-06-20T08:59:08","slug":"els-nostres-illustradors-en-accio","status":"publish","type":"page","link":"https:\/\/www.babidibulibros.com\/ca\/els-nostres-illustradors-en-accio\/","title":{"rendered":"Els nostres il\u00b7lustradors en acci\u00f3"},"content":{"rendered":"\n<p>Si ets autor de literatura infantil, segurament t&#8217;haur\u00e0s preguntat moltes vegades &nbsp;<strong><a class=\"rank-math-link\" href=\"https:\/\/www.babidibulibros.com\/ca\/blog\/como-ilustrar-un-cuento\/\">\u00bfcom s&#8217;il\u00b7lustra un llibre infantil o un conte infantil?<\/a><\/strong> L&#8217;editorial infantil <strong>BABIDI-B\u00da<\/strong> presenta aquests v\u00eddeos de la col\u00b7lecci\u00f3 <strong>DANDO VIDA<\/strong>, en qu\u00e8 els seus il\u00b7lustradors mostren el proc\u00e9s de treball d&#8217;il\u00b7lustraci\u00f3 que duem a terme en tots els llibres del nostre segell.&nbsp;<\/p>\n\n\n\n<h2 class=\"wp-block-heading has-text-align-center\">\u00bfVols veure com s&#8217;i\u00b7llustra un llibre infantil?<\/h2>\n\n\n\n<p><a href=\"https:\/\/www.babidibulibros.com\/ca\/els-nostres-illustradors\/\"><strong>Els nostres il\u00b7lustradors<\/strong><\/a>, de totes les parts del m\u00f3n, ofereixen als escriptors de BABIDI-B\u00da la possibilitat de narrar la seva hist\u00f2ria de forma gr\u00e0fica amb una qualitat que mai haguessin imaginat quan l&#8217;escriuen. I ara tamb\u00e9 ens ensenyen com ho fan!<\/p>\n\n\n\n<div class=\"wp-block-columns is-layout-flex wp-container-core-columns-is-layout-9d6595d7 wp-block-columns-is-layout-flex\">\n<div class=\"wp-block-column is-layout-flow wp-block-column-is-layout-flow\" style=\"flex-basis:100%\">\n<div class=\"wp-block-columns is-layout-flex wp-container-core-columns-is-layout-9d6595d7 wp-block-columns-is-layout-flex\">\n<div class=\"wp-block-column is-layout-flow wp-block-column-is-layout-flow\">\n<h3 class=\"wp-block-heading\">Gema Melgar<\/h3>\n\n\n\n<div class=\"wp-block-buttons is-layout-flex wp-block-buttons-is-layout-flex\">\n<div class=\"wp-block-button\"><a class=\"wp-block-button__link wp-element-button\" href=\"https:\/\/www.youtube.com\/watch?v=0Yi2lAP5oaw\" target=\"_blank\" rel=\"noreferrer noopener nofollow\">V\u00eddeo: \u00bfC\u00f3mo se ilustra un cuento infantil? Por Gema Melgar<\/a><\/div>\n<\/div>\n\n\n\n<h3 class=\"wp-block-heading\">Pau Mandroska<\/h3>\n\n\n\n<div class=\"wp-block-buttons is-layout-flex wp-block-buttons-is-layout-flex\">\n<div class=\"wp-block-button\"><a class=\"wp-block-button__link wp-element-button\" href=\"https:\/\/www.youtube.com\/watch?v=in-uDLYsHlY\" target=\"_blank\" rel=\"noreferrer noopener nofollow\">V\u00eddeo: \u00bfC\u00f3mo se ilustra un cuento infantil? por Pau Mandroska<\/a><\/div>\n<\/div>\n<\/div>\n\n\n\n<div class=\"wp-block-column is-layout-flow wp-block-column-is-layout-flow\">\n<h3 class=\"wp-block-heading\">Laranna<\/h3>\n\n\n\n<div class=\"wp-block-buttons is-layout-flex wp-block-buttons-is-layout-flex\">\n<div class=\"wp-block-button\"><a class=\"wp-block-button__link wp-element-button\" href=\"https:\/\/www.youtube.com\/watch?v=KwflBuM3GgY\" target=\"_blank\" rel=\"noreferrer noopener nofollow\">V\u00eddeo: \u00bfC\u00f3mo se ilustra un cuento infantil? Por Laranna<\/a><\/div>\n<\/div>\n\n\n\n<h3 class=\"wp-block-heading\">Laia Centellas Soro<\/h3>\n\n\n\n<div class=\"wp-block-buttons is-layout-flex wp-block-buttons-is-layout-flex\">\n<div class=\"wp-block-button\"><a class=\"wp-block-button__link wp-element-button\" href=\"https:\/\/www.youtube.com\/watch?v=kC7KCiYIANM\" target=\"_blank\" rel=\"noreferrer noopener nofollow\">V\u00eddeo: \u00bfC\u00f3mo se ilustra un cuento infantil? Por Laia Centellas Soro<\/a><\/div>\n<\/div>\n<\/div>\n<\/div>\n<\/div>\n<\/div>\n\n\n\n<div class=\"wp-block-buttons is-horizontal is-content-justification-center is-layout-flex wp-container-core-buttons-is-layout-499968f5 wp-block-buttons-is-layout-flex\">\n<div class=\"wp-block-button\"><a class=\"wp-block-button__link wp-element-button\" href=\"https:\/\/www.babidibulibros.com\/videos\/ilustradores\/\">Veure tots els v\u00eddeos dels nostres il\u00b7lustradors<\/a><\/div>\n<\/div>\n\n\n\n<div id=\"contact-block_b79a518b6c93e5caa097cd551d2c8b53\" class=\"block-contact\">\n\t<div class=\"block-contact-txt\">\n\t\t<h2>Contacta amb nosaltres<\/h2>\n\t\t<p>Truca&#8217;ns o demana&#8217;ns que et truquem per demanar assessorament<\/p>\n\t<\/div>\n\t<div class=\"block-contact-items\">\n\t\t<div class=\"contact-item\">\n\t\t\t<a href=\"https:\/\/api.whatsapp.com\/send?phone=34653754771&#038;\" alt=\"Whatsapp Babidibu\" rel=\"nofollow noopener\" target=\"_blank\">\n\t\t\t\t<div class=\"contact-item-icon\">\n\t\t\t\t\t<i class=\"ri-whatsapp-line\"><\/i> \n\t\t\t\t<\/div>\n\t\t\t\t<div class=\"contact-item-txt\">\n\t\t\t\t\tWhatsApp\n\t\t\t\t<\/div>\n\t\t\t<\/a>\n\t\t<\/div>\n\t\t<div class=\"contact-item\">\n\t\t\t<a href=\"tel:+34653754771\" alt=\"Trucar per tel\u00e8fon a Babidib\u00fa\">\n\t\t\t\t<div class=\"contact-item-icon\">\n\t\t\t\t\t<i class=\"ri-smartphone-line\"><\/i>\n\t\t\t\t<\/div>\n\t\t\t\t<div class=\"contact-item-txt\">\n\t\t\t\tTel\u00e8fon\t\t\t\t<\/div>\n\t\t\t<\/a>\n\t\t<\/div>\n\t\t<div class=\"contact-item\">\n\t\t\t<a href=\"https:\/\/www.babidibulibros.com\/publica-con-nosotros\/\">\n\t\t\t\t<div class=\"contact-item-icon\">\n\t\t\t\t\t<i class=\"ri-file-list-3-line\"><\/i>\n\t\t\t\t<\/div>\n\t\t\t\t<div class=\"contact-item-txt\">\n\t\t\t\t\tManuscrit\t\t\t\t<\/div>\n\t\t\t<\/a>\n\t\t<\/div>\n\t<\/div>\n<\/div>","protected":false},"excerpt":{"rendered":"<p>Si ets autor de literatura infantil, segurament t&#8217;haur\u00e0s preguntat moltes vegades &nbsp;\u00bfcom s&#8217;il\u00b7lustra un llibre infantil o un conte infantil? [&hellip;]<\/p>\n","protected":false},"author":5,"featured_media":0,"parent":0,"menu_order":68,"comment_status":"closed","ping_status":"closed","template":"","meta":{"_acf_changed":false,"content-type":"","footnotes":""},"class_list":["post-65315","page","type-page","status-publish","hentry"],"acf":[],"_links":{"self":[{"href":"https:\/\/www.babidibulibros.com\/ca\/wp-json\/wp\/v2\/pages\/65315","targetHints":{"allow":["GET"]}}],"collection":[{"href":"https:\/\/www.babidibulibros.com\/ca\/wp-json\/wp\/v2\/pages"}],"about":[{"href":"https:\/\/www.babidibulibros.com\/ca\/wp-json\/wp\/v2\/types\/page"}],"author":[{"embeddable":true,"href":"https:\/\/www.babidibulibros.com\/ca\/wp-json\/wp\/v2\/users\/5"}],"replies":[{"embeddable":true,"href":"https:\/\/www.babidibulibros.com\/ca\/wp-json\/wp\/v2\/comments?post=65315"}],"version-history":[{"count":2,"href":"https:\/\/www.babidibulibros.com\/ca\/wp-json\/wp\/v2\/pages\/65315\/revisions"}],"predecessor-version":[{"id":75194,"href":"https:\/\/www.babidibulibros.com\/ca\/wp-json\/wp\/v2\/pages\/65315\/revisions\/75194"}],"wp:attachment":[{"href":"https:\/\/www.babidibulibros.com\/ca\/wp-json\/wp\/v2\/media?parent=65315"}],"curies":[{"name":"wp","href":"https:\/\/api.w.org\/{rel}","templated":true}]}}