{"id":65331,"date":"2020-10-16T07:45:00","date_gmt":"2020-10-16T05:45:00","guid":{"rendered":"https:\/\/www.babidibulibros.com\/video-opiniones-de-los-autores\/"},"modified":"2023-07-28T11:29:14","modified_gmt":"2023-07-28T09:29:14","slug":"video-opinions-dels-autors","status":"publish","type":"page","link":"https:\/\/www.babidibulibros.com\/ca\/video-opinions-dels-autors\/","title":{"rendered":"V\u00eddeos testimonis d&#8217;autors"},"content":{"rendered":"\n<h2 class=\"wp-block-heading\">La nostra major satisfacci\u00f3<\/h2>\n\n\n\n<p>Ja s\u00f3n <strong>centenars els autors<\/strong> que han confiat en nosaltres perqu\u00e8 el seu somni fet paper viatgi a milers de llars i siguin cada vegada m\u00e9s <strong>els lectors<\/strong> que creixin al costat de les seves paraules. <\/p>\n\n\n\n<p><strong>Les seves opinions ens avalen<\/strong> i aquest \u00e9s el nostre millor regal al final de tot el proc\u00e9s. Pots veure i llegir qu\u00e8 opinen els autors de nosaltres; per\u00f2 abans de resumir-t&#8217;ho, deixa&#8217;ns que t&#8217;expliquem:<\/p>\n\n\n\n<div class=\"wp-block-media-text alignfull is-stacked-on-mobile is-vertically-aligned-center has-background\" style=\"background-color:#e1f4f700;grid-template-columns:49% auto\"><figure class=\"wp-block-media-text__media\"><img loading=\"lazy\" decoding=\"async\" width=\"552\" height=\"531\" src=\"https:\/\/www.babidibulibros.com\/wp-content\/uploads\/2023\/07\/230726_Videopiniones.png\" alt=\"\" class=\"wp-image-65571 size-full\" srcset=\"https:\/\/www.babidibulibros.com\/wp-content\/uploads\/2023\/07\/230726_Videopiniones.png 552w, https:\/\/www.babidibulibros.com\/wp-content\/uploads\/2023\/07\/230726_Videopiniones-312x300.png 312w\" sizes=\"auto, (max-width: 552px) 100vw, 552px\" \/><\/figure><div class=\"wp-block-media-text__content\">\n<h2 class=\"wp-block-heading\">Qu\u00e8 \u00e9s el que m\u00e9s valoren de BABIDI-B\u00da?<\/h2>\n\n\n\n<h3 class=\"wp-block-heading\">Profund respecte pel seu criteri<\/h3>\n\n\n\n<p>Sabem que moltes editorials <strong>canvien el manuscrit de dalt a baix<\/strong> sense tenir en compte l&#8217;opini\u00f3 de l&#8217;autor i sense consultar-lo. Per a nosaltres, <strong>aix\u00f2 \u00e9s impensable<\/strong>. Consensuem qualsevol millora, maquetant tantes versions de continguts i cobertes com sigui necessari fins a arribar al resultat esperat per ambdues parts.<\/p>\n\n\n\n<h3 class=\"wp-block-heading\">La proximitat<\/h3>\n\n\n\n<p><strong>Sempre estem disponibles per a tu<\/strong> i sempre atendrem qualsevol consulta que tinguis. La majoria dels nostres autors no tenen cap mena d&#8217;experi\u00e8ncia en el sector editorial i sabem el dif\u00edcil que s\u00f3n els primers passos. A BABIDI-B\u00da us orientem i aconsellem en cada moment perqu\u00e8 <strong>mai us sentiu perduts<\/strong>. Ser\u00e0s part de la nostra fam\u00edlia.<\/p>\n\n\n\n<h3 class=\"wp-block-heading\">La qualitat<\/h3>\n\n\n\n<p>Prestem molta atenci\u00f3 a cada detall perqu\u00e8 el resultat de tota la nostra feina, la teva com a autor i la nostra com a editorial, <strong>sigui impecable<\/strong>. A m\u00e9s, <strong>la nostra tasca no acaba amb la publicaci\u00f3 del llibre<\/strong>. Realitzem edicions digitals, audiollibres, podr\u00e0s formar part de la plataforma Storyrocket, la teva obra podr\u00e0 ser seleccionada com a material curricular homologat&#8230;<\/p>\n\n\n\n<p class=\"has-small-font-size\"><\/p>\n<\/div><\/div>\n\n\n\n<h2 class=\"has-text-align-center wp-block-heading\">Opinions d&#8217;autors publicats<\/h2>\n\n\n\n<div id=\"reviews-block_23baceb42f9b21596726c273952850ce\" class=\"block-reviews reviews\">\n\t\t\t<div class=\"slick-carousel-reviews\">\n\t\t\t\t\t        <div class=\"review-item\">\n\t\t\t    \t<img decoding=\"async\" class=\"reviews-author-image\" src=\"https:\/\/www.babidibulibros.com\/wp-content\/uploads\/2020\/12\/miniaturas_la-princesa-jorge_autora-120x159-3.jpg\" \/>\n\t                <blockquote>\n\t\t\t\t\t\t<p>Un equip meravell\u00f3s, he tingut la sort de poder publicar amb ells\/elles el meu primer \u00e0lbum il\u00b7lustrat &#8220;La princesa Jorge&#8221; i no puc estar m\u00e9s contenta, sempre atents i posant molt d&#8217;amor en la seva feina.<\/p>\n\t\t\t\t\t\t<cite><span class=\"reviews-author-name\">\u00c1ngeles mesa<\/span><br>Autora de La princesa Jorge<\/cite>\n\t\t          \t<\/blockquote>\n\t\t\t\t<\/div>\n\t\t\t\t\t        <div class=\"review-item\">\n\t\t\t    \t<img decoding=\"async\" class=\"reviews-author-image\" src=\"https:\/\/www.babidibulibros.com\/wp-content\/uploads\/2020\/12\/luz-egea-120x159-2.jpg\" \/>\n\t                <blockquote>\n\t\t\t\t\t\t<p>\u00c9s genial quan una il\u00b7lusi\u00f3 comen\u00e7a a materialitzar-se, i ho \u00e9s encara m\u00e9s quan aquells que ho fan possible fan cura d&#8217;aquesta il\u00b7lusi\u00f3 per mantenir-la intacta. Gr\u00e0cies, BABIDI-B\u00da.<\/p>\n\t\t\t\t\t\t<cite><span class=\"reviews-author-name\">Luz Egea<\/span><br> Il\u00b7lustradora de Pepa Planes<\/cite>\n\t\t          \t<\/blockquote>\n\t\t\t\t<\/div>\n\t\t\t\t\t        <div class=\"review-item\">\n\t\t\t    \t<img decoding=\"async\" class=\"reviews-author-image\" src=\"https:\/\/www.babidibulibros.com\/wp-content\/uploads\/2020\/10\/juan-alfonso-belmontes.jpg\" \/>\n\t                <blockquote>\n\t\t\t\t\t\t<p>Quina gran aposta fan per la literatura infantil i juvenil! \u00c9s un plaer contemplar el seu cat\u00e0leg, ple de propostes per acompanyar tota mena de lectors. &#8220;Manuela&#8221;, el meu primer llibre amb BABIDI-B\u00da, ha estat curat fins a aconseguir donar el millor de si mateix.<\/p>\n\t\t\t\t\t\t<cite><span class=\"reviews-author-name\">Juan Alfonso Belmontes <\/span><br>Autor de Manuela<\/cite>\n\t\t          \t<\/blockquote>\n\t\t\t\t<\/div>\n\t\t\t\t\t<\/div>\n\t<\/div>\n\n\n\n\n\n\n\n\n\n<div class=\"wp-block-buttons is-horizontal is-content-justification-center is-layout-flex wp-container-core-buttons-is-layout-499968f5 wp-block-buttons-is-layout-flex\">\n<div class=\"wp-block-button\"><a class=\"wp-block-button__link wp-element-button\" href=\"https:\/\/www.babidibulibros.com\/opiniones-de-autores-publicados-2\/\">Veure totes les opinions<\/a><\/div>\n<\/div>\n\n\n\n\n<div id=\"video-review-block_2bcb0fd9c747e3b0146bd6931144b516\" class=\"video-review\">\n\t<div class=\"video-review-container block_video_review_right\">\n\t\t<button type=\"button\" class=\"video-review-btn\" data-toggle=\"modal\" data-target=\"#modal_video-review-block_2bcb0fd9c747e3b0146bd6931144b516\">\n\t\t\t<i class=\"ri-play-fill\"><\/i>\n\t\t<\/button>\n\t\t<div class=\"video-review-overlay\"><\/div>\n\t\t<blockquote class=\"video-review-txt\">\n\t\t\t<p class=\"video-review-quote\">Descobrir BABIDI-B\u00da va ser sensacional, vaig quedar fascinada amb el seu gran cat\u00e0leg de contes infantils. Ha estat com treballar en fam\u00edlia, sempre oberts a escoltar-me, propers i molt professionals. Sens dubte, ho repetiria.\r\n\r\n\r\n\r\n\r\n<\/p>\n\t\t\t<cite><span class=\"video-review-name\">Pilar Romero<\/span><br><span class=\"video-review-subtitle\"> Pepita Power. Inventora de aparatejos para animalejos<\/cite>\n\t\t<\/blockquote>\n\t\t<div class=\"video-review-img\">\n\t\t\t\t\t\t\t<img decoding=\"async\" src=\"https:\/\/www.babidibulibros.com\/wp-content\/uploads\/2021\/06\/Captura.jpg\" \/>\n\t\t\t\t\t<\/div>\n    <\/div>\n<\/div>\n\n<!-- Modal -->\n<div class=\"modal modal-video fade\" id=\"modal_video-review-block_2bcb0fd9c747e3b0146bd6931144b516\" tabindex=\"-1\" role=\"dialog\" aria-labelledby=\"exampleModalLabel\" aria-hidden=\"true\">\n  \t<div class=\"modal-dialog\" role=\"document\">\n    \t<div class=\"modal-content\">\n\t\t\t<div class=\"modal-body\">\n\t    \t\t<button type=\"button\" class=\"close\" data-dismiss=\"modal\" aria-label=\"Close\">\n          \t\t\t<span aria-hidden=\"true\">&times;<\/span>\n        \t\t<\/button>        \n\t\t\t\t<div class=\"embed-responsive embed-responsive-16by9\">\n\t\t\t\t\t<iframe class=\"embed-responsive-item\" src=\"https:\/\/www.youtube.com\/embed\/X71Y7P2nhUE?autoplay=0&amp;modestbranding=1&amp;showinfo=0\" id=\"video_video-review-block_2bcb0fd9c747e3b0146bd6931144b516\"  allowscriptaccess=\"always\"><\/iframe>\n\t\t\t\t<\/div>\n\t\t\t<\/div>\n\t\t<\/div>\n\t<\/div>\n<\/div> \n\n<script>\n\tjQuery(document).ready(function() {\n\t\tjQuery('#modal_video-review-block_2bcb0fd9c747e3b0146bd6931144b516').on('shown.bs.modal');\n\t\tjQuery('#modal_video-review-block_2bcb0fd9c747e3b0146bd6931144b516').on('hide.bs.modal') \n\t});\n<\/script>\n\n\n\n<div id=\"video-review-block_48f3fa84730ab30bcdf709a05e5f463e\" class=\"video-review\">\n\t<div class=\"video-review-container block_video_review_left\">\n\t\t<button type=\"button\" class=\"video-review-btn\" data-toggle=\"modal\" data-target=\"#modal_video-review-block_48f3fa84730ab30bcdf709a05e5f463e\">\n\t\t\t<i class=\"ri-play-fill\"><\/i>\n\t\t<\/button>\n\t\t<div class=\"video-review-overlay\"><\/div>\n\t\t<blockquote class=\"video-review-txt\">\n\t\t\t<p class=\"video-review-quote\">S\u00f3n la fam\u00edlia que necessitem els autors novells. La seguretat, la confian\u00e7a i l&#8217;acompanyament \u00e9s el que he sentit durant tot el proc\u00e9s. \u00c9s un somni fet realitat.<\/p>\n\t\t\t<cite><span class=\"video-review-name\"> Isabel Blanco<\/span><br><span class=\"video-review-subtitle\">Piel de colores<\/cite>\n\t\t<\/blockquote>\n\t\t<div class=\"video-review-img\">\n\t\t\t\t\t\t\t<img decoding=\"async\" src=\"https:\/\/www.babidibulibros.com\/wp-content\/uploads\/2021\/06\/Captura2.jpg\" \/>\n\t\t\t\t\t<\/div>\n    <\/div>\n<\/div>\n\n<!-- Modal -->\n<div class=\"modal modal-video fade\" id=\"modal_video-review-block_48f3fa84730ab30bcdf709a05e5f463e\" tabindex=\"-1\" role=\"dialog\" aria-labelledby=\"exampleModalLabel\" aria-hidden=\"true\">\n  \t<div class=\"modal-dialog\" role=\"document\">\n    \t<div class=\"modal-content\">\n\t\t\t<div class=\"modal-body\">\n\t    \t\t<button type=\"button\" class=\"close\" data-dismiss=\"modal\" aria-label=\"Close\">\n          \t\t\t<span aria-hidden=\"true\">&times;<\/span>\n        \t\t<\/button>        \n\t\t\t\t<div class=\"embed-responsive embed-responsive-16by9\">\n\t\t\t\t\t<iframe class=\"embed-responsive-item\" src=\"https:\/\/www.youtube.com\/embed\/QYvk8Ms88ZU?autoplay=0&amp;modestbranding=1&amp;showinfo=0\" id=\"video_video-review-block_48f3fa84730ab30bcdf709a05e5f463e\"  allowscriptaccess=\"always\"><\/iframe>\n\t\t\t\t<\/div>\n\t\t\t<\/div>\n\t\t<\/div>\n\t<\/div>\n<\/div> \n\n<script>\n\tjQuery(document).ready(function() {\n\t\tjQuery('#modal_video-review-block_48f3fa84730ab30bcdf709a05e5f463e').on('shown.bs.modal');\n\t\tjQuery('#modal_video-review-block_48f3fa84730ab30bcdf709a05e5f463e').on('hide.bs.modal') \n\t});\n<\/script>\n\n\n<div class=\"wp-block-buttons is-horizontal is-content-justification-center is-layout-flex wp-container-core-buttons-is-layout-499968f5 wp-block-buttons-is-layout-flex\">\n<div class=\"wp-block-button\"><a class=\"wp-block-button__link wp-element-button\" href=\"https:\/\/www.babidibulibros.com\/videos\/opiniones\/\">Veure totes les v\u00eddeopinions<\/a><\/div>\n<\/div>\n\n\n\n<h2 class=\"has-text-align-center wp-block-heading\">Ressenyes Google<\/h2>\n\n\n<p>[trustindex no-registration=google]<\/p>\n\n\n\n<p><\/p>\n\n\n\n<h2 class=\"has-text-align-center wp-block-heading\">Els bloguers tamb\u00e9 ens recomanen<\/h2>\n\n\n\n<div class=\"wp-block-media-text alignwide is-stacked-on-mobile\" style=\"grid-template-columns:20% auto\"><figure class=\"wp-block-media-text__media\"><img loading=\"lazy\" decoding=\"async\" width=\"146\" height=\"138\" src=\"https:\/\/www.babidibulibros.com\/wp-content\/uploads\/2021\/04\/Editoriales-infantiles.png\" alt=\"\" class=\"wp-image-9714 size-full\"\/><\/figure><div class=\"wp-block-media-text__content\">\n<h3 class=\"wp-block-heading\">Editorials Infantils, blog especialitzat<\/h3>\n\n\n\n<p>El blog <a class=\"rank-math-link\" href=\"https:\/\/www.editoriales-infantiles.com\/\" target=\"_blank\" rel=\"noopener\">Editorials Infantils<\/a> ens situa com una de les millors editorials del sector infantil i juvenil d&#8217;Espanya i destaca la nostra aposta pels autors novells i les edicions de qualitat. <\/p>\n<\/div><\/div>\n\n\n\n<div class=\"wp-block-media-text alignwide has-media-on-the-right is-stacked-on-mobile\" style=\"grid-template-columns:auto 19%\"><div class=\"wp-block-media-text__content\">\n<div style=\"height:100px\" aria-hidden=\"true\" class=\"wp-block-spacer\"><\/div>\n\n\n\n<h3 class=\"wp-block-heading\">Sapos y Princesas, suplement de El Mundo<\/h3>\n\n\n\n<p>El mitj\u00e0 de comunicaci\u00f3 <a href=\"https:\/\/saposyprincesas.elmundo.es\/ocio-en-casa\/lectura-libros-ninos\/babidibu-editorial-literatura-infantil\/\" class=\"rank-math-link\" target=\"_blank\" rel=\"noopener\">Sapos y Princesas<\/a> es refereix a nosaltres com a l&#8217;editorial independent que est\u00e0 revolucionant la literatura infantil i destaca el nostre comprom\u00eds amb els autors novells i la qualitat dels nostres processos. <\/p>\n\n\n\n<div style=\"height:100px\" aria-hidden=\"true\" class=\"wp-block-spacer\"><\/div>\n<\/div><figure class=\"wp-block-media-text__media\"><img loading=\"lazy\" decoding=\"async\" width=\"146\" height=\"138\" src=\"https:\/\/www.babidibulibros.com\/wp-content\/uploads\/2021\/02\/Saposyprincesas_edit-1.png\" alt=\"\" class=\"wp-image-8320 size-medium\"\/><\/figure><\/div>\n\n\n\n<div class=\"wp-block-media-text alignwide is-stacked-on-mobile\" style=\"grid-template-columns:20% auto\"><figure class=\"wp-block-media-text__media\"><img loading=\"lazy\" decoding=\"async\" width=\"302\" height=\"138\" src=\"https:\/\/www.babidibulibros.com\/wp-content\/uploads\/2021\/01\/Julianmarquina.png\" alt=\"\" class=\"wp-image-8008 size-full\"\/><\/figure><div class=\"wp-block-media-text__content\">\n<h3 class=\"wp-block-heading\">Juli\u00e1n Marquina, bloguer especialitzat en literatura<\/h3>\n\n\n\n<p>El prestigi\u00f3s<a class=\"rank-math-link\" href=\"https:\/\/www.julianmarquina.es\/24-editoriales-especializadas-en-libros-infantiles-que-no-puedes-perder-de-vista\/?fbclid=IwAR3rB8wmBO_dzfpWfQ38q8xysG3OMe2BU7JIAQUY9Xq99_y9FHnAHDW9q6w\" target=\"_blank\" rel=\"noopener\"> blog de literatura de Juli\u00e1n Marquina<\/a> ens recomana com una de les 24 editorials especialitzades en literatura infantil que no pots perdre de vista i ens recomana per les nostres obres enfocades a potenciar la Intel\u00b7lig\u00e8ncia Emocional. <\/p>\n<\/div><\/div>\n\n\n\n<div class=\"wp-block-media-text alignwide has-media-on-the-right is-stacked-on-mobile\" style=\"grid-template-columns:auto 19%\"><div class=\"wp-block-media-text__content\">\n<div style=\"height:100px\" aria-hidden=\"true\" class=\"wp-block-spacer\"><\/div>\n\n\n\n<h3 class=\"wp-block-heading\">Eresmam\u00e1, revista especialitzada per a mares<\/h3>\n\n\n\n<p>El portal especialitzat en l&#8217;educaci\u00f3 dels petits i en contingut educatiu per a mares <a href=\"https:\/\/eresmama.com\/8-editoriales-imprescindibles-de-libros-infantiles\/\" class=\"rank-math-link\" target=\"_blank\" rel=\"noopener\">Eresmam\u00e1<\/a>, ens assenyala com una de les editorials imprescindibles de llibres infantils i valora el nostre comprom\u00eds amb l&#8217;educaci\u00f3 en valors.  <\/p>\n\n\n\n<div style=\"height:100px\" aria-hidden=\"true\" class=\"wp-block-spacer\"><\/div>\n<\/div><figure class=\"wp-block-media-text__media\"><img loading=\"lazy\" decoding=\"async\" width=\"302\" height=\"138\" src=\"https:\/\/www.babidibulibros.com\/wp-content\/uploads\/2021\/01\/eresmama.png\" alt=\"\" class=\"wp-image-8007 size-medium\"\/><\/figure><\/div>\n\n\n\n<div id=\"contact-block_d2ceadff6375998db8706c2c92ad7f79\" class=\"block-contact\">\n\t<div class=\"block-contact-txt\">\n\t\t<h2>Contacta amb nosaltres<\/h2>\n\t\t<p>Truca&#8217;ns o demana&#8217;ns que et truquem per demanar assessorament<\/p>\n\t<\/div>\n\t<div class=\"block-contact-items\">\n\t\t<div class=\"contact-item\">\n\t\t\t<a href=\"https:\/\/api.whatsapp.com\/send?phone=34653754771&#038;\" alt=\"Whatsapp Babidibu\" rel=\"nofollow noopener\" target=\"_blank\">\n\t\t\t\t<div class=\"contact-item-icon\">\n\t\t\t\t\t<i class=\"ri-whatsapp-line\"><\/i> \n\t\t\t\t<\/div>\n\t\t\t\t<div class=\"contact-item-txt\">\n\t\t\t\t\tWhatsApp\n\t\t\t\t<\/div>\n\t\t\t<\/a>\n\t\t<\/div>\n\t\t<div class=\"contact-item\">\n\t\t\t<a href=\"tel:+34653754771\" alt=\"Trucar per tel\u00e8fon a Babidib\u00fa\">\n\t\t\t\t<div class=\"contact-item-icon\">\n\t\t\t\t\t<i class=\"ri-smartphone-line\"><\/i>\n\t\t\t\t<\/div>\n\t\t\t\t<div class=\"contact-item-txt\">\n\t\t\t\tTel\u00e8fon\t\t\t\t<\/div>\n\t\t\t<\/a>\n\t\t<\/div>\n\t\t<div class=\"contact-item\">\n\t\t\t<a href=\"https:\/\/www.babidibulibros.com\/publica-con-nosotros\/\">\n\t\t\t\t<div class=\"contact-item-icon\">\n\t\t\t\t\t<i class=\"ri-file-list-3-line\"><\/i>\n\t\t\t\t<\/div>\n\t\t\t\t<div class=\"contact-item-txt\">\n\t\t\t\t\tManuscrit\t\t\t\t<\/div>\n\t\t\t<\/a>\n\t\t<\/div>\n\t<\/div>\n<\/div>","protected":false},"excerpt":{"rendered":"<p>La nostra major satisfacci\u00f3 Ja s\u00f3n centenars els autors que han confiat en nosaltres perqu\u00e8 el seu somni fet paper [&hellip;]<\/p>\n","protected":false},"author":5,"featured_media":0,"parent":0,"menu_order":73,"comment_status":"closed","ping_status":"closed","template":"","meta":{"_acf_changed":false,"content-type":"","footnotes":""},"class_list":["post-65331","page","type-page","status-publish","hentry"],"acf":[],"_links":{"self":[{"href":"https:\/\/www.babidibulibros.com\/ca\/wp-json\/wp\/v2\/pages\/65331","targetHints":{"allow":["GET"]}}],"collection":[{"href":"https:\/\/www.babidibulibros.com\/ca\/wp-json\/wp\/v2\/pages"}],"about":[{"href":"https:\/\/www.babidibulibros.com\/ca\/wp-json\/wp\/v2\/types\/page"}],"author":[{"embeddable":true,"href":"https:\/\/www.babidibulibros.com\/ca\/wp-json\/wp\/v2\/users\/5"}],"replies":[{"embeddable":true,"href":"https:\/\/www.babidibulibros.com\/ca\/wp-json\/wp\/v2\/comments?post=65331"}],"version-history":[{"count":2,"href":"https:\/\/www.babidibulibros.com\/ca\/wp-json\/wp\/v2\/pages\/65331\/revisions"}],"predecessor-version":[{"id":65676,"href":"https:\/\/www.babidibulibros.com\/ca\/wp-json\/wp\/v2\/pages\/65331\/revisions\/65676"}],"wp:attachment":[{"href":"https:\/\/www.babidibulibros.com\/ca\/wp-json\/wp\/v2\/media?parent=65331"}],"curies":[{"name":"wp","href":"https:\/\/api.w.org\/{rel}","templated":true}]}}