{"id":65427,"date":"2020-06-16T08:57:15","date_gmt":"2020-06-16T06:57:15","guid":{"rendered":"https:\/\/www.babidibulibros.com\/politica-de-cookies\/"},"modified":"2023-07-17T10:29:07","modified_gmt":"2023-07-17T08:29:07","slug":"politica-de-cookies","status":"publish","type":"page","link":"https:\/\/www.babidibulibros.com\/ca\/politica-de-cookies\/","title":{"rendered":"Pol\u00edtica de cookies"},"content":{"rendered":"\n<p class=\"has-text-align-left\">La present Pol\u00edtica de Cookies \u00e9s part integrant de les Condicions d&#8217;\u00das i la Pol\u00edtica de Privadesa de la p\u00e0gina web,  <a href=\"https:\/\/www.babidibulibros.com\/ca\/\" class=\"rank-math-link\">https:\/\/www.babidibulibros.com\/<\/a> (d&#8217;ara endavant, el &#8220;Lloc Web&#8221; o la &#8220;P\u00e0gina Web&#8221;). L&#8217;acc\u00e9s i la navegaci\u00f3 al Lloc Web, o l&#8217;\u00fas dels serveis d&#8217;aquest, implica l&#8217;acceptaci\u00f3 dels termes i condicions recollits a les Condicions d&#8217;\u00das, aix\u00ed com a la Pol\u00edtica de Privadesa i, dins d&#8217;aquesta, a la Pol\u00edtica de Cookies.<\/p>\n\n\n\n<p>Amb la finalitat de facilitar la seva navegaci\u00f3 pel Lloc Web, el titular d\u2019aquest, amb domicili social a Av. San Francisco Javier, 9, 6\u00aa, 23, Edifici Sevilla 2, 41018 &#8211; SEVILLA, li comunica que utilitza cookies o dispositius d&#8217;Emmagatzematge de Recuperaci\u00f3 de Dades (DARD) o altres arxius de funcionalitat similar (d&#8217;ara endavant, les &#8220;cookies&#8221;).<\/p>\n\n\n\n<p>En aquest sentit, i amb l&#8217;objectiu de garantir a l&#8217;usuari tota la informaci\u00f3 necess\u00e0ria per a la seva correcta navegaci\u00f3, posem a disposici\u00f3 de l&#8217;usuari el seg\u00fcent text informatiu sobre qu\u00e8 s\u00f3n les galetes, quina tipologia de galetes existeixen a la nostra P\u00e0gina Web i com \u00e9s possible configurar-les o desactivar-les.<\/p>\n\n\n\n<h3 class=\"wp-block-heading\">1 &#8211; Qu\u00e8 s\u00f3n les cookies?<\/h3>\n\n\n\n<p>Actualment, la majoria de les p\u00e0gines Web, independentment del servei que presten, utilitzen cookies, \u00e9s a dir, guarden una informaci\u00f3 m\u00ednima de l&#8217;\u00fas o de la navegaci\u00f3 que realitza l&#8217;usuari dins de la P\u00e0gina Web.<\/p>\n\n\n\n<p>Una cookie pot definir-se com un petit fitxer de text o dispositiu d&#8217;\u00fas generalitzat que es descarrega a l&#8217;equip terminal de l&#8217;usuari quan navega per les p\u00e0gines Web amb la finalitat d&#8217;emmagatzemar dades que podran ser actualitzades i recuperades per l&#8217;entitat responsable de la seva instal\u00b7laci\u00f3 per a facilitar-li la navegaci\u00f3 i l&#8217;experi\u00e8ncia de l&#8217;usuari.<\/p>\n\n\n\n<p>Tal com estableix el Considerant 30 del RGPD, les persones f\u00edsiques poden ser associades a identificadors en l\u00ednia facilitats pels seus dispositius, aplicacions, eines i protocols, com ara adreces dels protocols d&#8217;internet, identificadors de sessi\u00f3 en forma de &#8220;cookies&#8221; o altres identificadors amb finalitats similars. Aix\u00f2 pot deixar rastres que, en particular, al ser combinats amb identificadors \u00fanics i altres dades rebudes pels servidors, es poden utilitzar per elaborar perfils de les persones f\u00edsiques i identificar-les.<br><\/p>\n\n\n\n<p>Per aquest motiu, El titular del lloc web disposa d&#8217;una pol\u00edtica de cookies coherent amb la normativa aplicable.<\/p>\n\n\n\n<p>De manera general, quan la instal\u00b7laci\u00f3 i\/o utilitzaci\u00f3 de cookies comporti el tractament de dades personals, ja sigui de cookies pr\u00f2pies o de tercers, de sessi\u00f3 o persistents, el responsable del tractament proporcionar\u00e0 la informaci\u00f3 necess\u00e0ria en aquest \u00e0mbit i recollir\u00e0 el previ consentiment informat de l&#8217;usuari per instal\u00b7lar i\/o usar-les, llevat que calgui instal\u00b7lar cookies estrictament necess\u00e0ries. I \u00e9s que nom\u00e9s queden exceptuades d&#8217;aquest consentiment aquelles que permetin, de forma exclusiva, la comunicaci\u00f3 entre l&#8217;equip de l&#8217;usuari i la xarxa i, estrictament, aquelles utilitzades per prestar un servei sol\u00b7licitat per l&#8217;usuari. Per exemple, queden exceptuades les anomenades &#8220;cookies t\u00e8cniques&#8221; (p. ex., les necess\u00e0ries per a la mateixa navegaci\u00f3 per la plataforma o aplicaci\u00f3); &#8220;les de personalitzaci\u00f3 o configuraci\u00f3&#8221; (p. ex., que permeten que la p\u00e0gina reconegui l&#8217;idioma de l&#8217;usuari, etc.); i &#8220;les de seguretat&#8221; (p. ex., detectar intents erronis i reiterats de connexi\u00f3 a un lloc).<\/p>\n\n\n\n<h3 class=\"wp-block-heading\">2 &#8211; Quins tipus de cookies utilitzem a BABIDI-B\u00da Llibres?<\/h3>\n\n\n\n<h4 class=\"wp-block-heading\">3.1 SEGONS L&#8217;ENTITAT QUE LA GESTIONA<\/h4>\n\n\n\n<h5 class=\"wp-block-heading\">Cookies pr\u00f2pies<\/h5>\n\n\n\n<p>S\u00f3n aquelles que s&#8217;envien al teu equip des de l&#8217;equip o els servidors del titular de la web i des del qual prestem el servei que ens sol\u00b7licites.<\/p>\n\n\n\n<h5 class=\"wp-block-heading\">Cookies de tercers<\/h5>\n\n\n\n<p>S\u00f3n aquelles que s&#8217;envien al teu equip des d&#8217;un equip o domini que no \u00e9s gestionat per nosaltres, sin\u00f3 per una altra entitat col\u00b7laboradora o partner. Com per exemple, les usades per xarxes socials o per contingut extern com Google.<\/p>\n\n\n\n<h4 class=\"wp-block-heading\">3.2 SEGONS EL TERMIN DE TEMPS QUE PERMANEIXEN ACTIVES<\/h4>\n\n\n\n<h5 class=\"wp-block-heading\">Cookies de sessi\u00f3<\/h5>\n\n\n\n<p>S\u00f3n cookies temporals que romanen en l&#8217;arxiu de cookies del teu navegador fins que abandones la p\u00e0gina web, de manera que cap queda registrada en el disc dur del teu ordinador. La informaci\u00f3 obtinguda mitjan\u00e7ant aquestes cookies serveix per analitzar pautes de tr\u00e0nsit a la web. A la llarga, aix\u00f2 ens permet proporcionar una millor experi\u00e8ncia per millorar el contingut i facilitar-ne l&#8217;\u00fas.<\/p>\n\n\n\n<h5 class=\"wp-block-heading\">Cookies persistents<\/h5>\n\n\n\n<p>S\u00f3n emmagatzemades en el disc dur i la nostra web les llegeix cada vegada que realitzes una nova visita. Un lloc web persistent t\u00e9 una data d&#8217;expiraci\u00f3 determinada. La cookie deixar\u00e0 de funcionar despr\u00e9s d&#8217;aquesta data. Aquestes cookies les utilitzem, generalment, per facilitar els serveis de compra i registre.<\/p>\n\n\n\n<h4 class=\"wp-block-heading\">3.3 SEGONS LA SEVA FINALITAT<\/h4>\n\n\n\n<h5 class=\"wp-block-heading\">Cookies t\u00e8cniques<\/h5>\n\n\n\n<p>S\u00f3n aquelles necess\u00e0ries per a la navegaci\u00f3 i el bon funcionament del nostre lloc web. Permeten, per exemple, controlar el tr\u00e0nsit i la comunicaci\u00f3 de dades, accedir a parts d&#8217;acc\u00e9s restringit, realitzar el proc\u00e9s de compra d&#8217;un enc\u00e0rrec, utilitzar elements de seguretat, emmagatzemar continguts per poder difondre v\u00eddeos o compartir continguts a trav\u00e9s de xarxes socials.<\/p>\n\n\n\n<h5 class=\"wp-block-heading\">Cookies de personalitzaci\u00f3<\/h5>\n\n\n\n<p>S\u00f3n aquelles que et permeten accedir al servei amb unes caracter\u00edstiques predefinides en funci\u00f3 d&#8217;una s\u00e8rie de criteris, com ara l&#8217;idioma, el tipus de navegador amb qu\u00e8 s&#8217;accedeix al servei, etc.<\/p>\n\n\n\n<h5 class=\"wp-block-heading\">Cookies d&#8217;an\u00e0lisi<\/h5>\n\n\n\n<p>S\u00f3n aquelles que ens permeten quantificar el nombre d&#8217;usuaris i realitzar la mesura i l&#8217;an\u00e0lisi estad\u00edstica de l&#8217;\u00fas que fan els usuaris dels serveis prestats. Per a aix\u00f2 s&#8217;analitza la seva navegaci\u00f3 al nostre lloc web per tal de millorar l&#8217;oferta de productes i serveis que oferim.<\/p>\n\n\n\n<h5 class=\"wp-block-heading\">Cookies publicitarias<\/h5>\n\n\n\n<p>S\u00f3n aquelles que permeten la gesti\u00f3, de la forma m\u00e9s efica\u00e7 possible, dels espais publicitaris que es puguin incloure al nostre lloc web.<\/p>\n\n\n\n<h5 class=\"wp-block-heading\">Cookies de publicitat comportamental<\/h5>\n\n\n\n<p>Aquestes cookies emmagatzemen informaci\u00f3 del comportament dels usuaris obtinguda mitjan\u00e7ant l&#8217;observaci\u00f3 cont\u00ednua. Gr\u00e0cies a elles, podem con\u00e8ixer els h\u00e0bits de navegaci\u00f3 a internet i mostrar-te publicitat relacionada amb el teu perfil de navegaci\u00f3.<\/p>\n\n\n\n<h5 class=\"wp-block-heading\">Cookies socials<\/h5>\n\n\n\n<p>Cookies de complement per intercanviar continguts socials: els anomenats plug-ins, que permeten compartir continguts en xarxes socials.<\/p>\n\n\n\n<p><\/p>\n\n\n\n<h3 class=\"wp-block-heading\">3 &#8211; Cookies utilizadas en la web<\/h3>\n\n\n\n<p>A continuaci\u00f3, s&#8217;indica la identificaci\u00f3 de qui utilitza les cookies d&#8217;aquest lloc web, aix\u00ed com els detalls de les mateixes:<\/p>\n\n\n\n<figure class=\"wp-block-table\"><table><tbody><tr><td>Entitat<\/td><td>Tipus<\/td><td>Prop\u00f2sit<\/td><td>M\u00e9s informaci\u00f3<\/td><\/tr><tr><td>Google Analytics<\/td><td>De tercers<\/td><td>Recoger informaci\u00f3n sobre la navegaci\u00f3n de los usuarios por el sitio web con el fin de conocer el origen de las visitas y otros datos similares a nivel estad\u00edstico, as\u00ed como, en su caso, mostrar a los usuarios publicidad relacionada con sus preferencias en base a un perfil elaborado a partir de sus h\u00e1bitos de navegaci\u00f3n (por ejemplo, p\u00e1ginas visitadas).<\/td><td><a href=\"https:\/\/developers.google.com\/analytics\/devguides\/collection\/analyticsjs\/cookie-usage\" class=\"rank-math-link\" rel=\"nofollow noopener\" target=\"_blank\">1.Google Analytics<br><\/a><a href=\"https:\/\/policies.google.com\/technologies\/cookies?hl=es#types-of-cookies\" class=\"rank-math-link\" rel=\"nofollow noopener\" target=\"_blank\">2.Centro de Privacidad de Google<\/a><\/td><\/tr><tr><td>Facebook<\/td><td>De terceros<\/td><td>Compartir contingut en la xarxa social<\/td><td><a href=\"https:\/\/www.facebook.com\/policies\/cookies\/\" class=\"rank-math-link\" rel=\"nofollow noopener\" target=\"_blank\">https:\/\/www.facebook.com\/policies\/cookies\/<\/a><\/td><\/tr><tr><td>Instagram<\/td><td>De terceros<\/td><td>Compartir contingut en la xarxa social<\/td><td><a href=\"https:\/\/help.instagram.com\/1896641480634370\" class=\"rank-math-link\" rel=\"nofollow noopener\" target=\"_blank\">https:\/\/help.instagram.com\/1896641480634370<\/a><\/td><\/tr><tr><td>Twitter<\/td><td>De terceros<\/td><td>Compartir contingut en la xarxa social<\/td><td><a href=\"https:\/\/twitter.com\/es\/privacy\" class=\"rank-math-link\" rel=\"nofollow noopener\" target=\"_blank\">https:\/\/twitter.com\/es\/privacy<\/a><\/td><\/tr><\/tbody><\/table><\/figure>\n\n\n\n<h3 class=\"wp-block-heading\">4 &#8211; Com deshabilitar les cookies en els navegadors m\u00e9s utilitzats<\/h3>\n\n\n\n<p>Es poden bloquejar o desactivar utilitzant les eines de configuraci\u00f3 del vostre navegador. El navegador li permet rebutjar la instal\u00b7laci\u00f3 de totes les cookies o b\u00e9 triar rebutjar nom\u00e9s algunes d&#8217;elles.<\/p>\n\n\n\n<p>Us indiquem els enlla\u00e7os a les eines dels principals navegadors, on podeu obtenir informaci\u00f3 sobre com desactivar les cookies.<\/p>\n\n\n\n<p><strong>Desactivaci\u00f3 o eliminaci\u00f3 de cookies que pertanyen a Google Analytics<\/strong><\/p>\n\n\n\n<p>Si accepteu l&#8217;\u00fas de galetes de Google Analytics, podeu desinstal\u00b7lar-les posteriorment mitjan\u00e7ant la configuraci\u00f3 del seu navegador, tal com s&#8217;ha indicat, o instal\u00b7lant el complement d&#8217;inhabilitaci\u00f3 de Google Analytics:  <a href=\"https:\/\/tools.google.com\/dlpage\/gaoptout?hl=es\" class=\"rank-math-link\" rel=\"nofollow noopener\" target=\"_blank\">https:\/\/tools.google.com\/dlpage\/gaoptout?hl=es<\/a>.<\/p>\n\n\n\n<p>Li recordem que si elimina les cookies de personalitzaci\u00f3, haur\u00e0 d&#8217;actualitzar les seves prefer\u00e8ncies cada vegada que inici\u00ed una sessi\u00f3 amb nosaltres o si fa servir un dispositiu diferent, perfil d&#8217;ordinador o navegador, haur\u00e0 de tornar-nos a indicar les seves prefer\u00e8ncies.<\/p>\n\n\n\n<p><strong>Google Chrome <\/strong><\/p>\n\n\n\n<p><a href=\"https:\/\/support.google.com\/chrome\/answer\/95647?hl=es\" class=\"rank-math-link\" rel=\"nofollow noopener\" target=\"_blank\">https:\/\/support.google.com\/chrome\/answer\/95647?hl=es<\/a><\/p>\n\n\n\n<p><strong>Mozilla Firefox<\/strong><\/p>\n\n\n\n<p><a href=\"https:\/\/support.mozilla.org\/es\/kb\/cookies-informacion-que-los-sitios-web-guardan-en-?redirectlocale=en-US&amp;redirectslug=Cookies\" class=\"rank-math-link\" rel=\"nofollow noopener\" target=\"_blank\">https:\/\/support.mozilla.org\/es\/kb\/cookies-informacion-que-los-sitios-web-guardan-en-?redirectlocale=en-US&amp;redirectslug=Cookies<\/a><\/p>\n\n\n\n<p><strong>Apple Safari<\/strong><\/p>\n\n\n\n<p><a href=\"https:\/\/support.apple.com\/es-es\/HT201265\" class=\"rank-math-link\" rel=\"nofollow noopener\" target=\"_blank\">https:\/\/support.apple.com\/es-es\/HT201265<\/a><\/p>\n\n\n\n<p><strong>Microsoft Explorer<\/strong><\/p>\n\n\n\n<p><a href=\"https:\/\/support.microsoft.com\/es-es\/help\/17442\/windows-internet-explorer-delete-manage-cookies\" class=\"rank-math-link\" rel=\"nofollow noopener\" target=\"_blank\">https:\/\/support.microsoft.com\/es-es\/help\/17442\/windows-internet-explorer-delete-manage-cookies<\/a><\/p>\n\n\n\n<p><\/p>\n\n\n\n<h3 class=\"wp-block-heading\">5 &#8211; Qu\u00e8 passa si es desactivem les galetes<\/h3>\n\n\n\n<p>Si rebutja les galetes, podr\u00e0 continuar utilitzant el nostre lloc web, per\u00f2 \u00e9s possible que alguns dels serveis i\/o enlla\u00e7os deixin de funcionar, que no es pugui iniciar o mantenir la sessi\u00f3 interactiva amb els serveis del lloc web i no podrem obtenir informaci\u00f3 molt valuosa de la seva part per oferir-li continguts adequats als seus interessos i perqu\u00e8 pugui accedir f\u00e0cilment i r\u00e0pidament a la informaci\u00f3 que li interessa.<\/p>\n\n\n\n<p>El titular del lloc web no assumeix cap responsabilitat pels problemes legals o t\u00e8cnics causats per l&#8217; incompliment per part de qualsevol usuari de les recomanacions incloses. Aquesta comunicaci\u00f3 es fa per al coneixement i \u00fas dels usuaris, per tant, no s&#8217;ha d&#8217;utilitzar per a cap altra finalitat.<\/p>\n\n\n\n<p>Tamb\u00e9 l\u2019informem que no podem fer-nos responsables del contingut i la veracitat de les pol\u00edtiques de privadesa de tercers incloses en aquesta pol\u00edtica de galetes. <\/p>\n\n\n\n<h3 class=\"wp-block-heading\">6 &#8211; Canvis en la pol\u00edtica de cookies<\/h3>\n\n\n\n<p>La present pol\u00edtica de cookies \u00e9s la versi\u00f3 2.0 i \u00e9s vigent des del dia 1 d&#8217;OCTUBRE de 2020. D&#8217;acord amb aix\u00f2, el titular del lloc web pot modificar aquesta pol\u00edtica de cookies, ja sigui per incorporar noves cookies per necessitat de nous continguts que es puguin oferir o b\u00e9 en funci\u00f3 d&#8217;exig\u00e8ncies legislatives o reglament\u00e0ries que facin necessari el canvi d&#8217;aquesta; per aix\u00f2 es recomana als usuaris que la visitin de forma peri\u00f2dica. A m\u00e9s, el lloc web podr\u00e0 informar els usuaris de forma personal i pr\u00e8via dels canvis projectats en aquesta pol\u00edtica, abans que entrin en vigor, sempre que aix\u00f2 sigui t\u00e8cnica i raonablement possible.<\/p>\n\n\n\n<h3 class=\"wp-block-heading\">7 &#8211; Exercici de Drets en mat\u00e8ria de Cookies<\/h3>\n\n\n\n<p>Pot con\u00e8ixer i exercir els seus drets en mat\u00e8ria de protecci\u00f3 de dades personals accedint a la Pol\u00edtica de Privadesa d&#8217;aquest lloc web.<\/p>\n\n\n\n<p>Si t\u00e9 dubtes sobre aquesta pol\u00edtica de cookies, pot posar-se en contacte amb nosaltres.<\/p>\n","protected":false},"excerpt":{"rendered":"<p>La present Pol\u00edtica de Cookies \u00e9s part integrant de les Condicions d&#8217;\u00das i la Pol\u00edtica de Privadesa de la p\u00e0gina [&hellip;]<\/p>\n","protected":false},"author":2119,"featured_media":0,"parent":0,"menu_order":137,"comment_status":"closed","ping_status":"closed","template":"","meta":{"_acf_changed":false,"content-type":"","footnotes":""},"class_list":["post-65427","page","type-page","status-publish","hentry"],"acf":[],"_links":{"self":[{"href":"https:\/\/www.babidibulibros.com\/ca\/wp-json\/wp\/v2\/pages\/65427","targetHints":{"allow":["GET"]}}],"collection":[{"href":"https:\/\/www.babidibulibros.com\/ca\/wp-json\/wp\/v2\/pages"}],"about":[{"href":"https:\/\/www.babidibulibros.com\/ca\/wp-json\/wp\/v2\/types\/page"}],"author":[{"embeddable":true,"href":"https:\/\/www.babidibulibros.com\/ca\/wp-json\/wp\/v2\/users\/2119"}],"replies":[{"embeddable":true,"href":"https:\/\/www.babidibulibros.com\/ca\/wp-json\/wp\/v2\/comments?post=65427"}],"version-history":[{"count":3,"href":"https:\/\/www.babidibulibros.com\/ca\/wp-json\/wp\/v2\/pages\/65427\/revisions"}],"predecessor-version":[{"id":65454,"href":"https:\/\/www.babidibulibros.com\/ca\/wp-json\/wp\/v2\/pages\/65427\/revisions\/65454"}],"wp:attachment":[{"href":"https:\/\/www.babidibulibros.com\/ca\/wp-json\/wp\/v2\/media?parent=65427"}],"curies":[{"name":"wp","href":"https:\/\/api.w.org\/{rel}","templated":true}]}}