{"id":65429,"date":"2020-06-16T08:56:45","date_gmt":"2020-06-16T06:56:45","guid":{"rendered":"https:\/\/www.babidibulibros.com\/condiciones-de-compra\/"},"modified":"2023-07-17T12:01:39","modified_gmt":"2023-07-17T10:01:39","slug":"condicions-de-compra","status":"publish","type":"page","link":"https:\/\/www.babidibulibros.com\/ca\/condicions-de-compra\/","title":{"rendered":"Condicions de compra"},"content":{"rendered":"\n<h2 class=\"wp-block-heading\">Zones d&#8217;enviament<\/h2>\n\n\n\n<p><strong>ZONA 1<\/strong>\u00a0&#8211;\u00a0Espanya (Pen\u00ednsula)<\/p>\n\n\n\n<p><strong>ZONA 2<\/strong>\u00a0&#8211; Espanya (Pen\u00ednsula i Balears)<\/p>\n\n\n\n<p><strong>ZONA 3\u00a0<\/strong>&#8211; Espanya (Illes Can\u00e0ries, Ceuta i Melilla)<\/p>\n\n\n\n<h2 class=\"wp-block-heading\">Tipus d&#8217;enviament<\/h2>\n\n\n\n<p><strong>ENVIAMENT URGENT:\u00a0<\/strong>De 2 a 4 dies.\u00a0<\/p>\n\n\n\n<p>Enviament gratis a partir de 800 grams (3 o 4 llibres).\u00a0Si no tenim estoc disponible, et contactarem per donar-te una nova data de lliurament o la devoluci\u00f3 dels teus diners.<\/p>\n\n\n\n<p>Nom\u00e9s disponible a la ZONA 1 &#8211; Espanya (Pen\u00ednsula)<\/p>\n\n\n\n<p>Fins a 500 grs.: 3,99 \u20ac<\/p>\n\n\n\n<p>Fins a 800 grs.: 4,99 \u20ac<\/p>\n\n\n\n<p>A partir de 800 grs.:\u00a0<strong>Gratis!<\/strong><\/p>\n\n\n\n<p><strong>ENVIAMENT ECON\u00d2MIC:<\/strong> Sense preses!<\/p>\n\n\n\n<p>Utilitzem Correus, amb el seu servei Poslibris. No utilitzem aquest servei per a paquets de m\u00e9s de 500 grams, ja que en aquest cas, el carter no el deixar\u00e0 a casa teva i haur\u00e0s de recollir el paquet a una oficina de Correus.&nbsp;<\/p>\n\n\n\n<p>Preu \u00fanic: 0,99 \u20ac<\/p>\n\n\n\n<p>Disponible en totes les Zones.<\/p>\n\n\n\n<h2 class=\"wp-block-heading\">Tipus d&#8217;impostos<\/h2>\n\n\n\n<p><strong>ZONA 1<\/strong>\u00a0&#8211; Espanya (Pen\u00ednsula):\u00a0<\/p>\n\n\n\n<p>General (21%) l&#8217;enviament i S\u00faper redu\u00eft (4%) l&#8217;art\u00edcle<\/p>\n\n\n\n<p><strong>ZONA 2<\/strong>\u00a0&#8211; Espanya (Pen\u00ednsula i Baleares):\u00a0<\/p>\n\n\n\n<p>General (21%) l&#8217;enviament i Redu\u00eft (4%) l&#8217;art\u00edcle<\/p>\n\n\n\n<p><strong>ZONA 3<\/strong>\u00a0&#8211; Espanya (Iles Can\u00e0ries, Ceuta i Melilla):\u00a0Zero<\/p>\n\n\n\n<h2 class=\"wp-block-heading\">Formes de pagament<\/h2>\n\n\n\n<p><strong>1. Transfer\u00e8ncia bancaria:<\/strong>\u00a01. Transfereix l&#8217;import al compte ES76 21001707 5402 0028 6247 de LA CAIXA, indicant el n\u00famero de comanda en el concepte. Despr\u00e9s, envia&#8217;ns el justificant de la transfer\u00e8ncia a info@babidibulibros.com per accelerar el proc\u00e9s posant en l&#8217;assumpte: &#8220;Transfer\u00e8ncia Comanda Web N\u00ba __________&#8221;..<\/p>\n\n\n\n<p>Si en el termini de 3 dies naturals no rebem el justificant per correu electr\u00f2nic (info@babidibulibros.com), la comanda s&#8217;anul\u00b7lar\u00e0 autom\u00e0ticament.<\/p>\n\n\n\n<p><strong>2. Paypal: <\/strong>pagament directe per passarel\u00b7la.\u00a0<\/p>\n\n\n\n<h2 class=\"wp-block-heading\">Seguimiento del pedido<\/h2>\n\n\n\n<p>Si tens alguna consulta sobre la teva comanda o vols comprovar el seu estat, pots trucar al tel\u00e8fon 912.665.684 o enviar un correu electr\u00f2nic a info@babidibulibros.com a&nbsp;<a href=\"mailto:info@babidibulibros.com\">info@babidibulibros.com<\/a><\/p>\n\n\n\n<h2 class=\"wp-block-heading\">Pol\u00edtica de preus<\/h2>\n\n\n\n<p>Els preus que es mostren al cat\u00e0leg inclouen l&#8217;impost s\u00faper redu\u00eft aplicable als llibres. No inclouen les despeses d&#8217;enviament, aquestes es mostraran just abans de confirmar la comanda.<\/p>\n\n\n\n<h2 class=\"wp-block-heading\">Pol\u00edtica de reserva<\/h2>\n\n\n\n<p>Si vols reservar un llibre que encara no est\u00e0 disponible, per\u00f2 el seu llan\u00e7ament \u00e9s imminent, truca&#8217;ns per tel\u00e8fon o envia&#8217;ns un correu electr\u00f2nic..<\/p>\n\n\n\n<h2 class=\"wp-block-heading\">Seguretat<\/h2>\n\n\n\n<p>Tot el proc\u00e9s de compra i la transmissi\u00f3 de les dades personals del comprador es realitza amb total garantia de seguretat i confidencialitat, utilitzant un protocol de connexi\u00f3 segura HTTPS.<\/p>\n","protected":false},"excerpt":{"rendered":"<p>Zones d&#8217;enviament ZONA 1\u00a0&#8211;\u00a0Espanya (Pen\u00ednsula) ZONA 2\u00a0&#8211; Espanya (Pen\u00ednsula i Balears) ZONA 3\u00a0&#8211; Espanya (Illes Can\u00e0ries, Ceuta i Melilla) Tipus [&hellip;]<\/p>\n","protected":false},"author":2,"featured_media":0,"parent":0,"menu_order":144,"comment_status":"closed","ping_status":"closed","template":"","meta":{"_acf_changed":false,"content-type":"","footnotes":""},"class_list":["post-65429","page","type-page","status-publish","hentry"],"acf":[],"_links":{"self":[{"href":"https:\/\/www.babidibulibros.com\/ca\/wp-json\/wp\/v2\/pages\/65429","targetHints":{"allow":["GET"]}}],"collection":[{"href":"https:\/\/www.babidibulibros.com\/ca\/wp-json\/wp\/v2\/pages"}],"about":[{"href":"https:\/\/www.babidibulibros.com\/ca\/wp-json\/wp\/v2\/types\/page"}],"author":[{"embeddable":true,"href":"https:\/\/www.babidibulibros.com\/ca\/wp-json\/wp\/v2\/users\/2"}],"replies":[{"embeddable":true,"href":"https:\/\/www.babidibulibros.com\/ca\/wp-json\/wp\/v2\/comments?post=65429"}],"version-history":[{"count":2,"href":"https:\/\/www.babidibulibros.com\/ca\/wp-json\/wp\/v2\/pages\/65429\/revisions"}],"predecessor-version":[{"id":65457,"href":"https:\/\/www.babidibulibros.com\/ca\/wp-json\/wp\/v2\/pages\/65429\/revisions\/65457"}],"wp:attachment":[{"href":"https:\/\/www.babidibulibros.com\/ca\/wp-json\/wp\/v2\/media?parent=65429"}],"curies":[{"name":"wp","href":"https:\/\/api.w.org\/{rel}","templated":true}]}}