{"id":65431,"date":"2020-06-16T08:53:04","date_gmt":"2020-06-16T06:53:04","guid":{"rendered":"https:\/\/www.babidibulibros.com\/politica-de-privacidad\/"},"modified":"2023-07-17T12:47:22","modified_gmt":"2023-07-17T10:47:22","slug":"politica-de-privacitat","status":"publish","type":"page","link":"https:\/\/www.babidibulibros.com\/ca\/politica-de-privacitat\/","title":{"rendered":"Pol\u00edtica de privacitat"},"content":{"rendered":"\n<p>BABIDI-B\u00da Llibres t\u2019informa sobre la seva Pol\u00edtica de Privacitat pel que fa al tractament i protecci\u00f3 de les dades de car\u00e0cter personal dels usuaris i clients que puguin ser recollits mitjan\u00e7ant la navegaci\u00f3 o contractaci\u00f3 de serveis a trav\u00e9s del lloc web www.babidibulibros.com<\/p>\n\n\n\n<p>En aquest sentit, el Titular garanteix el compliment de la normativa vigent en mat\u00e8ria de protecci\u00f3 de dades personals, reflectida en la Llei Org\u00e0nica 3\/2018, de Protecci\u00f3 de Dades de Car\u00e0cter Personal (LOPD).<\/p>\n\n\n\n<p>L&#8217;\u00fas del lloc web implica l&#8217;acceptaci\u00f3 d&#8217;aquesta Pol\u00edtica de Privacitat, aix\u00ed com les condicions incloses a l&#8217;Av\u00eds Legal.<\/p>\n\n\n\n<h3 class=\"wp-block-heading\">Identitat del responsable<\/h3>\n\n\n\n<p>Titular: BABIDI-B\u00da Libros S.L.U.<br>CIF: B90109927<br>Domicili: Avda. San Francisco Javier, 9, 6\u00aa, 23. Edificio Sevilla 2. 41018. Sevilla<br>Correu electr\u00f2nic: <a href=\"mailto:info@babidibulibros.com\">info@babidibulibros.com<\/a><br>Lloc Web: www.babidibulibros.com<\/p>\n\n\n\n<h3 class=\"wp-block-heading\">Principis aplicats en el tractament de dades<\/h3>\n\n\n\n<p>En el tractament de les teves dades personals, el Titular aplicar\u00e0 els seg\u00fcents principis que s&#8217;ajusten a les exig\u00e8ncies del nou reglament europeu de protecci\u00f3 de dades:<\/p>\n\n\n\n<ul class=\"wp-block-list\">\n<li><strong>Principi de legalitat, lleialtat i transpar\u00e8ncia:<\/strong> El Titular sempre requerir\u00e0 el consentiment per al tractament de les teves dades personals, que pot ser per a un o diversos fins espec\u00edfics sobre els quals t&#8217;informar\u00e0 pr\u00e8viament amb absoluta transpar\u00e8ncia.<br><\/li>\n\n\n\n<li><strong>Principi de minimitzaci\u00f3 de dades:<\/strong> El Titular et sol\u00b7licitar\u00e0 nom\u00e9s les dades estrictament necess\u00e0ries per al fi o els fins que les sol\u00b7licita.<br><\/li>\n\n\n\n<li><strong>Principi de limitaci\u00f3 del termini de conservaci\u00f3:<\/strong> Les dades es conservaran durant el temps estrictament necessari per al fi o els fins del tractament. El Titular t&#8217;informar\u00e0 del termini de conservaci\u00f3 corresponent segons la finalitat. En el cas de subscripcions, el Titular revisar\u00e0 peri\u00f2dicament les llistes i eliminar\u00e0 aquells registres inactius durant un temps considerable.<br><\/li>\n\n\n\n<li><strong>Principi d&#8217;integritat i confidencialitat:<\/strong> Les teves dades seran tractades de manera que la seva seguretat, confidencialitat i integritat estigui garantida. Has de saber que el Titular pren les precaucions necess\u00e0ries per evitar l&#8217;acc\u00e9s no autoritzat o l&#8217;\u00fas indegut de les dades dels seus usuaris per part de tercers. .<\/li>\n<\/ul>\n\n\n\n<h3 class=\"wp-block-heading\">Principis aplicats en el tractament de dades<\/h3>\n\n\n\n<p>Per navegar per BABIDI-B\u00da Llibres no \u00e9s necessari que facilitis cap dada personal. Els casos en qu\u00e8 s\u00ed proporciones les teves dades personals s\u00f3n els seg\u00fcents:<\/p>\n\n\n\n<ul class=\"wp-block-list\">\n<li>En contactar a trav\u00e9s dels formularis de contacte o enviar un correu electr\u00f2nic.<\/li>\n\n\n\n<li>En fer un comentari en un article o p\u00e0gina.<\/li>\n\n\n\n<li>En inscriure&#8217;t en un formulari de subscripci\u00f3 o un butllet\u00ed que el Titular gestiona amb Trevenque.<\/li>\n<\/ul>\n\n\n\n<h3 class=\"wp-block-heading\">Els teus drets<\/h3>\n\n\n\n<p>El Titular t&#8217;informa que sobre les teves dades personals tens dret a:<\/p>\n\n\n\n<ul class=\"wp-block-list\">\n<li>Sol\u00b7licitar l&#8217;acc\u00e9s a les dades emmagatzemades.<\/li>\n\n\n\n<li>Sol\u00b7licitar una rectificaci\u00f3 o la cancel\u00b7laci\u00f3.<\/li>\n\n\n\n<li>Sol\u00b7licitar la limitaci\u00f3 del seu tractament.<\/li>\n\n\n\n<li>Oposar-te al tractament.<\/li>\n\n\n\n<li>Sol\u00b7licitar la portabilitat de les teves dades.<\/li>\n<\/ul>\n\n\n\n<p><\/p>\n\n\n\n<p>L\u2019exercici d\u2019aquests drets \u00e9s personal i, per tant, ha de ser exercit directament per l\u2019interessat, sol\u00b7licitant-ho directament al Titular, la qual cosa significa que qualsevol client, subscriptor o col\u00b7laborador que hagi facilitat les seves dades en algun moment pot dirigir-se al Titular i demanar informaci\u00f3 sobre les dades que t\u00e9 emmagatzemades i com les ha obtingut, sol\u00b7licitar la rectificaci\u00f3 d\u2019aquestes, sol\u00b7licitar la portabilitat de les seves dades personals, oposar-se al tractament, limitar el seu \u00fas o sol\u00b7licitar la cancel\u00b7laci\u00f3 d\u2019aquestes dades en els fitxers del Titular.<\/p>\n\n\n\n<p>Per exercir els teus drets d\u2019acc\u00e9s, rectificaci\u00f3, cancel\u00b7laci\u00f3, portabilitat i oposici\u00f3 has d\u2019enviar un correu electr\u00f2nic a <a href=\"mailto:info@babidibulibros.com\">info@babidibulibros.com<\/a> com juntament amb la prova v\u00e0lida en dret com una fotoc\u00f2pia del DNI o equivalent.<\/p>\n\n\n\n<p>Tens dret a la tutela judicial efectiva i a presentar una reclamaci\u00f3 davant l\u2019autoritat de control, en aquest cas, l\u2019Ag\u00e8ncia Espanyola de Protecci\u00f3 de Dades, si consideres que el tractament de dades personals que et concerneix infringeix el Reglament.<\/p>\n\n\n\n<h3 class=\"wp-block-heading\">Finalitat del tractament de dades personals<\/h3>\n\n\n\n<p>Quan et connectes al lloc web per enviar un correu electr\u00f2nic al Titular, subscriure&#8217;t al seu butllet\u00ed o realitzar una contractaci\u00f3, est\u00e0s facilitant informaci\u00f3 de car\u00e0cter personal de la qual el responsable \u00e9s el Titular. Aquesta informaci\u00f3 pot incloure dades de car\u00e0cter personal com ara la teva adre\u00e7a IP, nom i cognoms, adre\u00e7a f\u00edsica, adre\u00e7a de correu electr\u00f2nic, n\u00famero de tel\u00e8fon i altra informaci\u00f3. En facilitar aquesta informaci\u00f3, dones el teu consentiment perqu\u00e8 la teva informaci\u00f3 sigui recopilada, utilitzada, gestionada i emmagatzemada per BABIDI-B\u00da, nom\u00e9s com es descriu a l&#8217;Av\u00eds Legal i en la present Pol\u00edtica de Privacitat.<\/p>\n\n\n\n<p>Les dades personals i la finalitat del tractament per part del Titular s\u00f3n diferents segons el sistema de captaci\u00f3 d&#8217;informaci\u00f3:<\/p>\n\n\n\n<ul class=\"wp-block-list\">\n<li><strong>Formularis de contacte: <\/strong>El Titular sol\u00b7licita dades personals entre les quals poden estar: Nom i cognoms, adre\u00e7a de correu electr\u00f2nic, n\u00famero de tel\u00e8fon i adre\u00e7a del teu lloc web amb la finalitat de respondre a les teves consultes. Per exemple, el Titular utilitza aquestes dades per donar resposta als teus missatges, dubtes, queixes, comentaris o inquietuds que puguis tenir relatives a la informaci\u00f3 inclosa al lloc web, els serveis que es presten a trav\u00e9s del lloc web, el tractament de les teves dades personals, q\u00fcestions referents als textos legals inclosos al lloc web, aix\u00ed com qualsevol altra consulta que puguis tenir i que no estigui sotmesa a les condicions del lloc web o de la contractaci\u00f3.<\/li>\n\n\n\n<li><strong>Formularis de subscripci\u00f3 a continguts:<\/strong> El Titular sol\u00b7licita les seg\u00fcents dades personals: Nom i cognoms, adre\u00e7a de correu electr\u00f2nic, n\u00famero de tel\u00e8fon i adre\u00e7a del teu lloc web per gestionar la llista de subscripcions, enviar butlletins, promocions i ofertes especials.<\/li>\n\n\n\n<li>Les dades que facilites al Titular estaran ubicades en els servidors de Trevenque, amb domicili a Camino Bajo de Hu\u00e9tor 150. 18008 Granada.<\/li>\n<\/ul>\n\n\n\n<p>Hi ha altres finalitats per les quals el Titular tracta les teves dades personals: <\/p>\n\n\n\n<ul class=\"wp-block-list\">\n<li>Per garantir el compliment de les condicions recollides a l&#8217;Av\u00eds Legal i en la llei aplicable. Aix\u00f2 pot incloure el desenvolupament d&#8217;eines i algoritmes que ajudin a aquest lloc web a garantir la confidencialitat de les dades personals que recull.<\/li>\n\n\n\n<li>Per donar suport i millorar els serveis que ofereix aquest lloc web.<\/li>\n\n\n\n<li>Per analitzar la navegaci\u00f3. El Titular recull altres dades no identificatives que s&#8217;obtenen mitjan\u00e7ant l&#8217;\u00fas de galetes que es descarreguen al teu ordinador quan navegues pel lloc web, les caracter\u00edstiques i finalitat de les quals s&#8217;expliquen detalladament en la Pol\u00edtica de Cookies.<\/li>\n\n\n\n<li>Per gestionar les xarxes socials. El Titular t\u00e9 pres\u00e8ncia en xarxes socials.\nSi et converteixes en seguidor de les xarxes socials del Titular, el tractament de les dades personals es regir\u00e0 per aquest apartat, aix\u00ed com per aquelles condicions d&#8217;\u00fas, pol\u00edtiques de privadesa i normatives d&#8217;acc\u00e9s que pertanyin a la xarxa social que correspongui en cada cas i que hagis acceptat pr\u00e8viament.\n<\/li>\n<\/ul>\n\n\n\n<p>El Titular tractar\u00e0 les teves dades personals amb la finalitat d&#8217;administrar correctament la seva pres\u00e8ncia a la xarxa social, informar-te de les seves activitats, productes o serveis, aix\u00ed com per a qualsevol altra finalitat que les normatives de les xarxes socials permetin.<\/p>\n\n\n\n<p>En cap cas el Titular utilitzar\u00e0 els perfils de seguidors a les xarxes socials per enviar publicitat de manera individual.<\/p>\n\n\n\n<h3 class=\"wp-block-heading\">Seguretat de les dades personals<\/h3>\n\n\n\n<p>Per protegir les teves dades personals, el Titular pren totes les precaucions raonables i segueix les millors pr\u00e0ctiques de la ind\u00fastria per evitar-ne la p\u00e8rdua, mal \u00fas, acc\u00e9s no autoritzat, divulgaci\u00f3, alteraci\u00f3 o destrucci\u00f3.<\/p>\n\n\n\n<p>El lloc web est\u00e0 allotjat a Trevenque. La seguretat de les teves dades est\u00e0 garantida, ja que s&#8217;apliquen totes les mesures de seguretat necess\u00e0ries. Pots consultar la seva pol\u00edtica de privacitat per obtenir m\u00e9s informaci\u00f3.<\/p>\n\n\n\n<h3 class=\"wp-block-heading\">Continguts d&#8217;altres llocs web<\/h3>\n\n\n\n<p>Les p\u00e0gines d\u2019aquest lloc web poden incloure contingut incrustat (com ara v\u00eddeos, imatges, articles, etc.). El contingut incrustat d\u2019altres llocs web es comporta exactament de la mateixa manera que si haguessis visitat l\u2019altre lloc web.<\/p>\n\n\n\n<p>Aquests llocs web poden recopilar dades sobre tu, utilitzar cookies, incrustar un codi de seguiment addicional de tercers i supervisar la teva interacci\u00f3 mitjan\u00e7ant aquest codi.<\/p>\n\n\n\n<h3 class=\"wp-block-heading\">Pol\u00edtica de Cookies<\/h3>\n\n\n\n<p>Perqu\u00e8 aquest lloc web funcioni correctament, necessita utilitzar cookies, que s\u00f3n informaci\u00f3 que s&#8217;emmagatzema al teu navegador web.<\/p>\n\n\n\n<p>A la p\u00e0gina Pol\u00edtica de Cookies pots consultar tota la informaci\u00f3 relativa a la pol\u00edtica de recollida, la finalitat i el tractament de les cookies.<\/p>\n\n\n\n<h3 class=\"wp-block-heading\">Legitimitat per al tractament de dades<\/h3>\n\n\n\n<p>La base legal per al tractament de les teves dades \u00e9s el consentiment.<\/p>\n\n\n\n<p>Per contactar amb el Titular, subscriure&#8217;t a un butllet\u00ed o fer comentaris en aquest lloc web, has d&#8217;acceptar la present Pol\u00edtica de Privacitat.<\/p>\n\n\n\n<h3 class=\"wp-block-heading\">Categories de dades personals<\/h3>\n\n\n\n<p>Les categories de dades personals que tracta el Titular s\u00f3n:<\/p>\n\n\n\n<ul class=\"wp-block-list\">\n<li>Dades identificatives.<\/li>\n<\/ul>\n\n\n\n<h3 class=\"wp-block-heading\">Conservaci\u00f3 de dades personals<\/h3>\n\n\n\n<p>Les dades personals que proporciones al Titular es conservaran fins que sol\u00b7licites la seva supressi\u00f3.<\/p>\n\n\n\n<h3 class=\"wp-block-heading\">Destinataris de dades personals<\/h3>\n\n\n\n<ul class=\"wp-block-list\">\n<li>Trevenque \u00e9s una empresa dedicada a donar solucions de programari a llibreries, papereries, premsa i editorials.  <a href=\"https:\/\/www.trevenque.es\/\" class=\"rank-math-link\" rel=\"nofollow noopener\" target=\"_blank\"><strong>https:\/\/www.trevenque.es\/<\/strong><\/a><\/li>\n\n\n\n<li>Google Analytics \u00e9s un servei d&#8217;an\u00e0lisi web proporcionat per Google, Inc., una companyia de Delaware amb seu principal a 1600 Amphitheatre Parkway, Mountain View (Calif\u00f2rnia), CA 94043, Estats Units (&#8220;Google&#8221;). Trobar\u00e0s m\u00e9s informaci\u00f3 a:  <a href=\"https:\/\/analytics.google.com\/\" rel=\"nofollow noopener\" target=\"_blank\"><strong><u>https:\/\/analytics.google.com<\/u><\/strong><\/a><\/li>\n<\/ul>\n\n\n\n<p>Google Analytics utilitza &#8220;cookies&#8221;, que s\u00f3n arxius de text ubicats al teu ordinador, per ajudar al Titular a analitzar l&#8217;\u00fas que fan els usuaris del lloc web. La informaci\u00f3 que genera la cookie sobre l&#8217;\u00fas del lloc web (incloent-hi la teva adre\u00e7a IP) ser\u00e0 transmesa directament i arxivada per Google als servidors dels Estats Units.<\/p>\n\n\n\n<p>Tamb\u00e9 pots veure una llista dels tipus de cookies que utilitza Google i els seus col\u00b7laboradors, i tota la informaci\u00f3 relativa a l&#8217;\u00fas que fan de cookies publicit\u00e0ries.<\/p>\n\n\n\n<h3 class=\"wp-block-heading\">Navegaci\u00f3 Web<\/h3>\n\n\n\n<p>En navegar per BABIDI-B\u00da es poden recopilar dades no identificatives, que poden incloure l&#8217;adre\u00e7a IP, geolocalitzaci\u00f3, un registre de com s&#8217;utilitzen els serveis i llocs web, h\u00e0bits de navegaci\u00f3 i altres dades que no es poden utilitzar per identificar-te.<\/p>\n\n\n\n<p>El lloc web utilitza els seg\u00fcents serveis d&#8217;an\u00e0lisi de tercers:<\/p>\n\n\n\n<ul class=\"wp-block-list\">\n<li>Google Analytics<\/li>\n\n\n\n<li>Trevenque<\/li>\n<\/ul>\n\n\n\n<p>El Titular utilitza la informaci\u00f3 obtinguda per obtenir dades estad\u00edstiques, analitzar tend\u00e8ncies, administrar el lloc web, estudiar patrons de navegaci\u00f3 i recopilar informaci\u00f3 demogr\u00e0fica.<\/p>\n\n\n\n<h3 class=\"wp-block-heading\">Exactitut i veracitat de los dades personals<\/h3>\n\n\n\n<p>Et compromets a proporcionar al Titular dades que siguin correctes, completes, exactes i actualitzades, i a mantenir-les degudament actualitzades.<\/p>\n\n\n\n<p>Com a usuari del lloc web, ets l&#8217;\u00fanic responsable de la veracitat i correcci\u00f3 de les dades que remets al lloc, exonerant al Titular de qualsevol responsabilitat en aquest sentit.<\/p>\n\n\n\n<h3 class=\"wp-block-heading\">Acceptaci\u00f3 y consentiment<\/h3>\n\n\n\n<p>Com a usuari del lloc web, declares haver estat informat sobre les condicions de protecci\u00f3 de dades personals, acceptes i consents el tractament d&#8217;aquestes dades per part del Titular de la manera i amb les finalitats indicades en aquesta Pol\u00edtica de Privacitat.<\/p>\n\n\n\n<h3 class=\"wp-block-heading\">Revocabilitat<\/h3>\n\n\n\n<p>Per exercir els teus drets d&#8217;acc\u00e9s, rectificaci\u00f3, cancel\u00b7laci\u00f3, portabilitat i oposici\u00f3, has d&#8217;enviar un correu electr\u00f2nic a  <a href=\"mailto:info@babidibulibros.com\">info@babidibulibros.com<\/a>, juntament amb una prova v\u00e0lida en dret, com una c\u00f2pia del DNI o equivalent..<\/p>\n\n\n\n<p>L&#8217;exercici dels teus drets no inclou cap dada que el Titular estigui obligat a conservar per motius administratius, legals o de seguretat.<\/p>\n\n\n\n<h3 class=\"wp-block-heading\">Canvis en la Pol\u00edtica de Privacitat<\/h3>\n\n\n\n<p>El Titular es reserva el dret de modificar aquesta Pol\u00edtica de Privacitat per adaptar-la a novetats legislatives o jurisprudencials, aix\u00ed com a pr\u00e0ctiques de la ind\u00fastria.<\/p>\n\n\n\n<p>Aquestes pol\u00edtiques estaran vigents fins que siguin modificades per altres publicades degudament.<\/p>\n","protected":false},"excerpt":{"rendered":"<p>BABIDI-B\u00da Llibres t\u2019informa sobre la seva Pol\u00edtica de Privacitat pel que fa al tractament i protecci\u00f3 de les dades de [&hellip;]<\/p>\n","protected":false},"author":2,"featured_media":0,"parent":0,"menu_order":147,"comment_status":"closed","ping_status":"closed","template":"","meta":{"_acf_changed":false,"content-type":"","footnotes":""},"class_list":["post-65431","page","type-page","status-publish","hentry"],"acf":[],"_links":{"self":[{"href":"https:\/\/www.babidibulibros.com\/ca\/wp-json\/wp\/v2\/pages\/65431","targetHints":{"allow":["GET"]}}],"collection":[{"href":"https:\/\/www.babidibulibros.com\/ca\/wp-json\/wp\/v2\/pages"}],"about":[{"href":"https:\/\/www.babidibulibros.com\/ca\/wp-json\/wp\/v2\/types\/page"}],"author":[{"embeddable":true,"href":"https:\/\/www.babidibulibros.com\/ca\/wp-json\/wp\/v2\/users\/2"}],"replies":[{"embeddable":true,"href":"https:\/\/www.babidibulibros.com\/ca\/wp-json\/wp\/v2\/comments?post=65431"}],"version-history":[{"count":3,"href":"https:\/\/www.babidibulibros.com\/ca\/wp-json\/wp\/v2\/pages\/65431\/revisions"}],"predecessor-version":[{"id":65460,"href":"https:\/\/www.babidibulibros.com\/ca\/wp-json\/wp\/v2\/pages\/65431\/revisions\/65460"}],"wp:attachment":[{"href":"https:\/\/www.babidibulibros.com\/ca\/wp-json\/wp\/v2\/media?parent=65431"}],"curies":[{"name":"wp","href":"https:\/\/api.w.org\/{rel}","templated":true}]}}