{"id":65487,"date":"2021-01-05T14:06:27","date_gmt":"2021-01-05T13:06:27","guid":{"rendered":"https:\/\/www.babidibulibros.com\/novedades-del-mes\/"},"modified":"2026-03-31T10:36:10","modified_gmt":"2026-03-31T08:36:10","slug":"novetats-del-mes","status":"publish","type":"page","link":"https:\/\/www.babidibulibros.com\/ca\/novetats-del-mes\/","title":{"rendered":"Novetats del mes"},"content":{"rendered":"\n<div id=\"books-block_f5fbb26bcaa958fcae81f3112ea397fd\" class=\"block-books\">\n\t<div class=\"row\">\n\t\t\n\t\t\t\t\t  \n\t\t\t\t<div class=\"col-lg-2 col-md-3 col-sm-4 col-6\">\n\t\t\t\t\t<div class=\"block-books-item\">\n\t\t\t\t\t\t<div class=\"block-books-img\">\n\t\t\t\t\t\t\t<a href=\"https:\/\/tienda.babidibulibros.com\/libro\/la-fosca_179184\/\">\n\t\t\t\t\t\t\t\t<img loading=\"lazy\" decoding=\"async\" width=\"1358\" height=\"1358\" src=\"https:\/\/www.babidibulibros.com\/wp-content\/uploads\/2026\/03\/edition-174018.jpg\" class=\"attachment-post-thumbnail size-post-thumbnail wp-post-image\" alt=\"\" srcset=\"https:\/\/www.babidibulibros.com\/wp-content\/uploads\/2026\/03\/edition-174018.jpg 1358w, https:\/\/www.babidibulibros.com\/wp-content\/uploads\/2026\/03\/edition-174018-300x300.jpg 300w, https:\/\/www.babidibulibros.com\/wp-content\/uploads\/2026\/03\/edition-174018-1024x1024.jpg 1024w, https:\/\/www.babidibulibros.com\/wp-content\/uploads\/2026\/03\/edition-174018-768x768.jpg 768w\" sizes=\"auto, (max-width: 1358px) 100vw, 1358px\" \/>\t\t\t\t\t\t\t<\/a>\n\t\t\t\t\t\t<\/div>\n\t\t\t\t\t\t<div class=\"block-books-body\">\n\t\t\t\t\t\t\t<h3>La Fosca<\/h3>\n\t\t\t\t\t\t\t<p>Noelia Puerto M\u00e1rquez |Maria Jos\u00e9 De Lamo Torralba<\/p>\n\t\t\t\t\t\t<\/div>\n\t\t\t\t\t<\/div>\n\t\t\t\t<\/div>\n\t\t\t\n\t\t\t\t\t\t  \n\t\t\t\t<div class=\"col-lg-2 col-md-3 col-sm-4 col-6\">\n\t\t\t\t\t<div class=\"block-books-item\">\n\t\t\t\t\t\t<div class=\"block-books-img\">\n\t\t\t\t\t\t\t<a href=\"https:\/\/tienda.babidibulibros.com\/libro\/l-estrella_168945\/\">\n\t\t\t\t\t\t\t\t<img loading=\"lazy\" decoding=\"async\" width=\"1358\" height=\"1358\" src=\"https:\/\/www.babidibulibros.com\/wp-content\/uploads\/2025\/11\/edition-163865.jpg\" class=\"attachment-post-thumbnail size-post-thumbnail wp-post-image\" alt=\"\" srcset=\"https:\/\/www.babidibulibros.com\/wp-content\/uploads\/2025\/11\/edition-163865.jpg 1358w, https:\/\/www.babidibulibros.com\/wp-content\/uploads\/2025\/11\/edition-163865-300x300.jpg 300w, https:\/\/www.babidibulibros.com\/wp-content\/uploads\/2025\/11\/edition-163865-1024x1024.jpg 1024w, https:\/\/www.babidibulibros.com\/wp-content\/uploads\/2025\/11\/edition-163865-768x768.jpg 768w\" sizes=\"auto, (max-width: 1358px) 100vw, 1358px\" \/>\t\t\t\t\t\t\t<\/a>\n\t\t\t\t\t\t<\/div>\n\t\t\t\t\t\t<div class=\"block-books-body\">\n\t\t\t\t\t\t\t<h3>L&#8217;estrella<\/h3>\n\t\t\t\t\t\t\t<p>Rosa Massall\u00e9 Solanellas |Mariana Ram\u00edrez de Pascual<\/p>\n\t\t\t\t\t\t<\/div>\n\t\t\t\t\t<\/div>\n\t\t\t\t<\/div>\n\t\t\t\n\t\t\t\t\t\t  \n\t\t\t\t<div class=\"col-lg-2 col-md-3 col-sm-4 col-6\">\n\t\t\t\t\t<div class=\"block-books-item\">\n\t\t\t\t\t\t<div class=\"block-books-img\">\n\t\t\t\t\t\t\t<a href=\"https:\/\/tienda.babidibulibros.com\/libro\/en-ginkgo-i-la-filomena_165417\/\">\n\t\t\t\t\t\t\t\t<img loading=\"lazy\" decoding=\"async\" width=\"1908\" height=\"1920\" src=\"https:\/\/www.babidibulibros.com\/wp-content\/uploads\/2025\/09\/edition-160563.jpg\" class=\"attachment-post-thumbnail size-post-thumbnail wp-post-image\" alt=\"\" srcset=\"https:\/\/www.babidibulibros.com\/wp-content\/uploads\/2025\/09\/edition-160563.jpg 1908w, https:\/\/www.babidibulibros.com\/wp-content\/uploads\/2025\/09\/edition-160563-298x300.jpg 298w, https:\/\/www.babidibulibros.com\/wp-content\/uploads\/2025\/09\/edition-160563-1017x1024.jpg 1017w, https:\/\/www.babidibulibros.com\/wp-content\/uploads\/2025\/09\/edition-160563-768x773.jpg 768w, https:\/\/www.babidibulibros.com\/wp-content\/uploads\/2025\/09\/edition-160563-1526x1536.jpg 1526w, https:\/\/www.babidibulibros.com\/wp-content\/uploads\/2025\/09\/edition-160563-2035x2048.jpg 2035w\" sizes=\"auto, (max-width: 1908px) 100vw, 1908px\" \/>\t\t\t\t\t\t\t<\/a>\n\t\t\t\t\t\t<\/div>\n\t\t\t\t\t\t<div class=\"block-books-body\">\n\t\t\t\t\t\t\t<h3>En Ginkgo i la Filomena<\/h3>\n\t\t\t\t\t\t\t<p>Mamen Mart\u00ednez V\u00edlchez<\/p>\n\t\t\t\t\t\t<\/div>\n\t\t\t\t\t<\/div>\n\t\t\t\t<\/div>\n\t\t\t\n\t\t\t\t\t\t  \n\t\t\t\t<div class=\"col-lg-2 col-md-3 col-sm-4 col-6\">\n\t\t\t\t\t<div class=\"block-books-item\">\n\t\t\t\t\t\t<div class=\"block-books-img\">\n\t\t\t\t\t\t\t<a href=\"https:\/\/tienda.babidibulibros.com\/libro\/en-joan-apren-a-estalviar_168892\/\">\n\t\t\t\t\t\t\t\t<img loading=\"lazy\" decoding=\"async\" width=\"1358\" height=\"1358\" src=\"https:\/\/www.babidibulibros.com\/wp-content\/uploads\/2025\/11\/edition-163811.jpg\" class=\"attachment-post-thumbnail size-post-thumbnail wp-post-image\" alt=\"\" srcset=\"https:\/\/www.babidibulibros.com\/wp-content\/uploads\/2025\/11\/edition-163811.jpg 1358w, https:\/\/www.babidibulibros.com\/wp-content\/uploads\/2025\/11\/edition-163811-300x300.jpg 300w, https:\/\/www.babidibulibros.com\/wp-content\/uploads\/2025\/11\/edition-163811-1024x1024.jpg 1024w, https:\/\/www.babidibulibros.com\/wp-content\/uploads\/2025\/11\/edition-163811-768x768.jpg 768w\" sizes=\"auto, (max-width: 1358px) 100vw, 1358px\" \/>\t\t\t\t\t\t\t<\/a>\n\t\t\t\t\t\t<\/div>\n\t\t\t\t\t\t<div class=\"block-books-body\">\n\t\t\t\t\t\t\t<h3>En Joan apr\u00e8n a estalviar<\/h3>\n\t\t\t\t\t\t\t<p>Edgar Torres |Mar\u00eda Trigueros P\u00e9rez &#8211; IsiL<\/p>\n\t\t\t\t\t\t<\/div>\n\t\t\t\t\t<\/div>\n\t\t\t\t<\/div>\n\t\t\t\n\t\t\t\t\t\t  \n\t\t\t\t<div class=\"col-lg-2 col-md-3 col-sm-4 col-6\">\n\t\t\t\t\t<div class=\"block-books-item\">\n\t\t\t\t\t\t<div class=\"block-books-img\">\n\t\t\t\t\t\t\t<a href=\"https:\/\/tienda.babidibulibros.com\/libro\/he-perdut-el-boto_165416\/\">\n\t\t\t\t\t\t\t\t<img loading=\"lazy\" decoding=\"async\" width=\"1908\" height=\"1920\" src=\"https:\/\/www.babidibulibros.com\/wp-content\/uploads\/2025\/09\/edition-160561.jpg\" class=\"attachment-post-thumbnail size-post-thumbnail wp-post-image\" alt=\"\" srcset=\"https:\/\/www.babidibulibros.com\/wp-content\/uploads\/2025\/09\/edition-160561.jpg 1908w, https:\/\/www.babidibulibros.com\/wp-content\/uploads\/2025\/09\/edition-160561-298x300.jpg 298w, https:\/\/www.babidibulibros.com\/wp-content\/uploads\/2025\/09\/edition-160561-1017x1024.jpg 1017w, https:\/\/www.babidibulibros.com\/wp-content\/uploads\/2025\/09\/edition-160561-768x773.jpg 768w, https:\/\/www.babidibulibros.com\/wp-content\/uploads\/2025\/09\/edition-160561-1526x1536.jpg 1526w, https:\/\/www.babidibulibros.com\/wp-content\/uploads\/2025\/09\/edition-160561-2035x2048.jpg 2035w\" sizes=\"auto, (max-width: 1908px) 100vw, 1908px\" \/>\t\t\t\t\t\t\t<\/a>\n\t\t\t\t\t\t<\/div>\n\t\t\t\t\t\t<div class=\"block-books-body\">\n\t\t\t\t\t\t\t<h3>He perdut el bot\u00f3!<\/h3>\n\t\t\t\t\t\t\t<p>Laia Parareda |Javi Domingo<\/p>\n\t\t\t\t\t\t<\/div>\n\t\t\t\t\t<\/div>\n\t\t\t\t<\/div>\n\t\t\t\n\t\t\t\t\t\t  \n\t\t\t\t<div class=\"col-lg-2 col-md-3 col-sm-4 col-6\">\n\t\t\t\t\t<div class=\"block-books-item\">\n\t\t\t\t\t\t<div class=\"block-books-img\">\n\t\t\t\t\t\t\t<a href=\"https:\/\/tienda.babidibulibros.com\/libro\/la-lola-i-els-aliments-saludables_165777\/\">\n\t\t\t\t\t\t\t\t<img loading=\"lazy\" decoding=\"async\" width=\"1903\" height=\"1920\" src=\"https:\/\/www.babidibulibros.com\/wp-content\/uploads\/2025\/09\/edition-160915.jpg\" class=\"attachment-post-thumbnail size-post-thumbnail wp-post-image\" alt=\"\" srcset=\"https:\/\/www.babidibulibros.com\/wp-content\/uploads\/2025\/09\/edition-160915.jpg 1903w, https:\/\/www.babidibulibros.com\/wp-content\/uploads\/2025\/09\/edition-160915-297x300.jpg 297w, https:\/\/www.babidibulibros.com\/wp-content\/uploads\/2025\/09\/edition-160915-1015x1024.jpg 1015w, https:\/\/www.babidibulibros.com\/wp-content\/uploads\/2025\/09\/edition-160915-768x775.jpg 768w, https:\/\/www.babidibulibros.com\/wp-content\/uploads\/2025\/09\/edition-160915-1522x1536.jpg 1522w, https:\/\/www.babidibulibros.com\/wp-content\/uploads\/2025\/09\/edition-160915-2030x2048.jpg 2030w\" sizes=\"auto, (max-width: 1903px) 100vw, 1903px\" \/>\t\t\t\t\t\t\t<\/a>\n\t\t\t\t\t\t<\/div>\n\t\t\t\t\t\t<div class=\"block-books-body\">\n\t\t\t\t\t\t\t<h3>La Lola i els aliments saludables<\/h3>\n\t\t\t\t\t\t\t<p>Jordina Mart\u00ed Salvad\u00f3 |Stela Navarro<\/p>\n\t\t\t\t\t\t<\/div>\n\t\t\t\t\t<\/div>\n\t\t\t\t<\/div>\n\t\t\t\n\t\t\t\t\t\t  \n\t\t\t\t<div class=\"col-lg-2 col-md-3 col-sm-4 col-6\">\n\t\t\t\t\t<div class=\"block-books-item\">\n\t\t\t\t\t\t<div class=\"block-books-img\">\n\t\t\t\t\t\t\t<a href=\"https:\/\/tienda.babidibulibros.com\/libro\/set-dies-set-castors_179135\/\">\n\t\t\t\t\t\t\t\t<img loading=\"lazy\" decoding=\"async\" width=\"1417\" height=\"1004\" src=\"https:\/\/www.babidibulibros.com\/wp-content\/uploads\/2026\/03\/edition-173964.jpg\" class=\"attachment-post-thumbnail size-post-thumbnail wp-post-image\" alt=\"\" srcset=\"https:\/\/www.babidibulibros.com\/wp-content\/uploads\/2026\/03\/edition-173964.jpg 1417w, https:\/\/www.babidibulibros.com\/wp-content\/uploads\/2026\/03\/edition-173964-423x300.jpg 423w, https:\/\/www.babidibulibros.com\/wp-content\/uploads\/2026\/03\/edition-173964-1110x786.jpg 1110w, https:\/\/www.babidibulibros.com\/wp-content\/uploads\/2026\/03\/edition-173964-768x544.jpg 768w\" sizes=\"auto, (max-width: 1417px) 100vw, 1417px\" \/>\t\t\t\t\t\t\t<\/a>\n\t\t\t\t\t\t<\/div>\n\t\t\t\t\t\t<div class=\"block-books-body\">\n\t\t\t\t\t\t\t<h3>Set dies set castors<\/h3>\n\t\t\t\t\t\t\t<p>Maria Mor\u00e9 P\u00e9rez |Julia Rogova<\/p>\n\t\t\t\t\t\t<\/div>\n\t\t\t\t\t<\/div>\n\t\t\t\t<\/div>\n\t\t\t\n\t\t\t\t\t\t  \n\t\t\t\t<div class=\"col-lg-2 col-md-3 col-sm-4 col-6\">\n\t\t\t\t\t<div class=\"block-books-item\">\n\t\t\t\t\t\t<div class=\"block-books-img\">\n\t\t\t\t\t\t\t<a href=\"https:\/\/tienda.babidibulibros.com\/libro\/el-cel-no-es-blau_179377\/\">\n\t\t\t\t\t\t\t\t<img loading=\"lazy\" decoding=\"async\" width=\"1417\" height=\"1004\" src=\"https:\/\/www.babidibulibros.com\/wp-content\/uploads\/2026\/03\/edition-174240.jpg\" class=\"attachment-post-thumbnail size-post-thumbnail wp-post-image\" alt=\"\" srcset=\"https:\/\/www.babidibulibros.com\/wp-content\/uploads\/2026\/03\/edition-174240.jpg 1417w, https:\/\/www.babidibulibros.com\/wp-content\/uploads\/2026\/03\/edition-174240-423x300.jpg 423w, https:\/\/www.babidibulibros.com\/wp-content\/uploads\/2026\/03\/edition-174240-1110x786.jpg 1110w, https:\/\/www.babidibulibros.com\/wp-content\/uploads\/2026\/03\/edition-174240-768x544.jpg 768w\" sizes=\"auto, (max-width: 1417px) 100vw, 1417px\" \/>\t\t\t\t\t\t\t<\/a>\n\t\t\t\t\t\t<\/div>\n\t\t\t\t\t\t<div class=\"block-books-body\">\n\t\t\t\t\t\t\t<h3>El cel no \u00e9s blau<\/h3>\n\t\t\t\t\t\t\t<p>B\u00e1rbara Ripoll Jare\u00f1o |Marina Llorca Esquerdo<\/p>\n\t\t\t\t\t\t<\/div>\n\t\t\t\t\t<\/div>\n\t\t\t\t<\/div>\n\t\t\t\n\t\t\t\t\t\t  \n\t\t\t\t<div class=\"col-lg-2 col-md-3 col-sm-4 col-6\">\n\t\t\t\t\t<div class=\"block-books-item\">\n\t\t\t\t\t\t<div class=\"block-books-img\">\n\t\t\t\t\t\t\t<a href=\"https:\/\/tienda.babidibulibros.com\/libro\/peluts-perduts_168863\/\">\n\t\t\t\t\t\t\t\t<img loading=\"lazy\" decoding=\"async\" width=\"1920\" height=\"1384\" src=\"https:\/\/www.babidibulibros.com\/wp-content\/uploads\/2025\/11\/edition-163772.jpg\" class=\"attachment-post-thumbnail size-post-thumbnail wp-post-image\" alt=\"\" srcset=\"https:\/\/www.babidibulibros.com\/wp-content\/uploads\/2025\/11\/edition-163772.jpg 1920w, https:\/\/www.babidibulibros.com\/wp-content\/uploads\/2025\/11\/edition-163772-416x300.jpg 416w, https:\/\/www.babidibulibros.com\/wp-content\/uploads\/2025\/11\/edition-163772-1110x800.jpg 1110w, https:\/\/www.babidibulibros.com\/wp-content\/uploads\/2025\/11\/edition-163772-768x554.jpg 768w, https:\/\/www.babidibulibros.com\/wp-content\/uploads\/2025\/11\/edition-163772-1536x1108.jpg 1536w, https:\/\/www.babidibulibros.com\/wp-content\/uploads\/2025\/11\/edition-163772-2048x1477.jpg 2048w\" sizes=\"auto, (max-width: 1920px) 100vw, 1920px\" \/>\t\t\t\t\t\t\t<\/a>\n\t\t\t\t\t\t<\/div>\n\t\t\t\t\t\t<div class=\"block-books-body\">\n\t\t\t\t\t\t\t<h3>Peluts perduts<\/h3>\n\t\t\t\t\t\t\t<p>Alex Sancho<\/p>\n\t\t\t\t\t\t<\/div>\n\t\t\t\t\t<\/div>\n\t\t\t\t<\/div>\n\t\t\t\n\t\t\t\t\t\t  \n\t\t\t\t<div class=\"col-lg-2 col-md-3 col-sm-4 col-6\">\n\t\t\t\t\t<div class=\"block-books-item\">\n\t\t\t\t\t\t<div class=\"block-books-img\">\n\t\t\t\t\t\t\t<a href=\"https:\/\/tienda.babidibulibros.com\/libro\/bona-nit-cuca_166130\/\">\n\t\t\t\t\t\t\t\t<img loading=\"lazy\" decoding=\"async\" width=\"1920\" height=\"1385\" src=\"https:\/\/www.babidibulibros.com\/wp-content\/uploads\/2025\/10\/edition-161149.jpg\" class=\"attachment-post-thumbnail size-post-thumbnail wp-post-image\" alt=\"\" srcset=\"https:\/\/www.babidibulibros.com\/wp-content\/uploads\/2025\/10\/edition-161149.jpg 1920w, https:\/\/www.babidibulibros.com\/wp-content\/uploads\/2025\/10\/edition-161149-416x300.jpg 416w, https:\/\/www.babidibulibros.com\/wp-content\/uploads\/2025\/10\/edition-161149-1110x801.jpg 1110w, https:\/\/www.babidibulibros.com\/wp-content\/uploads\/2025\/10\/edition-161149-768x554.jpg 768w, https:\/\/www.babidibulibros.com\/wp-content\/uploads\/2025\/10\/edition-161149-1536x1108.jpg 1536w, https:\/\/www.babidibulibros.com\/wp-content\/uploads\/2025\/10\/edition-161149-2048x1477.jpg 2048w\" sizes=\"auto, (max-width: 1920px) 100vw, 1920px\" \/>\t\t\t\t\t\t\t<\/a>\n\t\t\t\t\t\t<\/div>\n\t\t\t\t\t\t<div class=\"block-books-body\">\n\t\t\t\t\t\t\t<h3>Bona nit, cuca<\/h3>\n\t\t\t\t\t\t\t<p>Yaiza Bravo Fuster |Josep Fuster<\/p>\n\t\t\t\t\t\t<\/div>\n\t\t\t\t\t<\/div>\n\t\t\t\t<\/div>\n\t\t\t\n\t\t\t\t\t\t  \n\t\t\t\t<div class=\"col-lg-2 col-md-3 col-sm-4 col-6\">\n\t\t\t\t\t<div class=\"block-books-item\">\n\t\t\t\t\t\t<div class=\"block-books-img\">\n\t\t\t\t\t\t\t<a href=\"https:\/\/tienda.babidibulibros.com\/libro\/el-meu-viatge-mes-important_162678\/\">\n\t\t\t\t\t\t\t\t<img loading=\"lazy\" decoding=\"async\" width=\"1920\" height=\"1385\" src=\"https:\/\/www.babidibulibros.com\/wp-content\/uploads\/2025\/07\/edition-157801.jpg\" class=\"attachment-post-thumbnail size-post-thumbnail wp-post-image\" alt=\"\" srcset=\"https:\/\/www.babidibulibros.com\/wp-content\/uploads\/2025\/07\/edition-157801.jpg 1920w, https:\/\/www.babidibulibros.com\/wp-content\/uploads\/2025\/07\/edition-157801-416x300.jpg 416w, https:\/\/www.babidibulibros.com\/wp-content\/uploads\/2025\/07\/edition-157801-1110x801.jpg 1110w, https:\/\/www.babidibulibros.com\/wp-content\/uploads\/2025\/07\/edition-157801-768x554.jpg 768w, https:\/\/www.babidibulibros.com\/wp-content\/uploads\/2025\/07\/edition-157801-1536x1108.jpg 1536w, https:\/\/www.babidibulibros.com\/wp-content\/uploads\/2025\/07\/edition-157801-2048x1477.jpg 2048w\" sizes=\"auto, (max-width: 1920px) 100vw, 1920px\" \/>\t\t\t\t\t\t\t<\/a>\n\t\t\t\t\t\t<\/div>\n\t\t\t\t\t\t<div class=\"block-books-body\">\n\t\t\t\t\t\t\t<h3>El meu viatge m\u00e9s important<\/h3>\n\t\t\t\t\t\t\t<p>Maria Ruiz Ortiz<\/p>\n\t\t\t\t\t\t<\/div>\n\t\t\t\t\t<\/div>\n\t\t\t\t<\/div>\n\t\t\t\n\t\t\t\t\t\t  \n\t\t\t\t<div class=\"col-lg-2 col-md-3 col-sm-4 col-6\">\n\t\t\t\t\t<div class=\"block-books-item\">\n\t\t\t\t\t\t<div class=\"block-books-img\">\n\t\t\t\t\t\t\t<a href=\"https:\/\/tienda.babidibulibros.com\/libro\/on-es-la-nala_161012\/\">\n\t\t\t\t\t\t\t\t<img loading=\"lazy\" decoding=\"async\" width=\"907\" height=\"643\" src=\"https:\/\/www.babidibulibros.com\/wp-content\/uploads\/2025\/04\/edition-156103.jpg\" class=\"attachment-post-thumbnail size-post-thumbnail wp-post-image\" alt=\"\" srcset=\"https:\/\/www.babidibulibros.com\/wp-content\/uploads\/2025\/04\/edition-156103.jpg 907w, https:\/\/www.babidibulibros.com\/wp-content\/uploads\/2025\/04\/edition-156103-423x300.jpg 423w, https:\/\/www.babidibulibros.com\/wp-content\/uploads\/2025\/04\/edition-156103-768x544.jpg 768w\" sizes=\"auto, (max-width: 907px) 100vw, 907px\" \/>\t\t\t\t\t\t\t<\/a>\n\t\t\t\t\t\t<\/div>\n\t\t\t\t\t\t<div class=\"block-books-body\">\n\t\t\t\t\t\t\t<h3>On \u00e9s la Nala?<\/h3>\n\t\t\t\t\t\t\t<p>Andrea Garuz Piqu\u00e9 |Cesca Monserrat Calaf<\/p>\n\t\t\t\t\t\t<\/div>\n\t\t\t\t\t<\/div>\n\t\t\t\t<\/div>\n\t\t\t\n\t\t\t\t\t\t  \n\t\t\t\t<div class=\"col-lg-2 col-md-3 col-sm-4 col-6\">\n\t\t\t\t\t<div class=\"block-books-item\">\n\t\t\t\t\t\t<div class=\"block-books-img\">\n\t\t\t\t\t\t\t<a href=\"https:\/\/tienda.babidibulibros.com\/libro\/coralls_179186\/\">\n\t\t\t\t\t\t\t\t<img loading=\"lazy\" decoding=\"async\" width=\"1004\" height=\"1417\" src=\"https:\/\/www.babidibulibros.com\/wp-content\/uploads\/2026\/03\/edition-174021.jpg\" class=\"attachment-post-thumbnail size-post-thumbnail wp-post-image\" alt=\"\" srcset=\"https:\/\/www.babidibulibros.com\/wp-content\/uploads\/2026\/03\/edition-174021.jpg 1004w, https:\/\/www.babidibulibros.com\/wp-content\/uploads\/2026\/03\/edition-174021-213x300.jpg 213w, https:\/\/www.babidibulibros.com\/wp-content\/uploads\/2026\/03\/edition-174021-726x1024.jpg 726w, https:\/\/www.babidibulibros.com\/wp-content\/uploads\/2026\/03\/edition-174021-768x1084.jpg 768w\" sizes=\"auto, (max-width: 1004px) 100vw, 1004px\" \/>\t\t\t\t\t\t\t<\/a>\n\t\t\t\t\t\t<\/div>\n\t\t\t\t\t\t<div class=\"block-books-body\">\n\t\t\t\t\t\t\t<h3>Coralls<\/h3>\n\t\t\t\t\t\t\t<p>Mamen Mart\u00ednez V\u00edlchez<\/p>\n\t\t\t\t\t\t<\/div>\n\t\t\t\t\t<\/div>\n\t\t\t\t<\/div>\n\t\t\t\n\t\t\t\t\t\t  \n\t\t\t\t<div class=\"col-lg-2 col-md-3 col-sm-4 col-6\">\n\t\t\t\t\t<div class=\"block-books-item\">\n\t\t\t\t\t\t<div class=\"block-books-img\">\n\t\t\t\t\t\t\t<a href=\"https:\/\/tienda.babidibulibros.com\/libro\/illa-tropicalia_168937\/\">\n\t\t\t\t\t\t\t\t<img loading=\"lazy\" decoding=\"async\" width=\"1004\" height=\"1417\" src=\"https:\/\/www.babidibulibros.com\/wp-content\/uploads\/2025\/11\/edition-163852.jpg\" class=\"attachment-post-thumbnail size-post-thumbnail wp-post-image\" alt=\"\" srcset=\"https:\/\/www.babidibulibros.com\/wp-content\/uploads\/2025\/11\/edition-163852.jpg 1004w, https:\/\/www.babidibulibros.com\/wp-content\/uploads\/2025\/11\/edition-163852-213x300.jpg 213w, https:\/\/www.babidibulibros.com\/wp-content\/uploads\/2025\/11\/edition-163852-726x1024.jpg 726w, https:\/\/www.babidibulibros.com\/wp-content\/uploads\/2025\/11\/edition-163852-768x1084.jpg 768w\" sizes=\"auto, (max-width: 1004px) 100vw, 1004px\" \/>\t\t\t\t\t\t\t<\/a>\n\t\t\t\t\t\t<\/div>\n\t\t\t\t\t\t<div class=\"block-books-body\">\n\t\t\t\t\t\t\t<h3>Illa tropicalia<\/h3>\n\t\t\t\t\t\t\t<p>Patricia Radu\u00e1n |Caterina Monserrat |Aina Maria Duran<\/p>\n\t\t\t\t\t\t<\/div>\n\t\t\t\t\t<\/div>\n\t\t\t\t<\/div>\n\t\t\t\n\t\t\t\t\t\t  \n\t\t\t\t<div class=\"col-lg-2 col-md-3 col-sm-4 col-6\">\n\t\t\t\t\t<div class=\"block-books-item\">\n\t\t\t\t\t\t<div class=\"block-books-img\">\n\t\t\t\t\t\t\t<a href=\"https:\/\/tienda.babidibulibros.com\/libro\/la-bruna-salta-muntanyes_168343\/\">\n\t\t\t\t\t\t\t\t<img loading=\"lazy\" decoding=\"async\" width=\"1360\" height=\"1920\" src=\"https:\/\/www.babidibulibros.com\/wp-content\/uploads\/2025\/11\/edition-163313.jpg\" class=\"attachment-post-thumbnail size-post-thumbnail wp-post-image\" alt=\"\" srcset=\"https:\/\/www.babidibulibros.com\/wp-content\/uploads\/2025\/11\/edition-163313.jpg 1360w, https:\/\/www.babidibulibros.com\/wp-content\/uploads\/2025\/11\/edition-163313-212x300.jpg 212w, https:\/\/www.babidibulibros.com\/wp-content\/uploads\/2025\/11\/edition-163313-725x1024.jpg 725w, https:\/\/www.babidibulibros.com\/wp-content\/uploads\/2025\/11\/edition-163313-768x1084.jpg 768w, https:\/\/www.babidibulibros.com\/wp-content\/uploads\/2025\/11\/edition-163313-1088x1536.jpg 1088w, https:\/\/www.babidibulibros.com\/wp-content\/uploads\/2025\/11\/edition-163313-1451x2048.jpg 1451w\" sizes=\"auto, (max-width: 1360px) 100vw, 1360px\" \/>\t\t\t\t\t\t\t<\/a>\n\t\t\t\t\t\t<\/div>\n\t\t\t\t\t\t<div class=\"block-books-body\">\n\t\t\t\t\t\t\t<h3>La Bruna salta muntanyes<\/h3>\n\t\t\t\t\t\t\t<p>J\u00e8ssica Haldon Lahilla |Roc\u00edo G\u00f3mez Moral<\/p>\n\t\t\t\t\t\t<\/div>\n\t\t\t\t\t<\/div>\n\t\t\t\t<\/div>\n\t\t\t\n\t\t\t\t\t\t  \n\t\t\t\t<div class=\"col-lg-2 col-md-3 col-sm-4 col-6\">\n\t\t\t\t\t<div class=\"block-books-item\">\n\t\t\t\t\t\t<div class=\"block-books-img\">\n\t\t\t\t\t\t\t<a href=\"https:\/\/tienda.babidibulibros.com\/libro\/la-maia-fa-judo_166114\/\">\n\t\t\t\t\t\t\t\t<img loading=\"lazy\" decoding=\"async\" width=\"1490\" height=\"1920\" src=\"https:\/\/www.babidibulibros.com\/wp-content\/uploads\/2025\/10\/edition-161139.jpg\" class=\"attachment-post-thumbnail size-post-thumbnail wp-post-image\" alt=\"\" srcset=\"https:\/\/www.babidibulibros.com\/wp-content\/uploads\/2025\/10\/edition-161139.jpg 1490w, https:\/\/www.babidibulibros.com\/wp-content\/uploads\/2025\/10\/edition-161139-233x300.jpg 233w, https:\/\/www.babidibulibros.com\/wp-content\/uploads\/2025\/10\/edition-161139-795x1024.jpg 795w, https:\/\/www.babidibulibros.com\/wp-content\/uploads\/2025\/10\/edition-161139-768x990.jpg 768w, https:\/\/www.babidibulibros.com\/wp-content\/uploads\/2025\/10\/edition-161139-1192x1536.jpg 1192w, https:\/\/www.babidibulibros.com\/wp-content\/uploads\/2025\/10\/edition-161139-1589x2048.jpg 1589w\" sizes=\"auto, (max-width: 1490px) 100vw, 1490px\" \/>\t\t\t\t\t\t\t<\/a>\n\t\t\t\t\t\t<\/div>\n\t\t\t\t\t\t<div class=\"block-books-body\">\n\t\t\t\t\t\t\t<h3>La Maia fa judo<\/h3>\n\t\t\t\t\t\t\t<p>Marian Obrador Mas |Mireia Oliver<\/p>\n\t\t\t\t\t\t<\/div>\n\t\t\t\t\t<\/div>\n\t\t\t\t<\/div>\n\t\t\t\n\t\t\t\t\t\t  \n\t\t\t\t<div class=\"col-lg-2 col-md-3 col-sm-4 col-6\">\n\t\t\t\t\t<div class=\"block-books-item\">\n\t\t\t\t\t\t<div class=\"block-books-img\">\n\t\t\t\t\t\t\t<a href=\"https:\/\/tienda.babidibulibros.com\/libro\/vinc-amb-instruccions_168816\/\">\n\t\t\t\t\t\t\t\t<img loading=\"lazy\" decoding=\"async\" width=\"1499\" height=\"1920\" src=\"https:\/\/www.babidibulibros.com\/wp-content\/uploads\/2025\/11\/edition-163726.jpg\" class=\"attachment-post-thumbnail size-post-thumbnail wp-post-image\" alt=\"\" srcset=\"https:\/\/www.babidibulibros.com\/wp-content\/uploads\/2025\/11\/edition-163726.jpg 1499w, https:\/\/www.babidibulibros.com\/wp-content\/uploads\/2025\/11\/edition-163726-234x300.jpg 234w, https:\/\/www.babidibulibros.com\/wp-content\/uploads\/2025\/11\/edition-163726-799x1024.jpg 799w, https:\/\/www.babidibulibros.com\/wp-content\/uploads\/2025\/11\/edition-163726-768x984.jpg 768w, https:\/\/www.babidibulibros.com\/wp-content\/uploads\/2025\/11\/edition-163726-1199x1536.jpg 1199w, https:\/\/www.babidibulibros.com\/wp-content\/uploads\/2025\/11\/edition-163726-1599x2048.jpg 1599w\" sizes=\"auto, (max-width: 1499px) 100vw, 1499px\" \/>\t\t\t\t\t\t\t<\/a>\n\t\t\t\t\t\t<\/div>\n\t\t\t\t\t\t<div class=\"block-books-body\">\n\t\t\t\t\t\t\t<h3>Vinc amb instruccions!<\/h3>\n\t\t\t\t\t\t\t<p>Sara Roiget<\/p>\n\t\t\t\t\t\t<\/div>\n\t\t\t\t\t<\/div>\n\t\t\t\t<\/div>\n\t\t\t\n\t\t\t\t\t\t  \n\t\t\t\t<div class=\"col-lg-2 col-md-3 col-sm-4 col-6\">\n\t\t\t\t\t<div class=\"block-books-item\">\n\t\t\t\t\t\t<div class=\"block-books-img\">\n\t\t\t\t\t\t\t<a href=\"https:\/\/tienda.babidibulibros.com\/libro\/lunaria_165493\/\">\n\t\t\t\t\t\t\t\t<img loading=\"lazy\" decoding=\"async\" width=\"1344\" height=\"1920\" src=\"https:\/\/www.babidibulibros.com\/wp-content\/uploads\/2025\/09\/edition-160654.jpg\" class=\"attachment-post-thumbnail size-post-thumbnail wp-post-image\" alt=\"\" srcset=\"https:\/\/www.babidibulibros.com\/wp-content\/uploads\/2025\/09\/edition-160654.jpg 1344w, https:\/\/www.babidibulibros.com\/wp-content\/uploads\/2025\/09\/edition-160654-210x300.jpg 210w, https:\/\/www.babidibulibros.com\/wp-content\/uploads\/2025\/09\/edition-160654-717x1024.jpg 717w, https:\/\/www.babidibulibros.com\/wp-content\/uploads\/2025\/09\/edition-160654-768x1097.jpg 768w, https:\/\/www.babidibulibros.com\/wp-content\/uploads\/2025\/09\/edition-160654-1076x1536.jpg 1076w, https:\/\/www.babidibulibros.com\/wp-content\/uploads\/2025\/09\/edition-160654-1434x2048.jpg 1434w\" sizes=\"auto, (max-width: 1344px) 100vw, 1344px\" \/>\t\t\t\t\t\t\t<\/a>\n\t\t\t\t\t\t<\/div>\n\t\t\t\t\t\t<div class=\"block-books-body\">\n\t\t\t\t\t\t\t<h3>Lun\u00e0ria<\/h3>\n\t\t\t\t\t\t\t<p>J\u00falia Roqu\u00e9 Surroca |Anna Grau<\/p>\n\t\t\t\t\t\t<\/div>\n\t\t\t\t\t<\/div>\n\t\t\t\t<\/div>\n\t\t\t\n\t\t\t\t\t\t\n\t<\/div>\n<\/div>\n\n\n\n\n\n\n\n\n","protected":false},"excerpt":{"rendered":"","protected":false},"author":4,"featured_media":0,"parent":0,"menu_order":54,"comment_status":"closed","ping_status":"closed","template":"page-layout-full.php","meta":{"_acf_changed":false,"content-type":"","footnotes":""},"class_list":["post-65487","page","type-page","status-publish","hentry"],"acf":[],"_links":{"self":[{"href":"https:\/\/www.babidibulibros.com\/ca\/wp-json\/wp\/v2\/pages\/65487","targetHints":{"allow":["GET"]}}],"collection":[{"href":"https:\/\/www.babidibulibros.com\/ca\/wp-json\/wp\/v2\/pages"}],"about":[{"href":"https:\/\/www.babidibulibros.com\/ca\/wp-json\/wp\/v2\/types\/page"}],"author":[{"embeddable":true,"href":"https:\/\/www.babidibulibros.com\/ca\/wp-json\/wp\/v2\/users\/4"}],"replies":[{"embeddable":true,"href":"https:\/\/www.babidibulibros.com\/ca\/wp-json\/wp\/v2\/comments?post=65487"}],"version-history":[{"count":2,"href":"https:\/\/www.babidibulibros.com\/ca\/wp-json\/wp\/v2\/pages\/65487\/revisions"}],"predecessor-version":[{"id":87921,"href":"https:\/\/www.babidibulibros.com\/ca\/wp-json\/wp\/v2\/pages\/65487\/revisions\/87921"}],"wp:attachment":[{"href":"https:\/\/www.babidibulibros.com\/ca\/wp-json\/wp\/v2\/media?parent=65487"}],"curies":[{"name":"wp","href":"https:\/\/api.w.org\/{rel}","templated":true}]}}