{"id":25828,"date":"2020-07-25T20:14:38","date_gmt":"2020-07-25T18:14:38","guid":{"rendered":"https:\/\/babidibu.desarrollotrevenque.com\/como-publicar-un-libro-infantil\/"},"modified":"2024-06-21T10:37:05","modified_gmt":"2024-06-21T08:37:05","slug":"how-to-publish-a-childrens-book","status":"publish","type":"page","link":"https:\/\/www.babidibulibros.com\/en\/how-to-publish-a-childrens-book\/","title":{"rendered":"How to publish a children&#8217;s book"},"content":{"rendered":"\n<h2 class=\"wp-block-heading has-text-align-center\">How and why we select a work<\/h2>\n\n\n\n<p>Your manuscripts are received by our Editors, who reorganize and forward them to the Reading Department. They will then be studied and evaluated before being cataloged within one of our collections if they are thought to be in line with our editorial style.<\/p>\n\n\n\n<p>Our innovative <strong>editorial protocol<\/strong> allows us to quickly evaluate the large number of manuscripts and illustrated works that we receive weekly, also giving space to <strong>new authors<\/strong> who, despite having very valid projects, find it very difficult to &#8220;open the doors of the publishing world&#8221;.<\/p>\n\n\n\n<figure class=\"wp-block-image size-full\"><img loading=\"lazy\" decoding=\"async\" width=\"1110\" height=\"641\" src=\"https:\/\/www.babidibulibros.com\/wp-content\/uploads\/2023\/03\/230303_reunion_baja.png\" alt=\"\" class=\"wp-image-57582\" srcset=\"https:\/\/www.babidibulibros.com\/wp-content\/uploads\/2023\/03\/230303_reunion_baja.png 1110w, https:\/\/www.babidibulibros.com\/wp-content\/uploads\/2023\/03\/230303_reunion_baja-520x300.png 520w, https:\/\/www.babidibulibros.com\/wp-content\/uploads\/2023\/03\/230303_reunion_baja-768x444.png 768w\" sizes=\"auto, (max-width: 1110px) 100vw, 1110px\" \/><\/figure>\n\n\n\n<blockquote class=\"wp-block-quote is-style-large is-layout-flow wp-block-quote-is-layout-flow\">\n<p>Our <strong>publishing protocol<\/strong> gives us the opportunity to deal with the large number of manuscripts or illustrated works that we receive every week, giving the opportunity to publish to <strong>new authors<\/strong>, who find it very difficult to &#8220;open the doors of the publishing world&#8221;, even if they have very good projects.<\/p>\n<cite>Marta Montes (CEO of BABIDI-B\u00da)<\/cite><\/blockquote>\n\n\n\n<div id=\"video-block_98079410ff129a65ed8b743c6999817e\" class=\"block-video video\">\n\t<div class=\"media-object\">\n\t\t<div class=\"media-object-item media-object-copy\">\n\t\t\t<div class=\"media-object-copy-body\">\n\t\t\t\t<h2>How to publish your children&#8217;s book?<\/h2>\n\t\t\t\t<p><p>One of the characteristics of this protocol is the commitment of the publisher to the commercialisation and maximum dissemination of the published works, and the need to involve the author in this process in different actions (presentations, talks, workshops, direct actions with schools, etc).<\/p>\n<\/p>\n\t\t\t\t<a class=\"link\" href=\"https:\/\/www.babidibulibros.com\/en\/publish-with-us\/\">How to publish your children&#8217;s book?<\/a>\n\t\t\t<\/div>\n\t\t<\/div>\n\t\t<figure class=\"media-object-item media-object-media js-trigger-video-modal-video-block_98079410ff129a65ed8b743c6999817e\">\n\t\t\t\t\t\t\t<img decoding=\"async\" class=\"media-object-media-img\" src=\"https:\/\/www.babidibulibros.com\/wp-content\/uploads\/2022\/12\/DSC092502-1-scaled.jpg\" \/>\n\t\t\t\t\t\t\t\n\t\t<\/figure>\n\t<\/div>\n<\/div>  \n\t\n\n<style>\n\t.show-video-modal-video-block_98079410ff129a65ed8b743c6999817e #modal_video-block_98079410ff129a65ed8b743c6999817e {\n\t\topacity: 1.0;\n\t\t-webkit-transform: translate(0%,0%);\n\t\t\t-ms-transform: translate(0%,0%);\n\t\t\t\ttransform: translate(0%,0%);\n\t}\n\t.show-video-modal-video-block_98079410ff129a65ed8b743c6999817e #modal_video-block_98079410ff129a65ed8b743c6999817e .overlay {\n\t\topacity: 1.0;\n\t}\n\t.show-video-modal-video-block_98079410ff129a65ed8b743c6999817e #modal_video-block_98079410ff129a65ed8b743c6999817e .video-modal-content {\n\t\t-webkit-transform: translate(0%,0%);\n\t\t\t-ms-transform: translate(0%,0%);\n\t\t\t\ttransform: translate(0%,0%);\n\t}\n<\/style>\n\t\n\n\n<div class=\"wp-block-buttons is-layout-flex wp-block-buttons-is-layout-flex\">\n<div class=\"wp-block-button\"><a class=\"wp-block-button__link wp-element-button\" href=\"https:\/\/www.youtube.com\/watch?v=mRtJ34j8834\" target=\"_blank\" rel=\"noreferrer noopener nofollow\">V\u00eddeo: C\u00f3mo publicar un cuento infantil en 2024 &#8211; Gu\u00eda paso a paso<\/a><\/div>\n<\/div>\n\n\n\n<div class=\"wp-block-group\"><div class=\"wp-block-group__inner-container is-layout-flow wp-block-group-is-layout-flow\">\n<h2 class=\"wp-block-heading\">What is the best publisher for children&#8217;s books?<\/h2>\n\n\n\n<p><\/p>\n\n\n\n<div class=\"wp-block-media-text alignwide is-stacked-on-mobile is-vertically-aligned-center\" style=\"grid-template-columns:40% auto\"><figure class=\"wp-block-media-text__media\"><img loading=\"lazy\" decoding=\"async\" width=\"1024\" height=\"1024\" src=\"https:\/\/www.babidibulibros.com\/wp-content\/uploads\/2022\/10\/\u00bfQUIEN-NO-LO-ES-1024x1024.png\" alt=\"\" class=\"wp-image-26571 size-full\" srcset=\"https:\/\/www.babidibulibros.com\/wp-content\/uploads\/2022\/10\/\u00bfQUIEN-NO-LO-ES-1024x1024.png 1024w, https:\/\/www.babidibulibros.com\/wp-content\/uploads\/2022\/10\/\u00bfQUIEN-NO-LO-ES-300x300.png 300w, https:\/\/www.babidibulibros.com\/wp-content\/uploads\/2022\/10\/\u00bfQUIEN-NO-LO-ES-768x768.png 768w, https:\/\/www.babidibulibros.com\/wp-content\/uploads\/2022\/10\/\u00bfQUIEN-NO-LO-ES.png 1080w\" sizes=\"auto, (max-width: 1024px) 100vw, 1024px\" \/><\/figure><div class=\"wp-block-media-text__content\">\n<p><strong>BABIDI-B\u00da<\/strong> is one of the <strong>best publishing houses for children<\/strong>, specializing in the <strong>publication of hardcover albums<\/strong> and in the treatment of <strong>implicit values<\/strong> in the works.<\/p>\n\n\n\n<p style=\"font-size:19px\">Our catalog consists of 19 collections that promote reading while having fun. But that is not all. Each of our books tries to convey human values, to help our young readers to become great people. For this reason, our motto is: &#8220;<strong>from little readers to great people<\/strong>&#8220;.<\/p>\n<\/div><\/div>\n\n\n\n<div style=\"height:52px\" aria-hidden=\"true\" class=\"wp-block-spacer\"><\/div>\n\n\n\n<p>Another of the most relevant reasons that places us among <strong>the best children&#8217;s publishers<\/strong>, among others, is the variety of <strong>our collections<\/strong>, which focus on themes that are fundamental for us such as love for nature, respect for the environment , the diversity and inclusion of all people, to spur even the coldest emotional intelligence and train our little ones to understand the world of love.<\/p>\n\n\n\n<p>We are also one of the most committed publishers in the publication of bilingual works, offering texts in two versions (English \/ Spanish, Italian \/ English&#8230;)<\/p>\n\n\n\n<div id=\"fwimage-block_0b5159d85f13489b1a7d7a4b68125631\" class=\"block-fwimage alignleft\">\n    <div class=\"container\">\n        <div class=\"row\">\n            <div class=\"block-fwimage-img-p parallax\">\n\t\t\t\t            <\/div>\n            <div class=\"block-fwimage-img\">\n\t\t\t\t\t\t\t\t    <img decoding=\"async\" src=\"https:\/\/www.babidibulibros.com\/wp-content\/uploads\/2021\/09\/Victoria-y-la-primera-vuelta-al-mundo-BABIDI-BU_3_A-SANGRE3-1-e1694514490770.png\" \/>\n\t\t\t\t            <\/div>\n            <div class=\"col-lg-6\"><\/div>\n            <div class=\"col-lg-6\">\n\t\t\t\t<p><span style=\"font-weight: 400\">All this intrinsic value, together with our robust international distribution network, has allowed BABIDI-B\u00da to establish itself over the years as one of the most valid entrepreneurial realities in the publishing sector. We have already realized the dreams of several authors, sharing with them a great goal: &#8220;<\/span><b>to transmit and transform&#8221;.<\/b><\/p>\n<p><span style=\"font-weight: 400\">Now our goal is to continue to grow, to guarantee the best editorial service to the authors who will arrive in the years to come, while remaining within everyone&#8217;s reach.<\/span><\/p>\n                \t\t\t\t    <a class=\"link\" href=\"https:\/\/www.babidibulibros.com\/en\/publish-with-us\/\">Send us your manuscript<\/a>\n                            <\/div>\n        <\/div>\n    <\/div>\n<\/div>\n\n\n<div style=\"height:500px\" aria-hidden=\"true\" class=\"wp-block-spacer\"><\/div>\n<\/div><\/div>\n\n\n\n<p><\/p>\n\n\n\n<h2 class=\"wp-block-heading has-text-align-center is-style-default\">The Editing process<\/h2>\n\n\n\n<h3 class=\"wp-block-heading is-style-steps\"><strong>Contact with the author<\/strong><\/h3>\n\n\n\n<p class=\"is-style-steps\">If we believe a work is genuine and in line with our editorial values, we contact the author to express our interest in his manuscript. The editorial process begins at that point.<\/p>\n\n\n\n<h3 class=\"wp-block-heading is-style-steps\"><strong>Meeting with the author<\/strong><\/h3>\n\n\n\n<p>At this point, a meeting is organized with the author to discuss in detail his work, the possible publication and signing of the Publishing Agreement which is adapted to the specific case. If the author cannot physically attend, we will agree with him on an alternative way to communicate.<\/p>\n\n\n\n<h3 class=\"wp-block-heading is-style-steps\"><strong><strong>Illustration of the book<\/strong><\/strong><\/h3>\n\n\n\n<p>If the work needs to be illustrated, we offer the services of one of our illustrators who is put in contact with the author in order to agree on the type of collaboration that is being undertaken in carrying out a three-way teamwork.<\/p>\n\n\n\n<h3 class=\"wp-block-heading is-style-steps\"><strong>Setting the design<\/strong><\/h3>\n\n\n\n<p class=\"is-style-steps\">The manuscript passes to our team of designers, who will carry out the design work of the cover, back cover and internal layout of the book.<\/p>\n\n\n\n<h3 class=\"wp-block-heading is-style-steps\"><strong><strong>Correction of the work<\/strong><\/strong><\/h3>\n\n\n\n<p>The corrector in charge will provide for any ortho typographic and stylistic correction.<\/p>\n\n\n\n<h3 class=\"wp-block-heading is-style-steps\"><strong>Legal management<\/strong><\/h3>\n\n\n\n<p>The necessary legal procedures for promotion and pre-distribution will be completed.<\/p>\n\n\n\n<h3 class=\"wp-block-heading is-style-steps\"><strong>Review by the author<\/strong><\/h3>\n\n\n\n<p>The author reviews the corrected work and, if approved, moves on to the final printing of the same. Each case of corrective discrepancy between publisher and author will be treated in detail to find a point of mutual consent. Revisions will be made if necessary.<\/p>\n\n\n\n<h3 class=\"wp-block-heading is-style-steps\"><strong>Distribution of the work<\/strong><\/h3>\n\n\n\n<p>The work will be distributed in all our sales channels.<\/p>\n\n\n\n<h3 class=\"wp-block-heading is-style-steps\"><strong>Promotion of the book<\/strong><\/h3>\n\n\n\n<p>We settle the marketing, printing and promotion of the book, always actively collaborating with the author.<\/p>\n\n\n\n<h3 class=\"wp-block-heading is-style-steps\"><strong><strong>Digital version of the book<\/strong><\/strong><\/h3>\n\n\n\n<p>BookTrailers are prepared, possibly in the Ebook format, and positioning in the sales channels<\/p>\n\n\n\n<hr class=\"wp-block-separator has-css-opacity\"\/>\n\n\n\n<h2 class=\"wp-block-heading has-text-align-center is-style-heading-group\">Do you still have doubts?<\/h2>\n\n\n\n<p class=\"has-text-align-center\">Check out our FAQ section, and if you have any other questions, get in touch with us!<\/p>\n\n\n\n<section id=\"faq-block_bba76d16cfbd3997b14aea4073a6fcd1\" class=\"section section-faqs faq\">\n\t<div class=\"container\">\n\t\t\t\t\t<div class=\"accordion\" id=\"accordionFAQ\">\n\t\t\t\t\t\t\t         <div class=\"card\">\n\t\t\t            <div class=\"card-header\" id=\"heading-1\">\n\t\t\t               <button class=\"collapsed\" type=\"button\" data-toggle=\"collapse\" data-target=\"#collapse-1\" aria-expanded=\"false\" aria-controls=\"collapse-1\">\n\t\t\t               <span>How do we calculate the final price of a book?<\/span>\n\t\t\t               <\/button>\n\t\t\t            <\/div>\n\t\t\t            <div id=\"collapse-1\" class=\"collapse\" aria-labelledby=\"heading-1\" data-parent=\"#accordionFAQ\" style=\"\">\n\t\t\t               <div class=\"card-body\">\n\t\t\t                  The price of the book is the result of a mathematical formula related to the printing price of the same. This cost in turn depends on the format, the quality of the paper, the number of black and white pages and the number of colored pages.\r\n\r\nIt is in the publisher&#8217;s interest to ensure that the prices of his books are as competitive as possible to encourage sales. If an author wishes to increase the price of his book compared to our proposal, we will study the case and reach an optimal consensus for all parties.\r\n\r\n\t\t\t               <\/div>\n\t\t\t            <\/div>\n\t\t\t         <\/div>\n\t\t\t\t\t\t\t         <div class=\"card\">\n\t\t\t            <div class=\"card-header\" id=\"heading-2\">\n\t\t\t               <button class=\"collapsed\" type=\"button\" data-toggle=\"collapse\" data-target=\"#collapse-2\" aria-expanded=\"false\" aria-controls=\"collapse-2\">\n\t\t\t               <span>What&#8217;s the size of your books&#8217; circulation?<\/span>\n\t\t\t               <\/button>\n\t\t\t            <\/div>\n\t\t\t            <div id=\"collapse-2\" class=\"collapse\" aria-labelledby=\"heading-2\" data-parent=\"#accordionFAQ\" style=\"\">\n\t\t\t               <div class=\"card-body\">\n\t\t\t                  In order to make the project feasible, we expect a sale guaranteed by the author. The initial circulation of our books is around 300 copies (as a novelty service), depending on the sales forecast, the character of the book and the type of binding. In any case, the new technologies used in the printing processes require us to create short runs at a competitive unit cost, thus maintaining the ISBN book, updating it every year with new reprints. Our innovative printing autonomy also avoids the deterioration of unsold books that are stored in warehouses indefinitely.\r\n\t\t\t               <\/div>\n\t\t\t            <\/div>\n\t\t\t         <\/div>\n\t\t\t\t\t\t\t         <div class=\"card\">\n\t\t\t            <div class=\"card-header\" id=\"heading-3\">\n\t\t\t               <button class=\"collapsed\" type=\"button\" data-toggle=\"collapse\" data-target=\"#collapse-3\" aria-expanded=\"false\" aria-controls=\"collapse-3\">\n\t\t\t               <span>Why is it necessary for our texts to be corrected and adapted to children&#8217;s language by a certified expert?<\/span>\n\t\t\t               <\/button>\n\t\t\t            <\/div>\n\t\t\t            <div id=\"collapse-3\" class=\"collapse\" aria-labelledby=\"heading-3\" data-parent=\"#accordionFAQ\" style=\"\">\n\t\t\t               <div class=\"card-body\">\n\t\t\t                  In order to obtain the highest possible linguistic quality, the text must be subjected to correction and adaptation to the &#8220;language of children or young people&#8221; (depending on the age group to which it is addressed). On the other hand, in the event that this work admits the possibility (depending on its characteristics), the author will be proposed to develop a series of complementary ideas that would improve the work by bringing added value.\r\nReading for children &#8211; more than any other, if possible &#8211; given the particularly sensitive audience to which it is addressed, cannot afford inaccuracies.\r\n\t\t\t               <\/div>\n\t\t\t            <\/div>\n\t\t\t         <\/div>\n\t\t\t\t\t\t\t         <div class=\"card\">\n\t\t\t            <div class=\"card-header\" id=\"heading-4\">\n\t\t\t               <button class=\"collapsed\" type=\"button\" data-toggle=\"collapse\" data-target=\"#collapse-4\" aria-expanded=\"false\" aria-controls=\"collapse-4\">\n\t\t\t               <span>Do you carry out quality checks?<\/span>\n\t\t\t               <\/button>\n\t\t\t            <\/div>\n\t\t\t            <div id=\"collapse-4\" class=\"collapse\" aria-labelledby=\"heading-4\" data-parent=\"#accordionFAQ\" style=\"\">\n\t\t\t               <div class=\"card-body\">\n\t\t\t                  All our published works &#8211; whether they are the result of a selection and planning carried out in several months by the publisher, or of a collaboration between author and publisher that allows immediate realization for publication &#8211; follow the same process and quality control in terms of texts, illustrations, layout, cover design, choice of fonts, etc.\r\n\r\nWe check every detail to the maximum. For us the excellence of each publication is a fundamental requirement, as it is, above all, that each author is satisfied with the final result. For this, our editing process does not stop until everything is validated \/ approved with the author.\r\n\t\t\t               <\/div>\n\t\t\t            <\/div>\n\t\t\t         <\/div>\n\t\t\t\t\t\t\t         <div class=\"card\">\n\t\t\t            <div class=\"card-header\" id=\"heading-5\">\n\t\t\t               <button class=\"collapsed\" type=\"button\" data-toggle=\"collapse\" data-target=\"#collapse-5\" aria-expanded=\"false\" aria-controls=\"collapse-5\">\n\t\t\t               <span>How long should a children&#8217;s book be?<\/span>\n\t\t\t               <\/button>\n\t\t\t            <\/div>\n\t\t\t            <div id=\"collapse-5\" class=\"collapse\" aria-labelledby=\"heading-5\" data-parent=\"#accordionFAQ\" style=\"\">\n\t\t\t               <div class=\"card-body\">\n\t\t\t                  An illustrated album for children can be in a range between 20 and 40 pages.\t\t\t               <\/div>\n\t\t\t            <\/div>\n\t\t\t         <\/div>\n\t\t\t\t\t\t\t<\/div>\n\t\t\t\t<div class=\"text-center support-text\">\n\t\t\t<p>Do you have any further questions? <a href=\"https:\/\/www.babidibulibros.com\/contacto\/\">Contact us<\/a><\/p> \n\t\t<\/div>\n\t<\/div>\n\t<script type=\"application\/ld+json\">\n\t\t{\n\t    \t\"@context\": \"https:\/\/schema.org\",\n\t\t\t\"@type\": \"FAQPage\",\n\t\t\t\"mainEntity\": [\n\t\t\t\t\t\t\t\t\t{\n\t\t\t\t        \"@type\": \"Question\",\n\t\t\t\t        \"name\": \"How do we calculate the final price of a book?\",\n\t\t\t\t        \"acceptedAnswer\": {\n\t\t\t\t        \t\"@type\": \"Answer\",\n\t\t\t\t\t\t\t\"text\": \"The price of the book is the result of a mathematical formula related to the printing price of the same. This cost in turn depends on the format, the quality of the paper, the number of black and white pages and the number of colored pages.\r\n\r\nIt is in the publisher's interest to ensure that the prices of his books are as competitive as possible to encourage sales. If an author wishes to increase the price of his book compared to our proposal, we will study the case and reach an optimal consensus for all parties.\r\n\r\n\"\n\t\t\t\t\t\t}\n\t\t\t\t    }\n\t\t\t\t    \t\t\t\t    \n\t\t\t\t\t\t\t\t\t\t,{\n\t\t\t\t\t        \"@type\": \"Question\",\n\t\t\t\t\t        \"name\": \"What's the size of your books' circulation?\",\n\t\t\t\t\t        \"acceptedAnswer\": {\n\t\t\t\t\t        \t\"@type\": \"Answer\",\n\t\t\t\t\t\t\t\t\"text\": \"In order to make the project feasible, we expect a sale guaranteed by the author. The initial circulation of our books is around 300 copies (as a novelty service), depending on the sales forecast, the character of the book and the type of binding. In any case, the new technologies used in the printing processes require us to create short runs at a competitive unit cost, thus maintaining the ISBN book, updating it every year with new reprints. Our innovative printing autonomy also avoids the deterioration of unsold books that are stored in warehouses indefinitely.\r\n\"\n\t\t\t\t\t\t\t}\n\t\t\t\t\t    }\n\t\t\t\t    \t\t\t\t    \n\t\t\t\t\t\t\t\t\t\t,{\n\t\t\t\t\t        \"@type\": \"Question\",\n\t\t\t\t\t        \"name\": \"Why is it necessary for our texts to be corrected and adapted to children's language by a certified expert?\",\n\t\t\t\t\t        \"acceptedAnswer\": {\n\t\t\t\t\t        \t\"@type\": \"Answer\",\n\t\t\t\t\t\t\t\t\"text\": \"In order to obtain the highest possible linguistic quality, the text must be subjected to correction and adaptation to the \"language of children or young people\" (depending on the age group to which it is addressed). On the other hand, in the event that this work admits the possibility (depending on its characteristics), the author will be proposed to develop a series of complementary ideas that would improve the work by bringing added value.\r\nReading for children - more than any other, if possible - given the particularly sensitive audience to which it is addressed, cannot afford inaccuracies.\r\n\"\n\t\t\t\t\t\t\t}\n\t\t\t\t\t    }\n\t\t\t\t    \t\t\t\t    \n\t\t\t\t\t\t\t\t\t\t,{\n\t\t\t\t\t        \"@type\": \"Question\",\n\t\t\t\t\t        \"name\": \"Do you carry out quality checks?\",\n\t\t\t\t\t        \"acceptedAnswer\": {\n\t\t\t\t\t        \t\"@type\": \"Answer\",\n\t\t\t\t\t\t\t\t\"text\": \"All our published works - whether they are the result of a selection and planning carried out in several months by the publisher, or of a collaboration between author and publisher that allows immediate realization for publication - follow the same process and quality control in terms of texts, illustrations, layout, cover design, choice of fonts, etc.\r\n\r\nWe check every detail to the maximum. For us the excellence of each publication is a fundamental requirement, as it is, above all, that each author is satisfied with the final result. For this, our editing process does not stop until everything is validated \/ approved with the author.\r\n\"\n\t\t\t\t\t\t\t}\n\t\t\t\t\t    }\n\t\t\t\t    \t\t\t\t    \n\t\t\t\t\t\t\t\t\t\t,{\n\t\t\t\t\t        \"@type\": \"Question\",\n\t\t\t\t\t        \"name\": \"How long should a children's book be?\",\n\t\t\t\t\t        \"acceptedAnswer\": {\n\t\t\t\t\t        \t\"@type\": \"Answer\",\n\t\t\t\t\t\t\t\t\"text\": \"An illustrated album for children can be in a range between 20 and 40 pages.\"\n\t\t\t\t\t\t\t}\n\t\t\t\t\t    }\n\t\t\t\t    \t\t\t\t    \n\t\t\t\t\t\t\t]\n\t    }\n    <\/script>    \n<\/section>\n\n\n\n\n\n\n\n\n\n\n\n<div id=\"contact-block_2d206318cdfc30b8cb114807a218b9ff\" class=\"block-contact\">\n\t<div class=\"block-contact-txt\">\n\t\t<h2>Contact us<\/h2>\n\t\t<p>Call us or ask us to call you for advice.<\/p>\n\t<\/div>\n\t<div class=\"block-contact-items\">\n\t\t<div class=\"contact-item\">\n\t\t\t<a href=\"https:\/\/api.whatsapp.com\/send?phone=34653754771&#038;\" alt=\"Whatsapp Babidibu\" rel=\"nofollow noopener\" target=\"_blank\">\n\t\t\t\t<div class=\"contact-item-icon\">\n\t\t\t\t\t<i class=\"ri-whatsapp-line\"><\/i> \n\t\t\t\t<\/div>\n\t\t\t\t<div class=\"contact-item-txt\">\n\t\t\t\t\tWhatsApp\n\t\t\t\t<\/div>\n\t\t\t<\/a>\n\t\t<\/div>\n\t\t<div class=\"contact-item\">\n\t\t\t<a href=\"tel:+34653754771\" alt=\"Call Babidib\u00fa by phone\">\n\t\t\t\t<div class=\"contact-item-icon\">\n\t\t\t\t\t<i class=\"ri-smartphone-line\"><\/i>\n\t\t\t\t<\/div>\n\t\t\t\t<div class=\"contact-item-txt\">\n\t\t\t\tTelephone\t\t\t\t<\/div>\n\t\t\t<\/a>\n\t\t<\/div>\n\t\t<div class=\"contact-item\">\n\t\t\t<a href=\"https:\/\/www.babidibulibros.com\/publica-con-nosotros\/\">\n\t\t\t\t<div class=\"contact-item-icon\">\n\t\t\t\t\t<i class=\"ri-file-list-3-line\"><\/i>\n\t\t\t\t<\/div>\n\t\t\t\t<div class=\"contact-item-txt\">\n\t\t\t\t\tManuscript\t\t\t\t<\/div>\n\t\t\t<\/a>\n\t\t<\/div>\n\t<\/div>\n<\/div>","protected":false},"excerpt":{"rendered":"<p>How and why we select a work Your manuscripts are received by our Editors, who reorganize and forward them to [&hellip;]<\/p>\n","protected":false},"author":3,"featured_media":0,"parent":0,"menu_order":116,"comment_status":"closed","ping_status":"closed","template":"","meta":{"_acf_changed":false,"content-type":"","footnotes":""},"class_list":["post-25828","page","type-page","status-publish","hentry"],"acf":[],"_links":{"self":[{"href":"https:\/\/www.babidibulibros.com\/en\/wp-json\/wp\/v2\/pages\/25828","targetHints":{"allow":["GET"]}}],"collection":[{"href":"https:\/\/www.babidibulibros.com\/en\/wp-json\/wp\/v2\/pages"}],"about":[{"href":"https:\/\/www.babidibulibros.com\/en\/wp-json\/wp\/v2\/types\/page"}],"author":[{"embeddable":true,"href":"https:\/\/www.babidibulibros.com\/en\/wp-json\/wp\/v2\/users\/3"}],"replies":[{"embeddable":true,"href":"https:\/\/www.babidibulibros.com\/en\/wp-json\/wp\/v2\/comments?post=25828"}],"version-history":[{"count":2,"href":"https:\/\/www.babidibulibros.com\/en\/wp-json\/wp\/v2\/pages\/25828\/revisions"}],"predecessor-version":[{"id":75499,"href":"https:\/\/www.babidibulibros.com\/en\/wp-json\/wp\/v2\/pages\/25828\/revisions\/75499"}],"wp:attachment":[{"href":"https:\/\/www.babidibulibros.com\/en\/wp-json\/wp\/v2\/media?parent=25828"}],"curies":[{"name":"wp","href":"https:\/\/api.w.org\/{rel}","templated":true}]}}