{"id":26007,"date":"2020-07-25T20:14:41","date_gmt":"2020-07-25T18:14:41","guid":{"rendered":"https:\/\/babidibu.desarrollotrevenque.com\/como-publicar-un-libro-juvenil\/"},"modified":"2024-06-21T10:34:24","modified_gmt":"2024-06-21T08:34:24","slug":"how-to-publish-a-teenagers-book","status":"publish","type":"page","link":"https:\/\/www.babidibulibros.com\/en\/how-to-publish-a-teenagers-book\/","title":{"rendered":"How to publish a teenagers&#8217; book"},"content":{"rendered":"\n<h2 class=\"wp-block-heading has-text-align-left is-style-default\">An inescapable literary commitment to a generation that does not expect it<\/h2>\n\n\n\n<div class=\"wp-block-media-text alignfull is-stacked-on-mobile\"><figure class=\"wp-block-media-text__media\"><img decoding=\"async\" src=\"https:\/\/www.babidibulibros.com\/wp-content\/uploads\/2022\/10\/Libro-ginkl-1110x741.png\" alt=\"\" class=\"wp-image-26620 size-full\"\/><\/figure><div class=\"wp-block-media-text__content\">\n<p class=\"has-text-align-left\">What can be said about <strong>teenagers&#8217; literature<\/strong> that hasn&#8217;t already been said?<\/p>\n\n\n\n<p>What we do know, from our experience, is that this requires commitment and clarity in the message, an effort to recognize the singularity of our adolescent readers at the present time. It requires a control of language that is balanced between trends and jargon and the didactic and educational, teaching the difference between the vulgar but fashionable, and the academic.<\/p>\n\n\n\n<p>We want to do our bit so that our youth literature authors have, in our label, a place to go and where to stay.<\/p>\n\n\n\n<p>Thanks to works that are already jewels in our catalogue, we have established ourselves in the literary world with great authority, endorsed by authors with great experience and authors who have trusted us to publish their first work in relation to children&#8217;s literature.<\/p>\n<\/div><\/div>\n\n\n\n<p><\/p>\n\n\n\n<h2 class=\"wp-block-heading\">What is the best publisher to publish a children&#8217;s book?<\/h2>\n\n\n\n<p>Without a doubt, the best children&#8217;s publisher to publish a youth book is BABIDI-B\u00da. Every day, we continue to value youth-themed manuscripts with which to enrich our <strong>Ginkgo biloba collection<\/strong>, which was designed to house this type of work.<\/p>\n\n\n\n<div id=\"video-block_825c3c4c941cfb6197d721049a7f55ac\" class=\"block-video video\">\n\t<div class=\"media-object\">\n\t\t<div class=\"media-object-item media-object-copy\">\n\t\t\t<div class=\"media-object-copy-body\">\n\t\t\t\t<h2>Get to know BABIDI-B\u00da&#8217;s  first-hand experience <\/h2>\n\t\t\t\t<p><p>One of our leading authors, Jos\u00e9 Franc\u00e9s, tells us about his experience at BABIDI-B\u00da, <strong>after publishing his youth book The Labyrinth of the Seven Keys<\/strong><\/p>\n<\/p>\n\t\t\t\t<a class=\"link\" href=\"https:\/\/www.babidibulibros.com\/en\/video-testimonials-of-published-authors\/\">All the Video Testimonials<\/a>\n\t\t\t<\/div>\n\t\t<\/div>\n\t\t<figure class=\"media-object-item media-object-media js-trigger-video-modal-video-block_825c3c4c941cfb6197d721049a7f55ac\">\n\t\t\t\t\t\t\t<img decoding=\"async\" class=\"media-object-media-img\" src=\"https:\/\/www.babidibulibros.com\/wp-content\/uploads\/2022\/09\/Cubierta-1-scaled.jpg\" \/>\n\t\t\t\t\t\t\t\n\t\t<\/figure>\n\t<\/div>\n<\/div>  \n\t\n\n<style>\n\t.show-video-modal-video-block_825c3c4c941cfb6197d721049a7f55ac #modal_video-block_825c3c4c941cfb6197d721049a7f55ac {\n\t\topacity: 1.0;\n\t\t-webkit-transform: translate(0%,0%);\n\t\t\t-ms-transform: translate(0%,0%);\n\t\t\t\ttransform: translate(0%,0%);\n\t}\n\t.show-video-modal-video-block_825c3c4c941cfb6197d721049a7f55ac #modal_video-block_825c3c4c941cfb6197d721049a7f55ac .overlay {\n\t\topacity: 1.0;\n\t}\n\t.show-video-modal-video-block_825c3c4c941cfb6197d721049a7f55ac #modal_video-block_825c3c4c941cfb6197d721049a7f55ac .video-modal-content {\n\t\t-webkit-transform: translate(0%,0%);\n\t\t\t-ms-transform: translate(0%,0%);\n\t\t\t\ttransform: translate(0%,0%);\n\t}\n<\/style>\n\t\n\n\n<div class=\"wp-block-buttons is-layout-flex wp-block-buttons-is-layout-flex\">\n<div class=\"wp-block-button\"><a class=\"wp-block-button__link wp-element-button\" href=\"https:\/\/www.youtube.com\/watch?v=eiIfCRlcOPs\" target=\"_blank\" rel=\"noreferrer noopener nofollow\">V\u00eddeo: \u00bfC\u00d3MO PUBLICAR UN CUENTO? El autor Jos\u00e9 A. Franc\u00e9s recomienda la editorial INFANTIL BABIDI-B\u00da<\/a><\/div>\n<\/div>\n\n\n\n<hr class=\"wp-block-separator has-css-opacity\"\/>\n\n\n\n<h2 class=\"wp-block-heading has-text-align-center\">Do you still have doubts?<\/h2>\n\n\n\n<p>Contact us or read our frequently asked questions about publishing children&#8217;s books<\/p>\n\n\n\n<section id=\"faq-block_421665f6cac09a26172bb51815970f57\" class=\"section section-faqs faq\">\n\t<div class=\"container\">\n\t\t\t\t\t<div class=\"accordion\" id=\"accordionFAQ\">\n\t\t\t\t\t\t\t         <div class=\"card\">\n\t\t\t            <div class=\"card-header\" id=\"heading-1\">\n\t\t\t               <button class=\"collapsed\" type=\"button\" data-toggle=\"collapse\" data-target=\"#collapse-1\" aria-expanded=\"false\" aria-controls=\"collapse-1\">\n\t\t\t               <span>What do we mean by a teen book?<\/span>\n\t\t\t               <\/button>\n\t\t\t            <\/div>\n\t\t\t            <div id=\"collapse-1\" class=\"collapse\" aria-labelledby=\"heading-1\" data-parent=\"#accordionFAQ\" style=\"\">\n\t\t\t               <div class=\"card-body\">\n\t\t\t                  A work of great length, aimed especially at readers, mostly young, although not exclusively.\t\t\t               <\/div>\n\t\t\t            <\/div>\n\t\t\t         <\/div>\n\t\t\t\t\t\t\t         <div class=\"card\">\n\t\t\t            <div class=\"card-header\" id=\"heading-2\">\n\t\t\t               <button class=\"collapsed\" type=\"button\" data-toggle=\"collapse\" data-target=\"#collapse-2\" aria-expanded=\"false\" aria-controls=\"collapse-2\">\n\t\t\t               <span>What are the steps to follow to publish a teen book?<\/span>\n\t\t\t               <\/button>\n\t\t\t            <\/div>\n\t\t\t            <div id=\"collapse-2\" class=\"collapse\" aria-labelledby=\"heading-2\" data-parent=\"#accordionFAQ\" style=\"\">\n\t\t\t               <div class=\"card-body\">\n\t\t\t                  If you go to a publisher like BABIDI-B\u00da, there are different steps for your manuscript to end up being published. From the reception and evaluation of the work, correction, layout and design, illustration (if needed), printing and, finally, its publication\t\t\t               <\/div>\n\t\t\t            <\/div>\n\t\t\t         <\/div>\n\t\t\t\t\t\t\t         <div class=\"card\">\n\t\t\t            <div class=\"card-header\" id=\"heading-3\">\n\t\t\t               <button class=\"collapsed\" type=\"button\" data-toggle=\"collapse\" data-target=\"#collapse-3\" aria-expanded=\"false\" aria-controls=\"collapse-3\">\n\t\t\t               <span>How much does it cost to publish a book?<\/span>\n\t\t\t               <\/button>\n\t\t\t            <\/div>\n\t\t\t            <div id=\"collapse-3\" class=\"collapse\" aria-labelledby=\"heading-3\" data-parent=\"#accordionFAQ\" style=\"\">\n\t\t\t               <div class=\"card-body\">\n\t\t\t                  It is a mathematical formula that is directly related to the price of printing. In turn, this cost depends directly on the format, paper quality, number of B\/W pages and number of color pages. The interest of the publisher is that the prices of its books are as competitive as possible, to promote an easier sale among its readers, so we always opt for very adjusted prices with respect to cost. If an author wishes to raise the price of his book with respect to our proposal, we will study the case and reach an optimal consensus for all parties.\t\t\t               <\/div>\n\t\t\t            <\/div>\n\t\t\t         <\/div>\n\t\t\t\t\t\t\t         <div class=\"card\">\n\t\t\t            <div class=\"card-header\" id=\"heading-4\">\n\t\t\t               <button class=\"collapsed\" type=\"button\" data-toggle=\"collapse\" data-target=\"#collapse-4\" aria-expanded=\"false\" aria-controls=\"collapse-4\">\n\t\t\t               <span>How is the process of publishing a teen book?<\/span>\n\t\t\t               <\/button>\n\t\t\t            <\/div>\n\t\t\t            <div id=\"collapse-4\" class=\"collapse\" aria-labelledby=\"heading-4\" data-parent=\"#accordionFAQ\" style=\"\">\n\t\t\t               <div class=\"card-body\">\n\t\t\t                  The manuscript goes through the processes of: assessment, correction, layout, printing, distribution, promotion and marketing.\t\t\t               <\/div>\n\t\t\t            <\/div>\n\t\t\t         <\/div>\n\t\t\t\t\t\t\t         <div class=\"card\">\n\t\t\t            <div class=\"card-header\" id=\"heading-5\">\n\t\t\t               <button class=\"collapsed\" type=\"button\" data-toggle=\"collapse\" data-target=\"#collapse-5\" aria-expanded=\"false\" aria-controls=\"collapse-5\">\n\t\t\t               <span>How do publishers work when publishing a book?<\/span>\n\t\t\t               <\/button>\n\t\t\t            <\/div>\n\t\t\t            <div id=\"collapse-5\" class=\"collapse\" aria-labelledby=\"heading-5\" data-parent=\"#accordionFAQ\" style=\"\">\n\t\t\t               <div class=\"card-body\">\n\t\t\t                  There are three types of ways to work from a publisher. Self-publishing, traditional publishing and co-publishing.\t\t\t               <\/div>\n\t\t\t            <\/div>\n\t\t\t         <\/div>\n\t\t\t\t\t\t\t         <div class=\"card\">\n\t\t\t            <div class=\"card-header\" id=\"heading-6\">\n\t\t\t               <button class=\"collapsed\" type=\"button\" data-toggle=\"collapse\" data-target=\"#collapse-6\" aria-expanded=\"false\" aria-controls=\"collapse-6\">\n\t\t\t               <span>As a new author, what option do I choose?<\/span>\n\t\t\t               <\/button>\n\t\t\t            <\/div>\n\t\t\t            <div id=\"collapse-6\" class=\"collapse\" aria-labelledby=\"heading-6\" data-parent=\"#accordionFAQ\" style=\"\">\n\t\t\t               <div class=\"card-body\">\n\t\t\t                  It is recommended that you avoid self-publishing and let yourself be advised by a publisher that will guide you along the way so that there are no problems publishing the work\t\t\t               <\/div>\n\t\t\t            <\/div>\n\t\t\t         <\/div>\n\t\t\t\t\t\t\t         <div class=\"card\">\n\t\t\t            <div class=\"card-header\" id=\"heading-7\">\n\t\t\t               <button class=\"collapsed\" type=\"button\" data-toggle=\"collapse\" data-target=\"#collapse-7\" aria-expanded=\"false\" aria-controls=\"collapse-7\">\n\t\t\t               <span>How to publish a tennagers&#8217; book?<\/span>\n\t\t\t               <\/button>\n\t\t\t            <\/div>\n\t\t\t            <div id=\"collapse-7\" class=\"collapse\" aria-labelledby=\"heading-7\" data-parent=\"#accordionFAQ\" style=\"\">\n\t\t\t               <div class=\"card-body\">\n\t\t\t                  At BABIDI-B\u00da we will be happy to help you with the entire process to follow to publish a youth book. Access our website and contact us\t\t\t               <\/div>\n\t\t\t            <\/div>\n\t\t\t         <\/div>\n\t\t\t\t\t\t\t<\/div>\n\t\t\t\t<div class=\"text-center support-text\">\n\t\t\t<p>Do you have any further questions? <a href=\"https:\/\/www.babidibulibros.com\/contacto\/\">Contact us<\/a><\/p> \n\t\t<\/div>\n\t<\/div>\n\t<script type=\"application\/ld+json\">\n\t\t{\n\t    \t\"@context\": \"https:\/\/schema.org\",\n\t\t\t\"@type\": \"FAQPage\",\n\t\t\t\"mainEntity\": [\n\t\t\t\t\t\t\t\t\t{\n\t\t\t\t        \"@type\": \"Question\",\n\t\t\t\t        \"name\": \"What do we mean by a teen book?\",\n\t\t\t\t        \"acceptedAnswer\": {\n\t\t\t\t        \t\"@type\": \"Answer\",\n\t\t\t\t\t\t\t\"text\": \"A work of great length, aimed especially at readers, mostly young, although not exclusively.\"\n\t\t\t\t\t\t}\n\t\t\t\t    }\n\t\t\t\t    \t\t\t\t    \n\t\t\t\t\t\t\t\t\t\t,{\n\t\t\t\t\t        \"@type\": \"Question\",\n\t\t\t\t\t        \"name\": \"What are the steps to follow to publish a teen book?\",\n\t\t\t\t\t        \"acceptedAnswer\": {\n\t\t\t\t\t        \t\"@type\": \"Answer\",\n\t\t\t\t\t\t\t\t\"text\": \"If you go to a publisher like BABIDI-B\u00da, there are different steps for your manuscript to end up being published. From the reception and evaluation of the work, correction, layout and design, illustration (if needed), printing and, finally, its publication\"\n\t\t\t\t\t\t\t}\n\t\t\t\t\t    }\n\t\t\t\t    \t\t\t\t    \n\t\t\t\t\t\t\t\t\t\t,{\n\t\t\t\t\t        \"@type\": \"Question\",\n\t\t\t\t\t        \"name\": \"How much does it cost to publish a book?\",\n\t\t\t\t\t        \"acceptedAnswer\": {\n\t\t\t\t\t        \t\"@type\": \"Answer\",\n\t\t\t\t\t\t\t\t\"text\": \"It is a mathematical formula that is directly related to the price of printing. In turn, this cost depends directly on the format, paper quality, number of B\/W pages and number of color pages. The interest of the publisher is that the prices of its books are as competitive as possible, to promote an easier sale among its readers, so we always opt for very adjusted prices with respect to cost. If an author wishes to raise the price of his book with respect to our proposal, we will study the case and reach an optimal consensus for all parties.\"\n\t\t\t\t\t\t\t}\n\t\t\t\t\t    }\n\t\t\t\t    \t\t\t\t    \n\t\t\t\t\t\t\t\t\t\t,{\n\t\t\t\t\t        \"@type\": \"Question\",\n\t\t\t\t\t        \"name\": \"How is the process of publishing a teen book?\",\n\t\t\t\t\t        \"acceptedAnswer\": {\n\t\t\t\t\t        \t\"@type\": \"Answer\",\n\t\t\t\t\t\t\t\t\"text\": \"The manuscript goes through the processes of: assessment, correction, layout, printing, distribution, promotion and marketing.\"\n\t\t\t\t\t\t\t}\n\t\t\t\t\t    }\n\t\t\t\t    \t\t\t\t    \n\t\t\t\t\t\t\t\t\t\t,{\n\t\t\t\t\t        \"@type\": \"Question\",\n\t\t\t\t\t        \"name\": \"How do publishers work when publishing a book?\",\n\t\t\t\t\t        \"acceptedAnswer\": {\n\t\t\t\t\t        \t\"@type\": \"Answer\",\n\t\t\t\t\t\t\t\t\"text\": \"There are three types of ways to work from a publisher. Self-publishing, traditional publishing and co-publishing.\"\n\t\t\t\t\t\t\t}\n\t\t\t\t\t    }\n\t\t\t\t    \t\t\t\t    \n\t\t\t\t\t\t\t\t\t\t,{\n\t\t\t\t\t        \"@type\": \"Question\",\n\t\t\t\t\t        \"name\": \"As a new author, what option do I choose?\",\n\t\t\t\t\t        \"acceptedAnswer\": {\n\t\t\t\t\t        \t\"@type\": \"Answer\",\n\t\t\t\t\t\t\t\t\"text\": \"It is recommended that you avoid self-publishing and let yourself be advised by a publisher that will guide you along the way so that there are no problems publishing the work\"\n\t\t\t\t\t\t\t}\n\t\t\t\t\t    }\n\t\t\t\t    \t\t\t\t    \n\t\t\t\t\t\t\t\t\t\t,{\n\t\t\t\t\t        \"@type\": \"Question\",\n\t\t\t\t\t        \"name\": \"How to publish a tennagers' book?\",\n\t\t\t\t\t        \"acceptedAnswer\": {\n\t\t\t\t\t        \t\"@type\": \"Answer\",\n\t\t\t\t\t\t\t\t\"text\": \"At BABIDI-B\u00da we will be happy to help you with the entire process to follow to publish a youth book. Access our website and contact us\"\n\t\t\t\t\t\t\t}\n\t\t\t\t\t    }\n\t\t\t\t    \t\t\t\t    \n\t\t\t\t\t\t\t]\n\t    }\n    <\/script>    \n<\/section>\n\n\n\n\n\n\n\n\n\n\n\n<div id=\"contact-block_66fa4b0a3710228aa2d31839f3043368\" class=\"block-contact\">\n\t<div class=\"block-contact-txt\">\n\t\t<h2>Contact us<\/h2>\n\t\t<p>Call us or ask us to call you for advice.<\/p>\n\t<\/div>\n\t<div class=\"block-contact-items\">\n\t\t<div class=\"contact-item\">\n\t\t\t<a href=\"https:\/\/api.whatsapp.com\/send?phone=34653754771&#038;\" alt=\"Whatsapp Babidibu\" rel=\"nofollow noopener\" target=\"_blank\">\n\t\t\t\t<div class=\"contact-item-icon\">\n\t\t\t\t\t<i class=\"ri-whatsapp-line\"><\/i> \n\t\t\t\t<\/div>\n\t\t\t\t<div class=\"contact-item-txt\">\n\t\t\t\t\tWhatsApp\n\t\t\t\t<\/div>\n\t\t\t<\/a>\n\t\t<\/div>\n\t\t<div class=\"contact-item\">\n\t\t\t<a href=\"tel:+34653754771\" alt=\"Call Babidib\u00fa by phone\">\n\t\t\t\t<div class=\"contact-item-icon\">\n\t\t\t\t\t<i class=\"ri-smartphone-line\"><\/i>\n\t\t\t\t<\/div>\n\t\t\t\t<div class=\"contact-item-txt\">\n\t\t\t\tTelephone\t\t\t\t<\/div>\n\t\t\t<\/a>\n\t\t<\/div>\n\t\t<div class=\"contact-item\">\n\t\t\t<a href=\"https:\/\/www.babidibulibros.com\/publica-con-nosotros\/\">\n\t\t\t\t<div class=\"contact-item-icon\">\n\t\t\t\t\t<i class=\"ri-file-list-3-line\"><\/i>\n\t\t\t\t<\/div>\n\t\t\t\t<div class=\"contact-item-txt\">\n\t\t\t\t\tManuscript\t\t\t\t<\/div>\n\t\t\t<\/a>\n\t\t<\/div>\n\t<\/div>\n<\/div>","protected":false},"excerpt":{"rendered":"<p>An inescapable literary commitment to a generation that does not expect it What can be said about teenagers&#8217; literature that [&hellip;]<\/p>\n","protected":false},"author":3,"featured_media":0,"parent":0,"menu_order":115,"comment_status":"closed","ping_status":"closed","template":"","meta":{"_acf_changed":false,"content-type":"","footnotes":""},"class_list":["post-26007","page","type-page","status-publish","hentry"],"acf":[],"_links":{"self":[{"href":"https:\/\/www.babidibulibros.com\/en\/wp-json\/wp\/v2\/pages\/26007","targetHints":{"allow":["GET"]}}],"collection":[{"href":"https:\/\/www.babidibulibros.com\/en\/wp-json\/wp\/v2\/pages"}],"about":[{"href":"https:\/\/www.babidibulibros.com\/en\/wp-json\/wp\/v2\/types\/page"}],"author":[{"embeddable":true,"href":"https:\/\/www.babidibulibros.com\/en\/wp-json\/wp\/v2\/users\/3"}],"replies":[{"embeddable":true,"href":"https:\/\/www.babidibulibros.com\/en\/wp-json\/wp\/v2\/comments?post=26007"}],"version-history":[{"count":3,"href":"https:\/\/www.babidibulibros.com\/en\/wp-json\/wp\/v2\/pages\/26007\/revisions"}],"predecessor-version":[{"id":75495,"href":"https:\/\/www.babidibulibros.com\/en\/wp-json\/wp\/v2\/pages\/26007\/revisions\/75495"}],"wp:attachment":[{"href":"https:\/\/www.babidibulibros.com\/en\/wp-json\/wp\/v2\/media?parent=26007"}],"curies":[{"name":"wp","href":"https:\/\/api.w.org\/{rel}","templated":true}]}}