{"id":27973,"date":"2022-09-27T10:57:02","date_gmt":"2022-09-27T08:57:02","guid":{"rendered":"https:\/\/babidibu.desarrollotrevenque.com\/una-empresa-socialmente-responsable\/"},"modified":"2022-11-29T16:55:51","modified_gmt":"2022-11-29T15:55:51","slug":"a-socially-responsible-company","status":"publish","type":"page","link":"https:\/\/www.babidibulibros.com\/en\/a-socially-responsible-company\/","title":{"rendered":"A Socially Responsible Company"},"content":{"rendered":"\n<p>The <strong>Human Factor<\/strong> and <strong>Social Responsibility (SR)<\/strong> are key elements at BABIDI-B\u00da. We have adopted the 2030 Agenda as our strategic framework and we share the <strong>UN Sustainable Development Goals<\/strong>, such as the end of poverty and zero hunger, health and well-being, quality education and gender equality, among others.<\/p>\n\n\n\n<p>Our efforts are aimed at supporting all non-profit organisations in Spain that ask us to <strong>donate children\u2019s and young people\u2019s books<\/strong> for projects to support reading. Among many other associations, we collaborate with different non-profit organisations such as <strong>El Gancho Foundation, UNICEF, Educo and Cruz Roja<\/strong>.<\/p>\n\n\n\n<figure class=\"wp-block-image size-large\"><img decoding=\"async\" src=\"https:\/\/www.babidibulibros.com\/wp-content\/uploads\/2021\/01\/objetivos-de-responsabilidad-social-babidibu__3-1-1110x555.png\" alt=\"\" class=\"wp-image-4632\"\/><\/figure>\n\n\n\n<h2 class=\"wp-block-heading\">End of poverty and zero hunger<\/h2>\n\n\n\n<h3 class=\"wp-block-heading\">UNICEF<\/h3>\n\n\n\n<p>To promote the end of poverty and zero hunger in our society, we help in the great work that <strong>UNICEF <\/strong>does, allocating part of our profits to collaborate with them.<\/p>\n\n\n\n<h3 class=\"wp-block-heading\">Educo<\/h3>\n\n\n\n<p>BABIDI-B\u00da publishing house collaborates in <strong>Educo Association&#8217;s<\/strong> canteen grants, so that all children who need it have access to the school canteen in schools, where their food, education and protection are guaranteed.<\/p>\n\n\n\n<h2 class=\"wp-block-heading\">Quality education<\/h2>\n\n\n\n<h3 class=\"wp-block-heading\">Fundaci\u00f3n El Gancho<\/h3>\n\n\n\n<p>With our solidarity books, in which we donate royalties from sales, thanks to the help of selfless authors of great human stature, we collaborate with <strong>Fundaci\u00f3n El Gancho<\/strong>, which sets up special and wonderful projects as <strong>La Azotea Azul, el Sill\u00f3n Azul<\/strong> or <strong>Tu Casa Azul<\/strong>, aimed at helping hospitalised children and their family in Seville.<\/p>\n\n\n\n<p>Our last project is <em><strong>Los 13 asustadores profesionales m\u00e1s famosos de la historia<\/strong>, <\/em>a solidarity book written by journalists Laura Falc\u00f3 and Lorenzo Fern\u00e1ndez Bueno, inspired by the radio programme El Colegio Invisible on Onda Cero. The profits from this project go to the <strong>Tu Casa Azul project<\/strong>, or as they call it &#8216;a home away from home&#8217;, a house where families can live together with a common cause, the struggle to overcome the illness of their children.<\/p>\n\n\n\n<h2 class=\"wp-block-heading\">Promoting reading and writing among young people: Fundaci\u00f3n C\u00e1diz CF<\/h2>\n\n\n\n<p>Since 2020, BABIDI-B\u00da Publishing House has had an agreement with <strong>Fundaci\u00f3n C\u00e1diz CF<\/strong> to promote reading among young people.<\/p>\n\n\n\n<p>Within the framework of this agreement, BABIDI-B\u00da Publishing House has made <strong>multiple donations of books from its catalogue<\/strong>, destined for social programmes to promote reading.<\/p>\n\n\n\n<h3 class=\"wp-block-heading\">Storytelling competition \u201cCuento contigo\u201d<\/h3>\n\n\n\n<p>On the 110<sup>th<\/sup> anniversary of C\u00e1diz Football Club, BABIDI-B\u00da participated together with Fundaci\u00f3n C\u00e1diz CF and the <strong>network of municipal libraries<\/strong> in 2021 with the creative writing competition \u201cCuento contigo\u201d for the youngest with a real proposal for reading and sport.<\/p>\n\n\n\n<h3 class=\"wp-block-heading\">Fundaci\u00f3n Nuevo Futuro<\/h3>\n\n\n\n<p>Through C\u00e1diz CF, BABIDI-B\u00da Publishing House was able to donate a large number of copies to Asociaci\u00f3n Nuevo Futuro, a non-profit organisation whose aim is to <strong>foster children deprived of a family environment<\/strong>, as well as the protection and comprehensive development of children and adolescents.<\/p>\n\n\n\n<div class=\"wp-block-media-text alignwide is-stacked-on-mobile\"><figure class=\"wp-block-media-text__media\"><img loading=\"lazy\" decoding=\"async\" width=\"662\" height=\"496\" src=\"https:\/\/www.babidibulibros.com\/wp-content\/uploads\/2022\/09\/asociacion-gaditana-de-Alendoy.jpg\" alt=\"\" class=\"wp-image-26016 size-full\" srcset=\"https:\/\/www.babidibulibros.com\/wp-content\/uploads\/2022\/09\/asociacion-gaditana-de-Alendoy.jpg 662w, https:\/\/www.babidibulibros.com\/wp-content\/uploads\/2022\/09\/asociacion-gaditana-de-Alendoy-400x300.jpg 400w\" sizes=\"auto, (max-width: 662px) 100vw, 662px\" \/><\/figure><div class=\"wp-block-media-text__content\">\n<p class=\"has-large-font-size\"><strong>Alendoy<\/strong><\/p>\n\n\n\n<p>In the case of <strong>Asociaci\u00f3n Alendoy<\/strong>, the donation was destined to the toy library that this organisation has in the Barriada de la Paz neighbourhood in C\u00e1diz, where they attend to children at risk of social exclusion. The aim of this association is to pursue equality and social justice by developing socio-community and educational intervention programmes.<\/p>\n<\/div><\/div>\n\n\n\n<div class=\"wp-block-media-text alignwide has-media-on-the-right is-stacked-on-mobile\"><figure class=\"wp-block-media-text__media\"><img loading=\"lazy\" decoding=\"async\" width=\"555\" height=\"416\" src=\"https:\/\/www.babidibulibros.com\/wp-content\/uploads\/2021\/02\/662x372a_17103256donacion-libros.jpg\" alt=\"\" class=\"wp-image-8461 size-full\" srcset=\"https:\/\/www.babidibulibros.com\/wp-content\/uploads\/2021\/02\/662x372a_17103256donacion-libros.jpg 555w, https:\/\/www.babidibulibros.com\/wp-content\/uploads\/2021\/02\/662x372a_17103256donacion-libros-400x300.jpg 400w\" sizes=\"auto, (max-width: 555px) 100vw, 555px\" \/><\/figure><div class=\"wp-block-media-text__content\">\n<p class=\"has-large-font-size\"><strong>Nuevo Futuro<\/strong><\/p>\n\n\n\n<p>Another of the entities that have benefited from these donations has been <strong>Asociaci\u00f3n Nuevo Futuro<\/strong>, a non-profit organisation whose purpose is to foster children deprived of a family environment, as well as the protection and comprehensive development of children and adolecents.<\/p>\n<\/div><\/div>\n\n\n\n<div class=\"wp-block-media-text alignwide is-stacked-on-mobile\"><figure class=\"wp-block-media-text__media\"><img loading=\"lazy\" decoding=\"async\" width=\"662\" height=\"496\" src=\"https:\/\/www.babidibulibros.com\/wp-content\/uploads\/2022\/09\/Cruz-Roja-juventud.jpg\" alt=\"\" class=\"wp-image-26368 size-full\" srcset=\"https:\/\/www.babidibulibros.com\/wp-content\/uploads\/2022\/09\/Cruz-Roja-juventud.jpg 662w, https:\/\/www.babidibulibros.com\/wp-content\/uploads\/2022\/09\/Cruz-Roja-juventud-400x300.jpg 400w\" sizes=\"auto, (max-width: 662px) 100vw, 662px\" \/><\/figure><div class=\"wp-block-media-text__content\">\n<p class=\"has-large-font-size\"><strong>Cruz Roja<\/strong><\/p>\n\n\n\n<p>One of the beneficiary entities has been <strong>Cruz Roja<\/strong> for the <strong>PINEO programme<\/strong>, a project that Cruz Roja Juvenil develops with actions with children and young people in their free time, to promote social development and inclusion.<\/p>\n<\/div><\/div>\n\n\n\n<div class=\"wp-block-media-text alignwide has-media-on-the-right is-stacked-on-mobile\"><figure class=\"wp-block-media-text__media\"><img loading=\"lazy\" decoding=\"async\" width=\"555\" height=\"416\" src=\"https:\/\/www.babidibulibros.com\/wp-content\/uploads\/2022\/09\/Hospital-Universitario-Puerta-del-Mar-de-Cadiz.jpg\" alt=\"\" class=\"wp-image-26197 size-full\" srcset=\"https:\/\/www.babidibulibros.com\/wp-content\/uploads\/2022\/09\/Hospital-Universitario-Puerta-del-Mar-de-Cadiz.jpg 555w, https:\/\/www.babidibulibros.com\/wp-content\/uploads\/2022\/09\/Hospital-Universitario-Puerta-del-Mar-de-Cadiz-400x300.jpg 400w\" sizes=\"auto, (max-width: 555px) 100vw, 555px\" \/><\/figure><div class=\"wp-block-media-text__content\">\n<p class=\"has-large-font-size\"><strong>Hospital Puerta del Mar<\/strong><\/p>\n\n\n\n<p>Hospital Puerta del Mar also benefited from donations from BABIDI-B\u00da Publishing House. Specifically, the <strong>paediatric reading area of the hospital<\/strong> received the books with the aim of enriching the centre&#8217;s playroom and <strong>creating reading spaces on different floors<\/strong>.<\/p>\n<\/div><\/div>\n\n\n\n<div class=\"wp-block-media-text alignwide is-stacked-on-mobile\"><figure class=\"wp-block-media-text__media\"><img loading=\"lazy\" decoding=\"async\" width=\"555\" height=\"416\" src=\"https:\/\/www.babidibulibros.com\/wp-content\/uploads\/2022\/09\/Hospital-Universitario-Puerta-del-Mar-de-Cadiz2.jpg\" alt=\"\" class=\"wp-image-26200 size-full\" srcset=\"https:\/\/www.babidibulibros.com\/wp-content\/uploads\/2022\/09\/Hospital-Universitario-Puerta-del-Mar-de-Cadiz2.jpg 555w, https:\/\/www.babidibulibros.com\/wp-content\/uploads\/2022\/09\/Hospital-Universitario-Puerta-del-Mar-de-Cadiz2-400x300.jpg 400w\" sizes=\"auto, (max-width: 555px) 100vw, 555px\" \/><\/figure><div class=\"wp-block-media-text__content\">\n<p class=\"has-large-font-size\"><strong>Madre Coraje<\/strong><\/p>\n\n\n\n<p>The NGO <strong>Madre Coraje<\/strong> also received a donation of books from BABIDI-B\u00da. Madre Coraje is a non-governmental development organisation.\u00a0<\/p>\n<\/div><\/div>\n\n\n\n<div style=\"height:82px\" aria-hidden=\"true\" class=\"wp-block-spacer\"><\/div>\n\n\n\n<p>It should be noted that one of the main objectives is to encourage reading habits among young people and also to stimulate creativity and imagination through reading. <strong>BABIDI-B\u00da Publishing House<\/strong> and <strong>Fundaci\u00f3n C\u00e1diz CF<\/strong> have renewed the collaboration agreement in 2022 to continue working to promote reading among young people.<\/p>\n\n\n\n<h3 class=\"wp-block-heading\">Palabras para la Navidad<\/h3>\n\n\n\n<p>Palabras para la Navidad (Words for Christmas) is a project to promote reading and writing devised by <strong>Cadena SER&#8217;s Radio Sevilla<\/strong>, with the participation of BABIDI-B\u00da. The winners of the 2019 competition have been presented in this volume.<\/p>\n\n\n\n<h2 class=\"wp-block-heading\">Igualdad y diversidad, un objetivo real<\/h2>\n\n\n\n<h3 class=\"wp-block-heading\">A team with a woman&#8217;s soul<\/h3>\n\n\n\n<p>Both in our day-to-day work and in our creations, g<strong>ender equality and the visibility of diversity <\/strong>are very present in our work. Our team is a team with a woman&#8217;s soul, where feminine sensibility permeates every corner of our publishing house. Haven&#8217;t you met our team yet?<\/p>\n\n\n\n<h3 class=\"wp-block-heading\">Mev\u00e9s, more than just a collection<\/h3>\n\n\n\n<p>A collection aimed at giving <strong>visibility to alternatives and diverse choices<\/strong>, whose books will tell stories of sensitivity, sexual freedom and transgender feelings.<\/p>\n\n\n\n<h2 class=\"wp-block-heading\">Energ\u00eda asequible y no contaminante<\/h2>\n\n\n\n<p>Our social conscience is so deeply rooted in our team that each one of us is aware of how important small gestures are and that everything adds up. Thus, whenever possible we work with open windows, avoiding air conditioning or not going below 25\u00baC, every day at the end of the day, we turn off every computer, every screen, to avoid consuming residual energy. Of course, we recycle all our paper and documents, and we always offer our customers cloth bags.<\/p>\n\n\n\n<h2 class=\"wp-block-heading\">Decent work and economic growth<\/h2>\n\n\n\n<p>Decent work with flexible conditions is our philosophy. At BABIDI-B\u00da we are a big family that grows every year, making every day a rewarding experience and offering each worker the necessary alternatives for conciliation.<\/p>\n\n\n\n<h2 class=\"wp-block-heading\">Responsible production and life of terrestrial ecosystems<\/h2>\n\n\n\n<p>Our books are produced with <strong>100% ecological paper<\/strong>, whose origin is produced through recycling or by manufacturing pulp from sustainable forests and the inks are water-based, the most environmentally friendly from an environmental point of view, since only water is released in the drying process.<\/p>\n\n\n\n<h2 class=\"wp-block-heading\">Climate action and life of terrestrial ecosystems<\/h2>\n\n\n\n<p>Through our collection El planeta imaginario we want to instil care for the environment. The climate and environmental crisis that our planet is experiencing is a problem that concerns us all. Although, a priori, adults are the most aware of this situation, children also have an important role to play. It is necessary to teach them the value of the place where we live so that they learn to take care of our planet. A planet that we all clearly imagine, where principles such as respect, awareness, empathy and responsibility are shared by all its inhabitants, giving viability to future generations and different species.<\/p>\n\n\n\n<div id=\"contact-block_6364ec0798ca9\" class=\"block-contact\">\n\t<div class=\"block-contact-txt\">\n\t\t<h2>Contact us<\/h2>\n\t\t<p>Call us or ask us to call you for advice.<\/p>\n\t<\/div>\n\t<div class=\"block-contact-items\">\n\t\t<div class=\"contact-item\">\n\t\t\t<a href=\"https:\/\/api.whatsapp.com\/send?phone=34653754771&#038;\" alt=\"Whatsapp Babidibu\" rel=\"nofollow noopener\" target=\"_blank\">\n\t\t\t\t<div class=\"contact-item-icon\">\n\t\t\t\t\t<i class=\"ri-whatsapp-line\"><\/i> \n\t\t\t\t<\/div>\n\t\t\t\t<div class=\"contact-item-txt\">\n\t\t\t\t\tWhatsApp\n\t\t\t\t<\/div>\n\t\t\t<\/a>\n\t\t<\/div>\n\t\t<div class=\"contact-item\">\n\t\t\t<a href=\"tel:+34653754771\" alt=\"Call Babidib\u00fa by phone\">\n\t\t\t\t<div class=\"contact-item-icon\">\n\t\t\t\t\t<i class=\"ri-smartphone-line\"><\/i>\n\t\t\t\t<\/div>\n\t\t\t\t<div class=\"contact-item-txt\">\n\t\t\t\tTelephone\t\t\t\t<\/div>\n\t\t\t<\/a>\n\t\t<\/div>\n\t\t<div class=\"contact-item\">\n\t\t\t<a href=\"https:\/\/www.babidibulibros.com\/publica-con-nosotros\/\">\n\t\t\t\t<div class=\"contact-item-icon\">\n\t\t\t\t\t<i class=\"ri-file-list-3-line\"><\/i>\n\t\t\t\t<\/div>\n\t\t\t\t<div class=\"contact-item-txt\">\n\t\t\t\t\tManuscript\t\t\t\t<\/div>\n\t\t\t<\/a>\n\t\t<\/div>\n\t<\/div>\n<\/div>","protected":false},"excerpt":{"rendered":"<p>The Human Factor and Social Responsibility (SR) are key elements at BABIDI-B\u00da. We have adopted the 2030 Agenda as our [&hellip;]<\/p>\n","protected":false},"author":9,"featured_media":0,"parent":0,"menu_order":0,"comment_status":"closed","ping_status":"closed","template":"","meta":{"_acf_changed":false,"content-type":"","footnotes":""},"class_list":["post-27973","page","type-page","status-publish","hentry"],"acf":[],"_links":{"self":[{"href":"https:\/\/www.babidibulibros.com\/en\/wp-json\/wp\/v2\/pages\/27973","targetHints":{"allow":["GET"]}}],"collection":[{"href":"https:\/\/www.babidibulibros.com\/en\/wp-json\/wp\/v2\/pages"}],"about":[{"href":"https:\/\/www.babidibulibros.com\/en\/wp-json\/wp\/v2\/types\/page"}],"author":[{"embeddable":true,"href":"https:\/\/www.babidibulibros.com\/en\/wp-json\/wp\/v2\/users\/9"}],"replies":[{"embeddable":true,"href":"https:\/\/www.babidibulibros.com\/en\/wp-json\/wp\/v2\/comments?post=27973"}],"version-history":[{"count":3,"href":"https:\/\/www.babidibulibros.com\/en\/wp-json\/wp\/v2\/pages\/27973\/revisions"}],"predecessor-version":[{"id":28291,"href":"https:\/\/www.babidibulibros.com\/en\/wp-json\/wp\/v2\/pages\/27973\/revisions\/28291"}],"wp:attachment":[{"href":"https:\/\/www.babidibulibros.com\/en\/wp-json\/wp\/v2\/media?parent=27973"}],"curies":[{"name":"wp","href":"https:\/\/api.w.org\/{rel}","templated":true}]}}