{"id":28067,"date":"2020-12-15T13:53:22","date_gmt":"2020-12-15T12:53:22","guid":{"rendered":"https:\/\/babidibu.desarrollotrevenque.com\/tutoriales-para-escritores\/"},"modified":"2024-06-20T09:48:08","modified_gmt":"2024-06-20T07:48:08","slug":"tutorials-for-writers","status":"publish","type":"page","link":"https:\/\/www.babidibulibros.com\/en\/tutorials-for-writers\/","title":{"rendered":"Tutorials for writers"},"content":{"rendered":"\n<h2 class=\"wp-block-heading has-text-align-center\">The need for a platform that advises from experience<\/h2>\n\n\n\n<p>The process of editing and marketing a book go through different phases and has multiple nuances. Be provided with expert advise is essential. For all that, from BABIDI-B\u00da we have made <strong>video-tutorials<\/strong> answering the concerns that our authors have shown us. <\/p>\n\n\n\n<p>All of them have the same interest: ease the way clarifying where to put, or not, our effort in each phase of the process. We are open to solve all your questions with our videos. <strong>Tell us what worries you and we will find the clearest way to resolve your concern<\/strong>. <\/p>\n\n\n\n<div id=\"video-block_56d13b1e784ad58f899766616f8a42db\" class=\"block-video video\">\n\t<div class=\"media-object\">\n\t\t<div class=\"media-object-item media-object-copy\">\n\t\t\t<div class=\"media-object-copy-body\">\n\t\t\t\t<h2>BABIDI-B\u00da, because dreams come true!<\/h2>\n\t\t\t\t<p><p>Our proofreader\u00a0Maite Nieto will solve some important questions such as how long does the editing process take, which date is the best for a children or juvenile book release, how a work is corrected&#8230;<\/p>\n<p>Enjoy this explanatory videos and remember that dreams come true<\/p>\n<p>&nbsp;<\/p>\n<\/p>\n\t\t\t\t<a class=\"link\" href=\"https:\/\/www.babidibulibros.com\/en\/publish-with-us\/\">I also want to publish my book<\/a>\n\t\t\t<\/div>\n\t\t<\/div>\n\t\t<figure class=\"media-object-item media-object-media js-trigger-video-modal-video-block_56d13b1e784ad58f899766616f8a42db\">\n\t\t\t\t\t\t\t<img decoding=\"async\" class=\"media-object-media-img\" src=\"https:\/\/www.babidibulibros.com\/wp-content\/uploads\/2022\/09\/DSC09036-scaled.jpg\" \/>\n\t\t\t\t\t\t\t\n\t\t<\/figure>\n\t<\/div>\n<\/div>  \n\t\n\n<style>\n\t.show-video-modal-video-block_56d13b1e784ad58f899766616f8a42db #modal_video-block_56d13b1e784ad58f899766616f8a42db {\n\t\topacity: 1.0;\n\t\t-webkit-transform: translate(0%,0%);\n\t\t\t-ms-transform: translate(0%,0%);\n\t\t\t\ttransform: translate(0%,0%);\n\t}\n\t.show-video-modal-video-block_56d13b1e784ad58f899766616f8a42db #modal_video-block_56d13b1e784ad58f899766616f8a42db .overlay {\n\t\topacity: 1.0;\n\t}\n\t.show-video-modal-video-block_56d13b1e784ad58f899766616f8a42db #modal_video-block_56d13b1e784ad58f899766616f8a42db .video-modal-content {\n\t\t-webkit-transform: translate(0%,0%);\n\t\t\t-ms-transform: translate(0%,0%);\n\t\t\t\ttransform: translate(0%,0%);\n\t}\n<\/style>\n\t\n\n\n<h3 class=\"wp-block-heading\">The importance of social networks for authors. How to do it?<\/h3>\n\n\n\n<div class=\"wp-block-buttons is-layout-flex wp-block-buttons-is-layout-flex\">\n<div class=\"wp-block-button\"><a class=\"wp-block-button__link wp-element-button\" href=\"https:\/\/www.youtube.com\/watch?v=TSymaTZHydo\" target=\"_blank\" rel=\"noreferrer noopener nofollow\">V\u00eddeo: La importancia de las redes sociales para los autores<\/a><\/div>\n<\/div>\n\n\n\n<h3 class=\"wp-block-heading\">Why should your work be registered at the Intellectual Property Register?<\/h3>\n\n\n\n<div class=\"wp-block-buttons is-layout-flex wp-block-buttons-is-layout-flex\">\n<div class=\"wp-block-button\"><a class=\"wp-block-button__link wp-element-button\" href=\"https:\/\/www.youtube.com\/watch?v=SkTFen_lp9U\" target=\"_blank\" rel=\"noreferrer noopener nofollow\">V\u00eddeo: \u00bfPor qu\u00e9 una obra debe estar registrada en el Registro de la Propiedad Intelectual?<\/a><\/div>\n<\/div>\n\n\n\n<h3 class=\"wp-block-heading\">Why should authors join CEDRO? What is CEDRO?<\/h3>\n\n\n\n<div class=\"wp-block-buttons is-layout-flex wp-block-buttons-is-layout-flex\">\n<div class=\"wp-block-button\"><a class=\"wp-block-button__link wp-element-button\" href=\"https:\/\/www.youtube.com\/watch?v=Lr5Tk0zFpGQ\" target=\"_blank\" rel=\"noreferrer noopener nofollow\">V\u00eddeo: Por qu\u00e9 los autores deben asociarse a CEDRO? \u00bfQu\u00e9 es CEDRO?<\/a><\/div>\n<\/div>\n\n\n\n<h3 class=\"wp-block-heading\">Which date is the best for a children or juvenile book release<\/h3>\n\n\n\n<div class=\"wp-block-buttons is-layout-flex wp-block-buttons-is-layout-flex\">\n<div class=\"wp-block-button\"><a class=\"wp-block-button__link wp-element-button\" href=\"https:\/\/www.youtube.com\/watch?v=sOXmaLO9VKQ\" target=\"_blank\" rel=\"noreferrer noopener nofollow\">V\u00eddeo: La mejor fecha para lanzar un libro infantil o juvenil<\/a><\/div>\n<\/div>\n\n\n\n<h3 class=\"wp-block-heading\">Tips to start promoting a book: types of events<\/h3>\n\n\n\n<div class=\"wp-block-buttons is-layout-flex wp-block-buttons-is-layout-flex\">\n<div class=\"wp-block-button\"><a class=\"wp-block-button__link wp-element-button\" href=\"https:\/\/www.youtube.com\/watch?v=Pm-R-sY1s2s\" target=\"_blank\" rel=\"noreferrer noopener nofollow\">V\u00eddeo: Consejos para comenzar a promocionar un libro: tipos de actos y eventos<\/a><\/div>\n<\/div>\n\n\n\n<h3 class=\"wp-block-heading\">The dissemination of a book. A joint effort between author and publishing house<\/h3>\n\n\n\n<div class=\"wp-block-buttons is-layout-flex wp-block-buttons-is-layout-flex\">\n<div class=\"wp-block-button\"><a class=\"wp-block-button__link wp-element-button\" href=\"https:\/\/www.youtube.com\/watch?v=Sp5vuovHvQo\" target=\"_blank\" rel=\"noreferrer noopener nofollow\">V\u00eddeo: La difusi\u00f3n de un libro. Una labor conjunta entre autor y editorial<\/a><\/div>\n<\/div>\n\n\n\n<h3 class=\"wp-block-heading\">Duration of the editing process of a children book, does it took too long sometimes?<\/h3>\n\n\n\n<div class=\"wp-block-buttons is-layout-flex wp-block-buttons-is-layout-flex\">\n<div class=\"wp-block-button\"><a class=\"wp-block-button__link wp-element-button\" href=\"https:\/\/www.youtube.com\/watch?v=1KUL05PTpEk\" target=\"_blank\" rel=\"noreferrer noopener nofollow\">V\u00eddeo: Duraci\u00f3n del proceso de edici\u00f3n de un libro infantil, \u00bfa veces es muy largo?<\/a><\/div>\n<\/div>\n\n\n\n<div id=\"contact-block_f3466bee8d40d60a8dc95022249ec49d\" class=\"block-contact\">\n\t<div class=\"block-contact-txt\">\n\t\t<h2>Contact us<\/h2>\n\t\t<p>Call us or ask us to call you for advice.<\/p>\n\t<\/div>\n\t<div class=\"block-contact-items\">\n\t\t<div class=\"contact-item\">\n\t\t\t<a href=\"https:\/\/api.whatsapp.com\/send?phone=34653754771&#038;\" alt=\"Whatsapp Babidibu\" rel=\"nofollow noopener\" target=\"_blank\">\n\t\t\t\t<div class=\"contact-item-icon\">\n\t\t\t\t\t<i class=\"ri-whatsapp-line\"><\/i> \n\t\t\t\t<\/div>\n\t\t\t\t<div class=\"contact-item-txt\">\n\t\t\t\t\tWhatsApp\n\t\t\t\t<\/div>\n\t\t\t<\/a>\n\t\t<\/div>\n\t\t<div class=\"contact-item\">\n\t\t\t<a href=\"tel:+34653754771\" alt=\"Call Babidib\u00fa by phone\">\n\t\t\t\t<div class=\"contact-item-icon\">\n\t\t\t\t\t<i class=\"ri-smartphone-line\"><\/i>\n\t\t\t\t<\/div>\n\t\t\t\t<div class=\"contact-item-txt\">\n\t\t\t\tTelephone\t\t\t\t<\/div>\n\t\t\t<\/a>\n\t\t<\/div>\n\t\t<div class=\"contact-item\">\n\t\t\t<a href=\"https:\/\/www.babidibulibros.com\/publica-con-nosotros\/\">\n\t\t\t\t<div class=\"contact-item-icon\">\n\t\t\t\t\t<i class=\"ri-file-list-3-line\"><\/i>\n\t\t\t\t<\/div>\n\t\t\t\t<div class=\"contact-item-txt\">\n\t\t\t\t\tManuscript\t\t\t\t<\/div>\n\t\t\t<\/a>\n\t\t<\/div>\n\t<\/div>\n<\/div>","protected":false},"excerpt":{"rendered":"<p>The need for a platform that advises from experience The process of editing and marketing a book go through different [&hellip;]<\/p>\n","protected":false},"author":4,"featured_media":0,"parent":0,"menu_order":57,"comment_status":"closed","ping_status":"closed","template":"","meta":{"_acf_changed":false,"content-type":"","footnotes":""},"class_list":["post-28067","page","type-page","status-publish","hentry"],"acf":[],"_links":{"self":[{"href":"https:\/\/www.babidibulibros.com\/en\/wp-json\/wp\/v2\/pages\/28067","targetHints":{"allow":["GET"]}}],"collection":[{"href":"https:\/\/www.babidibulibros.com\/en\/wp-json\/wp\/v2\/pages"}],"about":[{"href":"https:\/\/www.babidibulibros.com\/en\/wp-json\/wp\/v2\/types\/page"}],"author":[{"embeddable":true,"href":"https:\/\/www.babidibulibros.com\/en\/wp-json\/wp\/v2\/users\/4"}],"replies":[{"embeddable":true,"href":"https:\/\/www.babidibulibros.com\/en\/wp-json\/wp\/v2\/comments?post=28067"}],"version-history":[{"count":2,"href":"https:\/\/www.babidibulibros.com\/en\/wp-json\/wp\/v2\/pages\/28067\/revisions"}],"predecessor-version":[{"id":75090,"href":"https:\/\/www.babidibulibros.com\/en\/wp-json\/wp\/v2\/pages\/28067\/revisions\/75090"}],"wp:attachment":[{"href":"https:\/\/www.babidibulibros.com\/en\/wp-json\/wp\/v2\/media?parent=28067"}],"curies":[{"name":"wp","href":"https:\/\/api.w.org\/{rel}","templated":true}]}}