{"id":21313,"date":"2020-06-16T09:37:43","date_gmt":"2020-06-16T07:37:43","guid":{"rendered":"https:\/\/babidibu.desarrollotrevenque.com\/historia-de-babidibu\/"},"modified":"2023-02-24T14:45:28","modified_gmt":"2023-02-24T13:45:28","slug":"storia-di-babidibu","status":"publish","type":"page","link":"https:\/\/www.babidibulibros.com\/it\/storia-di-babidibu\/","title":{"rendered":"La nostra storia felice"},"content":{"rendered":"\n<h2 class=\"wp-block-heading\">Sappiamo quanto siano difficili gli inizi<\/h2>\n\n\n\n<p>Fin dall&#8217;inizio, autori senza esperienza sono venuti da noi con il loro primo libro facendoci accorgere che nel mercato dell&#8217;editoria <strong>non esisteva etichetta<\/strong> che si adattasse alle <strong>esigenze specifiche di un nuovo autore<\/strong>, riservandogli un <strong>trattamento personalizzato<\/strong> e <strong>specifico<\/strong>; Perch\u00e9 quando inizi in questo <em>mondo<\/em>, non sai dove andare, non sai cosa ti si addice di pi\u00f9\u2026 e <strong>una decisione presa male, o presa alla leggera, fa la differenza tra il successo del tuo libro o meno.<\/strong><\/p>\n\n\n\n<figure class=\"wp-block-image size-large\"><img loading=\"lazy\" decoding=\"async\" width=\"1110\" height=\"764\" src=\"https:\/\/www.babidibulibros.com\/wp-content\/uploads\/2022\/11\/Babidibu-089_edit-1110x764.png\" alt=\"\" class=\"wp-image-28149\" srcset=\"https:\/\/www.babidibulibros.com\/wp-content\/uploads\/2022\/11\/Babidibu-089_edit-1110x764.png 1110w, https:\/\/www.babidibulibros.com\/wp-content\/uploads\/2022\/11\/Babidibu-089_edit-436x300.png 436w, https:\/\/www.babidibulibros.com\/wp-content\/uploads\/2022\/11\/Babidibu-089_edit-768x529.png 768w, https:\/\/www.babidibulibros.com\/wp-content\/uploads\/2022\/11\/Babidibu-089_edit-1536x1058.png 1536w, https:\/\/www.babidibulibros.com\/wp-content\/uploads\/2022\/11\/Babidibu-089_edit.png 1950w\" sizes=\"auto, (max-width: 1110px) 100vw, 1110px\" \/><\/figure>\n\n\n\n<p>Nel 2001, un gruppo di insegnanti preoccupati a lavorare per il miglioramento della societ\u00e0 in cui viviamo e la promozione dei valori nei nostri bambini attraverso la letteratura per l&#8217;infanzia e la giovent\u00f9 si \u00e8 riunito e ha creato <em>Mater Ediciones<\/em>, al fine di aiutare gli autori con queste stesse preoccupazioni a pubblicare i loro libri.<\/p>\n\n\n\n<p>Quei primi anni sono serviti per imparare molto sul mondo dell&#8217;editoria. Eravamo molto motivati \u200b\u200be credevamo in quello che stavamo facendo. Abbiamo raggiunto grandi traguardi:<\/p>\n\n\n\n<ul class=\"wp-block-list\">\n<li>Abbiamo ottenuto il riconoscimento del Ministero della Cultura e del Ministero dell&#8217;Istruzione della Giunta di Andaluc\u00eda e hanno scelto le nostre opere per rifornire le biblioteche pubbliche di tutte le citt\u00e0 e comuni dell&#8217;Andalusia.<\/li>\n\n\n\n<li>Le nostra pubblicazioni sono state riconosciute non solo in Spagna ma anche in Sud America.<\/li>\n<\/ul>\n\n\n\n<p>Ma nel 2013 \u00e8 arrivata la crisi e stavamo per chiudere la casa editrice. Ci spezzava il cuore dover mettere fine a un progetto cos\u00ec utile e necessario per la societ\u00e0 e per il mercato, cos\u00ec come non avere pi\u00f9 la possibilit\u00e0 di dare spazio e aiutare nuovi autori a pubblicare il loro primo libro\u2026 ma purtroppo, il modello era insostenibile.<\/p>\n\n\n\n<blockquote class=\"wp-block-quote is-style-large is-style-plain has-medium-font-size is-layout-flow wp-block-quote-is-layout-flow\">\n<p>Ogni giorno ricevevamo dozzine di manoscritti da autori novelli, la maggior parte dei quali erano progetti davvero validi&#8230; tuttavia, non era pi\u00f9 possibile pubblicarli per motivi finanziari.<\/p>\n<\/blockquote>\n\n\n\n<figure class=\"wp-block-image size-full\"><img loading=\"lazy\" decoding=\"async\" width=\"1110\" height=\"740\" src=\"https:\/\/www.babidibulibros.com\/wp-content\/uploads\/2023\/02\/Babidibu-070-1.png\" alt=\"\" class=\"wp-image-56177\" srcset=\"https:\/\/www.babidibulibros.com\/wp-content\/uploads\/2023\/02\/Babidibu-070-1.png 1110w, https:\/\/www.babidibulibros.com\/wp-content\/uploads\/2023\/02\/Babidibu-070-1-450x300.png 450w, https:\/\/www.babidibulibros.com\/wp-content\/uploads\/2023\/02\/Babidibu-070-1-768x512.png 768w\" sizes=\"auto, (max-width: 1110px) 100vw, 1110px\" \/><\/figure>\n\n\n\n<p>Poi, come un angelo, uno <strong>scrittore <\/strong>\u00e8 apparso alla porta e ci ha offerto una <strong>soluzione<\/strong>. Voleva a tutti i costi pubblicare con noi perch\u00e9 aveva sentito parlare delle esperienze di altri autori che avevano pubblicato con noi e non voleva contemplare nessun&#8217;altra casa editrice. Era proprio quello di cui aveva bisogno: un editore esperto che lavorasse fianco a fianco con lui per ottenere il meglio dal suo lavoro e garantire un prodotto finale di alta qualit\u00e0.<\/p>\n\n\n\n<div id=\"fwimage-block_f623f03afea75b46e75b3fe6c8186a39\" class=\"block-fwimage\">\n    <div class=\"container\">\n        <div class=\"row\">\n            <div class=\"block-fwimage-img-p parallax\">\n\t\t\t\t            <\/div>\n            <div class=\"block-fwimage-img\">\n\t\t\t\t\t\t\t\t    <img decoding=\"async\" src=\"https:\/\/www.babidibulibros.com\/wp-content\/uploads\/2023\/02\/BabuBBB.png\" \/>\n\t\t\t\t            <\/div>\n            <div class=\"col-lg-6\"><\/div>\n            <div class=\"col-lg-6\">\n\t\t\t\t<p><!-- wp:paragraph --><\/p>\n<p>Poich\u00e9 non era un autore noto e sapeva quanto fosse difficile per una casa editrice fidarsi del suo lavoro e investirvi senza avere garanzia di guadagno, <strong>ci propose di acquistare lui stesso alcuni suoi libri e di cominciare a venderli nel suo &#8220;giro di conoscenze&#8221; pi\u00f9 strette. <\/strong>Da parte nostra, abbiamo organizzato gli eventi necessari per farlo, consigliandolo ed affiancandolo durante tutto il processo.<\/p>\n<p><span style=\"font-size: 1rem\">Cos\u00ec abbiamo potuto prendere in carico il suo interessante progetto, perch\u00e9 era economicamente valido e ha rapidamente recuperato l&#8217;investimento. L&#8217;esperienza si \u00e8 rivelata un successo.<\/span><\/p>\n<p>\u00c8 cos\u00ec che abbiamo ideato e perfezionato , per caso, un <strong>modello<\/strong> <strong>sostenibile<\/strong> in cui i nuovi autori potessero contare su una casa editrice che garantisse loro un prodotto finale di <strong>alta<\/strong> <strong>qualit\u00e0<\/strong>.\u00a0 Noi, dall&#8217;altro canto, potemmo continuare a fornire questo utilissimo servizio, senza mettere in pericolo la nostra struttura.<\/p>\n<p><!-- \/wp:paragraph --><\/p>\n<p><!-- \/wp:paragraph --><\/p>\n                \t\t\t\t    <a class=\"link\" href=\"https:\/\/www.babidibulibros.com\/it\/contattaci\/\">Pubblica con noi<\/a>\n                            <\/div>\n        <\/div>\n    <\/div>\n<\/div>\n\n\n<h2 class=\"wp-block-heading\">Gli autori che gi\u00e0 ci conoscono apprezzano ci\u00f2 che facciamo e come lo facciamo<\/h2>\n\n\n\n<p>Da allora abbiamo pubblicato pi\u00f9 di <strong>400 libri di nuovi autori<\/strong>. Molti di loro hanno poi continuato a pubblicare il resto dei loro libri con noi.<\/p>\n\n\n\n<p>A differenza di un editore grande e apatico, in <strong>BABIDI-B\u00da<\/strong> siamo attualmente un team di <strong>11 persone<\/strong>, supportate a loro volta da una rete di collaboratori in tutte le aree ed ognuno di noi attribuisce grande importanza a un <strong>trattamento personalizzato e ravvicinato<\/strong>. Vogliamo che tu ti senta accolto e assistito in ogni momento in modo da vivere un&#8217;esperienza piacevole e arricchente.<\/p>\n\n\n\n<p>I nostri autori apprezzano molto anche il fatto che lavoriamo mano nella mano con loro durante tutto il processo, <strong>avendo un profondo rispetto per i loro criteri<\/strong> (ovviamente, consigliando sempre a favore di ci\u00f2 che \u00e8 meglio per il libro, data la nostra conoscenza ed esperienza). Sappiamo che molti editori modificano il manoscritto da cima a fondo senza tener conto del parere dell&#8217;autore e senza nemmeno consultarlo. Per noi \u00e8 impensabile. Siamo d&#8217;accordo sull&#8217; eventuale miglioramento di alcune parti, a patto che sia discusso direttamente con lo scrittore, fino a raggiungere il risultato atteso da entrambe le parti.<\/p>\n\n\n\n<p>Per questo i nostri autori sono molto contenti della <strong>qualit\u00e0 finale del prodotto<\/strong>, dell&#8217;edizione stessa e delle illustrazioni (che forniamo in caso in cui l&#8217;autore non sappia a chi rivolgersi). <\/p>\n\n\n\n<p>E infine, vogliamo dirvi che i nostri autori sono molto grati per tutto il <strong>valore aggiunto<\/strong> che portiamo loro quando decidono di affidarsi a noi, ottenuto, ad esempio attraverso la possibilit\u00e0 di accedere e partecipare alla <strong>piattaforma StoryRocket<\/strong>, in aggiunta a tutte le altre sorprese che riserviamo ai nostri clienti. Non vogliamo attenerci al modello semplice di progetto editoriale, il nostro obiettivo \u00e8 <strong>aggiungere<\/strong> molto pi\u00f9 <strong>valore<\/strong>.<\/p>\n\n\n\n<p>L&#8217;intero processo e l&#8217;intera esperienza fanno in modo che, nella maggior parte dei casi, gli autori che pubblicano per la prima volta con noi, continuino a sceglierci per la pubblicazione delle loro opere successive. <\/p>\n\n\n\n<hr class=\"wp-block-separator has-css-opacity\"\/>\n\n\n\n<section id=\"faq-block_4d0e1333c9f7f105a00db45b3796d708\" class=\"section section-faqs faq\">\n\t<div class=\"container\">\n\t\t\t\t\t<div class=\"accordion\" id=\"accordionFAQ\">\n\t\t\t\t\t\t\t         <div class=\"card\">\n\t\t\t            <div class=\"card-header\" id=\"heading-1\">\n\t\t\t               <button class=\"collapsed\" type=\"button\" data-toggle=\"collapse\" data-target=\"#collapse-1\" aria-expanded=\"false\" aria-controls=\"collapse-1\">\n\t\t\t               <span>Chi siamo?<\/span>\n\t\t\t               <\/button>\n\t\t\t            <\/div>\n\t\t\t            <div id=\"collapse-1\" class=\"collapse\" aria-labelledby=\"heading-1\" data-parent=\"#accordionFAQ\" style=\"\">\n\t\t\t               <div class=\"card-body\">\n\t\t\t                  Editoriale BABIDI-B\u00da \u00e8 un editore specializzato in libri per bambini e adolescenti, che d\u00e0 spazio ad un gran numero di autori di talento, anche se novelli.\t\t\t               <\/div>\n\t\t\t            <\/div>\n\t\t\t         <\/div>\n\t\t\t\t\t\t\t         <div class=\"card\">\n\t\t\t            <div class=\"card-header\" id=\"heading-2\">\n\t\t\t               <button class=\"collapsed\" type=\"button\" data-toggle=\"collapse\" data-target=\"#collapse-2\" aria-expanded=\"false\" aria-controls=\"collapse-2\">\n\t\t\t               <span>Come lavoriamo?<\/span>\n\t\t\t               <\/button>\n\t\t\t            <\/div>\n\t\t\t            <div id=\"collapse-2\" class=\"collapse\" aria-labelledby=\"heading-2\" data-parent=\"#accordionFAQ\" style=\"\">\n\t\t\t               <div class=\"card-body\">\n\t\t\t                  Operiamo fianco a fianco con gli autori durante tutto il processo, avendo un profondo rispetto per i loro criteri ed opinioni: dal ricevimento del manoscritto alla sua successiva vendita.\t\t\t               <\/div>\n\t\t\t            <\/div>\n\t\t\t         <\/div>\n\t\t\t\t\t\t\t         <div class=\"card\">\n\t\t\t            <div class=\"card-header\" id=\"heading-3\">\n\t\t\t               <button class=\"collapsed\" type=\"button\" data-toggle=\"collapse\" data-target=\"#collapse-3\" aria-expanded=\"false\" aria-controls=\"collapse-3\">\n\t\t\t               <span>Perch\u00e9 scegliere la casa editrice BABIDI-B\u00da per pubblicare il tuo libro?<\/span>\n\t\t\t               <\/button>\n\t\t\t            <\/div>\n\t\t\t            <div id=\"collapse-3\" class=\"collapse\" aria-labelledby=\"heading-3\" data-parent=\"#accordionFAQ\" style=\"\">\n\t\t\t               <div class=\"card-body\">\n\t\t\t                  Perch\u00e9 ti accompagner\u00e0 durante tutto il processo dalla ricezione dell&#8217;opera alla sua distribuzione. Il nostro team di professionisti sar\u00e0 sempre con te, accompagnandoti durante tutti i passaggi e tutte le procedure da svolgere.\t\t\t               <\/div>\n\t\t\t            <\/div>\n\t\t\t         <\/div>\n\t\t\t\t\t\t\t         <div class=\"card\">\n\t\t\t            <div class=\"card-header\" id=\"heading-4\">\n\t\t\t               <button class=\"collapsed\" type=\"button\" data-toggle=\"collapse\" data-target=\"#collapse-4\" aria-expanded=\"false\" aria-controls=\"collapse-4\">\n\t\t\t               <span>Questo business model ha successo?<\/span>\n\t\t\t               <\/button>\n\t\t\t            <\/div>\n\t\t\t            <div id=\"collapse-4\" class=\"collapse\" aria-labelledby=\"heading-4\" data-parent=\"#accordionFAQ\" style=\"\">\n\t\t\t               <div class=\"card-body\">\n\t\t\t                  Si. Storicamente, abbiamo realizzato pi\u00f9 di 400 libri di nuovi autori e non solo, molti di questi hanno poi continuato a pubblicare il resto delle loro opere con noi. Giorno dopo giorno continuiamo a ricevere decine di manoscritti da scrittori novelli di romanzi, che decidono di pubblicare con BABIDI-B\u00da\t\t\t               <\/div>\n\t\t\t            <\/div>\n\t\t\t         <\/div>\n\t\t\t\t\t\t\t         <div class=\"card\">\n\t\t\t            <div class=\"card-header\" id=\"heading-5\">\n\t\t\t               <button class=\"collapsed\" type=\"button\" data-toggle=\"collapse\" data-target=\"#collapse-5\" aria-expanded=\"false\" aria-controls=\"collapse-5\">\n\t\t\t               <span>Qual \u00e8 la cosa pi\u00f9 importante per BABIDI-B\u00da?<\/span>\n\t\t\t               <\/button>\n\t\t\t            <\/div>\n\t\t\t            <div id=\"collapse-5\" class=\"collapse\" aria-labelledby=\"heading-5\" data-parent=\"#accordionFAQ\" style=\"\">\n\t\t\t               <div class=\"card-body\">\n\t\t\t                  La soddisfazione dell&#8217;autore del suo lavoro. Coccoliamo ogni progetto come se fosse il nostro. Il team di 11 esperti di BABIDI-B\u00da ti consiglier\u00e0 e ti accompagner\u00e0 durante tutto il processo, tenendo sempre in considerazione la tua opinione.\t\t\t               <\/div>\n\t\t\t            <\/div>\n\t\t\t         <\/div>\n\t\t\t\t\t\t\t<\/div>\n\t\t\t\t<div class=\"text-center support-text\">\n\t\t\t<p>Hai altre domande? <a href=\"https:\/\/www.babidibulibros.com\/contacto\/\">Contattaci<\/a><\/p> \n\t\t<\/div>\n\t<\/div>\n\t<script type=\"application\/ld+json\">\n\t\t{\n\t    \t\"@context\": \"https:\/\/schema.org\",\n\t\t\t\"@type\": \"FAQPage\",\n\t\t\t\"mainEntity\": [\n\t\t\t\t\t\t\t\t\t{\n\t\t\t\t        \"@type\": \"Question\",\n\t\t\t\t        \"name\": \"Chi siamo?\",\n\t\t\t\t        \"acceptedAnswer\": {\n\t\t\t\t        \t\"@type\": \"Answer\",\n\t\t\t\t\t\t\t\"text\": \"Editoriale BABIDI-B\u00da \u00e8 un editore specializzato in libri per bambini e adolescenti, che d\u00e0 spazio ad un gran numero di autori di talento, anche se novelli.\"\n\t\t\t\t\t\t}\n\t\t\t\t    }\n\t\t\t\t    \t\t\t\t    \n\t\t\t\t\t\t\t\t\t\t,{\n\t\t\t\t\t        \"@type\": \"Question\",\n\t\t\t\t\t        \"name\": \"Come lavoriamo?\",\n\t\t\t\t\t        \"acceptedAnswer\": {\n\t\t\t\t\t        \t\"@type\": \"Answer\",\n\t\t\t\t\t\t\t\t\"text\": \"Operiamo fianco a fianco con gli autori durante tutto il processo, avendo un profondo rispetto per i loro criteri ed opinioni: dal ricevimento del manoscritto alla sua successiva vendita.\"\n\t\t\t\t\t\t\t}\n\t\t\t\t\t    }\n\t\t\t\t    \t\t\t\t    \n\t\t\t\t\t\t\t\t\t\t,{\n\t\t\t\t\t        \"@type\": \"Question\",\n\t\t\t\t\t        \"name\": \"Perch\u00e9 scegliere la casa editrice BABIDI-B\u00da per pubblicare il tuo libro?\",\n\t\t\t\t\t        \"acceptedAnswer\": {\n\t\t\t\t\t        \t\"@type\": \"Answer\",\n\t\t\t\t\t\t\t\t\"text\": \"Perch\u00e9 ti accompagner\u00e0 durante tutto il processo dalla ricezione dell'opera alla sua distribuzione. Il nostro team di professionisti sar\u00e0 sempre con te, accompagnandoti durante tutti i passaggi e tutte le procedure da svolgere.\"\n\t\t\t\t\t\t\t}\n\t\t\t\t\t    }\n\t\t\t\t    \t\t\t\t    \n\t\t\t\t\t\t\t\t\t\t,{\n\t\t\t\t\t        \"@type\": \"Question\",\n\t\t\t\t\t        \"name\": \"Questo business model ha successo?\",\n\t\t\t\t\t        \"acceptedAnswer\": {\n\t\t\t\t\t        \t\"@type\": \"Answer\",\n\t\t\t\t\t\t\t\t\"text\": \"Si. Storicamente, abbiamo realizzato pi\u00f9 di 400 libri di nuovi autori e non solo, molti di questi hanno poi continuato a pubblicare il resto delle loro opere con noi. Giorno dopo giorno continuiamo a ricevere decine di manoscritti da scrittori novelli di romanzi, che decidono di pubblicare con BABIDI-B\u00da\"\n\t\t\t\t\t\t\t}\n\t\t\t\t\t    }\n\t\t\t\t    \t\t\t\t    \n\t\t\t\t\t\t\t\t\t\t,{\n\t\t\t\t\t        \"@type\": \"Question\",\n\t\t\t\t\t        \"name\": \"Qual \u00e8 la cosa pi\u00f9 importante per BABIDI-B\u00da?\",\n\t\t\t\t\t        \"acceptedAnswer\": {\n\t\t\t\t\t        \t\"@type\": \"Answer\",\n\t\t\t\t\t\t\t\t\"text\": \"La soddisfazione dell'autore del suo lavoro. Coccoliamo ogni progetto come se fosse il nostro. Il team di 11 esperti di BABIDI-B\u00da ti consiglier\u00e0 e ti accompagner\u00e0 durante tutto il processo, tenendo sempre in considerazione la tua opinione.\"\n\t\t\t\t\t\t\t}\n\t\t\t\t\t    }\n\t\t\t\t    \t\t\t\t    \n\t\t\t\t\t\t\t]\n\t    }\n    <\/script>    \n<\/section>\n\n\n\n\n\n\n\n\n\n\n\n<div id=\"contact-block_5dc347e94e7c18ed910ea1fec573eb96\" class=\"block-contact\">\n\t<div class=\"block-contact-txt\">\n\t\t<h2>Contattaci<\/h2>\n\t\t<p>Chiamaci o chiedici di chiamarti per chiarire i tuoi dubbi<\/p>\n\t<\/div>\n\t<div class=\"block-contact-items\">\n\t\t<div class=\"contact-item\">\n\t\t\t<a href=\"https:\/\/api.whatsapp.com\/send?phone=34653754771&#038;\" alt=\"Whatsapp Babidibu\" rel=\"nofollow noopener\" target=\"_blank\">\n\t\t\t\t<div class=\"contact-item-icon\">\n\t\t\t\t\t<i class=\"ri-whatsapp-line\"><\/i> \n\t\t\t\t<\/div>\n\t\t\t\t<div class=\"contact-item-txt\">\n\t\t\t\t\tWhatsApp\n\t\t\t\t<\/div>\n\t\t\t<\/a>\n\t\t<\/div>\n\t\t<div class=\"contact-item\">\n\t\t\t<a href=\"tel:+34653754771\" alt=\"Fai una telefonata a Babidib\u00fa\">\n\t\t\t\t<div class=\"contact-item-icon\">\n\t\t\t\t\t<i class=\"ri-smartphone-line\"><\/i>\n\t\t\t\t<\/div>\n\t\t\t\t<div class=\"contact-item-txt\">\n\t\t\t\tTelefono\t\t\t\t<\/div>\n\t\t\t<\/a>\n\t\t<\/div>\n\t\t<div class=\"contact-item\">\n\t\t\t<a href=\"https:\/\/www.babidibulibros.com\/publica-con-nosotros\/\">\n\t\t\t\t<div class=\"contact-item-icon\">\n\t\t\t\t\t<i class=\"ri-file-list-3-line\"><\/i>\n\t\t\t\t<\/div>\n\t\t\t\t<div class=\"contact-item-txt\">\n\t\t\t\t\tManoscritto\t\t\t\t<\/div>\n\t\t\t<\/a>\n\t\t<\/div>\n\t<\/div>\n<\/div>","protected":false},"excerpt":{"rendered":"<p>Sappiamo quanto siano difficili gli inizi Fin dall&#8217;inizio, autori senza esperienza sono venuti da noi con il loro primo libro [&hellip;]<\/p>\n","protected":false},"author":2119,"featured_media":0,"parent":0,"menu_order":127,"comment_status":"closed","ping_status":"closed","template":"","meta":{"_acf_changed":false,"content-type":"","footnotes":""},"class_list":["post-21313","page","type-page","status-publish","hentry"],"acf":[],"_links":{"self":[{"href":"https:\/\/www.babidibulibros.com\/it\/wp-json\/wp\/v2\/pages\/21313","targetHints":{"allow":["GET"]}}],"collection":[{"href":"https:\/\/www.babidibulibros.com\/it\/wp-json\/wp\/v2\/pages"}],"about":[{"href":"https:\/\/www.babidibulibros.com\/it\/wp-json\/wp\/v2\/types\/page"}],"author":[{"embeddable":true,"href":"https:\/\/www.babidibulibros.com\/it\/wp-json\/wp\/v2\/users\/2119"}],"replies":[{"embeddable":true,"href":"https:\/\/www.babidibulibros.com\/it\/wp-json\/wp\/v2\/comments?post=21313"}],"version-history":[{"count":3,"href":"https:\/\/www.babidibulibros.com\/it\/wp-json\/wp\/v2\/pages\/21313\/revisions"}],"predecessor-version":[{"id":56191,"href":"https:\/\/www.babidibulibros.com\/it\/wp-json\/wp\/v2\/pages\/21313\/revisions\/56191"}],"wp:attachment":[{"href":"https:\/\/www.babidibulibros.com\/it\/wp-json\/wp\/v2\/media?parent=21313"}],"curies":[{"name":"wp","href":"https:\/\/api.w.org\/{rel}","templated":true}]}}