{"id":21324,"date":"2020-07-25T20:22:08","date_gmt":"2020-07-25T18:22:08","guid":{"rendered":"https:\/\/babidibu.desarrollotrevenque.com\/por-que-somos-la-mejor-editorial-infantil-y-juvenil\/"},"modified":"2025-01-16T18:27:24","modified_gmt":"2025-01-16T17:27:24","slug":"perche-siamo-i-migliori-editori-per-bambini-e-giovani","status":"publish","type":"page","link":"https:\/\/www.babidibulibros.com\/it\/perche-siamo-i-migliori-editori-per-bambini-e-giovani\/","title":{"rendered":"Perch\u00e9 siamo i migliori editori per bambini e adolescenti"},"content":{"rendered":"\n<div class=\"wp-block-group\"><div class=\"wp-block-group__inner-container is-layout-flow wp-block-group-is-layout-flow\">\n<h2 class=\"wp-block-heading has-text-align-center is-style-heading-group\">La nostra missione<\/h2>\n\n\n\n<h3 class=\"wp-block-heading has-text-align-center is-style-heading-group has-large-font-size\">\u201cVendere libri, pubblicare sogni\u201d<\/h3>\n\n\n\n<p class=\"has-text-align-center\">Il nostro obiettivo principale \u00e8 fornire un servizio alla societ\u00e0 che sente il bisogno di esprimersi pubblicando i propri contenuti&#8230; o sogni. Allo stesso tempo assumiamo un<strong> impegno culturale ed educativo<\/strong> nei confronti dei nostri figli (la societ\u00e0 di domani), ai quali forniamo libri per godersi la lettura e con i quali, a loro volta, possono apprendere i <strong>valori impliciti<\/strong>, <strong>valori umani<\/strong>, che li aiuteranno ad essere persone migliori del domani.<\/p>\n\n\n\n<h2 class=\"wp-block-heading has-text-align-center is-style-heading-group\">La nostra cultura aziendale<\/h2>\n\n\n\n<p class=\"has-text-align-center\">Come definiamo la cultura aziendale? Con la parola \u201c<strong>servizio<\/strong>\u201d.<br>Come ci distinguiamo dalle decine di altri editori per bambini di tutto il mondo? Puntiamo a farlo fornendo un <strong>servizio e una qualit\u00e0 migliore di quella di tutti gli altri!<\/strong>. \u00c8 qui che entrano in gioco le <strong>persone<\/strong>: se abbiamo uffici simili, se abbiamo software simili, se lavoriamo con le stesse stampanti, se usiamo le stesse scartoffie e se viviamo in un mondo globalizzato simile, la gestione delle persone, &#8220;il nostro <strong>team <\/strong>&#8220;, \u00e8 ci\u00f2 che segna la <strong>differenza<\/strong>&#8220;.<\/p>\n\n\n\n<h2 class=\"wp-block-heading has-text-align-center\">E adesso dove andiamo?<\/h2>\n\n\n\n<p class=\"has-text-align-center\">Siamo un team <strong>dinamico, proattivo e compatto<\/strong>. Andiamo tutti ad una e tutti <em>andiamo avanti<\/em> sfrenate!, sapendo che <strong>il meglio deve ancora arrivare.<\/strong> Diamo il massimo di ognuno affinch\u00e9 il nostro<strong> progetto imprenditoriale<\/strong> continui a crescere. Ci sentiamo <strong>liberi e impegnati<\/strong> in un percorso emozionante come l&#8217;obiettivo verso cui stiamo andando. Negli ultimi anni, la nostra crescita aziendale e personale di ogni membro del team \u00e8 stata la nostra costante vitale. Non ci accontentiamo, siamo pieni di <strong>progetti<\/strong> e<strong> speranze <\/strong>che vogliamo condividere con tutti i nostri autori. <\/p>\n\n\n\n<figure class=\"wp-block-gallery has-nested-images columns-default is-cropped wp-block-gallery-1 is-layout-flex wp-block-gallery-is-layout-flex\">\n<figure class=\"wp-block-image size-large\"><img loading=\"lazy\" decoding=\"async\" width=\"1110\" height=\"596\" data-id=\"78806\" src=\"https:\/\/www.babidibulibros.com\/wp-content\/uploads\/2024\/10\/6.-la-mejor-editorial-infantil-y-juvenil_small-1110x596.jpg\" alt=\"\" class=\"wp-image-78806\" srcset=\"https:\/\/www.babidibulibros.com\/wp-content\/uploads\/2024\/10\/6.-la-mejor-editorial-infantil-y-juvenil_small-1110x596.jpg 1110w, https:\/\/www.babidibulibros.com\/wp-content\/uploads\/2024\/10\/6.-la-mejor-editorial-infantil-y-juvenil_small-559x300.jpg 559w, https:\/\/www.babidibulibros.com\/wp-content\/uploads\/2024\/10\/6.-la-mejor-editorial-infantil-y-juvenil_small-768x412.jpg 768w, https:\/\/www.babidibulibros.com\/wp-content\/uploads\/2024\/10\/6.-la-mejor-editorial-infantil-y-juvenil_small-1536x824.jpg 1536w, https:\/\/www.babidibulibros.com\/wp-content\/uploads\/2024\/10\/6.-la-mejor-editorial-infantil-y-juvenil_small.jpg 1780w\" sizes=\"auto, (max-width: 1110px) 100vw, 1110px\" \/><\/figure>\n<\/figure>\n\n\n\n<div id=\"reviews-block_29a3d84d6e0fdfc556f252aa5b510d86\" class=\"block-reviews reviews\">\n\t\t\t<div class=\"slick-carousel-reviews\">\n\t\t\t\t\t        <div class=\"review-item\">\n\t\t\t    \t<img decoding=\"async\" class=\"reviews-author-image\" src=\"https:\/\/www.babidibulibros.com\/wp-content\/uploads\/2021\/02\/eresmama_edit-1.png\" \/>\n\t                <blockquote>\n\t\t\t\t\t\t<p>Erasmam\u00e1 si posiziona al 2\u00ba posto tra gli 8 editori essenziali<\/p>\n\t\t\t\t\t\t<cite><span class=\"reviews-author-name\">Eresmam\u00e1<\/span><br>Rivista specializzata per madri<\/cite>\n\t\t          \t<\/blockquote>\n\t\t\t\t<\/div>\n\t\t\t\t\t        <div class=\"review-item\">\n\t\t\t    \t<img decoding=\"async\" class=\"reviews-author-image\" src=\"https:\/\/www.babidibulibros.com\/wp-content\/uploads\/2021\/02\/Julianmarquina_edit-1.png\" \/>\n\t                <blockquote>\n\t\t\t\t\t\t<p>Il prestigioso blog di letteratura per l&#8217;infanzia di Juli\u00e1n Marquina ci segnala come uno dei 24 editori specializzati in letteratura per l&#8217;infanzia di cui tenere (molto) conto<\/p>\n\t\t\t\t\t\t<cite><span class=\"reviews-author-name\">Juli\u00e1n Marquina<\/span><br>Blog specializzato in letteratura<\/cite>\n\t\t          \t<\/blockquote>\n\t\t\t\t<\/div>\n\t\t\t\t\t        <div class=\"review-item\">\n\t\t\t    \t<img decoding=\"async\" class=\"reviews-author-image\" src=\"https:\/\/www.babidibulibros.com\/wp-content\/uploads\/2021\/02\/Saposyprincesas_edit-1.png\" \/>\n\t                <blockquote>\n\t\t\t\t\t\t<p>Il quotidiano El Mundo, attraverso il suo supplemento per bambini, Sapos y Princesas, ci indica come &#8220;l&#8217;editore indipendente che sta rivoluzionando la letteratura per bambini&#8221;.<\/p>\n\t\t\t\t\t\t<cite><span class=\"reviews-author-name\">Sapos y princesas<\/span><br>Supplemento infantile del quotidiano El Mundo<\/cite>\n\t\t          \t<\/blockquote>\n\t\t\t\t<\/div>\n\t\t\t\t\t        <div class=\"review-item\">\n\t\t\t    \t<img decoding=\"async\" class=\"reviews-author-image\" src=\"https:\/\/www.babidibulibros.com\/wp-content\/uploads\/2021\/02\/Bibliotecaspubicasmunicipalesdemadrid_edit-1.png\" \/>\n\t                <blockquote>\n\t\t\t\t\t\t<p>Siamo un editore raccomandato dalla Direzione Generale dei Beni Culturali e le nostre opere si trovano nella Biblioteca Nazionale di Spagna.<\/p>\n\t\t\t\t\t\t<cite><span class=\"reviews-author-name\">Direzione Generale dei Beni Culturali<\/span><br><\/cite>\n\t\t          \t<\/blockquote>\n\t\t\t\t<\/div>\n\t\t\t\t\t        <div class=\"review-item\">\n\t\t\t    \t<img decoding=\"async\" class=\"reviews-author-image\" src=\"https:\/\/www.babidibulibros.com\/wp-content\/uploads\/2021\/04\/Editoriales-infantiles.png\" \/>\n\t                <blockquote>\n\t\t\t\t\t\t<p>Il blog Editoriales Infantiles ci indica come uno dei migliori editori del settore<\/p>\n\t\t\t\t\t\t<cite><span class=\"reviews-author-name\">Editoriales Infantiles<\/span><br>Blog specializzato in case editrici infantili<\/cite>\n\t\t          \t<\/blockquote>\n\t\t\t\t<\/div>\n\t\t\t\t\t<\/div>\n\t<\/div>\n\n\n\n\n\n\n<\/div><\/div>\n\n\n\n<h2 class=\"wp-block-heading has-text-align-center is-style-heading-group\">I nostri valori<\/h2>\n\n\n\n<p class=\"has-text-align-center\"><\/p>\n\n\n\n<div class=\"wp-block-columns is-layout-flex wp-container-core-columns-is-layout-9d6595d7 wp-block-columns-is-layout-flex\">\n<div class=\"wp-block-column is-layout-flow wp-block-column-is-layout-flow\">\n<h3 class=\"wp-block-heading\">Anni di esperienza<\/h3>\n\n\n\n<p>Abbiamo dalla nostra parte la professionalit\u00e0 garantita da pi\u00f9 di 10 anni di esperienza nel settore editoriale, che ci ha portato a pubblicare pi\u00f9 di 400 libri con autori provenienti da tutto il mondo.<\/p>\n\n\n\n<h3 class=\"wp-block-heading\">Lavoro educativo<\/h3>\n\n\n\n<p>I nostri libri sono scelti come materiale curriculare approvato in diversi centri educaitivi internazionali. Ci dedichiamo anche all&#8217;inclusione di altre lingue nel nostro catalogo in modo che i lettori abbiano accesso ad una formazione completa sotto tutti gli aspetti.<\/p>\n\n\n\n<h3 class=\"wp-block-heading\">Prestigio riconosciuto<\/h3>\n\n\n\n<p>La casa editrice ha il riconoscimento del Ministero della Cultura e del Ministero della Pubblica Istruzione della Giunta di Andalus\u00eda. Inoltre, le nostre opere sono state scelte per rifornire molte biblioteche pubbliche!<\/p>\n<\/div>\n\n\n\n<div class=\"wp-block-column is-layout-flow wp-block-column-is-layout-flow\">\n<h3 class=\"wp-block-heading\">Edizioni di qualit\u00e0<\/h3>\n\n\n\n<p>Ogni dettaglio \u00e8 importante per noi. Il tuo lavoro non sar\u00e0 solo un altro libro sul mercato, faremo la differenza! Siamo anche specializzati in libri con copertina rigida.<\/p>\n\n\n\n<h3 class=\"wp-block-heading\">La migliore rete di distribuzione<\/h3>\n\n\n\n<p>Grazie al nostro distributore, il tuo libro sar\u00e0 nelle pi\u00f9 importanti librerie del paese:  Amazon, La Feltrinelli, Mondadori, Booklet, Mondolibri ecc&#8230; Inoltre, ti offriamo anche l&#8217;opportunit\u00e0 di partecipare a gare di scrittura internazionali in paesi come l&#8217;America Latina e gli Stati Uniti.<\/p>\n\n\n\n<h3 class=\"wp-block-heading\">Trattamento diretto e ravvicinato<\/h3>\n\n\n\n<p>Ti prendiamo per mano e ti guidiamo durante tutto il processo, poich\u00e9 sappiamo che i primi passi non sono mai facili. Puoi parlare con noi in qualsiasi momento per discutere di tutto ci\u00f2 di cui hai bisogno.<\/p>\n<\/div>\n<\/div>\n\n\n\n<div class=\"wp-block-group\"><div class=\"wp-block-group__inner-container is-layout-flow wp-block-group-is-layout-flow\">\n<div class=\"wp-block-group\"><div class=\"wp-block-group__inner-container is-layout-flow wp-block-group-is-layout-flow\">\n<div id=\"big-phrases-block_10e1187f83947d72d044f447e7c034b7\" class=\"block-big-phrases\">\n    <p id=\"block-big-phrase-01\">prestigio riconosciuto, illustratori di primo livello, la migliore rete distributiva, valori positivi, uguaglianza e rispetto, consulenza personale<\/p>\n    <p id=\"block-big-phrase-02\">illustratori di primo livello, la migliore rete distributiva, valori positivi, uguaglianza e rispetto, consulenza personale, prestigio riconosciuto<\/p>\n    <p id=\"block-big-phrase-03\">la migliore rete distributiva, valori positivi, uguaglianza e rispetto, consulenza personale, prestigio riconosciuto, illustratori di primo livello<\/p>\n<\/div>\n\n<\/div><\/div>\n<\/div><\/div>\n\n\n\n<h2 class=\"wp-block-heading has-text-align-center is-style-heading-group\">Lo facciamo cos\u00ec<\/h2>\n\n\n\n<p>Il nostro protocollo spiegato:<\/p>\n\n\n\n<div class=\"wp-block-columns is-layout-flex wp-container-core-columns-is-layout-9d6595d7 wp-block-columns-is-layout-flex\">\n<div class=\"wp-block-column is-layout-flow wp-block-column-is-layout-flow\">\n<ul class=\"wp-block-list\">\n<li>Riceviamo circa <strong>20 manoscitti al giorno per essere valutati.<\/strong><\/li>\n\n\n\n<li>Li <strong>leggiamo tutti e selezioniamo<\/strong> i pi\u00f9 interessanti.<\/li>\n\n\n\n<li>I pi\u00f9 fortunati <strong>vengono illustrati, se lo necessitano.<\/strong> Abbiamo una rete di illustratori di primo livello.<\/li>\n\n\n\n<li>I testi <strong>si sottomettono a una correzione.<\/strong><\/li>\n\n\n\n<li>Si progettano e si disegnano le copertine.<\/li>\n\n\n\n<li>Sempre tutto in <strong>continua comunicazione e consenso con l&#8217;autore.<\/strong><\/li>\n\n\n\n<li><strong>La stampa finale  viene convalidata<\/strong> prima che il lavoro venga stampato.  <\/li>\n<\/ul>\n<\/div>\n\n\n\n<div class=\"wp-block-column is-layout-flow wp-block-column-is-layout-flow\">\n<ul class=\"wp-block-list\">\n<li>Viene decisa una&nbsp;<strong>data di lancio<\/strong>&nbsp;e si informa il distributore, che integra tutte le informazioni sul tuo libro nel proprio sito web e raggiunge cos\u00ec tutte le piattaforme e pi\u00f9 importanti che operano in Italia.<\/li>\n\n\n\n<li><strong>Concordiamo le date delle presentazioni<\/strong> con gli autori e le librerie.<\/li>\n\n\n\n<li><strong>Iniziamo la promozione<\/strong>.<\/li>\n\n\n\n<li>I nostri libri trasmettono <strong>valori impl\u00edciti.<\/strong> Abbiamo alcune collezioni che per noi sono imprescindibili, come LO SGUARDO DI DANIEL, che fornisce strumenti per lavorare sull&#8217;intelligenza emotiva, o come MEV\u00c9S, che tratta della diversit\u00e0 e dell&#8217;inclusione sotto forma di storie.<\/li>\n<\/ul>\n<\/div>\n<\/div>\n\n\n\n<div id=\"contact-block_f3a79bd6c7051cf391f798d315e4b748\" class=\"block-contact\">\n\t<div class=\"block-contact-txt\">\n\t\t<h2>Contattaci<\/h2>\n\t\t<p>Chiamaci o chiedici di chiamarti per chiarire i tuoi dubbi<\/p>\n\t<\/div>\n\t<div class=\"block-contact-items\">\n\t\t<div class=\"contact-item\">\n\t\t\t<a href=\"https:\/\/api.whatsapp.com\/send?phone=34653754771&#038;\" alt=\"Whatsapp Babidibu\" rel=\"nofollow noopener\" target=\"_blank\">\n\t\t\t\t<div class=\"contact-item-icon\">\n\t\t\t\t\t<i class=\"ri-whatsapp-line\"><\/i> \n\t\t\t\t<\/div>\n\t\t\t\t<div class=\"contact-item-txt\">\n\t\t\t\t\tWhatsApp\n\t\t\t\t<\/div>\n\t\t\t<\/a>\n\t\t<\/div>\n\t\t<div class=\"contact-item\">\n\t\t\t<a href=\"tel:+34653754771\" alt=\"Fai una telefonata a Babidib\u00fa\">\n\t\t\t\t<div class=\"contact-item-icon\">\n\t\t\t\t\t<i class=\"ri-smartphone-line\"><\/i>\n\t\t\t\t<\/div>\n\t\t\t\t<div class=\"contact-item-txt\">\n\t\t\t\tTelefono\t\t\t\t<\/div>\n\t\t\t<\/a>\n\t\t<\/div>\n\t\t<div class=\"contact-item\">\n\t\t\t<a href=\"https:\/\/www.babidibulibros.com\/publica-con-nosotros\/\">\n\t\t\t\t<div class=\"contact-item-icon\">\n\t\t\t\t\t<i class=\"ri-file-list-3-line\"><\/i>\n\t\t\t\t<\/div>\n\t\t\t\t<div class=\"contact-item-txt\">\n\t\t\t\t\tManoscritto\t\t\t\t<\/div>\n\t\t\t<\/a>\n\t\t<\/div>\n\t<\/div>\n<\/div>\n\n\n<p><\/p>\n","protected":false},"excerpt":{"rendered":"<p>La nostra missione \u201cVendere libri, pubblicare sogni\u201d Il nostro obiettivo principale \u00e8 fornire un servizio alla societ\u00e0 che sente il [&hellip;]<\/p>\n","protected":false},"author":3,"featured_media":0,"parent":0,"menu_order":102,"comment_status":"closed","ping_status":"closed","template":"","meta":{"_acf_changed":false,"content-type":"","footnotes":""},"class_list":["post-21324","page","type-page","status-publish","hentry"],"acf":[],"_links":{"self":[{"href":"https:\/\/www.babidibulibros.com\/it\/wp-json\/wp\/v2\/pages\/21324","targetHints":{"allow":["GET"]}}],"collection":[{"href":"https:\/\/www.babidibulibros.com\/it\/wp-json\/wp\/v2\/pages"}],"about":[{"href":"https:\/\/www.babidibulibros.com\/it\/wp-json\/wp\/v2\/types\/page"}],"author":[{"embeddable":true,"href":"https:\/\/www.babidibulibros.com\/it\/wp-json\/wp\/v2\/users\/3"}],"replies":[{"embeddable":true,"href":"https:\/\/www.babidibulibros.com\/it\/wp-json\/wp\/v2\/comments?post=21324"}],"version-history":[{"count":3,"href":"https:\/\/www.babidibulibros.com\/it\/wp-json\/wp\/v2\/pages\/21324\/revisions"}],"predecessor-version":[{"id":80671,"href":"https:\/\/www.babidibulibros.com\/it\/wp-json\/wp\/v2\/pages\/21324\/revisions\/80671"}],"wp:attachment":[{"href":"https:\/\/www.babidibulibros.com\/it\/wp-json\/wp\/v2\/media?parent=21324"}],"curies":[{"name":"wp","href":"https:\/\/api.w.org\/{rel}","templated":true}]}}