{"id":21335,"date":"2020-07-25T20:14:38","date_gmt":"2020-07-25T18:14:38","guid":{"rendered":"https:\/\/babidibu.desarrollotrevenque.com\/como-publicar-un-libro-infantil\/"},"modified":"2023-03-08T15:25:53","modified_gmt":"2023-03-08T14:25:53","slug":"pubblicare-un-libro-per-bambini","status":"publish","type":"page","link":"https:\/\/www.babidibulibros.com\/it\/pubblicare-un-libro-per-bambini\/","title":{"rendered":"Come pubblicare un libro per bambini"},"content":{"rendered":"\n<h2 class=\"has-text-align-center wp-block-heading\">Come e perch\u00e9 selezioniamo un\u2019opera<\/h2>\n\n\n\n<p>Una volta inviati i vostri manoscritti, questi sono accolti dalla nostra Redazione che li riorganizza e li spedisce al Reparto di Lettura. Qui verranno poi studiati e valutati e, nel caso in cui siano ritenuti in linea con il nostro stile editoriale, saranno catalogati all\u2019interno di una delle nostre collezioni.<\/p>\n\n\n\n<figure class=\"wp-block-image size-full\"><img loading=\"lazy\" decoding=\"async\" width=\"1110\" height=\"641\" src=\"https:\/\/www.babidibulibros.com\/wp-content\/uploads\/2023\/03\/230303_reunion_baja.png\" alt=\"\" class=\"wp-image-57583\" srcset=\"https:\/\/www.babidibulibros.com\/wp-content\/uploads\/2023\/03\/230303_reunion_baja.png 1110w, https:\/\/www.babidibulibros.com\/wp-content\/uploads\/2023\/03\/230303_reunion_baja-520x300.png 520w, https:\/\/www.babidibulibros.com\/wp-content\/uploads\/2023\/03\/230303_reunion_baja-768x444.png 768w\" sizes=\"auto, (max-width: 1110px) 100vw, 1110px\" \/><\/figure>\n\n\n\n<blockquote class=\"wp-block-quote is-style-large is-style-plain is-layout-flow wp-block-quote-is-layout-flow\">\n<p><em>Il nostro <strong>protocollo editoriale<\/strong> innovativo ci permette di valutare in poco tempo il gran numero di manoscritti e opere illustrate che riceviamo settimanalmente, dando spazio anche ad <strong>autori novelli<\/strong> che, pur avendo progetti molto validi,&nbsp; trovano molto difficile &#8220;aprire le porte del mondo editoriale&#8221;.<\/em><\/p>\n<cite>Marta Montes (CEO di BABIDI-B\u00da)<\/cite><\/blockquote>\n\n\n\n<div id=\"video-block_a2da0e3787f1068c38dfa685bf289c8d\" class=\"block-video video\">\n\t<div class=\"media-object\">\n\t\t<div class=\"media-object-item media-object-copy\">\n\t\t\t<div class=\"media-object-copy-body\">\n\t\t\t\t<h2>Come pubblicare il tuo libro per bambini?<\/h2>\n\t\t\t\t<p><p>Una delle caratteristiche di questo Protocollo <span class=\"text\">\u00e8 l&#8217;impegno da parte della casa editrice<\/span> <span class=\"text\">nella commercializzazione e nella diffusione delle opere pubblicate, e sulla necessit\u00e0 di coinvolgere in tale processo l&#8217;autore in diverse azioni (presentazioni, conferenze, workshop, azioni dirette con le scuole, ecc.).\u00a0<\/span><\/p>\n<\/p>\n\t\t\t\t<a class=\"link\" href=\"https:\/\/www.babidibulibros.com\/it\/pubblica-con-noi\/\">Come pubblicare il tuo libro per bambini?<\/a>\n\t\t\t<\/div>\n\t\t<\/div>\n\t\t<figure class=\"media-object-item media-object-media js-trigger-video-modal-video-block_a2da0e3787f1068c38dfa685bf289c8d\">\n\t\t\t\t\t\t\t<img decoding=\"async\" class=\"media-object-media-img\" src=\"https:\/\/www.babidibulibros.com\/wp-content\/uploads\/2022\/12\/DSC092502-1-scaled.jpg\" \/>\n\t\t\t\t\t\thttps:\/\/youtube.com\/embed\/0_HAm8OTcYA\t\n\t\t<\/figure>\n\t<\/div>\n<\/div>  \nhttps:\/\/youtube.com\/embed\/0_HAm8OTcYA\t\n\n<style>\n\t.show-video-modal-video-block_a2da0e3787f1068c38dfa685bf289c8d #modal_video-block_a2da0e3787f1068c38dfa685bf289c8d {\n\t\topacity: 1.0;\n\t\t-webkit-transform: translate(0%,0%);\n\t\t\t-ms-transform: translate(0%,0%);\n\t\t\t\ttransform: translate(0%,0%);\n\t}\n\t.show-video-modal-video-block_a2da0e3787f1068c38dfa685bf289c8d #modal_video-block_a2da0e3787f1068c38dfa685bf289c8d .overlay {\n\t\topacity: 1.0;\n\t}\n\t.show-video-modal-video-block_a2da0e3787f1068c38dfa685bf289c8d #modal_video-block_a2da0e3787f1068c38dfa685bf289c8d .video-modal-content {\n\t\t-webkit-transform: translate(0%,0%);\n\t\t\t-ms-transform: translate(0%,0%);\n\t\t\t\ttransform: translate(0%,0%);\n\t}\n<\/style>\nhttps:\/\/youtube.com\/embed\/0_HAm8OTcYA\t\n\n\n<div class=\"wp-block-group\"><div class=\"wp-block-group__inner-container is-layout-flow wp-block-group-is-layout-flow\">\n<h2 class=\"wp-block-heading\"><strong>Qual \u00e8 il miglior editore per pubblicare un libro per bambini?<\/strong><\/h2>\n\n\n\n<p><strong>BABIDI-B\u00da <\/strong>\u00e8 una delle<strong> migliori case editrici per l\u2019infanzia<\/strong>, specializzata nella pubblicazione di <strong>album cartonati<\/strong> e nel trattamento dei <strong>valori <\/strong>impliciti nelle opere.<\/p>\n\n\n\n<p><\/p>\n\n\n\n<div class=\"wp-block-columns is-layout-flex wp-container-core-columns-is-layout-9d6595d7 wp-block-columns-is-layout-flex\">\n<div class=\"wp-block-column is-layout-flow wp-block-column-is-layout-flow\"><div class=\"wp-block-image\">\n<figure class=\"aligncenter size-full\"><img loading=\"lazy\" decoding=\"async\" width=\"700\" height=\"568\" src=\"https:\/\/www.babidibulibros.com\/wp-content\/uploads\/2023\/03\/230307_Boboto_Mockupcerrado-1.png\" alt=\"\" class=\"wp-image-57857\" srcset=\"https:\/\/www.babidibulibros.com\/wp-content\/uploads\/2023\/03\/230307_Boboto_Mockupcerrado-1.png 700w, https:\/\/www.babidibulibros.com\/wp-content\/uploads\/2023\/03\/230307_Boboto_Mockupcerrado-1-370x300.png 370w\" sizes=\"auto, (max-width: 700px) 100vw, 700px\" \/><\/figure>\n<\/div><\/div>\n\n\n\n<div class=\"wp-block-column is-layout-flow wp-block-column-is-layout-flow\">\n<div class=\"wp-block-group\"><div class=\"wp-block-group__inner-container is-layout-flow wp-block-group-is-layout-flow\">\n<div class=\"wp-block-columns is-layout-flex wp-container-core-columns-is-layout-9d6595d7 wp-block-columns-is-layout-flex\">\n<div class=\"wp-block-column is-layout-flow wp-block-column-is-layout-flow\" style=\"flex-basis:100%\">\n<div style=\"height:129px\" aria-hidden=\"true\" class=\"wp-block-spacer\"><\/div>\n<\/div>\n<\/div>\n<\/div><\/div>\n\n\n\n<p>Il nostro catalogo \u00e8 composto da<strong> 19 raccolte <\/strong>che promuovono la lettura divertendo. Ma non \u00e8 tutto. Ogni nostro libro cerca di trasmettere<strong> valori umani,<\/strong> per aiutare i nostri giovani lettore a diventare grandi persone. Proprio per questo, il nostro motto \u00e8: <strong>\u201dda piccoli lettori a grandi persone\u201d.<\/strong><\/p>\n<\/div>\n<\/div>\n\n\n\n<p>Un altro dei motivi pi\u00f9 rilevanti che ci colloca tra<strong> i migliori editori infantili<\/strong>, tra gli altri, \u00e8 la <strong>varieta\u2019 <\/strong>delle nostre raccolte, le quali si concentrano su temi per noi fondamentali come l\u2019amore per la natura, il rispetto per l\u2019ambiente, la diversit\u00e0 e l\u2019inclusione di tutte le persone, per spronare anche l\u2019intelligenza emotiva pi\u00f9 fredda e allenare i nostri piccoli a comprendere il mondo dell\u2019amore.<\/p>\n\n\n\n<p>Siamo anche uno degli editori pi\u00f9 impegnati nella pubblicazione di <strong>opere bilingue<\/strong>, proponendo testi in due versioni ( <strong>italiano\/spagnolo, italiano\/inglese<\/strong>)<\/p>\n\n\n\n<div class=\"wp-block-group has-medium-font-size\"><div class=\"wp-block-group__inner-container is-layout-flow wp-block-group-is-layout-flow\">\n<div id=\"fwimage-block_dfa94287a4f843ac3b36d24a99eec205\" class=\"block-fwimage alignfull\">\n    <div class=\"container\">\n        <div class=\"row\">\n            <div class=\"block-fwimage-img-p parallax\">\n\t\t\t\t            <\/div>\n            <div class=\"block-fwimage-img\">\n\t\t\t\t\t\t\t\t    <img decoding=\"async\" src=\"https:\/\/www.babidibulibros.com\/wp-content\/uploads\/2023\/03\/230307_Boboto_MockupAbierto-1.png\" \/>\n\t\t\t\t            <\/div>\n            <div class=\"col-lg-6\"><\/div>\n            <div class=\"col-lg-6\">\n\t\t\t\t<p><span style=\"font-weight: 400\">Tutto questo valore intrinseco, insieme alla nostra robusta rete distributiva internazionale, ha permesso a <\/span><b>BABIDI-B\u00da<\/b><span style=\"font-weight: 400\"> di affermarsi negli anni come una delle realt\u00e0 imprenditoriali pi\u00f9 valide del settore editoriale. Abbiamo gi\u00e0 <\/span><b>realizzato i sogni<\/b><span style=\"font-weight: 400\"> di diversi autori, condividendo con loro un grande obiettivo:<\/span><i><span style=\"font-weight: 400\">\u201dtrasmettere e trasformare&#8221;.\u00a0<\/span><\/i><\/p>\n<p><span style=\"font-weight: 400\">Ora il nostro obiettivo \u00e8 continuare a crescere, per garantire il<\/span><b> miglior servizio editoriale<\/b><span style=\"font-weight: 400\"> agli autori che arriveranno negli anni a venire, restando <\/span><b>alla portata di tutti.<\/b><\/p>\n                \t\t\t\t    <a class=\"link\" href=\"https:\/\/www.babidibulibros.com\/it\/inviaci-il-tuo-manoscritto\/\">Inviaci il tuo manoscritto<\/a>\n                            <\/div>\n        <\/div>\n    <\/div>\n<\/div><\/div><\/div>\n<\/div><\/div>\n\n\n\n<p><\/p>\n\n\n\n<div style=\"height:506px\" aria-hidden=\"true\" class=\"wp-block-spacer\"><\/div>\n\n\n\n<h2 class=\"has-text-align-center is-style-default wp-block-heading\"><strong>Il processo di Edizione<\/strong><\/h2>\n\n\n\n<h3 class=\"is-style-steps wp-block-heading\"><strong>Contatto con l\u2019autore<\/strong><\/h3>\n\n\n\n<p>Se riteniamo un&#8217;opera valida, ed in linea con i valori del nostro editoriale, ci mettiamo in contatto con l\u2019autore per informarlo che siamo interessati al suo manoscritto. Da quel momento in poi, comincia il processo editoriale.<\/p>\n\n\n\n<h3 class=\"is-style-steps wp-block-heading\"><strong>Incontro con l\u2019autore<\/strong><\/h3>\n\n\n\n<p>A questo punto, si organizza un incontro con l\u2019autore per discutere nel dettaglio il suo lavoro, l\u2019eventuale pubblicazione e la sottoscrizione del Contratto di Editoria  \u00e8 adattato al caso specifico. Se l\u2019autore non puo\u2019 presenziare fisicamente, concorderemo con lui un modo alternativo per comunicare.<\/p>\n\n\n\n<h3 class=\"is-style-steps wp-block-heading\"><strong>Illustrazione del libro<\/strong><\/h3>\n\n\n\n<p>Se l\u2019opera necessita di essere illustrata, <strong>offriamo i servizi di un nostro illustratore<\/strong> che viene messo in contatto con l\u2019autore&nbsp; per poter concordare il tipo di collaborazione che si sta intraprendendo nello svolgere un lavoro di squadra a tre.<\/p>\n\n\n\n<h3 class=\"is-style-steps wp-block-heading\"><strong>Design del libro<\/strong><\/h3>\n\n\n\n<p>Il manoscritto passa al nostro team di designers, che svolgeranno il lavoro di progettazione di copertina, retrocopertina e layout interno del libro.<\/p>\n\n\n\n<h3 class=\"is-style-steps wp-block-heading\"><strong>Correzione dell&#8217;opera<\/strong><\/h3>\n\n\n\n<p>Il correttore incaricato provvedera\u2019 all\u2019eventuale correzione ortotipografica e stilistica.<\/p>\n\n\n\n<h3 class=\"is-style-steps wp-block-heading\"><strong>Gestione legale<\/strong><\/h3>\n\n\n\n<p>Saranno discusse le procedure legali necessarie per la promozione e la pre-distribuzione<strong>.<\/strong><\/p>\n\n\n\n<h3 class=\"is-style-steps wp-block-heading\"><strong>Revisione da parte dell\u2019autore<\/strong><\/h3>\n\n\n\n<p>L\u2019autore revisiona l\u2019opera corretta e, se approvata, si passa alla stampa finale della stessa. Ogni caso di discrepanza correttiva tra editore ed autore verr\u00e1 trattata in dettaglio per trovare un punto di reciproco consenso. Le revisioni saranno effettuate se necessario.<\/p>\n\n\n\n<h3 class=\"is-style-steps wp-block-heading\"><strong>Distribuzione dell&#8217;opera<\/strong><\/h3>\n\n\n\n<p>L\u2019opera sar\u00e0 distribuita in tutti i nostri canali di vendita.<\/p>\n\n\n\n<h3 class=\"is-style-steps wp-block-heading\"><strong>Promozione del libro<\/strong><\/h3>\n\n\n\n<p>Marketing, stampa e promozione del libro, sempre collaborando attivamente con l\u2019autore.<\/p>\n\n\n\n<h3 class=\"is-style-steps wp-block-heading\"><strong>Versione digitale del libro<\/strong><\/h3>\n\n\n\n<p>Vengono predisposti BookTrailer, eventualmente del formato Ebook, e posizionamento nei canali di vendita.<\/p>\n\n\n\n<hr class=\"wp-block-separator has-css-opacity\"\/>\n\n\n\n<h2 class=\"has-text-align-center is-style-heading-group wp-block-heading\"><strong>Hai ancora dei dubbi?<\/strong><\/h2>\n\n\n\n<p class=\"has-text-align-center\">Consulta la nostra sezione FAQ , e, se dovessi avere altre domande, mettiti in contatto con noi!<\/p>\n\n\n\n<section id=\"faq-block_baf4b57074851c160544ba1b551158ab\" class=\"section section-faqs faq\">\n\t<div class=\"container\">\n\t\t\t\t\t<div class=\"accordion\" id=\"accordionFAQ\">\n\t\t\t\t\t\t\t         <div class=\"card\">\n\t\t\t            <div class=\"card-header\" id=\"heading-1\">\n\t\t\t               <button class=\"collapsed\" type=\"button\" data-toggle=\"collapse\" data-target=\"#collapse-1\" aria-expanded=\"false\" aria-controls=\"collapse-1\">\n\t\t\t               <span>Come si calcola il prezzo finale del libro?<\/span>\n\t\t\t               <\/button>\n\t\t\t            <\/div>\n\t\t\t            <div id=\"collapse-1\" class=\"collapse\" aria-labelledby=\"heading-1\" data-parent=\"#accordionFAQ\" style=\"\">\n\t\t\t               <div class=\"card-body\">\n\t\t\t                  Il prezzo del libro \u00e8 il risultato di una formula matematica correlata al prezzo di stampa dello stesso. Questo costo dipende a sua volta dal formato, dalla qualit\u00e1 della carta, dal numero di pagine in bianco e nero e dal numero di pagine a colori. \r\n\u00c9 nell&#8217;interesse dell\u2019editore fare in modo che i prezzi dei suoi libri siano i pi\u00f9 competitivi possibile per favorire la vendita. Se un autore desidera aumentare il prezzo del suo libro rispetto alla nostra proposta, studieremo il caso e raggiungeremo un consenso ottimale per tutte le parti.\r\n\r\n\t\t\t               <\/div>\n\t\t\t            <\/div>\n\t\t\t         <\/div>\n\t\t\t\t\t\t\t         <div class=\"card\">\n\t\t\t            <div class=\"card-header\" id=\"heading-2\">\n\t\t\t               <button class=\"collapsed\" type=\"button\" data-toggle=\"collapse\" data-target=\"#collapse-2\" aria-expanded=\"false\" aria-controls=\"collapse-2\">\n\t\t\t               <span>La vostra distribuzione fisica \u00e9 reale?<\/span>\n\t\t\t               <\/button>\n\t\t\t            <\/div>\n\t\t\t            <div id=\"collapse-2\" class=\"collapse\" aria-labelledby=\"heading-2\" data-parent=\"#accordionFAQ\" style=\"\">\n\t\t\t               <div class=\"card-body\">\n\t\t\t                  Abbiamo un contratto di distribuzione in esclusiva.\r\n\t\t\t               <\/div>\n\t\t\t            <\/div>\n\t\t\t         <\/div>\n\t\t\t\t\t\t\t         <div class=\"card\">\n\t\t\t            <div class=\"card-header\" id=\"heading-3\">\n\t\t\t               <button class=\"collapsed\" type=\"button\" data-toggle=\"collapse\" data-target=\"#collapse-3\" aria-expanded=\"false\" aria-controls=\"collapse-3\">\n\t\t\t               <span>Che tirature realizzate?<\/span>\n\t\t\t               <\/button>\n\t\t\t            <\/div>\n\t\t\t            <div id=\"collapse-3\" class=\"collapse\" aria-labelledby=\"heading-3\" data-parent=\"#accordionFAQ\" style=\"\">\n\t\t\t               <div class=\"card-body\">\n\t\t\t                  Per poter rendere il progetto fattibile, prevediamo una vendita garantita dall\u2019autore. Le tirature iniziali dei nostri libri sono di circa 300 copie (come servizio di novit\u00e1), regolandosi a seconda delle previsioni di vendita, del carattere del libro e del tipo di rilegatura. Ad ogni modo, le nuove tecnologie impiegate nei processi di stampa ci permettono di realizzare piccole tirature ad un costo unitario competitivo, mantenendo cos\u00ec l\u2019ISBN del libro, aggiornandolo ogni anno con nuove ristampe. La nostra innovativa autonomia di stampa evita anche il deterioramento dei libri invenduti che sono conservati nei magazzini a tempo indeterminato.\r\n\t\t\t               <\/div>\n\t\t\t            <\/div>\n\t\t\t         <\/div>\n\t\t\t\t\t\t\t         <div class=\"card\">\n\t\t\t            <div class=\"card-header\" id=\"heading-4\">\n\t\t\t               <button class=\"collapsed\" type=\"button\" data-toggle=\"collapse\" data-target=\"#collapse-4\" aria-expanded=\"false\" aria-controls=\"collapse-4\">\n\t\t\t               <span>Perch\u00e9 \u00e8 necessario che i nostri testi siano corretti e adattati al linguaggio infantile da un esperto certificato?<\/span>\n\t\t\t               <\/button>\n\t\t\t            <\/div>\n\t\t\t            <div id=\"collapse-4\" class=\"collapse\" aria-labelledby=\"heading-4\" data-parent=\"#accordionFAQ\" style=\"\">\n\t\t\t               <div class=\"card-body\">\n\t\t\t                  Al fine di ottenere la massima qualit\u00e0 linguistica possibile, il testo deve essere sottoposto alla correzione e adattamento alla \u201clingua dei bambini o dei giovani\u201d (a seconda della fascia d\u2019et\u00e1 a cui e\u2019 indirizzato). D\u2019altra parte, nel caso in cui quest\u2019opera ne ammettesse la possibilita\u2019 (a seconda delle sue caratteristiche) verra\u2019 proposto all\u2019autore di sviluppare una serie di idee complementari che migliorerebbero l\u2019opera apportando un valore aggiunto.\r\nLa lettura per l\u2019infanzia &#8211; pi\u00f9 di ogni altra, se possibile -considerato il pubblico particolarmente sensibile a cui si rivolge, non pu\u00f3 permettersi inesattezze.\r\n\t\t\t               <\/div>\n\t\t\t            <\/div>\n\t\t\t         <\/div>\n\t\t\t\t\t\t\t         <div class=\"card\">\n\t\t\t            <div class=\"card-header\" id=\"heading-5\">\n\t\t\t               <button class=\"collapsed\" type=\"button\" data-toggle=\"collapse\" data-target=\"#collapse-5\" aria-expanded=\"false\" aria-controls=\"collapse-5\">\n\t\t\t               <span>Effettuate controlli di qualit\u00e0?<\/span>\n\t\t\t               <\/button>\n\t\t\t            <\/div>\n\t\t\t            <div id=\"collapse-5\" class=\"collapse\" aria-labelledby=\"heading-5\" data-parent=\"#accordionFAQ\" style=\"\">\n\t\t\t               <div class=\"card-body\">\n\t\t\t                  Tutte le nostre opere edite &#8211; siano esse frutto di una selezione e pianificazione effettuata in diversi mesi dall\u2019editore, o di una collaborazione tra autore ed editore che permetta una realizzazione immediata per la pubblicazione &#8211; seguono lo stesso iter e controllo di qualit\u00e1 in termini di testi, illustrazioni, impaginazione, design della copertina, scelta dei caratteri, ecc.\r\nControlliamo ogni dettaglio al massimo. Per noi l&#8217;eccellenza di ogni pubblicazione \u00e8 un requisito fondamentale, cos\u00ec come lo \u00e8, soprattutto, che ogni autore sia soddisfatto del risultato finale. Per questo, il nostro  processo di editing non si ferma fino a quando il tutto non sar\u00e0 convalidato\/approvato con l&#8217;autore.\r\n\t\t\t               <\/div>\n\t\t\t            <\/div>\n\t\t\t         <\/div>\n\t\t\t\t\t\t\t         <div class=\"card\">\n\t\t\t            <div class=\"card-header\" id=\"heading-6\">\n\t\t\t               <button class=\"collapsed\" type=\"button\" data-toggle=\"collapse\" data-target=\"#collapse-6\" aria-expanded=\"false\" aria-controls=\"collapse-6\">\n\t\t\t               <span>Quanto dovrebbe essere lungo un libro per bambini?<\/span>\n\t\t\t               <\/button>\n\t\t\t            <\/div>\n\t\t\t            <div id=\"collapse-6\" class=\"collapse\" aria-labelledby=\"heading-6\" data-parent=\"#accordionFAQ\" style=\"\">\n\t\t\t               <div class=\"card-body\">\n\t\t\t                  Un album illustrato per bambini puo\u2019 essere in un intervallo compreso tra le 20 e le 40 pagine.\r\n\t\t\t               <\/div>\n\t\t\t            <\/div>\n\t\t\t         <\/div>\n\t\t\t\t\t\t\t<\/div>\n\t\t\t\t<div class=\"text-center support-text\">\n\t\t\t<p>Hai altre domande? <a href=\"https:\/\/www.babidibulibros.com\/contacto\/\">Contattaci<\/a><\/p> \n\t\t<\/div>\n\t<\/div>\n\t<script type=\"application\/ld+json\">\n\t\t{\n\t    \t\"@context\": \"https:\/\/schema.org\",\n\t\t\t\"@type\": \"FAQPage\",\n\t\t\t\"mainEntity\": [\n\t\t\t\t\t\t\t\t\t{\n\t\t\t\t        \"@type\": \"Question\",\n\t\t\t\t        \"name\": \"Come si calcola il prezzo finale del libro?\",\n\t\t\t\t        \"acceptedAnswer\": {\n\t\t\t\t        \t\"@type\": \"Answer\",\n\t\t\t\t\t\t\t\"text\": \"Il prezzo del libro \u00e8 il risultato di una formula matematica correlata al prezzo di stampa dello stesso. Questo costo dipende a sua volta dal formato, dalla qualit\u00e1 della carta, dal numero di pagine in bianco e nero e dal numero di pagine a colori. \r\n\u00c9 nell'interesse dell\u2019editore fare in modo che i prezzi dei suoi libri siano i pi\u00f9 competitivi possibile per favorire la vendita. Se un autore desidera aumentare il prezzo del suo libro rispetto alla nostra proposta, studieremo il caso e raggiungeremo un consenso ottimale per tutte le parti.\r\n\r\n\"\n\t\t\t\t\t\t}\n\t\t\t\t    }\n\t\t\t\t    \t\t\t\t    \n\t\t\t\t\t\t\t\t\t\t,{\n\t\t\t\t\t        \"@type\": \"Question\",\n\t\t\t\t\t        \"name\": \"La vostra distribuzione fisica \u00e9 reale?\",\n\t\t\t\t\t        \"acceptedAnswer\": {\n\t\t\t\t\t        \t\"@type\": \"Answer\",\n\t\t\t\t\t\t\t\t\"text\": \"Abbiamo un contratto di distribuzione in esclusiva.\r\n\"\n\t\t\t\t\t\t\t}\n\t\t\t\t\t    }\n\t\t\t\t    \t\t\t\t    \n\t\t\t\t\t\t\t\t\t\t,{\n\t\t\t\t\t        \"@type\": \"Question\",\n\t\t\t\t\t        \"name\": \"Che tirature realizzate?\",\n\t\t\t\t\t        \"acceptedAnswer\": {\n\t\t\t\t\t        \t\"@type\": \"Answer\",\n\t\t\t\t\t\t\t\t\"text\": \"Per poter rendere il progetto fattibile, prevediamo una vendita garantita dall\u2019autore. Le tirature iniziali dei nostri libri sono di circa 300 copie (come servizio di novit\u00e1), regolandosi a seconda delle previsioni di vendita, del carattere del libro e del tipo di rilegatura. Ad ogni modo, le nuove tecnologie impiegate nei processi di stampa ci permettono di realizzare piccole tirature ad un costo unitario competitivo, mantenendo cos\u00ec l\u2019ISBN del libro, aggiornandolo ogni anno con nuove ristampe. La nostra innovativa autonomia di stampa evita anche il deterioramento dei libri invenduti che sono conservati nei magazzini a tempo indeterminato.\r\n\"\n\t\t\t\t\t\t\t}\n\t\t\t\t\t    }\n\t\t\t\t    \t\t\t\t    \n\t\t\t\t\t\t\t\t\t\t,{\n\t\t\t\t\t        \"@type\": \"Question\",\n\t\t\t\t\t        \"name\": \"Perch\u00e9 \u00e8 necessario che i nostri testi siano corretti e adattati al linguaggio infantile da un esperto certificato?\",\n\t\t\t\t\t        \"acceptedAnswer\": {\n\t\t\t\t\t        \t\"@type\": \"Answer\",\n\t\t\t\t\t\t\t\t\"text\": \"Al fine di ottenere la massima qualit\u00e0 linguistica possibile, il testo deve essere sottoposto alla correzione e adattamento alla \u201clingua dei bambini o dei giovani\u201d (a seconda della fascia d\u2019et\u00e1 a cui e\u2019 indirizzato). D\u2019altra parte, nel caso in cui quest\u2019opera ne ammettesse la possibilita\u2019 (a seconda delle sue caratteristiche) verra\u2019 proposto all\u2019autore di sviluppare una serie di idee complementari che migliorerebbero l\u2019opera apportando un valore aggiunto.\r\nLa lettura per l\u2019infanzia - pi\u00f9 di ogni altra, se possibile -considerato il pubblico particolarmente sensibile a cui si rivolge, non pu\u00f3 permettersi inesattezze.\r\n\"\n\t\t\t\t\t\t\t}\n\t\t\t\t\t    }\n\t\t\t\t    \t\t\t\t    \n\t\t\t\t\t\t\t\t\t\t,{\n\t\t\t\t\t        \"@type\": \"Question\",\n\t\t\t\t\t        \"name\": \"Effettuate controlli di qualit\u00e0?\",\n\t\t\t\t\t        \"acceptedAnswer\": {\n\t\t\t\t\t        \t\"@type\": \"Answer\",\n\t\t\t\t\t\t\t\t\"text\": \"Tutte le nostre opere edite - siano esse frutto di una selezione e pianificazione effettuata in diversi mesi dall\u2019editore, o di una collaborazione tra autore ed editore che permetta una realizzazione immediata per la pubblicazione - seguono lo stesso iter e controllo di qualit\u00e1 in termini di testi, illustrazioni, impaginazione, design della copertina, scelta dei caratteri, ecc.\r\nControlliamo ogni dettaglio al massimo. Per noi l'eccellenza di ogni pubblicazione \u00e8 un requisito fondamentale, cos\u00ec come lo \u00e8, soprattutto, che ogni autore sia soddisfatto del risultato finale. Per questo, il nostro  processo di editing non si ferma fino a quando il tutto non sar\u00e0 convalidato\/approvato con l'autore.\r\n\"\n\t\t\t\t\t\t\t}\n\t\t\t\t\t    }\n\t\t\t\t    \t\t\t\t    \n\t\t\t\t\t\t\t\t\t\t,{\n\t\t\t\t\t        \"@type\": \"Question\",\n\t\t\t\t\t        \"name\": \"Quanto dovrebbe essere lungo un libro per bambini?\",\n\t\t\t\t\t        \"acceptedAnswer\": {\n\t\t\t\t\t        \t\"@type\": \"Answer\",\n\t\t\t\t\t\t\t\t\"text\": \"Un album illustrato per bambini puo\u2019 essere in un intervallo compreso tra le 20 e le 40 pagine.\r\n\"\n\t\t\t\t\t\t\t}\n\t\t\t\t\t    }\n\t\t\t\t    \t\t\t\t    \n\t\t\t\t\t\t\t]\n\t    }\n    <\/script>    \n<\/section>\n\n\n\n\n\n\n\n\n\n\n\n<div id=\"contact-block_ffe27afe01b667f2dfaa8f3572fbb677\" class=\"block-contact\">\n\t<div class=\"block-contact-txt\">\n\t\t<h2>Contattaci<\/h2>\n\t\t<p>Chiamaci o chiedici di chiamarti per chiarire i tuoi dubbi<\/p>\n\t<\/div>\n\t<div class=\"block-contact-items\">\n\t\t<div class=\"contact-item\">\n\t\t\t<a href=\"https:\/\/api.whatsapp.com\/send?phone=34653754771&#038;\" alt=\"Whatsapp Babidibu\" rel=\"nofollow noopener\" target=\"_blank\">\n\t\t\t\t<div class=\"contact-item-icon\">\n\t\t\t\t\t<i class=\"ri-whatsapp-line\"><\/i> \n\t\t\t\t<\/div>\n\t\t\t\t<div class=\"contact-item-txt\">\n\t\t\t\t\tWhatsApp\n\t\t\t\t<\/div>\n\t\t\t<\/a>\n\t\t<\/div>\n\t\t<div class=\"contact-item\">\n\t\t\t<a href=\"tel:+34653754771\" alt=\"Fai una telefonata a Babidib\u00fa\">\n\t\t\t\t<div class=\"contact-item-icon\">\n\t\t\t\t\t<i class=\"ri-smartphone-line\"><\/i>\n\t\t\t\t<\/div>\n\t\t\t\t<div class=\"contact-item-txt\">\n\t\t\t\tTelefono\t\t\t\t<\/div>\n\t\t\t<\/a>\n\t\t<\/div>\n\t\t<div class=\"contact-item\">\n\t\t\t<a href=\"https:\/\/www.babidibulibros.com\/publica-con-nosotros\/\">\n\t\t\t\t<div class=\"contact-item-icon\">\n\t\t\t\t\t<i class=\"ri-file-list-3-line\"><\/i>\n\t\t\t\t<\/div>\n\t\t\t\t<div class=\"contact-item-txt\">\n\t\t\t\t\tManoscritto\t\t\t\t<\/div>\n\t\t\t<\/a>\n\t\t<\/div>\n\t<\/div>\n<\/div>","protected":false},"excerpt":{"rendered":"<p>Come e perch\u00e9 selezioniamo un\u2019opera Una volta inviati i vostri manoscritti, questi sono accolti dalla nostra Redazione che li riorganizza [&hellip;]<\/p>\n","protected":false},"author":3,"featured_media":0,"parent":0,"menu_order":116,"comment_status":"closed","ping_status":"closed","template":"","meta":{"_acf_changed":false,"content-type":"","footnotes":""},"class_list":["post-21335","page","type-page","status-publish","hentry"],"acf":[],"_links":{"self":[{"href":"https:\/\/www.babidibulibros.com\/it\/wp-json\/wp\/v2\/pages\/21335","targetHints":{"allow":["GET"]}}],"collection":[{"href":"https:\/\/www.babidibulibros.com\/it\/wp-json\/wp\/v2\/pages"}],"about":[{"href":"https:\/\/www.babidibulibros.com\/it\/wp-json\/wp\/v2\/types\/page"}],"author":[{"embeddable":true,"href":"https:\/\/www.babidibulibros.com\/it\/wp-json\/wp\/v2\/users\/3"}],"replies":[{"embeddable":true,"href":"https:\/\/www.babidibulibros.com\/it\/wp-json\/wp\/v2\/comments?post=21335"}],"version-history":[{"count":2,"href":"https:\/\/www.babidibulibros.com\/it\/wp-json\/wp\/v2\/pages\/21335\/revisions"}],"predecessor-version":[{"id":58199,"href":"https:\/\/www.babidibulibros.com\/it\/wp-json\/wp\/v2\/pages\/21335\/revisions\/58199"}],"wp:attachment":[{"href":"https:\/\/www.babidibulibros.com\/it\/wp-json\/wp\/v2\/media?parent=21335"}],"curies":[{"name":"wp","href":"https:\/\/api.w.org\/{rel}","templated":true}]}}