{"id":21378,"date":"2020-11-18T13:14:31","date_gmt":"2020-11-18T12:14:31","guid":{"rendered":"https:\/\/babidibu.desarrollotrevenque.com\/servicios-para-promocionar-tu-libro\/"},"modified":"2023-03-07T18:10:29","modified_gmt":"2023-03-07T17:10:29","slug":"materiali-per-promuovere-il-tuo-libro","status":"publish","type":"page","link":"https:\/\/www.babidibulibros.com\/it\/materiali-per-promuovere-il-tuo-libro\/","title":{"rendered":"Materiali per promuovere il tuo libro"},"content":{"rendered":"\n<div class=\"wp-block-group\"><div class=\"wp-block-group__inner-container is-layout-flow wp-block-group-is-layout-flow\">\n<div class=\"wp-block-media-text is-stacked-on-mobile is-vertically-aligned-center\" style=\"grid-template-columns:37% auto\"><figure class=\"wp-block-media-text__media\"><img loading=\"lazy\" decoding=\"async\" width=\"500\" height=\"486\" src=\"https:\/\/www.babidibulibros.com\/wp-content\/uploads\/2023\/03\/230307_Material-promocional_IT_Taza-7.png\" alt=\"\" class=\"wp-image-58076 size-medium\" srcset=\"https:\/\/www.babidibulibros.com\/wp-content\/uploads\/2023\/03\/230307_Material-promocional_IT_Taza-7.png 500w, https:\/\/www.babidibulibros.com\/wp-content\/uploads\/2023\/03\/230307_Material-promocional_IT_Taza-7-309x300.png 309w\" sizes=\"auto, (max-width: 500px) 100vw, 500px\" \/><\/figure><div class=\"wp-block-media-text__content\">\n<h2 class=\"wp-block-heading\">Tazze personalizzate<\/h2>\n\n\n\n<p><span style=\"font-weight: 400;\">Ti piacerebbe gustare del caff\u00e8 o della cioccolata calda in una tazza con la copertina del tuo libro stampata sopra? Con BABIDI-Bu puoi farlo!<\/span><\/p>\n<p><span style=\"font-weight: 400;\">E poi, puoi regalarla ai tuoi cari, creare promozioni e offerte all&#8217; acquisto di gadget combinati all\u2019acquisto della tua opera..<\/span><\/p>\n<p><span style=\"font-weight: 400;\">Verificheremo insieme i prezzi unitari!<\/span><\/p>\n<\/div><\/div>\n<\/div><\/div>\n\n\n\n<div class=\"wp-block-media-text is-stacked-on-mobile is-vertically-aligned-center is-image-fill\" style=\"grid-template-columns:36% auto\"><figure class=\"wp-block-media-text__media\" style=\"background-image:url(https:\/\/www.babidibulibros.com\/wp-content\/uploads\/2022\/12\/ROLLUP.png);background-position:50% 50%\"><img loading=\"lazy\" decoding=\"async\" width=\"749\" height=\"728\" src=\"https:\/\/www.babidibulibros.com\/wp-content\/uploads\/2022\/12\/ROLLUP.png\" alt=\"\" class=\"wp-image-28975 size-full\" srcset=\"https:\/\/www.babidibulibros.com\/wp-content\/uploads\/2022\/12\/ROLLUP.png 749w, https:\/\/www.babidibulibros.com\/wp-content\/uploads\/2022\/12\/ROLLUP-309x300.png 309w\" sizes=\"auto, (max-width: 749px) 100vw, 749px\" \/><\/figure><div class=\"wp-block-media-text__content\">\n<h2 class=\"wp-block-heading\">Roll-up personalizzati<\/h2>\n\n\n\n<p><span style=\"font-weight: 400;\">In qualsiasi conferenza o presentazione, il <strong>Roll-<\/strong><strong>up<\/strong> \u00e8 un <strong>elemento promozionale fondamentale<\/strong>! <\/span><\/p>\n<p><span style=\"font-weight: 400;\">Grazie alla sua facilit\u00e0 di trasporto e alla sua flessibilit\u00e0 creativa, si adatter\u00e0 perfettamente alle tue esigenze per raccontare una storia coerente che renda la tua comunicazione pi\u00f9 attraente, rafforzando e personalizzando qualsiasi presentazione al pubblico. Potrai <strong>personalizzare<\/strong> il <strong>design<\/strong> secondo il tuo gusto, utilizzando gli elementi della tua copertina o dall\u2019 interno del libro.&nbsp;<\/span><\/p>\n<\/div><\/div>\n\n\n\n<div class=\"wp-block-media-text is-stacked-on-mobile\" style=\"grid-template-columns:36% auto\"><figure class=\"wp-block-media-text__media\"><img loading=\"lazy\" decoding=\"async\" width=\"749\" height=\"728\" src=\"https:\/\/www.babidibulibros.com\/wp-content\/uploads\/2022\/12\/Cuaderno.png\" alt=\"\" class=\"wp-image-28979 size-full\" srcset=\"https:\/\/www.babidibulibros.com\/wp-content\/uploads\/2022\/12\/Cuaderno.png 749w, https:\/\/www.babidibulibros.com\/wp-content\/uploads\/2022\/12\/Cuaderno-309x300.png 309w\" sizes=\"auto, (max-width: 749px) 100vw, 749px\" \/><\/figure><div class=\"wp-block-media-text__content\">\n<h2 class=\"wp-block-heading\">Quaderni e agende personalizzate<\/h2>\n\n\n\n<p>Realizza quaderni e taccuini <strong>personalizzati <\/strong>con il design del tuo libro. L\u2019uso quotidiano di questi li rende un <strong>regalo ideale <\/strong>da fare ai tuoi&nbsp; lettori.<\/p>\n<\/div><\/div>\n\n\n\n<div class=\"wp-block-media-text is-stacked-on-mobile\" style=\"grid-template-columns:35% auto\"><figure class=\"wp-block-media-text__media\"><img loading=\"lazy\" decoding=\"async\" width=\"889\" height=\"1024\" src=\"https:\/\/www.babidibulibros.com\/wp-content\/uploads\/2022\/12\/EXPOSITOR-1-889x1024.png\" alt=\"\" class=\"wp-image-28985 size-full\" srcset=\"https:\/\/www.babidibulibros.com\/wp-content\/uploads\/2022\/12\/EXPOSITOR-1-889x1024.png 889w, https:\/\/www.babidibulibros.com\/wp-content\/uploads\/2022\/12\/EXPOSITOR-1-260x300.png 260w, https:\/\/www.babidibulibros.com\/wp-content\/uploads\/2022\/12\/EXPOSITOR-1-768x885.png 768w, https:\/\/www.babidibulibros.com\/wp-content\/uploads\/2022\/12\/EXPOSITOR-1.png 1276w\" sizes=\"auto, (max-width: 889px) 100vw, 889px\" \/><\/figure><div class=\"wp-block-media-text__content\">\n<h2 class=\"wp-block-heading\">Espositori<\/h2>\n\n\n\n<p>&nbsp;In qualsiasi <strong>punto vendita<\/strong>, il corretto posizionamento di un libro \u00e8 un elemento fondamentale per&nbsp; incuriosire i lettori e <strong>spronare l\u2019acquisto<\/strong>. Proprio per questo, mettiamo a tua disposizione i nostri espositori in formato A4 con il disegno della copertina del tuo libro o quello che ritieni pi\u00f9 opportuno.<\/p>\n<\/div><\/div>\n\n\n\n<div class=\"wp-block-media-text is-stacked-on-mobile\" style=\"grid-template-columns:35% auto\"><figure class=\"wp-block-media-text__media\"><img loading=\"lazy\" decoding=\"async\" width=\"400\" height=\"466\" src=\"https:\/\/www.babidibulibros.com\/wp-content\/uploads\/2023\/03\/230307_Material-promocional_Marcapaginas_IT.png\" alt=\"\" class=\"wp-image-58109 size-full\" srcset=\"https:\/\/www.babidibulibros.com\/wp-content\/uploads\/2023\/03\/230307_Material-promocional_Marcapaginas_IT.png 400w, https:\/\/www.babidibulibros.com\/wp-content\/uploads\/2023\/03\/230307_Material-promocional_Marcapaginas_IT-258x300.png 258w\" sizes=\"auto, (max-width: 400px) 100vw, 400px\" \/><\/figure><div class=\"wp-block-media-text__content\">\n<h2 class=\"wp-block-heading\">Segnalibri personalizzati<\/h2>\n\n\n\n<p>Non perderti piu\u2019 nella lettura! Il nostro dipartimento di progettazione e design porr\u00e0 a tua disposizione uno strumento essenziale che potrai utilizzare secondo i tuoi interessi, perch\u00e9 potrai regalarlo quando acquisteranno il tuo libro, durante la sua presentazione o come \u201cbiglietto da visita\u201d per avere pi\u00f9 <strong>visibilit\u00e0<\/strong>. Il segnalibro sar\u00e0 anch\u2019esso personalizzato e ispirato alla tua opera.<\/p>\n\n\n\n<p>Verifica con noi i prezzi!<\/p>\n<\/div><\/div>\n\n\n\n<div id=\"contact-block_0552142b291e7fac70f5636617730a2f\" class=\"block-contact\">\n\t<div class=\"block-contact-txt\">\n\t\t<h2>Contattaci<\/h2>\n\t\t<p>Chiamaci o chiedici di chiamarti per chiarire i tuoi dubbi<\/p>\n\t<\/div>\n\t<div class=\"block-contact-items\">\n\t\t<div class=\"contact-item\">\n\t\t\t<a href=\"https:\/\/api.whatsapp.com\/send?phone=34653754771&#038;\" alt=\"Whatsapp Babidibu\" rel=\"nofollow noopener\" target=\"_blank\">\n\t\t\t\t<div class=\"contact-item-icon\">\n\t\t\t\t\t<i class=\"ri-whatsapp-line\"><\/i> \n\t\t\t\t<\/div>\n\t\t\t\t<div class=\"contact-item-txt\">\n\t\t\t\t\tWhatsApp\n\t\t\t\t<\/div>\n\t\t\t<\/a>\n\t\t<\/div>\n\t\t<div class=\"contact-item\">\n\t\t\t<a href=\"tel:+34653754771\" alt=\"Fai una telefonata a Babidib\u00fa\">\n\t\t\t\t<div class=\"contact-item-icon\">\n\t\t\t\t\t<i class=\"ri-smartphone-line\"><\/i>\n\t\t\t\t<\/div>\n\t\t\t\t<div class=\"contact-item-txt\">\n\t\t\t\tTelefono\t\t\t\t<\/div>\n\t\t\t<\/a>\n\t\t<\/div>\n\t\t<div class=\"contact-item\">\n\t\t\t<a href=\"https:\/\/www.babidibulibros.com\/publica-con-nosotros\/\">\n\t\t\t\t<div class=\"contact-item-icon\">\n\t\t\t\t\t<i class=\"ri-file-list-3-line\"><\/i>\n\t\t\t\t<\/div>\n\t\t\t\t<div class=\"contact-item-txt\">\n\t\t\t\t\tManoscritto\t\t\t\t<\/div>\n\t\t\t<\/a>\n\t\t<\/div>\n\t<\/div>\n<\/div>","protected":false},"excerpt":{"rendered":"<p>Tazze personalizzate Ti piacerebbe gustare del caff\u00e8 o della cioccolata calda in una tazza con la copertina del tuo libro [&hellip;]<\/p>\n","protected":false},"author":4,"featured_media":0,"parent":0,"menu_order":65,"comment_status":"closed","ping_status":"closed","template":"","meta":{"_acf_changed":false,"content-type":"","footnotes":""},"class_list":["post-21378","page","type-page","status-publish","hentry"],"acf":[],"_links":{"self":[{"href":"https:\/\/www.babidibulibros.com\/it\/wp-json\/wp\/v2\/pages\/21378","targetHints":{"allow":["GET"]}}],"collection":[{"href":"https:\/\/www.babidibulibros.com\/it\/wp-json\/wp\/v2\/pages"}],"about":[{"href":"https:\/\/www.babidibulibros.com\/it\/wp-json\/wp\/v2\/types\/page"}],"author":[{"embeddable":true,"href":"https:\/\/www.babidibulibros.com\/it\/wp-json\/wp\/v2\/users\/4"}],"replies":[{"embeddable":true,"href":"https:\/\/www.babidibulibros.com\/it\/wp-json\/wp\/v2\/comments?post=21378"}],"version-history":[{"count":3,"href":"https:\/\/www.babidibulibros.com\/it\/wp-json\/wp\/v2\/pages\/21378\/revisions"}],"predecessor-version":[{"id":58116,"href":"https:\/\/www.babidibulibros.com\/it\/wp-json\/wp\/v2\/pages\/21378\/revisions\/58116"}],"wp:attachment":[{"href":"https:\/\/www.babidibulibros.com\/it\/wp-json\/wp\/v2\/media?parent=21378"}],"curies":[{"name":"wp","href":"https:\/\/api.w.org\/{rel}","templated":true}]}}