{"id":21389,"date":"2021-01-29T13:59:23","date_gmt":"2021-01-29T12:59:23","guid":{"rendered":"https:\/\/babidibu.desarrollotrevenque.com\/libros-infantiles-bilingues\/"},"modified":"2023-02-24T13:02:47","modified_gmt":"2023-02-24T12:02:47","slug":"libri-bilingue-per-imparare-una-nuova-lingua","status":"publish","type":"page","link":"https:\/\/www.babidibulibros.com\/it\/libri-bilingue-per-imparare-una-nuova-lingua\/","title":{"rendered":"Libri per bambini per imparare una nuova lingua"},"content":{"rendered":"\n<p>Considerata l&#8217; inesorabile globalizzazione dell&#8217;economia mondiale, siamo sempre pi\u00f9 consapevoli dell&#8217; <strong>importanza<\/strong> di <strong>parlare diverse lingue<\/strong>. La maggior parte dei centri educativi, infatti, ha incorporato la seconda e la terza lingua nel loro programma di insegnamento in modo che i nostri piccoli, il futuro di domani, abbiano la migliore educazione internazionale possibile.<\/p>\n\n\n\n<p>Tuttavia, sappiamo che alcuni bambini potrebbero non sentirsi a proprio agio nell&#8217;apprendimento di una nuova lingua a cui non sono abituati. Ecco perch\u00e9 \u00e8 importante mostrare loro gi\u00e0 a casa, in modo giocoso, che studiare una nuova lingua pu\u00f2 essere molto divertente e, dunque, quale momento migliore per farlo se non durante uno dei loro momenti preferiti della giornata (come ad esempio la lettura prima di andare a letto)?<\/p>\n\n\n\n<div class=\"wp-block-group\"><div class=\"wp-block-group__inner-container is-layout-flow wp-block-group-is-layout-flow\">\n<div class=\"wp-block-columns is-layout-flex wp-container-core-columns-is-layout-9d6595d7 wp-block-columns-is-layout-flex\">\n<div class=\"wp-block-column is-layout-flow wp-block-column-is-layout-flow\" style=\"flex-basis:100%\">\n<div class=\"wp-block-columns alignwide are-vertically-aligned-center is-layout-flex wp-container-core-columns-is-layout-9d6595d7 wp-block-columns-is-layout-flex\">\n<div class=\"wp-block-column is-vertically-aligned-center is-layout-flow wp-block-column-is-layout-flow\">\n<p>\u00c8 molto importante che il lavoro sia adattato alle loro capacit\u00e0 di lettura e, naturalmente, alla loro et\u00e0, per trarne il massimo beneficio, evitando che diventi solo un altro &#8220;compito&#8221; quotidiano. Dobbiamo renderlo divertente!<\/p>\n<\/div>\n\n\n\n<div class=\"wp-block-column is-vertically-aligned-center is-layout-flow wp-block-column-is-layout-flow\">\n<div class=\"wp-block-group\"><div class=\"wp-block-group__inner-container is-layout-flow wp-block-group-is-layout-flow\">\n<h2 class=\"wp-block-heading\">Quali vantaggi ci danno le letture in altre lingue?<\/h2>\n\n\n\n<ul class=\"wp-block-list\">\n<li>Migliore <strong>sviluppo cognitivo<\/strong><\/li>\n\n\n\n<li><strong>Migliora la grammatica e il vocabolario<\/strong><\/li>\n\n\n\n<li>Apprendimento di <strong>valori impliciti<\/strong> nella lettura<\/li>\n\n\n\n<li>Fomento dell&#8217;<strong>inclusione socio-culturale<\/strong><\/li>\n\n\n\n<li>Maggiore <strong>capacit\u00e0 di apprendimento<\/strong> per le nuove lingue <\/li>\n\n\n\n<li>Ci fa spendere pi\u00f9 <strong>tempo in famiglia<\/strong><\/li>\n<\/ul>\n<\/div><\/div>\n<\/div>\n<\/div>\n<\/div>\n<\/div>\n<\/div><\/div>\n\n\n\n<div id=\"big-books-block_a81823f23572f17e4a6bcf990629b29d\" class=\"block-big-books\" data-bg-text=\"\">\n\t<div class=\"row\">\n\t\t<div class=\"big-books three-cols\">\t\t\n\t\t\t\t\t\t\t\t<div class=\"big-books-item\">\n\t\t\t\t\t\t<a class=\"big-books-item-link\" target=\"_self\" href=\"https:\/\/tienda.babidibulibros.com\/libro\/zurribulle_145916\/\"><\/a>\n\t\t\t\t\t\t<img loading=\"lazy\" decoding=\"async\" width=\"667\" height=\"672\" src=\"https:\/\/www.babidibulibros.com\/wp-content\/uploads\/2023\/02\/edition-138053.jpg\" class=\"attachment-post-thumbnail size-post-thumbnail wp-post-image\" alt=\"\" srcset=\"https:\/\/www.babidibulibros.com\/wp-content\/uploads\/2023\/02\/edition-138053.jpg 667w, https:\/\/www.babidibulibros.com\/wp-content\/uploads\/2023\/02\/edition-138053-298x300.jpg 298w\" sizes=\"auto, (max-width: 667px) 100vw, 667px\" \/>\t\t\t\t    <\/div>\n\t\t\t\t\t\t\t\t\t<div class=\"big-books-item\">\n\t\t\t\t\t\t<a class=\"big-books-item-link\" target=\"_self\" href=\"https:\/\/tienda.babidibulibros.com\/libro\/un-abbraccio-per-puas_145845\/\"><\/a>\n\t\t\t\t\t\t<img loading=\"lazy\" decoding=\"async\" width=\"498\" height=\"701\" src=\"https:\/\/www.babidibulibros.com\/wp-content\/uploads\/2023\/01\/edition-137969.jpg\" class=\"attachment-post-thumbnail size-post-thumbnail wp-post-image\" alt=\"\" srcset=\"https:\/\/www.babidibulibros.com\/wp-content\/uploads\/2023\/01\/edition-137969.jpg 498w, https:\/\/www.babidibulibros.com\/wp-content\/uploads\/2023\/01\/edition-137969-213x300.jpg 213w\" sizes=\"auto, (max-width: 498px) 100vw, 498px\" \/>\t\t\t\t    <\/div>\n\t\t\t\t\t\t\t\t\t<div class=\"big-books-item\">\n\t\t\t\t\t\t<a class=\"big-books-item-link\" target=\"_self\" href=\"https:\/\/tienda.babidibulibros.com\/libro\/capitano-pinguino_145913\/\"><\/a>\n\t\t\t\t\t\t<img loading=\"lazy\" decoding=\"async\" width=\"666\" height=\"671\" src=\"https:\/\/www.babidibulibros.com\/wp-content\/uploads\/2023\/02\/edition-138052.jpg\" class=\"attachment-post-thumbnail size-post-thumbnail wp-post-image\" alt=\"\" srcset=\"https:\/\/www.babidibulibros.com\/wp-content\/uploads\/2023\/02\/edition-138052.jpg 666w, https:\/\/www.babidibulibros.com\/wp-content\/uploads\/2023\/02\/edition-138052-298x300.jpg 298w\" sizes=\"auto, (max-width: 666px) 100vw, 666px\" \/>\t\t\t\t    <\/div>\n\t\t\t\t\t\t\t\t\t<div class=\"big-books-item\">\n\t\t\t\t\t\t<a class=\"big-books-item-link\" target=\"_self\" href=\"https:\/\/tienda.babidibulibros.com\/libro\/tutti-vogliono-essere-il-re_145840\/\"><\/a>\n\t\t\t\t\t\t<img loading=\"lazy\" decoding=\"async\" width=\"745\" height=\"601\" src=\"https:\/\/www.babidibulibros.com\/wp-content\/uploads\/2023\/01\/edition-137977.jpg\" class=\"attachment-post-thumbnail size-post-thumbnail wp-post-image\" alt=\"\" srcset=\"https:\/\/www.babidibulibros.com\/wp-content\/uploads\/2023\/01\/edition-137977.jpg 745w, https:\/\/www.babidibulibros.com\/wp-content\/uploads\/2023\/01\/edition-137977-372x300.jpg 372w\" sizes=\"auto, (max-width: 745px) 100vw, 745px\" \/>\t\t\t\t    <\/div>\n\t\t\t\t\t\t\t\t\t<div class=\"big-books-item\">\n\t\t\t\t\t\t<a class=\"big-books-item-link\" target=\"_self\" href=\"https:\/\/tienda.babidibulibros.com\/libro\/la-storia-della-corda_145838\/\"><\/a>\n\t\t\t\t\t\t<img loading=\"lazy\" decoding=\"async\" width=\"504\" height=\"720\" src=\"https:\/\/www.babidibulibros.com\/wp-content\/uploads\/2023\/01\/edition-137970.jpg\" class=\"attachment-post-thumbnail size-post-thumbnail wp-post-image\" alt=\"\" srcset=\"https:\/\/www.babidibulibros.com\/wp-content\/uploads\/2023\/01\/edition-137970.jpg 504w, https:\/\/www.babidibulibros.com\/wp-content\/uploads\/2023\/01\/edition-137970-210x300.jpg 210w\" sizes=\"auto, (max-width: 504px) 100vw, 504px\" \/>\t\t\t\t    <\/div>\n\t\t\t\t\t\t\t\t\t<div class=\"big-books-item\">\n\t\t\t\t\t\t<a class=\"big-books-item-link\" target=\"_self\" href=\"https:\/\/tienda.babidibulibros.com\/libro\/boboto_145841\/\"><\/a>\n\t\t\t\t\t\t<img loading=\"lazy\" decoding=\"async\" width=\"696\" height=\"501\" src=\"https:\/\/www.babidibulibros.com\/wp-content\/uploads\/2023\/01\/edition-137975.jpg\" class=\"attachment-post-thumbnail size-post-thumbnail wp-post-image\" alt=\"\" srcset=\"https:\/\/www.babidibulibros.com\/wp-content\/uploads\/2023\/01\/edition-137975.jpg 696w, https:\/\/www.babidibulibros.com\/wp-content\/uploads\/2023\/01\/edition-137975-417x300.jpg 417w\" sizes=\"auto, (max-width: 696px) 100vw, 696px\" \/>\t\t\t\t    <\/div>\n\t\t\t\t\t\t\t\t\t<\/div>\n\t<\/div>\n\t<div class=\"big-books-actions\">\n\t\t<a class=\"btn btn-primary\" href=\"https:\/\/tienda.babidibulibros.com\/categorias\/?catalog_language=spa\">\n\t\t\tVisita il nostro catalogo\t\t<\/a>\n\t<\/div>\n<\/div>\n\n\n\n<div class=\"wp-block-buttons is-horizontal is-content-justification-center is-layout-flex wp-container-core-buttons-is-layout-499968f5 wp-block-buttons-is-layout-flex\"><\/div>\n\n\n\n<div id=\"contact-block_6aa930c7bec8599184971355cc1c6084\" class=\"block-contact\">\n\t<div class=\"block-contact-txt\">\n\t\t<h2>Contattaci<\/h2>\n\t\t<p>Chiamaci o chiedici di chiamarti per chiarire i tuoi dubbi<\/p>\n\t<\/div>\n\t<div class=\"block-contact-items\">\n\t\t<div class=\"contact-item\">\n\t\t\t<a href=\"https:\/\/api.whatsapp.com\/send?phone=34653754771&#038;\" alt=\"Whatsapp Babidibu\" rel=\"nofollow noopener\" target=\"_blank\">\n\t\t\t\t<div class=\"contact-item-icon\">\n\t\t\t\t\t<i class=\"ri-whatsapp-line\"><\/i> \n\t\t\t\t<\/div>\n\t\t\t\t<div class=\"contact-item-txt\">\n\t\t\t\t\tWhatsApp\n\t\t\t\t<\/div>\n\t\t\t<\/a>\n\t\t<\/div>\n\t\t<div class=\"contact-item\">\n\t\t\t<a href=\"tel:+34653754771\" alt=\"Fai una telefonata a Babidib\u00fa\">\n\t\t\t\t<div class=\"contact-item-icon\">\n\t\t\t\t\t<i class=\"ri-smartphone-line\"><\/i>\n\t\t\t\t<\/div>\n\t\t\t\t<div class=\"contact-item-txt\">\n\t\t\t\tTelefono\t\t\t\t<\/div>\n\t\t\t<\/a>\n\t\t<\/div>\n\t\t<div class=\"contact-item\">\n\t\t\t<a href=\"https:\/\/www.babidibulibros.com\/publica-con-nosotros\/\">\n\t\t\t\t<div class=\"contact-item-icon\">\n\t\t\t\t\t<i class=\"ri-file-list-3-line\"><\/i>\n\t\t\t\t<\/div>\n\t\t\t\t<div class=\"contact-item-txt\">\n\t\t\t\t\tManoscritto\t\t\t\t<\/div>\n\t\t\t<\/a>\n\t\t<\/div>\n\t<\/div>\n<\/div>\n\n\n<section id=\"faq-block_2bbe2fe5d2c691bad5a38038af265411\" class=\"section section-faqs faq\">\n\t<div class=\"container\">\n\t\t\t\t\t<div class=\"accordion\" id=\"accordionFAQ\">\n\t\t\t\t\t\t\t         <div class=\"card\">\n\t\t\t            <div class=\"card-header\" id=\"heading-1\">\n\t\t\t               <button class=\"collapsed\" type=\"button\" data-toggle=\"collapse\" data-target=\"#collapse-1\" aria-expanded=\"false\" aria-controls=\"collapse-1\">\n\t\t\t               <span>Come funziona il processo di pubblicazione di un libro bilingue?<\/span>\n\t\t\t               <\/button>\n\t\t\t            <\/div>\n\t\t\t            <div id=\"collapse-1\" class=\"collapse\" aria-labelledby=\"heading-1\" data-parent=\"#accordionFAQ\" style=\"\">\n\t\t\t               <div class=\"card-body\">\n\t\t\t                  \u00c8 esattamente lo stesso di quello che seguiamo quando pubblichiamo una favola per bambini in lingua unica. Una volta ricevuto il lavoro, eseguiremo tutti i processi coinvolti nella pubblicazione del libro spiegati nelle altre sezioni del nostro sito.\t\t\t               <\/div>\n\t\t\t            <\/div>\n\t\t\t         <\/div>\n\t\t\t\t\t\t\t         <div class=\"card\">\n\t\t\t            <div class=\"card-header\" id=\"heading-2\">\n\t\t\t               <button class=\"collapsed\" type=\"button\" data-toggle=\"collapse\" data-target=\"#collapse-2\" aria-expanded=\"false\" aria-controls=\"collapse-2\">\n\t\t\t               <span>Qual \u00e8 il vantaggio pi\u00f9 importante del libro bilingue?<\/span>\n\t\t\t               <\/button>\n\t\t\t            <\/div>\n\t\t\t            <div id=\"collapse-2\" class=\"collapse\" aria-labelledby=\"heading-2\" data-parent=\"#accordionFAQ\" style=\"\">\n\t\t\t               <div class=\"card-body\">\n\t\t\t                  In particolare, la facilit\u00e0 che hanno i ragazzi e le ragazze nell&#8217; imparare e nel prendere confidenza con le lingue in cui \u00e8 scritto il libro, in quanto entrambi i testi sono posti contemporaneamte sulla stessa pagina man mano che il racconto si svolge.\t\t\t               <\/div>\n\t\t\t            <\/div>\n\t\t\t         <\/div>\n\t\t\t\t\t\t\t         <div class=\"card\">\n\t\t\t            <div class=\"card-header\" id=\"heading-3\">\n\t\t\t               <button class=\"collapsed\" type=\"button\" data-toggle=\"collapse\" data-target=\"#collapse-3\" aria-expanded=\"false\" aria-controls=\"collapse-3\">\n\t\t\t               <span>E i vantaggi di leggere questi tipi di libri?<\/span>\n\t\t\t               <\/button>\n\t\t\t            <\/div>\n\t\t\t            <div id=\"collapse-3\" class=\"collapse\" aria-labelledby=\"heading-3\" data-parent=\"#accordionFAQ\" style=\"\">\n\t\t\t               <div class=\"card-body\">\n\t\t\t                  Favorisce un maggiore sviluppo cognitivo, un miglioramento della grammatica e del vocabolario, l&#8217;apprendimento dei valori impliciti nella lettura, promuove l&#8217;inclusione socio-culturale, una maggiore capacit\u00e0 di apprendere nuove lingue e, soprattutto, aiuta a trascorrere pi\u00f9 tempo in famiglia.\t\t\t               <\/div>\n\t\t\t            <\/div>\n\t\t\t         <\/div>\n\t\t\t\t\t\t\t         <div class=\"card\">\n\t\t\t            <div class=\"card-header\" id=\"heading-4\">\n\t\t\t               <button class=\"collapsed\" type=\"button\" data-toggle=\"collapse\" data-target=\"#collapse-4\" aria-expanded=\"false\" aria-controls=\"collapse-4\">\n\t\t\t               <span>Posso inviare la mia storia bilingue in modo da poter essere valutata e pubblicata?<\/span>\n\t\t\t               <\/button>\n\t\t\t            <\/div>\n\t\t\t            <div id=\"collapse-4\" class=\"collapse\" aria-labelledby=\"heading-4\" data-parent=\"#accordionFAQ\" style=\"\">\n\t\t\t               <div class=\"card-body\">\n\t\t\t                  Certamente! In BABIDI-B\u00da siamo sempre lieti di ricevere i progetti dei nostri possibili futuri autori. Inviaci il tuo manoscritto attraverso il modulo presente sul sito in modo da poterlo valutare.\t\t\t               <\/div>\n\t\t\t            <\/div>\n\t\t\t         <\/div>\n\t\t\t\t\t\t\t         <div class=\"card\">\n\t\t\t            <div class=\"card-header\" id=\"heading-5\">\n\t\t\t               <button class=\"collapsed\" type=\"button\" data-toggle=\"collapse\" data-target=\"#collapse-5\" aria-expanded=\"false\" aria-controls=\"collapse-5\">\n\t\t\t               <span>Correggete le bozze dei libri?<\/span>\n\t\t\t               <\/button>\n\t\t\t            <\/div>\n\t\t\t            <div id=\"collapse-5\" class=\"collapse\" aria-labelledby=\"heading-5\" data-parent=\"#accordionFAQ\" style=\"\">\n\t\t\t               <div class=\"card-body\">\n\t\t\t                  S\u00ec. Effettuiamo la correzione di bozze dei manoscritti in italiano, ma possiamo apportare la correzione del secondo testo mandandolo alla nostra delegazione di esperti specializzata nella lingua in questione.\t\t\t               <\/div>\n\t\t\t            <\/div>\n\t\t\t         <\/div>\n\t\t\t\t\t\t\t         <div class=\"card\">\n\t\t\t            <div class=\"card-header\" id=\"heading-6\">\n\t\t\t               <button class=\"collapsed\" type=\"button\" data-toggle=\"collapse\" data-target=\"#collapse-6\" aria-expanded=\"false\" aria-controls=\"collapse-6\">\n\t\t\t               <span>Dove posso acquistare i libri bilingue BABIDI-B\u00da?<\/span>\n\t\t\t               <\/button>\n\t\t\t            <\/div>\n\t\t\t            <div id=\"collapse-6\" class=\"collapse\" aria-labelledby=\"heading-6\" data-parent=\"#accordionFAQ\" style=\"\">\n\t\t\t               <div class=\"card-body\">\n\t\t\t                  In una qualsiasi delle nostre librerie e punti vendita autorizzati e riforniti dal nostro distributore. \u00c8 inoltre possibile acquistare copie tramite il nostro sito Web.\t\t\t               <\/div>\n\t\t\t            <\/div>\n\t\t\t         <\/div>\n\t\t\t\t\t\t\t         <div class=\"card\">\n\t\t\t            <div class=\"card-header\" id=\"heading-7\">\n\t\t\t               <button class=\"collapsed\" type=\"button\" data-toggle=\"collapse\" data-target=\"#collapse-7\" aria-expanded=\"false\" aria-controls=\"collapse-7\">\n\t\t\t               <span>Avete libri disponibili in altre lingue?<\/span>\n\t\t\t               <\/button>\n\t\t\t            <\/div>\n\t\t\t            <div id=\"collapse-7\" class=\"collapse\" aria-labelledby=\"heading-7\" data-parent=\"#accordionFAQ\" style=\"\">\n\t\t\t               <div class=\"card-body\">\n\t\t\t                  S\u00ec, nel nostro catalogo abbiamo una selezione di copie in altre lingue, come francese, inglese o tedesco, tra le altre.\t\t\t               <\/div>\n\t\t\t            <\/div>\n\t\t\t         <\/div>\n\t\t\t\t\t\t\t<\/div>\n\t\t\t\t<div class=\"text-center support-text\">\n\t\t\t<p>Hai altre domande? <a href=\"https:\/\/www.babidibulibros.com\/contacto\/\">Contattaci<\/a><\/p> \n\t\t<\/div>\n\t<\/div>\n\t<script type=\"application\/ld+json\">\n\t\t{\n\t    \t\"@context\": \"https:\/\/schema.org\",\n\t\t\t\"@type\": \"FAQPage\",\n\t\t\t\"mainEntity\": [\n\t\t\t\t\t\t\t\t\t{\n\t\t\t\t        \"@type\": \"Question\",\n\t\t\t\t        \"name\": \"Come funziona il processo di pubblicazione di un libro bilingue?\",\n\t\t\t\t        \"acceptedAnswer\": {\n\t\t\t\t        \t\"@type\": \"Answer\",\n\t\t\t\t\t\t\t\"text\": \"\u00c8 esattamente lo stesso di quello che seguiamo quando pubblichiamo una favola per bambini in lingua unica. Una volta ricevuto il lavoro, eseguiremo tutti i processi coinvolti nella pubblicazione del libro spiegati nelle altre sezioni del nostro sito.\"\n\t\t\t\t\t\t}\n\t\t\t\t    }\n\t\t\t\t    \t\t\t\t    \n\t\t\t\t\t\t\t\t\t\t,{\n\t\t\t\t\t        \"@type\": \"Question\",\n\t\t\t\t\t        \"name\": \"Qual \u00e8 il vantaggio pi\u00f9 importante del libro bilingue?\",\n\t\t\t\t\t        \"acceptedAnswer\": {\n\t\t\t\t\t        \t\"@type\": \"Answer\",\n\t\t\t\t\t\t\t\t\"text\": \"In particolare, la facilit\u00e0 che hanno i ragazzi e le ragazze nell' imparare e nel prendere confidenza con le lingue in cui \u00e8 scritto il libro, in quanto entrambi i testi sono posti contemporaneamte sulla stessa pagina man mano che il racconto si svolge.\"\n\t\t\t\t\t\t\t}\n\t\t\t\t\t    }\n\t\t\t\t    \t\t\t\t    \n\t\t\t\t\t\t\t\t\t\t,{\n\t\t\t\t\t        \"@type\": \"Question\",\n\t\t\t\t\t        \"name\": \"E i vantaggi di leggere questi tipi di libri?\",\n\t\t\t\t\t        \"acceptedAnswer\": {\n\t\t\t\t\t        \t\"@type\": \"Answer\",\n\t\t\t\t\t\t\t\t\"text\": \"Favorisce un maggiore sviluppo cognitivo, un miglioramento della grammatica e del vocabolario, l'apprendimento dei valori impliciti nella lettura, promuove l'inclusione socio-culturale, una maggiore capacit\u00e0 di apprendere nuove lingue e, soprattutto, aiuta a trascorrere pi\u00f9 tempo in famiglia.\"\n\t\t\t\t\t\t\t}\n\t\t\t\t\t    }\n\t\t\t\t    \t\t\t\t    \n\t\t\t\t\t\t\t\t\t\t,{\n\t\t\t\t\t        \"@type\": \"Question\",\n\t\t\t\t\t        \"name\": \"Posso inviare la mia storia bilingue in modo da poter essere valutata e pubblicata?\",\n\t\t\t\t\t        \"acceptedAnswer\": {\n\t\t\t\t\t        \t\"@type\": \"Answer\",\n\t\t\t\t\t\t\t\t\"text\": \"Certamente! In BABIDI-B\u00da siamo sempre lieti di ricevere i progetti dei nostri possibili futuri autori. Inviaci il tuo manoscritto attraverso il modulo presente sul sito in modo da poterlo valutare.\"\n\t\t\t\t\t\t\t}\n\t\t\t\t\t    }\n\t\t\t\t    \t\t\t\t    \n\t\t\t\t\t\t\t\t\t\t,{\n\t\t\t\t\t        \"@type\": \"Question\",\n\t\t\t\t\t        \"name\": \"Correggete le bozze dei libri?\",\n\t\t\t\t\t        \"acceptedAnswer\": {\n\t\t\t\t\t        \t\"@type\": \"Answer\",\n\t\t\t\t\t\t\t\t\"text\": \"S\u00ec. Effettuiamo la correzione di bozze dei manoscritti in italiano, ma possiamo apportare la correzione del secondo testo mandandolo alla nostra delegazione di esperti specializzata nella lingua in questione.\"\n\t\t\t\t\t\t\t}\n\t\t\t\t\t    }\n\t\t\t\t    \t\t\t\t    \n\t\t\t\t\t\t\t\t\t\t,{\n\t\t\t\t\t        \"@type\": \"Question\",\n\t\t\t\t\t        \"name\": \"Dove posso acquistare i libri bilingue BABIDI-B\u00da?\",\n\t\t\t\t\t        \"acceptedAnswer\": {\n\t\t\t\t\t        \t\"@type\": \"Answer\",\n\t\t\t\t\t\t\t\t\"text\": \"In una qualsiasi delle nostre librerie e punti vendita autorizzati e riforniti dal nostro distributore. \u00c8 inoltre possibile acquistare copie tramite il nostro sito Web.\"\n\t\t\t\t\t\t\t}\n\t\t\t\t\t    }\n\t\t\t\t    \t\t\t\t    \n\t\t\t\t\t\t\t\t\t\t,{\n\t\t\t\t\t        \"@type\": \"Question\",\n\t\t\t\t\t        \"name\": \"Avete libri disponibili in altre lingue?\",\n\t\t\t\t\t        \"acceptedAnswer\": {\n\t\t\t\t\t        \t\"@type\": \"Answer\",\n\t\t\t\t\t\t\t\t\"text\": \"S\u00ec, nel nostro catalogo abbiamo una selezione di copie in altre lingue, come francese, inglese o tedesco, tra le altre.\"\n\t\t\t\t\t\t\t}\n\t\t\t\t\t    }\n\t\t\t\t    \t\t\t\t    \n\t\t\t\t\t\t\t]\n\t    }\n    <\/script>    \n<\/section>\n\n\n\n\n\n\n\n\n","protected":false},"excerpt":{"rendered":"<p>Considerata l&#8217; inesorabile globalizzazione dell&#8217;economia mondiale, siamo sempre pi\u00f9 consapevoli dell&#8217; importanza di parlare diverse lingue. La maggior parte dei [&hellip;]<\/p>\n","protected":false},"author":4,"featured_media":0,"parent":0,"menu_order":48,"comment_status":"closed","ping_status":"closed","template":"","meta":{"_acf_changed":false,"content-type":"","footnotes":""},"class_list":["post-21389","page","type-page","status-publish","hentry"],"acf":[],"_links":{"self":[{"href":"https:\/\/www.babidibulibros.com\/it\/wp-json\/wp\/v2\/pages\/21389","targetHints":{"allow":["GET"]}}],"collection":[{"href":"https:\/\/www.babidibulibros.com\/it\/wp-json\/wp\/v2\/pages"}],"about":[{"href":"https:\/\/www.babidibulibros.com\/it\/wp-json\/wp\/v2\/types\/page"}],"author":[{"embeddable":true,"href":"https:\/\/www.babidibulibros.com\/it\/wp-json\/wp\/v2\/users\/4"}],"replies":[{"embeddable":true,"href":"https:\/\/www.babidibulibros.com\/it\/wp-json\/wp\/v2\/comments?post=21389"}],"version-history":[{"count":3,"href":"https:\/\/www.babidibulibros.com\/it\/wp-json\/wp\/v2\/pages\/21389\/revisions"}],"predecessor-version":[{"id":56091,"href":"https:\/\/www.babidibulibros.com\/it\/wp-json\/wp\/v2\/pages\/21389\/revisions\/56091"}],"wp:attachment":[{"href":"https:\/\/www.babidibulibros.com\/it\/wp-json\/wp\/v2\/media?parent=21389"}],"curies":[{"name":"wp","href":"https:\/\/api.w.org\/{rel}","templated":true}]}}