{"id":21503,"date":"2020-07-25T20:20:28","date_gmt":"2020-07-25T18:20:28","guid":{"rendered":"https:\/\/babidibu.desarrollotrevenque.com\/cuentos-infantiles-y-albumes-en-tapa-dura\/"},"modified":"2023-03-07T13:38:39","modified_gmt":"2023-03-07T12:38:39","slug":"racconti-per-bambini-e-album-con-copertina-rigida","status":"publish","type":"page","link":"https:\/\/www.babidibulibros.com\/it\/racconti-per-bambini-e-album-con-copertina-rigida\/","title":{"rendered":"Racconti per bambini e album con copertina rigida"},"content":{"rendered":"\n<div class=\"wp-block-columns are-vertically-aligned-center is-layout-flex wp-container-core-columns-is-layout-9d6595d7 wp-block-columns-is-layout-flex\">\n<div class=\"wp-block-column is-vertically-aligned-center is-layout-flow wp-block-column-is-layout-flow\">\n<h2 class=\"has-text-align-left is-style-default wp-block-heading\">Racconti in copertina rigida, una scommessa vincente<\/h2>\n\n\n\n<p>I nostri <strong>racconti illustrati<\/strong>&nbsp;sono seguiti durante tutto il processo creativo, dal concepimento alla stampa. Investiamo tempo e dedizione nel processo di illustrazione e poi nel layout del testo.<\/p>\n\n\n\n<p><strong>Vuoi vedere il tuo album illustrato nella vetrina di una libreria di alto livello?<\/strong> (o anche independente), Allora non ci sono alternative. Il libro deve essere ben scritto, deve trasmettere un messaggio chiaro con valori impliciti, avere un design accattivante e, soprattutto, deve essere rilegato in <strong>copertina rigida<\/strong>.<\/p>\n<\/div>\n\n\n\n<div class=\"wp-block-column is-vertically-aligned-center wp-block-column-box is-layout-flow wp-block-column-is-layout-flow\">\n<h3 class=\"wp-block-heading\">I vantaggi di una rilegatura cartonata di qualit\u00e0<\/h3>\n\n\n\n<ul class=\"wp-block-list\">\n<li>La copertina rigida \u00e8 una <strong>scomessa vincente<\/strong><\/li>\n\n\n\n<li><strong>Ci distingue<\/strong> dagli altri<\/li>\n\n\n\n<li>Noi di BABIDI-B\u00da siamo <strong>esperti della stampa in copertina rigida<\/strong><\/li>\n\n\n\n<li>Gli editori che fanno autoedizione non lo offrono<\/li>\n\n\n\n<li>\u00c8 <strong>il formato pi\u00f9 scelto <\/strong> per fare regali<\/li>\n<\/ul>\n<\/div>\n<\/div>\n\n\n\n<div class=\"wp-block-group alignfull has-background\" style=\"background-color:#f2f1f5\"><div class=\"wp-block-group__inner-container is-layout-flow wp-block-group-is-layout-flow\">\n<h2 class=\"has-text-align-center wp-block-heading\">La copertina rigida \u00e8 un modo per distinguerci<\/h2>\n\n\n\n<p class=\"has-text-align-center\">Dalla nostra esperienza come editori specializzati in letteratura infantile, siamo constantemente impegnati nell&#8217;editing e nella pubblicazione dei nostri<strong>&nbsp;album in COPERTINA RIGIDA<\/strong>, avendo gi\u00e0 una vasta esperienza nella pubblicazione di questo tipo di libri. Per questo motivo, consigliamo a tutti gli autori che desiderano pubblicare un&#8217; opera che si distingua per qualit\u00e0 artistica e professionalit\u00e0 del risultato finale, di dare completa fiducia a questo tipo di rilegatura.<\/p>\n<\/div><\/div>\n\n\n\n<div class=\"wp-block-cover alignfull is-light wp-block-no-cover-image-bottom\" style=\"min-height:442px;aspect-ratio:unset;\"><span aria-hidden=\"true\" class=\"wp-block-cover__background has-background-dim-0 has-background-dim\"><\/span><img loading=\"lazy\" decoding=\"async\" width=\"1400\" height=\"389\" class=\"wp-block-cover__image-background wp-image-57913\" alt=\"\" src=\"https:\/\/www.babidibulibros.com\/wp-content\/uploads\/2023\/03\/230307_Copertina-rigida.jpg\" data-object-fit=\"cover\" srcset=\"https:\/\/www.babidibulibros.com\/wp-content\/uploads\/2023\/03\/230307_Copertina-rigida.jpg 1400w, https:\/\/www.babidibulibros.com\/wp-content\/uploads\/2023\/03\/230307_Copertina-rigida-730x203.jpg 730w, https:\/\/www.babidibulibros.com\/wp-content\/uploads\/2023\/03\/230307_Copertina-rigida-1110x308.jpg 1110w, https:\/\/www.babidibulibros.com\/wp-content\/uploads\/2023\/03\/230307_Copertina-rigida-768x213.jpg 768w\" sizes=\"auto, (max-width: 1400px) 100vw, 1400px\" \/><div class=\"wp-block-cover__inner-container is-layout-flow wp-block-cover-is-layout-flow\">\n<p class=\"has-text-align-center has-large-font-size\"><\/p>\n<\/div><\/div>\n\n\n\n<div class=\"wp-block-columns is-layout-flex wp-container-core-columns-is-layout-9d6595d7 wp-block-columns-is-layout-flex\">\n<div class=\"wp-block-column is-layout-flow wp-block-column-is-layout-flow\">\n<h2 class=\"wp-block-heading\">L&#8217;autoedizione e i piccoli editori non lo offrono<\/h2>\n\n\n\n<p><strong>La copertina rigida \u00e8 molto pi\u00f9 costosa da produrre<\/strong> rispetto a quella morbida. Pertanto questo tipo di stampa risulta inaccessibile ad autoeditori e piccoli editori che stampano tirature molto limitate. Inoltre, anche per la produzione di libri on demand la stampa in copertina rigida \u00e8 impossibile da realizzare.<\/p>\n\n\n\n<p>In<strong>&nbsp;BABIDI-B\u00da<\/strong> non abbiamo questo problema. Abbiamo vittoriosamente scommesso su questo formato per cos\u00ec tanto tempo che non abbiamo dubbi che sia il migliore possibile per questo tipo di lavoro. <\/p>\n<\/div>\n\n\n\n<div class=\"wp-block-column is-layout-flow wp-block-column-is-layout-flow\">\n<p><\/p>\n\n\n\n<p>Dopo anni di esperienza, di ricerca e sviluppo, di errori, di comprensione, di ricominciare da capo, di cercare per noi la migliore tipografia per confrontare con loro tutte le fasi del processo, dei moduli, delle scadenze e dei costi&#8230; Possiamo dirlo con sicurezza, la <strong>rilegatura in copertina rigida<\/strong> \u00e8 la strategia vincente per le storie per bambini. \u00c8 ora nostro obiettivo far in modo che i nostri <strong>autori<\/strong> possano beneficiare di questa esperienza.&nbsp;<\/p>\n\n\n\n<p>Le tirature di ogni nostro titolo, cos\u00ec come il volume di produzione mensile \u00e8 cos\u00ec elevato da farci raggiungere costi unitari competitivi, proprio come quelli dei grandi gruppi editoriali. Pertanto,  siamo in grado di realizzare questi libri con la migliore qualit\u00e0 e, soprattutto, con un<strong>&nbsp;Prezzo Finale molto conveniente per il lettore.<\/strong>&nbsp;Chiaramente, produrre un libro che, pur essendo meraviglioso, risulta invendibile perch\u00e8 fuori dal prezzo di mercato, rende tutto il lavoro precedente, assolutamente privo di senso.<\/p>\n<\/div>\n<\/div>\n\n\n\n<h2 class=\"has-text-align-center wp-block-heading\">Non sai ancora cosa \u00e8 meglio per il tuo libro?<\/h2>\n\n\n\n<section id=\"faq-block_0abed826dbb2ec7bcd38477501fa7bf9\" class=\"section section-faqs faq\">\n\t<div class=\"container\">\n\t\t\t\t\t<div class=\"accordion\" id=\"accordionFAQ\">\n\t\t\t\t\t\t\t         <div class=\"card\">\n\t\t\t            <div class=\"card-header\" id=\"heading-1\">\n\t\t\t               <button class=\"collapsed\" type=\"button\" data-toggle=\"collapse\" data-target=\"#collapse-1\" aria-expanded=\"false\" aria-controls=\"collapse-1\">\n\t\t\t               <span>Cos&#8217;\u00e8 esattamente la copertina rigida?<\/span>\n\t\t\t               <\/button>\n\t\t\t            <\/div>\n\t\t\t            <div id=\"collapse-1\" class=\"collapse\" aria-labelledby=\"heading-1\" data-parent=\"#accordionFAQ\" style=\"\">\n\t\t\t               <div class=\"card-body\">\n\t\t\t                  Questo \u00e8 un tipo di rilegatura in cui il libro \u00e8 rivestito da una copertina di cartone semirigido che pu\u00f2 essere attaccata al blocco pagine mediante incollaggio o cucitura.\r\n\r\nNel nostro caso abbiamo optato per la cucitura, poich\u00e9 garantisce un risultato di qualit\u00e0 superiore ed evitiamo le sbavature che sicuramente avrete visto nei libri che avete in casa: pagine che si separano negli anni, aspetto sporco e appiccicoso sui dorsi. .\r\n\r\nQueste rilegature sono anche chiamate in gergo &#8220;cartone&#8221;.\t\t\t               <\/div>\n\t\t\t            <\/div>\n\t\t\t         <\/div>\n\t\t\t\t\t\t\t         <div class=\"card\">\n\t\t\t            <div class=\"card-header\" id=\"heading-2\">\n\t\t\t               <button class=\"collapsed\" type=\"button\" data-toggle=\"collapse\" data-target=\"#collapse-2\" aria-expanded=\"false\" aria-controls=\"collapse-2\">\n\t\t\t               <span>Perch\u00e9 scommettere con voi sulla copertina rigida?<\/span>\n\t\t\t               <\/button>\n\t\t\t            <\/div>\n\t\t\t            <div id=\"collapse-2\" class=\"collapse\" aria-labelledby=\"heading-2\" data-parent=\"#accordionFAQ\" style=\"\">\n\t\t\t               <div class=\"card-body\">\n\t\t\t                  In questo mercato che ogni giorno \u00e8 cos\u00ec ricco di nuove pubblicazioni di ogni genere, \u00e8 importantissimo distinguersi, lanciando un prodotto differenziante e molto pi\u00f9 esclusivo. Le nostre storie per bambini con copertina rigida lo sono!\r\n\r\nQuesti tipi di libri sono davvero la nostra specialit\u00e0!\r\n\r\nUna storia illustrata per bambini non \u00e8 solo un breve libro ornato di illustrazioni. Per noi una storia illustrata, \u00e8 uno strumento prezioso per lavorare con i nostri lettori su diversi aspetti della nostra complessa realt\u00e0.\r\n\t\t\t               <\/div>\n\t\t\t            <\/div>\n\t\t\t         <\/div>\n\t\t\t\t\t\t\t         <div class=\"card\">\n\t\t\t            <div class=\"card-header\" id=\"heading-3\">\n\t\t\t               <button class=\"collapsed\" type=\"button\" data-toggle=\"collapse\" data-target=\"#collapse-3\" aria-expanded=\"false\" aria-controls=\"collapse-3\">\n\t\t\t               <span>Perch\u00e9 la scelta della copertina \u00e8 cos\u00ec importante in un libro per bambini?<\/span>\n\t\t\t               <\/button>\n\t\t\t            <\/div>\n\t\t\t            <div id=\"collapse-3\" class=\"collapse\" aria-labelledby=\"heading-3\" data-parent=\"#accordionFAQ\" style=\"\">\n\t\t\t               <div class=\"card-body\">\n\t\t\t                  Perch\u00e9 sar\u00e0 un elemento che distingue il libro dalla concorrenza. Un libro con copertina rigida sembrer\u00e0 pi\u00f9 professionale di uno tascabile e dar\u00e0 una qualit\u00e0 superiore al libro per bambini, rendendolo un&#8217;opzione migliore.\t\t\t               <\/div>\n\t\t\t            <\/div>\n\t\t\t         <\/div>\n\t\t\t\t\t\t\t         <div class=\"card\">\n\t\t\t            <div class=\"card-header\" id=\"heading-4\">\n\t\t\t               <button class=\"collapsed\" type=\"button\" data-toggle=\"collapse\" data-target=\"#collapse-4\" aria-expanded=\"false\" aria-controls=\"collapse-4\">\n\t\t\t               <span>La copertina rigida \u00e8 scomoda per i piccoli lettori?<\/span>\n\t\t\t               <\/button>\n\t\t\t            <\/div>\n\t\t\t            <div id=\"collapse-4\" class=\"collapse\" aria-labelledby=\"heading-4\" data-parent=\"#accordionFAQ\" style=\"\">\n\t\t\t               <div class=\"card-body\">\n\t\t\t                  Grazie agli anni di esperienza, possiamo dire di conoscere cosa piace davvero ai nostri piccoli lettori.\r\n\r\nAbbiamo messo a punto determinate estensioni e formati per far in modo che i libri non diventino pesanti, non diano fastidio&#8230; e allo stesso tempo siano resistenti affinch\u00e9 le opere dei nostri autori viaggino nella memoria di pi\u00f9 generazioni.\r\n\t\t\t               <\/div>\n\t\t\t            <\/div>\n\t\t\t         <\/div>\n\t\t\t\t\t\t\t<\/div>\n\t\t\t\t<div class=\"text-center support-text\">\n\t\t\t<p>Hai altre domande? <a href=\"https:\/\/www.babidibulibros.com\/contacto\/\">Contattaci<\/a><\/p> \n\t\t<\/div>\n\t<\/div>\n\t<script type=\"application\/ld+json\">\n\t\t{\n\t    \t\"@context\": \"https:\/\/schema.org\",\n\t\t\t\"@type\": \"FAQPage\",\n\t\t\t\"mainEntity\": [\n\t\t\t\t\t\t\t\t\t{\n\t\t\t\t        \"@type\": \"Question\",\n\t\t\t\t        \"name\": \"Cos'\u00e8 esattamente la copertina rigida?\",\n\t\t\t\t        \"acceptedAnswer\": {\n\t\t\t\t        \t\"@type\": \"Answer\",\n\t\t\t\t\t\t\t\"text\": \"Questo \u00e8 un tipo di rilegatura in cui il libro \u00e8 rivestito da una copertina di cartone semirigido che pu\u00f2 essere attaccata al blocco pagine mediante incollaggio o cucitura.\r\n\r\nNel nostro caso abbiamo optato per la cucitura, poich\u00e9 garantisce un risultato di qualit\u00e0 superiore ed evitiamo le sbavature che sicuramente avrete visto nei libri che avete in casa: pagine che si separano negli anni, aspetto sporco e appiccicoso sui dorsi. .\r\n\r\nQueste rilegature sono anche chiamate in gergo \"cartone\".\"\n\t\t\t\t\t\t}\n\t\t\t\t    }\n\t\t\t\t    \t\t\t\t    \n\t\t\t\t\t\t\t\t\t\t,{\n\t\t\t\t\t        \"@type\": \"Question\",\n\t\t\t\t\t        \"name\": \"Perch\u00e9 scommettere con voi sulla copertina rigida?\",\n\t\t\t\t\t        \"acceptedAnswer\": {\n\t\t\t\t\t        \t\"@type\": \"Answer\",\n\t\t\t\t\t\t\t\t\"text\": \"In questo mercato che ogni giorno \u00e8 cos\u00ec ricco di nuove pubblicazioni di ogni genere, \u00e8 importantissimo distinguersi, lanciando un prodotto differenziante e molto pi\u00f9 esclusivo. Le nostre storie per bambini con copertina rigida lo sono!\r\n\r\nQuesti tipi di libri sono davvero la nostra specialit\u00e0!\r\n\r\nUna storia illustrata per bambini non \u00e8 solo un breve libro ornato di illustrazioni. Per noi una storia illustrata, \u00e8 uno strumento prezioso per lavorare con i nostri lettori su diversi aspetti della nostra complessa realt\u00e0.\r\n\"\n\t\t\t\t\t\t\t}\n\t\t\t\t\t    }\n\t\t\t\t    \t\t\t\t    \n\t\t\t\t\t\t\t\t\t\t,{\n\t\t\t\t\t        \"@type\": \"Question\",\n\t\t\t\t\t        \"name\": \"Perch\u00e9 la scelta della copertina \u00e8 cos\u00ec importante in un libro per bambini?\",\n\t\t\t\t\t        \"acceptedAnswer\": {\n\t\t\t\t\t        \t\"@type\": \"Answer\",\n\t\t\t\t\t\t\t\t\"text\": \"Perch\u00e9 sar\u00e0 un elemento che distingue il libro dalla concorrenza. Un libro con copertina rigida sembrer\u00e0 pi\u00f9 professionale di uno tascabile e dar\u00e0 una qualit\u00e0 superiore al libro per bambini, rendendolo un'opzione migliore.\"\n\t\t\t\t\t\t\t}\n\t\t\t\t\t    }\n\t\t\t\t    \t\t\t\t    \n\t\t\t\t\t\t\t\t\t\t,{\n\t\t\t\t\t        \"@type\": \"Question\",\n\t\t\t\t\t        \"name\": \"La copertina rigida \u00e8 scomoda per i piccoli lettori?\",\n\t\t\t\t\t        \"acceptedAnswer\": {\n\t\t\t\t\t        \t\"@type\": \"Answer\",\n\t\t\t\t\t\t\t\t\"text\": \"Grazie agli anni di esperienza, possiamo dire di conoscere cosa piace davvero ai nostri piccoli lettori.\r\n\r\nAbbiamo messo a punto determinate estensioni e formati per far in modo che i libri non diventino pesanti, non diano fastidio... e allo stesso tempo siano resistenti affinch\u00e9 le opere dei nostri autori viaggino nella memoria di pi\u00f9 generazioni.\r\n\"\n\t\t\t\t\t\t\t}\n\t\t\t\t\t    }\n\t\t\t\t    \t\t\t\t    \n\t\t\t\t\t\t\t]\n\t    }\n    <\/script>    \n<\/section>\n\n\n\n\n\n\n\n\n\n\n\n<div id=\"contact-block_fddb52eb99e9d230760a60fd4a1ebf33\" class=\"block-contact\">\n\t<div class=\"block-contact-txt\">\n\t\t<h2>Contattaci<\/h2>\n\t\t<p>Chiamaci o chiedici di chiamarti per chiarire i tuoi dubbi<\/p>\n\t<\/div>\n\t<div class=\"block-contact-items\">\n\t\t<div class=\"contact-item\">\n\t\t\t<a href=\"https:\/\/api.whatsapp.com\/send?phone=34653754771&#038;\" alt=\"Whatsapp Babidibu\" rel=\"nofollow noopener\" target=\"_blank\">\n\t\t\t\t<div class=\"contact-item-icon\">\n\t\t\t\t\t<i class=\"ri-whatsapp-line\"><\/i> \n\t\t\t\t<\/div>\n\t\t\t\t<div class=\"contact-item-txt\">\n\t\t\t\t\tWhatsApp\n\t\t\t\t<\/div>\n\t\t\t<\/a>\n\t\t<\/div>\n\t\t<div class=\"contact-item\">\n\t\t\t<a href=\"tel:+34653754771\" alt=\"Fai una telefonata a Babidib\u00fa\">\n\t\t\t\t<div class=\"contact-item-icon\">\n\t\t\t\t\t<i class=\"ri-smartphone-line\"><\/i>\n\t\t\t\t<\/div>\n\t\t\t\t<div class=\"contact-item-txt\">\n\t\t\t\tTelefono\t\t\t\t<\/div>\n\t\t\t<\/a>\n\t\t<\/div>\n\t\t<div class=\"contact-item\">\n\t\t\t<a href=\"https:\/\/www.babidibulibros.com\/publica-con-nosotros\/\">\n\t\t\t\t<div class=\"contact-item-icon\">\n\t\t\t\t\t<i class=\"ri-file-list-3-line\"><\/i>\n\t\t\t\t<\/div>\n\t\t\t\t<div class=\"contact-item-txt\">\n\t\t\t\t\tManoscritto\t\t\t\t<\/div>\n\t\t\t<\/a>\n\t\t<\/div>\n\t<\/div>\n<\/div>","protected":false},"excerpt":{"rendered":"<p>Racconti in copertina rigida, una scommessa vincente I nostri racconti illustrati&nbsp;sono seguiti durante tutto il processo creativo, dal concepimento alla [&hellip;]<\/p>\n","protected":false},"author":3,"featured_media":0,"parent":0,"menu_order":107,"comment_status":"closed","ping_status":"closed","template":"","meta":{"_acf_changed":false,"content-type":"","footnotes":""},"class_list":["post-21503","page","type-page","status-publish","hentry"],"acf":[],"_links":{"self":[{"href":"https:\/\/www.babidibulibros.com\/it\/wp-json\/wp\/v2\/pages\/21503","targetHints":{"allow":["GET"]}}],"collection":[{"href":"https:\/\/www.babidibulibros.com\/it\/wp-json\/wp\/v2\/pages"}],"about":[{"href":"https:\/\/www.babidibulibros.com\/it\/wp-json\/wp\/v2\/types\/page"}],"author":[{"embeddable":true,"href":"https:\/\/www.babidibulibros.com\/it\/wp-json\/wp\/v2\/users\/3"}],"replies":[{"embeddable":true,"href":"https:\/\/www.babidibulibros.com\/it\/wp-json\/wp\/v2\/comments?post=21503"}],"version-history":[{"count":3,"href":"https:\/\/www.babidibulibros.com\/it\/wp-json\/wp\/v2\/pages\/21503\/revisions"}],"predecessor-version":[{"id":57918,"href":"https:\/\/www.babidibulibros.com\/it\/wp-json\/wp\/v2\/pages\/21503\/revisions\/57918"}],"wp:attachment":[{"href":"https:\/\/www.babidibulibros.com\/it\/wp-json\/wp\/v2\/media?parent=21503"}],"curies":[{"name":"wp","href":"https:\/\/api.w.org\/{rel}","templated":true}]}}