{"id":27297,"date":"2020-10-14T09:25:01","date_gmt":"2020-10-14T07:25:01","guid":{"rendered":"https:\/\/babidibu.desarrollotrevenque.com\/manuscrito\/"},"modified":"2023-03-07T13:45:58","modified_gmt":"2023-03-07T12:45:58","slug":"inviaci-il-tuo-manoscritto","status":"publish","type":"page","link":"https:\/\/www.babidibulibros.com\/it\/inviaci-il-tuo-manoscritto\/","title":{"rendered":"Inviaci il tuo manoscritto"},"content":{"rendered":"\n<div class=\"wpcf7 no-js\" id=\"wpcf7-f26903-o1\" lang=\"it-IT\" dir=\"ltr\" data-wpcf7-id=\"26903\">\n<div class=\"screen-reader-response\"><p role=\"status\" aria-live=\"polite\" aria-atomic=\"true\"><\/p> <ul><\/ul><\/div>\n<form action=\"\/it\/wp-json\/wp\/v2\/pages\/27297#wpcf7-f26903-o1\" method=\"post\" class=\"wpcf7-form init\" id=\"bb_it_mns_org\" aria-label=\"Modulo di contatto\" enctype=\"multipart\/form-data\" novalidate=\"novalidate\" data-status=\"init\">\n<fieldset class=\"hidden-fields-container\"><input type=\"hidden\" name=\"_wpcf7\" value=\"26903\" \/><input type=\"hidden\" name=\"_wpcf7_version\" value=\"6.1.5\" \/><input type=\"hidden\" name=\"_wpcf7_locale\" value=\"it_IT\" \/><input type=\"hidden\" name=\"_wpcf7_unit_tag\" value=\"wpcf7-f26903-o1\" \/><input type=\"hidden\" name=\"_wpcf7_container_post\" value=\"0\" \/><input type=\"hidden\" name=\"_wpcf7_posted_data_hash\" value=\"\" \/>\n<\/fieldset>\n<div class=\"row\">\n\t<div class=\"col-md-6\">\n\t\t<div class=\"form-group\">\n\t\t\t<p><label>Qual \u00e8 il tuo nome?*<\/label><br \/>\n<span class=\"wpcf7-form-control-wrap\" data-name=\"firstname\"><input size=\"40\" maxlength=\"400\" class=\"wpcf7-form-control wpcf7-text wpcf7-validates-as-required\" aria-required=\"true\" aria-invalid=\"false\" value=\"\" type=\"text\" name=\"firstname\" \/><\/span>\n\t\t\t<\/p>\n\t\t<\/div>\n\t<\/div>\n\t<div class=\"col-md-6\">\n\t\t<div class=\"form-group\">\n\t\t\t<p><label>Qual \u00e8 il tuo cognome?*<\/label><br \/>\n<span class=\"wpcf7-form-control-wrap\" data-name=\"lastname\"><input size=\"40\" maxlength=\"400\" class=\"wpcf7-form-control wpcf7-text wpcf7-validates-as-required\" aria-required=\"true\" aria-invalid=\"false\" value=\"\" type=\"text\" name=\"lastname\" \/><\/span>\n\t\t\t<\/p>\n\t\t<\/div>\n\t<\/div>\n<\/div>\n<div class=\"form-group\">\n\t<p><label>Qual \u00e8 la tua email?*<\/label><br \/>\n<span class=\"wpcf7-form-control-wrap\" data-name=\"email\"><input size=\"40\" maxlength=\"400\" class=\"wpcf7-form-control wpcf7-email wpcf7-validates-as-required wpcf7-text wpcf7-validates-as-email\" aria-required=\"true\" aria-invalid=\"false\" value=\"\" type=\"email\" name=\"email\" \/><\/span>\n\t<\/p>\n\t<tr class=\"ocular-fila\"><span id=\"wpcf7-69f2e39b6d124-wrapper\" class=\"wpcf7-form-control-wrap emailhp-868-wrap\" style=\"display:none !important; visibility:hidden !important;\"><input type=\"hidden\" name=\"emailhp-868-time-start\" value=\"1777525659\"><input type=\"hidden\" name=\"emailhp-868-time-check\" value=\"4\"><label for=\"wpcf7-69f2e39b6d124-field\" class=\"hp-message\">Si prega di lasciare vuoto questo campo.<\/label><input id=\"wpcf7-69f2e39b6d124-field\"  class=\"wpcf7-form-control wpcf7-text\" type=\"text\" name=\"emailhp-868\" value=\"\" size=\"40\" tabindex=\"-1\" autocomplete=\"new-password\" \/><\/span>\n\t<\/tr>\n<\/div>\n<div class=\"form-group\">\n\t<p><label>Telefono di contatto<\/label><br \/>\n<span class=\"wpcf7-form-control-wrap\" data-name=\"phone\"><input size=\"40\" maxlength=\"400\" class=\"wpcf7-form-control wpcf7-tel wpcf7-validates-as-required wpcf7-text wpcf7-validates-as-tel\" aria-required=\"true\" aria-invalid=\"false\" value=\"\" type=\"tel\" name=\"phone\" \/><\/span>\n\t<\/p>\n<\/div>\n<div class=\"form-group\">\n\t<p><label>Come ci hai conosciuto?<\/label><br \/>\n<span class=\"wpcf7-form-control-wrap\" data-name=\"como_nos_has_conocido\"><input size=\"40\" maxlength=\"400\" class=\"wpcf7-form-control wpcf7-text\" aria-invalid=\"false\" value=\"\" type=\"text\" name=\"como_nos_has_conocido\" \/><\/span>\n\t<\/p>\n<\/div>\n<div class=\"form-group\">\n\t<p><label>Qual \u00e8 il tuo paese di residenza?<\/label><br \/>\n<span class=\"wpcf7-form-control-wrap\" data-name=\"pais_de_residencia\"><select class=\"wpcf7-form-control wpcf7-select\" aria-invalid=\"false\" name=\"pais_de_residencia\"><option value=\"Spagna\">Spagna<\/option><option value=\"Afghanistan\">Afghanistan<\/option><option value=\"Akrotiri\">Akrotiri<\/option><option value=\"Albania\">Albania<\/option><option value=\"Germania\">Germania<\/option><option value=\"Andorra\">Andorra<\/option><option value=\"Angola\">Angola<\/option><option value=\"Anguilla\">Anguilla<\/option><option value=\"Antartide\">Antartide<\/option><option value=\"Antigua e Barbuda\">Antigua e Barbuda<\/option><option value=\"Antille Olandesi\">Antille Olandesi<\/option><option value=\"Arabia Saudita\">Arabia Saudita<\/option><option value=\"Oceano Artico\">Oceano Artico<\/option><option value=\"Algeria\">Algeria<\/option><option value=\"Argentina\">Argentina<\/option><option value=\"Armenia\">Armenia<\/option><option value=\"Aruba\">Aruba<\/option><option value=\"Isole Ashmore e Cartier\">Isole Ashmore e Cartier<\/option><option value=\"Oceano Atlantico\">Oceano Atlantico<\/option><option value=\"Australia\">Australia<\/option><option value=\"Austria\">Austria<\/option><option value=\"Azerbaigian\">Azerbaigian<\/option><option value=\"Bahamas\">Bahamas<\/option><option value=\"Bahrein\">Bahrein<\/option><option value=\"Bangladesh\">Bangladesh<\/option><option value=\"Barbados\">Barbados<\/option><option value=\"Belgio\">Belgio<\/option><option value=\"Belize\">Belize<\/option><option value=\"Benin\">Benin<\/option><option value=\"Bermuda\">Bermuda<\/option><option value=\"Bielorussia\">Bielorussia<\/option><option value=\"Birmania; Myanmar\">Birmania; Myanmar<\/option><option value=\"Bolivia\">Bolivia<\/option><option value=\"Bosnia ed Erzegovina\">Bosnia ed Erzegovina<\/option><option value=\"Botswana\">Botswana<\/option><option value=\"Brasile\">Brasile<\/option><option value=\"Brunei\">Brunei<\/option><option value=\"Bulgaria\">Bulgaria<\/option><option value=\"Burkina Faso\">Burkina Faso<\/option><option value=\"Burundi\">Burundi<\/option><option value=\"Bhutan\">Bhutan<\/option><option value=\"Capo Verde\">Capo Verde<\/option><option value=\"Cambogia\">Cambogia<\/option><option value=\"Camerun\">Camerun<\/option><option value=\"Canada\">Canada<\/option><option value=\"Chad\">Chad<\/option><option value=\"Cile\">Cile<\/option><option value=\"Cina\">Cina<\/option><option value=\"Cipro\">Cipro<\/option><option value=\"Isola Clipperton\">Isola Clipperton<\/option><option value=\"Colombia\">Colombia<\/option><option value=\"Comore\">Comore<\/option><option value=\"Congo\">Congo<\/option><option value=\"Isole del Mare Corallino\">Isole del Mare Corallino<\/option><option value=\"Corea del Nord\">Corea del Nord<\/option><option value=\"Corea del Sud\">Corea del Sud<\/option><option value=\"Costa d&#039;Avorio\">Costa d&#039;Avorio<\/option><option value=\"Costa Rica\">Costa Rica<\/option><option value=\"Croazia\">Croazia<\/option><option value=\"Cuba\">Cuba<\/option><option value=\"Dhekelia\">Dhekelia<\/option><option value=\"Danimarca\">Danimarca<\/option><option value=\"Dominica\">Dominica<\/option><option value=\"Ecuador\">Ecuador<\/option><option value=\"Egitto\">Egitto<\/option><option value=\"El Salvador\">El Salvador<\/option><option value=\"Citt\u00e0 del Vaticano\">Citt\u00e0 del Vaticano<\/option><option value=\"Emirati Arabi Uniti\">Emirati Arabi Uniti<\/option><option value=\"Eritrea\">Eritrea<\/option><option value=\"Slovacchia\">Slovacchia<\/option><option value=\"Slovenia\">Slovenia<\/option><option value=\"Stati Uniti\">Stati Uniti<\/option><option value=\"Estonia\">Estonia<\/option><option value=\"Etiopia\">Etiopia<\/option><option value=\"Filippine\">Filippine<\/option><option value=\"Finlandia\">Finlandia<\/option><option value=\"Figi\">Figi<\/option><option value=\"Francia\">Francia<\/option><option value=\"Gabon\">Gabon<\/option><option value=\"Gambia\">Gambia<\/option><option value=\"Striscia di Gaza\">Striscia di Gaza<\/option><option value=\"Georgia\">Georgia<\/option><option value=\"Ghana\">Ghana<\/option><option value=\"Gibilterra\">Gibilterra<\/option><option value=\"Grenada\">Grenada<\/option><option value=\"Grecia\">Grecia<\/option><option value=\"Groenlandia\">Groenlandia<\/option><option value=\"Guam\">Guam<\/option><option value=\"Guatemala\">Guatemala<\/option><option value=\"Guernsey\">Guernsey<\/option><option value=\"Guinea\">Guinea<\/option><option value=\"Guinea Equatoriale\">Guinea Equatoriale<\/option><option value=\"Guinea-Bissau\">Guinea-Bissau<\/option><option value=\"Guyana\">Guyana<\/option><option value=\"Haiti\">Haiti<\/option><option value=\"Honduras\">Honduras<\/option><option value=\"Hong Kong\">Hong Kong<\/option><option value=\"Ungheria\">Ungheria<\/option><option value=\"India\">India<\/option><option value=\"Oceano Indiano\">Oceano Indiano<\/option><option value=\"Indonesia\">Indonesia<\/option><option value=\"Iran\">Iran<\/option><option value=\"Iraq\">Iraq<\/option><option value=\"Irlanda\">Irlanda<\/option><option value=\"Isola Bouvet\">Isola Bouvet<\/option><option value=\"Isola di Natale\">Isola di Natale<\/option><option value=\"Isola Norfolk\">Isola Norfolk<\/option><option value=\"Islanda\">Islanda<\/option><option value=\"Isole Cayman\">Isole Cayman<\/option><option value=\"Isole Cocos\">Isole Cocos<\/option><option value=\"Isole Cook\">Isole Cook<\/option><option value=\"Isole Faroe\">Isole Faroe<\/option><option value=\"Isole Georgie del Sud e Sandwich del Sud\">Isole Georgie del Sud e Sandwich del Sud<\/option><option value=\"Isole Heard e McDonald\">Isole Heard e McDonald<\/option><option value=\"Isole Falkland\">Isole Falkland<\/option><option value=\"Isole Marianne del Nord\">Isole Marianne del Nord<\/option><option value=\"Isole Marshall\">Isole Marshall<\/option><option value=\"Isole Pitcairn\">Isole Pitcairn<\/option><option value=\"Isole Salomone\">Isole Salomone<\/option><option value=\"Isole Turks e Caicos\">Isole Turks e Caicos<\/option><option value=\"Isole Vergini Americane\">Isole Vergini Americane<\/option><option value=\"Isole Vergini Britanniche\">Isole Vergini Britanniche<\/option><option value=\"Israele\">Israele<\/option><option value=\"Italia\">Italia<\/option><option value=\"Giamaica\">Giamaica<\/option><option value=\"Jan Mayen\">Jan Mayen<\/option><option value=\"Giappone\">Giappone<\/option><option value=\"Jersey\">Jersey<\/option><option value=\"Giordania\">Giordania<\/option><option value=\"Kazakistan\">Kazakistan<\/option><option value=\"Kenya\">Kenya<\/option><option value=\"Kirghizistan\">Kirghizistan<\/option><option value=\"Kiribati\">Kiribati<\/option><option value=\"Kuwait\">Kuwait<\/option><option value=\"Laos\">Laos<\/option><option value=\"Lesotho\">Lesotho<\/option><option value=\"Lettonia\">Lettonia<\/option><option value=\"Libano\">Libano<\/option><option value=\"Liberia\">Liberia<\/option><option value=\"Libia\">Libia<\/option><option value=\"Liechtenstein\">Liechtenstein<\/option><option value=\"Lituania\">Lituania<\/option><option value=\"Lussemburgo\">Lussemburgo<\/option><option value=\"Macao\">Macao<\/option><option value=\"Macedonia\">Macedonia<\/option><option value=\"Madagascar\">Madagascar<\/option><option value=\"Malesia\">Malesia<\/option><option value=\"Malawi\">Malawi<\/option><option value=\"Maldive\">Maldive<\/option><option value=\"Mali\">Mali<\/option><option value=\"Malta\">Malta<\/option><option value=\"Isola di Man\">Isola di Man<\/option><option value=\"Marocco\">Marocco<\/option><option value=\"Mauritius\">Mauritius<\/option><option value=\"Mauritania\">Mauritania<\/option><option value=\"Mayotte\">Mayotte<\/option><option value=\"Messico\">Messico<\/option><option value=\"Micronesia\">Micronesia<\/option><option value=\"Moldavia\">Moldavia<\/option><option value=\"Monaco\">Monaco<\/option><option value=\"Mongolia\">Mongolia<\/option><option value=\"Montenegro\">Montenegro<\/option><option value=\"Montserrat\">Montserrat<\/option><option value=\"Mozambico\">Mozambico<\/option><option value=\"Mondo\">Mondo<\/option><option value=\"Namibia\">Namibia<\/option><option value=\"Nauru\">Nauru<\/option><option value=\"Isola Navassa\">Isola Navassa<\/option><option value=\"Nepal\">Nepal<\/option><option value=\"Nicaragua\">Nicaragua<\/option><option value=\"Niger\">Niger<\/option><option value=\"Nigeria\">Nigeria<\/option><option value=\"Niue\">Niue<\/option><option value=\"Norvegia\">Norvegia<\/option><option value=\"Nuova Caledonia\">Nuova Caledonia<\/option><option value=\"Nuova Zelanda\">Nuova Zelanda<\/option><option value=\"Oman\">Oman<\/option><option value=\"Oceano Pacifico\">Oceano Pacifico<\/option><option value=\"Paesi Bassi\">Paesi Bassi<\/option><option value=\"Pakistan\">Pakistan<\/option><option value=\"Palau\">Palau<\/option><option value=\"Panama\">Panama<\/option><option value=\"Papua Nuova Guinea\">Papua Nuova Guinea<\/option><option value=\"Isole Paracel\">Isole Paracel<\/option><option value=\"Paraguay\">Paraguay<\/option><option value=\"Per\u00f9\">Per\u00f9<\/option><option value=\"Polinesia Francese\">Polinesia Francese<\/option><option value=\"Polonia\">Polonia<\/option><option value=\"Portogallo\">Portogallo<\/option><option value=\"Porto Rico\">Porto Rico<\/option><option value=\"Qatar\">Qatar<\/option><option value=\"Regno Unito\">Regno Unito<\/option><option value=\"Repubblica Centrafricana\">Repubblica Centrafricana<\/option><option value=\"Repubblica Ceca\">Repubblica Ceca<\/option><option value=\"Repubblica Democratica del Congo\">Repubblica Democratica del Congo<\/option><option value=\"Repubblica Dominicana\">Repubblica Dominicana<\/option><option value=\"Ruanda\">Ruanda<\/option><option value=\"Romania\">Romania<\/option><option value=\"Russia\">Russia<\/option><option value=\"Sahara Occidentale\">Sahara Occidentale<\/option><option value=\"Samoa\">Samoa<\/option><option value=\"Samoa Americane\">Samoa Americane<\/option><option value=\"Saint Kitts e Nevis\">Saint Kitts e Nevis<\/option><option value=\"San Marino\">San Marino<\/option><option value=\"Saint Pierre e Miquelon\">Saint Pierre e Miquelon<\/option><option value=\"Saint Vincent e Grenadine\">Saint Vincent e Grenadine<\/option><option value=\"Sant&#039;Elena\">Sant&#039;Elena<\/option><option value=\"Santa Lucia\">Santa Lucia<\/option><option value=\"Sao Tom\u00e9 e Principe\">Sao Tom\u00e9 e Principe<\/option><option value=\"Senegal\">Senegal<\/option><option value=\"Serbia\">Serbia<\/option><option value=\"Seychelles\">Seychelles<\/option><option value=\"Sierra Leone\">Sierra Leone<\/option><option value=\"Singapore\">Singapore<\/option><option value=\"Siria\">Siria<\/option><option value=\"Somalia\">Somalia<\/option><option value=\"Oceano Meridionale\">Oceano Meridionale<\/option><option value=\"Isole Spratly\">Isole Spratly<\/option><option value=\"Sri Lanka\">Sri Lanka<\/option><option value=\"Eswatini\">Eswatini<\/option><option value=\"Sudafrica\">Sudafrica<\/option><option value=\"Sudan\">Sudan<\/option><option value=\"Svezia\">Svezia<\/option><option value=\"Svizzera\">Svizzera<\/option><option value=\"Suriname\">Suriname<\/option><option value=\"Svalbard e Jan Mayen\">Svalbard e Jan Mayen<\/option><option value=\"Tailandia\">Tailandia<\/option><option value=\"Taiwan\">Taiwan<\/option><option value=\"Tanzania\">Tanzania<\/option><option value=\"Tagikistan\">Tagikistan<\/option><option value=\"Territorio Britannico dell&#039;Oceano Indiano\">Territorio Britannico dell&#039;Oceano Indiano<\/option><option value=\"Territori Australi Francesi\">Territori Australi Francesi<\/option><option value=\"Timor Est\">Timor Est<\/option><option value=\"Togo\">Togo<\/option><option value=\"Tokelau\">Tokelau<\/option><option value=\"Tonga\">Tonga<\/option><option value=\"Trinidad e Tobago\">Trinidad e Tobago<\/option><option value=\"Tunisia\">Tunisia<\/option><option value=\"Turkmenistan\">Turkmenistan<\/option><option value=\"Turchia\">Turchia<\/option><option value=\"Tuvalu\">Tuvalu<\/option><option value=\"Ucraina\">Ucraina<\/option><option value=\"Uganda\">Uganda<\/option><option value=\"Unione Europea\">Unione Europea<\/option><option value=\"Uruguay\">Uruguay<\/option><option value=\"Uzbekistan\">Uzbekistan<\/option><option value=\"Vanuatu\">Vanuatu<\/option><option value=\"Venezuela\">Venezuela<\/option><option value=\"Vietnam\">Vietnam<\/option><option value=\"Isola Wake\">Isola Wake<\/option><option value=\"Wallis e Futuna\">Wallis e Futuna<\/option><option value=\"Cisgiordania\">Cisgiordania<\/option><option value=\"Yemen\">Yemen<\/option><option value=\"Gibuti\">Gibuti<\/option><option value=\"Zambia\">Zambia<\/option><option value=\"Zimbabwe\">Zimbabwe<\/option><\/select><\/span>\n\t<\/p>\n<\/div>\n<div class=\"form-group\">\n\t<p><label>\u00c8 la prima volta che pubblichi un libro?<\/label><br \/>\n<span class=\"wpcf7-form-control-wrap\" data-name=\"es_la_primera_vez_que_publicas_un_libro_\"><span class=\"wpcf7-form-control wpcf7-radio\"><span class=\"wpcf7-list-item first\"><input type=\"radio\" name=\"es_la_primera_vez_que_publicas_un_libro_\" value=\"S\u00ec, \u00e8 il mio primo libro\" checked=\"checked\" \/><span class=\"wpcf7-list-item-label\">S\u00ec, \u00e8 il mio primo libro<\/span><\/span><span class=\"wpcf7-list-item last\"><input type=\"radio\" name=\"es_la_primera_vez_que_publicas_un_libro_\" value=\"No, ho gi\u00e0 pubblicato in precedenza\" \/><span class=\"wpcf7-list-item-label\">No, ho gi\u00e0 pubblicato in precedenza<\/span><\/span><\/span><\/span>\n\t<\/p>\n<\/div>\n<div class=\"form-group\">\n\t<p><label>Che tipo di libro \u00e8?<\/label><br \/>\n<span class=\"wpcf7-form-control-wrap\" data-name=\"que_tipo_de_libro_es_\"><span class=\"wpcf7-form-control wpcf7-radio\"><span class=\"wpcf7-list-item first\"><input type=\"radio\" name=\"que_tipo_de_libro_es_\" value=\"\u00c8 un album illustrato\" checked=\"checked\" \/><span class=\"wpcf7-list-item-label\">\u00c8 un album illustrato<\/span><\/span><span class=\"wpcf7-list-item\"><input type=\"radio\" name=\"que_tipo_de_libro_es_\" value=\"\u00c8 un romanzo per bambini\" \/><span class=\"wpcf7-list-item-label\">\u00c8 un romanzo per bambini<\/span><\/span><span class=\"wpcf7-list-item last\"><input type=\"radio\" name=\"que_tipo_de_libro_es_\" value=\"\u00c8 un romanzo per ragazzi\" \/><span class=\"wpcf7-list-item-label\">\u00c8 un romanzo per ragazzi<\/span><\/span><\/span><\/span>\n\t<\/p>\n<\/div>\n<div class=\"form-group\">\n\t<p><label>Il progetto \u00e8 completato?<\/label><br \/>\n<span class=\"wpcf7-form-control-wrap\" data-name=\"es_un_proyecto_terminado_\"><span class=\"wpcf7-form-control wpcf7-radio\"><span class=\"wpcf7-list-item first\"><input type=\"radio\" name=\"es_un_proyecto_terminado_\" value=\"S\u00ec, \u00e8 pronto per la pubblicazione\" checked=\"checked\" \/><span class=\"wpcf7-list-item-label\">S\u00ec, \u00e8 pronto per la pubblicazione<\/span><\/span><span class=\"wpcf7-list-item last\"><input type=\"radio\" name=\"es_un_proyecto_terminado_\" value=\"No, non \u00e8 ancora completamente terminato\" \/><span class=\"wpcf7-list-item-label\">No, non \u00e8 ancora completamente terminato<\/span><\/span><\/span><\/span>\n\t<\/p>\n<\/div>\n<div class=\"form-group\">\n\t<p><label>Hai delle illustrazioni per la tua opera?<\/label><br \/>\n<span class=\"wpcf7-form-control-wrap\" data-name=\"tienes_ilustraciones_para_tu_obra_\"><span class=\"wpcf7-form-control wpcf7-radio\"><span class=\"wpcf7-list-item first\"><input type=\"radio\" name=\"tienes_ilustraciones_para_tu_obra_\" value=\"S\u00ec (l&#039;editore valuter\u00e0 se le illustrazioni che fornisci hanno la qualit\u00e0 richiesta o se devono essere sostituite da illustrazioni professionali)\" checked=\"checked\" \/><span class=\"wpcf7-list-item-label\">S\u00ec (l&#039;editore valuter\u00e0 se le illustrazioni che fornisci hanno la qualit\u00e0 richiesta o se devono essere sostituite da illustrazioni professionali)<\/span><\/span><span class=\"wpcf7-list-item\"><input type=\"radio\" name=\"tienes_ilustraciones_para_tu_obra_\" value=\"No, desidero che sia l&#039;editore a illustrarla.\" \/><span class=\"wpcf7-list-item-label\">No, desidero che sia l&#039;editore a illustrarla.<\/span><\/span><span class=\"wpcf7-list-item last\"><input type=\"radio\" name=\"tienes_ilustraciones_para_tu_obra_\" value=\"Non sono necessarie\" \/><span class=\"wpcf7-list-item-label\">Non sono necessarie<\/span><\/span><\/span><\/span>\n\t<\/p>\n<\/div>\n<div class=\"form-group\">\n\t<p><label>A quale fascia d'et\u00e0 pensi sia destinato?<\/label><br \/>\n<span class=\"wpcf7-form-control-wrap\" data-name=\"cual_es_el_segmento_de_edad_al_que_va_dirigido_\"><span class=\"wpcf7-form-control wpcf7-radio\"><span class=\"wpcf7-list-item first\"><input type=\"radio\" name=\"cual_es_el_segmento_de_edad_al_que_va_dirigido_\" value=\"Pre-lettori: 0-3 anni\" checked=\"checked\" \/><span class=\"wpcf7-list-item-label\">Pre-lettori: 0-3 anni<\/span><\/span><span class=\"wpcf7-list-item\"><input type=\"radio\" name=\"cual_es_el_segmento_de_edad_al_que_va_dirigido_\" value=\"Nuovi lettori: 4-6 anni\" \/><span class=\"wpcf7-list-item-label\">Nuovi lettori: 4-6 anni<\/span><\/span><span class=\"wpcf7-list-item\"><input type=\"radio\" name=\"cual_es_el_segmento_de_edad_al_que_va_dirigido_\" value=\"Grandi piccoli lettori: 7-10 anni\" \/><span class=\"wpcf7-list-item-label\">Grandi piccoli lettori: 7-10 anni<\/span><\/span><span class=\"wpcf7-list-item\"><input type=\"radio\" name=\"cual_es_el_segmento_de_edad_al_que_va_dirigido_\" value=\"Pre-adolescenti: 11-13 anni\" \/><span class=\"wpcf7-list-item-label\">Pre-adolescenti: 11-13 anni<\/span><\/span><span class=\"wpcf7-list-item last\"><input type=\"radio\" name=\"cual_es_el_segmento_de_edad_al_que_va_dirigido_\" value=\"Adolescenti: 14-16 anni\" \/><span class=\"wpcf7-list-item-label\">Adolescenti: 14-16 anni<\/span><\/span><\/span><\/span>\n\t<\/p>\n<\/div>\n<h3>Inviaci il tuo manoscritto per la valutazione oppure fornisci il tuo numero di telefono per ricevere informazioni personalizzate\n<\/h3>\n<div class=\"form-group\">\n\t<p><label>Allegato<\/label><br \/>\n<span class=\"wpcf7-form-control-wrap\" data-name=\"adjunta_tu_manuscrito\"><input size=\"40\" class=\"wpcf7-form-control wpcf7-file\" id=\"adjunta_tu_manuscrito\" accept=\".pdf,.doc,.docx\" aria-invalid=\"false\" type=\"file\" name=\"adjunta_tu_manuscrito\" \/><\/span>\n\t<\/p>\n\t<p class=\"form-format\"><br \/>\nDimensione massima: 5MB - Formati consentiti: pdf, doc, docx\n\t<\/p>\n<\/div>\n<div class=\"warning-form\">\n\t<p>Non sono ammesse foto dei manoscritti, n\u00e9 manoscritti divisi in file separati (solo 1 file pdf o Word per progetto).\n\t<\/p>\n<\/div>\n<div style=\"display:none\">\n\t<p><span class=\"wpcf7-form-control-wrap\" data-name=\"utm_campaign\"><input size=\"40\" maxlength=\"400\" class=\"wpcf7-form-control wpcf7-text\" aria-invalid=\"false\" value=\"\" type=\"text\" name=\"utm_campaign\" \/><\/span><br \/>\n<span class=\"wpcf7-form-control-wrap\" data-name=\"utm_source\"><input size=\"40\" maxlength=\"400\" class=\"wpcf7-form-control wpcf7-text\" aria-invalid=\"false\" value=\"\" type=\"text\" name=\"utm_source\" \/><\/span><br \/>\n<span class=\"wpcf7-form-control-wrap\" data-name=\"utm_medium\"><input size=\"40\" maxlength=\"400\" class=\"wpcf7-form-control wpcf7-text\" aria-invalid=\"false\" value=\"\" type=\"text\" name=\"utm_medium\" \/><\/span><br \/>\n<span class=\"wpcf7-form-control-wrap\" data-name=\"utm_term\"><input size=\"40\" maxlength=\"400\" class=\"wpcf7-form-control wpcf7-text\" aria-invalid=\"false\" value=\"\" type=\"text\" name=\"utm_term\" \/><\/span><br \/>\n\t<input class=\"wpcf7-form-control wpcf7-hidden\" value=\"\" type=\"hidden\" name=\"referer-page\" \/>\n\t<\/p>\n<\/div>\n<hr \/>\n<div class=\"row\">\n\t<div class=\"col-md-8\">\n\t\t<p><span class=\"wpcf7-form-control-wrap\" data-name=\"he_leido_y_acepto_la_politica\"><span class=\"wpcf7-form-control wpcf7-acceptance\"><span class=\"wpcf7-list-item\"><label><input type=\"checkbox\" name=\"he_leido_y_acepto_la_politica\" value=\"1\" aria-invalid=\"false\" \/><span class=\"wpcf7-list-item-label\">Ho letto e accetto la <a href=\"\/privacy-policy\" target=\"_blank\">Politica sulla Privacy<\/a><\/span><\/label><\/span><\/span><\/span><br \/>\n\t\t<div class=\"wpcf7-turnstile cf-turnstile\" data-sitekey=\"0x4AAAAAACsNmkcPOarK-CMH\" data-response-field-name=\"_wpcf7_turnstile_response\"><\/div>\n\t\t<\/p>\n\t<\/div>\n\t<p><span id=\"wpcf7-69f2e39b6da94-wrapper\" class=\"wpcf7-form-control-wrap requiredhp-836-wrap\" style=\"display:none !important; visibility:hidden !important;\"><input type=\"hidden\" name=\"requiredhp-836-time-start\" value=\"1777525659\"><input type=\"hidden\" name=\"requiredhp-836-time-check\" value=\"4\"><label for=\"wpcf7-69f2e39b6da94-field\" class=\"hp-message\">Si prega di lasciare vuoto questo campo.<\/label><input id=\"wpcf7-69f2e39b6da94-field\"  class=\"wpcf7-form-control wpcf7-text\" type=\"text\" name=\"requiredhp-836\" value=\"\" size=\"40\" tabindex=\"-1\" autocomplete=\"off\" \/><\/span>\n\t<\/p>\n\t<div class=\"col-md-4\">\n\t\t<p><span class=\"btn-submit\"><input class=\"wpcf7-form-control wpcf7-submit has-spinner\" type=\"submit\" value=\"Invia\" \/><\/span>\n\t\t<\/p>\n\t<\/div>\n<\/div><p style=\"display: none !important;\" class=\"akismet-fields-container\" data-prefix=\"_wpcf7_ak_\"><label>&#916;<textarea name=\"_wpcf7_ak_hp_textarea\" cols=\"45\" rows=\"8\" maxlength=\"100\"><\/textarea><\/label><input type=\"hidden\" id=\"ak_js_1\" name=\"_wpcf7_ak_js\" value=\"82\"\/><script type=\"text\/javascript\">\n\/* <![CDATA[ *\/\ndocument.getElementById( \"ak_js_1\" ).setAttribute( \"value\", ( new Date() ).getTime() );\n\/* ]]> *\/\n<\/script>\n<\/p><div class=\"wpcf7-response-output\" aria-hidden=\"true\"><\/div>\n<\/form>\n<\/div>\n\n","protected":false},"excerpt":{"rendered":"","protected":false},"author":2119,"featured_media":0,"parent":0,"menu_order":78,"comment_status":"closed","ping_status":"closed","template":"","meta":{"_acf_changed":false,"content-type":"","footnotes":""},"class_list":["post-27297","page","type-page","status-publish","hentry"],"acf":[],"_links":{"self":[{"href":"https:\/\/www.babidibulibros.com\/it\/wp-json\/wp\/v2\/pages\/27297","targetHints":{"allow":["GET"]}}],"collection":[{"href":"https:\/\/www.babidibulibros.com\/it\/wp-json\/wp\/v2\/pages"}],"about":[{"href":"https:\/\/www.babidibulibros.com\/it\/wp-json\/wp\/v2\/types\/page"}],"author":[{"embeddable":true,"href":"https:\/\/www.babidibulibros.com\/it\/wp-json\/wp\/v2\/users\/2119"}],"replies":[{"embeddable":true,"href":"https:\/\/www.babidibulibros.com\/it\/wp-json\/wp\/v2\/comments?post=27297"}],"version-history":[{"count":2,"href":"https:\/\/www.babidibulibros.com\/it\/wp-json\/wp\/v2\/pages\/27297\/revisions"}],"predecessor-version":[{"id":57934,"href":"https:\/\/www.babidibulibros.com\/it\/wp-json\/wp\/v2\/pages\/27297\/revisions\/57934"}],"wp:attachment":[{"href":"https:\/\/www.babidibulibros.com\/it\/wp-json\/wp\/v2\/media?parent=27297"}],"curies":[{"name":"wp","href":"https:\/\/api.w.org\/{rel}","templated":true}]}}