{"id":27936,"date":"2020-06-15T11:00:11","date_gmt":"2020-06-15T09:00:11","guid":{"rendered":"https:\/\/babidibu.desarrollotrevenque.com\/aviso-legal\/"},"modified":"2023-01-13T10:17:47","modified_gmt":"2023-01-13T09:17:47","slug":"avvertimento-legale","status":"publish","type":"page","link":"https:\/\/www.babidibulibros.com\/it\/avvertimento-legale\/","title":{"rendered":"Avvertimento legale"},"content":{"rendered":"\n<h3 class=\"wp-block-heading\">1. DATI IDENTIFICATIVI<\/h3>\n\n\n\n<p>In ottemperanza agli obblighi di comunicazione di cui all&#8217;articolo 10 della legge 34\/2002, del 11 luglio, servizi della societ\u00e0 dell&#8217;informazione e commercio elettronico, i seguenti dati si riflettono: <\/p>\n\n\n\n<p>BABIDI-B\u00da Libros S.L.U \u00e8 titolare del presento sito web (di seguito il &#8220;sito web&#8221;), con sede in: Avda. San Francisco Javier, 9, 6\u00aa, 23. Edificio Sevilla 2. 41018, Sevilla; numero di C.I.F: B90109927 iscritta al Registro delle Imprese di Siviglia. Email di contatto: <a href=\"mailto:info@babidibulibros.com\">info@babidibulibros.com<\/a> <\/p>\n\n\n\n<h3 class=\"wp-block-heading\">2.&nbsp; UTENTI<\/h3>\n\n\n\n<p>L&#8217;accesso e\/o l&#8217;utilizzo di questo sito web gli attribuisce lo stato di UTENTE, che accetta, da tale accesso e\/o utilizzo, le Condizioni Generali di Utilizzo qui riportate. Le Condizioni di cui sopra saranno applicabili indipendentemente dalle Condizioni Generali di Contratto che, se applicabili, sono obbligatorie. In ogni caso per qualsivoglia specifica finalit\u00e0 sar\u00e0 richiesto il suo consenso esplicito. <\/p>\n\n\n\n<h3 class=\"wp-block-heading\">3.&nbsp; L&#8217;UTILIZZO DEL PORTALE<\/h3>\n\n\n\n<p>Il nostro sito web fornisce l&#8217;accesso a informazioni, servizi, programmi o dati (d&#8217;ora in poi li chiameremo come &#8220;i contenuti&#8221;) su Internet appartenenti  BABIDI-B\u00da Libros o alle sue affiliate a cui l&#8217;UTENTE pu\u00f2 avere accesso. L&#8217;utente si assume la propria responsabilit\u00e0 nell&#8217;uso corretto del sito web. Questa responsabilit\u00e0 si estende al record necessario per accedere a determinati servizi o contenuti.<\/p>\n\n\n\n<p>In questo registro, l&#8217;utente sar\u00e0 responsabile dell&#8217;invio di informazioni veritiere e lecite. A seguito di tale registrazione, all&#8217;UTENTE pu\u00f2 essere fornita una password di cui sar\u00e0 responsabile, impegnandosi a farne un uso diligente e riservato.<\/p>\n\n\n\n<p>L&#8217;UTENTE si impegna a fare un uso appropriato del contenuto e dei servizi (ad es. servizi di chat, forum di discussione o gruppi di notizie) che IL TITOLARE offre attraverso il proprio portale a titolo esemplificativo ma non esaustivo, di non utilizzarli per:<\/p>\n\n\n\n<ul class=\"wp-block-list\">\n<li>Impegnarsi in attivit\u00e0 illecite, illegali o contrarie alla buona fede e all&#8217;ordine pubblico.<\/li>\n<\/ul>\n\n\n\n<ul class=\"wp-block-list\">\n<li>Diffondere contenuti o propaganda razzista, xenofobo, pornografico-illegale, sostenere il terrorismo o attaccare i diritti umani.<\/li>\n\n\n\n<li>Causare danni ai sistemi fisici e logici, introducendo o diffondendo virus informatici o qualsiasi altro sistema fisico o logico in grado di causare i suddetti danni.<\/li>\n\n\n\n<li>Prova ad accedere e, se del caso, usa gli account di posta elettronica di altri utenti e modifica o manipola i loro messaggi.<\/li>\n<\/ul>\n\n\n\n<p>IL TITOLARE si riserva il diritto di ritirare tutti quei commenti e contributi che violano il rispetto della dignit\u00e0 della persona, che siano discriminatori, xenofobi, razzisti pornografici, che attentano alla giovent\u00f9 o all&#8217;infanzia, all&#8217;ordine pubblico o alla sicurezza o che, a loro avviso, non essere idoneo alla pubblicazione. In ogni caso, IL TITOLARE non sar\u00e0 responsabile delle opinioni espresse dagli utenti attraverso forum, chat o altri strumenti di partecipazione.<\/p>\n\n\n\n<h3 class=\"wp-block-heading\">4.&nbsp; PROTEZIONE DEI DATI E UTILIZZO DI COOKIES<\/h3>\n\n\n\n<p>Il trattamento dei dati personali \u00e8 definito sulla base del Regolamento Generale sulla Protezione dei dati e la normativa spagnola in vigore. Al fine di ottenere la massima trasparenza e sulla base della nostra politica proattiva si informa: <\/p>\n\n\n\n<p>Perch\u00e9  chiediamo i vostri dati? Per conoscere il movimento degli utenti dentro la nostra web<\/p>\n\n\n\n<p>Che tipo di dati raccogliamo?  Dati di monitoraggio <\/p>\n\n\n\n<p>Come vengono raccolti? WordPress<\/p>\n\n\n\n<p>Condivisione con terze parti: Trevenque<\/p>\n\n\n\n<p>Diritti: Ha il diritto di accedere ai suoi dati, rettificarli, sopprimerli, limitarli e opporsi al loro trattamento in qualsiasi momento, pu\u00f2 revocare qualsivoglia consenso che ci avete fornito e presentare un reclamo presso l&#8217;autorit\u00e0 di controllo (Agenzia Spagnola di Protezione dei Dati c\/ Jorge Juan n\u00ba6 28001 Madrid). Per l&#8217;esercizio dei suoi diritti  dispone di un canale diretto con la nostra azienda sul mail <a href=\"mailto:info@babidibulibros.com\">info@babidibulibros.com<\/a> e all&#8217;indirizzo postale Avda. San Francisco Javier, 9, 6\u00aa, 23. Edificio Sevilla 2. 41018, Siviglia, indicando nell&#8217;oggetto &#8220;protezione dei dati&#8221;.  <\/p>\n\n\n\n<p>Tutela della privacy: il proprietario del portale prende la privacy molto sul serio, e si impegna per la trasparenza sotto tutti gli aspetti legati ai dati personali. Se si desidera configurare i coockie, alleghiamo i link corrispondenti a ogni browser.  Si prega di consultare la Politica relativa all&#8217;utilizzo dei cookie del nostro sito web per ottenere pi\u00f9 informazione.  <\/p>\n\n\n\n<p>Pu\u00f2 trovare ulteriori informazioni su come modificare l&#8217;impostazione dei cookie nel browser che utilizza nell&#8217;elenco seguente:<\/p>\n\n\n\n<ul class=\"wp-block-list\">\n<li><a href=\"http:\/\/www.google.com\/intl\/en\/policies\/technologies\/managing\/\" rel=\"nofollow noopener\" target=\"_blank\">https:\/\/www.google.com\/intl\/en\/policies\/technologies\/managing\/<\/a><\/li>\n\n\n\n<li><a href=\"http:\/\/support.mozilla.com\/en-GB\/kb\/Cookies#w_cookie-settings\" rel=\"nofollow noopener\" target=\"_blank\">http:\/\/support.mozilla.com\/en-GB\/kb\/Cookies#w_cookie-settings<\/a><\/li>\n\n\n\n<li><a href=\"http:\/\/windows.microsoft.com\/en-GB\/windows-vista\/Block-or-allow-cookies\" rel=\"nofollow noopener\" target=\"_blank\">http:\/\/windows.microsoft.com\/en-GB\/windows-vista\/Block-or-allow-cookies<\/a><\/li>\n\n\n\n<li><a href=\"http:\/\/www.apple.com\/safari\/features.html#security\" rel=\"nofollow noopener\" target=\"_blank\">http:\/\/www.apple.com\/safari\/features.html#security<\/a><\/li>\n<\/ul>\n\n\n\n<p>Inoltre, BABIDI-B\u00da informa che <\/p>\n\n\n\n<p>Asimismo, BABIDI-B\u00da informa che rispetta la legge 34\/2002 dell&#8217;11 luglio, in materia &#8220;Servizi della Societ\u00e0 dell&#8217;informazione e del Commercio elettronico&#8221; e le chieder\u00e0 di volta in volta il consenso al trattamento dell&#8217;indirizzo di posta elettronica a fini commerciali.<\/p>\n\n\n\n<h3 class=\"wp-block-heading\">5.&nbsp;PROPRIET\u00c0 INTELLETTUALE E INDUSTRIALE<\/h3>\n\n\n\n<p>Il proprietario di per s\u00e9 o in qualit\u00e0 di cessionaria, \u00e8 titolare di tutti i diritti di propriet\u00e0 intellettuale ed industriale della sua pagina web, nonch\u00e9 degli elementi in essa contenuti (a titolo esemplificativo, immagini, suono, audio, video, software o testi; marchi o loghi, combinazioni di colori, struttura e design, selezione dei materiali utilizzati, programmi per computer necessari per il loro funzionamento, accesso e utilizzo, etc.)<\/p>\n\n\n\n<p>Tutti i diritti riservati. A norma degli articoli 8 e 32.1, secondo comma, del Diritto della Propriet\u00e0 Intellettuale, sono espressamente vietate la riproduzione, la distribuzione e la comunicazione pubblica, compresa la modalit\u00e0 di messa a disposizione, di tutto o parte dei contenuti del sito web, con scopi commerciali, su qualsiasi supporto e con qualsiasi mezzo tecnico, senza l&#8217;autorizzazione di BABIDI-B\u00da Libros S.L.U.<\/p>\n\n\n\n<p>L&#8217;UTENTE si impegna a rispettare il Diritto della Propriet\u00e0 Intellettuale e Industriale di BABIDI-B\u00da Libros S.L.U. Potr\u00e0 visualizzare gli elementi del portale e persino stamparli, copiarli e archiviarli sul disco rigido del proprio computer o in qualsiasi altro supporto fisico purch\u00e9 sia, solo ed esclusivamente, per uso personale e privato. L&#8217;UTENTE deve astenersi dall&#8217;eliminare, alterare, eludere o manipolare qualsiasi dispositivo di protezione o sistema di sicurezza installato sulle pagine di BABIDI-B\u00da. <\/p>\n\n\n\n<h3 class=\"wp-block-heading\">6.&nbsp;SMENTITA DI GARANZIA E RESPONSABILIT\u00c0<\/h3>\n\n\n\n<p>BABIDI-B\u00da Libros non si rende responsabile dei danni e pregiudizi che possono occasionalmente occorrere, a titolo esemplificativo, errori ed omissioni nei contenuti, mancanza di disponibilit\u00e0 del portale o la trasmissione di virus, programmi dannosi o potenzialmente dannosi nei contenuti, nonostante tutte le misure tecnologiche necessarie per evitarlo. <\/p>\n\n\n\n<h3 class=\"wp-block-heading\">7.&nbsp; MODIFICHE <\/h3>\n\n\n\n<p>BABIDI-B\u00da Libros si riserva il diritto di apportare senza previo avviso le modifiche che ritenga opportune sul portale, con la possibilit\u00e0 di modificare, eliminare o aggiungere contenuti cos\u00ec come il modo in cui questi vengono presentati o localizzati sul portale. <\/p>\n\n\n\n<h3 class=\"wp-block-heading\">8.&nbsp; LINK <\/h3>\n\n\n\n<p>Nel caso in cui, per conto di BABIDI-B\u00da Libros, ci siano collegamenti o collegamenti ipertestuali ad altri siti Internet, IL SITO WEB non eserciter\u00e0 alcun tipo di controllo su tali siti e contenuti. In nessun caso BABIDI-B\u00da Libros assumer\u00e0 alcuna responsabilit\u00e0 per i contenuti di qualsiasi collegamento appartenente a un sito Web di terzi, n\u00e9 garantir\u00e0 la disponibilit\u00e0 tecnica, la qualit\u00e0, l\u2019affidabilit\u00e0, l\u2019accuratezza, l\u2019ampiezza, la veridicit\u00e0, la validit\u00e0 e la costituzionalit\u00e0 di qualsiasi materiale o informazione contenuta in uno qualsiasi di detti collegamenti ipertestuali o altri siti Internet. Allo stesso modo, l\u2019inclusione di queste connessioni esterne non implicher\u00e0 alcun tipo di associazione, fusione o partecipazione con le entit\u00e0 collegate.<\/p>\n\n\n\n<h3 class=\"wp-block-heading\">9.&nbsp;DIRITTO DI ESCLUSIONE<\/h3>\n\n\n\n<p>BABIDI-B\u00da Libros si riserva il diritto di negare o revocare l\u2019accesso al portale e \/ o ai servizi offerti senza preavviso, su propria richiesta o da parte di terzi, a quegli utenti che non rispettano le presenti Condizioni Generali d\u2019Uso.<\/p>\n\n\n\n<h3 class=\"wp-block-heading\">10. GENERALE<\/h3>\n\n\n\n<p>BABIDI-B\u00da Libros perseguir\u00e0 la violazione di queste condizioni nonch\u00e9 ogni uso improprio del proprio portale, esercitando tutte le azioni civili e penali che gli possono corrispondere per legge.<\/p>\n\n\n\n<h3 class=\"wp-block-heading\">11. MODIFICA DELLE PRESENTI CONDIZIONI E DURATA<\/h3>\n\n\n\n<p>BABIDI-B\u00da Libros pu\u00f2 modificare le condizioni qui stabilite in qualsiasi momento, debitamente pubblicate cos\u00ec come appaiono qui. La validit\u00e0 delle suddette condizioni dipender\u00e0 dalla loro esposizione e rimarr\u00e0 in vigore fino a quando non saranno modificate da altre e debitamente pubblicate.<\/p>\n\n\n\n<h3 class=\"wp-block-heading\">12. LEGISLAZIONE APPLICABILE E GIURISDIZIONE<\/h3>\n\n\n\n<p>Il rapporto tra BABIDI-B\u00da Libros e l\u2019UTENTE saranno regolati dalle attuali normative spagnole e qualsiasi controversia sar\u00e0 sottoposta all&#8217;autorit\u00e0 pertinente.<\/p>\n","protected":false},"excerpt":{"rendered":"<p>1. DATI IDENTIFICATIVI In ottemperanza agli obblighi di comunicazione di cui all&#8217;articolo 10 della legge 34\/2002, del 11 luglio, servizi [&hellip;]<\/p>\n","protected":false},"author":2119,"featured_media":0,"parent":0,"menu_order":148,"comment_status":"closed","ping_status":"closed","template":"","meta":{"_acf_changed":false,"content-type":"","footnotes":""},"class_list":["post-27936","page","type-page","status-publish","hentry"],"acf":[],"_links":{"self":[{"href":"https:\/\/www.babidibulibros.com\/it\/wp-json\/wp\/v2\/pages\/27936","targetHints":{"allow":["GET"]}}],"collection":[{"href":"https:\/\/www.babidibulibros.com\/it\/wp-json\/wp\/v2\/pages"}],"about":[{"href":"https:\/\/www.babidibulibros.com\/it\/wp-json\/wp\/v2\/types\/page"}],"author":[{"embeddable":true,"href":"https:\/\/www.babidibulibros.com\/it\/wp-json\/wp\/v2\/users\/2119"}],"replies":[{"embeddable":true,"href":"https:\/\/www.babidibulibros.com\/it\/wp-json\/wp\/v2\/comments?post=27936"}],"version-history":[{"count":3,"href":"https:\/\/www.babidibulibros.com\/it\/wp-json\/wp\/v2\/pages\/27936\/revisions"}],"predecessor-version":[{"id":34284,"href":"https:\/\/www.babidibulibros.com\/it\/wp-json\/wp\/v2\/pages\/27936\/revisions\/34284"}],"wp:attachment":[{"href":"https:\/\/www.babidibulibros.com\/it\/wp-json\/wp\/v2\/media?parent=27936"}],"curies":[{"name":"wp","href":"https:\/\/api.w.org\/{rel}","templated":true}]}}