{"id":27938,"date":"2020-06-16T08:57:15","date_gmt":"2020-06-16T06:57:15","guid":{"rendered":"https:\/\/babidibu.desarrollotrevenque.com\/politica-de-cookies\/"},"modified":"2023-01-13T10:16:27","modified_gmt":"2023-01-13T09:16:27","slug":"cookie-policy","status":"publish","type":"page","link":"https:\/\/www.babidibulibros.com\/it\/cookie-policy\/","title":{"rendered":"Cookie Policy"},"content":{"rendered":"\n<p>La presente Cookie Policy \u00e8 parte integrante delle Condizioni Generali d&#8217;Uso e l&#8217;Informativa sulla privacy del sito web, <a class=\"rank-math-link\" href=\"https:\/\/www.babidibulibros.com\/it\/\">https:\/\/www.babidibulibros.com\/<\/a> (in poi, il &#8220;Sito Web&#8221; o la &#8220;Pagina web&#8221;). L&#8217;accesso e la navigazione sul Sito Web, o l&#8217;uso dei suoi servizi implicano l&#8217;accettazione dei termini e delle condizioni contenute nelle Condizioni Generali d&#8217;Uso , l&#8217;Informativa sulla privacy e la Cookie Policy.<\/p>\n\n\n\n<p class=\"has-text-align-left\">Al fine di facilitare la navigazione sul Sito Web, il proprietario dello stesso con sede legale in Avda. San Francisco Javier, 9, 6\u00aa, 23, Edificio Sevilla 2, 41018 &#8211; SIVIGLIA, comunica che utilizza i cookie o dispositivi di archiviazione per il recupero dei dati o altri file dotati di funzionalit\u00e0 simili (in poi, i cookies).<\/p>\n\n\n\n<p>In tal senso e con l&#8217;obiettivo di garantire all&#8217;UTENTE tutta l&#8217;informazione necessaria per una corretta navigazione, mettiamo a disposizione dell&#8217;UTENTE il seguente testo informativo su cosa sono i cookies, la tipologia di cookie esistenti nel nostro sito web e com&#8217;\u00e8 possibile configurarle o disabilitarle. <\/p>\n\n\n\n<h3 class=\"wp-block-heading\">1 &#8211; Cosa sono i cookies?<\/h3>\n\n\n\n<p> Attualmente, tutti i siti web (a prescindere dal servizio prestato) usano i cookie, cio\u00e8 conservano un minimo di informazioni sull&#8217;uso che l&#8217;UTENTE fa del sito web.<\/p>\n\n\n\n<p>Un cookie \u00e8 un piccolo file di testo che viene salvato sul vostro computer o dispositivo mobile mentre visitate un sito web. Grazie ai cookie il sito ricorda le vostre azioni e preferenze (per es. login, lingua, dimensioni dei caratteri e altre impostazioni di visualizzazione) in modo che non dobbiate reinserirle ogni volta che visitate il sito o navigate da una pagina all&#8217;altra.<\/p>\n\n\n\n<p>Come stabilisce il Considerando 30 del RGPD, le persone fisiche possono essere associate a identificativi online prodotti dai dispositivi, dalle applicazioni, dagli strumenti e dai protocolli utilizzati, quali gli indirizzi IP, marcatori temporanei (cookies) o identificativi di altro tipo. Tali identificativi possono lasciare tracce che, in particolare se combinate con identificativi univoci e altre informazioni ricevute dai server, possono essere utilizzate per creare profili delle persone fisiche e identificarle. Per questo motivo, il proprietario del sito web dispone di una politica di Cookies con la normativa applicabile. <\/p>\n\n\n\n<p>In generale, quando l&#8217;installazione e\/o l&#8217;uso di cookies comporti il trattamento di dati personali, sia che si tratti di cookies propi o di terze parti, di sessione o permanenti, il responsabile del trattamento fornisce la informazione necessaria in questo caso e ottener\u00e0 il previo consenso informato dell&#8217;UTENTE per installare e\/o utilizzare quelle salvo in caso di installazione di cookies strettamente necessari. Sono esclusi solo da tale consenso quelle che consentono, esclusivamente, la comunicazione tra l&#8217;apparecchiatura e la rete e, rigorosamente, quelle utilizzati per fornire un servizio richiesto dall&#8217;utente. Per esempio, sarebbero eccettuate i cookie tecnici, di personalizzazione o configurazione e di sicurezza. <\/p>\n\n\n\n<h3 class=\"wp-block-heading\">2 &#8211; Quali tipi di cookies utilizziamo in BABIDI-B\u00da Libros?<\/h3>\n\n\n\n<h4 class=\"wp-block-heading\">2.1 SECONDO L&#8217;ENTIT\u00c0 CHE LI GESTISCE <\/h4>\n\n\n\n<h5 class=\"wp-block-heading\">Cookies propri<\/h5>\n\n\n\n<p>Sono quelli che vengono inviati al tuo dispositivo dai nostri computer o domini e dai quali forniamo il servizio richiesto.<\/p>\n\n\n\n<h5 class=\"wp-block-heading\">Cookies di terze parti<\/h5>\n\n\n\n<p>Sono quelli che vengono inviati al tuo computer da un computer o dominio che non \u00e8 gestito da noi, ma da un altro soggetto collaboratore. Ad esempio, quelli utilizzati dai social network, o da contenuti esterni come Google Maps.<\/p>\n\n\n\n<h4 class=\"wp-block-heading\">2.2 IN BASE ALLA DURATA DELLA LORO ATTIVAZIONE:<\/h4>\n\n\n\n<h5 class=\"wp-block-heading\">Cookie di sessione<\/h5>\n\n\n\n<p>Si tratta di cookie temporanei che rimangono nel file dei cookie del browser fino a quando non si esce dalla pagina Web, quindi nessuno di essi viene registrato sul disco rigido del computer. Le informazioni ottenute tramite questi cookie vengono utilizzate per analizzare i modelli di traffico sul web. In definitiva, questo ci consente di fornire un&#8217;esperienza migliore per migliorare il contenuto e renderlo pi\u00f9 facile da usare.<\/p>\n\n\n\n<h5 class=\"wp-block-heading\">Cookie persistenti<\/h5>\n\n\n\n<p>Vengono memorizzati sul disco rigido e il nostro sito web li legge ogni volta che si effettua una nuova visita. Un sito web permanente ha una certa data di scadenza. Il cookie smetter\u00e0 di funzionare dopo tale data. Utilizziamo questi cookie, in genere, per facilitare i servizi di acquisto e registrazione.<\/p>\n\n\n\n<h4 class=\"wp-block-heading\">2.3 SECONDO IL SUO SCOPO<\/h4>\n\n\n\n<h5 class=\"wp-block-heading\">Cookie tecnici <\/h5>\n\n\n\n<p>Sono quelli necessari alla navigazione e al corretto funzionamento del nostro sito web. Consentono, ad esempio, di controllare il traffico e la comunicazione dei dati, accedere ad aree ad accesso riservato, eseguire la procedura di acquisto di un ordine, utilizzare elementi di sicurezza, archiviare contenuti per poter trasmettere video o condividere contenuti attraverso i social network.<\/p>\n\n\n\n<h5 class=\"wp-block-heading\">Cookie di personalizzazione<\/h5>\n\n\n\n<p>Sono quelli che consentono di accedere al servizio con caratteristiche predefinite in base ad una serie di criteri, quali la lingua, il tipo di browser attraverso il quale si accede al servizio, la configurazione regionale da cui si accede al servizio, etc. <\/p>\n\n\n\n<h5 class=\"wp-block-heading\">Cookie di analisi<\/h5>\n\n\n\n<p>Sono quelli che ci consentono di quantificare il numero di utenti e quindi effettuare la misurazione e l&#8217;analisi statistica dell&#8217;uso fatto dagli utenti dei servizi forniti. Per fare ci\u00f2, la tua navigazione sul nostro sito Web viene analizzata al fine di migliorare la gamma di prodotti e servizi che offriamo.<\/p>\n\n\n\n<h5 class=\"wp-block-heading\">Cookie pubblicitari<\/h5>\n\n\n\n<p>Sono quelli che consentono la gestione, nel modo pi\u00f9 efficiente possibile, degli spazi pubblicitari che potrebbero essere inseriti nel nostro sito web.<\/p>\n\n\n\n<h5 class=\"wp-block-heading\">Cookie di pubblicit\u00e0 comportamentale<\/h5>\n\n\n\n<p>Questi cookie memorizzano informazioni sul comportamento degli utenti ottenute attraverso l&#8217;osservazione continua. Grazie a loro, possiamo conoscere le tue abitudini di navigazione in Internet e mostrarti pubblicit\u00e0 relativa al tuo profilo di navigazione.<\/p>\n\n\n\n<h5 class=\"wp-block-heading\">Cookies sociali<\/h5>\n\n\n\n<p>Cookies di complemento per lo scambio di contenuti sociali: cosiddetti plug-ins, che permettono condividere contenuti sui social media. <\/p>\n\n\n\n<p><\/p>\n\n\n\n<h3 class=\"wp-block-heading\">3 &#8211; Cookies utilizzati sul sito web<\/h3>\n\n\n\n<p>L&#8217;identificazione di chi utilizza i cookies di questo sito web, e i relativi dettagli, indicato di seguito:<\/p>\n\n\n\n<figure class=\"wp-block-table\"><table><tbody><tr><td>Entit\u00e0<\/td><td>Tipo<\/td><td>Finalit\u00e0<\/td><td>Pi\u00f9 informazione<\/td><\/tr><tr><td>Google Analytics<\/td><td>De terze parti<\/td><td>Raccogliere informazioni sulla navigazione degli utenti per il sito web al fine di conoscere l&#8217;origine delle visite e altri dati simili a livello statistico, nonch\u00e9, se del caso, anche per mostrarti pubblicit\u00e0 relativa al tuo profilo di navigazione.<\/td><td><a href=\"https:\/\/developers.google.com\/analytics\/devguides\/collection\/analyticsjs\/cookie-usage\" class=\"rank-math-link\" rel=\"nofollow noopener\" target=\"_blank\">1.Google Analytics<br><\/a><a href=\"https:\/\/policies.google.com\/technologies\/cookies?hl=es#types-of-cookies\" class=\"rank-math-link\" rel=\"nofollow noopener\" target=\"_blank\">2.Centro de Privacidad de Google<\/a><\/td><\/tr><tr><td>Facebook<\/td><td>De terze parti<\/td><td>Condividere contenuti sul social network<\/td><td><a href=\"https:\/\/www.facebook.com\/policies\/cookies\/\" class=\"rank-math-link\" rel=\"nofollow noopener\" target=\"_blank\">https:\/\/www.facebook.com\/policies\/cookies\/<\/a><\/td><\/tr><tr><td>Instagram<\/td><td>De terze parti<\/td><td>Condividere contenuti sul social network<\/td><td><a href=\"https:\/\/help.instagram.com\/1896641480634370\" class=\"rank-math-link\" rel=\"nofollow noopener\" target=\"_blank\">https:\/\/help.instagram.com\/1896641480634370<\/a><\/td><\/tr><tr><td>Twitter<\/td><td>De terze parti<\/td><td>Condividere contenuti sul social network<\/td><td><a href=\"https:\/\/twitter.com\/es\/privacy\" class=\"rank-math-link\" rel=\"nofollow noopener\" target=\"_blank\">https:\/\/twitter.com\/es\/privacy<\/a><\/td><\/tr><\/tbody><\/table><\/figure>\n\n\n\n<h3 class=\"wp-block-heading\">4 &#8211; Come disabilitare i cookies nei browser pi\u00f9 diffusi<\/h3>\n\n\n\n<p>Puoi consentire o bloccare i cookie, cosi come eliminare i tuoi dati di navigazione (inclusi i cookie) dal browser che utilizzi. Il browser ti consente di rifiutare l&#8217;installazione di tutti i cookie o solo di alcuni di essi.<\/p>\n\n\n\n<p>Di seguito, forniamo link di interesse sulla gestione o disattivazione dei cookie dei dispositivi e browser pi\u00f9 comuni:<\/p>\n\n\n\n<p><strong>Disattivazione o eliminazione di cookie appartenenti a Google Analytics<\/strong><\/p>\n\n\n\n<p>Se si acconsente all&#8217;utilizzo dei cookie appartenenti a Google Analytics sar\u00e0 possibile disinstallarle successivamente tramite le impostazioni del browser, come indicato, o instalando il componente di opt-out di Google Analytics: <a class=\"rank-math-link\" href=\"https:\/\/tools.google.com\/dlpage\/gaoptout?hl=es\" rel=\"nofollow noopener\" target=\"_blank\">https:\/\/tools.google.com\/dlpage\/gaoptout?hl=es<\/a>.<\/p>\n\n\n\n<p>Si ricorda che se si eliminano i cookie di personalizzazione ogni volta che si accede con noi o se utilizza un dispositivo diverso, un profilo o un browser dovrete comunicarci nuovamente le vostre preferenze.<\/p>\n\n\n\n<p><strong>Google Chrome <\/strong><\/p>\n\n\n\n<p><a href=\"https:\/\/support.google.com\/chrome\/answer\/95647?hl=es\" class=\"rank-math-link\" rel=\"nofollow noopener\" target=\"_blank\">https:\/\/support.google.com\/chrome\/answer\/95647?hl=es<\/a><\/p>\n\n\n\n<p><strong>Mozilla Firefox<\/strong><\/p>\n\n\n\n<p><a href=\"https:\/\/support.mozilla.org\/es\/kb\/cookies-informacion-que-los-sitios-web-guardan-en-?redirectlocale=en-US&amp;redirectslug=Cookies\" class=\"rank-math-link\" rel=\"nofollow noopener\" target=\"_blank\">https:\/\/support.mozilla.org\/es\/kb\/cookies-informacion-que-los-sitios-web-guardan-en-?redirectlocale=en-US&amp;redirectslug=Cookies<\/a><\/p>\n\n\n\n<p><strong>Apple Safari<\/strong><\/p>\n\n\n\n<p><a href=\"https:\/\/support.apple.com\/es-es\/HT201265\" class=\"rank-math-link\" rel=\"nofollow noopener\" target=\"_blank\">https:\/\/support.apple.com\/es-es\/HT201265<\/a><\/p>\n\n\n\n<p><strong>Microsoft Explorer<\/strong><\/p>\n\n\n\n<p><a href=\"https:\/\/support.microsoft.com\/es-es\/help\/17442\/windows-internet-explorer-delete-manage-cookies\" class=\"rank-math-link\" rel=\"nofollow noopener\" target=\"_blank\">https:\/\/support.microsoft.com\/es-es\/help\/17442\/windows-internet-explorer-delete-manage-cookies<\/a><\/p>\n\n\n\n<p><\/p>\n\n\n\n<h3 class=\"wp-block-heading\">5 &#8211; Che succede se si disabilitano i cookie?<\/h3>\n\n\n\n<p>Se si disabilitano i cookie, alcune funzioni e\/o link del sito web verranno disattivate, la sessione interattiva non pu\u00f2 essere avviata o mantenuta con i servizi del sito web, e non potremo ottenere da te informazioni molto utili per offrirle contenuti su misura per i vostri interessi e per accedere in modo semplice e veloce alle informazioni che ti interessano.<\/p>\n\n\n\n<p>Il proprietario del sito web non si assume alcuna responsabilit\u00e0 per problemi legali o tecnici causati dal mancato rispetto da parte di qualsiasi utente delle raccomandazioni contenute. Questa comunicazione \u00e8 stata effettuata per la conoscenza e l&#8217;uso degli utenti, pertanto, non deve essere utilizzato per altri scopi. <\/p>\n\n\n\n<p>Inolte, facciamo sapere che non possiamo essere ritenuti responsabili del contenuto e dell&#8217;autenticit\u00e0 delle politiche sulla privacy di terzi, presenti in questa informativa sui cookies.<\/p>\n\n\n\n<h3 class=\"wp-block-heading\">6 &#8211; Modifiche nella Cookie Policy<\/h3>\n\n\n\n<p>La presente Cookie Policy, \u00e8 la versione 2.0, ed \u00e8 in vigore dal 1o OTTOBRE 2020, e sulla base di ci\u00f2, il proprietario del sito web, pu\u00f2 modificare questa politica sui cookie, seconda l&#8217;incorporazione di nuovi cookie per necessit\u00e0 di nuovi contenuti che possono essere offerti, seconda dei requisiti legislativi, regolamentari, che rendono necessario il cambiamento della stessa, pertanto gli utenti sono invitati a visitarla periodicamente.<\/p>\n\n\n\n<p>Inoltre, il sito web pu\u00f2 informare gli utenti personalmente y in anticipo dei cambiamenti previsti in questa politica, prima della sua entrata in vigore, purch\u00e9 ci\u00f2 sia tecnicamente e ragionevolmente possibile.<\/p>\n\n\n\n<h3 class=\"wp-block-heading\">7 &#8211; Esercizio dei diritti in materia di coockies<\/h3>\n\n\n\n<p>Pu\u00f2 conoscere ed esercitare i suoi diritti in materia di protezione dei dati personali accedendo alla Privacy Policy di questo sito web.<\/p>\n\n\n\n<p>Se hai dubbi su questa Cookie Policy, potete contattarci. <\/p>\n","protected":false},"excerpt":{"rendered":"<p>La presente Cookie Policy \u00e8 parte integrante delle Condizioni Generali d&#8217;Uso e l&#8217;Informativa sulla privacy del sito web, https:\/\/www.babidibulibros.com\/ (in [&hellip;]<\/p>\n","protected":false},"author":2119,"featured_media":0,"parent":0,"menu_order":137,"comment_status":"closed","ping_status":"closed","template":"","meta":{"_acf_changed":false,"content-type":"","footnotes":""},"class_list":["post-27938","page","type-page","status-publish","hentry"],"acf":[],"_links":{"self":[{"href":"https:\/\/www.babidibulibros.com\/it\/wp-json\/wp\/v2\/pages\/27938","targetHints":{"allow":["GET"]}}],"collection":[{"href":"https:\/\/www.babidibulibros.com\/it\/wp-json\/wp\/v2\/pages"}],"about":[{"href":"https:\/\/www.babidibulibros.com\/it\/wp-json\/wp\/v2\/types\/page"}],"author":[{"embeddable":true,"href":"https:\/\/www.babidibulibros.com\/it\/wp-json\/wp\/v2\/users\/2119"}],"replies":[{"embeddable":true,"href":"https:\/\/www.babidibulibros.com\/it\/wp-json\/wp\/v2\/comments?post=27938"}],"version-history":[{"count":2,"href":"https:\/\/www.babidibulibros.com\/it\/wp-json\/wp\/v2\/pages\/27938\/revisions"}],"predecessor-version":[{"id":28744,"href":"https:\/\/www.babidibulibros.com\/it\/wp-json\/wp\/v2\/pages\/27938\/revisions\/28744"}],"wp:attachment":[{"href":"https:\/\/www.babidibulibros.com\/it\/wp-json\/wp\/v2\/media?parent=27938"}],"curies":[{"name":"wp","href":"https:\/\/api.w.org\/{rel}","templated":true}]}}