{"id":27941,"date":"2020-06-16T08:56:45","date_gmt":"2020-06-16T06:56:45","guid":{"rendered":"https:\/\/babidibu.desarrollotrevenque.com\/condiciones-de-compra\/"},"modified":"2023-01-13T10:17:28","modified_gmt":"2023-01-13T09:17:28","slug":"condizioni-di-acquisto","status":"publish","type":"page","link":"https:\/\/www.babidibulibros.com\/it\/condizioni-di-acquisto\/","title":{"rendered":"Condizioni di acquisto"},"content":{"rendered":"\n<h2 class=\"wp-block-heading\">Zone di spedizione<\/h2>\n\n\n\n<p><strong>ZONA 1<\/strong>&nbsp;&#8211;&nbsp;Spagna (Penisola)<\/p>\n\n\n\n<p><strong>ZONA 2<\/strong>&nbsp;&#8211; Spagna (Penisola e Isole Baleari)<\/p>\n\n\n\n<p><strong>ZONA 3&nbsp;<\/strong>&#8211; Spagna (Isole Canarie, Ceuta e Melilla)<\/p>\n\n\n\n<h2 class=\"wp-block-heading\">Tipi di spedizione<\/h2>\n\n\n\n<p><strong>SPEDIZIONE ESPRESSA:&nbsp;<\/strong>2 a 4 giorni.&nbsp;<\/p>\n\n\n\n<p>Spedizione gratuita a partire da 800 grammi (3 o 4 libri).&nbsp;Di solito non succede, ma, in caso di non avere stock disponibile, ti contatteremo per darti una nuova data di consegna o il rimborso.<\/p>\n\n\n\n<p>Disponibile solo in&nbsp;<strong>ZONA 1<\/strong>&nbsp;&#8211;&nbsp;Spagna (Penisola)<\/p>\n\n\n\n<p>Fino a 500 gr.: 3,99 \u20ac<\/p>\n\n\n\n<p>Fino a 800 gr.: 4,99 \u20ac<\/p>\n\n\n\n<p>A partire da 800 gr.:&nbsp;<strong>Gratuito!<\/strong><\/p>\n\n\n\n<p><strong>SPEDIZIONE ECONOMICA:<\/strong>&nbsp;Senza fretta!<\/p>\n\n\n\n<p>Utilizziamo Correos, con il suo servizio Poslibris.&nbsp;Non usiamo questo servizio per i pacchetti di pi\u00f9 di 500 grammi, perch\u00e8, in tal caso, il postino non lo lascer\u00e0 a casa tua e tu dovrai andare a ritirare il pacco all&#8217;ufficio postale.<\/p>\n\n\n\n<p>Prezzo unico: 0,99 \u20ac<\/p>\n\n\n\n<p>Disponibile in tutte le Zone.<\/p>\n\n\n\n<h2 class=\"wp-block-heading\">Tipi di tasse <\/h2>\n\n\n\n<p><strong>ZONA 1<\/strong>&nbsp;&#8211; Spagna (Penisola):&nbsp;<\/p>\n\n\n\n<p>Generale (21%) la spedizione e Super ridotto (4%) l&#8217; articolo<\/p>\n\n\n\n<p><strong>ZONA 2<\/strong>&nbsp;&#8211; Spagna (Penisola e Isole Baleari):&nbsp;<\/p>\n\n\n\n<p>Generale (21%) la spedizione e Ridotto (4%) l&#8217;articolo<\/p>\n\n\n\n<p><strong>ZONA 3<\/strong>&nbsp;&#8211; Spagna (Isole Canarie, Ceuta e Melilla):&nbsp;<\/p>\n\n\n\n<p>Zero<\/p>\n\n\n\n<h2 class=\"wp-block-heading\">Metodi di pagamento<\/h2>\n\n\n\n<p><strong>1. Bonifico bancario:<\/strong>&nbsp;Si prega di trasferire l&#8217;importo all&#8217;account ES76 21001707 5402 0028 6247 di LA CAIXA, indicando il numero d&#8217; ordine nella causale.&nbsp;Poi, invia il giustificativo del bonifico a <a href=\"mailto:info@babidibulibros.com\">info@babidibulibros.com<\/a> per accelerare il processo indicando nella causale:&nbsp;&#8220;Transferencia Pedido Web N\u00ba __________&#8221;.<\/p>\n\n\n\n<p>Se entro tre giorni di calendario non abbiamo ricevuto il giustificativo per mail, l&#8217; ordine verr\u00e0 automaticamente annullato.<\/p>\n\n\n\n<p><strong>2. Paypal:&nbsp;<\/strong>pagamento diretto tramite gateway.<\/p>\n\n\n\n<h2 class=\"wp-block-heading\">Monitoraggio dell&#8217;ordine<\/h2>\n\n\n\n<p>In caso aveste delle domande specifiche circa il tuo ordine,  puoi controllare il suo stato, puoi chiamare al telefono 912.665.684&nbsp;o inviare un mail a&nbsp;<a href=\"mailto:info@babidibulibros.com\">info@babidibulibros.com<\/a><\/p>\n\n\n\n<h2 class=\"wp-block-heading\">Politica dei prezzi<\/h2>\n\n\n\n<p>I prezzi indicati nel catalogo includono la tassa super ridotta applicabile ai libri.&nbsp;Non include i costi di spedizione, questi verranno visualizzati appena prima di confermare l&#8217;ordine.<\/p>\n\n\n\n<h2 class=\"wp-block-heading\">Politica di prenotazione<\/h2>\n\n\n\n<p>Se vuoi prenotare un libro che non \u00e8 ancora disponibile, ma il cui lancio \u00e8 imminente, chiamaci per telefono  o scrivici un mail.<\/p>\n\n\n\n<h2 class=\"wp-block-heading\">Sicurezza<\/h2>\n\n\n\n<p>Tutta la procedura di acquisto e la trasmissione dei dati personali del cliente si effettua con totale garanzia di sicurezza e riservatezza, con un protocollo di collegamento sicuro HTTPS.<\/p>\n","protected":false},"excerpt":{"rendered":"<p>Zone di spedizione ZONA 1&nbsp;&#8211;&nbsp;Spagna (Penisola) ZONA 2&nbsp;&#8211; Spagna (Penisola e Isole Baleari) ZONA 3&nbsp;&#8211; Spagna (Isole Canarie, Ceuta e [&hellip;]<\/p>\n","protected":false},"author":2119,"featured_media":0,"parent":0,"menu_order":144,"comment_status":"closed","ping_status":"closed","template":"","meta":{"_acf_changed":false,"content-type":"","footnotes":""},"class_list":["post-27941","page","type-page","status-publish","hentry"],"acf":[],"_links":{"self":[{"href":"https:\/\/www.babidibulibros.com\/it\/wp-json\/wp\/v2\/pages\/27941","targetHints":{"allow":["GET"]}}],"collection":[{"href":"https:\/\/www.babidibulibros.com\/it\/wp-json\/wp\/v2\/pages"}],"about":[{"href":"https:\/\/www.babidibulibros.com\/it\/wp-json\/wp\/v2\/types\/page"}],"author":[{"embeddable":true,"href":"https:\/\/www.babidibulibros.com\/it\/wp-json\/wp\/v2\/users\/2119"}],"replies":[{"embeddable":true,"href":"https:\/\/www.babidibulibros.com\/it\/wp-json\/wp\/v2\/comments?post=27941"}],"version-history":[{"count":3,"href":"https:\/\/www.babidibulibros.com\/it\/wp-json\/wp\/v2\/pages\/27941\/revisions"}],"predecessor-version":[{"id":34282,"href":"https:\/\/www.babidibulibros.com\/it\/wp-json\/wp\/v2\/pages\/27941\/revisions\/34282"}],"wp:attachment":[{"href":"https:\/\/www.babidibulibros.com\/it\/wp-json\/wp\/v2\/media?parent=27941"}],"curies":[{"name":"wp","href":"https:\/\/api.w.org\/{rel}","templated":true}]}}