{"id":27943,"date":"2020-06-16T08:53:04","date_gmt":"2020-06-16T06:53:04","guid":{"rendered":"https:\/\/babidibu.desarrollotrevenque.com\/politica-de-privacidad\/"},"modified":"2023-01-13T10:17:35","modified_gmt":"2023-01-13T09:17:35","slug":"politica-della-privacy","status":"publish","type":"page","link":"https:\/\/www.babidibulibros.com\/it\/politica-della-privacy\/","title":{"rendered":"Politica della Privacy"},"content":{"rendered":"\n<p>BABIDI-B\u00da Libros ti informa sulla sua Politica della Privacy in materia di trattamento e protezione dei dati personali degli utenti e dei clienti che potrebbero essere raccolti dalla navigazione o del contratto di servizi attraverso il suo sito web <a href=\"https:\/\/www.babidibulibros.com\/it\/\" data-type=\"page\" data-id=\"26495\">www.babidibulibros.com<\/a><\/p>\n\n\n\n<p>In questo senso, BABIDI-B\u00fa Libros garantisce rispetto della normativa vigente in materia di protezione dei dati personali riflette nella legge organica 3\/2018, di Protezione dei Dati Personali. L&#8217;utilizzo di questo sito implica l&#8217;accettazione del presente Informativa sulla Privacy.<\/p>\n\n\n\n<h3 class=\"wp-block-heading\">Identit\u00e0 del titolare<\/h3>\n\n\n\n<p>Titolare: BABIDI-B\u00da Libros S.L.U.<br>CIF: B90109927<br>Sede: Avda. San Francisco Javier, 9, 6\u00aa, 23. Edificio Sevilla 2. 41018. Sevilla<br>Email: <a href=\"mailto:info@babidibulibros.com\">info@babidibulibros.com<\/a><br>Sito Web: <a href=\"https:\/\/www.babidibulibros.com\/it\/\" data-type=\"page\" data-id=\"26495\">www.babidibulibros.com<\/a><\/p>\n\n\n\n<h3 class=\"wp-block-heading\">Principi applicati nel trattamento dei dati<\/h3>\n\n\n\n<p>Nel trattamento dei dati personali, il Titolare applica i seguenti principi che soddisfano le esigenze del nuovo regolamento europeo di protezione dei dati:<\/p>\n\n\n\n<ul class=\"wp-block-list\">\n<li><strong>Principio di legalit\u00e0, lealt\u00e0 e trasparenza:<\/strong> il consenso dell&#8217;utente sar\u00e0 sempre richiesto, previa informativa completa e trasparente sulle finalit\u00e0 per le quali i dati personali sono raccolti.<br><\/li>\n\n\n\n<li><strong>Principio di minimizzazione dei dati<\/strong>:<strong> <\/strong>saranno raccolti solo i dati strettamente necessari in relazione alle finalit\u00e0 per le quali sono richiesti.<br><\/li>\n\n\n\n<li><strong>Principio di limitazione del periodo di conservazione: <\/strong>I dati saranno conservati per il tempo strettamente necessario ai fini del trattamento, a seconda della finalit\u00e0, vi informeremo del relativo periodo di conservazione. In caso di abbonamenti, il Titolare riesaminer\u00e0 periodicamente le liste e rimuover\u00e0 le registrazioni risultanti inattive per un periodo di tempo notevole.<br><\/li>\n\n\n\n<li><strong>Principio di integrazione e riservatezza: <\/strong>I vostri dati saranno trattati in modo da garantirne un\u2019adeguata sicurezza e riservatezza.<br>Bisogna tener conto che adottiamo tutte le precauzioni necessarie per impedire l\u2019accesso non autorizzato o l\u2019uso improprio dei dati dei nostri utenti da parte di terzi.<\/li>\n<\/ul>\n\n\n\n<h3 class=\"wp-block-heading\">Principi applicati nel trattamento dei dati<\/h3>\n\n\n\n<p>Per navigare su BABIDI-B\u00da Libros non \u00e8 necessario inserire dati personali. I casi in cui vengono forniti i tuoi dati personali sono i seguenti:<\/p>\n\n\n\n<ul class=\"wp-block-list\">\n<li>Quando si contatta tramite i moduli di contatto o inviare un&#8217;email. <\/li>\n\n\n\n<li>Quando inserisci un commento in un articolo o pagina. <\/li>\n\n\n\n<li>Iscrivendoti in un modulo di iscrizione o un comunicato che il Titolare gestisce con Trevenque. <\/li>\n<\/ul>\n\n\n\n<h3 class=\"wp-block-heading\">I tuoi diritti <\/h3>\n\n\n\n<p>Il Titolare ti informa che in merito ai tuoi dati personali hai diritto di: <\/p>\n\n\n\n<ul class=\"wp-block-list\">\n<li>Richiedere l&#8217;accesso ai dati memorizzati.<\/li>\n\n\n\n<li>Richiedere  una rettifica o la cancellazione.<\/li>\n\n\n\n<li>Richiedere la limitazione del trattamento.<\/li>\n\n\n\n<li>Opporsi al trattamento dei propri dati.<\/li>\n\n\n\n<li>Richiedere la portabilit\u00e0 dei tuoi dati.<\/li>\n<\/ul>\n\n\n\n<p>L&#8217;esercizio di tali diritti \u00e8 personale e pertanto deve essere esercitato direttamente dall&#8217;interessato, richiedendolo direttamente al Titolare, il che significa che ogni cliente, sottoscrittore o collaboratore che ha fornito i propri dati in qualsiasi momento pu\u00f2 rivolgersi al Titolare e chiedere informazione sui dati memorizzati e come li ha ottenuti, richiedere la rettifica degli stessi, richiedere la portabilit\u00e0 dei suoi dati personali, opporsi al trattamento, limitare l&#8217;uso o richiedere la cancellazione di questi dati nei file del titolare. <\/p>\n\n\n\n<p>Per esercitare il tuo diritto di accesso, rettifica, cancellazione, portabilit\u00e0 e opposizione basta enviare una mail a  <a href=\"mailto:info@babidibulibros.com\">info@babidibulibros.com<\/a>  insieme alla prova valida in diritto come una fotocopia del documento di identit\u00e0 o equivalente. <\/p>\n\n\n\n<p>Hai diritto ad una tutela giurisdizionale effettiva e a presentare un reclamo presso l&#8217;autorit\u00e0 di controllo, in questo caso, l&#8217;Agenzia Spagnola per la Protezione dei Dati, se ritieni che il trattamento dei dati personali violi il Regolamento.<\/p>\n\n\n\n<h3 class=\"wp-block-heading\">Finalit\u00e0 del trattamento dei dati personali<\/h3>\n\n\n\n<p>Quando ti connetti al sito Web per inviare una mail al Titolare, ti iscrivi alla newsletter o effettui un appalto, rendi informazione di carattere personale di cui \u00e8 responsabile il Titolare. Tali informazione pu\u00f2 includere dati personali come possono essere l&#8217;indirizzo IP, nome e cognome, indirizzo fisico, indirizzo e-mail, numero di telefono, e altre informazioni. Al momento di fornire queste informazioni, acconsenti alla raccolta, utilizzo, gestione e archiviazione dei tuoi dati per BABIDI-B\u00da, solo come descritto nelle Note Legali e nella presente Politica della Privacy.  <\/p>\n\n\n\n<p>I dati personali e la finalit\u00e0 del trattamento da parte del Titolare \u00e8 diverso secondo il sistema di acquisizione delle informazioni:<\/p>\n\n\n\n<ul class=\"wp-block-list\">\n<li><strong>Moduli di contatto: <\/strong>il Titolare richiede dati personali che possono comprendere: nome e cognome, indirizzo e-mail, numero di telefono e l&#8217; indirizzo del tuo sito Web per rispondere alle tue domande. Per esempio, il Titolare utilizza questi dati per rispondere ai tuoi messaggi, richiesta, domande, reclami, commenti o inquietudini che possa avere per quanto riguarda alle informazioni contenute nel sito Web, i servizi forniti attraverso il sito Web, il trattamento dei dati personati, questioni relative ai testi giuridici inclusi nel sito Web,  e qualsiasi altre domande che potresti avere e non soggete alle condizioni del sito Web o di appalto. <\/li>\n\n\n\n<li><strong>Modulo di sottoscrizione del contenuto: <\/strong>il Titolare richiede le seguenti informazioni personali: nome, Email, Indirizzo IP, per gestire l&#8217;elenco di abbonamenti, inviare newsletter, promozioni e offerte speciali.<\/li>\n\n\n\n<li>I dati che fornisce al Titolare saranno situati sui server di Trevenque, con domicilio in Camino Bajo de Hu\u00e9tor 150. 18008 Granada.<\/li>\n<\/ul>\n\n\n\n<p>Esistono altri scopi  per cui il Titolare tratta i tuoi dati personali:<\/p>\n\n\n\n<ul class=\"wp-block-list\">\n<li>Per garantire il rispetto delle condizioni stabilite nell&#8217; Avviso Legale e nella legge applicabile. Questo puo&#8217; includere lo sviluppo di strumenti e algoritmi che aiutino a questo sito Web a garantire la riservatezza dei dati personali che raccoglie. <\/li>\n\n\n\n<li>Per sostenere e migliorare i servizi offerti da questo sito web.<\/li>\n\n\n\n<li>Per analizzare la navigazione. Il Titolare raccoglie altri dati non identificativi, che si ottengono attraverso l&#8217;uso di cookie che vengono scaricati sul dispositivo quando navighi sul sito web le cui caratteristiche e finalit\u00e0 sono riportate in dettaglio nella Cookie Policy. <\/li>\n\n\n\n<li>Per gestire i social network. Il Titolare ha una presenza sui social media. Se diventi un follower sui social media del Titolare il trattamento dei dati personali \u00e8 disciplinato da questa sezione, cos\u00ec come per quelle condizioni d&#8217;uso, politiche della privacy e normative di accesso che appartengono ai social network che si applica in ciascun caso e che hai gi\u00e0 accettato. <\/li>\n<\/ul>\n\n\n\n<p>Il Titolare tratter\u00e0 i tuoi dati personali con la finalit\u00e0 di gestire correttamente la tua presenza sul social network, informarti della sua attivit\u00e0, prodotti o servizi, cos\u00ec come per qualsiasi altra finalit\u00e0 che la normativa delle reti sociali permettano.<\/p>\n\n\n\n<p>In nessun caso, il Titolare utilizzer\u00e0 i profili dei follower nei social network per inviare pubblicit\u00e0 su base individuale.<\/p>\n\n\n\n<h3 class=\"wp-block-heading\">Sicurezza dei dati personali<\/h3>\n\n\n\n<p>Per proteggere i tuoi dati personali, il Titolare prende tutte le precauzioni ragionevoli e segue le migliori pratiche nell&#8217; industria per evitare la sua perdita, uso improprio, accesso non autorizzato, divulgazione, alterazione o distruzione degli stessi.<\/p>\n\n\n\n<p>Il sito Web \u00e8 ospitato in Trevenque. La sicurezza dei tuoi dati \u00e8 garantita, gi\u00e0 che prendono tutte le misure di sicurezza necessarie a tal fine. Puoi consultare la sua Politica sulla Privacy per pi\u00f9 informazione.<\/p>\n\n\n\n<h3 class=\"wp-block-heading\">Contenuto di altri siti web <\/h3>\n\n\n\n<p>Le pagine di questo sito Web possono includere contenuto incorporato (ad esempio, video, immagini, articoli, etc.). Il contenuto incorporato da altri siti si comporta esattamente allo stesso modo che se avessi visitato l&#8217;altra web. <\/p>\n\n\n\n<p>Questi siti Web possono raccogliere dati su di te, utilizzare i cookie, incorporare un codice di tracciamento aggiuntivo di terze parti, e monitorare la tue interazione usando questo codice. <\/p>\n\n\n\n<h3 class=\"wp-block-heading\">Cookie Policy <\/h3>\n\n\n\n<p>Affinch\u00e9 il sito Web funzioni correttamente \u00e8 necessario utilizzare cookie, che \u00e8 un&#8217; informazione che viene memorizzata nel tuo browser. <\/p>\n\n\n\n<p>Alla pagina Cookie Policy puoi consultare tutta l&#8217;informazione relativa alla politica di raccolta, la finalit\u00e0 e il trattamento dei cookie. <\/p>\n\n\n\n<h3 class=\"wp-block-heading\">Legittimazione al trattamento dei dati<\/h3>\n\n\n\n<p>La base giuridica per il trattamento dei tuoi dati \u00e8: il consenso. <\/p>\n\n\n\n<p>Per contattare con il Titolare, iscriversi a un comunicato o commentare su questo sito Web devi accettare la presente Politica della Privacy.<\/p>\n\n\n\n<h3 class=\"wp-block-heading\">Categorie di dati personali <\/h3>\n\n\n\n<p>Le categorie di dati personali cha tratta il Titolare sono: <\/p>\n\n\n\n<ul class=\"wp-block-list\">\n<li>Dati identificativi.<\/li>\n<\/ul>\n\n\n\n<h3 class=\"wp-block-heading\">Conservazione dei dati personali<\/h3>\n\n\n\n<p>I dati personali che fornisci al Titolare saranno conservati fino a che non solleciti la cancellazione degli stessi. <\/p>\n\n\n\n<h3 class=\"wp-block-heading\">Destinatari dei dati personali<\/h3>\n\n\n\n<ul class=\"wp-block-list\">\n<li><strong>Trevenque <\/strong>\u00e8 una azienda destinata a dare soluzioni software a librerie, cartolerie, stampa e case editrici. <a class=\"rank-math-link\" href=\"https:\/\/www.trevenque.es\/\" rel=\"nofollow noopener\" target=\"_blank\"><strong>https:\/\/www.trevenque.es\/<\/strong><\/a><\/li>\n\n\n\n<li><strong>Google Analytics <\/strong>\u00e8 un servizio di analisi web fornito da Google, Inc., una societ\u00e0 di Delaware cui sede principale \u00e8 in 1600 Amphitheatre Parkway, Mountain View (California), CA 94043, Stati Uniti (\u201cGoogle\u201d). Pi\u00f9 informazione: <a href=\"https:\/\/analytics.google.com\/\" rel=\"nofollow noopener\" target=\"_blank\"><strong><u>https:\/\/analytics.google.com<\/u><\/strong><\/a><\/li>\n<\/ul>\n\n\n\n<p>Google Analytics utilizza &#8220;cookie&#8221;, che sono file di testo sul tuo computer, per aiutare al Titolare ad analizzare l&#8217;uso che fanno gli utenti del sito Web. L&#8217; informazione che genera la cookie sull&#8217;utilizzo del sito Web (incluso il tuo indirizzo IP) verranno direttamente trasmesse e archiviate per Google sui server negli Stati Uniti. <\/p>\n\n\n\n<p>Puoi anche vedere un elenco dei tipi di cookie che utilizza Google e i suoi collaboratori e tutta l&#8217;informazione sull&#8217;uso dei cookie di profilazione. <\/p>\n\n\n\n<h3 class=\"wp-block-heading\">Navigazione web<\/h3>\n\n\n\n<p>Durante la navigazione sul BABIDI-B\u00da possono essere raccolti dati non identificativi, che possono includere l&#8217;indirizzo IP, la geolocalizzazione, un record di come vengono utilizzati i servizi e i siti, abitudini di navigazione e altri dati che non possono essere utilizzati per identificarti.<\/p>\n\n\n\n<p>Il sito Web utilizza i seguenti servizi di analisi di terzi:<\/p>\n\n\n\n<ul class=\"wp-block-list\">\n<li>Google Analytics<\/li>\n\n\n\n<li>Trevenque<\/li>\n<\/ul>\n\n\n\n<p>Il Titolare utilizza le informazioni ottenute per ottenere dati statistici, analizzare le tendenze, amministrare il sito, studiare i modelli di navigazione e raccogliere informazioni demografiche.<\/p>\n\n\n\n<h3 class=\"wp-block-heading\">Accuratezza  e veridicit\u00e0 dei dati personali<\/h3>\n\n\n\n<p>Ti impegni a fornire dati corretti, completi, accurate e attuali al Titolare, cos\u00ec come a mantenerli debitamente aggiornati.<\/p>\n\n\n\n<p>Come utente del sito Web sei l&#8217;unico responsabile per l&#8217;accuratezza e la correttezza dei dati, esonerando al Titolare da ogni responsabilit\u00e0.<\/p>\n\n\n\n<h3 class=\"wp-block-heading\">Accettazione e consenso<\/h3>\n\n\n\n<p>Come utente del sito Web dichiara di essere stato informato delle condizioni in materia di protezione dei dati personali, accettando e acconsentendo al loro trattamento da parte di Cl\u00ednica de Freitas nei modi e per le finalit\u00e0 indicate nella presente informativa sulla privacy.<\/p>\n\n\n\n<h3 class=\"wp-block-heading\">Revocabilit\u00e0<\/h3>\n\n\n\n<p>Per esercitare i tuoi diritti di accesso, rettifica, cancellazione, portabilit\u00e0 e opposizione devi inviare un&#8217;e-mail a <a href=\"mailto:info@babidibulibros.com\">info@babidibulibros.com<\/a> insieme con la prova valida in diritto, come una fotocopia della carta d&#8217;identit\u00e0 o equivalente.<\/p>\n\n\n\n<p>L&#8217;esercizio dei tuoi diritti non include alcun dato che il Titolare \u00e8 tenuto a conservare per la gestione amministrativa, legale o della sicurezza.<\/p>\n\n\n\n<h3 class=\"wp-block-heading\">Modifiche nella Politica sulla Privacy <\/h3>\n\n\n\n<p>In BABIDI-B\u00da ci riserviamo il diritto di modificare questa politica per adattarla alla nuova legislazione o giurisprudenza, cos\u00ec come alle pratiche del settore.<\/p>\n\n\n\n<p>Queste politiche saranno in vigore fino a quando non verranno modificate da altri debitamente pubblicati.<\/p>\n","protected":false},"excerpt":{"rendered":"<p>BABIDI-B\u00da Libros ti informa sulla sua Politica della Privacy in materia di trattamento e protezione dei dati personali degli utenti [&hellip;]<\/p>\n","protected":false},"author":2119,"featured_media":0,"parent":0,"menu_order":147,"comment_status":"closed","ping_status":"closed","template":"","meta":{"_acf_changed":false,"content-type":"","footnotes":""},"class_list":["post-27943","page","type-page","status-publish","hentry"],"acf":[],"_links":{"self":[{"href":"https:\/\/www.babidibulibros.com\/it\/wp-json\/wp\/v2\/pages\/27943","targetHints":{"allow":["GET"]}}],"collection":[{"href":"https:\/\/www.babidibulibros.com\/it\/wp-json\/wp\/v2\/pages"}],"about":[{"href":"https:\/\/www.babidibulibros.com\/it\/wp-json\/wp\/v2\/types\/page"}],"author":[{"embeddable":true,"href":"https:\/\/www.babidibulibros.com\/it\/wp-json\/wp\/v2\/users\/2119"}],"replies":[{"embeddable":true,"href":"https:\/\/www.babidibulibros.com\/it\/wp-json\/wp\/v2\/comments?post=27943"}],"version-history":[{"count":3,"href":"https:\/\/www.babidibulibros.com\/it\/wp-json\/wp\/v2\/pages\/27943\/revisions"}],"predecessor-version":[{"id":34283,"href":"https:\/\/www.babidibulibros.com\/it\/wp-json\/wp\/v2\/pages\/27943\/revisions\/34283"}],"wp:attachment":[{"href":"https:\/\/www.babidibulibros.com\/it\/wp-json\/wp\/v2\/media?parent=27943"}],"curies":[{"name":"wp","href":"https:\/\/api.w.org\/{rel}","templated":true}]}}