{"id":28568,"date":"2022-09-27T10:57:02","date_gmt":"2022-09-27T08:57:02","guid":{"rendered":"https:\/\/babidibu.desarrollotrevenque.com\/una-empresa-socialmente-responsable\/"},"modified":"2023-01-26T12:12:03","modified_gmt":"2023-01-26T11:12:03","slug":"unimpresa-socialmente-responsabile","status":"publish","type":"page","link":"https:\/\/www.babidibulibros.com\/it\/unimpresa-socialmente-responsabile\/","title":{"rendered":"Un&#8217; Impresa Socialmente Responsabile"},"content":{"rendered":"\n<p>&nbsp;Il <strong>Fattore Umano<\/strong> e la <strong>Responsabilit\u00e0 Sociale (RS)<\/strong> &nbsp;sono elementi chiave di BABIDI-B\u00da. &nbsp;Abbiamo adottato come quadro strategico l&#8217;Agenda 2030 e condividiamo gli <strong>Obiettivi di Sviluppo Sostenibile dell&#8217;ONU<\/strong>, come la fine della povert\u00e0 e fame zero, salute e benessere, istruzione di qualit\u00e0 o uguaglianza di genere tra gli altri.<\/p>\n\n\n\n<p>In questa linea, i nostri sforzi sono orientati a sostenere tutte le organizzazioni senza scopo di lucro in Spagna che ci chiedano una <strong>donazione di libri per bambini e giovani<\/strong> per progetti di sostegno alla lettura. Tra le molte altre associazioni collaboriamo con diversi enti non profit come la <strong>Fondazione El Gancho, UNICEF, Educo o Cruz Roja.<\/strong> <\/p>\n\n\n\n<figure class=\"wp-block-image alignwide size-large\"><img loading=\"lazy\" decoding=\"async\" width=\"1110\" height=\"652\" src=\"https:\/\/www.babidibulibros.com\/wp-content\/uploads\/2023\/01\/AGENDA-2030-ITALIA-hq-1-1110x652.png\" alt=\"\" class=\"wp-image-35246\" srcset=\"https:\/\/www.babidibulibros.com\/wp-content\/uploads\/2023\/01\/AGENDA-2030-ITALIA-hq-1-1110x652.png 1110w, https:\/\/www.babidibulibros.com\/wp-content\/uploads\/2023\/01\/AGENDA-2030-ITALIA-hq-1-511x300.png 511w, https:\/\/www.babidibulibros.com\/wp-content\/uploads\/2023\/01\/AGENDA-2030-ITALIA-hq-1-768x451.png 768w, https:\/\/www.babidibulibros.com\/wp-content\/uploads\/2023\/01\/AGENDA-2030-ITALIA-hq-1.png 1206w\" sizes=\"auto, (max-width: 1110px) 100vw, 1110px\" \/><\/figure>\n\n\n\n<h2 class=\"wp-block-heading\">Fine della povert\u00e0 e fame zero<\/h2>\n\n\n\n<h3 class=\"wp-block-heading\">UNICEF<\/h3>\n\n\n\n<p>Per promuovere il fine della povert\u00e0 e fame zero nella nostra societ\u00e0, &nbsp;aiutiamo nel grande lavoro che fa  l&#8217;UNICEF, destinando parte dei nostri profitti a collaborare con loro. <\/p>\n\n\n\n<h3 class=\"wp-block-heading\">Educo<\/h3>\n\n\n\n<p>La casa editrice BABIDI-B\u00da collabora alle borse da pranzo dell&#8217;<strong>Associazione Educo<\/strong>, per tutti i bambini e le bambine che hanno bisogno di avere accesso alla mensa scolastica nelle scuole, dove \u00e8 garantita la loro alimentazione, educazione e protezione.<\/p>\n\n\n\n<h2 class=\"wp-block-heading\">Istruzione di qualit\u00e0<\/h2>\n\n\n\n<h3 class=\"wp-block-heading\">Fondazione El Gancho<\/h3>\n\n\n\n<p>Con i nostri libri solidali, in cui doniamo i royalties di vendita, grazie all&#8217;aiuto di autori disinteressati, collaboriamo con la <strong>Fondazione El Gancho<\/strong>, che realizza progetti speciali e meravigliosi come<strong> La Azotea Azul, el Sill\u00f3n Azul o Tu Casa Azul,<\/strong> destinato all&#8217;aiuto a Siviglia per i bambini ospedalizzati&nbsp;e le loro famiglie. <\/p>\n\n\n\n<h2 class=\"wp-block-heading\">Promozione della lettura e della scrittura tra i giovani: Fondazione C\u00e1diz CF<\/h2>\n\n\n\n<p>Dal 2020 la casa editrice BABIDI-B\u00da ha un accordo con la <strong>Fondazione della C\u00e1diz Club di Calcio<\/strong> per promuovere la lettura tra i pi\u00f9 giovani. <\/p>\n\n\n\n<p>Nel quadro di tale accordo, la casa editrice BABIDI-B\u00da ha effettuato multiple donazioni di libri dal suo catalogo, destinati a programmi sociali di <strong>promozione della lettura.<\/strong><\/p>\n\n\n\n<h3 class=\"wp-block-heading\">Associazione Nuevo Futuro<\/h3>\n\n\n\n<p>&nbsp;Attraverso la C\u00e1diz CF, la casa editrice BABIDI-B\u00da \u00e8 stato in grado di inviare una notevole quantit\u00e0 di esemplari alla <strong>Associazione Nuevo Futuro<\/strong>, ente senza scopo di lucro, destinato <strong>all&#8217;accoglienza di bambini privati di ambiente familiare, <\/strong>cos\u00ec come la protezione e lo sviluppo integrale dell&#8217;infanzia e dell&#8217;adolescenza. <\/p>\n\n\n\n<div class=\"wp-block-media-text alignwide is-stacked-on-mobile\"><figure class=\"wp-block-media-text__media\"><img loading=\"lazy\" decoding=\"async\" width=\"662\" height=\"496\" src=\"https:\/\/www.babidibulibros.com\/wp-content\/uploads\/2022\/09\/asociacion-gaditana-de-Alendoy.jpg\" alt=\"\" class=\"wp-image-26016 size-full\" srcset=\"https:\/\/www.babidibulibros.com\/wp-content\/uploads\/2022\/09\/asociacion-gaditana-de-Alendoy.jpg 662w, https:\/\/www.babidibulibros.com\/wp-content\/uploads\/2022\/09\/asociacion-gaditana-de-Alendoy-400x300.jpg 400w\" sizes=\"auto, (max-width: 662px) 100vw, 662px\" \/><\/figure><div class=\"wp-block-media-text__content\">\n<p class=\"has-large-font-size\"><strong>Alendoy<\/strong><\/p>\n\n\n\n<p>Nel caso dell&#8217;<strong>Associazione Alendoy,<\/strong> questa donazione \u00e8 stata destinata a una ludoteca dove si prendono cura dei piccoli a rischio di esclusione sociale. Lo scopo di questa associazione \u00e8 quello di perseguire l&#8217;uguaglianza e la giustizia sociale<\/p>\n<\/div><\/div>\n\n\n\n<div class=\"wp-block-media-text alignwide has-media-on-the-right is-stacked-on-mobile\"><div class=\"wp-block-media-text__content\">\n<p class=\"has-large-font-size\"><strong>Nuevo Futuro<\/strong><\/p>\n\n\n\n<p>Un&#8217;altra entit\u00e0 che ha beneficiato di queste donazioni \u00e8 stata l&#8217;<strong>Associazione Nuevo Futuro<\/strong>, un ente senza scopo di lucro, destinato all&#8217;accoglienza di bambini privati di ambiente familiare, cos\u00ec come la protezione e lo sviluppo integrale dell&#8217;infanzia e dell&#8217;adolescenza.<\/p>\n<\/div><figure class=\"wp-block-media-text__media\"><img loading=\"lazy\" decoding=\"async\" width=\"555\" height=\"416\" src=\"https:\/\/www.babidibulibros.com\/wp-content\/uploads\/2021\/02\/662x372a_17103256donacion-libros.jpg\" alt=\"\" class=\"wp-image-8461 size-full\" srcset=\"https:\/\/www.babidibulibros.com\/wp-content\/uploads\/2021\/02\/662x372a_17103256donacion-libros.jpg 555w, https:\/\/www.babidibulibros.com\/wp-content\/uploads\/2021\/02\/662x372a_17103256donacion-libros-400x300.jpg 400w\" sizes=\"auto, (max-width: 555px) 100vw, 555px\" \/><\/figure><\/div>\n\n\n\n<div class=\"wp-block-media-text alignwide is-stacked-on-mobile\"><figure class=\"wp-block-media-text__media\"><img loading=\"lazy\" decoding=\"async\" width=\"662\" height=\"496\" src=\"https:\/\/www.babidibulibros.com\/wp-content\/uploads\/2022\/09\/Cruz-Roja-juventud.jpg\" alt=\"\" class=\"wp-image-26368 size-full\" srcset=\"https:\/\/www.babidibulibros.com\/wp-content\/uploads\/2022\/09\/Cruz-Roja-juventud.jpg 662w, https:\/\/www.babidibulibros.com\/wp-content\/uploads\/2022\/09\/Cruz-Roja-juventud-400x300.jpg 400w\" sizes=\"auto, (max-width: 662px) 100vw, 662px\" \/><\/figure><div class=\"wp-block-media-text__content\">\n<p class=\"has-large-font-size\"><strong>Cruz Roja<\/strong><\/p>\n\n\n\n<p>Una delle entit\u00e0 beneficiarie \u00e8 stata la Croce Rossa per il programma <strong>PINEO, <\/strong>un progetto che sviluppa azioni con bambini e giovani nel loro tempo libero, per favorire lo sviluppo sociale e l&#8217;inclusione. <\/p>\n<\/div><\/div>\n\n\n\n<div class=\"wp-block-media-text alignwide has-media-on-the-right is-stacked-on-mobile\"><div class=\"wp-block-media-text__content\">\n<p class=\"has-large-font-size\"><strong> Ospedale Puerta del Mar<\/strong><\/p>\n\n\n\n<p><strong>L&#8217;Ospedale Universitario<\/strong> <strong>Puerta del Mar<\/strong>&nbsp;ha beneficiato anche delle donazioni della casa editrice BABIDI-B\u00da. <strong>L&#8217;area di lettura pediatrica <\/strong>del centro ospedaliero ha ricevuto i libri con l&#8217;obiettivo di arricchire la ludoteca del centro e <strong>creare spazi di lettura su diversi piani.<\/strong><\/p>\n<\/div><figure class=\"wp-block-media-text__media\"><img loading=\"lazy\" decoding=\"async\" width=\"555\" height=\"416\" src=\"https:\/\/www.babidibulibros.com\/wp-content\/uploads\/2022\/09\/Hospital-Universitario-Puerta-del-Mar-de-Cadiz.jpg\" alt=\"\" class=\"wp-image-26197 size-full\" srcset=\"https:\/\/www.babidibulibros.com\/wp-content\/uploads\/2022\/09\/Hospital-Universitario-Puerta-del-Mar-de-Cadiz.jpg 555w, https:\/\/www.babidibulibros.com\/wp-content\/uploads\/2022\/09\/Hospital-Universitario-Puerta-del-Mar-de-Cadiz-400x300.jpg 400w\" sizes=\"auto, (max-width: 555px) 100vw, 555px\" \/><\/figure><\/div>\n\n\n\n<div class=\"wp-block-media-text alignwide is-stacked-on-mobile\"><figure class=\"wp-block-media-text__media\"><img loading=\"lazy\" decoding=\"async\" width=\"555\" height=\"416\" src=\"https:\/\/www.babidibulibros.com\/wp-content\/uploads\/2022\/09\/Hospital-Universitario-Puerta-del-Mar-de-Cadiz2.jpg\" alt=\"\" class=\"wp-image-26200 size-full\" srcset=\"https:\/\/www.babidibulibros.com\/wp-content\/uploads\/2022\/09\/Hospital-Universitario-Puerta-del-Mar-de-Cadiz2.jpg 555w, https:\/\/www.babidibulibros.com\/wp-content\/uploads\/2022\/09\/Hospital-Universitario-Puerta-del-Mar-de-Cadiz2-400x300.jpg 400w\" sizes=\"auto, (max-width: 555px) 100vw, 555px\" \/><\/figure><div class=\"wp-block-media-text__content\">\n<p class=\"has-large-font-size\"><strong>Madre Coraje<\/strong><\/p>\n\n\n\n<p>La&nbsp;<strong>ONG Madre Coraje<\/strong>&nbsp;ha anche ricevuto la donazione di libri da BABIDI-B\u00da. Madre Coraje \u00e8 un&#8217;organizzazione non governativa per lo sviluppo.<\/p>\n<\/div><\/div>\n\n\n\n<div style=\"height:82px\" aria-hidden=\"true\" class=\"wp-block-spacer\"><\/div>\n\n\n\n<p>Va notato che uno dei grandi obiettivi \u00e8 incoraggiare le abitudini di lettura tra i giovani e stimolare la creativit\u00e0 e l&#8217;immaginazione attraverso la lettura. <strong>La casa editrice BABIDI-B\u00da<\/strong> e la <strong>Fondazione C\u00e1diz CF<\/strong> hanno rinnovato l&#8217;accordo di partenariato nel 2022 per continuare a lavorare per promuovere la lettura tra i pi\u00f9 giovani.<\/p>\n\n\n\n<h2 class=\"wp-block-heading\">Uguaglianza e diversit\u00e0, un obiettivo reale<\/h2>\n\n\n\n<h3 class=\"wp-block-heading\">Una squadra con un&#8217;anima di donna<\/h3>\n\n\n\n<p>Sia nella nostra vita quotidiana che nelle nostre creazioni, <strong>la parit\u00e0 di genere e la visibilit\u00e0 della diversit\u00e0<\/strong> sono molto presenti. Il nostro team \u00e8 un team con un&#8217;anima da donna dove la sensibilit\u00e0 femminile ci inonda in ogni angolo della nostra casa editrice<a href=\"https:\/\/www.babidibulibros.com\/it\/una-squadra-con-unanima-di-donna\/\" data-type=\"URL\" data-id=\"https:\/\/www.babidibulibros.com\/it\/una-squadra-con-unanima-di-donna\/\">. Non conosci ancora la nostra squadra?<\/a><\/p>\n\n\n\n<h2 class=\"wp-block-heading\">Energia accessibile e non inquinante<\/h2>\n\n\n\n<p>La nostra consapevolezza sociale \u00e8 cos\u00ec radicata nel nostro team che ognuno di noi prende coscienza di quanto siano importanti i piccoli gesti, in questo modo, quando possibile, lavoriamo con finestre aperte, evitando usare l&#8217;aria condizionata o non scendendo sotto 25\u00baC. Ogni giorno, alla fine della giornata, spegniamo ogni desktop e ogni schermo del computer per evitare il consumo energetico residuale. Ricicliamo tutte le nostre carte e documenti e offriamo ai nostri clienti sempre sacchetti di tessuto.<\/p>\n\n\n\n<h2 class=\"wp-block-heading\">Buona occupazione e crescita economica<\/h2>\n\n\n\n<p>La buona occupazione, con condizioni flessibili, \u00e8 la nostra filosofia. In BABIDI-B\u00da siamo una grande famiglia che cresce ogni anno, rendendo ogni giorno un&#8217;esperienza gratificante e offrendo a ciascun lavoratore le necessarie alternative di conciliazione.<\/p>\n\n\n\n<h2 class=\"wp-block-heading\">Produzione responsabile e vita degli ecosistemi terrestri<\/h2>\n\n\n\n<p>I nostri libri sono prodotti con<strong> carta 100% ecologica<\/strong>, la cui origine deriva dal riciclaggio o mediante la fabbricazione di pasta per carta proveniente da foreste sostenibili e gli inchiostri sono a base d&#8217;acqua, le pi\u00f9 ecologiche dal punto di vista ambientale, poich\u00e9 \u00e8 l&#8217;acqua che rilascia nel processo di essiccazione.<\/p>\n\n\n\n<h2 class=\"wp-block-heading\">Azione per il clima e la vita degli ecosistemi terrestri<\/h2>\n\n\n\n<p>Attraverso la nostra collezione <strong>Il pianeta immaginario<\/strong> vogliamo inculcare la cura dell&#8217;ambiente. La crisi climatica e ambientale che vive il nostro pianeta \u00e8 un problema che ci riguarda tutti. Anche se, a priori, gli adulti sono i pi\u00f9 consapevoli di questa situazione, anche <strong>i bambini hanno un ruolo importante<\/strong> in questo. \u00c8 necessario insegnare loro il valore del luogo in cui viviamo affinch\u00e9 imparino a prendersi cura del nostro pianeta. Un pianeta che tutti immaginiamo, in cui principi come il rispetto, la coscienza, l&#8217;empatia e la responsabilit\u00e0 siano condivisi da tutti i loro abitanti, dando fattibilit\u00e0 alle generazioni future e a specie diverse.<\/p>\n\n\n\n<div id=\"contact-block_e0f968aa0469d7253ca9a4a5a72cb7bc\" class=\"block-contact\">\n\t<div class=\"block-contact-txt\">\n\t\t<h2>Contattaci<\/h2>\n\t\t<p>Chiamaci o chiedici di chiamarti per chiarire i tuoi dubbi<\/p>\n\t<\/div>\n\t<div class=\"block-contact-items\">\n\t\t<div class=\"contact-item\">\n\t\t\t<a href=\"https:\/\/api.whatsapp.com\/send?phone=34653754771&#038;\" alt=\"Whatsapp Babidibu\" rel=\"nofollow noopener\" target=\"_blank\">\n\t\t\t\t<div class=\"contact-item-icon\">\n\t\t\t\t\t<i class=\"ri-whatsapp-line\"><\/i> \n\t\t\t\t<\/div>\n\t\t\t\t<div class=\"contact-item-txt\">\n\t\t\t\t\tWhatsApp\n\t\t\t\t<\/div>\n\t\t\t<\/a>\n\t\t<\/div>\n\t\t<div class=\"contact-item\">\n\t\t\t<a href=\"tel:+34653754771\" alt=\"Fai una telefonata a Babidib\u00fa\">\n\t\t\t\t<div class=\"contact-item-icon\">\n\t\t\t\t\t<i class=\"ri-smartphone-line\"><\/i>\n\t\t\t\t<\/div>\n\t\t\t\t<div class=\"contact-item-txt\">\n\t\t\t\tTelefono\t\t\t\t<\/div>\n\t\t\t<\/a>\n\t\t<\/div>\n\t\t<div class=\"contact-item\">\n\t\t\t<a href=\"https:\/\/www.babidibulibros.com\/publica-con-nosotros\/\">\n\t\t\t\t<div class=\"contact-item-icon\">\n\t\t\t\t\t<i class=\"ri-file-list-3-line\"><\/i>\n\t\t\t\t<\/div>\n\t\t\t\t<div class=\"contact-item-txt\">\n\t\t\t\t\tManoscritto\t\t\t\t<\/div>\n\t\t\t<\/a>\n\t\t<\/div>\n\t<\/div>\n<\/div>","protected":false},"excerpt":{"rendered":"<p>&nbsp;Il Fattore Umano e la Responsabilit\u00e0 Sociale (RS) &nbsp;sono elementi chiave di BABIDI-B\u00da. &nbsp;Abbiamo adottato come quadro strategico l&#8217;Agenda 2030 [&hellip;]<\/p>\n","protected":false},"author":9,"featured_media":0,"parent":0,"menu_order":0,"comment_status":"closed","ping_status":"closed","template":"","meta":{"_acf_changed":false,"content-type":"","footnotes":""},"class_list":["post-28568","page","type-page","status-publish","hentry"],"acf":[],"_links":{"self":[{"href":"https:\/\/www.babidibulibros.com\/it\/wp-json\/wp\/v2\/pages\/28568","targetHints":{"allow":["GET"]}}],"collection":[{"href":"https:\/\/www.babidibulibros.com\/it\/wp-json\/wp\/v2\/pages"}],"about":[{"href":"https:\/\/www.babidibulibros.com\/it\/wp-json\/wp\/v2\/types\/page"}],"author":[{"embeddable":true,"href":"https:\/\/www.babidibulibros.com\/it\/wp-json\/wp\/v2\/users\/9"}],"replies":[{"embeddable":true,"href":"https:\/\/www.babidibulibros.com\/it\/wp-json\/wp\/v2\/comments?post=28568"}],"version-history":[{"count":2,"href":"https:\/\/www.babidibulibros.com\/it\/wp-json\/wp\/v2\/pages\/28568\/revisions"}],"predecessor-version":[{"id":35249,"href":"https:\/\/www.babidibulibros.com\/it\/wp-json\/wp\/v2\/pages\/28568\/revisions\/35249"}],"wp:attachment":[{"href":"https:\/\/www.babidibulibros.com\/it\/wp-json\/wp\/v2\/media?parent=28568"}],"curies":[{"name":"wp","href":"https:\/\/api.w.org\/{rel}","templated":true}]}}