{"id":62339,"date":"2020-09-25T08:35:05","date_gmt":"2020-09-25T06:35:05","guid":{"rendered":"https:\/\/www.babidibulibros.com\/?page_id=62339"},"modified":"2023-05-10T11:02:17","modified_gmt":"2023-05-10T09:02:17","slug":"i-nostri-illustratori","status":"publish","type":"page","link":"https:\/\/www.babidibulibros.com\/it\/i-nostri-illustratori\/","title":{"rendered":"I nostri illustratori"},"content":{"rendered":"\n<div class=\"wp-block-columns is-layout-flex wp-container-core-columns-is-layout-9d6595d7 wp-block-columns-is-layout-flex\">\n<div class=\"wp-block-column is-layout-flow wp-block-column-is-layout-flow\">\n<h2 class=\"wp-block-heading\">Vuoi far parte della nostra galleria internazionale di illustratori professionisti?<\/h2>\n\n\n\n<p>Se sei interessato a far parte della nostra <strong><a href=\"https:\/\/www.babidibulibros.com\/galeria-ilustradores\/\">galleria di illustratori professionisti<\/a> <\/strong>per avere pi\u00f9 visibilit\u00e0 e far conoscere il tuo portfolio a tutti i tipi di autori, editori e agenti del settore editoriale, <strong>iscriviti<\/strong> alla nostra <strong>piattaforma<\/strong>. Il tuo profilo sar\u00e0 posizionato in modo permanente, avrai un URL personalizzato in base al tuo paese, i tuoi stili di illustrazione, la tua disponibilit\u00e0 e altri aspetti che ti daranno personalit\u00e0. A te la scelta!<\/p>\n\n\n\n<p><strong>Registrati compilando il seguente modulo.<\/strong><\/p>\n<\/div>\n\n\n\n<div class=\"wp-block-column is-vertically-aligned-center p-4 is-layout-flow wp-block-column-is-layout-flow\">\n<div class=\"um um-register um-21513\">\n\t<div class=\"um-form\" data-mode=\"register\">\n\t\t<form method=\"post\" action=\"\">\n\t\t\t<div class=\"um-row _um_row_1 \" style=\"margin: 0 0 30px 0;\"><div class=\"um-col-1\"><div  id=\"um_field_21513_user_email\" class=\"um-field um-field-text  um-field-user_email um-field-text um-field-type_text\" data-key=\"user_email\"><div class=\"um-field-label\"><label for=\"user_email-21513\">Direcci\u00f3n de correo electr\u00f3nico<span class=\"um-req\" title=\"Required\">*<\/span><\/label><div class=\"um-clear\"><\/div><\/div><div class=\"um-field-area\"><input  autocomplete=\"off\" class=\"um-form-field valid \" type=\"text\" name=\"user_email-21513\" id=\"user_email-21513\" value=\"\" placeholder=\"\" data-validate=\"unique_email\" data-key=\"user_email\"  aria-invalid=\"false\" \/>\n\n\t\t\t\t\t\t<\/div><\/div><div  id=\"um_field_21513_user_password\" class=\"um-field um-field-password  um-field-user_password um-field-password um-field-type_password\" data-key=\"user_password\"><div class=\"um-field-label\"><label for=\"user_password-21513\">Password<span class=\"um-req\" title=\"Required\">*<\/span><\/label><div class=\"um-clear\"><\/div><\/div><div class=\"um-field-area\"><input class=\"um-form-field valid \" type=\"password\" name=\"user_password-21513\" id=\"user_password-21513\" value=\"\" placeholder=\"\" data-validate=\"\" data-key=\"user_password\"  aria-invalid=\"false\" \/>\n\n\t\t\t\t\t\t\t<\/div><\/div><div  id=\"um_field_21513_confirm_user_password\" class=\"um-field um-field-password  um-field-user_password um-field-password um-field-type_password\" data-key=\"confirm_user_password\"><div class=\"um-field-label\"><label for=\"confirm_user_password-21513\">Confirm Password<span class=\"um-req\" title=\"Required\">*<\/span><\/label><div class=\"um-clear\"><\/div><\/div><div class=\"um-field-area\"><input class=\"um-form-field valid \" type=\"password\" name=\"confirm_user_password-21513\" id=\"confirm_user_password-21513\" value=\"\" placeholder=\"Confirm Password\" data-validate=\"\" data-key=\"confirm_user_password\"  aria-invalid=\"false\" \/><\/div><\/div><div  id=\"um_field_21513_nickname\" class=\"um-field um-field-text  um-field-nickname um-field-text um-field-type_text\" data-key=\"nickname\"><div class=\"um-field-label\"><label for=\"nickname-21513\">Nombre art\u00edstico<\/label><div class=\"um-clear\"><\/div><\/div><div class=\"um-field-area\"><input  autocomplete=\"off\" class=\"um-form-field valid not-required \" type=\"text\" name=\"nickname-21513\" id=\"nickname-21513\" value=\"\" placeholder=\"\" data-validate=\"\" data-key=\"nickname\"  aria-invalid=\"false\" \/>\n\n\t\t\t\t\t\t<\/div><\/div><div  class=\"um-field um-field-block  um-field-block um-field-type_block\" data-key=\"um_block_21513_9\">Puedes indicarnos la URL de tu portfolio o adjuntarlo en formato PDF<\/div><div  id=\"um_field_21513_link_portfolio\" class=\"um-field um-field-url  um-field-link_portfolio um-field-url um-field-type_url\" data-key=\"link_portfolio\"><div class=\"um-field-label\"><label for=\"link_portfolio-21513\">Link portfolio<\/label><div class=\"um-clear\"><\/div><\/div><div class=\"um-field-area\"><input    class=\"um-form-field valid not-required \" type=\"text\" name=\"link_portfolio-21513\" id=\"link_portfolio-21513\" value=\"\" placeholder=\"\" data-validate=\"\" data-key=\"link_portfolio\"  aria-invalid=\"false\" \/>\n\n\t\t\t\t\t\t<\/div><\/div><div  id=\"um_field_21513_portfolio_file\" class=\"um-field um-field-file  um-field-portfolio_file um-field-file um-field-type_file\" data-key=\"portfolio_file\" data-mode=\"register\" data-upload-label=\"Subir archivo\"><input type=\"hidden\" name=\"portfolio_file-21513\" id=\"portfolio_file-21513\" value=\"\"  aria-invalid=\"false\" \/><div class=\"um-field-label\"><label for=\"portfolio_file-21513\">Portfolio en PDF<\/label><div class=\"um-clear\"><\/div><\/div><div class=\"um-field-area\" style=\"text-align: center;\"><div class=\"um-single-file-preview\" data-key=\"portfolio_file\"><\/div><a href=\"#\" data-modal=\"um_upload_single\" data-modal-size=\"normal\" data-modal-copy=\"1\" class=\"um-button um-btn-auto-width\">Subir archivo<\/a><\/div><div class=\"um-modal-hidden-content\"><div class=\"um-modal-header\"> Portfolio en PDF<\/div><div class=\"um-modal-body\"><div class=\"um-single-file-preview\">\n\t\t\t\t\t\t\t\t\t\t<a href=\"javascript:void(0);\" class=\"cancel\"><i class=\"um-icon-close\"><\/i><\/a>\n\t\t\t\t\t\t\t\t\t\t<div class=\"um-single-fileinfo\">\n\t\t\t\t\t\t\t\t\t\t\t<a href=\"\" target=\"_blank\">\n\t\t\t\t\t\t\t\t\t\t\t\t<span class=\"icon\"><i><\/i><\/span>\n\t\t\t\t\t\t\t\t\t\t\t\t<span class=\"filename\"><\/span>\n\t\t\t\t\t\t\t\t\t\t\t<\/a>\n\t\t\t\t\t\t\t\t\t\t<\/div>\n\t\t\t\t\t\t\t\t<\/div><div class=\"um-single-file-upload\" data-user_id=\"\" data-timestamp=\"1777007804\" data-nonce=\"c61173ddc6\"  data-set_id=\"21513\" data-set_mode=\"register\" data-type=\"file\" data-key=\"portfolio_file\" data-max_size=\"0\" data-max_size_error=\"This file is too large!\" data-min_size_error=\"This file is too small!\" data-extension_error=\"Sorry this is not a valid file.\"  data-allowed_types=\"pdf\" data-upload_text=\"Arrastrar y soltar el archivo\" data-max_files_error=\"You can only upload one file\" data-upload_help_text=\"Debe ser formato PDF y con un m\u00e1ximo 5Mb\">Subir archivo<\/div><div class=\"um-modal-footer\">\n\t\t\t\t\t\t\t\t\t<div class=\"um-modal-right\">\n\t\t\t\t\t\t\t\t\t\t<a href=\"javascript:void(0);\" class=\"um-modal-btn um-finish-upload file disabled\" data-key=\"portfolio_file\" data-change=\"Change file\" data-processing=\"Processing...\"> Save<\/a>\n\t\t\t\t\t\t\t\t\t\t<a href=\"javascript:void(0);\" class=\"um-modal-btn alt\" data-action=\"um_remove_modal\"> Cancel<\/a>\n\t\t\t\t\t\t\t\t\t<\/div>\n\t\t\t\t\t\t\t\t\t<div class=\"um-clear\"><\/div>\n\t\t\t\t\t\t\t\t<\/div><\/div><\/div><\/div><\/div><\/div>\n<!-- This file should primarily consist of HTML with a little bit of PHP. -->\n<div class=\"um-field um-field-type_terms_conditions\" data-key=\"use_terms_conditions_agreement\" style=\"display:block;padding:0;\">\n\t<div class=\"um-field-area\">\n\t\t<div class=\"um-gdpr-content\" style=\"display:none;\">\n\t\t\t\n<p class=\"has-text-align-left\"><br>El contenido de la pol\u00edtica de privacidad, en cumplimiento del Reglamento General de Protecci\u00f3n de Datos (UE) 2016\/679 del Parlamento Europeo y del Consejo de 27 de abril de 2016 y la ley org\u00e1nica 3\/2018 de 5 de diciembre de Protecci\u00f3n de Datos Personales y de Garant\u00eda de los Derechos Digitales, le informamos que:<\/p>\n\n\n\n<p>La empresa titular del presente dominio y Responsable del Tratamiento de la web <a href=\"https:\/\/www.babidibulibros.com\/\">https:\/\/www.babidibulibros.com\/<\/a> es BABIDI-B\u00da Libros S.L.U., con domicilio a estos efectos en Avda. San Francisco Javier, 9, 6\u00aa, 23, Edificio Sevilla 2, 41018 Sevilla, Espa\u00f1a n\u00famero de C.I.F.: B90109927.<\/p>\n\n\n\n<p>Correo electr\u00f3nico de Protecci\u00f3n de Datos: info@babidibulibros.com<\/p>\n\n\n\n<p>El Responsable del tratamiento, BABIDI-B\u00da Libros S.L.U , con la finalidad de gestionar la recogida de sus datos en el uso de nuestros formularios. En los formularios de contacto existentes en la web, donde se recogen datos de car\u00e1cter personal, el usuario deber\u00e1 consentir de manera expresa y con car\u00e1cter previo al env\u00edo de los mismos, la aceptaci\u00f3n y conocimiento de la pol\u00edtica de privacidad mediante la cumplimentaci\u00f3n del check \u00abhe le\u00eddo y acepto la pol\u00edtica de privacidad\u00bb y a cuyo contenido podr\u00e1 tener acceso mediante el enlace adjunto que le remitir\u00e1 el presente aviso legal. Si el campo check no fuere marcado por el usuario, no se realizar\u00e1 el env\u00edo de los datos contenidos en dichos formularios. Entiendo que estoy dando mi permiso para el uso y tratamiento de mis datos personales as\u00ed como de la informaci\u00f3n solicitada o a contratar.<\/p>\n\n\n\n<p>La base legal para el tratamiento de sus datos es el consentimiento por usted prestado, su consentimiento se podr\u00e1 revocar en cualquier momento por usted o su representante legal.<\/p>\n\n\n\n<p>Conservaremos sus datos el tiempo estrictamente necesario para responder a exigencias legales.<\/p>\n\n\n\n<p>Puede ejercer sus derechos de acceso, rectificaci\u00f3n, supresi\u00f3n y portabilidad de sus datos, y la limitaci\u00f3n u oposici\u00f3n a su tratamiento a trav\u00e9s del correo electr\u00f3nico info@babidibulibros.com o en la direcci\u00f3n postal Avda. San Francisco Javier, 9, 6\u00aa, 23, Edificio Sevilla 2, 41018 Sevilla, Espa\u00f1a.<\/p>\n\n\n\n<p>De igual modo, podr\u00eda interponer una reclamaci\u00f3n ante la Autoridad de Control en <a href=\"http:\/\/www.aepd.es\" rel=\"nofollow noopener\" target=\"_blank\">www.aepd.es<\/a> Sus datos han sido directamente proporcionados por el usted a trav\u00e9s de la web, tratamos sus datos identificativos, direcci\u00f3n postal, direcci\u00f3n electr\u00f3nica, comercial de nuestros servicios solicitados.<\/p>\n\n\n\n<p><\/p>\n\t\t<\/div>\n\t\t<a href=\"javascript:void(0);\" class=\"um-toggle-gdpr\" data-toggle-state=\"hidden\"\n\t\t\tdata-toggle-show=\"Mostrar la pol\u00edtica de privacidad\"\n\t\t\tdata-toggle-hide=\"Ocultar la pol\u00edtica de privacidad\">\n\t\t\tMostrar la pol\u00edtica de privacidad\t\t<\/a>\n\t<\/div>\n\t<div class=\"um-field-area\">\n\t\t<label class=\"um-field-checkbox\">\n\t\t\t<input type=\"checkbox\" name=\"use_gdpr_agreement\" value=\"1\">\n\t\t\t<span class=\"um-field-checkbox-state\"><i class=\"um-icon-android-checkbox-outline-blank\"><\/i><\/span>\n\t\t\t<span class=\"um-field-checkbox-option\">Por favor, confirma que est\u00e1s de acuerdo con nuestra pol\u00edtica de privacidad<\/span>\n\t\t<\/label>\n\t\t<div class=\"um-clear\"><\/div>\n\t\t\t\t<div class=\"um-clear\"><\/div>\n\t<\/div>\n<\/div>\n\t<input type=\"hidden\" name=\"form_id\" id=\"form_id_21513\" value=\"21513\" \/>\n\t\t<p class=\"um_request_name\">\n\t\t<label for=\"um_request_21513\">Only fill in if you are not human<\/label>\n\t\t<input type=\"hidden\" name=\"um_request\" id=\"um_request_21513\" class=\"input\" value=\"\" size=\"25\" autocomplete=\"off\" \/>\n\t<\/p>\n\t<input type=\"hidden\" id=\"_wpnonce\" name=\"_wpnonce\" value=\"5ca59d7245\" \/><input type=\"hidden\" name=\"_wp_http_referer\" value=\"\/it\/wp-json\/wp\/v2\/pages\/62339\" \/>\n<div class=\"g-recaptcha\" id=\"um-21513\" data-mode=\"register\"><\/div>\n\n\n\t<div class=\"um-col-alt\">\n\n\t\t\n\t\t\t<div class=\"um-center\">\n\t\t\t\t<input type=\"submit\" value=\"Registro\" class=\"um-button\" id=\"um-submit-btn\" \/>\n\t\t\t<\/div>\n\n\t\t\n\t\t<div class=\"um-clear\"><\/div>\n\n\t<\/div>\n\n\t\t\t<\/form>\n\t<\/div>\n<\/div>\n<style>\n\t\t\t.um-21513.um {\n\t\t\tmax-width: 450px;\n\t\t}\n\t\t<\/style>\n\n\n\n\n<p><\/p>\n<\/div>\n<\/div>\n\n\n\n<h3 class=\"has-text-align-center wp-block-heading\">Sei gi\u00e0 autore della casa editrice BABIDI-B\u00da?<\/h3>\n\n\n\n<p class=\"has-text-align-center\">Registrati sulla nostra piattaforma come autore a contratto per vedere i <strong><a href=\"https:\/\/www.babidibulibros.com\/galeria-ilustradores\/\">profili completi di tutti i nostri illustratori<\/a><\/strong>. Potrai selezionare quello pi\u00f9 adatto ai tuoi gusti artistici per il tuo prossimo libro in modo molto semplice.<\/p>\n\n\n\n<div class=\"wp-block-buttons is-content-justification-center is-layout-flex wp-container-core-buttons-is-layout-16018d1d wp-block-buttons-is-layout-flex\">\n<div class=\"wp-block-button\"><a class=\"wp-block-button__link wp-element-button\" href=\"https:\/\/www.babidibulibros.com\/registro-autores\/\">Registrazione autore<\/a><\/div>\n<\/div>\n\n\n\n<section id=\"faq-block_319ddb5c776990c3bce5220544157318\" class=\"section section-faqs faq\">\n\t<div class=\"container\">\n\t\t\t\t\t<div class=\"accordion\" id=\"accordionFAQ\">\n\t\t\t\t\t\t\t         <div class=\"card\">\n\t\t\t            <div class=\"card-header\" id=\"heading-1\">\n\t\t\t               <button class=\"collapsed\" type=\"button\" data-toggle=\"collapse\" data-target=\"#collapse-1\" aria-expanded=\"false\" aria-controls=\"collapse-1\">\n\t\t\t               <span>Come posso diventare un illustratore di BABIDI-B\u00da?<\/span>\n\t\t\t               <\/button>\n\t\t\t            <\/div>\n\t\t\t            <div id=\"collapse-1\" class=\"collapse\" aria-labelledby=\"heading-1\" data-parent=\"#accordionFAQ\" style=\"\">\n\t\t\t               <div class=\"card-body\">\n\t\t\t                  Devi solo compilare il modulo che troverai all&#8217;inizio di questa pagina e compilare tutti i campi correttamente in modo che possiamo valutare la tua candidatura\t\t\t               <\/div>\n\t\t\t            <\/div>\n\t\t\t         <\/div>\n\t\t\t\t\t\t\t         <div class=\"card\">\n\t\t\t            <div class=\"card-header\" id=\"heading-2\">\n\t\t\t               <button class=\"collapsed\" type=\"button\" data-toggle=\"collapse\" data-target=\"#collapse-2\" aria-expanded=\"false\" aria-controls=\"collapse-2\">\n\t\t\t               <span>Cosa serve per valutare la mia candidatura?<\/span>\n\t\t\t               <\/button>\n\t\t\t            <\/div>\n\t\t\t            <div id=\"collapse-2\" class=\"collapse\" aria-labelledby=\"heading-2\" data-parent=\"#accordionFAQ\" style=\"\">\n\t\t\t               <div class=\"card-body\">\n\t\t\t                  Dovrai indicarci il tuo nome artistico, la tua provincia o paese di residenza, un profilo web o social network, oltre alla tua email e un numero di telefono da inserire nel nostro database\r\n\r\n\t\t\t               <\/div>\n\t\t\t            <\/div>\n\t\t\t         <\/div>\n\t\t\t\t\t\t\t         <div class=\"card\">\n\t\t\t            <div class=\"card-header\" id=\"heading-3\">\n\t\t\t               <button class=\"collapsed\" type=\"button\" data-toggle=\"collapse\" data-target=\"#collapse-3\" aria-expanded=\"false\" aria-controls=\"collapse-3\">\n\t\t\t               <span>Appartengo gi\u00e0 alla lista, come mi scelgono per illustrare un&#8217;opera?<\/span>\n\t\t\t               <\/button>\n\t\t\t            <\/div>\n\t\t\t            <div id=\"collapse-3\" class=\"collapse\" aria-labelledby=\"heading-3\" data-parent=\"#accordionFAQ\" style=\"\">\n\t\t\t               <div class=\"card-body\">\n\t\t\t                  La selezione del l&#8217;illustratore per un&#8217;opera si basa su un consenso tra casa editrice e autore, in base alle caratteristiche del manoscritto \t\t\t               <\/div>\n\t\t\t            <\/div>\n\t\t\t         <\/div>\n\t\t\t\t\t\t\t         <div class=\"card\">\n\t\t\t            <div class=\"card-header\" id=\"heading-4\">\n\t\t\t               <button class=\"collapsed\" type=\"button\" data-toggle=\"collapse\" data-target=\"#collapse-4\" aria-expanded=\"false\" aria-controls=\"collapse-4\">\n\t\t\t               <span>Devo mandarvi il mio portfolio?<\/span>\n\t\t\t               <\/button>\n\t\t\t            <\/div>\n\t\t\t            <div id=\"collapse-4\" class=\"collapse\" aria-labelledby=\"heading-4\" data-parent=\"#accordionFAQ\" style=\"\">\n\t\t\t               <div class=\"card-body\">\n\t\t\t                  No, ti chiediamo di inviarci un sito\/social network, perch\u00e9 \u00e8 quello che offriremo agli illustratori per vedere il vostro lavoro\r\n\t\t\t               <\/div>\n\t\t\t            <\/div>\n\t\t\t         <\/div>\n\t\t\t\t\t\t\t         <div class=\"card\">\n\t\t\t            <div class=\"card-header\" id=\"heading-5\">\n\t\t\t               <button class=\"collapsed\" type=\"button\" data-toggle=\"collapse\" data-target=\"#collapse-5\" aria-expanded=\"false\" aria-controls=\"collapse-5\">\n\t\t\t               <span>Con quale frequenza sar\u00e0 aggiornato l&#8217;elenco sul sito?<\/span>\n\t\t\t               <\/button>\n\t\t\t            <\/div>\n\t\t\t            <div id=\"collapse-5\" class=\"collapse\" aria-labelledby=\"heading-5\" data-parent=\"#accordionFAQ\" style=\"\">\n\t\t\t               <div class=\"card-body\">\n\t\t\t                  Non c&#8217;\u00e8 una data esatta, stiamo continuamente modificando l&#8217;elenco.\r\n\t\t\t               <\/div>\n\t\t\t            <\/div>\n\t\t\t         <\/div>\n\t\t\t\t\t\t\t         <div class=\"card\">\n\t\t\t            <div class=\"card-header\" id=\"heading-6\">\n\t\t\t               <button class=\"collapsed\" type=\"button\" data-toggle=\"collapse\" data-target=\"#collapse-6\" aria-expanded=\"false\" aria-controls=\"collapse-6\">\n\t\t\t               <span>Quale stile di illustrazione \u00e8 giusto?<\/span>\n\t\t\t               <\/button>\n\t\t\t            <\/div>\n\t\t\t            <div id=\"collapse-6\" class=\"collapse\" aria-labelledby=\"heading-6\" data-parent=\"#accordionFAQ\" style=\"\">\n\t\t\t               <div class=\"card-body\">\n\t\t\t                  Essendo una casa editrice per bambini, in BABIDI-B\u00da, fondamentalmente, siamo interessati all&#8217;illustrazione per bambini, sia digitale, matita, olio&#8230;  Ma illustriamo anche romanzi giovanili, quindi non preoccuparti, inviaci la tua proposta e la valuteremo\r\n\r\n\t\t\t               <\/div>\n\t\t\t            <\/div>\n\t\t\t         <\/div>\n\t\t\t\t\t\t\t         <div class=\"card\">\n\t\t\t            <div class=\"card-header\" id=\"heading-7\">\n\t\t\t               <button class=\"collapsed\" type=\"button\" data-toggle=\"collapse\" data-target=\"#collapse-7\" aria-expanded=\"false\" aria-controls=\"collapse-7\">\n\t\t\t               <span>Come illustratore, voglio pubblicare il mio libro illustrato, \u00e8 possibile?<\/span>\n\t\t\t               <\/button>\n\t\t\t            <\/div>\n\t\t\t            <div id=\"collapse-7\" class=\"collapse\" aria-labelledby=\"heading-7\" data-parent=\"#accordionFAQ\" style=\"\">\n\t\t\t               <div class=\"card-body\">\n\t\t\t                  S\u00ec, ci occupiamo anche di pubblicare questi libri che ci fanno arrivare alcuni dei nostri illustratori. Inviaci il manoscritto sulla nostra pagina di contatto\t\t\t               <\/div>\n\t\t\t            <\/div>\n\t\t\t         <\/div>\n\t\t\t\t\t\t\t<\/div>\n\t\t\t\t<div class=\"text-center support-text\">\n\t\t\t<p>Hai altre domande? <a href=\"https:\/\/www.babidibulibros.com\/contacto\/\">Contattaci<\/a><\/p> \n\t\t<\/div>\n\t<\/div>\n\t<script type=\"application\/ld+json\">\n\t\t{\n\t    \t\"@context\": \"https:\/\/schema.org\",\n\t\t\t\"@type\": \"FAQPage\",\n\t\t\t\"mainEntity\": [\n\t\t\t\t\t\t\t\t\t{\n\t\t\t\t        \"@type\": \"Question\",\n\t\t\t\t        \"name\": \"Come posso diventare un illustratore di BABIDI-B\u00da?\",\n\t\t\t\t        \"acceptedAnswer\": {\n\t\t\t\t        \t\"@type\": \"Answer\",\n\t\t\t\t\t\t\t\"text\": \"Devi solo compilare il modulo che troverai all'inizio di questa pagina e compilare tutti i campi correttamente in modo che possiamo valutare la tua candidatura\"\n\t\t\t\t\t\t}\n\t\t\t\t    }\n\t\t\t\t    \t\t\t\t    \n\t\t\t\t\t\t\t\t\t\t,{\n\t\t\t\t\t        \"@type\": \"Question\",\n\t\t\t\t\t        \"name\": \"Cosa serve per valutare la mia candidatura?\",\n\t\t\t\t\t        \"acceptedAnswer\": {\n\t\t\t\t\t        \t\"@type\": \"Answer\",\n\t\t\t\t\t\t\t\t\"text\": \"Dovrai indicarci il tuo nome artistico, la tua provincia o paese di residenza, un profilo web o social network, oltre alla tua email e un numero di telefono da inserire nel nostro database\r\n\r\n\"\n\t\t\t\t\t\t\t}\n\t\t\t\t\t    }\n\t\t\t\t    \t\t\t\t    \n\t\t\t\t\t\t\t\t\t\t,{\n\t\t\t\t\t        \"@type\": \"Question\",\n\t\t\t\t\t        \"name\": \"Appartengo gi\u00e0 alla lista, come mi scelgono per illustrare un'opera?\",\n\t\t\t\t\t        \"acceptedAnswer\": {\n\t\t\t\t\t        \t\"@type\": \"Answer\",\n\t\t\t\t\t\t\t\t\"text\": \"La selezione del l'illustratore per un'opera si basa su un consenso tra casa editrice e autore, in base alle caratteristiche del manoscritto \"\n\t\t\t\t\t\t\t}\n\t\t\t\t\t    }\n\t\t\t\t    \t\t\t\t    \n\t\t\t\t\t\t\t\t\t\t,{\n\t\t\t\t\t        \"@type\": \"Question\",\n\t\t\t\t\t        \"name\": \"Devo mandarvi il mio portfolio?\",\n\t\t\t\t\t        \"acceptedAnswer\": {\n\t\t\t\t\t        \t\"@type\": \"Answer\",\n\t\t\t\t\t\t\t\t\"text\": \"No, ti chiediamo di inviarci un sito\/social network, perch\u00e9 \u00e8 quello che offriremo agli illustratori per vedere il vostro lavoro\r\n\"\n\t\t\t\t\t\t\t}\n\t\t\t\t\t    }\n\t\t\t\t    \t\t\t\t    \n\t\t\t\t\t\t\t\t\t\t,{\n\t\t\t\t\t        \"@type\": \"Question\",\n\t\t\t\t\t        \"name\": \"Con quale frequenza sar\u00e0 aggiornato l'elenco sul sito?\",\n\t\t\t\t\t        \"acceptedAnswer\": {\n\t\t\t\t\t        \t\"@type\": \"Answer\",\n\t\t\t\t\t\t\t\t\"text\": \"Non c'\u00e8 una data esatta, stiamo continuamente modificando l'elenco.\r\n\"\n\t\t\t\t\t\t\t}\n\t\t\t\t\t    }\n\t\t\t\t    \t\t\t\t    \n\t\t\t\t\t\t\t\t\t\t,{\n\t\t\t\t\t        \"@type\": \"Question\",\n\t\t\t\t\t        \"name\": \"Quale stile di illustrazione \u00e8 giusto?\",\n\t\t\t\t\t        \"acceptedAnswer\": {\n\t\t\t\t\t        \t\"@type\": \"Answer\",\n\t\t\t\t\t\t\t\t\"text\": \"Essendo una casa editrice per bambini, in BABIDI-B\u00da, fondamentalmente, siamo interessati all'illustrazione per bambini, sia digitale, matita, olio...  Ma illustriamo anche romanzi giovanili, quindi non preoccuparti, inviaci la tua proposta e la valuteremo\r\n\r\n\"\n\t\t\t\t\t\t\t}\n\t\t\t\t\t    }\n\t\t\t\t    \t\t\t\t    \n\t\t\t\t\t\t\t\t\t\t,{\n\t\t\t\t\t        \"@type\": \"Question\",\n\t\t\t\t\t        \"name\": \"Come illustratore, voglio pubblicare il mio libro illustrato, \u00e8 possibile?\",\n\t\t\t\t\t        \"acceptedAnswer\": {\n\t\t\t\t\t        \t\"@type\": \"Answer\",\n\t\t\t\t\t\t\t\t\"text\": \"S\u00ec, ci occupiamo anche di pubblicare questi libri che ci fanno arrivare alcuni dei nostri illustratori. Inviaci il manoscritto sulla nostra pagina di contatto\"\n\t\t\t\t\t\t\t}\n\t\t\t\t\t    }\n\t\t\t\t    \t\t\t\t    \n\t\t\t\t\t\t\t]\n\t    }\n    <\/script>    \n<\/section>\n\n\n\n\n\n\n\n\n\n\n\n<div id=\"contact-block_9ea7dc2eb6af664a3bdb130bfc7b2616\" class=\"block-contact\">\n\t<div class=\"block-contact-txt\">\n\t\t<h2>Contattaci<\/h2>\n\t\t<p>Chiamaci o chiedici di chiamarti per chiarire i tuoi dubbi<\/p>\n\t<\/div>\n\t<div class=\"block-contact-items\">\n\t\t<div class=\"contact-item\">\n\t\t\t<a href=\"https:\/\/api.whatsapp.com\/send?phone=34653754771&#038;\" alt=\"Whatsapp Babidibu\" rel=\"nofollow noopener\" target=\"_blank\">\n\t\t\t\t<div class=\"contact-item-icon\">\n\t\t\t\t\t<i class=\"ri-whatsapp-line\"><\/i> \n\t\t\t\t<\/div>\n\t\t\t\t<div class=\"contact-item-txt\">\n\t\t\t\t\tWhatsApp\n\t\t\t\t<\/div>\n\t\t\t<\/a>\n\t\t<\/div>\n\t\t<div class=\"contact-item\">\n\t\t\t<a href=\"tel:+34653754771\" alt=\"Fai una telefonata a Babidib\u00fa\">\n\t\t\t\t<div class=\"contact-item-icon\">\n\t\t\t\t\t<i class=\"ri-smartphone-line\"><\/i>\n\t\t\t\t<\/div>\n\t\t\t\t<div class=\"contact-item-txt\">\n\t\t\t\tTelefono\t\t\t\t<\/div>\n\t\t\t<\/a>\n\t\t<\/div>\n\t\t<div class=\"contact-item\">\n\t\t\t<a href=\"https:\/\/www.babidibulibros.com\/publica-con-nosotros\/\">\n\t\t\t\t<div class=\"contact-item-icon\">\n\t\t\t\t\t<i class=\"ri-file-list-3-line\"><\/i>\n\t\t\t\t<\/div>\n\t\t\t\t<div class=\"contact-item-txt\">\n\t\t\t\t\tManoscritto\t\t\t\t<\/div>\n\t\t\t<\/a>\n\t\t<\/div>\n\t<\/div>\n<\/div>","protected":false},"excerpt":{"rendered":"<p>Vuoi far parte della nostra galleria internazionale di illustratori professionisti? Se sei interessato a far parte della nostra galleria di [&hellip;]<\/p>\n","protected":false},"author":22,"featured_media":0,"parent":0,"menu_order":84,"comment_status":"closed","ping_status":"closed","template":"","meta":{"_acf_changed":false,"content-type":"","footnotes":""},"class_list":["post-62339","page","type-page","status-publish","hentry"],"acf":[],"_links":{"self":[{"href":"https:\/\/www.babidibulibros.com\/it\/wp-json\/wp\/v2\/pages\/62339","targetHints":{"allow":["GET"]}}],"collection":[{"href":"https:\/\/www.babidibulibros.com\/it\/wp-json\/wp\/v2\/pages"}],"about":[{"href":"https:\/\/www.babidibulibros.com\/it\/wp-json\/wp\/v2\/types\/page"}],"author":[{"embeddable":true,"href":"https:\/\/www.babidibulibros.com\/it\/wp-json\/wp\/v2\/users\/22"}],"replies":[{"embeddable":true,"href":"https:\/\/www.babidibulibros.com\/it\/wp-json\/wp\/v2\/comments?post=62339"}],"version-history":[{"count":3,"href":"https:\/\/www.babidibulibros.com\/it\/wp-json\/wp\/v2\/pages\/62339\/revisions"}],"predecessor-version":[{"id":62441,"href":"https:\/\/www.babidibulibros.com\/it\/wp-json\/wp\/v2\/pages\/62339\/revisions\/62441"}],"wp:attachment":[{"href":"https:\/\/www.babidibulibros.com\/it\/wp-json\/wp\/v2\/media?parent=62339"}],"curies":[{"name":"wp","href":"https:\/\/api.w.org\/{rel}","templated":true}]}}