{"id":54331,"date":"2020-06-16T09:37:09","date_gmt":"2020-06-16T07:37:09","guid":{"rendered":"https:\/\/www.babidibulibros.com\/el-equipo\/"},"modified":"2025-01-21T12:17:56","modified_gmt":"2025-01-21T11:17:56","slug":"uma-equipa-com-alma-de-mulher","status":"publish","type":"page","link":"https:\/\/www.babidibulibros.com\/pt-pt\/uma-equipa-com-alma-de-mulher\/","title":{"rendered":"Uma equipa com alma de mulher"},"content":{"rendered":"\n<p class=\"has-very-dark-gray-color has-text-color\"><\/p>\n\n\n\n<h2 class=\"wp-block-heading\">O nosso dia a dia no escrit\u00f3rio<\/h2>\n\n\n\n<p>Somos, antes de tudo:&nbsp;<strong>uma equipa feliz!<\/strong> No entanto, tamb\u00e9m somos uma <strong>editora infantil e juvenil<\/strong> desenhada desde a sua cria\u00e7\u00e3o para acompanhar a &#8220;<strong>Gera\u00e7\u00e3o Touch<\/strong>&#8220;, conhecida comumente como a <strong>Gera\u00e7\u00e3o Alfa<\/strong>, que engloba os pequenitos nascidos a partir do ano de 2010, que j\u00e1 nascem a dominar o mundo digital, levando o pr\u00e9mio de um dos maiores desafios educativos da hist\u00f3ria.<\/p>\n\n\n\n<p>O nosso objetivo principal \u00e9 <strong>incentivar \u00e0 leitura <\/strong>com obras, que prezem pelos <strong>valores humanos<\/strong>, sem deixarem de ser divertidas e amig\u00e1veis, cheias de aventura e mist\u00e9rio. Para al\u00e9m do incentivo \u00e0 leitura, outro dos nossos objetivos \u00e9 estimular a criatividade como forma de express\u00e3o nas crian\u00e7as e jovens, ajudando-nos a aumentar a sua imagina\u00e7\u00e3o e a melhorar o desenvolvimento da sua <strong>Intelig\u00eancia Emocional.<\/strong> <\/p>\n\n\n\n<div id=\"video-block_bf272ae79bfd0193e478315e3a0e0806\" class=\"block-video video\">\n\t<div class=\"media-object\">\n\t\t<div class=\"media-object-item media-object-copy\">\n\t\t\t<div class=\"media-object-copy-body\">\n\t\t\t\t<h2>Como cumprimos o teu sonho?<\/h2>\n\t\t\t\t<p><p>Escrever contos infantis e juvenis implica aprender a <strong>pensar e a sentir como uma crian\u00e7a. <\/strong>No entanto, tamb\u00e9m implica todo o trabalho de <strong>incutir valores positivos<\/strong> na nossa sociedade. Na BABIDI-B\u00da, sabemos a import\u00e2ncia disso e por tal tentamos que todos os nossos livros promovam a <strong>igualdade e o respeito <\/strong>atrav\u00e9s da leitura. Como \u00e9 que o fazemos?<\/p>\n<p><strong>V\u00ea o v\u00eddeo completo!\u00a0<\/strong><\/p>\n<\/p>\n\t\t\t\t<a class=\"link\" href=\"https:\/\/www.babidibulibros.com\/pt-pt\/publica-connosco\/\">Envia-nos o teu manuscrito<\/a>\n\t\t\t<\/div>\n\t\t<\/div>\n\t\t<figure class=\"media-object-item media-object-media js-trigger-video-modal-video-block_bf272ae79bfd0193e478315e3a0e0806\">\n\t\t\t\t\t\t\t<img decoding=\"async\" class=\"media-object-media-img\" src=\"https:\/\/www.babidibulibros.com\/wp-content\/uploads\/2024\/10\/Babidibu-084_edit2b_Compress.png\" \/>\n\t\t\t\t\t\t\t\n\t\t<\/figure>\n\t<\/div>\n<\/div>  \n\t\n\n<style>\n\t.show-video-modal-video-block_bf272ae79bfd0193e478315e3a0e0806 #modal_video-block_bf272ae79bfd0193e478315e3a0e0806 {\n\t\topacity: 1.0;\n\t\t-webkit-transform: translate(0%,0%);\n\t\t\t-ms-transform: translate(0%,0%);\n\t\t\t\ttransform: translate(0%,0%);\n\t}\n\t.show-video-modal-video-block_bf272ae79bfd0193e478315e3a0e0806 #modal_video-block_bf272ae79bfd0193e478315e3a0e0806 .overlay {\n\t\topacity: 1.0;\n\t}\n\t.show-video-modal-video-block_bf272ae79bfd0193e478315e3a0e0806 #modal_video-block_bf272ae79bfd0193e478315e3a0e0806 .video-modal-content {\n\t\t-webkit-transform: translate(0%,0%);\n\t\t\t-ms-transform: translate(0%,0%);\n\t\t\t\ttransform: translate(0%,0%);\n\t}\n<\/style>\n\t\n\n\n<div id=\"contact-block_ff54015999c0e96ef34de8d6e73c763c\" class=\"block-contact\">\n\t<div class=\"block-contact-txt\">\n\t\t<h2>Contacta-nos<\/h2>\n\t\t<p>Liga-nos ou pede-nos que te liguemos para pedir assessoramento<\/p>\n\t<\/div>\n\t<div class=\"block-contact-items\">\n\t\t<div class=\"contact-item\">\n\t\t\t<a href=\"https:\/\/api.whatsapp.com\/send?phone=34653754771&#038;\" alt=\"Whatsapp Babidibu\" rel=\"nofollow noopener\" target=\"_blank\">\n\t\t\t\t<div class=\"contact-item-icon\">\n\t\t\t\t\t<i class=\"ri-whatsapp-line\"><\/i> \n\t\t\t\t<\/div>\n\t\t\t\t<div class=\"contact-item-txt\">\n\t\t\t\t\tWhatsApp\n\t\t\t\t<\/div>\n\t\t\t<\/a>\n\t\t<\/div>\n\t\t<div class=\"contact-item\">\n\t\t\t<a href=\"tel:+34653754771\" alt=\"Ligar para a Babidib\u00fa\">\n\t\t\t\t<div class=\"contact-item-icon\">\n\t\t\t\t\t<i class=\"ri-smartphone-line\"><\/i>\n\t\t\t\t<\/div>\n\t\t\t\t<div class=\"contact-item-txt\">\n\t\t\t\tTelefone\t\t\t\t<\/div>\n\t\t\t<\/a>\n\t\t<\/div>\n\t\t<div class=\"contact-item\">\n\t\t\t<a href=\"https:\/\/www.babidibulibros.com\/publica-con-nosotros\/\">\n\t\t\t\t<div class=\"contact-item-icon\">\n\t\t\t\t\t<i class=\"ri-file-list-3-line\"><\/i>\n\t\t\t\t<\/div>\n\t\t\t\t<div class=\"contact-item-txt\">\n\t\t\t\t\tManuscrito\t\t\t\t<\/div>\n\t\t\t<\/a>\n\t\t<\/div>\n\t<\/div>\n<\/div>\n\n\n<h2 class=\"wp-block-heading has-text-align-center is-style-heading-group\">Quem \u00e9 quem?<\/h2>\n\n\n\n<p class=\"has-text-align-center\">Conhece a nossa equipa e a forma como te podemos ajudar<\/p>\n","protected":false},"excerpt":{"rendered":"<p>O nosso dia a dia no escrit\u00f3rio Somos, antes de tudo:&nbsp;uma equipa feliz! No entanto, tamb\u00e9m somos uma editora infantil [&hellip;]<\/p>\n","protected":false},"author":2119,"featured_media":0,"parent":0,"menu_order":136,"comment_status":"closed","ping_status":"closed","template":"page-team.php","meta":{"_acf_changed":false,"content-type":"","footnotes":""},"class_list":["post-54331","page","type-page","status-publish","hentry"],"acf":[],"_links":{"self":[{"href":"https:\/\/www.babidibulibros.com\/pt-pt\/wp-json\/wp\/v2\/pages\/54331","targetHints":{"allow":["GET"]}}],"collection":[{"href":"https:\/\/www.babidibulibros.com\/pt-pt\/wp-json\/wp\/v2\/pages"}],"about":[{"href":"https:\/\/www.babidibulibros.com\/pt-pt\/wp-json\/wp\/v2\/types\/page"}],"author":[{"embeddable":true,"href":"https:\/\/www.babidibulibros.com\/pt-pt\/wp-json\/wp\/v2\/users\/2119"}],"replies":[{"embeddable":true,"href":"https:\/\/www.babidibulibros.com\/pt-pt\/wp-json\/wp\/v2\/comments?post=54331"}],"version-history":[{"count":3,"href":"https:\/\/www.babidibulibros.com\/pt-pt\/wp-json\/wp\/v2\/pages\/54331\/revisions"}],"predecessor-version":[{"id":80740,"href":"https:\/\/www.babidibulibros.com\/pt-pt\/wp-json\/wp\/v2\/pages\/54331\/revisions\/80740"}],"wp:attachment":[{"href":"https:\/\/www.babidibulibros.com\/pt-pt\/wp-json\/wp\/v2\/media?parent=54331"}],"curies":[{"name":"wp","href":"https:\/\/api.w.org\/{rel}","templated":true}]}}