{"id":54334,"date":"2020-06-16T09:37:43","date_gmt":"2020-06-16T07:37:43","guid":{"rendered":"https:\/\/www.babidibulibros.com\/nuestra-feliz-historia\/"},"modified":"2023-05-10T18:18:01","modified_gmt":"2023-05-10T16:18:01","slug":"a-nossa-feliz-historia","status":"publish","type":"page","link":"https:\/\/www.babidibulibros.com\/pt-pt\/a-nossa-feliz-historia\/","title":{"rendered":"A nossa feliz hist\u00f3ria"},"content":{"rendered":"\n<h2 class=\"wp-block-heading\">Sabemos o qu\u00e3o dif\u00edcil \u00e9 come\u00e7ar <\/h2>\n\n\n\n<p>Desde o in\u00edcio que recebemos autores sem experi\u00eancia com vontade de publicar o seu primeiro livro, por tal apercebemos-nos que no mercado editorial n\u00e3o existia nenhum selo que se adapta-se \u00e0s necessidades espec\u00edficas que um autor tem no in\u00edcio da sua carreira, como por exemplo um tratamento personalizado e de bastante proximidade. Quando se come\u00e7a neste mundo, \u00e9 normal que te sintas perdido e sem saber por onde come\u00e7ar&#8230; e a verdade \u00e9 que uma decis\u00e3o mal tomada pode interferir no processo que far\u00e1 o teu livro ter ou n\u00e3o sucesso. <\/p>\n\n\n\n<figure class=\"wp-block-image size-large\"><img decoding=\"async\" src=\"https:\/\/www.babidibulibros.com\/wp-content\/uploads\/2022\/11\/Babidibu-089_edit-1110x764.png\" alt=\"\" class=\"wp-image-28147\"\/><\/figure>\n\n\n\n<p>Em 2001, um grupo de professores preocupados em melhorar a sociedade em que vivemos e em promover valores aos nossos filhos atrav\u00e9s da leitura infanto-juvenil uniram-se e criaram a editora  &#8220;<em>Mater Ediciones<\/em>&#8221; com a finalidade de ajudar autores com essas mesmas inquieta\u00e7\u00f5es a publicar os seus livros. <\/p>\n\n\n\n<p>Os primeiros anos serviram para aprender bastante sobre o mundo editorial. Est\u00e1vamos extremamente motivados e acredit\u00e1vamos no que faziamos. Conseguimos grandes conquistas:<\/p>\n\n\n\n<ul class=\"wp-block-list\">\n<li>Obtivemos o reconhecimento do Minist\u00e9rio da Cultura e do Concelho de Educa\u00e7\u00e3o da Junta de Andaluz\u00eda, que escolheram as nossas obras para abastecer as bibliotecas p\u00fablicas de todas as cidades e munic\u00edpios de Andaluzia. <\/li>\n\n\n\n<li>A nossa editora n\u00e3o s\u00f3 ficou reconhecida em Espanha, como tamb\u00e9m na Am\u00e9rica do Sul. <\/li>\n<\/ul>\n\n\n\n<p>No entanto, em 2013 come\u00e7ou a crise e estivemos quase a fechar a editora. Partia-nos o cora\u00e7\u00e3o a ideia de acabar com um projeto t\u00e3o \u00fatil e necess\u00e1rio, n\u00e3o s\u00f3 para a sociedade como tamb\u00e9m para o mercado, pois a verdade \u00e9 que ajud\u00e1vamos os autores a publicar o seu primeiro livro, um m\u00e9todo que se veio a revelar insustent\u00e1vel.<\/p>\n\n\n\n<blockquote class=\"wp-block-quote is-style-large is-layout-flow wp-block-quote-is-layout-flow\">\n<p>Todos os dias nos chegavam dezenas de manuscritos de autores pricipiantes que eram realmente bons, no entanto n\u00e3o os podiamos publicar por quest\u00f5es econ\u00f3micas. <\/p>\n<\/blockquote>\n\n\n\n<figure class=\"wp-block-image size-full\"><img loading=\"lazy\" decoding=\"async\" width=\"1110\" height=\"740\" src=\"https:\/\/www.babidibulibros.com\/wp-content\/uploads\/2023\/02\/Babidibu-070-1.png\" alt=\"\" class=\"wp-image-56178\" srcset=\"https:\/\/www.babidibulibros.com\/wp-content\/uploads\/2023\/02\/Babidibu-070-1.png 1110w, https:\/\/www.babidibulibros.com\/wp-content\/uploads\/2023\/02\/Babidibu-070-1-450x300.png 450w, https:\/\/www.babidibulibros.com\/wp-content\/uploads\/2023\/02\/Babidibu-070-1-768x512.png 768w\" sizes=\"auto, (max-width: 1110px) 100vw, 1110px\" \/><\/figure>\n\n\n\n<p>Ent\u00e3o, como se fosse um anjo, apareceu pela nossa porta um escritor que nos prop\u00f4s uma solu\u00e7\u00e3o. Ele queria publicar connosco a todo o custo, pois tinha conhecimento da experi\u00eancia de outros autores que tinham publicado connosco e n\u00e3o contemplava outra possibilidade. O que o mesmo precisava era de:<strong> uma editora experiente<\/strong> que trabalhasse lado a lado com ele para aproveitar o melhor da sua obra, garantindo-lhe um produto final de grande qualidade.<\/p>\n\n\n\n<div id=\"fwimage-block_d9d5f0fcf38761a16ac2561d7ab491bc\" class=\"block-fwimage\">\n    <div class=\"container\">\n        <div class=\"row\">\n            <div class=\"block-fwimage-img-p parallax\">\n\t\t\t\t            <\/div>\n            <div class=\"block-fwimage-img\">\n\t\t\t\t\t\t\t\t    <img decoding=\"async\" src=\"https:\/\/www.babidibulibros.com\/wp-content\/uploads\/2022\/10\/CORRECTO-e1680082213830.png\" \/>\n\t\t\t\t            <\/div>\n            <div class=\"col-lg-6\"><\/div>\n            <div class=\"col-lg-6\">\n\t\t\t\t<p><!-- wp:paragraph --><\/p>\n<p>Como n\u00e3o era um autor conhecido, e sabia o qu\u00e3o dif\u00edcil era que uma editora confia-se e investi-se na sua obra sem ter a garantia de algum benef\u00edcio, <strong>o mesmo fez-nos a proposta de que compraria, ele mesmo, alguns dos seus livros, vendedo-os no seu meio mais pr\u00f3ximo<\/strong><strong>,<\/strong> se n\u00f3s nos responsabiliz\u00e1ssemos por organizar todos os eventos necess\u00e1rios para tal e o aconselh\u00e1sse-mos durante todo o processo.<\/p>\n<p>Assim, pud\u00e9mos encarregar-nos do seu projeto, pois era vi\u00e1vel economicamente e rapidamente o mesmo recuperou todo o seu investimento. A experi\u00eancia revelou-se um \u00eaxito.<\/p>\n<p><!-- \/wp:paragraph --> <!-- wp:paragraph --><\/p>\n<p>Foi assim, por casualidade, que cri\u00e1mos um <strong>modelo sustent\u00e1vel<\/strong>, no qual os autores podiam contar com uma editora que lhes garantia um produto final de grande qualidade e n\u00f3s, como editora, podiamos continuar a prestar este servi\u00e7o t\u00e3o \u00fatil sem colocar em perigo a nossa estrutura.<\/p>\n<p><!-- \/wp:paragraph --><\/p>\n<p><!-- \/wp:paragraph --><\/p>\n                \t\t\t\t    <a class=\"link\" href=\"https:\/\/www.babidibulibros.com\/pt-pt\/publica-con-nosotros\/\">Publica connosco<\/a>\n                            <\/div>\n        <\/div>\n    <\/div>\n<\/div>\n\n\n<h2 class=\"wp-block-heading\">Os autores que j\u00e1 nos conhecem valorizam o que fazemos e a forma como o fazemos<\/h2>\n\n\n\n<p>Desde ent\u00e3o, continu\u00e1mos a publicar mais de 400 &nbsp;livros de novos autores, sendo que muitos dos autores t\u00eam publicado connosco todos os seus livros.  <\/p>\n\n\n\n<p>Ao contr\u00e1rio de uma editora grande e despersonalizada, na&nbsp;<strong>BABIDI-B\u00da<\/strong>, atualmente&nbsp;somos uma equipa de <strong>15 pessoas<\/strong>, apoiadas numa rede de colaboradores de todos os \u00e2mbitos, e cada um de n\u00f3s d\u00e1 muita import\u00e2ncia a um <strong>tratamento personalizado e de proximidade<\/strong>. Queremos que te sintas cuidado durante todo o processo, de forma a que tenhas uma experi\u00eancia agrad\u00e1vel e enriquecedora. <\/p>\n\n\n\n<p>Os nossos autores, tamb\u00e9m valorizam bastante o facto de que trabalhamos lado a lado com eles em todo o processo, mantendo sempre um profundo respeito pelas suas ideias e decis\u00f5es<strong>&nbsp;<\/strong>(dando sempre os nossos concelhos em prol do que \u00e9 melhor para o livro, atrav\u00e9s do nosso conhecimento e experi\u00eancia).&nbsp;Sabemos que muitas editoras alteram o manuscrito de cima abaixo sem ter em conta a opini\u00e3o do autor e muitas das vezes at\u00e9 sem sequer consult\u00e1-lo. Para n\u00f3s isso \u00e9 impens\u00e1vel. Qualquer melhora que fa\u00e7amos \u00e0 obra \u00e9 acordada com o autor, que \u00e9 a pessoa que a conhece melhor. Maquetamos todas as vers\u00f5es necess\u00e1rias da capa, contracapa, e p\u00e1ginas do livro at\u00e9 que cheguemos ao resultado esperado por ambas as partes. <\/p>\n\n\n\n<p>\u00c9 por isso que os nossos autores ficam t\u00e3o contentes com a <strong>qualidade final do produto<\/strong>, da edi\u00e7\u00e3o em si e das ilustra\u00e7\u00f5es, (que tamb\u00e9m proporcionamos caso n\u00e3o tenhas trazido o teu pr\u00f3prio ilustrador). Podes consultar aqui os nossos <a href=\"https:\/\/www.babidibulibros.com\/pt-pt\/os-nossos-ilustradores\/\" target=\"_blank\" rel=\"noreferrer noopener\"><strong>ilustradores<\/strong><\/a>.<\/p>\n\n\n\n<p>Por \u00faltimo, queremos contar-te que os nossos autores agradecem muito todo o <strong>valor<\/strong> que lhes acrescentamos quando decidem confiar em n\u00f3s, como, por exemplo, poder participar na&nbsp;<strong>plataforma StoryRocket<\/strong>&nbsp;e outras surpresas que temos exclusivamente para eles. N\u00e3o nos queremos cingir \u00e0 simples tarefa editorial, queremos acrescentar muito mais valor. <\/p>\n\n\n\n<p>Desta forma, todo o processo e toda a experi\u00eancia em si faz com que, na maioria dos casos, os autores que publicam connosco uma vez, voltem tamb\u00e9m a publicar os seus livros seguintes. <\/p>\n\n\n\n<hr class=\"wp-block-separator has-css-opacity\"\/>\n\n\n\n<section id=\"faq-block_098dd85d99684c20aa77428a6cf79ad1\" class=\"section section-faqs faq\">\n\t<div class=\"container\">\n\t\t\t\t\t<div class=\"accordion\" id=\"accordionFAQ\">\n\t\t\t\t\t\t\t         <div class=\"card\">\n\t\t\t            <div class=\"card-header\" id=\"heading-1\">\n\t\t\t               <button class=\"collapsed\" type=\"button\" data-toggle=\"collapse\" data-target=\"#collapse-1\" aria-expanded=\"false\" aria-controls=\"collapse-1\">\n\t\t\t               <span>Quem somos?<\/span>\n\t\t\t               <\/button>\n\t\t\t            <\/div>\n\t\t\t            <div id=\"collapse-1\" class=\"collapse\" aria-labelledby=\"heading-1\" data-parent=\"#accordionFAQ\" style=\"\">\n\t\t\t               <div class=\"card-body\">\n\t\t\t                  A BABIDI-B\u00da \u00e9 uma editora especializada em livros infantis e juvenis, atrav\u00e9s da qual \u00e9 poss\u00edvel acolher uma grande quantidade de autores com talento, mesmo que sejam novos no mundo editorial.\t\t\t               <\/div>\n\t\t\t            <\/div>\n\t\t\t         <\/div>\n\t\t\t\t\t\t\t         <div class=\"card\">\n\t\t\t            <div class=\"card-header\" id=\"heading-2\">\n\t\t\t               <button class=\"collapsed\" type=\"button\" data-toggle=\"collapse\" data-target=\"#collapse-2\" aria-expanded=\"false\" aria-controls=\"collapse-2\">\n\t\t\t               <span>Como funcionamos na hora de trabalhar?<\/span>\n\t\t\t               <\/button>\n\t\t\t            <\/div>\n\t\t\t            <div id=\"collapse-2\" class=\"collapse\" aria-labelledby=\"heading-2\" data-parent=\"#accordionFAQ\" style=\"\">\n\t\t\t               <div class=\"card-body\">\n\t\t\t                  Trabalhamos lado a lado com os autores durante todo o processo, mantendo sempre um grande respeito pelas suas ideias e decis\u00f5es, desde a rece\u00e7\u00e3o do manuscrito at\u00e9 \u00e0 sua venda. \t\t\t               <\/div>\n\t\t\t            <\/div>\n\t\t\t         <\/div>\n\t\t\t\t\t\t\t         <div class=\"card\">\n\t\t\t            <div class=\"card-header\" id=\"heading-3\">\n\t\t\t               <button class=\"collapsed\" type=\"button\" data-toggle=\"collapse\" data-target=\"#collapse-3\" aria-expanded=\"false\" aria-controls=\"collapse-3\">\n\t\t\t               <span>Porque deves escolher a BABIDI-B\u00da para publicar?<\/span>\n\t\t\t               <\/button>\n\t\t\t            <\/div>\n\t\t\t            <div id=\"collapse-3\" class=\"collapse\" aria-labelledby=\"heading-3\" data-parent=\"#accordionFAQ\" style=\"\">\n\t\t\t               <div class=\"card-body\">\n\t\t\t                  Porque a mesma te acompanhar\u00e1 durante todo o processo, desde a rece\u00e7\u00e3o da tua obra at\u00e9 \u00e0 distribui\u00e7\u00e3o da mesma. A nossa equipa de profissionais estar\u00e1 contigo em todo o momento, guiando-te durante todos os passos e processos a realizar. \r\n\r\n\t\t\t               <\/div>\n\t\t\t            <\/div>\n\t\t\t         <\/div>\n\t\t\t\t\t\t\t         <div class=\"card\">\n\t\t\t            <div class=\"card-header\" id=\"heading-4\">\n\t\t\t               <button class=\"collapsed\" type=\"button\" data-toggle=\"collapse\" data-target=\"#collapse-4\" aria-expanded=\"false\" aria-controls=\"collapse-4\">\n\t\t\t               <span>Esta forma de trabalhar tem sucesso?<\/span>\n\t\t\t               <\/button>\n\t\t\t            <\/div>\n\t\t\t            <div id=\"collapse-4\" class=\"collapse\" aria-labelledby=\"heading-4\" data-parent=\"#accordionFAQ\" style=\"\">\n\t\t\t               <div class=\"card-body\">\n\t\t\t                  Sim. Desde ent\u00e3o j\u00e1 public\u00e1mos mais de 400 livros de autores novos que continuaram a publicar connosco as suas obras seguintes. Dia ap\u00f3s dia continuamos a receber manuscritos de autores novos, que escolhem a BABIDI-B\u00da para publicar os seus livros. \t\t\t               <\/div>\n\t\t\t            <\/div>\n\t\t\t         <\/div>\n\t\t\t\t\t\t\t         <div class=\"card\">\n\t\t\t            <div class=\"card-header\" id=\"heading-5\">\n\t\t\t               <button class=\"collapsed\" type=\"button\" data-toggle=\"collapse\" data-target=\"#collapse-5\" aria-expanded=\"false\" aria-controls=\"collapse-5\">\n\t\t\t               <span>O que \u00e9 que \u00e9 mais importante para BABIDI-B\u00da?<\/span>\n\t\t\t               <\/button>\n\t\t\t            <\/div>\n\t\t\t            <div id=\"collapse-5\" class=\"collapse\" aria-labelledby=\"heading-5\" data-parent=\"#accordionFAQ\" style=\"\">\n\t\t\t               <div class=\"card-body\">\n\t\t\t                  A satisfa\u00e7\u00e3o do autor com a sua obra. Acarinhamos cada projeto como se fosse nosso. A nossa equipa de 11 especialistas ir\u00e1 aconselhar-te e acompanhar-te no decorrer do processo, tendo sempre em conta a tua opini\u00e3o. \r\n\t\t\t               <\/div>\n\t\t\t            <\/div>\n\t\t\t         <\/div>\n\t\t\t\t\t\t\t<\/div>\n\t\t\t\t<div class=\"text-center support-text\">\n\t\t\t<p>Tens mais perguntas? <a href=\"https:\/\/www.babidibulibros.com\/contacto\/\">Contacta-nos<\/a><\/p> \n\t\t<\/div>\n\t<\/div>\n\t<script type=\"application\/ld+json\">\n\t\t{\n\t    \t\"@context\": \"https:\/\/schema.org\",\n\t\t\t\"@type\": \"FAQPage\",\n\t\t\t\"mainEntity\": [\n\t\t\t\t\t\t\t\t\t{\n\t\t\t\t        \"@type\": \"Question\",\n\t\t\t\t        \"name\": \"Quem somos?\",\n\t\t\t\t        \"acceptedAnswer\": {\n\t\t\t\t        \t\"@type\": \"Answer\",\n\t\t\t\t\t\t\t\"text\": \"A BABIDI-B\u00da \u00e9 uma editora especializada em livros infantis e juvenis, atrav\u00e9s da qual \u00e9 poss\u00edvel acolher uma grande quantidade de autores com talento, mesmo que sejam novos no mundo editorial.\"\n\t\t\t\t\t\t}\n\t\t\t\t    }\n\t\t\t\t    \t\t\t\t    \n\t\t\t\t\t\t\t\t\t\t,{\n\t\t\t\t\t        \"@type\": \"Question\",\n\t\t\t\t\t        \"name\": \"Como funcionamos na hora de trabalhar?\",\n\t\t\t\t\t        \"acceptedAnswer\": {\n\t\t\t\t\t        \t\"@type\": \"Answer\",\n\t\t\t\t\t\t\t\t\"text\": \"Trabalhamos lado a lado com os autores durante todo o processo, mantendo sempre um grande respeito pelas suas ideias e decis\u00f5es, desde a rece\u00e7\u00e3o do manuscrito at\u00e9 \u00e0 sua venda. \"\n\t\t\t\t\t\t\t}\n\t\t\t\t\t    }\n\t\t\t\t    \t\t\t\t    \n\t\t\t\t\t\t\t\t\t\t,{\n\t\t\t\t\t        \"@type\": \"Question\",\n\t\t\t\t\t        \"name\": \"Porque deves escolher a BABIDI-B\u00da para publicar?\",\n\t\t\t\t\t        \"acceptedAnswer\": {\n\t\t\t\t\t        \t\"@type\": \"Answer\",\n\t\t\t\t\t\t\t\t\"text\": \"Porque a mesma te acompanhar\u00e1 durante todo o processo, desde a rece\u00e7\u00e3o da tua obra at\u00e9 \u00e0 distribui\u00e7\u00e3o da mesma. A nossa equipa de profissionais estar\u00e1 contigo em todo o momento, guiando-te durante todos os passos e processos a realizar. \r\n\r\n\"\n\t\t\t\t\t\t\t}\n\t\t\t\t\t    }\n\t\t\t\t    \t\t\t\t    \n\t\t\t\t\t\t\t\t\t\t,{\n\t\t\t\t\t        \"@type\": \"Question\",\n\t\t\t\t\t        \"name\": \"Esta forma de trabalhar tem sucesso?\",\n\t\t\t\t\t        \"acceptedAnswer\": {\n\t\t\t\t\t        \t\"@type\": \"Answer\",\n\t\t\t\t\t\t\t\t\"text\": \"Sim. Desde ent\u00e3o j\u00e1 public\u00e1mos mais de 400 livros de autores novos que continuaram a publicar connosco as suas obras seguintes. Dia ap\u00f3s dia continuamos a receber manuscritos de autores novos, que escolhem a BABIDI-B\u00da para publicar os seus livros. \"\n\t\t\t\t\t\t\t}\n\t\t\t\t\t    }\n\t\t\t\t    \t\t\t\t    \n\t\t\t\t\t\t\t\t\t\t,{\n\t\t\t\t\t        \"@type\": \"Question\",\n\t\t\t\t\t        \"name\": \"O que \u00e9 que \u00e9 mais importante para BABIDI-B\u00da?\",\n\t\t\t\t\t        \"acceptedAnswer\": {\n\t\t\t\t\t        \t\"@type\": \"Answer\",\n\t\t\t\t\t\t\t\t\"text\": \"A satisfa\u00e7\u00e3o do autor com a sua obra. Acarinhamos cada projeto como se fosse nosso. A nossa equipa de 11 especialistas ir\u00e1 aconselhar-te e acompanhar-te no decorrer do processo, tendo sempre em conta a tua opini\u00e3o. \r\n\"\n\t\t\t\t\t\t\t}\n\t\t\t\t\t    }\n\t\t\t\t    \t\t\t\t    \n\t\t\t\t\t\t\t]\n\t    }\n    <\/script>    \n<\/section>\n\n\n\n\n\n\n\n\n\n\n\n<div id=\"contact-block_383723f815780204188cc9c5ad245054\" class=\"block-contact\">\n\t<div class=\"block-contact-txt\">\n\t\t<h2>Contacta-nos<\/h2>\n\t\t<p>Liga-nos ou pede-nos que te liguemos para pedir assessoramento<\/p>\n\t<\/div>\n\t<div class=\"block-contact-items\">\n\t\t<div class=\"contact-item\">\n\t\t\t<a href=\"https:\/\/api.whatsapp.com\/send?phone=34653754771&#038;\" alt=\"Whatsapp Babidibu\" rel=\"nofollow noopener\" target=\"_blank\">\n\t\t\t\t<div class=\"contact-item-icon\">\n\t\t\t\t\t<i class=\"ri-whatsapp-line\"><\/i> \n\t\t\t\t<\/div>\n\t\t\t\t<div class=\"contact-item-txt\">\n\t\t\t\t\tWhatsApp\n\t\t\t\t<\/div>\n\t\t\t<\/a>\n\t\t<\/div>\n\t\t<div class=\"contact-item\">\n\t\t\t<a href=\"tel:+34653754771\" alt=\"Ligar para a Babidib\u00fa\">\n\t\t\t\t<div class=\"contact-item-icon\">\n\t\t\t\t\t<i class=\"ri-smartphone-line\"><\/i>\n\t\t\t\t<\/div>\n\t\t\t\t<div class=\"contact-item-txt\">\n\t\t\t\tTelefone\t\t\t\t<\/div>\n\t\t\t<\/a>\n\t\t<\/div>\n\t\t<div class=\"contact-item\">\n\t\t\t<a href=\"https:\/\/www.babidibulibros.com\/publica-con-nosotros\/\">\n\t\t\t\t<div class=\"contact-item-icon\">\n\t\t\t\t\t<i class=\"ri-file-list-3-line\"><\/i>\n\t\t\t\t<\/div>\n\t\t\t\t<div class=\"contact-item-txt\">\n\t\t\t\t\tManuscrito\t\t\t\t<\/div>\n\t\t\t<\/a>\n\t\t<\/div>\n\t<\/div>\n<\/div>","protected":false},"excerpt":{"rendered":"<p>Sabemos o qu\u00e3o dif\u00edcil \u00e9 come\u00e7ar Desde o in\u00edcio que recebemos autores sem experi\u00eancia com vontade de publicar o seu [&hellip;]<\/p>\n","protected":false},"author":2119,"featured_media":0,"parent":0,"menu_order":127,"comment_status":"closed","ping_status":"closed","template":"","meta":{"_acf_changed":false,"content-type":"","footnotes":""},"class_list":["post-54334","page","type-page","status-publish","hentry"],"acf":[],"_links":{"self":[{"href":"https:\/\/www.babidibulibros.com\/pt-pt\/wp-json\/wp\/v2\/pages\/54334","targetHints":{"allow":["GET"]}}],"collection":[{"href":"https:\/\/www.babidibulibros.com\/pt-pt\/wp-json\/wp\/v2\/pages"}],"about":[{"href":"https:\/\/www.babidibulibros.com\/pt-pt\/wp-json\/wp\/v2\/types\/page"}],"author":[{"embeddable":true,"href":"https:\/\/www.babidibulibros.com\/pt-pt\/wp-json\/wp\/v2\/users\/2119"}],"replies":[{"embeddable":true,"href":"https:\/\/www.babidibulibros.com\/pt-pt\/wp-json\/wp\/v2\/comments?post=54334"}],"version-history":[{"count":2,"href":"https:\/\/www.babidibulibros.com\/pt-pt\/wp-json\/wp\/v2\/pages\/54334\/revisions"}],"predecessor-version":[{"id":62494,"href":"https:\/\/www.babidibulibros.com\/pt-pt\/wp-json\/wp\/v2\/pages\/54334\/revisions\/62494"}],"wp:attachment":[{"href":"https:\/\/www.babidibulibros.com\/pt-pt\/wp-json\/wp\/v2\/media?parent=54334"}],"curies":[{"name":"wp","href":"https:\/\/api.w.org\/{rel}","templated":true}]}}