{"id":54348,"date":"2020-07-25T20:20:28","date_gmt":"2020-07-25T18:20:28","guid":{"rendered":"https:\/\/www.babidibulibros.com\/cuentos-infantiles-y-albumes-en-tapa-dura\/"},"modified":"2023-06-28T12:32:48","modified_gmt":"2023-06-28T10:32:48","slug":"historias-infantis-e-livros-de-capa-dura","status":"publish","type":"page","link":"https:\/\/www.babidibulibros.com\/pt-pt\/historias-infantis-e-livros-de-capa-dura\/","title":{"rendered":"Hist\u00f3rias infantis e livros de capa dura"},"content":{"rendered":"\n<div class=\"wp-block-columns are-vertically-aligned-center is-layout-flex wp-container-core-columns-is-layout-9d6595d7 wp-block-columns-is-layout-flex\">\n<div class=\"wp-block-column is-vertically-aligned-center is-layout-flow wp-block-column-is-layout-flow\">\n<h2 class=\"has-text-align-left is-style-default wp-block-heading\">Contos com capa dura, uma aposta vencedora <\/h2>\n\n\n\n<p>Os nossos <strong>contos ilustrados <\/strong>s\u00e3o cuidados durante todo o processo criativo desde a sua conce\u00e7\u00e3o. Investimos brutalmente no processo de ilustra\u00e7\u00e3o e posteriormente na maqueta\u00e7\u00e3o do texto sobre as ilustra\u00e7\u00f5es j\u00e1 finalizadas. <\/p>\n\n\n\n<p>Se queres que o teu livro ilustrado esteja exposto na montra das melhores livrarias, n\u00e3o existe outra op\u00e7\u00e3o. O livro tem que estar bem redigido, ter um desenho atrativo, transmitir uma mensagem clara e com valores impl\u00edcitos, e por fim, hoje em dia tamb\u00e9m \u00e9 fundamental que o mesmo tenha uma <a href=\"https:\/\/pt.wikipedia.org\/wiki\/Livro_de_capa_dura\" target=\"_blank\" rel=\"noreferrer noopener nofollow\"><strong>capa dura<\/strong><\/a>.<\/p>\n<\/div>\n\n\n\n<div class=\"wp-block-column is-vertically-aligned-center wp-block-column-box is-layout-flow wp-block-column-is-layout-flow\">\n<h3 class=\"wp-block-heading\">As vantagens de uma encaderna\u00e7\u00e3o de capa dura <\/h3>\n\n\n\n<ul class=\"wp-block-list\">\n<li>A capa dura \u00e9 uma aposta considerada <strong>vencedora<\/strong><\/li>\n\n\n\n<li><strong>Distingue-nos <\/strong>dos outros <\/li>\n\n\n\n<li>Na BABIDI-B\u00da somos <strong>experientes em livros de capa dura<\/strong><\/li>\n\n\n\n<li>As editoras de <strong>autopublica\u00e7\u00e3o<\/strong> n\u00e3o oferecem esta op\u00e7\u00e3o<\/li>\n\n\n\n<li>\u00c9 o <strong>formato mais escolhido<\/strong> para presentes<strong> <\/strong><\/li>\n<\/ul>\n<\/div>\n<\/div>\n\n\n\n<div class=\"wp-block-group alignfull has-background\" style=\"background-color:#f2f1f5\"><div class=\"wp-block-group__inner-container is-layout-flow wp-block-group-is-layout-flow\">\n<h2 class=\"has-text-align-center wp-block-heading\">A capa dura \u00e9 uma forma de nos distinguirmos<\/h2>\n\n\n\n<p>Derivada da nossa experi\u00eancia enquanto editores especializados em literatura infantil, apostamos profundamente na edi\u00e7\u00e3o e publica\u00e7\u00e3o dos nossos <strong>livros infantis ilustrados em capa dura<\/strong>, contando j\u00e1 com um vasto caminho na publica\u00e7\u00e3o deste tipo de livros. Por tal, recomendamos a todos os autores de livros infantis com interesse em publicar uma obra, que tenham em considera\u00e7\u00e3o a qualidade necess\u00e1ria para alcan\u00e7ar o melhor patamar de capacidade art\u00edstica, confiando neste tipo de encaderna\u00e7\u00e3o como algo \u00fanico. <\/p>\n<\/div><\/div>\n\n\n\n<div class=\"wp-block-cover alignfull is-light wp-block-no-cover-image-bottom\"><span aria-hidden=\"true\" class=\"wp-block-cover__background has-background-dim-0 has-background-dim\"><\/span><img loading=\"lazy\" decoding=\"async\" width=\"1920\" height=\"461\" class=\"wp-block-cover__image-background wp-image-64597\" alt=\"\" src=\"https:\/\/www.babidibulibros.com\/wp-content\/uploads\/2023\/06\/230628_Tapa-dura_banner.jpg\" data-object-fit=\"cover\" srcset=\"https:\/\/www.babidibulibros.com\/wp-content\/uploads\/2023\/06\/230628_Tapa-dura_banner.jpg 1920w, https:\/\/www.babidibulibros.com\/wp-content\/uploads\/2023\/06\/230628_Tapa-dura_banner-730x175.jpg 730w, https:\/\/www.babidibulibros.com\/wp-content\/uploads\/2023\/06\/230628_Tapa-dura_banner-1110x267.jpg 1110w, https:\/\/www.babidibulibros.com\/wp-content\/uploads\/2023\/06\/230628_Tapa-dura_banner-768x184.jpg 768w, https:\/\/www.babidibulibros.com\/wp-content\/uploads\/2023\/06\/230628_Tapa-dura_banner-1536x369.jpg 1536w\" sizes=\"auto, (max-width: 1920px) 100vw, 1920px\" \/><div class=\"wp-block-cover__inner-container is-layout-flow wp-block-cover-is-layout-flow\">\n<p class=\"has-text-align-center has-large-font-size\"><\/p>\n<\/div><\/div>\n\n\n\n<div class=\"wp-block-columns is-layout-flex wp-container-core-columns-is-layout-9d6595d7 wp-block-columns-is-layout-flex\">\n<div class=\"wp-block-column is-layout-flow wp-block-column-is-layout-flow\">\n<h2 class=\"wp-block-heading\">As editoras de autopublica\u00e7\u00e3o n\u00e3o oferecem esta op\u00e7\u00e3o <\/h2>\n\n\n\n<p><strong>A capa dura \u00e9 muito mais cara de produzir<\/strong> que a capa mole, e a verdade \u00e9 que as editoras de autopublica\u00e7\u00e3o ou semelhantes imprimem em prazos bastante curtos, pelo que este tipo de encaderna\u00e7\u00e3o se torna inacess\u00edvel na produ\u00e7\u00e3o dos livros que fazem a custos reduzidos.  Hoje em dia \u00e9 imposs\u00edvel produzir livros por pedido com capa dura. <\/p>\n\n\n\n<p>Na<strong>&nbsp;BABIDI-B\u00da<\/strong> n\u00e3o temos esse problema. Temos apostado tanto neste tipo de encaderna\u00e7\u00e3o que n\u00e3o temos qualquer tipo de d\u00favida de que \u00e9 a melhor op\u00e7\u00e3o no que diz respeito a livros ilustrados.<\/p>\n<\/div>\n\n\n\n<div class=\"wp-block-column is-layout-flow wp-block-column-is-layout-flow\">\n<p>Depois de v\u00e1rios anos de experi\u00eancia, de Investiga\u00e7\u00e3o e Desenvolvimento (I+D), de erros cometidos, de compreens\u00e3o, de voltar a come\u00e7ar, de procurar o melhor centro de impress\u00e3o, de falar muito com eles sobre o processo, das formas, dos prazos, dos custos&#8230; Finalmente, decidimos que a melhor via para este tipo de contos infantis era a <strong>encaderna\u00e7\u00e3o de capa dura<\/strong>. Por tal, queremos transmitir a nossa experi\u00eancia a todos os <strong>autores.<\/strong>  <\/p>\n\n\n\n<p>O nosso volume de produ\u00e7\u00e3o mensal \u00e9 t\u00e3o elevado que conseguimos estabelecer pre\u00e7os unit\u00e1rios t\u00e3o competitivos como os que praticam os grandes grupos editoriais. Assim, somos capazes de publicar estes livros com o maior n\u00edvel de qualidade, fornecendo um <strong>PVP extrememente acess\u00edvel ao leitor<\/strong>. Se produzissemos um livro maravilhoso com um pre\u00e7o mais elevado do que o de mercado, ent\u00e3o todo o nosso trabalho pr\u00e9vio n\u00e3o teria sentido.<\/p>\n<\/div>\n<\/div>\n\n\n\n<p><\/p>\n\n\n\n<h2 class=\"has-text-align-center wp-block-heading\">Ainda n\u00e3o sabes o que \u00e9 melhor para o teu livro?<\/h2>\n\n\n\n<section id=\"faq-block_f9ca3cf2d76cd752b07a0bd06d97bc7e\" class=\"section section-faqs faq\">\n\t<div class=\"container\">\n\t\t\t\t\t<div class=\"accordion\" id=\"accordionFAQ\">\n\t\t\t\t\t\t\t         <div class=\"card\">\n\t\t\t            <div class=\"card-header\" id=\"heading-1\">\n\t\t\t               <button class=\"collapsed\" type=\"button\" data-toggle=\"collapse\" data-target=\"#collapse-1\" aria-expanded=\"false\" aria-controls=\"collapse-1\">\n\t\t\t               <span>O que \u00e9 exatamente a capa dura?<\/span>\n\t\t\t               <\/button>\n\t\t\t            <\/div>\n\t\t\t            <div id=\"collapse-1\" class=\"collapse\" aria-labelledby=\"heading-1\" data-parent=\"#accordionFAQ\" style=\"\">\n\t\t\t               <div class=\"card-body\">\n\t\t\t                  \u00c9 um tipo de encaderna\u00e7\u00e3o na qual o livro \u00e9 forrado por uma capa semi rigida de cart\u00e3o, que adere \u00e0s p\u00e1ginas do livro atrav\u00e9s de cola adesiva forte ou pontos de costura. \r\n\r\nNo nosso caso, optamos por coser a capa, j\u00e1 que o resultado final fica com uma maior qualidade, evitando erros que certamente conheces: p\u00e1ginas que se separam ao longo dos anos, apar\u00eancia suja e lombada pegajosa&#8230; \r\n\r\nTalvez tamb\u00e9m conhe\u00e7as este tipo de encaderna\u00e7\u00e3o como &#8220;Hardcover&#8221;. \t\t\t               <\/div>\n\t\t\t            <\/div>\n\t\t\t         <\/div>\n\t\t\t\t\t\t\t         <div class=\"card\">\n\t\t\t            <div class=\"card-header\" id=\"heading-2\">\n\t\t\t               <button class=\"collapsed\" type=\"button\" data-toggle=\"collapse\" data-target=\"#collapse-2\" aria-expanded=\"false\" aria-controls=\"collapse-2\">\n\t\t\t               <span>Porque deves apostar num livro de capa dura?<\/span>\n\t\t\t               <\/button>\n\t\t\t            <\/div>\n\t\t\t            <div id=\"collapse-2\" class=\"collapse\" aria-labelledby=\"heading-2\" data-parent=\"#accordionFAQ\" style=\"\">\n\t\t\t               <div class=\"card-body\">\n\t\t\t                  Neste mercado t\u00e3o vasto no que diz respeito a novas publica\u00e7\u00f5es di\u00e1rias de todo o tipo, \u00e9 fundamental que te distingas, lan\u00e7ando um produto diferenciador e muito mais exclusivo. Os nossos contos infantis com capa dura s\u00e3o exatamente isso!\r\n\r\nEsta tipologia de livros \u00e9 a nossa especialidade, algo que realmente gostamos de produzir.\r\n\r\nUm conto infantil n\u00e3o \u00e9 apenas um livro adornado com ilustra\u00e7\u00f5es. Para n\u00f3s, um conto ilustrado \u00e9 uma ferramenta essencial para trabalhar com os nossos leitores os complexos aspetos que rodeiam a nossa realidade. \r\n\r\n\r\n\t\t\t               <\/div>\n\t\t\t            <\/div>\n\t\t\t         <\/div>\n\t\t\t\t\t\t\t         <div class=\"card\">\n\t\t\t            <div class=\"card-header\" id=\"heading-3\">\n\t\t\t               <button class=\"collapsed\" type=\"button\" data-toggle=\"collapse\" data-target=\"#collapse-3\" aria-expanded=\"false\" aria-controls=\"collapse-3\">\n\t\t\t               <span>Porque \u00e9 que \u00e9 t\u00e3o importante escolher a capa de um livro infantil?<\/span>\n\t\t\t               <\/button>\n\t\t\t            <\/div>\n\t\t\t            <div id=\"collapse-3\" class=\"collapse\" aria-labelledby=\"heading-3\" data-parent=\"#accordionFAQ\" style=\"\">\n\t\t\t               <div class=\"card-body\">\n\t\t\t                  Porque \u00e9 um elemento que destingue o livro da concorr\u00eancia. Um livro de capa dura ter\u00e1 um aspeto mais profissional do que um livro com uma capa mole, fornecendo uma maior qualidade ao livro infantil, pelo que \u00e9 a op\u00e7\u00e3o que mais recomendamos.  \r\n\t\t\t               <\/div>\n\t\t\t            <\/div>\n\t\t\t         <\/div>\n\t\t\t\t\t\t\t         <div class=\"card\">\n\t\t\t            <div class=\"card-header\" id=\"heading-4\">\n\t\t\t               <button class=\"collapsed\" type=\"button\" data-toggle=\"collapse\" data-target=\"#collapse-4\" aria-expanded=\"false\" aria-controls=\"collapse-4\">\n\t\t\t               <span>A capa dura incomoda os pequenos leitores?<\/span>\n\t\t\t               <\/button>\n\t\t\t            <\/div>\n\t\t\t            <div id=\"collapse-4\" class=\"collapse\" aria-labelledby=\"heading-4\" data-parent=\"#accordionFAQ\" style=\"\">\n\t\t\t               <div class=\"card-body\">\n\t\t\t                  Ap\u00f3s v\u00e1rios anos de experi\u00eancia conseguimos perceber o que realmente funciona com os nossos pequenos leitores. \r\n\r\nContamos com extens\u00f5es e formatos espec\u00edficos para que os livros n\u00e3o se tornem pesados nem inc\u00f3modos&#8230; e para que, ao mesmo tempo, tenham resist\u00eancia para que as obras dos nossos autores possam viajar entre v\u00e1rias gera\u00e7\u00f5es. \r\n\t\t\t               <\/div>\n\t\t\t            <\/div>\n\t\t\t         <\/div>\n\t\t\t\t\t\t\t<\/div>\n\t\t\t\t<div class=\"text-center support-text\">\n\t\t\t<p>Tens mais perguntas? <a href=\"https:\/\/www.babidibulibros.com\/contacto\/\">Contacta-nos<\/a><\/p> \n\t\t<\/div>\n\t<\/div>\n\t<script type=\"application\/ld+json\">\n\t\t{\n\t    \t\"@context\": \"https:\/\/schema.org\",\n\t\t\t\"@type\": \"FAQPage\",\n\t\t\t\"mainEntity\": [\n\t\t\t\t\t\t\t\t\t{\n\t\t\t\t        \"@type\": \"Question\",\n\t\t\t\t        \"name\": \"O que \u00e9 exatamente a capa dura?\",\n\t\t\t\t        \"acceptedAnswer\": {\n\t\t\t\t        \t\"@type\": \"Answer\",\n\t\t\t\t\t\t\t\"text\": \"\u00c9 um tipo de encaderna\u00e7\u00e3o na qual o livro \u00e9 forrado por uma capa semi rigida de cart\u00e3o, que adere \u00e0s p\u00e1ginas do livro atrav\u00e9s de cola adesiva forte ou pontos de costura. \r\n\r\nNo nosso caso, optamos por coser a capa, j\u00e1 que o resultado final fica com uma maior qualidade, evitando erros que certamente conheces: p\u00e1ginas que se separam ao longo dos anos, apar\u00eancia suja e lombada pegajosa... \r\n\r\nTalvez tamb\u00e9m conhe\u00e7as este tipo de encaderna\u00e7\u00e3o como \"Hardcover\". \"\n\t\t\t\t\t\t}\n\t\t\t\t    }\n\t\t\t\t    \t\t\t\t    \n\t\t\t\t\t\t\t\t\t\t,{\n\t\t\t\t\t        \"@type\": \"Question\",\n\t\t\t\t\t        \"name\": \"Porque deves apostar num livro de capa dura?\",\n\t\t\t\t\t        \"acceptedAnswer\": {\n\t\t\t\t\t        \t\"@type\": \"Answer\",\n\t\t\t\t\t\t\t\t\"text\": \"Neste mercado t\u00e3o vasto no que diz respeito a novas publica\u00e7\u00f5es di\u00e1rias de todo o tipo, \u00e9 fundamental que te distingas, lan\u00e7ando um produto diferenciador e muito mais exclusivo. Os nossos contos infantis com capa dura s\u00e3o exatamente isso!\r\n\r\nEsta tipologia de livros \u00e9 a nossa especialidade, algo que realmente gostamos de produzir.\r\n\r\nUm conto infantil n\u00e3o \u00e9 apenas um livro adornado com ilustra\u00e7\u00f5es. Para n\u00f3s, um conto ilustrado \u00e9 uma ferramenta essencial para trabalhar com os nossos leitores os complexos aspetos que rodeiam a nossa realidade. \r\n\r\n\r\n\"\n\t\t\t\t\t\t\t}\n\t\t\t\t\t    }\n\t\t\t\t    \t\t\t\t    \n\t\t\t\t\t\t\t\t\t\t,{\n\t\t\t\t\t        \"@type\": \"Question\",\n\t\t\t\t\t        \"name\": \"Porque \u00e9 que \u00e9 t\u00e3o importante escolher a capa de um livro infantil?\",\n\t\t\t\t\t        \"acceptedAnswer\": {\n\t\t\t\t\t        \t\"@type\": \"Answer\",\n\t\t\t\t\t\t\t\t\"text\": \"Porque \u00e9 um elemento que destingue o livro da concorr\u00eancia. Um livro de capa dura ter\u00e1 um aspeto mais profissional do que um livro com uma capa mole, fornecendo uma maior qualidade ao livro infantil, pelo que \u00e9 a op\u00e7\u00e3o que mais recomendamos.  \r\n\"\n\t\t\t\t\t\t\t}\n\t\t\t\t\t    }\n\t\t\t\t    \t\t\t\t    \n\t\t\t\t\t\t\t\t\t\t,{\n\t\t\t\t\t        \"@type\": \"Question\",\n\t\t\t\t\t        \"name\": \"A capa dura incomoda os pequenos leitores?\",\n\t\t\t\t\t        \"acceptedAnswer\": {\n\t\t\t\t\t        \t\"@type\": \"Answer\",\n\t\t\t\t\t\t\t\t\"text\": \"Ap\u00f3s v\u00e1rios anos de experi\u00eancia conseguimos perceber o que realmente funciona com os nossos pequenos leitores. \r\n\r\nContamos com extens\u00f5es e formatos espec\u00edficos para que os livros n\u00e3o se tornem pesados nem inc\u00f3modos... e para que, ao mesmo tempo, tenham resist\u00eancia para que as obras dos nossos autores possam viajar entre v\u00e1rias gera\u00e7\u00f5es. \r\n\"\n\t\t\t\t\t\t\t}\n\t\t\t\t\t    }\n\t\t\t\t    \t\t\t\t    \n\t\t\t\t\t\t\t]\n\t    }\n    <\/script>    \n<\/section>\n\n\n\n\n\n\n\n\n\n\n\n<div id=\"contact-block_31d9d86266f0e8627b53862898653e36\" class=\"block-contact\">\n\t<div class=\"block-contact-txt\">\n\t\t<h2>Contacta-nos<\/h2>\n\t\t<p>Liga-nos ou pede-nos que te liguemos para pedir assessoramento<\/p>\n\t<\/div>\n\t<div class=\"block-contact-items\">\n\t\t<div class=\"contact-item\">\n\t\t\t<a href=\"https:\/\/api.whatsapp.com\/send?phone=34653754771&#038;\" alt=\"Whatsapp Babidibu\" rel=\"nofollow noopener\" target=\"_blank\">\n\t\t\t\t<div class=\"contact-item-icon\">\n\t\t\t\t\t<i class=\"ri-whatsapp-line\"><\/i> \n\t\t\t\t<\/div>\n\t\t\t\t<div class=\"contact-item-txt\">\n\t\t\t\t\tWhatsApp\n\t\t\t\t<\/div>\n\t\t\t<\/a>\n\t\t<\/div>\n\t\t<div class=\"contact-item\">\n\t\t\t<a href=\"tel:+34653754771\" alt=\"Ligar para a Babidib\u00fa\">\n\t\t\t\t<div class=\"contact-item-icon\">\n\t\t\t\t\t<i class=\"ri-smartphone-line\"><\/i>\n\t\t\t\t<\/div>\n\t\t\t\t<div class=\"contact-item-txt\">\n\t\t\t\tTelefone\t\t\t\t<\/div>\n\t\t\t<\/a>\n\t\t<\/div>\n\t\t<div class=\"contact-item\">\n\t\t\t<a href=\"https:\/\/www.babidibulibros.com\/publica-con-nosotros\/\">\n\t\t\t\t<div class=\"contact-item-icon\">\n\t\t\t\t\t<i class=\"ri-file-list-3-line\"><\/i>\n\t\t\t\t<\/div>\n\t\t\t\t<div class=\"contact-item-txt\">\n\t\t\t\t\tManuscrito\t\t\t\t<\/div>\n\t\t\t<\/a>\n\t\t<\/div>\n\t<\/div>\n<\/div>","protected":false},"excerpt":{"rendered":"<p>Contos com capa dura, uma aposta vencedora Os nossos contos ilustrados s\u00e3o cuidados durante todo o processo criativo desde a [&hellip;]<\/p>\n","protected":false},"author":3,"featured_media":0,"parent":0,"menu_order":107,"comment_status":"closed","ping_status":"closed","template":"","meta":{"_acf_changed":false,"content-type":"","footnotes":""},"class_list":["post-54348","page","type-page","status-publish","hentry"],"acf":[],"_links":{"self":[{"href":"https:\/\/www.babidibulibros.com\/pt-pt\/wp-json\/wp\/v2\/pages\/54348","targetHints":{"allow":["GET"]}}],"collection":[{"href":"https:\/\/www.babidibulibros.com\/pt-pt\/wp-json\/wp\/v2\/pages"}],"about":[{"href":"https:\/\/www.babidibulibros.com\/pt-pt\/wp-json\/wp\/v2\/types\/page"}],"author":[{"embeddable":true,"href":"https:\/\/www.babidibulibros.com\/pt-pt\/wp-json\/wp\/v2\/users\/3"}],"replies":[{"embeddable":true,"href":"https:\/\/www.babidibulibros.com\/pt-pt\/wp-json\/wp\/v2\/comments?post=54348"}],"version-history":[{"count":3,"href":"https:\/\/www.babidibulibros.com\/pt-pt\/wp-json\/wp\/v2\/pages\/54348\/revisions"}],"predecessor-version":[{"id":64602,"href":"https:\/\/www.babidibulibros.com\/pt-pt\/wp-json\/wp\/v2\/pages\/54348\/revisions\/64602"}],"wp:attachment":[{"href":"https:\/\/www.babidibulibros.com\/pt-pt\/wp-json\/wp\/v2\/media?parent=54348"}],"curies":[{"name":"wp","href":"https:\/\/api.w.org\/{rel}","templated":true}]}}