{"id":54350,"date":"2020-07-25T20:22:08","date_gmt":"2020-07-25T18:22:08","guid":{"rendered":"https:\/\/www.babidibulibros.com\/por-que-somos-la-mejor-editorial-infantil-y-juvenil\/"},"modified":"2025-01-17T11:23:57","modified_gmt":"2025-01-17T10:23:57","slug":"porque-somos-a-melhor-editora-para-criancas-e-jovens","status":"publish","type":"page","link":"https:\/\/www.babidibulibros.com\/pt-pt\/porque-somos-a-melhor-editora-para-criancas-e-jovens\/","title":{"rendered":"Porque somos a melhor editora para crian\u00e7as e jovens"},"content":{"rendered":"\n<div class=\"wp-block-group\"><div class=\"wp-block-group__inner-container is-layout-flow wp-block-group-is-layout-flow\">\n<h2 class=\"wp-block-heading has-text-align-center is-style-heading-group\">A Nossa Miss\u00e3o<\/h2>\n\n\n\n<h3 class=\"wp-block-heading has-text-align-center is-style-heading-group has-large-font-size\">\u201cVender livros, publicar sonhos\u201d<\/h3>\n\n\n\n<p>O nosso objetivo principal \u00e9 prestar um servi\u00e7o \u00e0 sociedade que tem a necessidade de se exprimir atrav\u00e9s da publica\u00e7\u00e3o dos seus conte\u00fados&#8230; ou sonhos. Ao mesmo tempo, assumimos um compromisso cultural e educativo com os nossos filhos (a sociedade do futuro), aos quais fornecemos livros que os ajudam a disfrutar da leitura e a aprender valores impl\u00edcitos e humanos que contribuem para que sejam pessoas melhores.<\/p>\n\n\n\n<h2 class=\"wp-block-heading has-text-align-center is-style-heading-group\">A nossa cultura empresarial<\/h2>\n\n\n\n<p class=\"has-text-align-center\">Como definimos a nossa cultura empresarial? Com a palavra \u201c<strong>servi\u00e7o<\/strong>\u201d.<br>Como nos distinguimos entre as dezenas de editoras&nbsp;infantis que&nbsp;existem na Espanha? Com um <strong>servi\u00e7o e uma qualidade melhor que as restantes. <\/strong>\u00c9 a\u00ed que entram as <strong>pessoas<\/strong>: se temos escrit\u00f3rios parecidos, se temos softwares parecidos, se trabalhamos com os mesmos centros de impress\u00e3o, se utilizamos os mesmos pap\u00e9is e se vivemos num mundo globalizado parecido, a gest\u00e3o das pessoas, a &#8220;nossa equipa&#8221;, \u00e9 o que marca a diferen\u00e7a.<\/p>\n\n\n\n<h2 class=\"wp-block-heading has-text-align-center\">Para onde vamos<\/h2>\n\n\n\n<p class=\"has-text-align-center\">Somos uma equipa <strong>din\u00e2mica, proativa e unida<\/strong>, e sabemos que o<strong> melhor ainda est\u00e1 por chegar<\/strong>. Damos, todos os dias, o nosso melhor para que o nosso <strong>projeto empresarial <\/strong>continue a crescer. Sentimos-nos <strong>livres e comprometidos<\/strong> com o caminho emocionante para o qual nos dirigimos. Nos \u00faltimos anos, o crescimento empresarial e pessoal de cada um dos membros da equipa tem sido o que nos mant\u00e9m motivados. N\u00e3o nos acomodamos, estamos cheios de projetos que queremos compartilhar com os nossos autores.<\/p>\n\n\n\n<figure class=\"wp-block-image size-large\"><img loading=\"lazy\" decoding=\"async\" width=\"1110\" height=\"596\" src=\"https:\/\/www.babidibulibros.com\/wp-content\/uploads\/2024\/10\/6.-la-mejor-editorial-infantil-y-juvenil_small-1110x596.jpg\" alt=\"\" class=\"wp-image-78807\" srcset=\"https:\/\/www.babidibulibros.com\/wp-content\/uploads\/2024\/10\/6.-la-mejor-editorial-infantil-y-juvenil_small-1110x596.jpg 1110w, https:\/\/www.babidibulibros.com\/wp-content\/uploads\/2024\/10\/6.-la-mejor-editorial-infantil-y-juvenil_small-559x300.jpg 559w, https:\/\/www.babidibulibros.com\/wp-content\/uploads\/2024\/10\/6.-la-mejor-editorial-infantil-y-juvenil_small-768x412.jpg 768w, https:\/\/www.babidibulibros.com\/wp-content\/uploads\/2024\/10\/6.-la-mejor-editorial-infantil-y-juvenil_small-1536x824.jpg 1536w, https:\/\/www.babidibulibros.com\/wp-content\/uploads\/2024\/10\/6.-la-mejor-editorial-infantil-y-juvenil_small.jpg 1780w\" sizes=\"auto, (max-width: 1110px) 100vw, 1110px\" \/><\/figure>\n\n\n\n<div id=\"reviews-block_23d6660896300974f35143c0fccbdd91\" class=\"block-reviews reviews\">\n\t\t\t<div class=\"slick-carousel-reviews\">\n\t\t\t\t\t        <div class=\"review-item\">\n\t\t\t    \t<img decoding=\"async\" class=\"reviews-author-image\" src=\"https:\/\/www.babidibulibros.com\/wp-content\/uploads\/2021\/02\/eresmama_edit-1.png\" \/>\n\t                <blockquote>\n\t\t\t\t\t\t<p>Eresmam\u00e1, situa-nos em 2\u00ba lugar entre as 8 editoras imprescind\u00edveis.\r\n\r\n<\/p>\n\t\t\t\t\t\t<cite><span class=\"reviews-author-name\">Eresmam\u00e1<\/span><br>Revista especializada para m\u00e3es\u00a0<\/cite>\n\t\t          \t<\/blockquote>\n\t\t\t\t<\/div>\n\t\t\t\t\t        <div class=\"review-item\">\n\t\t\t    \t<img decoding=\"async\" class=\"reviews-author-image\" src=\"https:\/\/www.babidibulibros.com\/wp-content\/uploads\/2021\/02\/Julianmarquina_edit-1.png\" \/>\n\t                <blockquote>\n\t\t\t\t\t\t<p>O prestigiado blog de literatura infantil de Juli\u00e1n Marquina recomenda-nos como uma das 24 editoras especializadas em literatura infantil a ter (muito) em conta<\/p>\n\t\t\t\t\t\t<cite><span class=\"reviews-author-name\">Juli\u00e1n Marquina<\/span><br>Blog especializado em literatura<\/cite>\n\t\t          \t<\/blockquote>\n\t\t\t\t<\/div>\n\t\t\t\t\t        <div class=\"review-item\">\n\t\t\t    \t<img decoding=\"async\" class=\"reviews-author-image\" src=\"https:\/\/www.babidibulibros.com\/wp-content\/uploads\/2021\/02\/Saposyprincesas_edit-1.png\" \/>\n\t                <blockquote>\n\t\t\t\t\t\t<p>O di\u00e1rio \u201cEl Mundo\u201d, atrav\u00e9s do seu suplemento infantil, Sapos e Princesas, aponta-nos como a &#8220;editora independente que revoluciona a literatura infantil&#8221;.<\/p>\n\t\t\t\t\t\t<cite><span class=\"reviews-author-name\">Sapos e Princesas<\/span><br>Suplemento infantil do di\u00e1rio \u201cEl Mundo\u201d<\/cite>\n\t\t          \t<\/blockquote>\n\t\t\t\t<\/div>\n\t\t\t\t\t        <div class=\"review-item\">\n\t\t\t    \t<img decoding=\"async\" class=\"reviews-author-image\" src=\"https:\/\/www.babidibulibros.com\/wp-content\/uploads\/2021\/02\/bibliotecasdelacomunidademadrid_edit.png\" \/>\n\t                <blockquote>\n\t\t\t\t\t\t<p>Os nossos livros s\u00e3o selecionados todos os anos pela Amostra de livros infantis e juvenis da Comunidade de Madrid, proporcionando a sua visibilidade em todas as bibliotecas e centros escolares da comunidade.<\/p>\n\t\t\t\t\t\t<cite><span class=\"reviews-author-name\">Bibliotecas da Comunidade de Madrid<\/span><br><\/cite>\n\t\t          \t<\/blockquote>\n\t\t\t\t<\/div>\n\t\t\t\t\t        <div class=\"review-item\">\n\t\t\t    \t<img decoding=\"async\" class=\"reviews-author-image\" src=\"https:\/\/www.babidibulibros.com\/wp-content\/uploads\/2021\/02\/Bibliotecaspubicasmunicipalesdemadrid_edit-1.png\" \/>\n\t                <blockquote>\n\t\t\t\t\t\t<p>Somos uma editora recomendada pela Dire\u00e7\u00e3o Geral do Patrim\u00f3nio Cultural e as nossas obras encontram-se dispon\u00edveis na Biblioteca Nacional de Espanha.<\/p>\n\t\t\t\t\t\t<cite><span class=\"reviews-author-name\">Dire\u00e7\u00e3o Geral do Patrim\u00f3nio Cultural<\/span><br><\/cite>\n\t\t          \t<\/blockquote>\n\t\t\t\t<\/div>\n\t\t\t\t\t        <div class=\"review-item\">\n\t\t\t    \t<img decoding=\"async\" class=\"reviews-author-image\" src=\"https:\/\/www.babidibulibros.com\/wp-content\/uploads\/2021\/04\/Editoriales-infantiles.png\" \/>\n\t                <blockquote>\n\t\t\t\t\t\t<p>O blog \u201cEditoriales Infantiles\u201d nomeia-nos como uma das melhores editoras do setor.<\/p>\n\t\t\t\t\t\t<cite><span class=\"reviews-author-name\">Editoriales Infantiles<\/span><br>Blog especializado em editoras infantis<\/cite>\n\t\t          \t<\/blockquote>\n\t\t\t\t<\/div>\n\t\t\t\t\t<\/div>\n\t<\/div>\n\n\n\n\n\n\n<\/div><\/div>\n\n\n\n<h2 class=\"wp-block-heading is-style-heading-group\">Os nossos valores<\/h2>\n\n\n\n<p class=\"has-text-align-center\"><\/p>\n\n\n\n<div class=\"wp-block-columns is-layout-flex wp-container-core-columns-is-layout-9d6595d7 wp-block-columns-is-layout-flex\">\n<div class=\"wp-block-column is-layout-flow wp-block-column-is-layout-flow\">\n<h3 class=\"wp-block-heading\">Anos de experi\u00eancia<\/h3>\n\n\n\n<p>Contamos com mais de 10 anos de profissionalismo e experi\u00eancia no mercado editorial, no qual j\u00e1 public\u00e1mos mais de 400 livros com autores de todas as partes do mundo. <\/p>\n\n\n\n<h3 class=\"wp-block-heading\">Trabalho educativo<\/h3>\n\n\n\n<p>Os nossos livros s\u00e3o selecionados como material curricular aprovado em v\u00e1rios centros do territ\u00f3rio espanhol. Estamos tamb\u00e9m focados na inclus\u00e3o de outros idiomas no nosso cat\u00e1logo, permitindo aos leitores que tenham acesso a outras l\u00ednguas.<\/p>\n\n\n\n<h3 class=\"wp-block-heading\">Prest\u00edgio reconhecido<\/h3>\n\n\n\n<p>A editora conta com o reconhecimento do Minist\u00e9rio da Cultura e do Concelho de Educa\u00e7\u00e3o da Junta de Andaluzia. Al\u00e9m disso, as nossas obras preenchem as bibliotecas p\u00fablicas de toda a Espanha. <\/p>\n<\/div>\n\n\n\n<div class=\"wp-block-column is-layout-flow wp-block-column-is-layout-flow\">\n<h3 class=\"wp-block-heading\">Edi\u00e7\u00f5es de qualidade<\/h3>\n\n\n\n<p>Cada detalhe \u00e9 importante para n\u00f3s. Faremos com que a tua obra n\u00e3o seja apenas mais um livro no mercado. Vamos fazer a diferen\u00e7a! Somos especialistas em livros de capa dura.<\/p>\n\n\n\n<h3 class=\"wp-block-heading\">A melhor rede de distribui\u00e7\u00e3o<\/h3>\n\n\n\n<p>Gra\u00e7as ao nosso distribuidor, o teu livro estar\u00e1 exposto nas livrarias mais importantes do pa\u00eds: Amazon, Fnac, El Corte Ingl\u00e9s, Casa do Livro&#8230; Al\u00e9m disso, tamb\u00e9m teremos a oportunidade de participar em concursos na Am\u00e9rica Latina e nos EUA. <\/p>\n\n\n\n<h3 class=\"wp-block-heading\">Tratamento direto e de proximidade<\/h3>\n\n\n\n<p>Damos-te a m\u00e3o e guiamos-te durante todo o processo, pois sabemos que os primeiros passos nunca s\u00e3o f\u00e1ceis. Podes falar connosco a qualquer momento para discutires tudo o que precisares. <\/p>\n<\/div>\n<\/div>\n\n\n\n<div class=\"wp-block-group\"><div class=\"wp-block-group__inner-container is-layout-flow wp-block-group-is-layout-flow\">\n<div class=\"wp-block-group\"><div class=\"wp-block-group__inner-container is-layout-flow wp-block-group-is-layout-flow\">\n<p><\/p>\n<\/div><\/div>\n<\/div><\/div>\n\n\n\n<h2 class=\"wp-block-heading is-style-heading-group\">\u00c9 assim que fazemos <\/h2>\n\n\n\n<p>O nosso processo de trabalho explicado por etapas<\/p>\n\n\n\n<div class=\"wp-block-columns is-layout-flex wp-container-core-columns-is-layout-9d6595d7 wp-block-columns-is-layout-flex\">\n<div class=\"wp-block-column is-layout-flow wp-block-column-is-layout-flow\">\n<ul class=\"wp-block-list\">\n<li>&#8211; Recebemos cerca de <strong>20 manuscritos por dia para serem avaliados.<\/strong><\/li>\n\n\n\n<li>&#8211; <strong>Lemos todos e selecionamos<\/strong> os mais interessantes. <\/li>\n\n\n\n<li>&#8211; Os sortudos <strong>s\u00e3o ilustrados, caso seja necess\u00e1rio.<\/strong> Contamos com uma rede de ilustradores de primeiro n\u00edvel.<\/li>\n\n\n\n<li>&#8211; Os textos <strong>s\u00e3o submetidos a um processo de corre\u00e7\u00e3o. <\/strong><\/li>\n\n\n\n<li>&#8211; As capas do livro s\u00e3o desenhadas e maquetadas. <\/li>\n\n\n\n<li>&#8211; Este processo ocorre sempre com<strong> comunica\u00e7\u00e3o cont\u00ednua e consenso com o autor.<\/strong><\/li>\n\n\n\n<li>&#8211; A arte da <strong>impress\u00e3o final \u00e9 validada<\/strong> antes da obra seguir para a imprensa. <\/li>\n<\/ul>\n<\/div>\n\n\n\n<div class=\"wp-block-column is-layout-flow wp-block-column-is-layout-flow\">\n<ul class=\"wp-block-list\">\n<li>&#8211; <strong>A data de lan\u00e7amento \u00e9 decidida<\/strong> e o distribuidor \u00e9 informado. O livro \u00e9 disponibilizado no site da UDL Livros e assim chega a todas as plataformas online: Amazon, Casa do Livro, Fnac, El Corte Ingl\u00e9s&#8230;<\/li>\n\n\n\n<li>&#8211; <strong>Acordamos datas e apresenta\u00e7\u00f5es<\/strong> com os autores e as livrarias.<\/li>\n\n\n\n<li>&#8211; <strong>Come\u00e7amos a promover os livros<\/strong>.<\/li>\n\n\n\n<li>&#8211; Os nossos livros transmitem <strong>valores impl\u00edcitos.<\/strong> Dispomos de cole\u00e7\u00f5es imprescind\u00edveis tais como: O OLHAR DE DANIEL, que fornece ferramentas para trabalhar a intelig\u00eancia emocional. Tamb\u00e9m temos a V\u00caS-ME, que sob a forma de hist\u00f3rias abrange temas como a diversidade e a inclus\u00e3o social.<\/li>\n<\/ul>\n<\/div>\n<\/div>\n\n\n\n<div id=\"contact-block_b9b23e2b9763cf186475f51da05b916a\" class=\"block-contact\">\n\t<div class=\"block-contact-txt\">\n\t\t<h2>Contacta-nos<\/h2>\n\t\t<p>Liga-nos ou pede-nos que te liguemos para pedir assessoramento<\/p>\n\t<\/div>\n\t<div class=\"block-contact-items\">\n\t\t<div class=\"contact-item\">\n\t\t\t<a href=\"https:\/\/api.whatsapp.com\/send?phone=34653754771&#038;\" alt=\"Whatsapp Babidibu\" rel=\"nofollow noopener\" target=\"_blank\">\n\t\t\t\t<div class=\"contact-item-icon\">\n\t\t\t\t\t<i class=\"ri-whatsapp-line\"><\/i> \n\t\t\t\t<\/div>\n\t\t\t\t<div class=\"contact-item-txt\">\n\t\t\t\t\tWhatsApp\n\t\t\t\t<\/div>\n\t\t\t<\/a>\n\t\t<\/div>\n\t\t<div class=\"contact-item\">\n\t\t\t<a href=\"tel:+34653754771\" alt=\"Ligar para a Babidib\u00fa\">\n\t\t\t\t<div class=\"contact-item-icon\">\n\t\t\t\t\t<i class=\"ri-smartphone-line\"><\/i>\n\t\t\t\t<\/div>\n\t\t\t\t<div class=\"contact-item-txt\">\n\t\t\t\tTelefone\t\t\t\t<\/div>\n\t\t\t<\/a>\n\t\t<\/div>\n\t\t<div class=\"contact-item\">\n\t\t\t<a href=\"https:\/\/www.babidibulibros.com\/publica-con-nosotros\/\">\n\t\t\t\t<div class=\"contact-item-icon\">\n\t\t\t\t\t<i class=\"ri-file-list-3-line\"><\/i>\n\t\t\t\t<\/div>\n\t\t\t\t<div class=\"contact-item-txt\">\n\t\t\t\t\tManuscrito\t\t\t\t<\/div>\n\t\t\t<\/a>\n\t\t<\/div>\n\t<\/div>\n<\/div>\n\n\n<p><\/p>\n","protected":false},"excerpt":{"rendered":"<p>A Nossa Miss\u00e3o \u201cVender livros, publicar sonhos\u201d O nosso objetivo principal \u00e9 prestar um servi\u00e7o \u00e0 sociedade que tem a [&hellip;]<\/p>\n","protected":false},"author":3,"featured_media":0,"parent":0,"menu_order":102,"comment_status":"closed","ping_status":"closed","template":"","meta":{"_acf_changed":false,"content-type":"","footnotes":""},"class_list":["post-54350","page","type-page","status-publish","hentry"],"acf":[],"_links":{"self":[{"href":"https:\/\/www.babidibulibros.com\/pt-pt\/wp-json\/wp\/v2\/pages\/54350","targetHints":{"allow":["GET"]}}],"collection":[{"href":"https:\/\/www.babidibulibros.com\/pt-pt\/wp-json\/wp\/v2\/pages"}],"about":[{"href":"https:\/\/www.babidibulibros.com\/pt-pt\/wp-json\/wp\/v2\/types\/page"}],"author":[{"embeddable":true,"href":"https:\/\/www.babidibulibros.com\/pt-pt\/wp-json\/wp\/v2\/users\/3"}],"replies":[{"embeddable":true,"href":"https:\/\/www.babidibulibros.com\/pt-pt\/wp-json\/wp\/v2\/comments?post=54350"}],"version-history":[{"count":2,"href":"https:\/\/www.babidibulibros.com\/pt-pt\/wp-json\/wp\/v2\/pages\/54350\/revisions"}],"predecessor-version":[{"id":80709,"href":"https:\/\/www.babidibulibros.com\/pt-pt\/wp-json\/wp\/v2\/pages\/54350\/revisions\/80709"}],"wp:attachment":[{"href":"https:\/\/www.babidibulibros.com\/pt-pt\/wp-json\/wp\/v2\/media?parent=54350"}],"curies":[{"name":"wp","href":"https:\/\/api.w.org\/{rel}","templated":true}]}}