{"id":54424,"date":"2020-11-18T13:14:31","date_gmt":"2020-11-18T12:14:31","guid":{"rendered":"https:\/\/www.babidibulibros.com\/materiales-para-promocionar-tu-libro\/"},"modified":"2023-04-12T11:38:05","modified_gmt":"2023-04-12T09:38:05","slug":"materiais-para-promover-o-teu-livro","status":"publish","type":"page","link":"https:\/\/www.babidibulibros.com\/pt-pt\/materiais-para-promover-o-teu-livro\/","title":{"rendered":"Materiais para promover o teu livro"},"content":{"rendered":"\n<div class=\"wp-block-group\"><div class=\"wp-block-group__inner-container is-layout-flow wp-block-group-is-layout-flow\">\n<div class=\"wp-block-media-text is-stacked-on-mobile is-vertically-aligned-center\" style=\"grid-template-columns:37% auto\"><figure class=\"wp-block-media-text__media\"><img loading=\"lazy\" decoding=\"async\" width=\"500\" height=\"486\" src=\"https:\/\/www.babidibulibros.com\/wp-content\/uploads\/2023\/03\/230307_Material-promocional_IT_Taza-7.png\" alt=\"\" class=\"wp-image-58077 size-full\" srcset=\"https:\/\/www.babidibulibros.com\/wp-content\/uploads\/2023\/03\/230307_Material-promocional_IT_Taza-7.png 500w, https:\/\/www.babidibulibros.com\/wp-content\/uploads\/2023\/03\/230307_Material-promocional_IT_Taza-7-309x300.png 309w\" sizes=\"auto, (max-width: 500px) 100vw, 500px\" \/><\/figure><div class=\"wp-block-media-text__content\">\n<h2 class=\"wp-block-heading\">Canecas personalizadas<\/h2>\n\n\n\n<p class=\"has-text-align-left\">Gostavas de beber um caf\u00e9 ou um chocolate quente numa caneca com a estampa da capa do teu livro? Com a BABIDI-B\u00da podes faz\u00e9-lo!<\/p>\n\n\n\n<p class=\"has-text-align-left\">Podes oferec\u00ea-las aos teus entes querido, criar promo\u00e7\u00f5es de venda juntamente com a tua obra, utiliz\u00e1-la como lembran\u00e7a nas apresenta\u00e7\u00f5es que fa\u00e7as&#8230;<\/p>\n\n\n\n<p>Consulta os pre\u00e7os unit\u00e1rios ou por lote junto da tua editora.&nbsp;<\/p>\n<\/div><\/div>\n<\/div><\/div>\n\n\n\n<div class=\"wp-block-media-text is-stacked-on-mobile is-vertically-aligned-center is-image-fill\" style=\"grid-template-columns:36% auto\"><figure class=\"wp-block-media-text__media\" style=\"background-image:url(https:\/\/www.babidibulibros.com\/wp-content\/uploads\/2023\/03\/230330_AnikaRollup_Materiales.png);background-position:50% 50%\"><img loading=\"lazy\" decoding=\"async\" width=\"749\" height=\"728\" src=\"https:\/\/www.babidibulibros.com\/wp-content\/uploads\/2023\/03\/230330_AnikaRollup_Materiales.png\" alt=\"\" class=\"wp-image-60000 size-full\" srcset=\"https:\/\/www.babidibulibros.com\/wp-content\/uploads\/2023\/03\/230330_AnikaRollup_Materiales.png 749w, https:\/\/www.babidibulibros.com\/wp-content\/uploads\/2023\/03\/230330_AnikaRollup_Materiales-309x300.png 309w\" sizes=\"auto, (max-width: 749px) 100vw, 749px\" \/><\/figure><div class=\"wp-block-media-text__content\">\n<h2 class=\"wp-block-heading\">Cartazes personalizados<\/h2>\n\n\n\n<p>O cartaz personalizado \u00e9 um elemento promocional imprescend\u00edvel para qualquer confer\u00eancia ou apresenta\u00e7\u00e3o.&nbsp;<\/p>\n<p>Devido \u00e0 sua facilidade de transporte e \u00e0 sua flexibilidade criativa sem d\u00favida que o mesmo se adaptar\u00e1 perfeitamente \u00e0s tuas necessidades. Contando uma hist\u00f3ria coerente que tornar\u00e1 a tua comunica\u00e7\u00e3o mais atrativa, refor\u00e7ando e personalizando qualquer evento p\u00fablico. Poder\u00e1s escolher o desenho que quiseres, utilizando elementos da tua capa ou do interior do teu livro.&nbsp;<\/p>\n<p>Consulta o pre\u00e7o junto da tua editora.<\/p>\n<\/div><\/div>\n\n\n\n<div class=\"wp-block-media-text is-stacked-on-mobile\" style=\"grid-template-columns:36% auto\"><figure class=\"wp-block-media-text__media\"><img loading=\"lazy\" decoding=\"async\" width=\"749\" height=\"728\" src=\"https:\/\/www.babidibulibros.com\/wp-content\/uploads\/2023\/03\/230330_Conociendo-mis-emociones-cuaderno_Materiales.png\" alt=\"\" class=\"wp-image-60006 size-full\" srcset=\"https:\/\/www.babidibulibros.com\/wp-content\/uploads\/2023\/03\/230330_Conociendo-mis-emociones-cuaderno_Materiales.png 749w, https:\/\/www.babidibulibros.com\/wp-content\/uploads\/2023\/03\/230330_Conociendo-mis-emociones-cuaderno_Materiales-309x300.png 309w\" sizes=\"auto, (max-width: 749px) 100vw, 749px\" \/><\/figure><div class=\"wp-block-media-text__content\">\n<h2 class=\"wp-block-heading\">Cadernos e agendas personalizadas<\/h2>\n\n\n\n<p>Dentro do leque de ofertas promocionais que temos dispon\u00edveis, podes optar pelos nossos <strong>cadernos e agendas personalizados.<\/strong><\/p>\n\n\n\n<p>Estes materiais ter\u00e3o o desenho da capa do teu livro, pelo que ser\u00e3o totalmente personlizados no que respeita ao seu conceito e formato.  <\/p>\n\n\n\n<p>S\u00e3o perfeitos para oferecer aos leitores uma vez que s\u00e3o elementos de uso quotidiano, que podem ser facilmente transportados para todo o tipo de lugares. <\/p>\n\n\n\n<p>Consulta os pre\u00e7os unit\u00e1rios ou por lote junto da tua editora.<\/p>\n<\/div><\/div>\n\n\n\n<div class=\"wp-block-media-text is-stacked-on-mobile\" style=\"grid-template-columns:35% auto\"><figure class=\"wp-block-media-text__media\"><img loading=\"lazy\" decoding=\"async\" width=\"873\" height=\"1018\" src=\"https:\/\/www.babidibulibros.com\/wp-content\/uploads\/2021\/01\/EXPOSITOR-1.png\" alt=\"\" class=\"wp-image-4940 size-full\" srcset=\"https:\/\/www.babidibulibros.com\/wp-content\/uploads\/2021\/01\/EXPOSITOR-1.png 873w, https:\/\/www.babidibulibros.com\/wp-content\/uploads\/2021\/01\/EXPOSITOR-1-257x300.png 257w, https:\/\/www.babidibulibros.com\/wp-content\/uploads\/2021\/01\/EXPOSITOR-1-768x896.png 768w\" sizes=\"auto, (max-width: 873px) 100vw, 873px\" \/><\/figure><div class=\"wp-block-media-text__content\">\n<h2 class=\"wp-block-heading\">Expositores<\/h2>\n\n\n\n<p>Em qualquer ponto de venda, a coloca\u00e7\u00e3o de um livro \u00e9 fundamental para promover a compra do mesmo. Por isso, colocamos \u00e0 tua disposi\u00e7\u00e3o os nossos expositores em formato A4 com o desenho da capa do teu livro, ou aquilo que considerares mais apropriado. <\/p>\n\n\n\n<p>Al\u00e9m disso, poder\u00e1s utiliz\u00e1-lo em qualquer momento que queiras expor o teu livro, tanto nos atos de divulga\u00e7\u00e3o como nos de comercializa\u00e7\u00e3o do mesmo. Estes expositores s\u00e3o de f\u00e1cil transporte e montagem. <\/p>\n\n\n\n<p>Consulta o pre\u00e7o junto da tua editora.<\/p>\n<\/div><\/div>\n\n\n\n<div class=\"wp-block-media-text is-stacked-on-mobile\" style=\"grid-template-columns:35% auto\"><figure class=\"wp-block-media-text__media\"><img loading=\"lazy\" decoding=\"async\" width=\"873\" height=\"1018\" src=\"https:\/\/www.babidibulibros.com\/wp-content\/uploads\/2023\/03\/230330_Conociendo-mis-emociones-marcapaginas_Materiales.png\" alt=\"\" class=\"wp-image-60011 size-full\" srcset=\"https:\/\/www.babidibulibros.com\/wp-content\/uploads\/2023\/03\/230330_Conociendo-mis-emociones-marcapaginas_Materiales.png 873w, https:\/\/www.babidibulibros.com\/wp-content\/uploads\/2023\/03\/230330_Conociendo-mis-emociones-marcapaginas_Materiales-257x300.png 257w, https:\/\/www.babidibulibros.com\/wp-content\/uploads\/2023\/03\/230330_Conociendo-mis-emociones-marcapaginas_Materiales-768x896.png 768w\" sizes=\"auto, (max-width: 873px) 100vw, 873px\" \/><\/figure><div class=\"wp-block-media-text__content\">\n<h2 class=\"wp-block-heading\">Marca-p\u00e1ginas personalizados<\/h2>\n\n\n\n<p>N\u00e3o te percas mais na leitura. Na <strong>BABIDI-B\u00da<\/strong> desenhamos o <strong>marca-p\u00e1ginas <\/strong>da tua obra, que te ir\u00e1 ajudar na promo\u00e7\u00e3o da mesma.  <\/p>\n\n\n\n<p>O nosso departamento de desenho colocar\u00e1 \u00e0 tua disposi\u00e7\u00e3o uma ferramenta essencial que poder\u00e1s utilizar em v\u00e1rias ocasi\u00f5es, uma vez que \u00e9 algo que podes oferecer a quem adquirir a tua obra, durante as apresenta\u00e7\u00f5es do teu livro e at\u00e9 mesmo como flyer para que as pessoas fiquem a conhecer a tua obra.  O marca-p\u00e1ginas refletir\u00e1 a capa da tua obra, juntamente com o t\u00edtulo e as carater\u00edsticas principais da mesma.  <\/p>\n\n\n\n<p>Consulta os pre\u00e7os mediante as quantidades junto da tua editora.<\/p>\n<\/div><\/div>\n\n\n\n<div id=\"contact-block_94ea7e3482c0c7955f289bff35125218\" class=\"block-contact\">\n\t<div class=\"block-contact-txt\">\n\t\t<h2>Contacta-nos<\/h2>\n\t\t<p>Liga-nos ou pede-nos que te liguemos para pedir assessoramento<\/p>\n\t<\/div>\n\t<div class=\"block-contact-items\">\n\t\t<div class=\"contact-item\">\n\t\t\t<a href=\"https:\/\/api.whatsapp.com\/send?phone=34653754771&#038;\" alt=\"Whatsapp Babidibu\" rel=\"nofollow noopener\" target=\"_blank\">\n\t\t\t\t<div class=\"contact-item-icon\">\n\t\t\t\t\t<i class=\"ri-whatsapp-line\"><\/i> \n\t\t\t\t<\/div>\n\t\t\t\t<div class=\"contact-item-txt\">\n\t\t\t\t\tWhatsApp\n\t\t\t\t<\/div>\n\t\t\t<\/a>\n\t\t<\/div>\n\t\t<div class=\"contact-item\">\n\t\t\t<a href=\"tel:+34653754771\" alt=\"Ligar para a Babidib\u00fa\">\n\t\t\t\t<div class=\"contact-item-icon\">\n\t\t\t\t\t<i class=\"ri-smartphone-line\"><\/i>\n\t\t\t\t<\/div>\n\t\t\t\t<div class=\"contact-item-txt\">\n\t\t\t\tTelefone\t\t\t\t<\/div>\n\t\t\t<\/a>\n\t\t<\/div>\n\t\t<div class=\"contact-item\">\n\t\t\t<a href=\"https:\/\/www.babidibulibros.com\/publica-con-nosotros\/\">\n\t\t\t\t<div class=\"contact-item-icon\">\n\t\t\t\t\t<i class=\"ri-file-list-3-line\"><\/i>\n\t\t\t\t<\/div>\n\t\t\t\t<div class=\"contact-item-txt\">\n\t\t\t\t\tManuscrito\t\t\t\t<\/div>\n\t\t\t<\/a>\n\t\t<\/div>\n\t<\/div>\n<\/div>","protected":false},"excerpt":{"rendered":"<p>Canecas personalizadas Gostavas de beber um caf\u00e9 ou um chocolate quente numa caneca com a estampa da capa do teu [&hellip;]<\/p>\n","protected":false},"author":4,"featured_media":0,"parent":0,"menu_order":65,"comment_status":"closed","ping_status":"closed","template":"","meta":{"_acf_changed":false,"content-type":"","footnotes":""},"class_list":["post-54424","page","type-page","status-publish","hentry"],"acf":[],"_links":{"self":[{"href":"https:\/\/www.babidibulibros.com\/pt-pt\/wp-json\/wp\/v2\/pages\/54424","targetHints":{"allow":["GET"]}}],"collection":[{"href":"https:\/\/www.babidibulibros.com\/pt-pt\/wp-json\/wp\/v2\/pages"}],"about":[{"href":"https:\/\/www.babidibulibros.com\/pt-pt\/wp-json\/wp\/v2\/types\/page"}],"author":[{"embeddable":true,"href":"https:\/\/www.babidibulibros.com\/pt-pt\/wp-json\/wp\/v2\/users\/4"}],"replies":[{"embeddable":true,"href":"https:\/\/www.babidibulibros.com\/pt-pt\/wp-json\/wp\/v2\/comments?post=54424"}],"version-history":[{"count":3,"href":"https:\/\/www.babidibulibros.com\/pt-pt\/wp-json\/wp\/v2\/pages\/54424\/revisions"}],"predecessor-version":[{"id":60073,"href":"https:\/\/www.babidibulibros.com\/pt-pt\/wp-json\/wp\/v2\/pages\/54424\/revisions\/60073"}],"wp:attachment":[{"href":"https:\/\/www.babidibulibros.com\/pt-pt\/wp-json\/wp\/v2\/media?parent=54424"}],"curies":[{"name":"wp","href":"https:\/\/api.w.org\/{rel}","templated":true}]}}