{"id":54425,"date":"2021-01-29T13:59:23","date_gmt":"2021-01-29T12:59:23","guid":{"rendered":"https:\/\/www.babidibulibros.com\/libros-infantiles-bilingues\/"},"modified":"2023-05-10T17:24:46","modified_gmt":"2023-05-10T15:24:46","slug":"livros-infantis-bilingues-idiomas","status":"publish","type":"page","link":"https:\/\/www.babidibulibros.com\/pt-pt\/livros-infantis-bilingues-idiomas\/","title":{"rendered":"Livros para aprender idiomas"},"content":{"rendered":"\n<p>Nos \u00faltimos anos a nossa consciencializa\u00e7\u00e3o relativamente \u00e0 import\u00e2ncia dos idiomas tem aumentado bastante. A maioria das escolas incorporou no seu plano educativo a aprendizagem de um segundo e terceiro idioma, para que os nossos pequenotes, o futuro de amanh\u00e3, continuem com a melhor educa\u00e7\u00e3o poss\u00edvel. <\/p>\n\n\n\n<p>No entanto, sabemos que algumas crian\u00e7as podem n\u00e3o se sentir confort\u00e1veis com a aprendizagem de um novo idioma, com o qual n\u00e3o est\u00e3o familiarizadas. Por isso, \u00e9 fundamental mostrar-lhes atrav\u00e9s de casa, e de uma forma l\u00fadica que o estudo de um novo idioma pode ser bastante divertido, e a melhor altura para o fazer \u00e9 num dos seus momentos favoritos do dia: na leitura antes de ir dormir. <\/p>\n\n\n\n<div class=\"wp-block-group\"><div class=\"wp-block-group__inner-container is-layout-flow wp-block-group-is-layout-flow\">\n<div class=\"wp-block-columns is-layout-flex wp-container-core-columns-is-layout-9d6595d7 wp-block-columns-is-layout-flex\">\n<div class=\"wp-block-column is-layout-flow wp-block-column-is-layout-flow\" style=\"flex-basis:100%\">\n<div class=\"wp-block-columns alignwide are-vertically-aligned-center is-layout-flex wp-container-core-columns-is-layout-9d6595d7 wp-block-columns-is-layout-flex\">\n<div class=\"wp-block-column is-vertically-aligned-center is-layout-flow wp-block-column-is-layout-flow\">\n<p>\u00c9 fundamental que a obra se encontre adaptada \u00e0  idade e capacidade de leitura dos leitores. \u00c9 desta forma que se consegue retirar o melhor proveito da leitura, n\u00e3o a tornando em mais uma tarefa di\u00e1ria. Devemos conseguir que seja um momento de entretenimento. <\/p>\n<\/div>\n\n\n\n<div class=\"wp-block-column is-vertically-aligned-center is-layout-flow wp-block-column-is-layout-flow\">\n<div class=\"wp-block-group\"><div class=\"wp-block-group__inner-container is-layout-flow wp-block-group-is-layout-flow\">\n<h2 class=\"wp-block-heading\">Quais os benef\u00edcios da leitura em v\u00e1rios idiomas?<\/h2>\n\n\n\n<ul class=\"wp-block-list\">\n<li>Maior <strong>desenvolvimento cognitivo<\/strong><\/li>\n\n\n\n<li><strong>Melhoria do vocabul\u00e1rio e da gram\u00e1tica<\/strong><\/li>\n\n\n\n<li>Aprendizagem de <strong>valores impl\u00edcitos<\/strong> na leitura<\/li>\n\n\n\n<li>Promo\u00e7\u00e3o da <strong>inclus\u00e3o sociocultural<\/strong><\/li>\n\n\n\n<li>Melhor <strong>capacidade para aprender<\/strong> idiomas novos<\/li>\n\n\n\n<li>Aumento do <strong>tempo em fam\u00edlia<\/strong><\/li>\n<\/ul>\n<\/div><\/div>\n<\/div>\n<\/div>\n<\/div>\n<\/div>\n<\/div><\/div>\n\n\n\n<div id=\"big-books-block_759df2ba98e6427cc8e07ca51a3c7b35\" class=\"block-big-books\" data-bg-text=\"\">\n\t<div class=\"row\">\n\t\t<div class=\"big-books four-cols\">\t\t\n\t\t\t\t\t\t\t\t<div class=\"big-books-item\">\n\t\t\t\t\t\t<a class=\"big-books-item-link\" target=\"_self\" href=\"https:\/\/tienda.babidibulibros.com\/libro\/max-el-nino-de-invierno-max-the-winter-boy_133534\/\"><\/a>\n\t\t\t\t\t\t<img loading=\"lazy\" decoding=\"async\" width=\"1322\" height=\"1920\" src=\"https:\/\/www.babidibulibros.com\/wp-content\/uploads\/2021\/11\/edition-125187-scaled.jpg\" class=\"attachment-post-thumbnail size-post-thumbnail wp-post-image\" alt=\"\" srcset=\"https:\/\/www.babidibulibros.com\/wp-content\/uploads\/2021\/11\/edition-125187-scaled.jpg 1322w, https:\/\/www.babidibulibros.com\/wp-content\/uploads\/2021\/11\/edition-125187-207x300.jpg 207w, https:\/\/www.babidibulibros.com\/wp-content\/uploads\/2021\/11\/edition-125187-705x1024.jpg 705w, https:\/\/www.babidibulibros.com\/wp-content\/uploads\/2021\/11\/edition-125187-768x1116.jpg 768w, https:\/\/www.babidibulibros.com\/wp-content\/uploads\/2021\/11\/edition-125187-1057x1536.jpg 1057w, https:\/\/www.babidibulibros.com\/wp-content\/uploads\/2021\/11\/edition-125187-1410x2048.jpg 1410w\" sizes=\"auto, (max-width: 1322px) 100vw, 1322px\" \/>\t\t\t\t    <\/div>\n\t\t\t\t\t\t\t\t\t<div class=\"big-books-item\">\n\t\t\t\t\t\t<a class=\"big-books-item-link\" target=\"_self\" href=\"https:\/\/tienda.babidibulibros.com\/libro\/haciendo-olas-making-waves_138801\/\"><\/a>\n\t\t\t\t\t\t<img loading=\"lazy\" decoding=\"async\" width=\"1880\" height=\"1920\" src=\"https:\/\/www.babidibulibros.com\/wp-content\/uploads\/2022\/02\/edition-130567.jpg\" class=\"attachment-post-thumbnail size-post-thumbnail wp-post-image\" alt=\"\" srcset=\"https:\/\/www.babidibulibros.com\/wp-content\/uploads\/2022\/02\/edition-130567.jpg 1880w, https:\/\/www.babidibulibros.com\/wp-content\/uploads\/2022\/02\/edition-130567-294x300.jpg 294w, https:\/\/www.babidibulibros.com\/wp-content\/uploads\/2022\/02\/edition-130567-1002x1024.jpg 1002w, https:\/\/www.babidibulibros.com\/wp-content\/uploads\/2022\/02\/edition-130567-768x784.jpg 768w, https:\/\/www.babidibulibros.com\/wp-content\/uploads\/2022\/02\/edition-130567-1504x1536.jpg 1504w\" sizes=\"auto, (max-width: 1880px) 100vw, 1880px\" \/>\t\t\t\t    <\/div>\n\t\t\t\t\t\t\t\t\t<div class=\"big-books-item\">\n\t\t\t\t\t\t<a class=\"big-books-item-link\" target=\"_self\" href=\"https:\/\/tienda.babidibulibros.com\/libro\/celina-la-estrella-bailarina-celina-the-star-dancer_105099\/\"><\/a>\n\t\t\t\t\t\t<img loading=\"lazy\" decoding=\"async\" width=\"800\" height=\"800\" src=\"https:\/\/www.babidibulibros.com\/wp-content\/uploads\/2021\/01\/edition-97589.jpg\" class=\"attachment-post-thumbnail size-post-thumbnail wp-post-image\" alt=\"\" srcset=\"https:\/\/www.babidibulibros.com\/wp-content\/uploads\/2021\/01\/edition-97589.jpg 800w, https:\/\/www.babidibulibros.com\/wp-content\/uploads\/2021\/01\/edition-97589-300x300.jpg 300w, https:\/\/www.babidibulibros.com\/wp-content\/uploads\/2021\/01\/edition-97589-768x768.jpg 768w\" sizes=\"auto, (max-width: 800px) 100vw, 800px\" \/>\t\t\t\t    <\/div>\n\t\t\t\t\t\t\t\t\t<div class=\"big-books-item\">\n\t\t\t\t\t\t<a class=\"big-books-item-link\" target=\"_self\" href=\"https:\/\/tienda.babidibulibros.com\/libro\/el-don-de-leopoldo-die-gabe-von-leopold_118333\/\"><\/a>\n\t\t\t\t\t\t<img loading=\"lazy\" decoding=\"async\" width=\"800\" height=\"1200\" src=\"https:\/\/www.babidibulibros.com\/wp-content\/uploads\/2021\/01\/MINIATURA_El-don-de-Leopoldo_WEB.jpg\" class=\"attachment-post-thumbnail size-post-thumbnail wp-post-image\" alt=\"\" srcset=\"https:\/\/www.babidibulibros.com\/wp-content\/uploads\/2021\/01\/MINIATURA_El-don-de-Leopoldo_WEB.jpg 800w, https:\/\/www.babidibulibros.com\/wp-content\/uploads\/2021\/01\/MINIATURA_El-don-de-Leopoldo_WEB-200x300.jpg 200w, https:\/\/www.babidibulibros.com\/wp-content\/uploads\/2021\/01\/MINIATURA_El-don-de-Leopoldo_WEB-683x1024.jpg 683w, https:\/\/www.babidibulibros.com\/wp-content\/uploads\/2021\/01\/MINIATURA_El-don-de-Leopoldo_WEB-768x1152.jpg 768w\" sizes=\"auto, (max-width: 800px) 100vw, 800px\" \/>\t\t\t\t    <\/div>\n\t\t\t\t\t\t\t\t\t<div class=\"big-books-item\">\n\t\t\t\t\t\t<a class=\"big-books-item-link\" target=\"_self\" href=\"https:\/\/tienda.babidibulibros.com\/libro\/donde-esta-mi-u_105116\/\"><\/a>\n\t\t\t\t\t\t<img loading=\"lazy\" decoding=\"async\" width=\"800\" height=\"566\" src=\"https:\/\/www.babidibulibros.com\/wp-content\/uploads\/2021\/01\/edition-97607.jpg\" class=\"attachment-post-thumbnail size-post-thumbnail wp-post-image\" alt=\"\" srcset=\"https:\/\/www.babidibulibros.com\/wp-content\/uploads\/2021\/01\/edition-97607.jpg 800w, https:\/\/www.babidibulibros.com\/wp-content\/uploads\/2021\/01\/edition-97607-424x300.jpg 424w, https:\/\/www.babidibulibros.com\/wp-content\/uploads\/2021\/01\/edition-97607-768x543.jpg 768w\" sizes=\"auto, (max-width: 800px) 100vw, 800px\" \/>\t\t\t\t    <\/div>\n\t\t\t\t\t\t\t\t\t<div class=\"big-books-item\">\n\t\t\t\t\t\t<a class=\"big-books-item-link\" target=\"_self\" href=\"https:\/\/tienda.babidibulibros.com\/libro\/el-encuentro-the-encounter_97116\/\"><\/a>\n\t\t\t\t\t\t<img loading=\"lazy\" decoding=\"async\" width=\"600\" height=\"600\" src=\"https:\/\/www.babidibulibros.com\/wp-content\/uploads\/2021\/01\/edition-88266.jpg\" class=\"attachment-post-thumbnail size-post-thumbnail wp-post-image\" alt=\"\" srcset=\"https:\/\/www.babidibulibros.com\/wp-content\/uploads\/2021\/01\/edition-88266.jpg 600w, https:\/\/www.babidibulibros.com\/wp-content\/uploads\/2021\/01\/edition-88266-300x300.jpg 300w\" sizes=\"auto, (max-width: 600px) 100vw, 600px\" \/>\t\t\t\t    <\/div>\n\t\t\t\t\t\t\t\t\t<div class=\"big-books-item\">\n\t\t\t\t\t\t<a class=\"big-books-item-link\" target=\"_self\" href=\"https:\/\/tienda.babidibulibros.com\/libro\/es-como-yo-just-like-me_97293\/\"><\/a>\n\t\t\t\t\t\t<img loading=\"lazy\" decoding=\"async\" width=\"600\" height=\"600\" src=\"https:\/\/www.babidibulibros.com\/wp-content\/uploads\/2021\/01\/edition-88201.jpg\" class=\"attachment-post-thumbnail size-post-thumbnail wp-post-image\" alt=\"\" srcset=\"https:\/\/www.babidibulibros.com\/wp-content\/uploads\/2021\/01\/edition-88201.jpg 600w, https:\/\/www.babidibulibros.com\/wp-content\/uploads\/2021\/01\/edition-88201-300x300.jpg 300w\" sizes=\"auto, (max-width: 600px) 100vw, 600px\" \/>\t\t\t\t    <\/div>\n\t\t\t\t\t\t\t\t\t<div class=\"big-books-item\">\n\t\t\t\t\t\t<a class=\"big-books-item-link\" target=\"_self\" href=\"https:\/\/tienda.babidibulibros.com\/libro\/vaquero-en-el-hielo_97459\/\"><\/a>\n\t\t\t\t\t\t<img loading=\"lazy\" decoding=\"async\" width=\"800\" height=\"573\" src=\"https:\/\/www.babidibulibros.com\/wp-content\/uploads\/2021\/01\/edition-88441.jpg\" class=\"attachment-post-thumbnail size-post-thumbnail wp-post-image\" alt=\"\" srcset=\"https:\/\/www.babidibulibros.com\/wp-content\/uploads\/2021\/01\/edition-88441.jpg 800w, https:\/\/www.babidibulibros.com\/wp-content\/uploads\/2021\/01\/edition-88441-419x300.jpg 419w, https:\/\/www.babidibulibros.com\/wp-content\/uploads\/2021\/01\/edition-88441-768x550.jpg 768w\" sizes=\"auto, (max-width: 800px) 100vw, 800px\" \/>\t\t\t\t    <\/div>\n\t\t\t\t\t\t\t\t\t<\/div>\n\t<\/div>\n\t<div class=\"big-books-actions\">\n\t\t<a class=\"btn btn-primary\" href=\"https:\/\/tienda.babidibulibros.com\/categorias\/?catalog_language=eng\">\n\t\t\tDescobre outras leituras em ingl\u00eas \t\t<\/a>\n\t<\/div>\n<\/div>\n\n\n\n<h2 class=\"has-text-align-center wp-block-heading\">Est\u00e1s \u00e0 procura de algo mais concreto?<\/h2>\n\n\n\n<p class=\"has-text-align-center\">Tamb\u00e9m contamos com um vasto cat\u00e1logo de obras nas quais a narra\u00e7\u00e3o se encontra exclusivamente num idioma. Portugu\u00eas, alem\u00e3o, italiano, espanhol, catal\u00e3o, valenciano&#8230; s\u00e3o algumas das l\u00ednguas nas quais os nossos pequenos leitores poder\u00e3o disfrutar da literatura. <\/p>\n\n\n\n<p class=\"has-text-align-center\">Atreves-te a aprender tudo?<\/p>\n\n\n\n<div class=\"wp-block-group\"><div class=\"wp-block-group__inner-container is-layout-constrained wp-block-group-is-layout-constrained\">\n<div class=\"wp-block-buttons is-horizontal is-content-justification-center is-layout-flex wp-container-core-buttons-is-layout-499968f5 wp-block-buttons-is-layout-flex\">\n<div class=\"wp-block-button\"><a class=\"wp-block-button__link wp-element-button\" href=\"https:\/\/tienda.babidibulibros.com\/categorias\/?catalog_language=por\">Leituras em portugu\u00eas<\/a><\/div>\n\n\n\n<div class=\"wp-block-button\"><a class=\"wp-block-button__link wp-element-button\" href=\"https:\/\/tienda.babidibulibros.com\/categorias\/?catalog_language=spa\">Leituras em espanhol<\/a><\/div>\n\n\n\n<div class=\"wp-block-button\"><a class=\"wp-block-button__link wp-element-button\" href=\"https:\/\/tienda.babidibulibros.com\/materia\/lecturas-en-aleman\/\">Leituras em alem\u00e3o<\/a><\/div>\n\n\n\n<div class=\"wp-block-button\"><a class=\"wp-block-button__link wp-element-button\" href=\"https:\/\/tienda.babidibulibros.com\/materia\/lecturas-en-catalan\/\">Leituras em catal\u00e3o<\/a><\/div>\n\n\n\n<div class=\"wp-block-button\"><a class=\"wp-block-button__link wp-element-button\" href=\"https:\/\/tienda.babidibulibros.com\/materia\/lecturas-en-euskera-o-vasco\/\">Leituras em basco<\/a><\/div>\n\n\n\n<div class=\"wp-block-button\"><a class=\"wp-block-button__link wp-element-button\" href=\"https:\/\/tienda.babidibulibros.com\/categorias\/?catalog_language=glg\" target=\"_blank\" rel=\"noreferrer noopener\">Leituras em galego<\/a><\/div>\n\n\n\n<div class=\"wp-block-button\"><a class=\"wp-block-button__link wp-element-button\" href=\"https:\/\/tienda.babidibulibros.com\/materia\/lecturas-en-valenciano\/\" target=\"_blank\" rel=\"noreferrer noopener\">Leituras em valenciano<\/a><\/div>\n\n\n\n<div class=\"wp-block-button\"><a class=\"wp-block-button__link wp-element-button\" href=\"https:\/\/tienda.babidibulibros.com\/categorias\/?catalog_language=ita\">Leituras em italiano<\/a><\/div>\n<\/div>\n<\/div><\/div>\n\n\n\n<div id=\"contact-block_508fb72932701e793d1d7f3b419ea938\" class=\"block-contact\">\n\t<div class=\"block-contact-txt\">\n\t\t<h2>Contacta-nos<\/h2>\n\t\t<p>Liga-nos ou pede-nos que te liguemos para pedir assessoramento<\/p>\n\t<\/div>\n\t<div class=\"block-contact-items\">\n\t\t<div class=\"contact-item\">\n\t\t\t<a href=\"https:\/\/api.whatsapp.com\/send?phone=34653754771&#038;\" alt=\"Whatsapp Babidibu\" rel=\"nofollow noopener\" target=\"_blank\">\n\t\t\t\t<div class=\"contact-item-icon\">\n\t\t\t\t\t<i class=\"ri-whatsapp-line\"><\/i> \n\t\t\t\t<\/div>\n\t\t\t\t<div class=\"contact-item-txt\">\n\t\t\t\t\tWhatsApp\n\t\t\t\t<\/div>\n\t\t\t<\/a>\n\t\t<\/div>\n\t\t<div class=\"contact-item\">\n\t\t\t<a href=\"tel:+34653754771\" alt=\"Ligar para a Babidib\u00fa\">\n\t\t\t\t<div class=\"contact-item-icon\">\n\t\t\t\t\t<i class=\"ri-smartphone-line\"><\/i>\n\t\t\t\t<\/div>\n\t\t\t\t<div class=\"contact-item-txt\">\n\t\t\t\tTelefone\t\t\t\t<\/div>\n\t\t\t<\/a>\n\t\t<\/div>\n\t\t<div class=\"contact-item\">\n\t\t\t<a href=\"https:\/\/www.babidibulibros.com\/publica-con-nosotros\/\">\n\t\t\t\t<div class=\"contact-item-icon\">\n\t\t\t\t\t<i class=\"ri-file-list-3-line\"><\/i>\n\t\t\t\t<\/div>\n\t\t\t\t<div class=\"contact-item-txt\">\n\t\t\t\t\tManuscrito\t\t\t\t<\/div>\n\t\t\t<\/a>\n\t\t<\/div>\n\t<\/div>\n<\/div>\n\n\n<section id=\"faq-block_d6fd5e3e9115fabb0b5cd40a492700dc\" class=\"section section-faqs faq\">\n\t<div class=\"container\">\n\t\t\t\t\t<div class=\"accordion\" id=\"accordionFAQ\">\n\t\t\t\t\t\t\t         <div class=\"card\">\n\t\t\t            <div class=\"card-header\" id=\"heading-1\">\n\t\t\t               <button class=\"collapsed\" type=\"button\" data-toggle=\"collapse\" data-target=\"#collapse-1\" aria-expanded=\"false\" aria-controls=\"collapse-1\">\n\t\t\t               <span>Como \u00e9 o processo de publica\u00e7\u00e3o de um livro bilingue? <\/span>\n\t\t\t               <\/button>\n\t\t\t            <\/div>\n\t\t\t            <div id=\"collapse-1\" class=\"collapse\" aria-labelledby=\"heading-1\" data-parent=\"#accordionFAQ\" style=\"\">\n\t\t\t               <div class=\"card-body\">\n\t\t\t                  \u00c9 exatamente igual ao processo que realizamos para publicar um conto infantil em portugu\u00eas. Assim que recebermos a obra, realizaremos todos os processos que a publica\u00e7\u00e3o de um livro implica.\t\t\t               <\/div>\n\t\t\t            <\/div>\n\t\t\t         <\/div>\n\t\t\t\t\t\t\t         <div class=\"card\">\n\t\t\t            <div class=\"card-header\" id=\"heading-2\">\n\t\t\t               <button class=\"collapsed\" type=\"button\" data-toggle=\"collapse\" data-target=\"#collapse-2\" aria-expanded=\"false\" aria-controls=\"collapse-2\">\n\t\t\t               <span>Qual \u00e9 a vantagem mais importante de um livro bilingue?<\/span>\n\t\t\t               <\/button>\n\t\t\t            <\/div>\n\t\t\t            <div id=\"collapse-2\" class=\"collapse\" aria-labelledby=\"heading-2\" data-parent=\"#accordionFAQ\" style=\"\">\n\t\t\t               <div class=\"card-body\">\n\t\t\t                  \u00c9 principalmente, a facilidade que as crian\u00e7as t\u00eam para aprender e familiarizar-se com os idiomas nos quais o livro est\u00e1 escrito, uma vez que ambos os textos se encontram, de forma conjunta, nas p\u00e1ginas dos contos.\r\n\t\t\t               <\/div>\n\t\t\t            <\/div>\n\t\t\t         <\/div>\n\t\t\t\t\t\t\t         <div class=\"card\">\n\t\t\t            <div class=\"card-header\" id=\"heading-3\">\n\t\t\t               <button class=\"collapsed\" type=\"button\" data-toggle=\"collapse\" data-target=\"#collapse-3\" aria-expanded=\"false\" aria-controls=\"collapse-3\">\n\t\t\t               <span>Quais os benef\u00edcios de ler este tipo de livros?<\/span>\n\t\t\t               <\/button>\n\t\t\t            <\/div>\n\t\t\t            <div id=\"collapse-3\" class=\"collapse\" aria-labelledby=\"heading-3\" data-parent=\"#accordionFAQ\" style=\"\">\n\t\t\t               <div class=\"card-body\">\n\t\t\t                  Proporciona um maior desenvolvimento cognitivo, uma melhora gramatical e de vocabul\u00e1rio e a aprendizagem dos valores impl\u00edcitos na leitura. Al\u00e9m disso promove a inclus\u00e3o sociocultural, uma melhor capacidade para aprender idiomas novos, e especialmente o aumento do tempo em fam\u00edlia\r\n\r\n\t\t\t               <\/div>\n\t\t\t            <\/div>\n\t\t\t         <\/div>\n\t\t\t\t\t\t\t         <div class=\"card\">\n\t\t\t            <div class=\"card-header\" id=\"heading-4\">\n\t\t\t               <button class=\"collapsed\" type=\"button\" data-toggle=\"collapse\" data-target=\"#collapse-4\" aria-expanded=\"false\" aria-controls=\"collapse-4\">\n\t\t\t               <span>Posso enviar-vos o meu livro bilingue para que o publiquem?<\/span>\n\t\t\t               <\/button>\n\t\t\t            <\/div>\n\t\t\t            <div id=\"collapse-4\" class=\"collapse\" aria-labelledby=\"heading-4\" data-parent=\"#accordionFAQ\" style=\"\">\n\t\t\t               <div class=\"card-body\">\n\t\t\t                  Claro! Na BABIDI-B\u00da ficamos sempre contentes em receber os projetos dos nossos poss\u00edveis autores. Faz-nos chegar o teu manuscrito atrav\u00e9s do nosso formul\u00e1rio para que o possamos avaliar.\r\n\r\n\t\t\t               <\/div>\n\t\t\t            <\/div>\n\t\t\t         <\/div>\n\t\t\t\t\t\t\t         <div class=\"card\">\n\t\t\t            <div class=\"card-header\" id=\"heading-5\">\n\t\t\t               <button class=\"collapsed\" type=\"button\" data-toggle=\"collapse\" data-target=\"#collapse-5\" aria-expanded=\"false\" aria-controls=\"collapse-5\">\n\t\t\t               <span>Encarregam-se da corre\u00e7\u00e3o dos livros?<\/span>\n\t\t\t               <\/button>\n\t\t\t            <\/div>\n\t\t\t            <div id=\"collapse-5\" class=\"collapse\" aria-labelledby=\"heading-5\" data-parent=\"#accordionFAQ\" style=\"\">\n\t\t\t               <div class=\"card-body\">\n\t\t\t                  Sim. Realizamos a corre\u00e7\u00e3o dos livros em portugu\u00eas. A corre\u00e7\u00e3o de um segundo idioma, ir\u00e1 depender da l\u00edngua em quest\u00e3o, e se a podemos analisar ou n\u00e3o atrav\u00e9s da nossa equipa de especialistas\r\n\t\t\t               <\/div>\n\t\t\t            <\/div>\n\t\t\t         <\/div>\n\t\t\t\t\t\t\t         <div class=\"card\">\n\t\t\t            <div class=\"card-header\" id=\"heading-6\">\n\t\t\t               <button class=\"collapsed\" type=\"button\" data-toggle=\"collapse\" data-target=\"#collapse-6\" aria-expanded=\"false\" aria-controls=\"collapse-6\">\n\t\t\t               <span>Onde posso comprar os livros bilingues da BABIDI-B\u00da?<\/span>\n\t\t\t               <\/button>\n\t\t\t            <\/div>\n\t\t\t            <div id=\"collapse-6\" class=\"collapse\" aria-labelledby=\"heading-6\" data-parent=\"#accordionFAQ\" style=\"\">\n\t\t\t               <div class=\"card-body\">\n\t\t\t                  Em qualquer uma das nossas livrarias ou pontos de venda autorizados, distribuidos pelo nosso distribuidor. Tamb\u00e9m podes efetuar a compra de exemplares atrav\u00e9s da nossa p\u00e1gina web\r\n\t\t\t               <\/div>\n\t\t\t            <\/div>\n\t\t\t         <\/div>\n\t\t\t\t\t\t\t         <div class=\"card\">\n\t\t\t            <div class=\"card-header\" id=\"heading-7\">\n\t\t\t               <button class=\"collapsed\" type=\"button\" data-toggle=\"collapse\" data-target=\"#collapse-7\" aria-expanded=\"false\" aria-controls=\"collapse-7\">\n\t\t\t               <span>T\u00eam dispon\u00edveis livros noutros idiomas? <\/span>\n\t\t\t               <\/button>\n\t\t\t            <\/div>\n\t\t\t            <div id=\"collapse-7\" class=\"collapse\" aria-labelledby=\"heading-7\" data-parent=\"#accordionFAQ\" style=\"\">\n\t\t\t               <div class=\"card-body\">\n\t\t\t                  Sim, no nosso cat\u00e1logo temos uma sele\u00e7\u00e3o de exemplares noutros idiomas, entre eles o franc\u00eas, o ingl\u00eas e o alem\u00e3o\r\n\r\n\t\t\t               <\/div>\n\t\t\t            <\/div>\n\t\t\t         <\/div>\n\t\t\t\t\t\t\t<\/div>\n\t\t\t\t<div class=\"text-center support-text\">\n\t\t\t<p>Tens mais perguntas? <a href=\"https:\/\/www.babidibulibros.com\/contacto\/\">Contacta-nos<\/a><\/p> \n\t\t<\/div>\n\t<\/div>\n\t<script type=\"application\/ld+json\">\n\t\t{\n\t    \t\"@context\": \"https:\/\/schema.org\",\n\t\t\t\"@type\": \"FAQPage\",\n\t\t\t\"mainEntity\": [\n\t\t\t\t\t\t\t\t\t{\n\t\t\t\t        \"@type\": \"Question\",\n\t\t\t\t        \"name\": \"Como \u00e9 o processo de publica\u00e7\u00e3o de um livro bilingue? \",\n\t\t\t\t        \"acceptedAnswer\": {\n\t\t\t\t        \t\"@type\": \"Answer\",\n\t\t\t\t\t\t\t\"text\": \"\u00c9 exatamente igual ao processo que realizamos para publicar um conto infantil em portugu\u00eas. Assim que recebermos a obra, realizaremos todos os processos que a publica\u00e7\u00e3o de um livro implica.\"\n\t\t\t\t\t\t}\n\t\t\t\t    }\n\t\t\t\t    \t\t\t\t    \n\t\t\t\t\t\t\t\t\t\t,{\n\t\t\t\t\t        \"@type\": \"Question\",\n\t\t\t\t\t        \"name\": \"Qual \u00e9 a vantagem mais importante de um livro bilingue?\",\n\t\t\t\t\t        \"acceptedAnswer\": {\n\t\t\t\t\t        \t\"@type\": \"Answer\",\n\t\t\t\t\t\t\t\t\"text\": \"\u00c9 principalmente, a facilidade que as crian\u00e7as t\u00eam para aprender e familiarizar-se com os idiomas nos quais o livro est\u00e1 escrito, uma vez que ambos os textos se encontram, de forma conjunta, nas p\u00e1ginas dos contos.\r\n\"\n\t\t\t\t\t\t\t}\n\t\t\t\t\t    }\n\t\t\t\t    \t\t\t\t    \n\t\t\t\t\t\t\t\t\t\t,{\n\t\t\t\t\t        \"@type\": \"Question\",\n\t\t\t\t\t        \"name\": \"Quais os benef\u00edcios de ler este tipo de livros?\",\n\t\t\t\t\t        \"acceptedAnswer\": {\n\t\t\t\t\t        \t\"@type\": \"Answer\",\n\t\t\t\t\t\t\t\t\"text\": \"Proporciona um maior desenvolvimento cognitivo, uma melhora gramatical e de vocabul\u00e1rio e a aprendizagem dos valores impl\u00edcitos na leitura. Al\u00e9m disso promove a inclus\u00e3o sociocultural, uma melhor capacidade para aprender idiomas novos, e especialmente o aumento do tempo em fam\u00edlia\r\n\r\n\"\n\t\t\t\t\t\t\t}\n\t\t\t\t\t    }\n\t\t\t\t    \t\t\t\t    \n\t\t\t\t\t\t\t\t\t\t,{\n\t\t\t\t\t        \"@type\": \"Question\",\n\t\t\t\t\t        \"name\": \"Posso enviar-vos o meu livro bilingue para que o publiquem?\",\n\t\t\t\t\t        \"acceptedAnswer\": {\n\t\t\t\t\t        \t\"@type\": \"Answer\",\n\t\t\t\t\t\t\t\t\"text\": \"Claro! Na BABIDI-B\u00da ficamos sempre contentes em receber os projetos dos nossos poss\u00edveis autores. Faz-nos chegar o teu manuscrito atrav\u00e9s do nosso formul\u00e1rio para que o possamos avaliar.\r\n\r\n\"\n\t\t\t\t\t\t\t}\n\t\t\t\t\t    }\n\t\t\t\t    \t\t\t\t    \n\t\t\t\t\t\t\t\t\t\t,{\n\t\t\t\t\t        \"@type\": \"Question\",\n\t\t\t\t\t        \"name\": \"Encarregam-se da corre\u00e7\u00e3o dos livros?\",\n\t\t\t\t\t        \"acceptedAnswer\": {\n\t\t\t\t\t        \t\"@type\": \"Answer\",\n\t\t\t\t\t\t\t\t\"text\": \"Sim. Realizamos a corre\u00e7\u00e3o dos livros em portugu\u00eas. A corre\u00e7\u00e3o de um segundo idioma, ir\u00e1 depender da l\u00edngua em quest\u00e3o, e se a podemos analisar ou n\u00e3o atrav\u00e9s da nossa equipa de especialistas\r\n\"\n\t\t\t\t\t\t\t}\n\t\t\t\t\t    }\n\t\t\t\t    \t\t\t\t    \n\t\t\t\t\t\t\t\t\t\t,{\n\t\t\t\t\t        \"@type\": \"Question\",\n\t\t\t\t\t        \"name\": \"Onde posso comprar os livros bilingues da BABIDI-B\u00da?\",\n\t\t\t\t\t        \"acceptedAnswer\": {\n\t\t\t\t\t        \t\"@type\": \"Answer\",\n\t\t\t\t\t\t\t\t\"text\": \"Em qualquer uma das nossas livrarias ou pontos de venda autorizados, distribuidos pelo nosso distribuidor. Tamb\u00e9m podes efetuar a compra de exemplares atrav\u00e9s da nossa p\u00e1gina web\r\n\"\n\t\t\t\t\t\t\t}\n\t\t\t\t\t    }\n\t\t\t\t    \t\t\t\t    \n\t\t\t\t\t\t\t\t\t\t,{\n\t\t\t\t\t        \"@type\": \"Question\",\n\t\t\t\t\t        \"name\": \"T\u00eam dispon\u00edveis livros noutros idiomas? \",\n\t\t\t\t\t        \"acceptedAnswer\": {\n\t\t\t\t\t        \t\"@type\": \"Answer\",\n\t\t\t\t\t\t\t\t\"text\": \"Sim, no nosso cat\u00e1logo temos uma sele\u00e7\u00e3o de exemplares noutros idiomas, entre eles o franc\u00eas, o ingl\u00eas e o alem\u00e3o\r\n\r\n\"\n\t\t\t\t\t\t\t}\n\t\t\t\t\t    }\n\t\t\t\t    \t\t\t\t    \n\t\t\t\t\t\t\t]\n\t    }\n    <\/script>    \n<\/section>\n\n\n\n\n\n\n\n\n","protected":false},"excerpt":{"rendered":"<p>Nos \u00faltimos anos a nossa consciencializa\u00e7\u00e3o relativamente \u00e0 import\u00e2ncia dos idiomas tem aumentado bastante. A maioria das escolas incorporou no [&hellip;]<\/p>\n","protected":false},"author":4,"featured_media":0,"parent":0,"menu_order":48,"comment_status":"closed","ping_status":"closed","template":"","meta":{"_acf_changed":false,"content-type":"","footnotes":""},"class_list":["post-54425","page","type-page","status-publish","hentry"],"acf":[],"_links":{"self":[{"href":"https:\/\/www.babidibulibros.com\/pt-pt\/wp-json\/wp\/v2\/pages\/54425","targetHints":{"allow":["GET"]}}],"collection":[{"href":"https:\/\/www.babidibulibros.com\/pt-pt\/wp-json\/wp\/v2\/pages"}],"about":[{"href":"https:\/\/www.babidibulibros.com\/pt-pt\/wp-json\/wp\/v2\/types\/page"}],"author":[{"embeddable":true,"href":"https:\/\/www.babidibulibros.com\/pt-pt\/wp-json\/wp\/v2\/users\/4"}],"replies":[{"embeddable":true,"href":"https:\/\/www.babidibulibros.com\/pt-pt\/wp-json\/wp\/v2\/comments?post=54425"}],"version-history":[{"count":3,"href":"https:\/\/www.babidibulibros.com\/pt-pt\/wp-json\/wp\/v2\/pages\/54425\/revisions"}],"predecessor-version":[{"id":62489,"href":"https:\/\/www.babidibulibros.com\/pt-pt\/wp-json\/wp\/v2\/pages\/54425\/revisions\/62489"}],"wp:attachment":[{"href":"https:\/\/www.babidibulibros.com\/pt-pt\/wp-json\/wp\/v2\/media?parent=54425"}],"curies":[{"name":"wp","href":"https:\/\/api.w.org\/{rel}","templated":true}]}}