{"id":54899,"date":"2020-06-16T08:56:45","date_gmt":"2020-06-16T06:56:45","guid":{"rendered":"https:\/\/www.babidibulibros.com\/condiciones-de-compra\/"},"modified":"2023-04-12T12:03:42","modified_gmt":"2023-04-12T10:03:42","slug":"condicoes-de-compra","status":"publish","type":"page","link":"https:\/\/www.babidibulibros.com\/pt-pt\/condicoes-de-compra\/","title":{"rendered":"Condi\u00e7\u00f5es de compra"},"content":{"rendered":"\n<h2 class=\"wp-block-heading\">Zonas de envio<\/h2>\n\n\n\n<p><strong>ZONA 1<\/strong>&nbsp;&#8211;&nbsp;Espanha (Pen\u00ednsula)<\/p>\n\n\n\n<p><strong>ZONA 2<\/strong>&nbsp;&#8211; Espanha  (Pen\u00ednsula e Baleares)<\/p>\n\n\n\n<p><strong>ZONA 3&nbsp;<\/strong>&#8211; Espanha (Ilhas Can\u00e1rias, Ceuta e Melilla)<\/p>\n\n\n\n<h2 class=\"wp-block-heading\">Tipos de envio<\/h2>\n\n\n\n<p><strong>ENVIO URGENTE:&nbsp;<\/strong>De 2 a 4 dias.&nbsp;<\/p>\n\n\n\n<p>Envio gr\u00e1tis a partir de 800 gramas (3 ou 4 livros).&nbsp;N\u00e3o costuma ocorrer, mas caso n\u00e3o tenhamos stock dispon\u00edvel, entraremos em contacto contigo para informar-te sobre uma nova data de entrega, ou para devolver-te o dinheiro. <\/p>\n\n\n\n<p>S\u00f3 em vigor para a&nbsp;<strong>ZONA 1<\/strong>&nbsp;&#8211;&nbsp;Espanha (Pen\u00ednsula)<\/p>\n\n\n\n<p>At\u00e9 500 grs.: 3,99\u20ac<\/p>\n\n\n\n<p>At\u00e9 800 grs.: 4,99\u20ac<\/p>\n\n\n\n<p>A partir de 800 grs.:&nbsp;<strong>Gr\u00e1tis!<\/strong><\/p>\n\n\n\n<p><strong>ENVIO ECON\u00d3MICO:<\/strong> Sem pre\u00e7a!<\/p>\n\n\n\n<p>Utilizamos os Correios, com o seu servi\u00e7o Poslibris.&nbsp;&nbsp;N\u00e3o utilizamos este servi\u00e7o para pacotes com mais de 500 gramas, visto que, nestes casos o carteiro n\u00e3o deixar\u00e1 a encomenda em tua casa e ter\u00e1s de ir buscar o pacote ao ponto dos correios.&nbsp; <\/p>\n\n\n\n<p>Pre\u00e7o \u00fanico: 0,99\u20ac<\/p>\n\n\n\n<p>Dispon\u00edvel em todas as Zonas.<\/p>\n\n\n\n<h2 class=\"wp-block-heading\">Tipos de impostos<\/h2>\n\n\n\n<p><strong>ZONA 1<\/strong>&nbsp;&#8211; Espanha (Pen\u00ednsula):&nbsp;<\/p>\n\n\n\n<p>Envio geral (21%) e super reduzido (4%) por artigo<\/p>\n\n\n\n<p><strong>ZONA 2<\/strong>&nbsp;&#8211; Espanha (Pen\u00ednsula e Baleares):&nbsp;<\/p>\n\n\n\n<p>Envio geral (21%) e reduzido (4%) por artigo<\/p>\n\n\n\n<p><strong>ZONA 3<\/strong>&nbsp;&#8211; Espanha (Ilhas Can\u00e1rias, Ceuta e Melilla):&nbsp;<\/p>\n\n\n\n<p>Zero<\/p>\n\n\n\n<h2 class=\"wp-block-heading\">Formas de pagamento<\/h2>\n\n\n\n<p><strong>1. Transfer\u00eancia banc\u00e1ria:<\/strong>&nbsp;Transfere o valor para a conta ES76 21001707 5402 0028 6247 de LA CAIXA, indicando o n\u00famero do pedido no conceito.&nbsp;Depois, envia-nos o comprovativo da transfer\u00eancia para o email info@babidibulibros.com de forma a acelerar o  processo, colocando no assunto:&nbsp;&#8220;Transfer\u00eancia Pedido Web N\u00ba __________&#8221;.<\/p>\n\n\n\n<p>Se no prazo de 3 dias \u00fateis n\u00e3o recebermos o recibo de pagamento por email (info@babidibulibros.com), o pedido ficar\u00e1 anulado de forma autom\u00e1tica.<\/p>\n\n\n\n<p><strong>2. Paypal:&nbsp;<\/strong>pagamento direto.<\/p>\n\n\n\n<h2 class=\"wp-block-heading\">Seguimento do pedido<\/h2>\n\n\n\n<p>Se tiveres alguma d\u00favida sobre o teu pedido ou quiseres comprovar o seu estado, podes ligar para o n\u00famero +34 912 665 684&nbsp;ou enviar um email para&nbsp;<a href=\"mailto:info@babidibulibros.com\">info@babidibulibros.com<\/a><\/p>\n\n\n\n<h2 class=\"wp-block-heading\">Pol\u00edtica de pre\u00e7os<\/h2>\n\n\n\n<p>Os pre\u00e7os indicados no cat\u00e1logo incluem o imposto reduzido aplic\u00e1vel aos livros.&nbsp;N\u00e3o incluel os custos de envio, estes ser\u00e3o mostrados no processo de confirma\u00e7\u00e3o da encomenda. <\/p>\n\n\n\n<h2 class=\"wp-block-heading\">Pol\u00edtica de reserva<\/h2>\n\n\n\n<p>Se quiseres reservar um livro que ainda n\u00e3o est\u00e1 dispon\u00edvel, mas que j\u00e1 tem o lan\u00e7amento planeado, liga-nos ou envia-nos um email. <\/p>\n\n\n\n<h2 class=\"wp-block-heading\">Seguran\u00e7a<\/h2>\n\n\n\n<p>Todo o procedimento de compra e transmiss\u00e3o de dados pessoais do cliente \u00e9 efetuado com garantia total de seguran\u00e7a e conficialidade, utilizando um protocolo HTTPS de conex\u00e3o segura. <\/p>\n","protected":false},"excerpt":{"rendered":"<p>Zonas de envio ZONA 1&nbsp;&#8211;&nbsp;Espanha (Pen\u00ednsula) ZONA 2&nbsp;&#8211; Espanha (Pen\u00ednsula e Baleares) ZONA 3&nbsp;&#8211; Espanha (Ilhas Can\u00e1rias, Ceuta e Melilla) [&hellip;]<\/p>\n","protected":false},"author":2119,"featured_media":0,"parent":0,"menu_order":144,"comment_status":"closed","ping_status":"closed","template":"","meta":{"_acf_changed":false,"content-type":"","footnotes":""},"class_list":["post-54899","page","type-page","status-publish","hentry"],"acf":[],"_links":{"self":[{"href":"https:\/\/www.babidibulibros.com\/pt-pt\/wp-json\/wp\/v2\/pages\/54899","targetHints":{"allow":["GET"]}}],"collection":[{"href":"https:\/\/www.babidibulibros.com\/pt-pt\/wp-json\/wp\/v2\/pages"}],"about":[{"href":"https:\/\/www.babidibulibros.com\/pt-pt\/wp-json\/wp\/v2\/types\/page"}],"author":[{"embeddable":true,"href":"https:\/\/www.babidibulibros.com\/pt-pt\/wp-json\/wp\/v2\/users\/2119"}],"replies":[{"embeddable":true,"href":"https:\/\/www.babidibulibros.com\/pt-pt\/wp-json\/wp\/v2\/comments?post=54899"}],"version-history":[{"count":3,"href":"https:\/\/www.babidibulibros.com\/pt-pt\/wp-json\/wp\/v2\/pages\/54899\/revisions"}],"predecessor-version":[{"id":60296,"href":"https:\/\/www.babidibulibros.com\/pt-pt\/wp-json\/wp\/v2\/pages\/54899\/revisions\/60296"}],"wp:attachment":[{"href":"https:\/\/www.babidibulibros.com\/pt-pt\/wp-json\/wp\/v2\/media?parent=54899"}],"curies":[{"name":"wp","href":"https:\/\/api.w.org\/{rel}","templated":true}]}}